{"id":10814,"date":"2021-04-09T15:42:23","date_gmt":"2021-04-09T13:42:23","guid":{"rendered":"https:\/\/www.edition-tawhid.com\/staging-site\/?post_type=product&#038;p=10814"},"modified":"2024-11-07T12:53:24","modified_gmt":"2024-11-07T11:53:24","slug":"les-beaux-noms-dallah","status":"publish","type":"product","link":"https:\/\/www.edition-tawhid.com\/staging-site\/produit\/les-beaux-noms-dallah\/","title":{"rendered":"Les Beaux Noms d&rsquo;Allah"},"content":{"rendered":"<p>Qu\u2019on ne s\u2019\u00e9tonne donc pas de la beaut\u00e9 et de la lumi\u00e8re qui jaillissent de la calligraphie arabe et de son emprise sur les regards de toutes origines, puisqu\u2019elle fonde, elle aussi, ses racines, son souffle et son \u00e2me du Saint Coran, Al-Qur\u2019\u00e2n. Ce livre C\u00e9leste, tout lumi\u00e8re, beaut\u00e9 et science, qui renferme l\u2019essentiel de la vie en paix, en bonheur et en intelligence de l\u2019\u00eatre humain sur terre. Un v\u00e9ritable chef-d\u2019oeuvre du Seigneur, miracle et tr\u00e9sor \u00e9ternel vivant.<\/p>\n<p>Dans ce beau voyage de c\u00e9l\u00e9bration, magistralement calligraphi\u00e9, la voie de l\u2019encre et du calame est une voie transcendante, elle est celle des <strong>Beaux Noms d\u2019Allah<\/strong>&#8230; La calligraphie arabe migre de sa forme originelle et s\u2019envole de ses consonnes apparentes et ses voyelles amoureuses pour t\u00e9moigner de la Supr\u00e9matie d\u2019Allah, salutaire et soumise, par ses lettres accord\u00e9es, se plie, se d\u00e9plie et se replie, comme les p\u00e9tales des fleurs sous les rayons du soleil. Arros\u00e9e d\u2019eau pure et aux mille et un parfums, ses lettres s\u2019entrelacent et se disposent dans une sorte d\u2019alchimie porteuse du beau et de bon sens et rentrent en symbiose dans la symphonie de l\u2019Univers.<\/p>\n<p>De droite \u00e0 gauche, les grains du chapelet, les \u00e9toiles autour du soleil, les p\u00e8lerins autour de la Ka\u2019ba, ceux qui sont dans les cieux et sur la terre, chantent et glorifient Allah, Al-Rahm\u00e2n, Al-Rah\u00eem, Al-Malik, Al-Qudd\u00fbs, Al-Sal\u00e2m, Al-Mu\u2019min, Al-Muhaymin, Al-\u2019Az\u00eez, Al-Jabb\u00e2r, Al-Mutakabbir&#8230; Le calame de Mahrez, avec son rythme dansant et ob\u00e9issant, dans une main po\u00e9tique et musicienne, tendue vers le ciel, remonte le temps, \u00e0 sa mani\u00e8re et ses figures de styles soutenues, jusqu\u2019\u00e0 la source et participe ainsi \u00e0 cette m\u00e9lodie luxuriante. Il inscrit et conserve, pour toujours, dans une monture pr\u00e9cieuse noble et \u00e9lev\u00e9e, parsem\u00e9e de diamant, \u00e9meraude, saphir, perle, corail, rubis, jade, turquoise, lazurite&#8230;, parfum\u00e9e au musc, o\u00fbd, ambre, encens, fleur d\u2019oranger, jasmin&#8230; les Sublimes <strong>Beaux Noms d\u2019Allah<\/strong> !<\/p>\n<p>&nbsp;<\/p>\n<p><em><strong>Mahrez Al-Andalusi<\/strong> Architecte dplg, peintre et calligraphe, vit \u00e0 Grenoble depuis 1985. Il est th\u00e9oricien des nouvelles architectures et grand po\u00e8te des lignes. La beaut\u00e9 est la cl\u00e9 de vo\u00fbte de ses travaux originaux qui ont apport\u00e9 un v\u00e9ritable enseignement artistique et p\u00e9dagogique et ont offert un beau sourire et une vraie palette de couleurs au monde et en particulier \u00e0 la France. Il instaure un dialogue de fond et trace avec son calame, parfum\u00e9 \u00e0 la fleur d\u2019oranger, un trait d \u2019union entre nos cultures et nos civilisations. Mahrez d\u2019origine andalouse, est le petit fils des b\u00e2tisseurs hors pair de l\u2019Alhambra de Granada, perle majestueuse et chef d\u2019oeuvre exceptionnel du patrimoine architectural et romantique mondial. L\u2019\u00e9cho in\u00e9branlable de cette civilisation grandiose de l \u2019Islam durant huit si\u00e8cles de l\u2019Espagne musulmane, du Portugal, de la France et de l \u2019Italie, Al-Andalus, et ses tr\u00e9sors culturels \u00e9ternels porteurs de notre progr\u00e8s, brillent au fond de sa m\u00e9moire et coulent dans ses veines. Ils continuent de r\u00e9sonner et font vibrer, \u00e0 jamais, nos coeurs et nos \u00e2mes. Mahrez vous fait savourer ces fruits et d\u00e9lices arros\u00e9s par les eaux vives de la Sierra Nevada, cueillis, andalousement, au Jardin du G\u00e9n\u00e9ralife, Jannat Al-\u2018Ar\u00eef, \u00e0 consommer sans mod\u00e9ration, pour faire face aux d\u00e9rives de notre \u00e9poque. Mahrez rend un grand hommage aux artistes du beau, \u00e0 ceux qui ont offert \u00e0 l \u2019humanit\u00e9 et \u00e0 notre plan\u00e8te tout l \u2019art de vivre et l \u2019espoir d \u2019un monde meilleur, vrai et juste.<\/em><\/p>\n","protected":false},"excerpt":{"rendered":"<p>Dans ce beau voyage de c\u00e9l\u00e9bration, magistralement calligraphi\u00e9, la voie de l\u2019encre et du calame est une voie transcendante, elle est celle des <strong>Beaux Noms d\u2019Allah<\/strong>&#8230; La calligraphie arabe migre de sa forme originelle et s\u2019envole de ses consonnes apparentes et ses voyelles amoureuses pour t\u00e9moigner de la Supr\u00e9matie d\u2019Allah, salutaire et soumise, par ses lettres accord\u00e9es, se plie, se d\u00e9plie et se replie, comme les p\u00e9tales des fleurs sous les rayons du soleil. Arros\u00e9e d\u2019eau pure et aux mille et un parfums, ses lettres s\u2019entrelacent et se disposent dans une sorte d\u2019alchimie porteuse du beau et de bon sens et rentrent en symbiose dans la symphonie de l\u2019Univers.<\/p>\n","protected":false},"featured_media":12504,"comment_status":"open","ping_status":"closed","template":"","meta":{"_acf_changed":false},"product_brand":[],"product_cat":[2524],"product_tag":[],"class_list":{"0":"post-10814","1":"product","2":"type-product","3":"status-publish","4":"has-post-thumbnail","6":"product_cat-spiritualite","7":"pa_book-author-mahrez-al-andalusi","9":"first","10":"instock","11":"taxable","12":"shipping-taxable","13":"purchasable","14":"product-type-variable","15":"has-default-attributes","16":"wvs-archive-product-wrapper"},"acf":[],"yoast_head":"<!-- This site is optimized with the Yoast SEO plugin v27.1.1 - https:\/\/yoast.com\/product\/yoast-seo-wordpress\/ -->\n<title>Les Beaux Noms d&#039;Allah - \u00c9ditions Tawhid<\/title>\n<meta name=\"robots\" content=\"noindex, follow, max-snippet:-1, max-image-preview:large, max-video-preview:-1\" \/>\n<meta property=\"og:locale\" content=\"fr_FR\" \/>\n<meta property=\"og:type\" content=\"article\" \/>\n<meta property=\"og:title\" content=\"Les Beaux Noms d&#039;Allah - \u00c9ditions Tawhid\" \/>\n<meta property=\"og:description\" content=\"Dans ce beau voyage de c\u00e9l\u00e9bration, magistralement calligraphi\u00e9, la voie de l\u2019encre et du calame est une voie transcendante, elle est celle des Beaux Noms d\u2019Allah... La calligraphie arabe migre de sa forme originelle et s\u2019envole de ses consonnes apparentes et ses voyelles amoureuses pour t\u00e9moigner de la Supr\u00e9matie d\u2019Allah, salutaire et soumise, par ses lettres accord\u00e9es, se plie, se d\u00e9plie et se replie, comme les p\u00e9tales des fleurs sous les rayons du soleil. Arros\u00e9e d\u2019eau pure et aux mille et un parfums, ses lettres s\u2019entrelacent et se disposent dans une sorte d\u2019alchimie porteuse du beau et de bon sens et rentrent en symbiose dans la symphonie de l\u2019Univers.\" \/>\n<meta property=\"og:url\" content=\"https:\/\/www.edition-tawhid.com\/staging-site\/produit\/les-beaux-noms-dallah\/\" \/>\n<meta property=\"og:site_name\" content=\"\u00c9ditions Tawhid\" \/>\n<meta property=\"article:publisher\" content=\"https:\/\/www.facebook.com\/editiontawhid\/\" \/>\n<meta property=\"article:modified_time\" content=\"2024-11-07T11:53:24+00:00\" \/>\n<meta property=\"og:image\" content=\"https:\/\/www.edition-tawhid.com\/staging-site\/wp-content\/uploads\/2021\/04\/beaux_noms_3_NEW.jpg\" \/>\n\t<meta property=\"og:image:width\" content=\"791\" \/>\n\t<meta property=\"og:image:height\" content=\"1024\" \/>\n\t<meta property=\"og:image:type\" content=\"image\/jpeg\" \/>\n<meta name=\"twitter:card\" content=\"summary_large_image\" \/>\n<meta name=\"twitter:label1\" content=\"Dur\u00e9e de lecture estim\u00e9e\" \/>\n\t<meta name=\"twitter:data1\" content=\"3 minutes\" \/>\n<script type=\"application\/ld+json\" class=\"yoast-schema-graph\">{\"@context\":\"https:\/\/schema.org\",\"@graph\":[{\"@type\":\"WebPage\",\"@id\":\"https:\/\/www.edition-tawhid.com\/staging-site\/produit\/les-beaux-noms-dallah\/\",\"url\":\"https:\/\/www.edition-tawhid.com\/staging-site\/produit\/les-beaux-noms-dallah\/\",\"name\":\"Les Beaux Noms d'Allah - \u00c9ditions Tawhid\",\"isPartOf\":{\"@id\":\"https:\/\/www.edition-tawhid.com\/staging-site\/#website\"},\"primaryImageOfPage\":{\"@id\":\"https:\/\/www.edition-tawhid.com\/staging-site\/produit\/les-beaux-noms-dallah\/#primaryimage\"},\"image\":{\"@id\":\"https:\/\/www.edition-tawhid.com\/staging-site\/produit\/les-beaux-noms-dallah\/#primaryimage\"},\"thumbnailUrl\":\"https:\/\/www.edition-tawhid.com\/staging-site\/wp-content\/uploads\/2021\/04\/beaux_noms_3_NEW.jpg\",\"datePublished\":\"2021-04-09T13:42:23+00:00\",\"dateModified\":\"2024-11-07T11:53:24+00:00\",\"breadcrumb\":{\"@id\":\"https:\/\/www.edition-tawhid.com\/staging-site\/produit\/les-beaux-noms-dallah\/#breadcrumb\"},\"inLanguage\":\"fr-FR\",\"potentialAction\":[{\"@type\":\"ReadAction\",\"target\":[\"https:\/\/www.edition-tawhid.com\/staging-site\/produit\/les-beaux-noms-dallah\/\"]}]},{\"@type\":\"ImageObject\",\"inLanguage\":\"fr-FR\",\"@id\":\"https:\/\/www.edition-tawhid.com\/staging-site\/produit\/les-beaux-noms-dallah\/#primaryimage\",\"url\":\"https:\/\/www.edition-tawhid.com\/staging-site\/wp-content\/uploads\/2021\/04\/beaux_noms_3_NEW.jpg\",\"contentUrl\":\"https:\/\/www.edition-tawhid.com\/staging-site\/wp-content\/uploads\/2021\/04\/beaux_noms_3_NEW.jpg\",\"width\":791,\"height\":1024,\"caption\":\"Les Beaux Noms d\u2019Allah\"},{\"@type\":\"BreadcrumbList\",\"@id\":\"https:\/\/www.edition-tawhid.com\/staging-site\/produit\/les-beaux-noms-dallah\/#breadcrumb\",\"itemListElement\":[{\"@type\":\"ListItem\",\"position\":1,\"name\":\"Accueil\",\"item\":\"https:\/\/www.edition-tawhid.com\/staging-site\/\"},{\"@type\":\"ListItem\",\"position\":2,\"name\":\"Tous nos livres\",\"item\":\"https:\/\/www.edition-tawhid.com\/staging-site\/tous-nos-livres\/\"},{\"@type\":\"ListItem\",\"position\":3,\"name\":\"Les Beaux Noms d&#8217;Allah\"}]},{\"@type\":\"WebSite\",\"@id\":\"https:\/\/www.edition-tawhid.com\/staging-site\/#website\",\"url\":\"https:\/\/www.edition-tawhid.com\/staging-site\/\",\"name\":\"\u00c9ditions Tawhid\",\"description\":\"Le sp\u00e9cialiste du livre islamique francophone\",\"publisher\":{\"@id\":\"https:\/\/www.edition-tawhid.com\/staging-site\/#organization\"},\"potentialAction\":[{\"@type\":\"SearchAction\",\"target\":{\"@type\":\"EntryPoint\",\"urlTemplate\":\"https:\/\/www.edition-tawhid.com\/staging-site\/?s={search_term_string}\"},\"query-input\":{\"@type\":\"PropertyValueSpecification\",\"valueRequired\":true,\"valueName\":\"search_term_string\"}}],\"inLanguage\":\"fr-FR\"},{\"@type\":\"Organization\",\"@id\":\"https:\/\/www.edition-tawhid.com\/staging-site\/#organization\",\"name\":\"Editions Tawhid\",\"url\":\"https:\/\/www.edition-tawhid.com\/staging-site\/\",\"logo\":{\"@type\":\"ImageObject\",\"inLanguage\":\"fr-FR\",\"@id\":\"https:\/\/www.edition-tawhid.com\/staging-site\/#\/schema\/logo\/image\/\",\"url\":\"https:\/\/www.edition-tawhid.com\/staging-site\/wp-content\/uploads\/2018\/12\/logo_noir_v1-01.png\",\"contentUrl\":\"https:\/\/www.edition-tawhid.com\/staging-site\/wp-content\/uploads\/2018\/12\/logo_noir_v1-01.png\",\"width\":80,\"height\":112,\"caption\":\"Editions Tawhid\"},\"image\":{\"@id\":\"https:\/\/www.edition-tawhid.com\/staging-site\/#\/schema\/logo\/image\/\"},\"sameAs\":[\"https:\/\/www.facebook.com\/editiontawhid\/\"]}]}<\/script>\n<!-- \/ Yoast SEO plugin. -->","yoast_head_json":{"title":"Les Beaux Noms d'Allah - \u00c9ditions Tawhid","robots":{"index":"noindex","follow":"follow","max-snippet":"max-snippet:-1","max-image-preview":"max-image-preview:large","max-video-preview":"max-video-preview:-1"},"og_locale":"fr_FR","og_type":"article","og_title":"Les Beaux Noms d'Allah - \u00c9ditions Tawhid","og_description":"Dans ce beau voyage de c\u00e9l\u00e9bration, magistralement calligraphi\u00e9, la voie de l\u2019encre et du calame est une voie transcendante, elle est celle des Beaux Noms d\u2019Allah... La calligraphie arabe migre de sa forme originelle et s\u2019envole de ses consonnes apparentes et ses voyelles amoureuses pour t\u00e9moigner de la Supr\u00e9matie d\u2019Allah, salutaire et soumise, par ses lettres accord\u00e9es, se plie, se d\u00e9plie et se replie, comme les p\u00e9tales des fleurs sous les rayons du soleil. Arros\u00e9e d\u2019eau pure et aux mille et un parfums, ses lettres s\u2019entrelacent et se disposent dans une sorte d\u2019alchimie porteuse du beau et de bon sens et rentrent en symbiose dans la symphonie de l\u2019Univers.","og_url":"https:\/\/www.edition-tawhid.com\/staging-site\/produit\/les-beaux-noms-dallah\/","og_site_name":"\u00c9ditions Tawhid","article_publisher":"https:\/\/www.facebook.com\/editiontawhid\/","article_modified_time":"2024-11-07T11:53:24+00:00","og_image":[{"width":791,"height":1024,"url":"https:\/\/www.edition-tawhid.com\/staging-site\/wp-content\/uploads\/2021\/04\/beaux_noms_3_NEW.jpg","type":"image\/jpeg"}],"twitter_card":"summary_large_image","twitter_misc":{"Dur\u00e9e de lecture estim\u00e9e":"3 minutes"},"schema":{"@context":"https:\/\/schema.org","@graph":[{"@type":"WebPage","@id":"https:\/\/www.edition-tawhid.com\/staging-site\/produit\/les-beaux-noms-dallah\/","url":"https:\/\/www.edition-tawhid.com\/staging-site\/produit\/les-beaux-noms-dallah\/","name":"Les Beaux Noms d'Allah - \u00c9ditions Tawhid","isPartOf":{"@id":"https:\/\/www.edition-tawhid.com\/staging-site\/#website"},"primaryImageOfPage":{"@id":"https:\/\/www.edition-tawhid.com\/staging-site\/produit\/les-beaux-noms-dallah\/#primaryimage"},"image":{"@id":"https:\/\/www.edition-tawhid.com\/staging-site\/produit\/les-beaux-noms-dallah\/#primaryimage"},"thumbnailUrl":"https:\/\/www.edition-tawhid.com\/staging-site\/wp-content\/uploads\/2021\/04\/beaux_noms_3_NEW.jpg","datePublished":"2021-04-09T13:42:23+00:00","dateModified":"2024-11-07T11:53:24+00:00","breadcrumb":{"@id":"https:\/\/www.edition-tawhid.com\/staging-site\/produit\/les-beaux-noms-dallah\/#breadcrumb"},"inLanguage":"fr-FR","potentialAction":[{"@type":"ReadAction","target":["https:\/\/www.edition-tawhid.com\/staging-site\/produit\/les-beaux-noms-dallah\/"]}]},{"@type":"ImageObject","inLanguage":"fr-FR","@id":"https:\/\/www.edition-tawhid.com\/staging-site\/produit\/les-beaux-noms-dallah\/#primaryimage","url":"https:\/\/www.edition-tawhid.com\/staging-site\/wp-content\/uploads\/2021\/04\/beaux_noms_3_NEW.jpg","contentUrl":"https:\/\/www.edition-tawhid.com\/staging-site\/wp-content\/uploads\/2021\/04\/beaux_noms_3_NEW.jpg","width":791,"height":1024,"caption":"Les Beaux Noms d\u2019Allah"},{"@type":"BreadcrumbList","@id":"https:\/\/www.edition-tawhid.com\/staging-site\/produit\/les-beaux-noms-dallah\/#breadcrumb","itemListElement":[{"@type":"ListItem","position":1,"name":"Accueil","item":"https:\/\/www.edition-tawhid.com\/staging-site\/"},{"@type":"ListItem","position":2,"name":"Tous nos livres","item":"https:\/\/www.edition-tawhid.com\/staging-site\/tous-nos-livres\/"},{"@type":"ListItem","position":3,"name":"Les Beaux Noms d&#8217;Allah"}]},{"@type":"WebSite","@id":"https:\/\/www.edition-tawhid.com\/staging-site\/#website","url":"https:\/\/www.edition-tawhid.com\/staging-site\/","name":"\u00c9ditions Tawhid","description":"Le sp\u00e9cialiste du livre islamique francophone","publisher":{"@id":"https:\/\/www.edition-tawhid.com\/staging-site\/#organization"},"potentialAction":[{"@type":"SearchAction","target":{"@type":"EntryPoint","urlTemplate":"https:\/\/www.edition-tawhid.com\/staging-site\/?s={search_term_string}"},"query-input":{"@type":"PropertyValueSpecification","valueRequired":true,"valueName":"search_term_string"}}],"inLanguage":"fr-FR"},{"@type":"Organization","@id":"https:\/\/www.edition-tawhid.com\/staging-site\/#organization","name":"Editions Tawhid","url":"https:\/\/www.edition-tawhid.com\/staging-site\/","logo":{"@type":"ImageObject","inLanguage":"fr-FR","@id":"https:\/\/www.edition-tawhid.com\/staging-site\/#\/schema\/logo\/image\/","url":"https:\/\/www.edition-tawhid.com\/staging-site\/wp-content\/uploads\/2018\/12\/logo_noir_v1-01.png","contentUrl":"https:\/\/www.edition-tawhid.com\/staging-site\/wp-content\/uploads\/2018\/12\/logo_noir_v1-01.png","width":80,"height":112,"caption":"Editions Tawhid"},"image":{"@id":"https:\/\/www.edition-tawhid.com\/staging-site\/#\/schema\/logo\/image\/"},"sameAs":["https:\/\/www.facebook.com\/editiontawhid\/"]}]}},"_links":{"self":[{"href":"https:\/\/www.edition-tawhid.com\/staging-site\/wp-json\/wp\/v2\/product\/10814","targetHints":{"allow":["GET"]}}],"collection":[{"href":"https:\/\/www.edition-tawhid.com\/staging-site\/wp-json\/wp\/v2\/product"}],"about":[{"href":"https:\/\/www.edition-tawhid.com\/staging-site\/wp-json\/wp\/v2\/types\/product"}],"replies":[{"embeddable":true,"href":"https:\/\/www.edition-tawhid.com\/staging-site\/wp-json\/wp\/v2\/comments?post=10814"}],"wp:featuredmedia":[{"embeddable":true,"href":"https:\/\/www.edition-tawhid.com\/staging-site\/wp-json\/wp\/v2\/media\/12504"}],"wp:attachment":[{"href":"https:\/\/www.edition-tawhid.com\/staging-site\/wp-json\/wp\/v2\/media?parent=10814"}],"wp:term":[{"taxonomy":"product_brand","embeddable":true,"href":"https:\/\/www.edition-tawhid.com\/staging-site\/wp-json\/wp\/v2\/product_brand?post=10814"},{"taxonomy":"product_cat","embeddable":true,"href":"https:\/\/www.edition-tawhid.com\/staging-site\/wp-json\/wp\/v2\/product_cat?post=10814"},{"taxonomy":"product_tag","embeddable":true,"href":"https:\/\/www.edition-tawhid.com\/staging-site\/wp-json\/wp\/v2\/product_tag?post=10814"}],"curies":[{"name":"wp","href":"https:\/\/api.w.org\/{rel}","templated":true}]}}