{"id":11003,"date":"2021-04-20T18:48:31","date_gmt":"2021-04-20T16:48:31","guid":{"rendered":"https:\/\/www.edition-tawhid.com\/staging-site\/?post_type=product&#038;p=11003"},"modified":"2021-09-20T18:37:57","modified_gmt":"2021-09-20T16:37:57","slug":"ma-petite-ardoise-des-lettres-arabes","status":"publish","type":"product","link":"https:\/\/www.edition-tawhid.com\/staging-site\/produit\/ma-petite-ardoise-des-lettres-arabes\/","title":{"rendered":"Ma petite ardoise des lettres arabes"},"content":{"rendered":"<p><strong>Ma petite ardoise des lettres arabes<\/strong> est un excellent support pour apprendre \u00e0 votre enfant \u00e0 \u00e9crire ses premi\u00e8res lettres arabes dans toutes ses graphies (initiale, m\u00e9diane, finale). Il pourra aussi apprendre \u00e0 les introduire en d\u00e9but, milieu et fin de mot.<\/p>\n<p><strong>Gr\u00e2ce au feutre effa\u00e7able<\/strong>, votre enfant pourra s&rsquo;entra\u00eener et recommencer autant de fois qu&rsquo;il le voudra.<\/p>\n<p><strong>De jolies illustrations<\/strong>, li\u00e9es \u00e0 l&rsquo;imaginaire de l&rsquo;enfant, l&rsquo;aideront \u00e0 associer le son \u00e0 la lettre \u00e9crite et au mot correspondant.<\/p>\n","protected":false},"excerpt":{"rendered":"<p><strong>Ma petite ardoise des lettres arabes<\/strong> est un excellent support pour apprendre \u00e0 votre enfant \u00e0 \u00e9crire ses premi\u00e8res lettres arabes dans toutes ses graphies (initiale, m\u00e9diane, finale). Il pourra aussi apprendre \u00e0 les introduire en d\u00e9but, milieu et fin de mot.<\/p>\n<p><strong>Gr\u00e2ce au feutre effa\u00e7able<\/strong>, votre enfant pourra s&rsquo;entra\u00eener et recommencer autant de fois qu&rsquo;il le voudra.<\/p>\n<p><strong>De jolies illustrations<\/strong>, li\u00e9es \u00e0 l&rsquo;imaginaire de l&rsquo;enfant, l&rsquo;aideront \u00e0 associer le son \u00e0 la lettre \u00e9crite et au mot correspondant.<\/p>\n","protected":false},"featured_media":12833,"comment_status":"open","ping_status":"closed","template":"","meta":{"_acf_changed":false},"product_brand":[],"product_cat":[2465],"product_tag":[],"class_list":{"0":"post-11003","1":"product","2":"type-product","3":"status-publish","4":"has-post-thumbnail","6":"product_cat-jeunesse","8":"first","9":"instock","10":"taxable","11":"shipping-taxable","12":"purchasable","13":"product-type-simple"},"acf":[],"yoast_head":"<!-- This site is optimized with the Yoast SEO plugin v27.1.1 - https:\/\/yoast.com\/product\/yoast-seo-wordpress\/ -->\n<title>Ma petite ardoise des lettres arabes - \u00c9ditions Tawhid<\/title>\n<meta name=\"robots\" content=\"noindex, follow, max-snippet:-1, max-image-preview:large, max-video-preview:-1\" \/>\n<meta property=\"og:locale\" content=\"fr_FR\" \/>\n<meta property=\"og:type\" content=\"article\" \/>\n<meta property=\"og:title\" content=\"Ma petite ardoise des lettres arabes - \u00c9ditions Tawhid\" \/>\n<meta property=\"og:description\" content=\"Ma petite ardoise des lettres arabes est un excellent support pour apprendre \u00e0 votre enfant \u00e0 \u00e9crire ses premi\u00e8res lettres arabes dans toutes ses graphies (initiale, m\u00e9diane, finale). Il pourra aussi apprendre \u00e0 les introduire en d\u00e9but, milieu et fin de mot.  Gr\u00e2ce au feutre effa\u00e7able, votre enfant pourra s&#039;entra\u00eener et recommencer autant de fois qu&#039;il le voudra.  De jolies illustrations, li\u00e9es \u00e0 l&#039;imaginaire de l&#039;enfant, l&#039;aideront \u00e0 associer le son \u00e0 la lettre \u00e9crite et au mot correspondant.\" \/>\n<meta property=\"og:url\" content=\"https:\/\/www.edition-tawhid.com\/staging-site\/produit\/ma-petite-ardoise-des-lettres-arabes\/\" \/>\n<meta property=\"og:site_name\" content=\"\u00c9ditions Tawhid\" \/>\n<meta property=\"article:publisher\" content=\"https:\/\/www.facebook.com\/editiontawhid\/\" \/>\n<meta property=\"article:modified_time\" content=\"2021-09-20T16:37:57+00:00\" \/>\n<meta property=\"og:image\" content=\"https:\/\/www.edition-tawhid.com\/staging-site\/wp-content\/uploads\/2021\/04\/petite_ardoise_1_NEW.jpg\" \/>\n\t<meta property=\"og:image:width\" content=\"791\" \/>\n\t<meta property=\"og:image:height\" content=\"1024\" \/>\n\t<meta property=\"og:image:type\" content=\"image\/jpeg\" \/>\n<meta name=\"twitter:card\" content=\"summary_large_image\" \/>\n<meta name=\"twitter:label1\" content=\"Dur\u00e9e de lecture estim\u00e9e\" \/>\n\t<meta name=\"twitter:data1\" content=\"1 minute\" \/>\n<script type=\"application\/ld+json\" class=\"yoast-schema-graph\">{\"@context\":\"https:\/\/schema.org\",\"@graph\":[{\"@type\":\"WebPage\",\"@id\":\"https:\/\/www.edition-tawhid.com\/staging-site\/produit\/ma-petite-ardoise-des-lettres-arabes\/\",\"url\":\"https:\/\/www.edition-tawhid.com\/staging-site\/produit\/ma-petite-ardoise-des-lettres-arabes\/\",\"name\":\"Ma petite ardoise des lettres arabes - \u00c9ditions Tawhid\",\"isPartOf\":{\"@id\":\"https:\/\/www.edition-tawhid.com\/staging-site\/#website\"},\"primaryImageOfPage\":{\"@id\":\"https:\/\/www.edition-tawhid.com\/staging-site\/produit\/ma-petite-ardoise-des-lettres-arabes\/#primaryimage\"},\"image\":{\"@id\":\"https:\/\/www.edition-tawhid.com\/staging-site\/produit\/ma-petite-ardoise-des-lettres-arabes\/#primaryimage\"},\"thumbnailUrl\":\"https:\/\/www.edition-tawhid.com\/staging-site\/wp-content\/uploads\/2021\/04\/petite_ardoise_1_NEW.jpg\",\"datePublished\":\"2021-04-20T16:48:31+00:00\",\"dateModified\":\"2021-09-20T16:37:57+00:00\",\"breadcrumb\":{\"@id\":\"https:\/\/www.edition-tawhid.com\/staging-site\/produit\/ma-petite-ardoise-des-lettres-arabes\/#breadcrumb\"},\"inLanguage\":\"fr-FR\",\"potentialAction\":[{\"@type\":\"ReadAction\",\"target\":[\"https:\/\/www.edition-tawhid.com\/staging-site\/produit\/ma-petite-ardoise-des-lettres-arabes\/\"]}]},{\"@type\":\"ImageObject\",\"inLanguage\":\"fr-FR\",\"@id\":\"https:\/\/www.edition-tawhid.com\/staging-site\/produit\/ma-petite-ardoise-des-lettres-arabes\/#primaryimage\",\"url\":\"https:\/\/www.edition-tawhid.com\/staging-site\/wp-content\/uploads\/2021\/04\/petite_ardoise_1_NEW.jpg\",\"contentUrl\":\"https:\/\/www.edition-tawhid.com\/staging-site\/wp-content\/uploads\/2021\/04\/petite_ardoise_1_NEW.jpg\",\"width\":791,\"height\":1024},{\"@type\":\"BreadcrumbList\",\"@id\":\"https:\/\/www.edition-tawhid.com\/staging-site\/produit\/ma-petite-ardoise-des-lettres-arabes\/#breadcrumb\",\"itemListElement\":[{\"@type\":\"ListItem\",\"position\":1,\"name\":\"Accueil\",\"item\":\"https:\/\/www.edition-tawhid.com\/staging-site\/\"},{\"@type\":\"ListItem\",\"position\":2,\"name\":\"Tous nos livres\",\"item\":\"https:\/\/www.edition-tawhid.com\/staging-site\/tous-nos-livres\/\"},{\"@type\":\"ListItem\",\"position\":3,\"name\":\"Ma petite ardoise des lettres arabes\"}]},{\"@type\":\"WebSite\",\"@id\":\"https:\/\/www.edition-tawhid.com\/staging-site\/#website\",\"url\":\"https:\/\/www.edition-tawhid.com\/staging-site\/\",\"name\":\"\u00c9ditions Tawhid\",\"description\":\"Le sp\u00e9cialiste du livre islamique francophone\",\"publisher\":{\"@id\":\"https:\/\/www.edition-tawhid.com\/staging-site\/#organization\"},\"potentialAction\":[{\"@type\":\"SearchAction\",\"target\":{\"@type\":\"EntryPoint\",\"urlTemplate\":\"https:\/\/www.edition-tawhid.com\/staging-site\/?s={search_term_string}\"},\"query-input\":{\"@type\":\"PropertyValueSpecification\",\"valueRequired\":true,\"valueName\":\"search_term_string\"}}],\"inLanguage\":\"fr-FR\"},{\"@type\":\"Organization\",\"@id\":\"https:\/\/www.edition-tawhid.com\/staging-site\/#organization\",\"name\":\"Editions Tawhid\",\"url\":\"https:\/\/www.edition-tawhid.com\/staging-site\/\",\"logo\":{\"@type\":\"ImageObject\",\"inLanguage\":\"fr-FR\",\"@id\":\"https:\/\/www.edition-tawhid.com\/staging-site\/#\/schema\/logo\/image\/\",\"url\":\"https:\/\/www.edition-tawhid.com\/staging-site\/wp-content\/uploads\/2018\/12\/logo_noir_v1-01.png\",\"contentUrl\":\"https:\/\/www.edition-tawhid.com\/staging-site\/wp-content\/uploads\/2018\/12\/logo_noir_v1-01.png\",\"width\":80,\"height\":112,\"caption\":\"Editions Tawhid\"},\"image\":{\"@id\":\"https:\/\/www.edition-tawhid.com\/staging-site\/#\/schema\/logo\/image\/\"},\"sameAs\":[\"https:\/\/www.facebook.com\/editiontawhid\/\"]}]}<\/script>\n<!-- \/ Yoast SEO plugin. -->","yoast_head_json":{"title":"Ma petite ardoise des lettres arabes - \u00c9ditions Tawhid","robots":{"index":"noindex","follow":"follow","max-snippet":"max-snippet:-1","max-image-preview":"max-image-preview:large","max-video-preview":"max-video-preview:-1"},"og_locale":"fr_FR","og_type":"article","og_title":"Ma petite ardoise des lettres arabes - \u00c9ditions Tawhid","og_description":"Ma petite ardoise des lettres arabes est un excellent support pour apprendre \u00e0 votre enfant \u00e0 \u00e9crire ses premi\u00e8res lettres arabes dans toutes ses graphies (initiale, m\u00e9diane, finale). Il pourra aussi apprendre \u00e0 les introduire en d\u00e9but, milieu et fin de mot.  Gr\u00e2ce au feutre effa\u00e7able, votre enfant pourra s'entra\u00eener et recommencer autant de fois qu'il le voudra.  De jolies illustrations, li\u00e9es \u00e0 l'imaginaire de l'enfant, l'aideront \u00e0 associer le son \u00e0 la lettre \u00e9crite et au mot correspondant.","og_url":"https:\/\/www.edition-tawhid.com\/staging-site\/produit\/ma-petite-ardoise-des-lettres-arabes\/","og_site_name":"\u00c9ditions Tawhid","article_publisher":"https:\/\/www.facebook.com\/editiontawhid\/","article_modified_time":"2021-09-20T16:37:57+00:00","og_image":[{"width":791,"height":1024,"url":"https:\/\/www.edition-tawhid.com\/staging-site\/wp-content\/uploads\/2021\/04\/petite_ardoise_1_NEW.jpg","type":"image\/jpeg"}],"twitter_card":"summary_large_image","twitter_misc":{"Dur\u00e9e de lecture estim\u00e9e":"1 minute"},"schema":{"@context":"https:\/\/schema.org","@graph":[{"@type":"WebPage","@id":"https:\/\/www.edition-tawhid.com\/staging-site\/produit\/ma-petite-ardoise-des-lettres-arabes\/","url":"https:\/\/www.edition-tawhid.com\/staging-site\/produit\/ma-petite-ardoise-des-lettres-arabes\/","name":"Ma petite ardoise des lettres arabes - \u00c9ditions Tawhid","isPartOf":{"@id":"https:\/\/www.edition-tawhid.com\/staging-site\/#website"},"primaryImageOfPage":{"@id":"https:\/\/www.edition-tawhid.com\/staging-site\/produit\/ma-petite-ardoise-des-lettres-arabes\/#primaryimage"},"image":{"@id":"https:\/\/www.edition-tawhid.com\/staging-site\/produit\/ma-petite-ardoise-des-lettres-arabes\/#primaryimage"},"thumbnailUrl":"https:\/\/www.edition-tawhid.com\/staging-site\/wp-content\/uploads\/2021\/04\/petite_ardoise_1_NEW.jpg","datePublished":"2021-04-20T16:48:31+00:00","dateModified":"2021-09-20T16:37:57+00:00","breadcrumb":{"@id":"https:\/\/www.edition-tawhid.com\/staging-site\/produit\/ma-petite-ardoise-des-lettres-arabes\/#breadcrumb"},"inLanguage":"fr-FR","potentialAction":[{"@type":"ReadAction","target":["https:\/\/www.edition-tawhid.com\/staging-site\/produit\/ma-petite-ardoise-des-lettres-arabes\/"]}]},{"@type":"ImageObject","inLanguage":"fr-FR","@id":"https:\/\/www.edition-tawhid.com\/staging-site\/produit\/ma-petite-ardoise-des-lettres-arabes\/#primaryimage","url":"https:\/\/www.edition-tawhid.com\/staging-site\/wp-content\/uploads\/2021\/04\/petite_ardoise_1_NEW.jpg","contentUrl":"https:\/\/www.edition-tawhid.com\/staging-site\/wp-content\/uploads\/2021\/04\/petite_ardoise_1_NEW.jpg","width":791,"height":1024},{"@type":"BreadcrumbList","@id":"https:\/\/www.edition-tawhid.com\/staging-site\/produit\/ma-petite-ardoise-des-lettres-arabes\/#breadcrumb","itemListElement":[{"@type":"ListItem","position":1,"name":"Accueil","item":"https:\/\/www.edition-tawhid.com\/staging-site\/"},{"@type":"ListItem","position":2,"name":"Tous nos livres","item":"https:\/\/www.edition-tawhid.com\/staging-site\/tous-nos-livres\/"},{"@type":"ListItem","position":3,"name":"Ma petite ardoise des lettres arabes"}]},{"@type":"WebSite","@id":"https:\/\/www.edition-tawhid.com\/staging-site\/#website","url":"https:\/\/www.edition-tawhid.com\/staging-site\/","name":"\u00c9ditions Tawhid","description":"Le sp\u00e9cialiste du livre islamique francophone","publisher":{"@id":"https:\/\/www.edition-tawhid.com\/staging-site\/#organization"},"potentialAction":[{"@type":"SearchAction","target":{"@type":"EntryPoint","urlTemplate":"https:\/\/www.edition-tawhid.com\/staging-site\/?s={search_term_string}"},"query-input":{"@type":"PropertyValueSpecification","valueRequired":true,"valueName":"search_term_string"}}],"inLanguage":"fr-FR"},{"@type":"Organization","@id":"https:\/\/www.edition-tawhid.com\/staging-site\/#organization","name":"Editions Tawhid","url":"https:\/\/www.edition-tawhid.com\/staging-site\/","logo":{"@type":"ImageObject","inLanguage":"fr-FR","@id":"https:\/\/www.edition-tawhid.com\/staging-site\/#\/schema\/logo\/image\/","url":"https:\/\/www.edition-tawhid.com\/staging-site\/wp-content\/uploads\/2018\/12\/logo_noir_v1-01.png","contentUrl":"https:\/\/www.edition-tawhid.com\/staging-site\/wp-content\/uploads\/2018\/12\/logo_noir_v1-01.png","width":80,"height":112,"caption":"Editions Tawhid"},"image":{"@id":"https:\/\/www.edition-tawhid.com\/staging-site\/#\/schema\/logo\/image\/"},"sameAs":["https:\/\/www.facebook.com\/editiontawhid\/"]}]}},"_links":{"self":[{"href":"https:\/\/www.edition-tawhid.com\/staging-site\/wp-json\/wp\/v2\/product\/11003","targetHints":{"allow":["GET"]}}],"collection":[{"href":"https:\/\/www.edition-tawhid.com\/staging-site\/wp-json\/wp\/v2\/product"}],"about":[{"href":"https:\/\/www.edition-tawhid.com\/staging-site\/wp-json\/wp\/v2\/types\/product"}],"replies":[{"embeddable":true,"href":"https:\/\/www.edition-tawhid.com\/staging-site\/wp-json\/wp\/v2\/comments?post=11003"}],"wp:featuredmedia":[{"embeddable":true,"href":"https:\/\/www.edition-tawhid.com\/staging-site\/wp-json\/wp\/v2\/media\/12833"}],"wp:attachment":[{"href":"https:\/\/www.edition-tawhid.com\/staging-site\/wp-json\/wp\/v2\/media?parent=11003"}],"wp:term":[{"taxonomy":"product_brand","embeddable":true,"href":"https:\/\/www.edition-tawhid.com\/staging-site\/wp-json\/wp\/v2\/product_brand?post=11003"},{"taxonomy":"product_cat","embeddable":true,"href":"https:\/\/www.edition-tawhid.com\/staging-site\/wp-json\/wp\/v2\/product_cat?post=11003"},{"taxonomy":"product_tag","embeddable":true,"href":"https:\/\/www.edition-tawhid.com\/staging-site\/wp-json\/wp\/v2\/product_tag?post=11003"}],"curies":[{"name":"wp","href":"https:\/\/api.w.org\/{rel}","templated":true}]}}