{"id":13099,"date":"2021-09-28T18:16:18","date_gmt":"2021-09-28T16:16:18","guid":{"rendered":"https:\/\/www.edition-tawhid.com\/staging-site\/?post_type=product&#038;p=13099"},"modified":"2025-02-14T12:20:18","modified_gmt":"2025-02-14T11:20:18","slug":"tafsir-commentaire-du-coran-3-tomes","status":"publish","type":"product","link":"https:\/\/www.edition-tawhid.com\/staging-site\/produit\/tafsir-commentaire-du-coran-3-tomes\/","title":{"rendered":"Tafs\u00eer <br\/>Le laurier de l&rsquo;ex\u00e9g\u00e8se coranique <br\/>(3 tomes)"},"content":{"rendered":"<p>Le laurier de l\u2019ex\u00e9g\u00e8se coranique est un ouvrage de synth\u00e8se en 3 tomes des principaux commentaires arabes du Coran. En l\u2019occurrence les commentaires du Coran d\u2019At-Tabar\u00ee, Al-Qurtub\u00ee, Ibn Kath\u00eer, Al-Baghaw\u00ee, Al-Bayd\u00e2w\u00ee, Al-M\u00e2ward\u00ee, Ar-R\u00e2z\u00ee, Al-Fayr\u00fbz \u00c2b\u00e2d\u00ee, Al-Jal\u00e2layn. Et, pour les auteurs contemporains ceux d\u2019Ibn \u2018\u00c2sh\u00fbr, Al-All\u00fbs\u00ee, As-S\u00e2b\u00fbn\u00ee et Az-Zuhayl\u00ee.<\/p>\n<p>L\u2019ex\u00e9g\u00e8se y est abord\u00e9e sous tous ses aspects : \u00e9tymologie des mots, syntaxe grammaticale, fiabilit\u00e9 des hadiths, divergences d\u2019opinion, de lecture, etc. Le lecteur francophone n\u2019\u00e9tant pas toujours exerc\u00e9 \u00e0 la pratique de ces disciplines, nous n\u2019avons retenu de ces commentaires que ce qui est utile \u00e0 la compr\u00e9hension du sens des versets, d\u2019o\u00f9 la diversit\u00e9 des auteurs.<\/p>\n","protected":false},"excerpt":{"rendered":"<p>Le laurier de l\u2019ex\u00e9g\u00e8se coranique est un ouvrage de synth\u00e8se en 3 tomes des principaux commentaires arabes du Coran (At-Tabar\u00ee, Al-Qurtub\u00ee, Ibn Kath\u00eer, Al-Bayd\u00e2w\u00ee, Ar-R\u00e2z\u00ee, etc.). L\u2019ex\u00e9g\u00e8se y est abord\u00e9e sous tous ses aspects : \u00e9tymologie des mots, syntaxe grammaticale, fiabilit\u00e9 des hadiths, divergences d\u2019opinion, de lecture, etc.<\/p>\n","protected":false},"featured_media":13103,"comment_status":"open","ping_status":"closed","template":"","meta":{"_acf_changed":false},"product_brand":[],"product_cat":[2539],"product_tag":[],"class_list":{"0":"post-13099","1":"product","2":"type-product","3":"status-publish","4":"has-post-thumbnail","6":"product_cat-coran","7":"pa_book-author-mohamed-benchili","9":"first","10":"instock","11":"featured","12":"taxable","13":"shipping-taxable","14":"purchasable","15":"product-type-simple"},"acf":[],"yoast_head":"<!-- This site is optimized with the Yoast SEO plugin v27.1.1 - https:\/\/yoast.com\/product\/yoast-seo-wordpress\/ -->\n<title>Tafs\u00eer Le laurier de l&#039;ex\u00e9g\u00e8se coranique (3 tomes) - \u00c9ditions Tawhid<\/title>\n<meta name=\"robots\" content=\"noindex, follow, max-snippet:-1, max-image-preview:large, max-video-preview:-1\" \/>\n<meta property=\"og:locale\" content=\"fr_FR\" \/>\n<meta property=\"og:type\" content=\"article\" \/>\n<meta property=\"og:title\" content=\"Tafs\u00eer Le laurier de l&#039;ex\u00e9g\u00e8se coranique (3 tomes) - \u00c9ditions Tawhid\" \/>\n<meta property=\"og:description\" content=\"Le laurier de l\u2019ex\u00e9g\u00e8se coranique est un ouvrage de synth\u00e8se en 3 tomes des principaux commentaires arabes du Coran (At-Tabar\u00ee, Al-Qurtub\u00ee, Ibn Kath\u00eer, Al-Bayd\u00e2w\u00ee, Ar-R\u00e2z\u00ee, etc.). L\u2019ex\u00e9g\u00e8se y est abord\u00e9e sous tous ses aspects : \u00e9tymologie des mots, syntaxe grammaticale, fiabilit\u00e9 des hadiths, divergences d\u2019opinion, de lecture, etc.\" \/>\n<meta property=\"og:url\" content=\"https:\/\/www.edition-tawhid.com\/staging-site\/produit\/tafsir-commentaire-du-coran-3-tomes\/\" \/>\n<meta property=\"og:site_name\" content=\"\u00c9ditions Tawhid\" \/>\n<meta property=\"article:publisher\" content=\"https:\/\/www.facebook.com\/editiontawhid\/\" \/>\n<meta property=\"article:modified_time\" content=\"2025-02-14T11:20:18+00:00\" \/>\n<meta property=\"og:image\" content=\"https:\/\/www.edition-tawhid.com\/staging-site\/wp-content\/uploads\/2021\/09\/pack_tafsir_1_v1.jpg\" \/>\n\t<meta property=\"og:image:width\" content=\"791\" \/>\n\t<meta property=\"og:image:height\" content=\"1024\" \/>\n\t<meta property=\"og:image:type\" content=\"image\/jpeg\" \/>\n<meta name=\"twitter:card\" content=\"summary_large_image\" \/>\n<meta name=\"twitter:label1\" content=\"Dur\u00e9e de lecture estim\u00e9e\" \/>\n\t<meta name=\"twitter:data1\" content=\"1 minute\" \/>\n<script type=\"application\/ld+json\" class=\"yoast-schema-graph\">{\"@context\":\"https:\/\/schema.org\",\"@graph\":[{\"@type\":\"WebPage\",\"@id\":\"https:\/\/www.edition-tawhid.com\/staging-site\/produit\/tafsir-commentaire-du-coran-3-tomes\/\",\"url\":\"https:\/\/www.edition-tawhid.com\/staging-site\/produit\/tafsir-commentaire-du-coran-3-tomes\/\",\"name\":\"Tafs\u00eer Le laurier de l'ex\u00e9g\u00e8se coranique (3 tomes) - \u00c9ditions Tawhid\",\"isPartOf\":{\"@id\":\"https:\/\/www.edition-tawhid.com\/staging-site\/#website\"},\"primaryImageOfPage\":{\"@id\":\"https:\/\/www.edition-tawhid.com\/staging-site\/produit\/tafsir-commentaire-du-coran-3-tomes\/#primaryimage\"},\"image\":{\"@id\":\"https:\/\/www.edition-tawhid.com\/staging-site\/produit\/tafsir-commentaire-du-coran-3-tomes\/#primaryimage\"},\"thumbnailUrl\":\"https:\/\/www.edition-tawhid.com\/staging-site\/wp-content\/uploads\/2021\/09\/pack_tafsir_1_v1.jpg\",\"datePublished\":\"2021-09-28T16:16:18+00:00\",\"dateModified\":\"2025-02-14T11:20:18+00:00\",\"breadcrumb\":{\"@id\":\"https:\/\/www.edition-tawhid.com\/staging-site\/produit\/tafsir-commentaire-du-coran-3-tomes\/#breadcrumb\"},\"inLanguage\":\"fr-FR\",\"potentialAction\":[{\"@type\":\"ReadAction\",\"target\":[\"https:\/\/www.edition-tawhid.com\/staging-site\/produit\/tafsir-commentaire-du-coran-3-tomes\/\"]}]},{\"@type\":\"ImageObject\",\"inLanguage\":\"fr-FR\",\"@id\":\"https:\/\/www.edition-tawhid.com\/staging-site\/produit\/tafsir-commentaire-du-coran-3-tomes\/#primaryimage\",\"url\":\"https:\/\/www.edition-tawhid.com\/staging-site\/wp-content\/uploads\/2021\/09\/pack_tafsir_1_v1.jpg\",\"contentUrl\":\"https:\/\/www.edition-tawhid.com\/staging-site\/wp-content\/uploads\/2021\/09\/pack_tafsir_1_v1.jpg\",\"width\":791,\"height\":1024,\"caption\":\"Tafs\u00eer\"},{\"@type\":\"BreadcrumbList\",\"@id\":\"https:\/\/www.edition-tawhid.com\/staging-site\/produit\/tafsir-commentaire-du-coran-3-tomes\/#breadcrumb\",\"itemListElement\":[{\"@type\":\"ListItem\",\"position\":1,\"name\":\"Accueil\",\"item\":\"https:\/\/www.edition-tawhid.com\/staging-site\/\"},{\"@type\":\"ListItem\",\"position\":2,\"name\":\"Tous nos livres\",\"item\":\"https:\/\/www.edition-tawhid.com\/staging-site\/tous-nos-livres\/\"},{\"@type\":\"ListItem\",\"position\":3,\"name\":\"Tafs\u00eer Le laurier de l&#8217;ex\u00e9g\u00e8se coranique (3 tomes)\"}]},{\"@type\":\"WebSite\",\"@id\":\"https:\/\/www.edition-tawhid.com\/staging-site\/#website\",\"url\":\"https:\/\/www.edition-tawhid.com\/staging-site\/\",\"name\":\"\u00c9ditions Tawhid\",\"description\":\"Le sp\u00e9cialiste du livre islamique francophone\",\"publisher\":{\"@id\":\"https:\/\/www.edition-tawhid.com\/staging-site\/#organization\"},\"potentialAction\":[{\"@type\":\"SearchAction\",\"target\":{\"@type\":\"EntryPoint\",\"urlTemplate\":\"https:\/\/www.edition-tawhid.com\/staging-site\/?s={search_term_string}\"},\"query-input\":{\"@type\":\"PropertyValueSpecification\",\"valueRequired\":true,\"valueName\":\"search_term_string\"}}],\"inLanguage\":\"fr-FR\"},{\"@type\":\"Organization\",\"@id\":\"https:\/\/www.edition-tawhid.com\/staging-site\/#organization\",\"name\":\"Editions Tawhid\",\"url\":\"https:\/\/www.edition-tawhid.com\/staging-site\/\",\"logo\":{\"@type\":\"ImageObject\",\"inLanguage\":\"fr-FR\",\"@id\":\"https:\/\/www.edition-tawhid.com\/staging-site\/#\/schema\/logo\/image\/\",\"url\":\"https:\/\/www.edition-tawhid.com\/staging-site\/wp-content\/uploads\/2018\/12\/logo_noir_v1-01.png\",\"contentUrl\":\"https:\/\/www.edition-tawhid.com\/staging-site\/wp-content\/uploads\/2018\/12\/logo_noir_v1-01.png\",\"width\":80,\"height\":112,\"caption\":\"Editions Tawhid\"},\"image\":{\"@id\":\"https:\/\/www.edition-tawhid.com\/staging-site\/#\/schema\/logo\/image\/\"},\"sameAs\":[\"https:\/\/www.facebook.com\/editiontawhid\/\"]}]}<\/script>\n<!-- \/ Yoast SEO plugin. -->","yoast_head_json":{"title":"Tafs\u00eer Le laurier de l'ex\u00e9g\u00e8se coranique (3 tomes) - \u00c9ditions Tawhid","robots":{"index":"noindex","follow":"follow","max-snippet":"max-snippet:-1","max-image-preview":"max-image-preview:large","max-video-preview":"max-video-preview:-1"},"og_locale":"fr_FR","og_type":"article","og_title":"Tafs\u00eer Le laurier de l'ex\u00e9g\u00e8se coranique (3 tomes) - \u00c9ditions Tawhid","og_description":"Le laurier de l\u2019ex\u00e9g\u00e8se coranique est un ouvrage de synth\u00e8se en 3 tomes des principaux commentaires arabes du Coran (At-Tabar\u00ee, Al-Qurtub\u00ee, Ibn Kath\u00eer, Al-Bayd\u00e2w\u00ee, Ar-R\u00e2z\u00ee, etc.). L\u2019ex\u00e9g\u00e8se y est abord\u00e9e sous tous ses aspects : \u00e9tymologie des mots, syntaxe grammaticale, fiabilit\u00e9 des hadiths, divergences d\u2019opinion, de lecture, etc.","og_url":"https:\/\/www.edition-tawhid.com\/staging-site\/produit\/tafsir-commentaire-du-coran-3-tomes\/","og_site_name":"\u00c9ditions Tawhid","article_publisher":"https:\/\/www.facebook.com\/editiontawhid\/","article_modified_time":"2025-02-14T11:20:18+00:00","og_image":[{"width":791,"height":1024,"url":"https:\/\/www.edition-tawhid.com\/staging-site\/wp-content\/uploads\/2021\/09\/pack_tafsir_1_v1.jpg","type":"image\/jpeg"}],"twitter_card":"summary_large_image","twitter_misc":{"Dur\u00e9e de lecture estim\u00e9e":"1 minute"},"schema":{"@context":"https:\/\/schema.org","@graph":[{"@type":"WebPage","@id":"https:\/\/www.edition-tawhid.com\/staging-site\/produit\/tafsir-commentaire-du-coran-3-tomes\/","url":"https:\/\/www.edition-tawhid.com\/staging-site\/produit\/tafsir-commentaire-du-coran-3-tomes\/","name":"Tafs\u00eer Le laurier de l'ex\u00e9g\u00e8se coranique (3 tomes) - \u00c9ditions Tawhid","isPartOf":{"@id":"https:\/\/www.edition-tawhid.com\/staging-site\/#website"},"primaryImageOfPage":{"@id":"https:\/\/www.edition-tawhid.com\/staging-site\/produit\/tafsir-commentaire-du-coran-3-tomes\/#primaryimage"},"image":{"@id":"https:\/\/www.edition-tawhid.com\/staging-site\/produit\/tafsir-commentaire-du-coran-3-tomes\/#primaryimage"},"thumbnailUrl":"https:\/\/www.edition-tawhid.com\/staging-site\/wp-content\/uploads\/2021\/09\/pack_tafsir_1_v1.jpg","datePublished":"2021-09-28T16:16:18+00:00","dateModified":"2025-02-14T11:20:18+00:00","breadcrumb":{"@id":"https:\/\/www.edition-tawhid.com\/staging-site\/produit\/tafsir-commentaire-du-coran-3-tomes\/#breadcrumb"},"inLanguage":"fr-FR","potentialAction":[{"@type":"ReadAction","target":["https:\/\/www.edition-tawhid.com\/staging-site\/produit\/tafsir-commentaire-du-coran-3-tomes\/"]}]},{"@type":"ImageObject","inLanguage":"fr-FR","@id":"https:\/\/www.edition-tawhid.com\/staging-site\/produit\/tafsir-commentaire-du-coran-3-tomes\/#primaryimage","url":"https:\/\/www.edition-tawhid.com\/staging-site\/wp-content\/uploads\/2021\/09\/pack_tafsir_1_v1.jpg","contentUrl":"https:\/\/www.edition-tawhid.com\/staging-site\/wp-content\/uploads\/2021\/09\/pack_tafsir_1_v1.jpg","width":791,"height":1024,"caption":"Tafs\u00eer"},{"@type":"BreadcrumbList","@id":"https:\/\/www.edition-tawhid.com\/staging-site\/produit\/tafsir-commentaire-du-coran-3-tomes\/#breadcrumb","itemListElement":[{"@type":"ListItem","position":1,"name":"Accueil","item":"https:\/\/www.edition-tawhid.com\/staging-site\/"},{"@type":"ListItem","position":2,"name":"Tous nos livres","item":"https:\/\/www.edition-tawhid.com\/staging-site\/tous-nos-livres\/"},{"@type":"ListItem","position":3,"name":"Tafs\u00eer Le laurier de l&#8217;ex\u00e9g\u00e8se coranique (3 tomes)"}]},{"@type":"WebSite","@id":"https:\/\/www.edition-tawhid.com\/staging-site\/#website","url":"https:\/\/www.edition-tawhid.com\/staging-site\/","name":"\u00c9ditions Tawhid","description":"Le sp\u00e9cialiste du livre islamique francophone","publisher":{"@id":"https:\/\/www.edition-tawhid.com\/staging-site\/#organization"},"potentialAction":[{"@type":"SearchAction","target":{"@type":"EntryPoint","urlTemplate":"https:\/\/www.edition-tawhid.com\/staging-site\/?s={search_term_string}"},"query-input":{"@type":"PropertyValueSpecification","valueRequired":true,"valueName":"search_term_string"}}],"inLanguage":"fr-FR"},{"@type":"Organization","@id":"https:\/\/www.edition-tawhid.com\/staging-site\/#organization","name":"Editions Tawhid","url":"https:\/\/www.edition-tawhid.com\/staging-site\/","logo":{"@type":"ImageObject","inLanguage":"fr-FR","@id":"https:\/\/www.edition-tawhid.com\/staging-site\/#\/schema\/logo\/image\/","url":"https:\/\/www.edition-tawhid.com\/staging-site\/wp-content\/uploads\/2018\/12\/logo_noir_v1-01.png","contentUrl":"https:\/\/www.edition-tawhid.com\/staging-site\/wp-content\/uploads\/2018\/12\/logo_noir_v1-01.png","width":80,"height":112,"caption":"Editions Tawhid"},"image":{"@id":"https:\/\/www.edition-tawhid.com\/staging-site\/#\/schema\/logo\/image\/"},"sameAs":["https:\/\/www.facebook.com\/editiontawhid\/"]}]}},"_links":{"self":[{"href":"https:\/\/www.edition-tawhid.com\/staging-site\/wp-json\/wp\/v2\/product\/13099","targetHints":{"allow":["GET"]}}],"collection":[{"href":"https:\/\/www.edition-tawhid.com\/staging-site\/wp-json\/wp\/v2\/product"}],"about":[{"href":"https:\/\/www.edition-tawhid.com\/staging-site\/wp-json\/wp\/v2\/types\/product"}],"replies":[{"embeddable":true,"href":"https:\/\/www.edition-tawhid.com\/staging-site\/wp-json\/wp\/v2\/comments?post=13099"}],"wp:featuredmedia":[{"embeddable":true,"href":"https:\/\/www.edition-tawhid.com\/staging-site\/wp-json\/wp\/v2\/media\/13103"}],"wp:attachment":[{"href":"https:\/\/www.edition-tawhid.com\/staging-site\/wp-json\/wp\/v2\/media?parent=13099"}],"wp:term":[{"taxonomy":"product_brand","embeddable":true,"href":"https:\/\/www.edition-tawhid.com\/staging-site\/wp-json\/wp\/v2\/product_brand?post=13099"},{"taxonomy":"product_cat","embeddable":true,"href":"https:\/\/www.edition-tawhid.com\/staging-site\/wp-json\/wp\/v2\/product_cat?post=13099"},{"taxonomy":"product_tag","embeddable":true,"href":"https:\/\/www.edition-tawhid.com\/staging-site\/wp-json\/wp\/v2\/product_tag?post=13099"}],"curies":[{"name":"wp","href":"https:\/\/api.w.org\/{rel}","templated":true}]}}