{"id":1335,"date":"2009-08-16T15:42:50","date_gmt":"2009-08-16T13:42:50","guid":{"rendered":"https:\/\/www.edition-tawhid.com\/staging-site\/produit\/101-questions-sur-l-islam\/"},"modified":"2022-12-02T12:57:41","modified_gmt":"2022-12-02T11:57:41","slug":"101-questions-sur-l-islam","status":"publish","type":"product","link":"https:\/\/www.edition-tawhid.com\/staging-site\/produit\/101-questions-sur-l-islam\/","title":{"rendered":"101 questions sur l&rsquo;islam"},"content":{"rendered":"<p>L&rsquo;originalit\u00e9 de cet ouvrage tient au fait que, si les r\u00e9ponses aux questions \u00e9manent bien d&rsquo;un musulman, les questions, elles, sont le fait d&rsquo;Occidentaux souhaitant conna\u00eetre l&rsquo;Islam, et couvrent un large champ d&rsquo;investigation, depuis les aspects les plus m\u00e9diatis\u00e9s de l&rsquo;Islam tels que le jihad ou le voile, jusqu&rsquo;aux questions de pratique et de dogme pas moins int\u00e9ressantes\u2026<\/p>\n<p>Bien que repr\u00e9sentant une part importante de la population fran\u00e7aise, les musulmans de France restent largement incompris. Le contexte historique, qui a vu des conflits arm\u00e9s entre musulmans et fran\u00e7ais, tant sur le territoire francisa ( la bataille de Poitiers en 732) qu&rsquo;\u00e0 l&rsquo;\u00e9tranger ( les croisades, la guerre d\u2019Alg\u00e9rie), n&rsquo;aide pas au rapprochement, la symbolique forte de ces conflits reste tr\u00e8s pr\u00e9sente dans la psych\u00e9 fran\u00e7aise, renforc\u00e9e par les r\u00e9cents \u00e9v\u00e9nement du 11 septembre 2001.<\/p>\n<p>Cet ouvrage voudrait \u00eatre une occasion r\u00e9elle de tourner la page des conflits du pass\u00e9 et de voir l&rsquo;autre diff\u00e9remment. Une chance de faire la part des choses entre ce qui est le fait de l&rsquo;Islam et ce qui est le fait de pratiques culturelles. Une chance de d\u00e9couvrir une religion encore trop m\u00e9connue.<\/p>\n<p>Laissez-vous aller \u00e0 la d\u00e9couverte de l&rsquo;Islam, au gr\u00e9 des pages de ce livre important et captivant.<\/p>\n","protected":false},"excerpt":{"rendered":"<p>L&rsquo;originalit\u00e9 de cet ouvrage tient au fait que, si les r\u00e9ponses aux questions \u00e9manent bien d&rsquo;un musulman, les questions, elles sont le fait d&rsquo;Occidentaux souhaitant connaitre l&rsquo; islam, et couvrent un large champs d&rsquo;investigation, depuis les aspects les plus m\u00e9diatis\u00e9s de l&rsquo;islam tels que le jih\u00e2d ou le voile, jusqu&rsquo;au questions de pratique et de dogme pas moins int\u00e9ressantes.<\/p>\n","protected":false},"featured_media":12731,"comment_status":"open","ping_status":"closed","template":"","meta":{"_acf_changed":false},"product_brand":[],"product_cat":[2466],"product_tag":[],"class_list":{"0":"post-1335","1":"product","2":"type-product","3":"status-publish","4":"has-post-thumbnail","6":"product_cat-initiation","7":"pa_book-author-mehmet-ozalp","9":"first","10":"instock","11":"taxable","12":"shipping-taxable","13":"purchasable","14":"product-type-simple"},"acf":[],"yoast_head":"<!-- This site is optimized with the Yoast SEO plugin v27.1.1 - https:\/\/yoast.com\/product\/yoast-seo-wordpress\/ -->\n<title>101 questions sur l&#039;islam - \u00c9ditions Tawhid<\/title>\n<meta name=\"robots\" content=\"noindex, follow, max-snippet:-1, max-image-preview:large, max-video-preview:-1\" \/>\n<meta property=\"og:locale\" content=\"fr_FR\" \/>\n<meta property=\"og:type\" content=\"article\" \/>\n<meta property=\"og:title\" content=\"101 questions sur l&#039;islam - \u00c9ditions Tawhid\" \/>\n<meta property=\"og:description\" content=\"L&#039;originalit\u00e9 de cet ouvrage tient au fait que, si les r\u00e9ponses aux questions \u00e9manent bien d&#039;un musulman, les questions, elles sont le fait d&#039;Occidentaux souhaitant connaitre l&#039; islam, et couvrent un large champs d&#039;investigation, depuis les aspects les plus m\u00e9diatis\u00e9s de l&#039;islam tels que le jih\u00e2d ou le voile, jusqu&#039;au questions de pratique et de dogme pas moins int\u00e9ressantes.\" \/>\n<meta property=\"og:url\" content=\"https:\/\/www.edition-tawhid.com\/staging-site\/produit\/101-questions-sur-l-islam\/\" \/>\n<meta property=\"og:site_name\" content=\"\u00c9ditions Tawhid\" \/>\n<meta property=\"article:publisher\" content=\"https:\/\/www.facebook.com\/editiontawhid\/\" \/>\n<meta property=\"article:modified_time\" content=\"2022-12-02T11:57:41+00:00\" \/>\n<meta property=\"og:image\" content=\"https:\/\/www.edition-tawhid.com\/staging-site\/wp-content\/uploads\/2009\/08\/ozalp_101questions_1_NEW.jpg\" \/>\n\t<meta property=\"og:image:width\" content=\"791\" \/>\n\t<meta property=\"og:image:height\" content=\"1024\" \/>\n\t<meta property=\"og:image:type\" content=\"image\/jpeg\" \/>\n<meta name=\"twitter:card\" content=\"summary_large_image\" \/>\n<meta name=\"twitter:label1\" content=\"Dur\u00e9e de lecture estim\u00e9e\" \/>\n\t<meta name=\"twitter:data1\" content=\"1 minute\" \/>\n<script type=\"application\/ld+json\" class=\"yoast-schema-graph\">{\"@context\":\"https:\/\/schema.org\",\"@graph\":[{\"@type\":\"WebPage\",\"@id\":\"https:\/\/www.edition-tawhid.com\/staging-site\/produit\/101-questions-sur-l-islam\/\",\"url\":\"https:\/\/www.edition-tawhid.com\/staging-site\/produit\/101-questions-sur-l-islam\/\",\"name\":\"101 questions sur l'islam - \u00c9ditions Tawhid\",\"isPartOf\":{\"@id\":\"https:\/\/www.edition-tawhid.com\/staging-site\/#website\"},\"primaryImageOfPage\":{\"@id\":\"https:\/\/www.edition-tawhid.com\/staging-site\/produit\/101-questions-sur-l-islam\/#primaryimage\"},\"image\":{\"@id\":\"https:\/\/www.edition-tawhid.com\/staging-site\/produit\/101-questions-sur-l-islam\/#primaryimage\"},\"thumbnailUrl\":\"https:\/\/www.edition-tawhid.com\/staging-site\/wp-content\/uploads\/2009\/08\/ozalp_101questions_1_NEW.jpg\",\"datePublished\":\"2009-08-16T13:42:50+00:00\",\"dateModified\":\"2022-12-02T11:57:41+00:00\",\"breadcrumb\":{\"@id\":\"https:\/\/www.edition-tawhid.com\/staging-site\/produit\/101-questions-sur-l-islam\/#breadcrumb\"},\"inLanguage\":\"fr-FR\",\"potentialAction\":[{\"@type\":\"ReadAction\",\"target\":[\"https:\/\/www.edition-tawhid.com\/staging-site\/produit\/101-questions-sur-l-islam\/\"]}]},{\"@type\":\"ImageObject\",\"inLanguage\":\"fr-FR\",\"@id\":\"https:\/\/www.edition-tawhid.com\/staging-site\/produit\/101-questions-sur-l-islam\/#primaryimage\",\"url\":\"https:\/\/www.edition-tawhid.com\/staging-site\/wp-content\/uploads\/2009\/08\/ozalp_101questions_1_NEW.jpg\",\"contentUrl\":\"https:\/\/www.edition-tawhid.com\/staging-site\/wp-content\/uploads\/2009\/08\/ozalp_101questions_1_NEW.jpg\",\"width\":791,\"height\":1024},{\"@type\":\"BreadcrumbList\",\"@id\":\"https:\/\/www.edition-tawhid.com\/staging-site\/produit\/101-questions-sur-l-islam\/#breadcrumb\",\"itemListElement\":[{\"@type\":\"ListItem\",\"position\":1,\"name\":\"Accueil\",\"item\":\"https:\/\/www.edition-tawhid.com\/staging-site\/\"},{\"@type\":\"ListItem\",\"position\":2,\"name\":\"Tous nos livres\",\"item\":\"https:\/\/www.edition-tawhid.com\/staging-site\/tous-nos-livres\/\"},{\"@type\":\"ListItem\",\"position\":3,\"name\":\"101 questions sur l&#8217;islam\"}]},{\"@type\":\"WebSite\",\"@id\":\"https:\/\/www.edition-tawhid.com\/staging-site\/#website\",\"url\":\"https:\/\/www.edition-tawhid.com\/staging-site\/\",\"name\":\"\u00c9ditions Tawhid\",\"description\":\"Le sp\u00e9cialiste du livre islamique francophone\",\"publisher\":{\"@id\":\"https:\/\/www.edition-tawhid.com\/staging-site\/#organization\"},\"potentialAction\":[{\"@type\":\"SearchAction\",\"target\":{\"@type\":\"EntryPoint\",\"urlTemplate\":\"https:\/\/www.edition-tawhid.com\/staging-site\/?s={search_term_string}\"},\"query-input\":{\"@type\":\"PropertyValueSpecification\",\"valueRequired\":true,\"valueName\":\"search_term_string\"}}],\"inLanguage\":\"fr-FR\"},{\"@type\":\"Organization\",\"@id\":\"https:\/\/www.edition-tawhid.com\/staging-site\/#organization\",\"name\":\"Editions Tawhid\",\"url\":\"https:\/\/www.edition-tawhid.com\/staging-site\/\",\"logo\":{\"@type\":\"ImageObject\",\"inLanguage\":\"fr-FR\",\"@id\":\"https:\/\/www.edition-tawhid.com\/staging-site\/#\/schema\/logo\/image\/\",\"url\":\"https:\/\/www.edition-tawhid.com\/staging-site\/wp-content\/uploads\/2018\/12\/logo_noir_v1-01.png\",\"contentUrl\":\"https:\/\/www.edition-tawhid.com\/staging-site\/wp-content\/uploads\/2018\/12\/logo_noir_v1-01.png\",\"width\":80,\"height\":112,\"caption\":\"Editions Tawhid\"},\"image\":{\"@id\":\"https:\/\/www.edition-tawhid.com\/staging-site\/#\/schema\/logo\/image\/\"},\"sameAs\":[\"https:\/\/www.facebook.com\/editiontawhid\/\"]}]}<\/script>\n<!-- \/ Yoast SEO plugin. -->","yoast_head_json":{"title":"101 questions sur l'islam - \u00c9ditions Tawhid","robots":{"index":"noindex","follow":"follow","max-snippet":"max-snippet:-1","max-image-preview":"max-image-preview:large","max-video-preview":"max-video-preview:-1"},"og_locale":"fr_FR","og_type":"article","og_title":"101 questions sur l'islam - \u00c9ditions Tawhid","og_description":"L'originalit\u00e9 de cet ouvrage tient au fait que, si les r\u00e9ponses aux questions \u00e9manent bien d'un musulman, les questions, elles sont le fait d'Occidentaux souhaitant connaitre l' islam, et couvrent un large champs d'investigation, depuis les aspects les plus m\u00e9diatis\u00e9s de l'islam tels que le jih\u00e2d ou le voile, jusqu'au questions de pratique et de dogme pas moins int\u00e9ressantes.","og_url":"https:\/\/www.edition-tawhid.com\/staging-site\/produit\/101-questions-sur-l-islam\/","og_site_name":"\u00c9ditions Tawhid","article_publisher":"https:\/\/www.facebook.com\/editiontawhid\/","article_modified_time":"2022-12-02T11:57:41+00:00","og_image":[{"width":791,"height":1024,"url":"https:\/\/www.edition-tawhid.com\/staging-site\/wp-content\/uploads\/2009\/08\/ozalp_101questions_1_NEW.jpg","type":"image\/jpeg"}],"twitter_card":"summary_large_image","twitter_misc":{"Dur\u00e9e de lecture estim\u00e9e":"1 minute"},"schema":{"@context":"https:\/\/schema.org","@graph":[{"@type":"WebPage","@id":"https:\/\/www.edition-tawhid.com\/staging-site\/produit\/101-questions-sur-l-islam\/","url":"https:\/\/www.edition-tawhid.com\/staging-site\/produit\/101-questions-sur-l-islam\/","name":"101 questions sur l'islam - \u00c9ditions Tawhid","isPartOf":{"@id":"https:\/\/www.edition-tawhid.com\/staging-site\/#website"},"primaryImageOfPage":{"@id":"https:\/\/www.edition-tawhid.com\/staging-site\/produit\/101-questions-sur-l-islam\/#primaryimage"},"image":{"@id":"https:\/\/www.edition-tawhid.com\/staging-site\/produit\/101-questions-sur-l-islam\/#primaryimage"},"thumbnailUrl":"https:\/\/www.edition-tawhid.com\/staging-site\/wp-content\/uploads\/2009\/08\/ozalp_101questions_1_NEW.jpg","datePublished":"2009-08-16T13:42:50+00:00","dateModified":"2022-12-02T11:57:41+00:00","breadcrumb":{"@id":"https:\/\/www.edition-tawhid.com\/staging-site\/produit\/101-questions-sur-l-islam\/#breadcrumb"},"inLanguage":"fr-FR","potentialAction":[{"@type":"ReadAction","target":["https:\/\/www.edition-tawhid.com\/staging-site\/produit\/101-questions-sur-l-islam\/"]}]},{"@type":"ImageObject","inLanguage":"fr-FR","@id":"https:\/\/www.edition-tawhid.com\/staging-site\/produit\/101-questions-sur-l-islam\/#primaryimage","url":"https:\/\/www.edition-tawhid.com\/staging-site\/wp-content\/uploads\/2009\/08\/ozalp_101questions_1_NEW.jpg","contentUrl":"https:\/\/www.edition-tawhid.com\/staging-site\/wp-content\/uploads\/2009\/08\/ozalp_101questions_1_NEW.jpg","width":791,"height":1024},{"@type":"BreadcrumbList","@id":"https:\/\/www.edition-tawhid.com\/staging-site\/produit\/101-questions-sur-l-islam\/#breadcrumb","itemListElement":[{"@type":"ListItem","position":1,"name":"Accueil","item":"https:\/\/www.edition-tawhid.com\/staging-site\/"},{"@type":"ListItem","position":2,"name":"Tous nos livres","item":"https:\/\/www.edition-tawhid.com\/staging-site\/tous-nos-livres\/"},{"@type":"ListItem","position":3,"name":"101 questions sur l&#8217;islam"}]},{"@type":"WebSite","@id":"https:\/\/www.edition-tawhid.com\/staging-site\/#website","url":"https:\/\/www.edition-tawhid.com\/staging-site\/","name":"\u00c9ditions Tawhid","description":"Le sp\u00e9cialiste du livre islamique francophone","publisher":{"@id":"https:\/\/www.edition-tawhid.com\/staging-site\/#organization"},"potentialAction":[{"@type":"SearchAction","target":{"@type":"EntryPoint","urlTemplate":"https:\/\/www.edition-tawhid.com\/staging-site\/?s={search_term_string}"},"query-input":{"@type":"PropertyValueSpecification","valueRequired":true,"valueName":"search_term_string"}}],"inLanguage":"fr-FR"},{"@type":"Organization","@id":"https:\/\/www.edition-tawhid.com\/staging-site\/#organization","name":"Editions Tawhid","url":"https:\/\/www.edition-tawhid.com\/staging-site\/","logo":{"@type":"ImageObject","inLanguage":"fr-FR","@id":"https:\/\/www.edition-tawhid.com\/staging-site\/#\/schema\/logo\/image\/","url":"https:\/\/www.edition-tawhid.com\/staging-site\/wp-content\/uploads\/2018\/12\/logo_noir_v1-01.png","contentUrl":"https:\/\/www.edition-tawhid.com\/staging-site\/wp-content\/uploads\/2018\/12\/logo_noir_v1-01.png","width":80,"height":112,"caption":"Editions Tawhid"},"image":{"@id":"https:\/\/www.edition-tawhid.com\/staging-site\/#\/schema\/logo\/image\/"},"sameAs":["https:\/\/www.facebook.com\/editiontawhid\/"]}]}},"_links":{"self":[{"href":"https:\/\/www.edition-tawhid.com\/staging-site\/wp-json\/wp\/v2\/product\/1335","targetHints":{"allow":["GET"]}}],"collection":[{"href":"https:\/\/www.edition-tawhid.com\/staging-site\/wp-json\/wp\/v2\/product"}],"about":[{"href":"https:\/\/www.edition-tawhid.com\/staging-site\/wp-json\/wp\/v2\/types\/product"}],"replies":[{"embeddable":true,"href":"https:\/\/www.edition-tawhid.com\/staging-site\/wp-json\/wp\/v2\/comments?post=1335"}],"wp:featuredmedia":[{"embeddable":true,"href":"https:\/\/www.edition-tawhid.com\/staging-site\/wp-json\/wp\/v2\/media\/12731"}],"wp:attachment":[{"href":"https:\/\/www.edition-tawhid.com\/staging-site\/wp-json\/wp\/v2\/media?parent=1335"}],"wp:term":[{"taxonomy":"product_brand","embeddable":true,"href":"https:\/\/www.edition-tawhid.com\/staging-site\/wp-json\/wp\/v2\/product_brand?post=1335"},{"taxonomy":"product_cat","embeddable":true,"href":"https:\/\/www.edition-tawhid.com\/staging-site\/wp-json\/wp\/v2\/product_cat?post=1335"},{"taxonomy":"product_tag","embeddable":true,"href":"https:\/\/www.edition-tawhid.com\/staging-site\/wp-json\/wp\/v2\/product_tag?post=1335"}],"curies":[{"name":"wp","href":"https:\/\/api.w.org\/{rel}","templated":true}]}}