{"id":1351,"date":"2012-08-20T10:53:01","date_gmt":"2012-08-20T08:53:01","guid":{"rendered":"https:\/\/www.edition-tawhid.com\/staging-site\/produit\/al-wazifa\/"},"modified":"2024-04-08T15:45:10","modified_gmt":"2024-04-08T13:45:10","slug":"rappel-et-invocations-quotidiennes-al-wazifa","status":"publish","type":"product","link":"https:\/\/www.edition-tawhid.com\/staging-site\/produit\/rappel-et-invocations-quotidiennes-al-wazifa\/","title":{"rendered":"Rappel et invocations quotidiennes (Al-waz\u00eefa)"},"content":{"rendered":"<p style=\"text-align: justify;\">\u00ab Ces invocations peuvent \u00eatre lues \u00bb, indiquait l&rsquo;auteur\u00a0dans la pr\u00e9face de son ouvrage, \u00ab le matin depuis le temps de la pri\u00e8re d\u2019avant l\u2019aube (<em>fajr<\/em>), jusqu\u2019au temps de la pri\u00e8re de la mi-journ\u00e9e (<em>zuhr<\/em>) ; et le soir, depuis le temps de la pri\u00e8re de l\u2019apr\u00e8s midi (<em>\u2018asr<\/em>), jusqu\u2019apr\u00e8s la pri\u00e8re de la nuit (<em>\u2018ish\u00e2\u2019<\/em>). Et ce, individuellement et en groupe \u00bb. Il insistait sur la n\u00e9cessit\u00e9 de se montrer assidu dans la pratique du rappel, qui est l\u2019essence m\u00eame de l\u2019Islam. Parlant de cette <em>waz\u00eefa<\/em> (le devoir quotidien que le croyant s\u2019emploie \u00e0 r\u00e9aliser en pratiquant l\u2019\u00e9vocation de Dieu), il ajoutait : \u00ab Celui qui manque de la r\u00e9citer enti\u00e8rement, qu\u2019il ne n\u00e9glige pas d\u2019en r\u00e9citer au moins une partie, afin qu\u2019il ne prenne pas l\u2019habitude de la n\u00e9gliger et de l\u2019abandonner \u00bb.<\/p>\n<p style=\"text-align: justify;\">\n","protected":false},"excerpt":{"rendered":"<p>Hassan Al-Bann\u00e2 \u2013 que Dieu lui fasse mis\u00e9ricorde \u2013 a \u00e9crit le trait\u00e9 d\u2019o\u00f9 sont extraites ces \u00e9vocations et ces invocations traditionnelles (<em>ma\u2019th\u00fbr\u00e2t<\/em>) pendant le mois de ramadan de l\u2019ann\u00e9e 1355 de l\u2019h\u00e9gire, qui correspond \u00e0 l\u2019ann\u00e9e 1936.<\/p>\n","protected":false},"featured_media":12956,"comment_status":"open","ping_status":"closed","template":"","meta":{"_acf_changed":false},"product_brand":[],"product_cat":[],"product_tag":[],"class_list":{"0":"post-1351","1":"product","2":"type-product","3":"status-publish","4":"has-post-thumbnail","6":"pa_book-author-hassan-al-banna","8":"first","9":"instock","10":"taxable","11":"shipping-taxable","12":"purchasable","13":"product-type-simple"},"acf":[],"yoast_head":"<!-- This site is optimized with the Yoast SEO plugin v27.1.1 - https:\/\/yoast.com\/product\/yoast-seo-wordpress\/ -->\n<title>Rappel et invocations quotidiennes (Al-waz\u00eefa) - \u00c9ditions Tawhid<\/title>\n<meta name=\"robots\" content=\"noindex, follow, max-snippet:-1, max-image-preview:large, max-video-preview:-1\" \/>\n<meta property=\"og:locale\" content=\"fr_FR\" \/>\n<meta property=\"og:type\" content=\"article\" \/>\n<meta property=\"og:title\" content=\"Rappel et invocations quotidiennes (Al-waz\u00eefa) - \u00c9ditions Tawhid\" \/>\n<meta property=\"og:description\" content=\"Hassan Al-Bann\u00e2 \u2013 que Dieu lui fasse mis\u00e9ricorde \u2013 a \u00e9crit le trait\u00e9 d\u2019o\u00f9 sont extraites ces \u00e9vocations et ces invocations traditionnelles (ma\u2019th\u00fbr\u00e2t) pendant le mois de ramadan de l\u2019ann\u00e9e 1355 de l\u2019h\u00e9gire, qui correspond \u00e0 l\u2019ann\u00e9e 1936.\" \/>\n<meta property=\"og:url\" content=\"https:\/\/www.edition-tawhid.com\/staging-site\/produit\/rappel-et-invocations-quotidiennes-al-wazifa\/\" \/>\n<meta property=\"og:site_name\" content=\"\u00c9ditions Tawhid\" \/>\n<meta property=\"article:publisher\" content=\"https:\/\/www.facebook.com\/editiontawhid\/\" \/>\n<meta property=\"article:modified_time\" content=\"2024-04-08T13:45:10+00:00\" \/>\n<meta property=\"og:image\" content=\"https:\/\/www.edition-tawhid.com\/staging-site\/wp-content\/uploads\/2012\/08\/hassan_wazi\u0302fa_1_NEW.jpg\" \/>\n\t<meta property=\"og:image:width\" content=\"791\" \/>\n\t<meta property=\"og:image:height\" content=\"1024\" \/>\n\t<meta property=\"og:image:type\" content=\"image\/jpeg\" \/>\n<meta name=\"twitter:card\" content=\"summary_large_image\" \/>\n<meta name=\"twitter:label1\" content=\"Dur\u00e9e de lecture estim\u00e9e\" \/>\n\t<meta name=\"twitter:data1\" content=\"1 minute\" \/>\n<script type=\"application\/ld+json\" class=\"yoast-schema-graph\">{\"@context\":\"https:\/\/schema.org\",\"@graph\":[{\"@type\":\"WebPage\",\"@id\":\"https:\/\/www.edition-tawhid.com\/staging-site\/produit\/rappel-et-invocations-quotidiennes-al-wazifa\/\",\"url\":\"https:\/\/www.edition-tawhid.com\/staging-site\/produit\/rappel-et-invocations-quotidiennes-al-wazifa\/\",\"name\":\"Rappel et invocations quotidiennes (Al-waz\u00eefa) - \u00c9ditions Tawhid\",\"isPartOf\":{\"@id\":\"https:\/\/www.edition-tawhid.com\/staging-site\/#website\"},\"primaryImageOfPage\":{\"@id\":\"https:\/\/www.edition-tawhid.com\/staging-site\/produit\/rappel-et-invocations-quotidiennes-al-wazifa\/#primaryimage\"},\"image\":{\"@id\":\"https:\/\/www.edition-tawhid.com\/staging-site\/produit\/rappel-et-invocations-quotidiennes-al-wazifa\/#primaryimage\"},\"thumbnailUrl\":\"https:\/\/www.edition-tawhid.com\/staging-site\/wp-content\/uploads\/2012\/08\/hassan_wazi\u0302fa_1_NEW.jpg\",\"datePublished\":\"2012-08-20T08:53:01+00:00\",\"dateModified\":\"2024-04-08T13:45:10+00:00\",\"breadcrumb\":{\"@id\":\"https:\/\/www.edition-tawhid.com\/staging-site\/produit\/rappel-et-invocations-quotidiennes-al-wazifa\/#breadcrumb\"},\"inLanguage\":\"fr-FR\",\"potentialAction\":[{\"@type\":\"ReadAction\",\"target\":[\"https:\/\/www.edition-tawhid.com\/staging-site\/produit\/rappel-et-invocations-quotidiennes-al-wazifa\/\"]}]},{\"@type\":\"ImageObject\",\"inLanguage\":\"fr-FR\",\"@id\":\"https:\/\/www.edition-tawhid.com\/staging-site\/produit\/rappel-et-invocations-quotidiennes-al-wazifa\/#primaryimage\",\"url\":\"https:\/\/www.edition-tawhid.com\/staging-site\/wp-content\/uploads\/2012\/08\/hassan_wazi\u0302fa_1_NEW.jpg\",\"contentUrl\":\"https:\/\/www.edition-tawhid.com\/staging-site\/wp-content\/uploads\/2012\/08\/hassan_wazi\u0302fa_1_NEW.jpg\",\"width\":791,\"height\":1024},{\"@type\":\"BreadcrumbList\",\"@id\":\"https:\/\/www.edition-tawhid.com\/staging-site\/produit\/rappel-et-invocations-quotidiennes-al-wazifa\/#breadcrumb\",\"itemListElement\":[{\"@type\":\"ListItem\",\"position\":1,\"name\":\"Accueil\",\"item\":\"https:\/\/www.edition-tawhid.com\/staging-site\/\"},{\"@type\":\"ListItem\",\"position\":2,\"name\":\"Tous nos livres\",\"item\":\"https:\/\/www.edition-tawhid.com\/staging-site\/tous-nos-livres\/\"},{\"@type\":\"ListItem\",\"position\":3,\"name\":\"Rappel et invocations quotidiennes (Al-waz\u00eefa)\"}]},{\"@type\":\"WebSite\",\"@id\":\"https:\/\/www.edition-tawhid.com\/staging-site\/#website\",\"url\":\"https:\/\/www.edition-tawhid.com\/staging-site\/\",\"name\":\"\u00c9ditions Tawhid\",\"description\":\"Le sp\u00e9cialiste du livre islamique francophone\",\"publisher\":{\"@id\":\"https:\/\/www.edition-tawhid.com\/staging-site\/#organization\"},\"potentialAction\":[{\"@type\":\"SearchAction\",\"target\":{\"@type\":\"EntryPoint\",\"urlTemplate\":\"https:\/\/www.edition-tawhid.com\/staging-site\/?s={search_term_string}\"},\"query-input\":{\"@type\":\"PropertyValueSpecification\",\"valueRequired\":true,\"valueName\":\"search_term_string\"}}],\"inLanguage\":\"fr-FR\"},{\"@type\":\"Organization\",\"@id\":\"https:\/\/www.edition-tawhid.com\/staging-site\/#organization\",\"name\":\"Editions Tawhid\",\"url\":\"https:\/\/www.edition-tawhid.com\/staging-site\/\",\"logo\":{\"@type\":\"ImageObject\",\"inLanguage\":\"fr-FR\",\"@id\":\"https:\/\/www.edition-tawhid.com\/staging-site\/#\/schema\/logo\/image\/\",\"url\":\"https:\/\/www.edition-tawhid.com\/staging-site\/wp-content\/uploads\/2018\/12\/logo_noir_v1-01.png\",\"contentUrl\":\"https:\/\/www.edition-tawhid.com\/staging-site\/wp-content\/uploads\/2018\/12\/logo_noir_v1-01.png\",\"width\":80,\"height\":112,\"caption\":\"Editions Tawhid\"},\"image\":{\"@id\":\"https:\/\/www.edition-tawhid.com\/staging-site\/#\/schema\/logo\/image\/\"},\"sameAs\":[\"https:\/\/www.facebook.com\/editiontawhid\/\"]}]}<\/script>\n<!-- \/ Yoast SEO plugin. -->","yoast_head_json":{"title":"Rappel et invocations quotidiennes (Al-waz\u00eefa) - \u00c9ditions Tawhid","robots":{"index":"noindex","follow":"follow","max-snippet":"max-snippet:-1","max-image-preview":"max-image-preview:large","max-video-preview":"max-video-preview:-1"},"og_locale":"fr_FR","og_type":"article","og_title":"Rappel et invocations quotidiennes (Al-waz\u00eefa) - \u00c9ditions Tawhid","og_description":"Hassan Al-Bann\u00e2 \u2013 que Dieu lui fasse mis\u00e9ricorde \u2013 a \u00e9crit le trait\u00e9 d\u2019o\u00f9 sont extraites ces \u00e9vocations et ces invocations traditionnelles (ma\u2019th\u00fbr\u00e2t) pendant le mois de ramadan de l\u2019ann\u00e9e 1355 de l\u2019h\u00e9gire, qui correspond \u00e0 l\u2019ann\u00e9e 1936.","og_url":"https:\/\/www.edition-tawhid.com\/staging-site\/produit\/rappel-et-invocations-quotidiennes-al-wazifa\/","og_site_name":"\u00c9ditions Tawhid","article_publisher":"https:\/\/www.facebook.com\/editiontawhid\/","article_modified_time":"2024-04-08T13:45:10+00:00","og_image":[{"width":791,"height":1024,"url":"https:\/\/www.edition-tawhid.com\/staging-site\/wp-content\/uploads\/2012\/08\/hassan_wazi\u0302fa_1_NEW.jpg","type":"image\/jpeg"}],"twitter_card":"summary_large_image","twitter_misc":{"Dur\u00e9e de lecture estim\u00e9e":"1 minute"},"schema":{"@context":"https:\/\/schema.org","@graph":[{"@type":"WebPage","@id":"https:\/\/www.edition-tawhid.com\/staging-site\/produit\/rappel-et-invocations-quotidiennes-al-wazifa\/","url":"https:\/\/www.edition-tawhid.com\/staging-site\/produit\/rappel-et-invocations-quotidiennes-al-wazifa\/","name":"Rappel et invocations quotidiennes (Al-waz\u00eefa) - \u00c9ditions Tawhid","isPartOf":{"@id":"https:\/\/www.edition-tawhid.com\/staging-site\/#website"},"primaryImageOfPage":{"@id":"https:\/\/www.edition-tawhid.com\/staging-site\/produit\/rappel-et-invocations-quotidiennes-al-wazifa\/#primaryimage"},"image":{"@id":"https:\/\/www.edition-tawhid.com\/staging-site\/produit\/rappel-et-invocations-quotidiennes-al-wazifa\/#primaryimage"},"thumbnailUrl":"https:\/\/www.edition-tawhid.com\/staging-site\/wp-content\/uploads\/2012\/08\/hassan_wazi\u0302fa_1_NEW.jpg","datePublished":"2012-08-20T08:53:01+00:00","dateModified":"2024-04-08T13:45:10+00:00","breadcrumb":{"@id":"https:\/\/www.edition-tawhid.com\/staging-site\/produit\/rappel-et-invocations-quotidiennes-al-wazifa\/#breadcrumb"},"inLanguage":"fr-FR","potentialAction":[{"@type":"ReadAction","target":["https:\/\/www.edition-tawhid.com\/staging-site\/produit\/rappel-et-invocations-quotidiennes-al-wazifa\/"]}]},{"@type":"ImageObject","inLanguage":"fr-FR","@id":"https:\/\/www.edition-tawhid.com\/staging-site\/produit\/rappel-et-invocations-quotidiennes-al-wazifa\/#primaryimage","url":"https:\/\/www.edition-tawhid.com\/staging-site\/wp-content\/uploads\/2012\/08\/hassan_wazi\u0302fa_1_NEW.jpg","contentUrl":"https:\/\/www.edition-tawhid.com\/staging-site\/wp-content\/uploads\/2012\/08\/hassan_wazi\u0302fa_1_NEW.jpg","width":791,"height":1024},{"@type":"BreadcrumbList","@id":"https:\/\/www.edition-tawhid.com\/staging-site\/produit\/rappel-et-invocations-quotidiennes-al-wazifa\/#breadcrumb","itemListElement":[{"@type":"ListItem","position":1,"name":"Accueil","item":"https:\/\/www.edition-tawhid.com\/staging-site\/"},{"@type":"ListItem","position":2,"name":"Tous nos livres","item":"https:\/\/www.edition-tawhid.com\/staging-site\/tous-nos-livres\/"},{"@type":"ListItem","position":3,"name":"Rappel et invocations quotidiennes (Al-waz\u00eefa)"}]},{"@type":"WebSite","@id":"https:\/\/www.edition-tawhid.com\/staging-site\/#website","url":"https:\/\/www.edition-tawhid.com\/staging-site\/","name":"\u00c9ditions Tawhid","description":"Le sp\u00e9cialiste du livre islamique francophone","publisher":{"@id":"https:\/\/www.edition-tawhid.com\/staging-site\/#organization"},"potentialAction":[{"@type":"SearchAction","target":{"@type":"EntryPoint","urlTemplate":"https:\/\/www.edition-tawhid.com\/staging-site\/?s={search_term_string}"},"query-input":{"@type":"PropertyValueSpecification","valueRequired":true,"valueName":"search_term_string"}}],"inLanguage":"fr-FR"},{"@type":"Organization","@id":"https:\/\/www.edition-tawhid.com\/staging-site\/#organization","name":"Editions Tawhid","url":"https:\/\/www.edition-tawhid.com\/staging-site\/","logo":{"@type":"ImageObject","inLanguage":"fr-FR","@id":"https:\/\/www.edition-tawhid.com\/staging-site\/#\/schema\/logo\/image\/","url":"https:\/\/www.edition-tawhid.com\/staging-site\/wp-content\/uploads\/2018\/12\/logo_noir_v1-01.png","contentUrl":"https:\/\/www.edition-tawhid.com\/staging-site\/wp-content\/uploads\/2018\/12\/logo_noir_v1-01.png","width":80,"height":112,"caption":"Editions Tawhid"},"image":{"@id":"https:\/\/www.edition-tawhid.com\/staging-site\/#\/schema\/logo\/image\/"},"sameAs":["https:\/\/www.facebook.com\/editiontawhid\/"]}]}},"_links":{"self":[{"href":"https:\/\/www.edition-tawhid.com\/staging-site\/wp-json\/wp\/v2\/product\/1351","targetHints":{"allow":["GET"]}}],"collection":[{"href":"https:\/\/www.edition-tawhid.com\/staging-site\/wp-json\/wp\/v2\/product"}],"about":[{"href":"https:\/\/www.edition-tawhid.com\/staging-site\/wp-json\/wp\/v2\/types\/product"}],"replies":[{"embeddable":true,"href":"https:\/\/www.edition-tawhid.com\/staging-site\/wp-json\/wp\/v2\/comments?post=1351"}],"wp:featuredmedia":[{"embeddable":true,"href":"https:\/\/www.edition-tawhid.com\/staging-site\/wp-json\/wp\/v2\/media\/12956"}],"wp:attachment":[{"href":"https:\/\/www.edition-tawhid.com\/staging-site\/wp-json\/wp\/v2\/media?parent=1351"}],"wp:term":[{"taxonomy":"product_brand","embeddable":true,"href":"https:\/\/www.edition-tawhid.com\/staging-site\/wp-json\/wp\/v2\/product_brand?post=1351"},{"taxonomy":"product_cat","embeddable":true,"href":"https:\/\/www.edition-tawhid.com\/staging-site\/wp-json\/wp\/v2\/product_cat?post=1351"},{"taxonomy":"product_tag","embeddable":true,"href":"https:\/\/www.edition-tawhid.com\/staging-site\/wp-json\/wp\/v2\/product_tag?post=1351"}],"curies":[{"name":"wp","href":"https:\/\/api.w.org\/{rel}","templated":true}]}}