{"id":13513,"date":"2022-02-01T16:57:39","date_gmt":"2022-02-01T15:57:39","guid":{"rendered":"https:\/\/www.edition-tawhid.com\/staging-site\/?post_type=product&#038;p=13513"},"modified":"2025-08-27T16:02:35","modified_gmt":"2025-08-27T14:02:35","slug":"la-fatwa","status":"publish","type":"product","link":"https:\/\/www.edition-tawhid.com\/staging-site\/produit\/la-fatwa\/","title":{"rendered":"La Fatwa <br\/>Histoire, perspectives et d\u00e9fis europ\u00e9ens"},"content":{"rendered":"<p>Le terme fatwa est devenu langage courant aujourd\u2019hui, pourtant il porte une d\u00e9finition tr\u00e8s pr\u00e9cise, des r\u00e8gles exigeantes, des objectifs habit\u00e9s de principes.<\/p>\n<p>Tout part de la r\u00e9v\u00e9lation et du processus adopt\u00e9 par le Proph\u00e8te pour assurer l\u2019applicabilit\u00e9 des Textes r\u00e9v\u00e9l\u00e9s pour des situations dans lesquelles l\u2019intelligence humaine va chercher \u00e0 combiner Texte et contexte. Ce qui permettra \u00e0 travers le temps et l\u2019espace de r\u00e9pondre \u00e0 des questions nouvelles et \u00e9pineuses, qui n\u2019existaient pas dans le pass\u00e9.<\/p>\n<p>Au fil des si\u00e8cles, la fatwa se d\u00e9veloppe donc et poursuit son \u00e9volution, avec fid\u00e9lit\u00e9 aux finalit\u00e9s de la <em>shari\u2018a<\/em> mais aussi avec cr\u00e9ativit\u00e9, afin que les musulmans puissent vivre en harmonie avec les nouvelles conjectures de leur \u00e9poque.<\/p>\n<p>La vie des musulmans en Europe a, plus qu\u2019ailleurs, besoin de cet outil fabuleux et exigeant, fond\u00e9 sur une connaissance approfondie du fiqh et de ses fondements et aussi, de la connaissance du milieu environnant, afin d\u2019apporter la ou les meilleures r\u00e9ponses qui soient aux musulmans.<\/p>\n<p>Cet ouvrage pr\u00e9sente l\u2019approche historique d\u2019abord : il explique comment, depuis le Proph\u00e8te, la fatwa est n\u00e9e et s\u2019est d\u00e9velopp\u00e9e, avec des moments forts et fatidiques, li\u00e9s \u00e0 une \u00e9mulation des savants et des sciences de chaque \u00e9poque.<\/p>\n<p>Ensuite, il pr\u00e9sente les perspectives existantes europ\u00e9ennes dans le domaine : comment les savants et musulmans d\u2019Europe se sont organis\u00e9s pour mettre en place une instance capable de r\u00e9pondre aux besoins des musulmans en termes d\u2019adaptabilit\u00e9 de la norme juridique selon les besoins nouveaux et les situations de notre temps.<\/p>\n<p>Enfin, des exemples pr\u00e9cis seront pos\u00e9s, montrant le caract\u00e8re extr\u00eamement dynamique de la fatwa, capable d\u2019apporter des \u00e9clairages diff\u00e9rents selon les situations donn\u00e9es.<\/p>\n","protected":false},"excerpt":{"rendered":"<p>La vie des musulmans en Europe a, plus qu\u2019ailleurs, besoin de cet outil fabuleux et exigeant, fond\u00e9 sur une connaissance approfondie du fiqh et de ses fondements et aussi, de la connaissance du milieu environnant, afin d\u2019apporter la ou les meilleures r\u00e9ponses qui soient aux musulmans.<\/p>\n","protected":false},"featured_media":13563,"comment_status":"open","ping_status":"closed","template":"","meta":{"_acf_changed":false},"product_brand":[],"product_cat":[2711,2480],"product_tag":[],"class_list":{"0":"post-13513","1":"product","2":"type-product","3":"status-publish","4":"has-post-thumbnail","6":"product_cat-fiqh","7":"product_cat-pensee","8":"pa_book-author-gokmen-lokman-citak","10":"first","11":"instock","12":"featured","13":"taxable","14":"shipping-taxable","15":"purchasable","16":"product-type-simple"},"acf":[],"yoast_head":"<!-- This site is optimized with the Yoast SEO plugin v27.1.1 - https:\/\/yoast.com\/product\/yoast-seo-wordpress\/ -->\n<title>La Fatwa Histoire, perspectives et d\u00e9fis europ\u00e9ens - \u00c9ditions Tawhid<\/title>\n<meta name=\"robots\" content=\"noindex, follow, max-snippet:-1, max-image-preview:large, max-video-preview:-1\" \/>\n<meta property=\"og:locale\" content=\"fr_FR\" \/>\n<meta property=\"og:type\" content=\"article\" \/>\n<meta property=\"og:title\" content=\"La Fatwa Histoire, perspectives et d\u00e9fis europ\u00e9ens - \u00c9ditions Tawhid\" \/>\n<meta property=\"og:description\" content=\"La vie des musulmans en Europe a, plus qu\u2019ailleurs, besoin de cet outil fabuleux et exigeant, fond\u00e9 sur une connaissance approfondie du fiqh et de ses fondements et aussi, de la connaissance du milieu environnant, afin d\u2019apporter la ou les meilleures r\u00e9ponses qui soient aux musulmans.\" \/>\n<meta property=\"og:url\" content=\"https:\/\/www.edition-tawhid.com\/staging-site\/produit\/la-fatwa\/\" \/>\n<meta property=\"og:site_name\" content=\"\u00c9ditions Tawhid\" \/>\n<meta property=\"article:publisher\" content=\"https:\/\/www.facebook.com\/editiontawhid\/\" \/>\n<meta property=\"article:modified_time\" content=\"2025-08-27T14:02:35+00:00\" \/>\n<meta property=\"og:image\" content=\"https:\/\/www.edition-tawhid.com\/staging-site\/wp-content\/uploads\/2022\/02\/fatwa_1_v2.jpg\" \/>\n\t<meta property=\"og:image:width\" content=\"791\" \/>\n\t<meta property=\"og:image:height\" content=\"1024\" \/>\n\t<meta property=\"og:image:type\" content=\"image\/jpeg\" \/>\n<meta name=\"twitter:card\" content=\"summary_large_image\" \/>\n<meta name=\"twitter:label1\" content=\"Dur\u00e9e de lecture estim\u00e9e\" \/>\n\t<meta name=\"twitter:data1\" content=\"2 minutes\" \/>\n<script type=\"application\/ld+json\" class=\"yoast-schema-graph\">{\"@context\":\"https:\/\/schema.org\",\"@graph\":[{\"@type\":\"WebPage\",\"@id\":\"https:\/\/www.edition-tawhid.com\/staging-site\/produit\/la-fatwa\/\",\"url\":\"https:\/\/www.edition-tawhid.com\/staging-site\/produit\/la-fatwa\/\",\"name\":\"La Fatwa Histoire, perspectives et d\u00e9fis europ\u00e9ens - \u00c9ditions Tawhid\",\"isPartOf\":{\"@id\":\"https:\/\/www.edition-tawhid.com\/staging-site\/#website\"},\"primaryImageOfPage\":{\"@id\":\"https:\/\/www.edition-tawhid.com\/staging-site\/produit\/la-fatwa\/#primaryimage\"},\"image\":{\"@id\":\"https:\/\/www.edition-tawhid.com\/staging-site\/produit\/la-fatwa\/#primaryimage\"},\"thumbnailUrl\":\"https:\/\/www.edition-tawhid.com\/staging-site\/wp-content\/uploads\/2022\/02\/fatwa_1_v2.jpg\",\"datePublished\":\"2022-02-01T15:57:39+00:00\",\"dateModified\":\"2025-08-27T14:02:35+00:00\",\"breadcrumb\":{\"@id\":\"https:\/\/www.edition-tawhid.com\/staging-site\/produit\/la-fatwa\/#breadcrumb\"},\"inLanguage\":\"fr-FR\",\"potentialAction\":[{\"@type\":\"ReadAction\",\"target\":[\"https:\/\/www.edition-tawhid.com\/staging-site\/produit\/la-fatwa\/\"]}]},{\"@type\":\"ImageObject\",\"inLanguage\":\"fr-FR\",\"@id\":\"https:\/\/www.edition-tawhid.com\/staging-site\/produit\/la-fatwa\/#primaryimage\",\"url\":\"https:\/\/www.edition-tawhid.com\/staging-site\/wp-content\/uploads\/2022\/02\/fatwa_1_v2.jpg\",\"contentUrl\":\"https:\/\/www.edition-tawhid.com\/staging-site\/wp-content\/uploads\/2022\/02\/fatwa_1_v2.jpg\",\"width\":791,\"height\":1024,\"caption\":\"La Fatwa\"},{\"@type\":\"BreadcrumbList\",\"@id\":\"https:\/\/www.edition-tawhid.com\/staging-site\/produit\/la-fatwa\/#breadcrumb\",\"itemListElement\":[{\"@type\":\"ListItem\",\"position\":1,\"name\":\"Accueil\",\"item\":\"https:\/\/www.edition-tawhid.com\/staging-site\/\"},{\"@type\":\"ListItem\",\"position\":2,\"name\":\"Tous nos livres\",\"item\":\"https:\/\/www.edition-tawhid.com\/staging-site\/tous-nos-livres\/\"},{\"@type\":\"ListItem\",\"position\":3,\"name\":\"La Fatwa Histoire, perspectives et d\u00e9fis europ\u00e9ens\"}]},{\"@type\":\"WebSite\",\"@id\":\"https:\/\/www.edition-tawhid.com\/staging-site\/#website\",\"url\":\"https:\/\/www.edition-tawhid.com\/staging-site\/\",\"name\":\"\u00c9ditions Tawhid\",\"description\":\"Le sp\u00e9cialiste du livre islamique francophone\",\"publisher\":{\"@id\":\"https:\/\/www.edition-tawhid.com\/staging-site\/#organization\"},\"potentialAction\":[{\"@type\":\"SearchAction\",\"target\":{\"@type\":\"EntryPoint\",\"urlTemplate\":\"https:\/\/www.edition-tawhid.com\/staging-site\/?s={search_term_string}\"},\"query-input\":{\"@type\":\"PropertyValueSpecification\",\"valueRequired\":true,\"valueName\":\"search_term_string\"}}],\"inLanguage\":\"fr-FR\"},{\"@type\":\"Organization\",\"@id\":\"https:\/\/www.edition-tawhid.com\/staging-site\/#organization\",\"name\":\"Editions Tawhid\",\"url\":\"https:\/\/www.edition-tawhid.com\/staging-site\/\",\"logo\":{\"@type\":\"ImageObject\",\"inLanguage\":\"fr-FR\",\"@id\":\"https:\/\/www.edition-tawhid.com\/staging-site\/#\/schema\/logo\/image\/\",\"url\":\"https:\/\/www.edition-tawhid.com\/staging-site\/wp-content\/uploads\/2018\/12\/logo_noir_v1-01.png\",\"contentUrl\":\"https:\/\/www.edition-tawhid.com\/staging-site\/wp-content\/uploads\/2018\/12\/logo_noir_v1-01.png\",\"width\":80,\"height\":112,\"caption\":\"Editions Tawhid\"},\"image\":{\"@id\":\"https:\/\/www.edition-tawhid.com\/staging-site\/#\/schema\/logo\/image\/\"},\"sameAs\":[\"https:\/\/www.facebook.com\/editiontawhid\/\"]}]}<\/script>\n<!-- \/ Yoast SEO plugin. -->","yoast_head_json":{"title":"La Fatwa Histoire, perspectives et d\u00e9fis europ\u00e9ens - \u00c9ditions Tawhid","robots":{"index":"noindex","follow":"follow","max-snippet":"max-snippet:-1","max-image-preview":"max-image-preview:large","max-video-preview":"max-video-preview:-1"},"og_locale":"fr_FR","og_type":"article","og_title":"La Fatwa Histoire, perspectives et d\u00e9fis europ\u00e9ens - \u00c9ditions Tawhid","og_description":"La vie des musulmans en Europe a, plus qu\u2019ailleurs, besoin de cet outil fabuleux et exigeant, fond\u00e9 sur une connaissance approfondie du fiqh et de ses fondements et aussi, de la connaissance du milieu environnant, afin d\u2019apporter la ou les meilleures r\u00e9ponses qui soient aux musulmans.","og_url":"https:\/\/www.edition-tawhid.com\/staging-site\/produit\/la-fatwa\/","og_site_name":"\u00c9ditions Tawhid","article_publisher":"https:\/\/www.facebook.com\/editiontawhid\/","article_modified_time":"2025-08-27T14:02:35+00:00","og_image":[{"width":791,"height":1024,"url":"https:\/\/www.edition-tawhid.com\/staging-site\/wp-content\/uploads\/2022\/02\/fatwa_1_v2.jpg","type":"image\/jpeg"}],"twitter_card":"summary_large_image","twitter_misc":{"Dur\u00e9e de lecture estim\u00e9e":"2 minutes"},"schema":{"@context":"https:\/\/schema.org","@graph":[{"@type":"WebPage","@id":"https:\/\/www.edition-tawhid.com\/staging-site\/produit\/la-fatwa\/","url":"https:\/\/www.edition-tawhid.com\/staging-site\/produit\/la-fatwa\/","name":"La Fatwa Histoire, perspectives et d\u00e9fis europ\u00e9ens - \u00c9ditions Tawhid","isPartOf":{"@id":"https:\/\/www.edition-tawhid.com\/staging-site\/#website"},"primaryImageOfPage":{"@id":"https:\/\/www.edition-tawhid.com\/staging-site\/produit\/la-fatwa\/#primaryimage"},"image":{"@id":"https:\/\/www.edition-tawhid.com\/staging-site\/produit\/la-fatwa\/#primaryimage"},"thumbnailUrl":"https:\/\/www.edition-tawhid.com\/staging-site\/wp-content\/uploads\/2022\/02\/fatwa_1_v2.jpg","datePublished":"2022-02-01T15:57:39+00:00","dateModified":"2025-08-27T14:02:35+00:00","breadcrumb":{"@id":"https:\/\/www.edition-tawhid.com\/staging-site\/produit\/la-fatwa\/#breadcrumb"},"inLanguage":"fr-FR","potentialAction":[{"@type":"ReadAction","target":["https:\/\/www.edition-tawhid.com\/staging-site\/produit\/la-fatwa\/"]}]},{"@type":"ImageObject","inLanguage":"fr-FR","@id":"https:\/\/www.edition-tawhid.com\/staging-site\/produit\/la-fatwa\/#primaryimage","url":"https:\/\/www.edition-tawhid.com\/staging-site\/wp-content\/uploads\/2022\/02\/fatwa_1_v2.jpg","contentUrl":"https:\/\/www.edition-tawhid.com\/staging-site\/wp-content\/uploads\/2022\/02\/fatwa_1_v2.jpg","width":791,"height":1024,"caption":"La Fatwa"},{"@type":"BreadcrumbList","@id":"https:\/\/www.edition-tawhid.com\/staging-site\/produit\/la-fatwa\/#breadcrumb","itemListElement":[{"@type":"ListItem","position":1,"name":"Accueil","item":"https:\/\/www.edition-tawhid.com\/staging-site\/"},{"@type":"ListItem","position":2,"name":"Tous nos livres","item":"https:\/\/www.edition-tawhid.com\/staging-site\/tous-nos-livres\/"},{"@type":"ListItem","position":3,"name":"La Fatwa Histoire, perspectives et d\u00e9fis europ\u00e9ens"}]},{"@type":"WebSite","@id":"https:\/\/www.edition-tawhid.com\/staging-site\/#website","url":"https:\/\/www.edition-tawhid.com\/staging-site\/","name":"\u00c9ditions Tawhid","description":"Le sp\u00e9cialiste du livre islamique francophone","publisher":{"@id":"https:\/\/www.edition-tawhid.com\/staging-site\/#organization"},"potentialAction":[{"@type":"SearchAction","target":{"@type":"EntryPoint","urlTemplate":"https:\/\/www.edition-tawhid.com\/staging-site\/?s={search_term_string}"},"query-input":{"@type":"PropertyValueSpecification","valueRequired":true,"valueName":"search_term_string"}}],"inLanguage":"fr-FR"},{"@type":"Organization","@id":"https:\/\/www.edition-tawhid.com\/staging-site\/#organization","name":"Editions Tawhid","url":"https:\/\/www.edition-tawhid.com\/staging-site\/","logo":{"@type":"ImageObject","inLanguage":"fr-FR","@id":"https:\/\/www.edition-tawhid.com\/staging-site\/#\/schema\/logo\/image\/","url":"https:\/\/www.edition-tawhid.com\/staging-site\/wp-content\/uploads\/2018\/12\/logo_noir_v1-01.png","contentUrl":"https:\/\/www.edition-tawhid.com\/staging-site\/wp-content\/uploads\/2018\/12\/logo_noir_v1-01.png","width":80,"height":112,"caption":"Editions Tawhid"},"image":{"@id":"https:\/\/www.edition-tawhid.com\/staging-site\/#\/schema\/logo\/image\/"},"sameAs":["https:\/\/www.facebook.com\/editiontawhid\/"]}]}},"_links":{"self":[{"href":"https:\/\/www.edition-tawhid.com\/staging-site\/wp-json\/wp\/v2\/product\/13513","targetHints":{"allow":["GET"]}}],"collection":[{"href":"https:\/\/www.edition-tawhid.com\/staging-site\/wp-json\/wp\/v2\/product"}],"about":[{"href":"https:\/\/www.edition-tawhid.com\/staging-site\/wp-json\/wp\/v2\/types\/product"}],"replies":[{"embeddable":true,"href":"https:\/\/www.edition-tawhid.com\/staging-site\/wp-json\/wp\/v2\/comments?post=13513"}],"wp:featuredmedia":[{"embeddable":true,"href":"https:\/\/www.edition-tawhid.com\/staging-site\/wp-json\/wp\/v2\/media\/13563"}],"wp:attachment":[{"href":"https:\/\/www.edition-tawhid.com\/staging-site\/wp-json\/wp\/v2\/media?parent=13513"}],"wp:term":[{"taxonomy":"product_brand","embeddable":true,"href":"https:\/\/www.edition-tawhid.com\/staging-site\/wp-json\/wp\/v2\/product_brand?post=13513"},{"taxonomy":"product_cat","embeddable":true,"href":"https:\/\/www.edition-tawhid.com\/staging-site\/wp-json\/wp\/v2\/product_cat?post=13513"},{"taxonomy":"product_tag","embeddable":true,"href":"https:\/\/www.edition-tawhid.com\/staging-site\/wp-json\/wp\/v2\/product_tag?post=13513"}],"curies":[{"name":"wp","href":"https:\/\/api.w.org\/{rel}","templated":true}]}}