{"id":13537,"date":"2022-02-03T16:54:39","date_gmt":"2022-02-03T15:54:39","guid":{"rendered":"https:\/\/www.edition-tawhid.com\/staging-site\/?post_type=product&#038;p=13537"},"modified":"2024-06-08T02:21:32","modified_gmt":"2024-06-08T00:21:32","slug":"la-maladie-la-mort-laccompagnement-en-islam","status":"publish","type":"product","link":"https:\/\/www.edition-tawhid.com\/staging-site\/produit\/la-maladie-la-mort-laccompagnement-en-islam\/","title":{"rendered":"La maladie,<br\/> la mort et l&rsquo;accompagnement en islam"},"content":{"rendered":"<p><em>La maladie, la mort et l\u2019accompagnement en islam<\/em> et <em>Les rites fun\u00e9raires islamiques<\/em> sont deux ouvrages intimement li\u00e9s (th\u00e9matique de la mort), chacun \u00e9tant le prolongement de l\u2019autre, mais chacun se focalisant sur un axe particulier. Le premier est ax\u00e9 sur l\u2019appr\u00e9hension musulmane de la maladie, de la mort et l\u2019accompagnement n\u00e9cessaire, et le second sur les rites fun\u00e9raires, et en particulier en contexte non musulman. Cependant, nous les avons s\u00e9par\u00e9s physiquement afin de faciliter leur lecture et leur application.<\/p>\n<p>Cet ouvrage r\u00e9pond \u00e0 plusieurs questions : devrait-on se soigner face \u00e0 la maladie, peut-on le refuser, comment appr\u00e9hender la mort, et comment aider, accompagner les familles et proches du malade, du mourant et du d\u00e9funt. Nous pensons que c\u2019est le premier livre qui traite de l\u2019accompagnement (assistance spirituelle) et son ancrage dans les valeurs port\u00e9es par le Coran et la Sunna.<\/p>\n<p><em>Mostafa Brahami, Dr. en \u00e9conomie, est auteur de plusieurs ouvrages sur le fiqh, l\u2019\u00e9thique, la culture musulmane.<\/em><\/p>\n","protected":false},"excerpt":{"rendered":"<p>Cet ouvrage r\u00e9pond \u00e0 plusieurs questions : devrait-on se soigner face \u00e0 la maladie, peut-on le refuser, comment appr\u00e9hender la mort, et comment aider, accompagner les familles et proches du malade, du mourant et du d\u00e9funt. Nous pensons que c\u2019est le premier livre qui traite de l\u2019accompagnement (assistance spirituelle) et son ancrage dans les valeurs port\u00e9es par le Coran et la Sunna.<\/p>\n","protected":false},"featured_media":13538,"comment_status":"open","ping_status":"closed","template":"","meta":{"_acf_changed":false},"product_brand":[],"product_cat":[2711,2524],"product_tag":[],"class_list":{"0":"post-13537","1":"product","2":"type-product","3":"status-publish","4":"has-post-thumbnail","6":"product_cat-fiqh","7":"product_cat-spiritualite","8":"pa_book-author-mostafa-brahami","10":"first","11":"instock","12":"taxable","13":"shipping-taxable","14":"purchasable","15":"product-type-simple"},"acf":[],"yoast_head":"<!-- This site is optimized with the Yoast SEO plugin v27.1.1 - https:\/\/yoast.com\/product\/yoast-seo-wordpress\/ -->\n<title>La maladie, la mort et l&#039;accompagnement en islam - \u00c9ditions Tawhid<\/title>\n<meta name=\"robots\" content=\"noindex, follow, max-snippet:-1, max-image-preview:large, max-video-preview:-1\" \/>\n<meta property=\"og:locale\" content=\"fr_FR\" \/>\n<meta property=\"og:type\" content=\"article\" \/>\n<meta property=\"og:title\" content=\"La maladie, la mort et l&#039;accompagnement en islam - \u00c9ditions Tawhid\" \/>\n<meta property=\"og:description\" content=\"Cet ouvrage r\u00e9pond \u00e0 plusieurs questions : devrait-on se soigner face \u00e0 la maladie, peut-on le refuser, comment appr\u00e9hender la mort, et comment aider, accompagner les familles et proches du malade, du mourant et du d\u00e9funt. Nous pensons que c\u2019est le premier livre qui traite de l\u2019accompagnement (assistance spirituelle) et son ancrage dans les valeurs port\u00e9es par le Coran et la Sunna.\" \/>\n<meta property=\"og:url\" content=\"https:\/\/www.edition-tawhid.com\/staging-site\/produit\/la-maladie-la-mort-laccompagnement-en-islam\/\" \/>\n<meta property=\"og:site_name\" content=\"\u00c9ditions Tawhid\" \/>\n<meta property=\"article:publisher\" content=\"https:\/\/www.facebook.com\/editiontawhid\/\" \/>\n<meta property=\"article:modified_time\" content=\"2024-06-08T00:21:32+00:00\" \/>\n<meta property=\"og:image\" content=\"https:\/\/www.edition-tawhid.com\/staging-site\/wp-content\/uploads\/2022\/02\/brahami_mort_1_v1.jpg\" \/>\n\t<meta property=\"og:image:width\" content=\"791\" \/>\n\t<meta property=\"og:image:height\" content=\"1024\" \/>\n\t<meta property=\"og:image:type\" content=\"image\/jpeg\" \/>\n<meta name=\"twitter:card\" content=\"summary_large_image\" \/>\n<meta name=\"twitter:label1\" content=\"Dur\u00e9e de lecture estim\u00e9e\" \/>\n\t<meta name=\"twitter:data1\" content=\"1 minute\" \/>\n<script type=\"application\/ld+json\" class=\"yoast-schema-graph\">{\"@context\":\"https:\/\/schema.org\",\"@graph\":[{\"@type\":\"WebPage\",\"@id\":\"https:\/\/www.edition-tawhid.com\/staging-site\/produit\/la-maladie-la-mort-laccompagnement-en-islam\/\",\"url\":\"https:\/\/www.edition-tawhid.com\/staging-site\/produit\/la-maladie-la-mort-laccompagnement-en-islam\/\",\"name\":\"La maladie, la mort et l'accompagnement en islam - \u00c9ditions Tawhid\",\"isPartOf\":{\"@id\":\"https:\/\/www.edition-tawhid.com\/staging-site\/#website\"},\"primaryImageOfPage\":{\"@id\":\"https:\/\/www.edition-tawhid.com\/staging-site\/produit\/la-maladie-la-mort-laccompagnement-en-islam\/#primaryimage\"},\"image\":{\"@id\":\"https:\/\/www.edition-tawhid.com\/staging-site\/produit\/la-maladie-la-mort-laccompagnement-en-islam\/#primaryimage\"},\"thumbnailUrl\":\"https:\/\/www.edition-tawhid.com\/staging-site\/wp-content\/uploads\/2022\/02\/brahami_mort_1_v1.jpg\",\"datePublished\":\"2022-02-03T15:54:39+00:00\",\"dateModified\":\"2024-06-08T00:21:32+00:00\",\"breadcrumb\":{\"@id\":\"https:\/\/www.edition-tawhid.com\/staging-site\/produit\/la-maladie-la-mort-laccompagnement-en-islam\/#breadcrumb\"},\"inLanguage\":\"fr-FR\",\"potentialAction\":[{\"@type\":\"ReadAction\",\"target\":[\"https:\/\/www.edition-tawhid.com\/staging-site\/produit\/la-maladie-la-mort-laccompagnement-en-islam\/\"]}]},{\"@type\":\"ImageObject\",\"inLanguage\":\"fr-FR\",\"@id\":\"https:\/\/www.edition-tawhid.com\/staging-site\/produit\/la-maladie-la-mort-laccompagnement-en-islam\/#primaryimage\",\"url\":\"https:\/\/www.edition-tawhid.com\/staging-site\/wp-content\/uploads\/2022\/02\/brahami_mort_1_v1.jpg\",\"contentUrl\":\"https:\/\/www.edition-tawhid.com\/staging-site\/wp-content\/uploads\/2022\/02\/brahami_mort_1_v1.jpg\",\"width\":791,\"height\":1024,\"caption\":\"La maladie, la mort et l'accompagnement en islam\"},{\"@type\":\"BreadcrumbList\",\"@id\":\"https:\/\/www.edition-tawhid.com\/staging-site\/produit\/la-maladie-la-mort-laccompagnement-en-islam\/#breadcrumb\",\"itemListElement\":[{\"@type\":\"ListItem\",\"position\":1,\"name\":\"Accueil\",\"item\":\"https:\/\/www.edition-tawhid.com\/staging-site\/\"},{\"@type\":\"ListItem\",\"position\":2,\"name\":\"Tous nos livres\",\"item\":\"https:\/\/www.edition-tawhid.com\/staging-site\/tous-nos-livres\/\"},{\"@type\":\"ListItem\",\"position\":3,\"name\":\"La maladie, la mort et l&#8217;accompagnement en islam\"}]},{\"@type\":\"WebSite\",\"@id\":\"https:\/\/www.edition-tawhid.com\/staging-site\/#website\",\"url\":\"https:\/\/www.edition-tawhid.com\/staging-site\/\",\"name\":\"\u00c9ditions Tawhid\",\"description\":\"Le sp\u00e9cialiste du livre islamique francophone\",\"publisher\":{\"@id\":\"https:\/\/www.edition-tawhid.com\/staging-site\/#organization\"},\"potentialAction\":[{\"@type\":\"SearchAction\",\"target\":{\"@type\":\"EntryPoint\",\"urlTemplate\":\"https:\/\/www.edition-tawhid.com\/staging-site\/?s={search_term_string}\"},\"query-input\":{\"@type\":\"PropertyValueSpecification\",\"valueRequired\":true,\"valueName\":\"search_term_string\"}}],\"inLanguage\":\"fr-FR\"},{\"@type\":\"Organization\",\"@id\":\"https:\/\/www.edition-tawhid.com\/staging-site\/#organization\",\"name\":\"Editions Tawhid\",\"url\":\"https:\/\/www.edition-tawhid.com\/staging-site\/\",\"logo\":{\"@type\":\"ImageObject\",\"inLanguage\":\"fr-FR\",\"@id\":\"https:\/\/www.edition-tawhid.com\/staging-site\/#\/schema\/logo\/image\/\",\"url\":\"https:\/\/www.edition-tawhid.com\/staging-site\/wp-content\/uploads\/2018\/12\/logo_noir_v1-01.png\",\"contentUrl\":\"https:\/\/www.edition-tawhid.com\/staging-site\/wp-content\/uploads\/2018\/12\/logo_noir_v1-01.png\",\"width\":80,\"height\":112,\"caption\":\"Editions Tawhid\"},\"image\":{\"@id\":\"https:\/\/www.edition-tawhid.com\/staging-site\/#\/schema\/logo\/image\/\"},\"sameAs\":[\"https:\/\/www.facebook.com\/editiontawhid\/\"]}]}<\/script>\n<!-- \/ Yoast SEO plugin. -->","yoast_head_json":{"title":"La maladie, la mort et l'accompagnement en islam - \u00c9ditions Tawhid","robots":{"index":"noindex","follow":"follow","max-snippet":"max-snippet:-1","max-image-preview":"max-image-preview:large","max-video-preview":"max-video-preview:-1"},"og_locale":"fr_FR","og_type":"article","og_title":"La maladie, la mort et l'accompagnement en islam - \u00c9ditions Tawhid","og_description":"Cet ouvrage r\u00e9pond \u00e0 plusieurs questions : devrait-on se soigner face \u00e0 la maladie, peut-on le refuser, comment appr\u00e9hender la mort, et comment aider, accompagner les familles et proches du malade, du mourant et du d\u00e9funt. Nous pensons que c\u2019est le premier livre qui traite de l\u2019accompagnement (assistance spirituelle) et son ancrage dans les valeurs port\u00e9es par le Coran et la Sunna.","og_url":"https:\/\/www.edition-tawhid.com\/staging-site\/produit\/la-maladie-la-mort-laccompagnement-en-islam\/","og_site_name":"\u00c9ditions Tawhid","article_publisher":"https:\/\/www.facebook.com\/editiontawhid\/","article_modified_time":"2024-06-08T00:21:32+00:00","og_image":[{"width":791,"height":1024,"url":"https:\/\/www.edition-tawhid.com\/staging-site\/wp-content\/uploads\/2022\/02\/brahami_mort_1_v1.jpg","type":"image\/jpeg"}],"twitter_card":"summary_large_image","twitter_misc":{"Dur\u00e9e de lecture estim\u00e9e":"1 minute"},"schema":{"@context":"https:\/\/schema.org","@graph":[{"@type":"WebPage","@id":"https:\/\/www.edition-tawhid.com\/staging-site\/produit\/la-maladie-la-mort-laccompagnement-en-islam\/","url":"https:\/\/www.edition-tawhid.com\/staging-site\/produit\/la-maladie-la-mort-laccompagnement-en-islam\/","name":"La maladie, la mort et l'accompagnement en islam - \u00c9ditions Tawhid","isPartOf":{"@id":"https:\/\/www.edition-tawhid.com\/staging-site\/#website"},"primaryImageOfPage":{"@id":"https:\/\/www.edition-tawhid.com\/staging-site\/produit\/la-maladie-la-mort-laccompagnement-en-islam\/#primaryimage"},"image":{"@id":"https:\/\/www.edition-tawhid.com\/staging-site\/produit\/la-maladie-la-mort-laccompagnement-en-islam\/#primaryimage"},"thumbnailUrl":"https:\/\/www.edition-tawhid.com\/staging-site\/wp-content\/uploads\/2022\/02\/brahami_mort_1_v1.jpg","datePublished":"2022-02-03T15:54:39+00:00","dateModified":"2024-06-08T00:21:32+00:00","breadcrumb":{"@id":"https:\/\/www.edition-tawhid.com\/staging-site\/produit\/la-maladie-la-mort-laccompagnement-en-islam\/#breadcrumb"},"inLanguage":"fr-FR","potentialAction":[{"@type":"ReadAction","target":["https:\/\/www.edition-tawhid.com\/staging-site\/produit\/la-maladie-la-mort-laccompagnement-en-islam\/"]}]},{"@type":"ImageObject","inLanguage":"fr-FR","@id":"https:\/\/www.edition-tawhid.com\/staging-site\/produit\/la-maladie-la-mort-laccompagnement-en-islam\/#primaryimage","url":"https:\/\/www.edition-tawhid.com\/staging-site\/wp-content\/uploads\/2022\/02\/brahami_mort_1_v1.jpg","contentUrl":"https:\/\/www.edition-tawhid.com\/staging-site\/wp-content\/uploads\/2022\/02\/brahami_mort_1_v1.jpg","width":791,"height":1024,"caption":"La maladie, la mort et l'accompagnement en islam"},{"@type":"BreadcrumbList","@id":"https:\/\/www.edition-tawhid.com\/staging-site\/produit\/la-maladie-la-mort-laccompagnement-en-islam\/#breadcrumb","itemListElement":[{"@type":"ListItem","position":1,"name":"Accueil","item":"https:\/\/www.edition-tawhid.com\/staging-site\/"},{"@type":"ListItem","position":2,"name":"Tous nos livres","item":"https:\/\/www.edition-tawhid.com\/staging-site\/tous-nos-livres\/"},{"@type":"ListItem","position":3,"name":"La maladie, la mort et l&#8217;accompagnement en islam"}]},{"@type":"WebSite","@id":"https:\/\/www.edition-tawhid.com\/staging-site\/#website","url":"https:\/\/www.edition-tawhid.com\/staging-site\/","name":"\u00c9ditions Tawhid","description":"Le sp\u00e9cialiste du livre islamique francophone","publisher":{"@id":"https:\/\/www.edition-tawhid.com\/staging-site\/#organization"},"potentialAction":[{"@type":"SearchAction","target":{"@type":"EntryPoint","urlTemplate":"https:\/\/www.edition-tawhid.com\/staging-site\/?s={search_term_string}"},"query-input":{"@type":"PropertyValueSpecification","valueRequired":true,"valueName":"search_term_string"}}],"inLanguage":"fr-FR"},{"@type":"Organization","@id":"https:\/\/www.edition-tawhid.com\/staging-site\/#organization","name":"Editions Tawhid","url":"https:\/\/www.edition-tawhid.com\/staging-site\/","logo":{"@type":"ImageObject","inLanguage":"fr-FR","@id":"https:\/\/www.edition-tawhid.com\/staging-site\/#\/schema\/logo\/image\/","url":"https:\/\/www.edition-tawhid.com\/staging-site\/wp-content\/uploads\/2018\/12\/logo_noir_v1-01.png","contentUrl":"https:\/\/www.edition-tawhid.com\/staging-site\/wp-content\/uploads\/2018\/12\/logo_noir_v1-01.png","width":80,"height":112,"caption":"Editions Tawhid"},"image":{"@id":"https:\/\/www.edition-tawhid.com\/staging-site\/#\/schema\/logo\/image\/"},"sameAs":["https:\/\/www.facebook.com\/editiontawhid\/"]}]}},"_links":{"self":[{"href":"https:\/\/www.edition-tawhid.com\/staging-site\/wp-json\/wp\/v2\/product\/13537","targetHints":{"allow":["GET"]}}],"collection":[{"href":"https:\/\/www.edition-tawhid.com\/staging-site\/wp-json\/wp\/v2\/product"}],"about":[{"href":"https:\/\/www.edition-tawhid.com\/staging-site\/wp-json\/wp\/v2\/types\/product"}],"replies":[{"embeddable":true,"href":"https:\/\/www.edition-tawhid.com\/staging-site\/wp-json\/wp\/v2\/comments?post=13537"}],"wp:featuredmedia":[{"embeddable":true,"href":"https:\/\/www.edition-tawhid.com\/staging-site\/wp-json\/wp\/v2\/media\/13538"}],"wp:attachment":[{"href":"https:\/\/www.edition-tawhid.com\/staging-site\/wp-json\/wp\/v2\/media?parent=13537"}],"wp:term":[{"taxonomy":"product_brand","embeddable":true,"href":"https:\/\/www.edition-tawhid.com\/staging-site\/wp-json\/wp\/v2\/product_brand?post=13537"},{"taxonomy":"product_cat","embeddable":true,"href":"https:\/\/www.edition-tawhid.com\/staging-site\/wp-json\/wp\/v2\/product_cat?post=13537"},{"taxonomy":"product_tag","embeddable":true,"href":"https:\/\/www.edition-tawhid.com\/staging-site\/wp-json\/wp\/v2\/product_tag?post=13537"}],"curies":[{"name":"wp","href":"https:\/\/api.w.org\/{rel}","templated":true}]}}