{"id":14180,"date":"2022-06-18T22:05:45","date_gmt":"2022-06-18T20:05:45","guid":{"rendered":"https:\/\/www.edition-tawhid.com\/staging-site\/?post_type=product&#038;p=14180"},"modified":"2024-05-07T14:49:17","modified_gmt":"2024-05-07T12:49:17","slug":"quran-challenge-jeu","status":"publish","type":"product","link":"https:\/\/www.edition-tawhid.com\/staging-site\/produit\/quran-challenge-jeu\/","title":{"rendered":"Quran Challenge (Jeu)"},"content":{"rendered":"<p><strong>2 \u00e0 6 joueurs &#8211; 8 ans et plus<\/strong><\/p>\n<p>Qur&rsquo;an Challenge : Nouvelle version am\u00e9lior\u00e9e avec une nouvelle r\u00e8gle de jeu<\/p>\n<p>Le Jeu de soci\u00e9t\u00e9 \u00ab\u00a0Qur&rsquo;an Challenge\u00a0\u00bb est un jeu unique, le premier en son genre \u00e0 \u00eatre bas\u00e9 sur le Livre Sacr\u00e9 et qui vise \u00e0 offrir un moment d&rsquo;amusement \u00e0 la fois ludique et \u00e9ducatif aux enfants. Toutes les questions qui y figurent sont issues du Coran ; elles sont propos\u00e9es de mani\u00e8re tellement ludique que les enfants prendront plaisir \u00e0 y r\u00e9pondre.Quran Challenge<\/p>\n<p>Ce jeu peut \u00eatre utilis\u00e9 \u00e0 l&rsquo;\u00e9cole, comme \u00e0 la maison avec tous les membres de la famille. II constitue un v\u00e9ritable voyage dans le monde de l&rsquo;amusement, de la sagesse et de l&rsquo;\u00e9ducation. Entamez donc votre voyage et voyez comme l\u2019apprentissage peut \u00eatre amusant !<\/p>\n<p>Contenu de la bo\u00eete :<\/p>\n<p>1 planche de jeu<br \/>\n100 cartes de questions<br \/>\n6 pi\u00e8ces de jeu (pions)<br \/>\n1 d\u00e9<br \/>\n1 livret d&rsquo;instructions (8 pages)<\/p>\n","protected":false},"excerpt":{"rendered":"<p>Le Jeu de soci\u00e9t\u00e9 \u00ab\u00a0Qur&rsquo;an Challenge\u00a0\u00bb est un jeu unique, le premier en son genre \u00e0 \u00eatre bas\u00e9 sur le Livre Sacr\u00e9 et qui vise \u00e0 offrir un moment d&rsquo;amusement \u00e0 la fois ludique et \u00e9ducatif aux enfants. Toutes les questions qui y figurent sont issues du Coran ; elles sont propos\u00e9es de mani\u00e8re tellement ludique que les enfants prendront plaisir \u00e0 y r\u00e9pondre.<\/p>\n<p>&nbsp;<\/p>\n","protected":false},"featured_media":14181,"comment_status":"open","ping_status":"closed","template":"","meta":{"_acf_changed":false},"product_brand":[],"product_cat":[2465],"product_tag":[],"class_list":{"0":"post-14180","1":"product","2":"type-product","3":"status-publish","4":"has-post-thumbnail","6":"product_cat-jeunesse","8":"first","9":"outofstock","10":"taxable","11":"shipping-taxable","12":"purchasable","13":"product-type-simple"},"acf":[],"yoast_head":"<!-- This site is optimized with the Yoast SEO plugin v27.1.1 - https:\/\/yoast.com\/product\/yoast-seo-wordpress\/ -->\n<title>Quran Challenge (Jeu) - \u00c9ditions Tawhid<\/title>\n<meta name=\"robots\" content=\"noindex, follow, max-snippet:-1, max-image-preview:large, max-video-preview:-1\" \/>\n<meta property=\"og:locale\" content=\"fr_FR\" \/>\n<meta property=\"og:type\" content=\"article\" \/>\n<meta property=\"og:title\" content=\"Quran Challenge (Jeu) - \u00c9ditions Tawhid\" \/>\n<meta property=\"og:description\" content=\"Le Jeu de soci\u00e9t\u00e9 &quot;Qur&#039;an Challenge&quot; est un jeu unique, le premier en son genre \u00e0 \u00eatre bas\u00e9 sur le Livre Sacr\u00e9 et qui vise \u00e0 offrir un moment d&#039;amusement \u00e0 la fois ludique et \u00e9ducatif aux enfants. Toutes les questions qui y figurent sont issues du Coran ; elles sont propos\u00e9es de mani\u00e8re tellement ludique que les enfants prendront plaisir \u00e0 y r\u00e9pondre.  &nbsp;\" \/>\n<meta property=\"og:url\" content=\"https:\/\/www.edition-tawhid.com\/staging-site\/produit\/quran-challenge-jeu\/\" \/>\n<meta property=\"og:site_name\" content=\"\u00c9ditions Tawhid\" \/>\n<meta property=\"article:publisher\" content=\"https:\/\/www.facebook.com\/editiontawhid\/\" \/>\n<meta property=\"article:modified_time\" content=\"2024-05-07T12:49:17+00:00\" \/>\n<meta property=\"og:image\" content=\"https:\/\/www.edition-tawhid.com\/staging-site\/wp-content\/uploads\/2022\/06\/quran-challenge-1-v1.jpg\" \/>\n\t<meta property=\"og:image:width\" content=\"791\" \/>\n\t<meta property=\"og:image:height\" content=\"1024\" \/>\n\t<meta property=\"og:image:type\" content=\"image\/jpeg\" \/>\n<meta name=\"twitter:card\" content=\"summary_large_image\" \/>\n<meta name=\"twitter:label1\" content=\"Dur\u00e9e de lecture estim\u00e9e\" \/>\n\t<meta name=\"twitter:data1\" content=\"1 minute\" \/>\n<script type=\"application\/ld+json\" class=\"yoast-schema-graph\">{\"@context\":\"https:\/\/schema.org\",\"@graph\":[{\"@type\":\"WebPage\",\"@id\":\"https:\/\/www.edition-tawhid.com\/staging-site\/produit\/quran-challenge-jeu\/\",\"url\":\"https:\/\/www.edition-tawhid.com\/staging-site\/produit\/quran-challenge-jeu\/\",\"name\":\"Quran Challenge (Jeu) - \u00c9ditions Tawhid\",\"isPartOf\":{\"@id\":\"https:\/\/www.edition-tawhid.com\/staging-site\/#website\"},\"primaryImageOfPage\":{\"@id\":\"https:\/\/www.edition-tawhid.com\/staging-site\/produit\/quran-challenge-jeu\/#primaryimage\"},\"image\":{\"@id\":\"https:\/\/www.edition-tawhid.com\/staging-site\/produit\/quran-challenge-jeu\/#primaryimage\"},\"thumbnailUrl\":\"https:\/\/www.edition-tawhid.com\/staging-site\/wp-content\/uploads\/2022\/06\/quran-challenge-1-v1.jpg\",\"datePublished\":\"2022-06-18T20:05:45+00:00\",\"dateModified\":\"2024-05-07T12:49:17+00:00\",\"breadcrumb\":{\"@id\":\"https:\/\/www.edition-tawhid.com\/staging-site\/produit\/quran-challenge-jeu\/#breadcrumb\"},\"inLanguage\":\"fr-FR\",\"potentialAction\":[{\"@type\":\"ReadAction\",\"target\":[\"https:\/\/www.edition-tawhid.com\/staging-site\/produit\/quran-challenge-jeu\/\"]}]},{\"@type\":\"ImageObject\",\"inLanguage\":\"fr-FR\",\"@id\":\"https:\/\/www.edition-tawhid.com\/staging-site\/produit\/quran-challenge-jeu\/#primaryimage\",\"url\":\"https:\/\/www.edition-tawhid.com\/staging-site\/wp-content\/uploads\/2022\/06\/quran-challenge-1-v1.jpg\",\"contentUrl\":\"https:\/\/www.edition-tawhid.com\/staging-site\/wp-content\/uploads\/2022\/06\/quran-challenge-1-v1.jpg\",\"width\":791,\"height\":1024,\"caption\":\"Quran Challenge\"},{\"@type\":\"BreadcrumbList\",\"@id\":\"https:\/\/www.edition-tawhid.com\/staging-site\/produit\/quran-challenge-jeu\/#breadcrumb\",\"itemListElement\":[{\"@type\":\"ListItem\",\"position\":1,\"name\":\"Accueil\",\"item\":\"https:\/\/www.edition-tawhid.com\/staging-site\/\"},{\"@type\":\"ListItem\",\"position\":2,\"name\":\"Tous nos livres\",\"item\":\"https:\/\/www.edition-tawhid.com\/staging-site\/tous-nos-livres\/\"},{\"@type\":\"ListItem\",\"position\":3,\"name\":\"Quran Challenge (Jeu)\"}]},{\"@type\":\"WebSite\",\"@id\":\"https:\/\/www.edition-tawhid.com\/staging-site\/#website\",\"url\":\"https:\/\/www.edition-tawhid.com\/staging-site\/\",\"name\":\"\u00c9ditions Tawhid\",\"description\":\"Le sp\u00e9cialiste du livre islamique francophone\",\"publisher\":{\"@id\":\"https:\/\/www.edition-tawhid.com\/staging-site\/#organization\"},\"potentialAction\":[{\"@type\":\"SearchAction\",\"target\":{\"@type\":\"EntryPoint\",\"urlTemplate\":\"https:\/\/www.edition-tawhid.com\/staging-site\/?s={search_term_string}\"},\"query-input\":{\"@type\":\"PropertyValueSpecification\",\"valueRequired\":true,\"valueName\":\"search_term_string\"}}],\"inLanguage\":\"fr-FR\"},{\"@type\":\"Organization\",\"@id\":\"https:\/\/www.edition-tawhid.com\/staging-site\/#organization\",\"name\":\"Editions Tawhid\",\"url\":\"https:\/\/www.edition-tawhid.com\/staging-site\/\",\"logo\":{\"@type\":\"ImageObject\",\"inLanguage\":\"fr-FR\",\"@id\":\"https:\/\/www.edition-tawhid.com\/staging-site\/#\/schema\/logo\/image\/\",\"url\":\"https:\/\/www.edition-tawhid.com\/staging-site\/wp-content\/uploads\/2018\/12\/logo_noir_v1-01.png\",\"contentUrl\":\"https:\/\/www.edition-tawhid.com\/staging-site\/wp-content\/uploads\/2018\/12\/logo_noir_v1-01.png\",\"width\":80,\"height\":112,\"caption\":\"Editions Tawhid\"},\"image\":{\"@id\":\"https:\/\/www.edition-tawhid.com\/staging-site\/#\/schema\/logo\/image\/\"},\"sameAs\":[\"https:\/\/www.facebook.com\/editiontawhid\/\"]}]}<\/script>\n<!-- \/ Yoast SEO plugin. -->","yoast_head_json":{"title":"Quran Challenge (Jeu) - \u00c9ditions Tawhid","robots":{"index":"noindex","follow":"follow","max-snippet":"max-snippet:-1","max-image-preview":"max-image-preview:large","max-video-preview":"max-video-preview:-1"},"og_locale":"fr_FR","og_type":"article","og_title":"Quran Challenge (Jeu) - \u00c9ditions Tawhid","og_description":"Le Jeu de soci\u00e9t\u00e9 \"Qur'an Challenge\" est un jeu unique, le premier en son genre \u00e0 \u00eatre bas\u00e9 sur le Livre Sacr\u00e9 et qui vise \u00e0 offrir un moment d'amusement \u00e0 la fois ludique et \u00e9ducatif aux enfants. Toutes les questions qui y figurent sont issues du Coran ; elles sont propos\u00e9es de mani\u00e8re tellement ludique que les enfants prendront plaisir \u00e0 y r\u00e9pondre.  &nbsp;","og_url":"https:\/\/www.edition-tawhid.com\/staging-site\/produit\/quran-challenge-jeu\/","og_site_name":"\u00c9ditions Tawhid","article_publisher":"https:\/\/www.facebook.com\/editiontawhid\/","article_modified_time":"2024-05-07T12:49:17+00:00","og_image":[{"width":791,"height":1024,"url":"https:\/\/www.edition-tawhid.com\/staging-site\/wp-content\/uploads\/2022\/06\/quran-challenge-1-v1.jpg","type":"image\/jpeg"}],"twitter_card":"summary_large_image","twitter_misc":{"Dur\u00e9e de lecture estim\u00e9e":"1 minute"},"schema":{"@context":"https:\/\/schema.org","@graph":[{"@type":"WebPage","@id":"https:\/\/www.edition-tawhid.com\/staging-site\/produit\/quran-challenge-jeu\/","url":"https:\/\/www.edition-tawhid.com\/staging-site\/produit\/quran-challenge-jeu\/","name":"Quran Challenge (Jeu) - \u00c9ditions Tawhid","isPartOf":{"@id":"https:\/\/www.edition-tawhid.com\/staging-site\/#website"},"primaryImageOfPage":{"@id":"https:\/\/www.edition-tawhid.com\/staging-site\/produit\/quran-challenge-jeu\/#primaryimage"},"image":{"@id":"https:\/\/www.edition-tawhid.com\/staging-site\/produit\/quran-challenge-jeu\/#primaryimage"},"thumbnailUrl":"https:\/\/www.edition-tawhid.com\/staging-site\/wp-content\/uploads\/2022\/06\/quran-challenge-1-v1.jpg","datePublished":"2022-06-18T20:05:45+00:00","dateModified":"2024-05-07T12:49:17+00:00","breadcrumb":{"@id":"https:\/\/www.edition-tawhid.com\/staging-site\/produit\/quran-challenge-jeu\/#breadcrumb"},"inLanguage":"fr-FR","potentialAction":[{"@type":"ReadAction","target":["https:\/\/www.edition-tawhid.com\/staging-site\/produit\/quran-challenge-jeu\/"]}]},{"@type":"ImageObject","inLanguage":"fr-FR","@id":"https:\/\/www.edition-tawhid.com\/staging-site\/produit\/quran-challenge-jeu\/#primaryimage","url":"https:\/\/www.edition-tawhid.com\/staging-site\/wp-content\/uploads\/2022\/06\/quran-challenge-1-v1.jpg","contentUrl":"https:\/\/www.edition-tawhid.com\/staging-site\/wp-content\/uploads\/2022\/06\/quran-challenge-1-v1.jpg","width":791,"height":1024,"caption":"Quran Challenge"},{"@type":"BreadcrumbList","@id":"https:\/\/www.edition-tawhid.com\/staging-site\/produit\/quran-challenge-jeu\/#breadcrumb","itemListElement":[{"@type":"ListItem","position":1,"name":"Accueil","item":"https:\/\/www.edition-tawhid.com\/staging-site\/"},{"@type":"ListItem","position":2,"name":"Tous nos livres","item":"https:\/\/www.edition-tawhid.com\/staging-site\/tous-nos-livres\/"},{"@type":"ListItem","position":3,"name":"Quran Challenge (Jeu)"}]},{"@type":"WebSite","@id":"https:\/\/www.edition-tawhid.com\/staging-site\/#website","url":"https:\/\/www.edition-tawhid.com\/staging-site\/","name":"\u00c9ditions Tawhid","description":"Le sp\u00e9cialiste du livre islamique francophone","publisher":{"@id":"https:\/\/www.edition-tawhid.com\/staging-site\/#organization"},"potentialAction":[{"@type":"SearchAction","target":{"@type":"EntryPoint","urlTemplate":"https:\/\/www.edition-tawhid.com\/staging-site\/?s={search_term_string}"},"query-input":{"@type":"PropertyValueSpecification","valueRequired":true,"valueName":"search_term_string"}}],"inLanguage":"fr-FR"},{"@type":"Organization","@id":"https:\/\/www.edition-tawhid.com\/staging-site\/#organization","name":"Editions Tawhid","url":"https:\/\/www.edition-tawhid.com\/staging-site\/","logo":{"@type":"ImageObject","inLanguage":"fr-FR","@id":"https:\/\/www.edition-tawhid.com\/staging-site\/#\/schema\/logo\/image\/","url":"https:\/\/www.edition-tawhid.com\/staging-site\/wp-content\/uploads\/2018\/12\/logo_noir_v1-01.png","contentUrl":"https:\/\/www.edition-tawhid.com\/staging-site\/wp-content\/uploads\/2018\/12\/logo_noir_v1-01.png","width":80,"height":112,"caption":"Editions Tawhid"},"image":{"@id":"https:\/\/www.edition-tawhid.com\/staging-site\/#\/schema\/logo\/image\/"},"sameAs":["https:\/\/www.facebook.com\/editiontawhid\/"]}]}},"_links":{"self":[{"href":"https:\/\/www.edition-tawhid.com\/staging-site\/wp-json\/wp\/v2\/product\/14180","targetHints":{"allow":["GET"]}}],"collection":[{"href":"https:\/\/www.edition-tawhid.com\/staging-site\/wp-json\/wp\/v2\/product"}],"about":[{"href":"https:\/\/www.edition-tawhid.com\/staging-site\/wp-json\/wp\/v2\/types\/product"}],"replies":[{"embeddable":true,"href":"https:\/\/www.edition-tawhid.com\/staging-site\/wp-json\/wp\/v2\/comments?post=14180"}],"wp:featuredmedia":[{"embeddable":true,"href":"https:\/\/www.edition-tawhid.com\/staging-site\/wp-json\/wp\/v2\/media\/14181"}],"wp:attachment":[{"href":"https:\/\/www.edition-tawhid.com\/staging-site\/wp-json\/wp\/v2\/media?parent=14180"}],"wp:term":[{"taxonomy":"product_brand","embeddable":true,"href":"https:\/\/www.edition-tawhid.com\/staging-site\/wp-json\/wp\/v2\/product_brand?post=14180"},{"taxonomy":"product_cat","embeddable":true,"href":"https:\/\/www.edition-tawhid.com\/staging-site\/wp-json\/wp\/v2\/product_cat?post=14180"},{"taxonomy":"product_tag","embeddable":true,"href":"https:\/\/www.edition-tawhid.com\/staging-site\/wp-json\/wp\/v2\/product_tag?post=14180"}],"curies":[{"name":"wp","href":"https:\/\/api.w.org\/{rel}","templated":true}]}}