{"id":14186,"date":"2022-06-19T02:12:18","date_gmt":"2022-06-19T00:12:18","guid":{"rendered":"https:\/\/www.edition-tawhid.com\/staging-site\/?post_type=product&#038;p=14186"},"modified":"2024-04-02T14:49:15","modified_gmt":"2024-04-02T12:49:15","slug":"les-cinq-piliers-de-lislam-jeu","status":"publish","type":"product","link":"https:\/\/www.edition-tawhid.com\/staging-site\/produit\/les-cinq-piliers-de-lislam-jeu\/","title":{"rendered":"Les cinq piliers de l&rsquo;islam (Jeu)"},"content":{"rendered":"<p><strong>Age : 8 ans et plus &#8211; Temps moyen d&rsquo;une partie : 30 min &#8211; 2 \u00e0 6 joueurs<\/strong><\/p>\n<p>Pr\u00e9parez-vous \u00e0 en apprendre davantage sur les Cinq Piliers de l\u2019Islam de mani\u00e8re ludique, en famille ou entre amis. Le jeu de soci\u00e9t\u00e9 des Cinq Piliers de l\u2019Islam est vendu avec une s\u00e9rie de 100 cartes et un plateau de jeu tr\u00e8s joliment d\u00e9cor\u00e9.<\/p>\n<p>Il existe quatre types diff\u00e9rents de cartes : les cartes \u00ab casse-t\u00eates \u00bb, les cartes \u00abdevinettes \u00bb, les cartes \u00ab relie les deux colonnes \u00bb, les cartes \u00ab \u00e0 toi de jouer \u00bb ou \u00ab \u00e0 toi de dessiner \u00bb.<\/p>\n<p>Ces cartes relatent des faits marquants, amusants, instructifs et pleins de sagesse et font participer les joueurs \u00e0 diff\u00e9rentes activit\u00e9s. Ce jeu am\u00e9liorera et \u00e9tendra vos connaissances concernant les Cinq Piliers de l\u2019Islam qui sont : la Shah\u00e2dah (attestation de foi), la Sal\u00e2t (la pri\u00e8re), le Sawm (le je\u00fbne), la Zak\u00e2t (l\u2019aum\u00f4ne l\u00e9gale) et le Hajj (le p\u00e8lerinage).<\/p>\n<p>Ce jeu de connaissances extr\u00eamement divertissant est une v\u00e9ritable invitation au voyage dans le monde des jeux, de la sagesse et de l\u2019\u00e9ducation pour toute la famille !<\/p>\n<p>Qu\u2019y a-t-il dans la bo\u00eete ?<\/p>\n<p>60 cartes \u00ab casse-t\u00eates \u00bb<br \/>\n10 cartes \u00ab devinettes \u00bb<br \/>\n15 cartes \u00ab \u00e0 toi de jouer \u00bb ou \u00ab \u00e0 toi de dessiner \u00bb<br \/>\n15 cartes \u00ab relie les deux colonnes \u00bb<br \/>\n1 plateau de jeu<br \/>\n1 livret des r\u00e8gles du jeu (mode d&#8217;emploi d\u00e9taill\u00e9 en langue fran\u00e7aise)<br \/>\nUn sablier<\/p>\n","protected":false},"excerpt":{"rendered":"<p>Pr\u00e9parez-vous \u00e0 en apprendre davantage sur les Cinq Piliers de l\u2019Islam de mani\u00e8re ludique, en famille ou entre amis. Le jeu de soci\u00e9t\u00e9 des Cinq Piliers de l\u2019Islam est vendu avec une s\u00e9rie de 100 cartes et un plateau de jeu tr\u00e8s joliment d\u00e9cor\u00e9.<\/p>\n","protected":false},"featured_media":14187,"comment_status":"open","ping_status":"closed","template":"","meta":{"_acf_changed":false},"product_brand":[],"product_cat":[2465],"product_tag":[],"class_list":{"0":"post-14186","1":"product","2":"type-product","3":"status-publish","4":"has-post-thumbnail","6":"product_cat-jeunesse","8":"first","9":"outofstock","10":"taxable","11":"shipping-taxable","12":"purchasable","13":"product-type-simple"},"acf":[],"yoast_head":"<!-- This site is optimized with the Yoast SEO plugin v27.1.1 - https:\/\/yoast.com\/product\/yoast-seo-wordpress\/ -->\n<title>Les cinq piliers de l&#039;islam (Jeu) - \u00c9ditions Tawhid<\/title>\n<meta name=\"robots\" content=\"noindex, follow, max-snippet:-1, max-image-preview:large, max-video-preview:-1\" \/>\n<meta property=\"og:locale\" content=\"fr_FR\" \/>\n<meta property=\"og:type\" content=\"article\" \/>\n<meta property=\"og:title\" content=\"Les cinq piliers de l&#039;islam (Jeu) - \u00c9ditions Tawhid\" \/>\n<meta property=\"og:description\" content=\"Pr\u00e9parez-vous \u00e0 en apprendre davantage sur les Cinq Piliers de l\u2019Islam de mani\u00e8re ludique, en famille ou entre amis. Le jeu de soci\u00e9t\u00e9 des Cinq Piliers de l\u2019Islam est vendu avec une s\u00e9rie de 100 cartes et un plateau de jeu tr\u00e8s joliment d\u00e9cor\u00e9.\" \/>\n<meta property=\"og:url\" content=\"https:\/\/www.edition-tawhid.com\/staging-site\/produit\/les-cinq-piliers-de-lislam-jeu\/\" \/>\n<meta property=\"og:site_name\" content=\"\u00c9ditions Tawhid\" \/>\n<meta property=\"article:publisher\" content=\"https:\/\/www.facebook.com\/editiontawhid\/\" \/>\n<meta property=\"article:modified_time\" content=\"2024-04-02T12:49:15+00:00\" \/>\n<meta property=\"og:image\" content=\"https:\/\/www.edition-tawhid.com\/staging-site\/wp-content\/uploads\/2022\/06\/cinq-piliers-jeu-1-v1.jpg\" \/>\n\t<meta property=\"og:image:width\" content=\"791\" \/>\n\t<meta property=\"og:image:height\" content=\"1024\" \/>\n\t<meta property=\"og:image:type\" content=\"image\/jpeg\" \/>\n<meta name=\"twitter:card\" content=\"summary_large_image\" \/>\n<meta name=\"twitter:label1\" content=\"Dur\u00e9e de lecture estim\u00e9e\" \/>\n\t<meta name=\"twitter:data1\" content=\"2 minutes\" \/>\n<script type=\"application\/ld+json\" class=\"yoast-schema-graph\">{\"@context\":\"https:\/\/schema.org\",\"@graph\":[{\"@type\":\"WebPage\",\"@id\":\"https:\/\/www.edition-tawhid.com\/staging-site\/produit\/les-cinq-piliers-de-lislam-jeu\/\",\"url\":\"https:\/\/www.edition-tawhid.com\/staging-site\/produit\/les-cinq-piliers-de-lislam-jeu\/\",\"name\":\"Les cinq piliers de l'islam (Jeu) - \u00c9ditions Tawhid\",\"isPartOf\":{\"@id\":\"https:\/\/www.edition-tawhid.com\/staging-site\/#website\"},\"primaryImageOfPage\":{\"@id\":\"https:\/\/www.edition-tawhid.com\/staging-site\/produit\/les-cinq-piliers-de-lislam-jeu\/#primaryimage\"},\"image\":{\"@id\":\"https:\/\/www.edition-tawhid.com\/staging-site\/produit\/les-cinq-piliers-de-lislam-jeu\/#primaryimage\"},\"thumbnailUrl\":\"https:\/\/www.edition-tawhid.com\/staging-site\/wp-content\/uploads\/2022\/06\/cinq-piliers-jeu-1-v1.jpg\",\"datePublished\":\"2022-06-19T00:12:18+00:00\",\"dateModified\":\"2024-04-02T12:49:15+00:00\",\"breadcrumb\":{\"@id\":\"https:\/\/www.edition-tawhid.com\/staging-site\/produit\/les-cinq-piliers-de-lislam-jeu\/#breadcrumb\"},\"inLanguage\":\"fr-FR\",\"potentialAction\":[{\"@type\":\"ReadAction\",\"target\":[\"https:\/\/www.edition-tawhid.com\/staging-site\/produit\/les-cinq-piliers-de-lislam-jeu\/\"]}]},{\"@type\":\"ImageObject\",\"inLanguage\":\"fr-FR\",\"@id\":\"https:\/\/www.edition-tawhid.com\/staging-site\/produit\/les-cinq-piliers-de-lislam-jeu\/#primaryimage\",\"url\":\"https:\/\/www.edition-tawhid.com\/staging-site\/wp-content\/uploads\/2022\/06\/cinq-piliers-jeu-1-v1.jpg\",\"contentUrl\":\"https:\/\/www.edition-tawhid.com\/staging-site\/wp-content\/uploads\/2022\/06\/cinq-piliers-jeu-1-v1.jpg\",\"width\":791,\"height\":1024,\"caption\":\"Les cinq piliers de l'islam\"},{\"@type\":\"BreadcrumbList\",\"@id\":\"https:\/\/www.edition-tawhid.com\/staging-site\/produit\/les-cinq-piliers-de-lislam-jeu\/#breadcrumb\",\"itemListElement\":[{\"@type\":\"ListItem\",\"position\":1,\"name\":\"Accueil\",\"item\":\"https:\/\/www.edition-tawhid.com\/staging-site\/\"},{\"@type\":\"ListItem\",\"position\":2,\"name\":\"Tous nos livres\",\"item\":\"https:\/\/www.edition-tawhid.com\/staging-site\/tous-nos-livres\/\"},{\"@type\":\"ListItem\",\"position\":3,\"name\":\"Les cinq piliers de l&#8217;islam (Jeu)\"}]},{\"@type\":\"WebSite\",\"@id\":\"https:\/\/www.edition-tawhid.com\/staging-site\/#website\",\"url\":\"https:\/\/www.edition-tawhid.com\/staging-site\/\",\"name\":\"\u00c9ditions Tawhid\",\"description\":\"Le sp\u00e9cialiste du livre islamique francophone\",\"publisher\":{\"@id\":\"https:\/\/www.edition-tawhid.com\/staging-site\/#organization\"},\"potentialAction\":[{\"@type\":\"SearchAction\",\"target\":{\"@type\":\"EntryPoint\",\"urlTemplate\":\"https:\/\/www.edition-tawhid.com\/staging-site\/?s={search_term_string}\"},\"query-input\":{\"@type\":\"PropertyValueSpecification\",\"valueRequired\":true,\"valueName\":\"search_term_string\"}}],\"inLanguage\":\"fr-FR\"},{\"@type\":\"Organization\",\"@id\":\"https:\/\/www.edition-tawhid.com\/staging-site\/#organization\",\"name\":\"Editions Tawhid\",\"url\":\"https:\/\/www.edition-tawhid.com\/staging-site\/\",\"logo\":{\"@type\":\"ImageObject\",\"inLanguage\":\"fr-FR\",\"@id\":\"https:\/\/www.edition-tawhid.com\/staging-site\/#\/schema\/logo\/image\/\",\"url\":\"https:\/\/www.edition-tawhid.com\/staging-site\/wp-content\/uploads\/2018\/12\/logo_noir_v1-01.png\",\"contentUrl\":\"https:\/\/www.edition-tawhid.com\/staging-site\/wp-content\/uploads\/2018\/12\/logo_noir_v1-01.png\",\"width\":80,\"height\":112,\"caption\":\"Editions Tawhid\"},\"image\":{\"@id\":\"https:\/\/www.edition-tawhid.com\/staging-site\/#\/schema\/logo\/image\/\"},\"sameAs\":[\"https:\/\/www.facebook.com\/editiontawhid\/\"]}]}<\/script>\n<!-- \/ Yoast SEO plugin. -->","yoast_head_json":{"title":"Les cinq piliers de l'islam (Jeu) - \u00c9ditions Tawhid","robots":{"index":"noindex","follow":"follow","max-snippet":"max-snippet:-1","max-image-preview":"max-image-preview:large","max-video-preview":"max-video-preview:-1"},"og_locale":"fr_FR","og_type":"article","og_title":"Les cinq piliers de l'islam (Jeu) - \u00c9ditions Tawhid","og_description":"Pr\u00e9parez-vous \u00e0 en apprendre davantage sur les Cinq Piliers de l\u2019Islam de mani\u00e8re ludique, en famille ou entre amis. Le jeu de soci\u00e9t\u00e9 des Cinq Piliers de l\u2019Islam est vendu avec une s\u00e9rie de 100 cartes et un plateau de jeu tr\u00e8s joliment d\u00e9cor\u00e9.","og_url":"https:\/\/www.edition-tawhid.com\/staging-site\/produit\/les-cinq-piliers-de-lislam-jeu\/","og_site_name":"\u00c9ditions Tawhid","article_publisher":"https:\/\/www.facebook.com\/editiontawhid\/","article_modified_time":"2024-04-02T12:49:15+00:00","og_image":[{"width":791,"height":1024,"url":"https:\/\/www.edition-tawhid.com\/staging-site\/wp-content\/uploads\/2022\/06\/cinq-piliers-jeu-1-v1.jpg","type":"image\/jpeg"}],"twitter_card":"summary_large_image","twitter_misc":{"Dur\u00e9e de lecture estim\u00e9e":"2 minutes"},"schema":{"@context":"https:\/\/schema.org","@graph":[{"@type":"WebPage","@id":"https:\/\/www.edition-tawhid.com\/staging-site\/produit\/les-cinq-piliers-de-lislam-jeu\/","url":"https:\/\/www.edition-tawhid.com\/staging-site\/produit\/les-cinq-piliers-de-lislam-jeu\/","name":"Les cinq piliers de l'islam (Jeu) - \u00c9ditions Tawhid","isPartOf":{"@id":"https:\/\/www.edition-tawhid.com\/staging-site\/#website"},"primaryImageOfPage":{"@id":"https:\/\/www.edition-tawhid.com\/staging-site\/produit\/les-cinq-piliers-de-lislam-jeu\/#primaryimage"},"image":{"@id":"https:\/\/www.edition-tawhid.com\/staging-site\/produit\/les-cinq-piliers-de-lislam-jeu\/#primaryimage"},"thumbnailUrl":"https:\/\/www.edition-tawhid.com\/staging-site\/wp-content\/uploads\/2022\/06\/cinq-piliers-jeu-1-v1.jpg","datePublished":"2022-06-19T00:12:18+00:00","dateModified":"2024-04-02T12:49:15+00:00","breadcrumb":{"@id":"https:\/\/www.edition-tawhid.com\/staging-site\/produit\/les-cinq-piliers-de-lislam-jeu\/#breadcrumb"},"inLanguage":"fr-FR","potentialAction":[{"@type":"ReadAction","target":["https:\/\/www.edition-tawhid.com\/staging-site\/produit\/les-cinq-piliers-de-lislam-jeu\/"]}]},{"@type":"ImageObject","inLanguage":"fr-FR","@id":"https:\/\/www.edition-tawhid.com\/staging-site\/produit\/les-cinq-piliers-de-lislam-jeu\/#primaryimage","url":"https:\/\/www.edition-tawhid.com\/staging-site\/wp-content\/uploads\/2022\/06\/cinq-piliers-jeu-1-v1.jpg","contentUrl":"https:\/\/www.edition-tawhid.com\/staging-site\/wp-content\/uploads\/2022\/06\/cinq-piliers-jeu-1-v1.jpg","width":791,"height":1024,"caption":"Les cinq piliers de l'islam"},{"@type":"BreadcrumbList","@id":"https:\/\/www.edition-tawhid.com\/staging-site\/produit\/les-cinq-piliers-de-lislam-jeu\/#breadcrumb","itemListElement":[{"@type":"ListItem","position":1,"name":"Accueil","item":"https:\/\/www.edition-tawhid.com\/staging-site\/"},{"@type":"ListItem","position":2,"name":"Tous nos livres","item":"https:\/\/www.edition-tawhid.com\/staging-site\/tous-nos-livres\/"},{"@type":"ListItem","position":3,"name":"Les cinq piliers de l&#8217;islam (Jeu)"}]},{"@type":"WebSite","@id":"https:\/\/www.edition-tawhid.com\/staging-site\/#website","url":"https:\/\/www.edition-tawhid.com\/staging-site\/","name":"\u00c9ditions Tawhid","description":"Le sp\u00e9cialiste du livre islamique francophone","publisher":{"@id":"https:\/\/www.edition-tawhid.com\/staging-site\/#organization"},"potentialAction":[{"@type":"SearchAction","target":{"@type":"EntryPoint","urlTemplate":"https:\/\/www.edition-tawhid.com\/staging-site\/?s={search_term_string}"},"query-input":{"@type":"PropertyValueSpecification","valueRequired":true,"valueName":"search_term_string"}}],"inLanguage":"fr-FR"},{"@type":"Organization","@id":"https:\/\/www.edition-tawhid.com\/staging-site\/#organization","name":"Editions Tawhid","url":"https:\/\/www.edition-tawhid.com\/staging-site\/","logo":{"@type":"ImageObject","inLanguage":"fr-FR","@id":"https:\/\/www.edition-tawhid.com\/staging-site\/#\/schema\/logo\/image\/","url":"https:\/\/www.edition-tawhid.com\/staging-site\/wp-content\/uploads\/2018\/12\/logo_noir_v1-01.png","contentUrl":"https:\/\/www.edition-tawhid.com\/staging-site\/wp-content\/uploads\/2018\/12\/logo_noir_v1-01.png","width":80,"height":112,"caption":"Editions Tawhid"},"image":{"@id":"https:\/\/www.edition-tawhid.com\/staging-site\/#\/schema\/logo\/image\/"},"sameAs":["https:\/\/www.facebook.com\/editiontawhid\/"]}]}},"_links":{"self":[{"href":"https:\/\/www.edition-tawhid.com\/staging-site\/wp-json\/wp\/v2\/product\/14186","targetHints":{"allow":["GET"]}}],"collection":[{"href":"https:\/\/www.edition-tawhid.com\/staging-site\/wp-json\/wp\/v2\/product"}],"about":[{"href":"https:\/\/www.edition-tawhid.com\/staging-site\/wp-json\/wp\/v2\/types\/product"}],"replies":[{"embeddable":true,"href":"https:\/\/www.edition-tawhid.com\/staging-site\/wp-json\/wp\/v2\/comments?post=14186"}],"wp:featuredmedia":[{"embeddable":true,"href":"https:\/\/www.edition-tawhid.com\/staging-site\/wp-json\/wp\/v2\/media\/14187"}],"wp:attachment":[{"href":"https:\/\/www.edition-tawhid.com\/staging-site\/wp-json\/wp\/v2\/media?parent=14186"}],"wp:term":[{"taxonomy":"product_brand","embeddable":true,"href":"https:\/\/www.edition-tawhid.com\/staging-site\/wp-json\/wp\/v2\/product_brand?post=14186"},{"taxonomy":"product_cat","embeddable":true,"href":"https:\/\/www.edition-tawhid.com\/staging-site\/wp-json\/wp\/v2\/product_cat?post=14186"},{"taxonomy":"product_tag","embeddable":true,"href":"https:\/\/www.edition-tawhid.com\/staging-site\/wp-json\/wp\/v2\/product_tag?post=14186"}],"curies":[{"name":"wp","href":"https:\/\/api.w.org\/{rel}","templated":true}]}}