{"id":15473,"date":"2023-03-19T22:10:02","date_gmt":"2023-03-19T21:10:02","guid":{"rendered":"https:\/\/www.edition-tawhid.com\/staging-site\/?post_type=product&#038;p=15473"},"modified":"2026-02-17T14:21:30","modified_gmt":"2026-02-17T13:21:30","slug":"noble-coran-bilingue-codes-qr-audio","status":"publish","type":"product","link":"https:\/\/www.edition-tawhid.com\/staging-site\/produit\/noble-coran-bilingue-codes-qr-audio\/","title":{"rendered":"Noble Coran Bilingue<br\/> avec Codes QR"},"content":{"rendered":"<p>Le Noble Coran est la r\u00e9f\u00e9rence, \u00e0 proprement parler, de tout \u00eatre qui se r\u00e9clame de l&rsquo;islam. Pour autant, cette r\u00e9v\u00e9lation, la derni\u00e8re que Dieu a d\u00e9cid\u00e9e pour les hommes, se veut universelle. M\u00eame si elle fut r\u00e9v\u00e9l\u00e9e en arabe, elle s&rsquo;adresse \u00e0 chaque femme, \u00e0 chaque homme qui chemine en qu\u00eate de sens et de v\u00e9rit\u00e9.<\/p>\n<p class=\"p1\">Il a fallu des ann\u00e9es pour que notre traducteur Mohamed Chiadmi, aid\u00e9 et soutenu par l&rsquo;\u00e9quipe des Editions Tawhid, produise une traduction qui respecte \u00e0 la fois l&rsquo;exigence de la lettre et la primaut\u00e9 du sens. C&rsquo;est l&rsquo;une des traductions les plus belles, d&rsquo;un point de vue litt\u00e9raire et des plus rigoureuses dans le respect de l&rsquo;esprit.<\/p>\n<p class=\"p1\">Aujourd&rsquo;hui, les \u00c9ditions Tawhid sont heureuses de r\u00e9\u00e9diter leur Coran avec une nouveaut\u00e9 exclusive : la pr\u00e9sence d&rsquo;un code QR permettant de suivre la lecture en audio, aussi bien en langue arabe qu&rsquo;en langue fran\u00e7aise. Id\u00e9al pour l&rsquo;apprentissage ou simplement pour le plaisir de suivre, cette nouveaut\u00e9 permet \u00e0 tout lecteur de suivre sa lecture et de l&rsquo;am\u00e9liorer, s&rsquo;il en \u00e9prouve le besoin.<\/p>\n<p>Enrichie par 200 pages d\u2019annexes (histoire du Coran, vie du Proph\u00e8te, cartes, glossaire et index).<\/p>\n<p><strong>Langue<\/strong>: Arabe\/Fran\u00e7ais.<br \/>\n<strong>Traduction<\/strong>: Mohamed Chiadmi.<br \/>\n<strong>Couverture<\/strong>: Rigide ou Souple.<br \/>\n<strong>Codes QR<\/strong>: Inclus.<br \/>\n<strong>Format<\/strong>: 14 x 21 cm.<\/p>\n<h6><\/h6>\n","protected":false},"excerpt":{"rendered":"<p><em><strong><span style=\"color: #954153;\">Nouveaut\u00e9:<\/span> Les diff\u00e9rents codes QR permettent d\u00e9sormais de lire une page, une sourate enti\u00e8re ou l\u2019int\u00e9gralit\u00e9 du hizb.<\/strong><\/em><\/p>\n<p>\u00c9coutez le Coran avec le code QR. Lecture audio en deux langues (arabe et fran\u00e7ais).<\/p>\n<p>Aujourd&rsquo;hui, les \u00c9ditions Tawhid sont heureuses de r\u00e9\u00e9diter leur Coran avec une nouveaut\u00e9 exclusive: la pr\u00e9sence d&rsquo;un code QR permettant de suivre la lecture en audio, aussi bien en langue arabe qu&rsquo;en langue fran\u00e7aise. Id\u00e9al pour l&rsquo;apprentissage ou simplement pour le plaisir de suivre, cette nouveaut\u00e9 permet \u00e0 tout lecteur de suivre sa lecture et de l&rsquo;am\u00e9liorer, s&rsquo;il en \u00e9prouve le besoin.<\/p>\n<p>Enrichie par 200 pages d\u2019annexes (histoire du Coran, vie du Proph\u00e8te, cartes, glossaire et index).<\/p>\n<p><strong>Langue<\/strong>: Arabe\/Fran\u00e7ais.<br \/>\n<strong>Traduction<\/strong>: Mohamed Chiadmi.<br \/>\n<strong>Couverture<\/strong>: Rigide ou Souple.<br \/>\n<strong>Codes QR<\/strong>: Inclus.<br \/>\n<strong>Format<\/strong>: 14 x 21 cm.<\/p>\n","protected":false},"featured_media":16651,"comment_status":"open","ping_status":"closed","template":"","meta":{"_acf_changed":false},"product_brand":[],"product_cat":[2539],"product_tag":[],"class_list":{"0":"post-15473","1":"product","2":"type-product","3":"status-publish","4":"has-post-thumbnail","6":"product_cat-coran","8":"first","9":"instock","10":"taxable","11":"shipping-taxable","12":"purchasable","13":"product-type-variable","14":"wvs-archive-product-wrapper"},"acf":[],"yoast_head":"<!-- This site is optimized with the Yoast SEO plugin v27.1.1 - https:\/\/yoast.com\/product\/yoast-seo-wordpress\/ -->\n<title>Noble Coran Bilingue avec Codes QR - \u00c9ditions Tawhid<\/title>\n<meta name=\"robots\" content=\"noindex, follow, max-snippet:-1, max-image-preview:large, max-video-preview:-1\" \/>\n<meta property=\"og:locale\" content=\"fr_FR\" \/>\n<meta property=\"og:type\" content=\"article\" \/>\n<meta property=\"og:title\" content=\"Noble Coran Bilingue avec Codes QR - \u00c9ditions Tawhid\" \/>\n<meta property=\"og:description\" content=\"Nouveaut\u00e9: Les diff\u00e9rents codes QR permettent d\u00e9sormais de lire une page, une sourate enti\u00e8re ou l\u2019int\u00e9gralit\u00e9 du hizb.  \u00c9coutez le Coran avec le code QR. Lecture audio en deux langues (arabe et fran\u00e7ais).  Aujourd&#039;hui, les \u00c9ditions Tawhid sont heureuses de r\u00e9\u00e9diter leur Coran avec une nouveaut\u00e9 exclusive: la pr\u00e9sence d&#039;un code QR permettant de suivre la lecture en audio, aussi bien en langue arabe qu&#039;en langue fran\u00e7aise. Id\u00e9al pour l&#039;apprentissage ou simplement pour le plaisir de suivre, cette nouveaut\u00e9 permet \u00e0 tout lecteur de suivre sa lecture et de l&#039;am\u00e9liorer, s&#039;il en \u00e9prouve le besoin.  Enrichie par 200 pages d\u2019annexes (histoire du Coran, vie du Proph\u00e8te, cartes, glossaire et index).  Langue: Arabe\/Fran\u00e7ais. Traduction: Mohamed Chiadmi. Couverture: Rigide ou Souple. Codes QR: Inclus. Format: 14 x 21 cm.\" \/>\n<meta property=\"og:url\" content=\"https:\/\/www.edition-tawhid.com\/staging-site\/produit\/noble-coran-bilingue-codes-qr-audio\/\" \/>\n<meta property=\"og:site_name\" content=\"\u00c9ditions Tawhid\" \/>\n<meta property=\"article:publisher\" content=\"https:\/\/www.facebook.com\/editiontawhid\/\" \/>\n<meta property=\"article:modified_time\" content=\"2026-02-17T13:21:30+00:00\" \/>\n<meta property=\"og:image\" content=\"https:\/\/www.edition-tawhid.com\/staging-site\/wp-content\/uploads\/2023\/09\/coran-rigide-marron-QR-2023-0-v1.jpg\" \/>\n\t<meta property=\"og:image:width\" content=\"791\" \/>\n\t<meta property=\"og:image:height\" content=\"1024\" \/>\n\t<meta property=\"og:image:type\" content=\"image\/jpeg\" \/>\n<meta name=\"twitter:card\" content=\"summary_large_image\" \/>\n<meta name=\"twitter:label1\" content=\"Dur\u00e9e de lecture estim\u00e9e\" \/>\n\t<meta name=\"twitter:data1\" content=\"2 minutes\" \/>\n<script type=\"application\/ld+json\" class=\"yoast-schema-graph\">{\"@context\":\"https:\/\/schema.org\",\"@graph\":[{\"@type\":\"WebPage\",\"@id\":\"https:\/\/www.edition-tawhid.com\/staging-site\/produit\/noble-coran-bilingue-codes-qr-audio\/\",\"url\":\"https:\/\/www.edition-tawhid.com\/staging-site\/produit\/noble-coran-bilingue-codes-qr-audio\/\",\"name\":\"Noble Coran Bilingue avec Codes QR - \u00c9ditions Tawhid\",\"isPartOf\":{\"@id\":\"https:\/\/www.edition-tawhid.com\/staging-site\/#website\"},\"primaryImageOfPage\":{\"@id\":\"https:\/\/www.edition-tawhid.com\/staging-site\/produit\/noble-coran-bilingue-codes-qr-audio\/#primaryimage\"},\"image\":{\"@id\":\"https:\/\/www.edition-tawhid.com\/staging-site\/produit\/noble-coran-bilingue-codes-qr-audio\/#primaryimage\"},\"thumbnailUrl\":\"https:\/\/www.edition-tawhid.com\/staging-site\/wp-content\/uploads\/2023\/09\/coran-rigide-marron-QR-2023-0-v1.jpg\",\"datePublished\":\"2023-03-19T21:10:02+00:00\",\"dateModified\":\"2026-02-17T13:21:30+00:00\",\"breadcrumb\":{\"@id\":\"https:\/\/www.edition-tawhid.com\/staging-site\/produit\/noble-coran-bilingue-codes-qr-audio\/#breadcrumb\"},\"inLanguage\":\"fr-FR\",\"potentialAction\":[{\"@type\":\"ReadAction\",\"target\":[\"https:\/\/www.edition-tawhid.com\/staging-site\/produit\/noble-coran-bilingue-codes-qr-audio\/\"]}]},{\"@type\":\"ImageObject\",\"inLanguage\":\"fr-FR\",\"@id\":\"https:\/\/www.edition-tawhid.com\/staging-site\/produit\/noble-coran-bilingue-codes-qr-audio\/#primaryimage\",\"url\":\"https:\/\/www.edition-tawhid.com\/staging-site\/wp-content\/uploads\/2023\/09\/coran-rigide-marron-QR-2023-0-v1.jpg\",\"contentUrl\":\"https:\/\/www.edition-tawhid.com\/staging-site\/wp-content\/uploads\/2023\/09\/coran-rigide-marron-QR-2023-0-v1.jpg\",\"width\":791,\"height\":1024},{\"@type\":\"BreadcrumbList\",\"@id\":\"https:\/\/www.edition-tawhid.com\/staging-site\/produit\/noble-coran-bilingue-codes-qr-audio\/#breadcrumb\",\"itemListElement\":[{\"@type\":\"ListItem\",\"position\":1,\"name\":\"Accueil\",\"item\":\"https:\/\/www.edition-tawhid.com\/staging-site\/\"},{\"@type\":\"ListItem\",\"position\":2,\"name\":\"Tous nos livres\",\"item\":\"https:\/\/www.edition-tawhid.com\/staging-site\/tous-nos-livres\/\"},{\"@type\":\"ListItem\",\"position\":3,\"name\":\"Noble Coran Bilingue avec Codes QR\"}]},{\"@type\":\"WebSite\",\"@id\":\"https:\/\/www.edition-tawhid.com\/staging-site\/#website\",\"url\":\"https:\/\/www.edition-tawhid.com\/staging-site\/\",\"name\":\"\u00c9ditions Tawhid\",\"description\":\"Le sp\u00e9cialiste du livre islamique francophone\",\"publisher\":{\"@id\":\"https:\/\/www.edition-tawhid.com\/staging-site\/#organization\"},\"potentialAction\":[{\"@type\":\"SearchAction\",\"target\":{\"@type\":\"EntryPoint\",\"urlTemplate\":\"https:\/\/www.edition-tawhid.com\/staging-site\/?s={search_term_string}\"},\"query-input\":{\"@type\":\"PropertyValueSpecification\",\"valueRequired\":true,\"valueName\":\"search_term_string\"}}],\"inLanguage\":\"fr-FR\"},{\"@type\":\"Organization\",\"@id\":\"https:\/\/www.edition-tawhid.com\/staging-site\/#organization\",\"name\":\"Editions Tawhid\",\"url\":\"https:\/\/www.edition-tawhid.com\/staging-site\/\",\"logo\":{\"@type\":\"ImageObject\",\"inLanguage\":\"fr-FR\",\"@id\":\"https:\/\/www.edition-tawhid.com\/staging-site\/#\/schema\/logo\/image\/\",\"url\":\"https:\/\/www.edition-tawhid.com\/staging-site\/wp-content\/uploads\/2018\/12\/logo_noir_v1-01.png\",\"contentUrl\":\"https:\/\/www.edition-tawhid.com\/staging-site\/wp-content\/uploads\/2018\/12\/logo_noir_v1-01.png\",\"width\":80,\"height\":112,\"caption\":\"Editions Tawhid\"},\"image\":{\"@id\":\"https:\/\/www.edition-tawhid.com\/staging-site\/#\/schema\/logo\/image\/\"},\"sameAs\":[\"https:\/\/www.facebook.com\/editiontawhid\/\"]}]}<\/script>\n<!-- \/ Yoast SEO plugin. -->","yoast_head_json":{"title":"Noble Coran Bilingue avec Codes QR - \u00c9ditions Tawhid","robots":{"index":"noindex","follow":"follow","max-snippet":"max-snippet:-1","max-image-preview":"max-image-preview:large","max-video-preview":"max-video-preview:-1"},"og_locale":"fr_FR","og_type":"article","og_title":"Noble Coran Bilingue avec Codes QR - \u00c9ditions Tawhid","og_description":"Nouveaut\u00e9: Les diff\u00e9rents codes QR permettent d\u00e9sormais de lire une page, une sourate enti\u00e8re ou l\u2019int\u00e9gralit\u00e9 du hizb.  \u00c9coutez le Coran avec le code QR. Lecture audio en deux langues (arabe et fran\u00e7ais).  Aujourd'hui, les \u00c9ditions Tawhid sont heureuses de r\u00e9\u00e9diter leur Coran avec une nouveaut\u00e9 exclusive: la pr\u00e9sence d'un code QR permettant de suivre la lecture en audio, aussi bien en langue arabe qu'en langue fran\u00e7aise. Id\u00e9al pour l'apprentissage ou simplement pour le plaisir de suivre, cette nouveaut\u00e9 permet \u00e0 tout lecteur de suivre sa lecture et de l'am\u00e9liorer, s'il en \u00e9prouve le besoin.  Enrichie par 200 pages d\u2019annexes (histoire du Coran, vie du Proph\u00e8te, cartes, glossaire et index).  Langue: Arabe\/Fran\u00e7ais. Traduction: Mohamed Chiadmi. Couverture: Rigide ou Souple. Codes QR: Inclus. Format: 14 x 21 cm.","og_url":"https:\/\/www.edition-tawhid.com\/staging-site\/produit\/noble-coran-bilingue-codes-qr-audio\/","og_site_name":"\u00c9ditions Tawhid","article_publisher":"https:\/\/www.facebook.com\/editiontawhid\/","article_modified_time":"2026-02-17T13:21:30+00:00","og_image":[{"width":791,"height":1024,"url":"https:\/\/www.edition-tawhid.com\/staging-site\/wp-content\/uploads\/2023\/09\/coran-rigide-marron-QR-2023-0-v1.jpg","type":"image\/jpeg"}],"twitter_card":"summary_large_image","twitter_misc":{"Dur\u00e9e de lecture estim\u00e9e":"2 minutes"},"schema":{"@context":"https:\/\/schema.org","@graph":[{"@type":"WebPage","@id":"https:\/\/www.edition-tawhid.com\/staging-site\/produit\/noble-coran-bilingue-codes-qr-audio\/","url":"https:\/\/www.edition-tawhid.com\/staging-site\/produit\/noble-coran-bilingue-codes-qr-audio\/","name":"Noble Coran Bilingue avec Codes QR - \u00c9ditions Tawhid","isPartOf":{"@id":"https:\/\/www.edition-tawhid.com\/staging-site\/#website"},"primaryImageOfPage":{"@id":"https:\/\/www.edition-tawhid.com\/staging-site\/produit\/noble-coran-bilingue-codes-qr-audio\/#primaryimage"},"image":{"@id":"https:\/\/www.edition-tawhid.com\/staging-site\/produit\/noble-coran-bilingue-codes-qr-audio\/#primaryimage"},"thumbnailUrl":"https:\/\/www.edition-tawhid.com\/staging-site\/wp-content\/uploads\/2023\/09\/coran-rigide-marron-QR-2023-0-v1.jpg","datePublished":"2023-03-19T21:10:02+00:00","dateModified":"2026-02-17T13:21:30+00:00","breadcrumb":{"@id":"https:\/\/www.edition-tawhid.com\/staging-site\/produit\/noble-coran-bilingue-codes-qr-audio\/#breadcrumb"},"inLanguage":"fr-FR","potentialAction":[{"@type":"ReadAction","target":["https:\/\/www.edition-tawhid.com\/staging-site\/produit\/noble-coran-bilingue-codes-qr-audio\/"]}]},{"@type":"ImageObject","inLanguage":"fr-FR","@id":"https:\/\/www.edition-tawhid.com\/staging-site\/produit\/noble-coran-bilingue-codes-qr-audio\/#primaryimage","url":"https:\/\/www.edition-tawhid.com\/staging-site\/wp-content\/uploads\/2023\/09\/coran-rigide-marron-QR-2023-0-v1.jpg","contentUrl":"https:\/\/www.edition-tawhid.com\/staging-site\/wp-content\/uploads\/2023\/09\/coran-rigide-marron-QR-2023-0-v1.jpg","width":791,"height":1024},{"@type":"BreadcrumbList","@id":"https:\/\/www.edition-tawhid.com\/staging-site\/produit\/noble-coran-bilingue-codes-qr-audio\/#breadcrumb","itemListElement":[{"@type":"ListItem","position":1,"name":"Accueil","item":"https:\/\/www.edition-tawhid.com\/staging-site\/"},{"@type":"ListItem","position":2,"name":"Tous nos livres","item":"https:\/\/www.edition-tawhid.com\/staging-site\/tous-nos-livres\/"},{"@type":"ListItem","position":3,"name":"Noble Coran Bilingue avec Codes QR"}]},{"@type":"WebSite","@id":"https:\/\/www.edition-tawhid.com\/staging-site\/#website","url":"https:\/\/www.edition-tawhid.com\/staging-site\/","name":"\u00c9ditions Tawhid","description":"Le sp\u00e9cialiste du livre islamique francophone","publisher":{"@id":"https:\/\/www.edition-tawhid.com\/staging-site\/#organization"},"potentialAction":[{"@type":"SearchAction","target":{"@type":"EntryPoint","urlTemplate":"https:\/\/www.edition-tawhid.com\/staging-site\/?s={search_term_string}"},"query-input":{"@type":"PropertyValueSpecification","valueRequired":true,"valueName":"search_term_string"}}],"inLanguage":"fr-FR"},{"@type":"Organization","@id":"https:\/\/www.edition-tawhid.com\/staging-site\/#organization","name":"Editions Tawhid","url":"https:\/\/www.edition-tawhid.com\/staging-site\/","logo":{"@type":"ImageObject","inLanguage":"fr-FR","@id":"https:\/\/www.edition-tawhid.com\/staging-site\/#\/schema\/logo\/image\/","url":"https:\/\/www.edition-tawhid.com\/staging-site\/wp-content\/uploads\/2018\/12\/logo_noir_v1-01.png","contentUrl":"https:\/\/www.edition-tawhid.com\/staging-site\/wp-content\/uploads\/2018\/12\/logo_noir_v1-01.png","width":80,"height":112,"caption":"Editions Tawhid"},"image":{"@id":"https:\/\/www.edition-tawhid.com\/staging-site\/#\/schema\/logo\/image\/"},"sameAs":["https:\/\/www.facebook.com\/editiontawhid\/"]}]}},"_links":{"self":[{"href":"https:\/\/www.edition-tawhid.com\/staging-site\/wp-json\/wp\/v2\/product\/15473","targetHints":{"allow":["GET"]}}],"collection":[{"href":"https:\/\/www.edition-tawhid.com\/staging-site\/wp-json\/wp\/v2\/product"}],"about":[{"href":"https:\/\/www.edition-tawhid.com\/staging-site\/wp-json\/wp\/v2\/types\/product"}],"replies":[{"embeddable":true,"href":"https:\/\/www.edition-tawhid.com\/staging-site\/wp-json\/wp\/v2\/comments?post=15473"}],"wp:featuredmedia":[{"embeddable":true,"href":"https:\/\/www.edition-tawhid.com\/staging-site\/wp-json\/wp\/v2\/media\/16651"}],"wp:attachment":[{"href":"https:\/\/www.edition-tawhid.com\/staging-site\/wp-json\/wp\/v2\/media?parent=15473"}],"wp:term":[{"taxonomy":"product_brand","embeddable":true,"href":"https:\/\/www.edition-tawhid.com\/staging-site\/wp-json\/wp\/v2\/product_brand?post=15473"},{"taxonomy":"product_cat","embeddable":true,"href":"https:\/\/www.edition-tawhid.com\/staging-site\/wp-json\/wp\/v2\/product_cat?post=15473"},{"taxonomy":"product_tag","embeddable":true,"href":"https:\/\/www.edition-tawhid.com\/staging-site\/wp-json\/wp\/v2\/product_tag?post=15473"}],"curies":[{"name":"wp","href":"https:\/\/api.w.org\/{rel}","templated":true}]}}