{"id":16030,"date":"2023-05-04T21:42:44","date_gmt":"2023-05-04T19:42:44","guid":{"rendered":"https:\/\/www.edition-tawhid.com\/staging-site\/?post_type=product&#038;p=16030"},"modified":"2025-02-15T18:00:05","modified_gmt":"2025-02-15T17:00:05","slug":"le-livre-de-la-zakat-fiqh-et-pratique","status":"publish","type":"product","link":"https:\/\/www.edition-tawhid.com\/staging-site\/produit\/le-livre-de-la-zakat-fiqh-et-pratique\/","title":{"rendered":"Le livre de la Zak\u00e2t, fiqh et pratique"},"content":{"rendered":"<p>Premier ouvrage de ce genre en langue fran\u00e7aise par son ampleur et les cas d\u00e9velopp\u00e9s, ce livre sur la zak\u00e2t, tr\u00e8s d\u00e9taill\u00e9, est destin\u00e9 \u00e0 toutes les personnes qui voudraient s&rsquo;impr\u00e9gner de ce troisi\u00e8me pilier et en comprendre l&rsquo;application, ainsi qu&rsquo;aux personnes qui \u00e9tudient pleinement la question: \u00e9tudiants en sciences islamiques, imams, comptables et fiduciaires etc. Le contexte contemporain et ses nouveaux d\u00e9fis (entreprises de services divers, titres mobiliers, nouveaux biens commerciaux, etc.) y sont trait\u00e9s aussi bien que les questions classiques (bien assujettis, activit\u00e9s \u00e9conomiques, les b\u00e9n\u00e9ficiaires, etc.). La zak\u00e2t <em>al-fitr<\/em> y est aussi abord\u00e9e avec d\u00e9tail. Les aspects pratiques (cas et calculs) sont d\u00e9velopp\u00e9s avec soin, et les outils comptables sont syst\u00e9matiquement utilis\u00e9s pour faciliter les calculs.<\/p>\n<p>Ce livre est le troisi\u00e8me d&rsquo;une s\u00e9rie qui en compte cinq:<\/p>\n<p>1. <em><strong>Pourquoi donner?<\/strong><\/em> qui s&rsquo;attache \u00e0 montrer les bases spirituelles de l&rsquo;acte de donner (zak\u00e2t, aum\u00f4nes) en islam, l&rsquo;\u00e9thique accompagnant ce geste et les finalit\u00e9s du don.<\/p>\n<p>2. <em><strong>Zak\u00e2t, guide pratique<\/strong><\/em>, destin\u00e9 \u00e0 toute personne d\u00e9sirant conna\u00eetre rapidement ce pilier et comment l&rsquo;accomplir (calculs, exemples).<\/p>\n<p>3.<em><strong> Le livre des aum\u00f4nes, m\u00e9rites et fiqh<\/strong><\/em>, qui traite sp\u00e9cifiquement de l&rsquo;aum\u00f4ne, sous ses diff\u00e9rentes formes, ses m\u00e9rites, ses r\u00e8gles. C&rsquo;est le compl\u00e9ment indispensable \u00e0 la zak\u00e2t.<\/p>\n<p>4. <em><strong>Les organisations caritatives islamiques et la gestion des aum\u00f4nes et zak\u00e2t<\/strong><\/em>, destin\u00e9 \u00e0 toutes les associations islamiques, en particulier humanitaires, sur la gestion et les r\u00e8gles \u00e0 observer dans leur vocation. (\u00c0 PARA\u00ceTRE).<\/p>\n<p><em>Mostafa Brahami est un des contributeurs de la litt\u00e9rature musulmane en langue fran\u00e7aise. Ses ouvrages embrassent divers domaines notamment le droit musulman (fiqh), la spiritualit\u00e9, l&rsquo;\u00e9thique, les finalit\u00e9s (maq\u00e2sid) ainsi que l&rsquo;histoire du fiqh et des grands imams, devenus des r\u00e9f\u00e9rences. Il apporte, avec soin et technique didactique, tout un ensemble de connaissances sur les quatre piliers de l&rsquo;islam (pri\u00e8re, je\u00fbne, zak\u00e2t et hajj). Il intervient souvent dans l&rsquo;espace francophone pour apporter son expertise sur ces domaines \u00e9tudi\u00e9s.<\/em><\/p>\n<p>&nbsp;<\/p>\n","protected":false},"excerpt":{"rendered":"<p>Premier ouvrage de ce genre en langue fran\u00e7aise par son ampleur et les cas d\u00e9velopp\u00e9s, ce livre sur la zak\u00e2t, tr\u00e8s d\u00e9taill\u00e9, est destin\u00e9 \u00e0 toutes les personnes qui voudraient s&rsquo;impr\u00e9gner de ce troisi\u00e8me pilier et en comprendre l&rsquo;application, ainsi qu&rsquo;aux personnes qui \u00e9tudient pleinement la question: \u00e9tudiants en sciences islamiques, imams, comptables et fiduciaires etc. Le contexte contemporain et ses nouveaux d\u00e9fis (entreprises de services divers, titres mobiliers, nouveaux biens commerciaux, etc.) y sont trait\u00e9s aussi bien que les questions classiques (bien assujettis, activit\u00e9s \u00e9conomiques, les b\u00e9n\u00e9ficiaires, etc.). La zak\u00e2t <em>al-fitr<\/em> y est aussi abord\u00e9e avec d\u00e9tail. Les aspects pratiques (cas et calculs) sont d\u00e9velopp\u00e9s avec soin, et les outils comptables sont syst\u00e9matiquement utilis\u00e9s pour faciliter les calculs.<\/p>\n","protected":false},"featured_media":16032,"comment_status":"open","ping_status":"closed","template":"","meta":{"_acf_changed":false},"product_brand":[],"product_cat":[2711],"product_tag":[],"class_list":{"0":"post-16030","1":"product","2":"type-product","3":"status-publish","4":"has-post-thumbnail","6":"product_cat-fiqh","7":"pa_book-author-mostafa-brahami","9":"first","10":"instock","11":"featured","12":"taxable","13":"shipping-taxable","14":"purchasable","15":"product-type-simple"},"acf":[],"yoast_head":"<!-- This site is optimized with the Yoast SEO plugin v27.1.1 - https:\/\/yoast.com\/product\/yoast-seo-wordpress\/ -->\n<title>Le livre de la Zak\u00e2t, fiqh et pratique - \u00c9ditions Tawhid<\/title>\n<meta name=\"robots\" content=\"noindex, follow, max-snippet:-1, max-image-preview:large, max-video-preview:-1\" \/>\n<meta property=\"og:locale\" content=\"fr_FR\" \/>\n<meta property=\"og:type\" content=\"article\" \/>\n<meta property=\"og:title\" content=\"Le livre de la Zak\u00e2t, fiqh et pratique - \u00c9ditions Tawhid\" \/>\n<meta property=\"og:description\" content=\"Premier ouvrage de ce genre en langue fran\u00e7aise par son ampleur et les cas d\u00e9velopp\u00e9s, ce livre sur la zak\u00e2t, tr\u00e8s d\u00e9taill\u00e9, est destin\u00e9 \u00e0 toutes les personnes qui voudraient s&#039;impr\u00e9gner de ce troisi\u00e8me pilier et en comprendre l&#039;application, ainsi qu&#039;aux personnes qui \u00e9tudient pleinement la question: \u00e9tudiants en sciences islamiques, imams, comptables et fiduciaires etc. Le contexte contemporain et ses nouveaux d\u00e9fis (entreprises de services divers, titres mobiliers, nouveaux biens commerciaux, etc.) y sont trait\u00e9s aussi bien que les questions classiques (bien assujettis, activit\u00e9s \u00e9conomiques, les b\u00e9n\u00e9ficiaires, etc.). La zak\u00e2t al-fitr y est aussi abord\u00e9e avec d\u00e9tail. Les aspects pratiques (cas et calculs) sont d\u00e9velopp\u00e9s avec soin, et les outils comptables sont syst\u00e9matiquement utilis\u00e9s pour faciliter les calculs.\" \/>\n<meta property=\"og:url\" content=\"https:\/\/www.edition-tawhid.com\/staging-site\/produit\/le-livre-de-la-zakat-fiqh-et-pratique\/\" \/>\n<meta property=\"og:site_name\" content=\"\u00c9ditions Tawhid\" \/>\n<meta property=\"article:publisher\" content=\"https:\/\/www.facebook.com\/editiontawhid\/\" \/>\n<meta property=\"article:modified_time\" content=\"2025-02-15T17:00:05+00:00\" \/>\n<meta property=\"og:image\" content=\"https:\/\/www.edition-tawhid.com\/staging-site\/wp-content\/uploads\/2023\/05\/brahami-zakat-fiqh-pratique-01-v1.jpg\" \/>\n\t<meta property=\"og:image:width\" content=\"791\" \/>\n\t<meta property=\"og:image:height\" content=\"1024\" \/>\n\t<meta property=\"og:image:type\" content=\"image\/jpeg\" \/>\n<meta name=\"twitter:card\" content=\"summary_large_image\" \/>\n<meta name=\"twitter:label1\" content=\"Dur\u00e9e de lecture estim\u00e9e\" \/>\n\t<meta name=\"twitter:data1\" content=\"2 minutes\" \/>\n<script type=\"application\/ld+json\" class=\"yoast-schema-graph\">{\"@context\":\"https:\/\/schema.org\",\"@graph\":[{\"@type\":\"WebPage\",\"@id\":\"https:\/\/www.edition-tawhid.com\/staging-site\/produit\/le-livre-de-la-zakat-fiqh-et-pratique\/\",\"url\":\"https:\/\/www.edition-tawhid.com\/staging-site\/produit\/le-livre-de-la-zakat-fiqh-et-pratique\/\",\"name\":\"Le livre de la Zak\u00e2t, fiqh et pratique - \u00c9ditions Tawhid\",\"isPartOf\":{\"@id\":\"https:\/\/www.edition-tawhid.com\/staging-site\/#website\"},\"primaryImageOfPage\":{\"@id\":\"https:\/\/www.edition-tawhid.com\/staging-site\/produit\/le-livre-de-la-zakat-fiqh-et-pratique\/#primaryimage\"},\"image\":{\"@id\":\"https:\/\/www.edition-tawhid.com\/staging-site\/produit\/le-livre-de-la-zakat-fiqh-et-pratique\/#primaryimage\"},\"thumbnailUrl\":\"https:\/\/www.edition-tawhid.com\/staging-site\/wp-content\/uploads\/2023\/05\/brahami-zakat-fiqh-pratique-01-v1.jpg\",\"datePublished\":\"2023-05-04T19:42:44+00:00\",\"dateModified\":\"2025-02-15T17:00:05+00:00\",\"breadcrumb\":{\"@id\":\"https:\/\/www.edition-tawhid.com\/staging-site\/produit\/le-livre-de-la-zakat-fiqh-et-pratique\/#breadcrumb\"},\"inLanguage\":\"fr-FR\",\"potentialAction\":[{\"@type\":\"ReadAction\",\"target\":[\"https:\/\/www.edition-tawhid.com\/staging-site\/produit\/le-livre-de-la-zakat-fiqh-et-pratique\/\"]}]},{\"@type\":\"ImageObject\",\"inLanguage\":\"fr-FR\",\"@id\":\"https:\/\/www.edition-tawhid.com\/staging-site\/produit\/le-livre-de-la-zakat-fiqh-et-pratique\/#primaryimage\",\"url\":\"https:\/\/www.edition-tawhid.com\/staging-site\/wp-content\/uploads\/2023\/05\/brahami-zakat-fiqh-pratique-01-v1.jpg\",\"contentUrl\":\"https:\/\/www.edition-tawhid.com\/staging-site\/wp-content\/uploads\/2023\/05\/brahami-zakat-fiqh-pratique-01-v1.jpg\",\"width\":791,\"height\":1024,\"caption\":\"Le livre de la Zak\u00e2t, fiqh et pratique\"},{\"@type\":\"BreadcrumbList\",\"@id\":\"https:\/\/www.edition-tawhid.com\/staging-site\/produit\/le-livre-de-la-zakat-fiqh-et-pratique\/#breadcrumb\",\"itemListElement\":[{\"@type\":\"ListItem\",\"position\":1,\"name\":\"Accueil\",\"item\":\"https:\/\/www.edition-tawhid.com\/staging-site\/\"},{\"@type\":\"ListItem\",\"position\":2,\"name\":\"Tous nos livres\",\"item\":\"https:\/\/www.edition-tawhid.com\/staging-site\/tous-nos-livres\/\"},{\"@type\":\"ListItem\",\"position\":3,\"name\":\"Le livre de la Zak\u00e2t, fiqh et pratique (Livre 3)\"}]},{\"@type\":\"WebSite\",\"@id\":\"https:\/\/www.edition-tawhid.com\/staging-site\/#website\",\"url\":\"https:\/\/www.edition-tawhid.com\/staging-site\/\",\"name\":\"\u00c9ditions Tawhid\",\"description\":\"Le sp\u00e9cialiste du livre islamique francophone\",\"publisher\":{\"@id\":\"https:\/\/www.edition-tawhid.com\/staging-site\/#organization\"},\"potentialAction\":[{\"@type\":\"SearchAction\",\"target\":{\"@type\":\"EntryPoint\",\"urlTemplate\":\"https:\/\/www.edition-tawhid.com\/staging-site\/?s={search_term_string}\"},\"query-input\":{\"@type\":\"PropertyValueSpecification\",\"valueRequired\":true,\"valueName\":\"search_term_string\"}}],\"inLanguage\":\"fr-FR\"},{\"@type\":\"Organization\",\"@id\":\"https:\/\/www.edition-tawhid.com\/staging-site\/#organization\",\"name\":\"Editions Tawhid\",\"url\":\"https:\/\/www.edition-tawhid.com\/staging-site\/\",\"logo\":{\"@type\":\"ImageObject\",\"inLanguage\":\"fr-FR\",\"@id\":\"https:\/\/www.edition-tawhid.com\/staging-site\/#\/schema\/logo\/image\/\",\"url\":\"https:\/\/www.edition-tawhid.com\/staging-site\/wp-content\/uploads\/2018\/12\/logo_noir_v1-01.png\",\"contentUrl\":\"https:\/\/www.edition-tawhid.com\/staging-site\/wp-content\/uploads\/2018\/12\/logo_noir_v1-01.png\",\"width\":80,\"height\":112,\"caption\":\"Editions Tawhid\"},\"image\":{\"@id\":\"https:\/\/www.edition-tawhid.com\/staging-site\/#\/schema\/logo\/image\/\"},\"sameAs\":[\"https:\/\/www.facebook.com\/editiontawhid\/\"]}]}<\/script>\n<!-- \/ Yoast SEO plugin. -->","yoast_head_json":{"title":"Le livre de la Zak\u00e2t, fiqh et pratique - \u00c9ditions Tawhid","robots":{"index":"noindex","follow":"follow","max-snippet":"max-snippet:-1","max-image-preview":"max-image-preview:large","max-video-preview":"max-video-preview:-1"},"og_locale":"fr_FR","og_type":"article","og_title":"Le livre de la Zak\u00e2t, fiqh et pratique - \u00c9ditions Tawhid","og_description":"Premier ouvrage de ce genre en langue fran\u00e7aise par son ampleur et les cas d\u00e9velopp\u00e9s, ce livre sur la zak\u00e2t, tr\u00e8s d\u00e9taill\u00e9, est destin\u00e9 \u00e0 toutes les personnes qui voudraient s'impr\u00e9gner de ce troisi\u00e8me pilier et en comprendre l'application, ainsi qu'aux personnes qui \u00e9tudient pleinement la question: \u00e9tudiants en sciences islamiques, imams, comptables et fiduciaires etc. Le contexte contemporain et ses nouveaux d\u00e9fis (entreprises de services divers, titres mobiliers, nouveaux biens commerciaux, etc.) y sont trait\u00e9s aussi bien que les questions classiques (bien assujettis, activit\u00e9s \u00e9conomiques, les b\u00e9n\u00e9ficiaires, etc.). La zak\u00e2t al-fitr y est aussi abord\u00e9e avec d\u00e9tail. Les aspects pratiques (cas et calculs) sont d\u00e9velopp\u00e9s avec soin, et les outils comptables sont syst\u00e9matiquement utilis\u00e9s pour faciliter les calculs.","og_url":"https:\/\/www.edition-tawhid.com\/staging-site\/produit\/le-livre-de-la-zakat-fiqh-et-pratique\/","og_site_name":"\u00c9ditions Tawhid","article_publisher":"https:\/\/www.facebook.com\/editiontawhid\/","article_modified_time":"2025-02-15T17:00:05+00:00","og_image":[{"width":791,"height":1024,"url":"https:\/\/www.edition-tawhid.com\/staging-site\/wp-content\/uploads\/2023\/05\/brahami-zakat-fiqh-pratique-01-v1.jpg","type":"image\/jpeg"}],"twitter_card":"summary_large_image","twitter_misc":{"Dur\u00e9e de lecture estim\u00e9e":"2 minutes"},"schema":{"@context":"https:\/\/schema.org","@graph":[{"@type":"WebPage","@id":"https:\/\/www.edition-tawhid.com\/staging-site\/produit\/le-livre-de-la-zakat-fiqh-et-pratique\/","url":"https:\/\/www.edition-tawhid.com\/staging-site\/produit\/le-livre-de-la-zakat-fiqh-et-pratique\/","name":"Le livre de la Zak\u00e2t, fiqh et pratique - \u00c9ditions Tawhid","isPartOf":{"@id":"https:\/\/www.edition-tawhid.com\/staging-site\/#website"},"primaryImageOfPage":{"@id":"https:\/\/www.edition-tawhid.com\/staging-site\/produit\/le-livre-de-la-zakat-fiqh-et-pratique\/#primaryimage"},"image":{"@id":"https:\/\/www.edition-tawhid.com\/staging-site\/produit\/le-livre-de-la-zakat-fiqh-et-pratique\/#primaryimage"},"thumbnailUrl":"https:\/\/www.edition-tawhid.com\/staging-site\/wp-content\/uploads\/2023\/05\/brahami-zakat-fiqh-pratique-01-v1.jpg","datePublished":"2023-05-04T19:42:44+00:00","dateModified":"2025-02-15T17:00:05+00:00","breadcrumb":{"@id":"https:\/\/www.edition-tawhid.com\/staging-site\/produit\/le-livre-de-la-zakat-fiqh-et-pratique\/#breadcrumb"},"inLanguage":"fr-FR","potentialAction":[{"@type":"ReadAction","target":["https:\/\/www.edition-tawhid.com\/staging-site\/produit\/le-livre-de-la-zakat-fiqh-et-pratique\/"]}]},{"@type":"ImageObject","inLanguage":"fr-FR","@id":"https:\/\/www.edition-tawhid.com\/staging-site\/produit\/le-livre-de-la-zakat-fiqh-et-pratique\/#primaryimage","url":"https:\/\/www.edition-tawhid.com\/staging-site\/wp-content\/uploads\/2023\/05\/brahami-zakat-fiqh-pratique-01-v1.jpg","contentUrl":"https:\/\/www.edition-tawhid.com\/staging-site\/wp-content\/uploads\/2023\/05\/brahami-zakat-fiqh-pratique-01-v1.jpg","width":791,"height":1024,"caption":"Le livre de la Zak\u00e2t, fiqh et pratique"},{"@type":"BreadcrumbList","@id":"https:\/\/www.edition-tawhid.com\/staging-site\/produit\/le-livre-de-la-zakat-fiqh-et-pratique\/#breadcrumb","itemListElement":[{"@type":"ListItem","position":1,"name":"Accueil","item":"https:\/\/www.edition-tawhid.com\/staging-site\/"},{"@type":"ListItem","position":2,"name":"Tous nos livres","item":"https:\/\/www.edition-tawhid.com\/staging-site\/tous-nos-livres\/"},{"@type":"ListItem","position":3,"name":"Le livre de la Zak\u00e2t, fiqh et pratique (Livre 3)"}]},{"@type":"WebSite","@id":"https:\/\/www.edition-tawhid.com\/staging-site\/#website","url":"https:\/\/www.edition-tawhid.com\/staging-site\/","name":"\u00c9ditions Tawhid","description":"Le sp\u00e9cialiste du livre islamique francophone","publisher":{"@id":"https:\/\/www.edition-tawhid.com\/staging-site\/#organization"},"potentialAction":[{"@type":"SearchAction","target":{"@type":"EntryPoint","urlTemplate":"https:\/\/www.edition-tawhid.com\/staging-site\/?s={search_term_string}"},"query-input":{"@type":"PropertyValueSpecification","valueRequired":true,"valueName":"search_term_string"}}],"inLanguage":"fr-FR"},{"@type":"Organization","@id":"https:\/\/www.edition-tawhid.com\/staging-site\/#organization","name":"Editions Tawhid","url":"https:\/\/www.edition-tawhid.com\/staging-site\/","logo":{"@type":"ImageObject","inLanguage":"fr-FR","@id":"https:\/\/www.edition-tawhid.com\/staging-site\/#\/schema\/logo\/image\/","url":"https:\/\/www.edition-tawhid.com\/staging-site\/wp-content\/uploads\/2018\/12\/logo_noir_v1-01.png","contentUrl":"https:\/\/www.edition-tawhid.com\/staging-site\/wp-content\/uploads\/2018\/12\/logo_noir_v1-01.png","width":80,"height":112,"caption":"Editions Tawhid"},"image":{"@id":"https:\/\/www.edition-tawhid.com\/staging-site\/#\/schema\/logo\/image\/"},"sameAs":["https:\/\/www.facebook.com\/editiontawhid\/"]}]}},"_links":{"self":[{"href":"https:\/\/www.edition-tawhid.com\/staging-site\/wp-json\/wp\/v2\/product\/16030","targetHints":{"allow":["GET"]}}],"collection":[{"href":"https:\/\/www.edition-tawhid.com\/staging-site\/wp-json\/wp\/v2\/product"}],"about":[{"href":"https:\/\/www.edition-tawhid.com\/staging-site\/wp-json\/wp\/v2\/types\/product"}],"replies":[{"embeddable":true,"href":"https:\/\/www.edition-tawhid.com\/staging-site\/wp-json\/wp\/v2\/comments?post=16030"}],"wp:featuredmedia":[{"embeddable":true,"href":"https:\/\/www.edition-tawhid.com\/staging-site\/wp-json\/wp\/v2\/media\/16032"}],"wp:attachment":[{"href":"https:\/\/www.edition-tawhid.com\/staging-site\/wp-json\/wp\/v2\/media?parent=16030"}],"wp:term":[{"taxonomy":"product_brand","embeddable":true,"href":"https:\/\/www.edition-tawhid.com\/staging-site\/wp-json\/wp\/v2\/product_brand?post=16030"},{"taxonomy":"product_cat","embeddable":true,"href":"https:\/\/www.edition-tawhid.com\/staging-site\/wp-json\/wp\/v2\/product_cat?post=16030"},{"taxonomy":"product_tag","embeddable":true,"href":"https:\/\/www.edition-tawhid.com\/staging-site\/wp-json\/wp\/v2\/product_tag?post=16030"}],"curies":[{"name":"wp","href":"https:\/\/api.w.org\/{rel}","templated":true}]}}