{"id":16049,"date":"2023-05-05T03:28:07","date_gmt":"2023-05-05T01:28:07","guid":{"rendered":"https:\/\/www.edition-tawhid.com\/staging-site\/?post_type=product&#038;p=16049"},"modified":"2025-02-15T17:59:59","modified_gmt":"2025-02-15T16:59:59","slug":"zakat-guide-pratique","status":"publish","type":"product","link":"https:\/\/www.edition-tawhid.com\/staging-site\/produit\/zakat-guide-pratique\/","title":{"rendered":"Zak\u00e2t, guide pratique"},"content":{"rendered":"<p>Ce guide pratique vise \u00e0 faire conna\u00eetre le troisi\u00e8me pilier de l&rsquo;islam, la zak\u00e2t, et constitue un pan important du socle de connaissances obligatoires pour chaque musulman. Il s&rsquo;adresse \u00e0 tout musulman, sans aller dans beaucoup de d\u00e9tails, et \u00e0 l&rsquo;aide de nombreux exemples de calculs et de cas, afin qu&rsquo;il puisse calculer ais\u00e9ment la zak\u00e2t de ses biens.<\/p>\n<p>Y sont abord\u00e9s les biens concern\u00e9s par la zak\u00e2t et ses conditions d&rsquo;application, comment calculer la zak\u00e2t sur sa propre forture, celle pour un commerce de petite envergure ou plus grand (entreprise), celle concernant les activit\u00e9s d&rsquo;exploitation et des services, sur les titres (actions, obligations, etc.), les entreprises, et, enfin \u00e0 qui donner la zak\u00e2t. Nous y traitons aussi zak\u00e2t <em>al-fitr<\/em>. Les outils comptables sont \u00e9galement utilis\u00e9s.<\/p>\n<p>Ce livre est le deuxi\u00e8me d&rsquo;une s\u00e9rie qui en compte cinq:<\/p>\n<p>1. <em><strong>Pourquoi donner?<\/strong><\/em> qui s&rsquo;attache \u00e0 montrer les bases spirituelles de l&rsquo;acte de donner (zak\u00e2t, aum\u00f4nes) en islam, l&rsquo;\u00e9thique accompagnant ce geste et les finalit\u00e9s du don.<\/p>\n<p>2. <em><strong>Le livre de la zak\u00e2t<\/strong><\/em>, destin\u00e9 aux \u00e9tudiants des sciences islamiques, aux imams et \u00e0 toute personne souhaitant aller plus loin. Un ouvrage de r\u00e9f\u00e9rence.<\/p>\n<p>3.<em><strong> Le livre des aum\u00f4nes, m\u00e9rites et fiqh<\/strong><\/em>, qui traite sp\u00e9cifiquement de l&rsquo;aum\u00f4ne, sous ses diff\u00e9rentes formes, ses m\u00e9rites, ses r\u00e8gles. C&rsquo;est le compl\u00e9ment indispensable \u00e0 la zak\u00e2t.<\/p>\n<p>4. <em><strong>Les organisations caritatives islamiques et la gestion des aum\u00f4nes et zak\u00e2t<\/strong><\/em>, destin\u00e9 \u00e0 toutes les associations islamiques, en particulier humanitaires, sur la gestion et les r\u00e8gles \u00e0 observer dans leur vocation. (\u00c0 PARA\u00ceTRE).<\/p>\n<p><em>Mostafa Brahami est un des contributeurs de la litt\u00e9rature musulmane en langue fran\u00e7aise. Ses ouvrages embrassent divers domaines notamment le droit musulman (fiqh), la spiritualit\u00e9, l&rsquo;\u00e9thique, les finalit\u00e9s (maq\u00e2sid) ainsi que l&rsquo;histoire du fiqh et des grands imams, devenus des r\u00e9f\u00e9rences. Il apporte, avec soin et technique didactique, tout un ensemble de connaissances sur les quatre piliers de l&rsquo;islam (pri\u00e8re, je\u00fbne, zak\u00e2t et hajj). Il intervient souvent dans l&rsquo;espace francophone pour apporter son expertise sur ces domaines \u00e9tudi\u00e9s.<\/em><\/p>\n","protected":false},"excerpt":{"rendered":"<p>Ce guide pratique vise \u00e0 faire conna\u00eetre le troisi\u00e8me pilier de l&rsquo;islam, la zak\u00e2t, et constitue un pan important du socle de connaissances obligatoires pour chaque musulman. Il s&rsquo;adresse \u00e0 tout musulman, sans aller dans beaucoup de d\u00e9tails, et \u00e0 l&rsquo;aide de nombreux exemples de calculs et de cas, afin qu&rsquo;il puisse calculer ais\u00e9ment la zak\u00e2t de ses biens.<\/p>\n","protected":false},"featured_media":16078,"comment_status":"open","ping_status":"closed","template":"","meta":{"_acf_changed":false},"product_brand":[],"product_cat":[2711],"product_tag":[],"class_list":{"0":"post-16049","1":"product","2":"type-product","3":"status-publish","4":"has-post-thumbnail","6":"product_cat-fiqh","7":"pa_book-author-mostafa-brahami","9":"first","10":"instock","11":"featured","12":"taxable","13":"shipping-taxable","14":"purchasable","15":"product-type-simple"},"acf":[],"yoast_head":"<!-- This site is optimized with the Yoast SEO plugin v27.1.1 - https:\/\/yoast.com\/product\/yoast-seo-wordpress\/ -->\n<title>Zak\u00e2t, guide pratique - \u00c9ditions Tawhid<\/title>\n<meta name=\"robots\" content=\"noindex, follow, max-snippet:-1, max-image-preview:large, max-video-preview:-1\" \/>\n<meta property=\"og:locale\" content=\"fr_FR\" \/>\n<meta property=\"og:type\" content=\"article\" \/>\n<meta property=\"og:title\" content=\"Zak\u00e2t, guide pratique - \u00c9ditions Tawhid\" \/>\n<meta property=\"og:description\" content=\"Ce guide pratique vise \u00e0 faire conna\u00eetre le troisi\u00e8me pilier de l&#039;islam, la zak\u00e2t, et constitue un pan important du socle de connaissances obligatoires pour chaque musulman. Il s&#039;adresse \u00e0 tout musulman, sans aller dans beaucoup de d\u00e9tails, et \u00e0 l&#039;aide de nombreux exemples de calculs et de cas, afin qu&#039;il puisse calculer ais\u00e9ment la zak\u00e2t de ses biens.\" \/>\n<meta property=\"og:url\" content=\"https:\/\/www.edition-tawhid.com\/staging-site\/produit\/zakat-guide-pratique\/\" \/>\n<meta property=\"og:site_name\" content=\"\u00c9ditions Tawhid\" \/>\n<meta property=\"article:publisher\" content=\"https:\/\/www.facebook.com\/editiontawhid\/\" \/>\n<meta property=\"article:modified_time\" content=\"2025-02-15T16:59:59+00:00\" \/>\n<meta property=\"og:image\" content=\"https:\/\/www.edition-tawhid.com\/staging-site\/wp-content\/uploads\/2023\/05\/brahami-zakat-guide-pratique-01-v2.jpg\" \/>\n\t<meta property=\"og:image:width\" content=\"791\" \/>\n\t<meta property=\"og:image:height\" content=\"1024\" \/>\n\t<meta property=\"og:image:type\" content=\"image\/jpeg\" \/>\n<meta name=\"twitter:card\" content=\"summary_large_image\" \/>\n<meta name=\"twitter:label1\" content=\"Dur\u00e9e de lecture estim\u00e9e\" \/>\n\t<meta name=\"twitter:data1\" content=\"2 minutes\" \/>\n<script type=\"application\/ld+json\" class=\"yoast-schema-graph\">{\"@context\":\"https:\/\/schema.org\",\"@graph\":[{\"@type\":\"WebPage\",\"@id\":\"https:\/\/www.edition-tawhid.com\/staging-site\/produit\/zakat-guide-pratique\/\",\"url\":\"https:\/\/www.edition-tawhid.com\/staging-site\/produit\/zakat-guide-pratique\/\",\"name\":\"Zak\u00e2t, guide pratique - \u00c9ditions Tawhid\",\"isPartOf\":{\"@id\":\"https:\/\/www.edition-tawhid.com\/staging-site\/#website\"},\"primaryImageOfPage\":{\"@id\":\"https:\/\/www.edition-tawhid.com\/staging-site\/produit\/zakat-guide-pratique\/#primaryimage\"},\"image\":{\"@id\":\"https:\/\/www.edition-tawhid.com\/staging-site\/produit\/zakat-guide-pratique\/#primaryimage\"},\"thumbnailUrl\":\"https:\/\/www.edition-tawhid.com\/staging-site\/wp-content\/uploads\/2023\/05\/brahami-zakat-guide-pratique-01-v2.jpg\",\"datePublished\":\"2023-05-05T01:28:07+00:00\",\"dateModified\":\"2025-02-15T16:59:59+00:00\",\"breadcrumb\":{\"@id\":\"https:\/\/www.edition-tawhid.com\/staging-site\/produit\/zakat-guide-pratique\/#breadcrumb\"},\"inLanguage\":\"fr-FR\",\"potentialAction\":[{\"@type\":\"ReadAction\",\"target\":[\"https:\/\/www.edition-tawhid.com\/staging-site\/produit\/zakat-guide-pratique\/\"]}]},{\"@type\":\"ImageObject\",\"inLanguage\":\"fr-FR\",\"@id\":\"https:\/\/www.edition-tawhid.com\/staging-site\/produit\/zakat-guide-pratique\/#primaryimage\",\"url\":\"https:\/\/www.edition-tawhid.com\/staging-site\/wp-content\/uploads\/2023\/05\/brahami-zakat-guide-pratique-01-v2.jpg\",\"contentUrl\":\"https:\/\/www.edition-tawhid.com\/staging-site\/wp-content\/uploads\/2023\/05\/brahami-zakat-guide-pratique-01-v2.jpg\",\"width\":791,\"height\":1024,\"caption\":\"Zak\u00e2t, guide pratique\"},{\"@type\":\"BreadcrumbList\",\"@id\":\"https:\/\/www.edition-tawhid.com\/staging-site\/produit\/zakat-guide-pratique\/#breadcrumb\",\"itemListElement\":[{\"@type\":\"ListItem\",\"position\":1,\"name\":\"Accueil\",\"item\":\"https:\/\/www.edition-tawhid.com\/staging-site\/\"},{\"@type\":\"ListItem\",\"position\":2,\"name\":\"Tous nos livres\",\"item\":\"https:\/\/www.edition-tawhid.com\/staging-site\/tous-nos-livres\/\"},{\"@type\":\"ListItem\",\"position\":3,\"name\":\"Zak\u00e2t, guide pratique (Livre 2)\"}]},{\"@type\":\"WebSite\",\"@id\":\"https:\/\/www.edition-tawhid.com\/staging-site\/#website\",\"url\":\"https:\/\/www.edition-tawhid.com\/staging-site\/\",\"name\":\"\u00c9ditions Tawhid\",\"description\":\"Le sp\u00e9cialiste du livre islamique francophone\",\"publisher\":{\"@id\":\"https:\/\/www.edition-tawhid.com\/staging-site\/#organization\"},\"potentialAction\":[{\"@type\":\"SearchAction\",\"target\":{\"@type\":\"EntryPoint\",\"urlTemplate\":\"https:\/\/www.edition-tawhid.com\/staging-site\/?s={search_term_string}\"},\"query-input\":{\"@type\":\"PropertyValueSpecification\",\"valueRequired\":true,\"valueName\":\"search_term_string\"}}],\"inLanguage\":\"fr-FR\"},{\"@type\":\"Organization\",\"@id\":\"https:\/\/www.edition-tawhid.com\/staging-site\/#organization\",\"name\":\"Editions Tawhid\",\"url\":\"https:\/\/www.edition-tawhid.com\/staging-site\/\",\"logo\":{\"@type\":\"ImageObject\",\"inLanguage\":\"fr-FR\",\"@id\":\"https:\/\/www.edition-tawhid.com\/staging-site\/#\/schema\/logo\/image\/\",\"url\":\"https:\/\/www.edition-tawhid.com\/staging-site\/wp-content\/uploads\/2018\/12\/logo_noir_v1-01.png\",\"contentUrl\":\"https:\/\/www.edition-tawhid.com\/staging-site\/wp-content\/uploads\/2018\/12\/logo_noir_v1-01.png\",\"width\":80,\"height\":112,\"caption\":\"Editions Tawhid\"},\"image\":{\"@id\":\"https:\/\/www.edition-tawhid.com\/staging-site\/#\/schema\/logo\/image\/\"},\"sameAs\":[\"https:\/\/www.facebook.com\/editiontawhid\/\"]}]}<\/script>\n<!-- \/ Yoast SEO plugin. -->","yoast_head_json":{"title":"Zak\u00e2t, guide pratique - \u00c9ditions Tawhid","robots":{"index":"noindex","follow":"follow","max-snippet":"max-snippet:-1","max-image-preview":"max-image-preview:large","max-video-preview":"max-video-preview:-1"},"og_locale":"fr_FR","og_type":"article","og_title":"Zak\u00e2t, guide pratique - \u00c9ditions Tawhid","og_description":"Ce guide pratique vise \u00e0 faire conna\u00eetre le troisi\u00e8me pilier de l'islam, la zak\u00e2t, et constitue un pan important du socle de connaissances obligatoires pour chaque musulman. Il s'adresse \u00e0 tout musulman, sans aller dans beaucoup de d\u00e9tails, et \u00e0 l'aide de nombreux exemples de calculs et de cas, afin qu'il puisse calculer ais\u00e9ment la zak\u00e2t de ses biens.","og_url":"https:\/\/www.edition-tawhid.com\/staging-site\/produit\/zakat-guide-pratique\/","og_site_name":"\u00c9ditions Tawhid","article_publisher":"https:\/\/www.facebook.com\/editiontawhid\/","article_modified_time":"2025-02-15T16:59:59+00:00","og_image":[{"width":791,"height":1024,"url":"https:\/\/www.edition-tawhid.com\/staging-site\/wp-content\/uploads\/2023\/05\/brahami-zakat-guide-pratique-01-v2.jpg","type":"image\/jpeg"}],"twitter_card":"summary_large_image","twitter_misc":{"Dur\u00e9e de lecture estim\u00e9e":"2 minutes"},"schema":{"@context":"https:\/\/schema.org","@graph":[{"@type":"WebPage","@id":"https:\/\/www.edition-tawhid.com\/staging-site\/produit\/zakat-guide-pratique\/","url":"https:\/\/www.edition-tawhid.com\/staging-site\/produit\/zakat-guide-pratique\/","name":"Zak\u00e2t, guide pratique - \u00c9ditions Tawhid","isPartOf":{"@id":"https:\/\/www.edition-tawhid.com\/staging-site\/#website"},"primaryImageOfPage":{"@id":"https:\/\/www.edition-tawhid.com\/staging-site\/produit\/zakat-guide-pratique\/#primaryimage"},"image":{"@id":"https:\/\/www.edition-tawhid.com\/staging-site\/produit\/zakat-guide-pratique\/#primaryimage"},"thumbnailUrl":"https:\/\/www.edition-tawhid.com\/staging-site\/wp-content\/uploads\/2023\/05\/brahami-zakat-guide-pratique-01-v2.jpg","datePublished":"2023-05-05T01:28:07+00:00","dateModified":"2025-02-15T16:59:59+00:00","breadcrumb":{"@id":"https:\/\/www.edition-tawhid.com\/staging-site\/produit\/zakat-guide-pratique\/#breadcrumb"},"inLanguage":"fr-FR","potentialAction":[{"@type":"ReadAction","target":["https:\/\/www.edition-tawhid.com\/staging-site\/produit\/zakat-guide-pratique\/"]}]},{"@type":"ImageObject","inLanguage":"fr-FR","@id":"https:\/\/www.edition-tawhid.com\/staging-site\/produit\/zakat-guide-pratique\/#primaryimage","url":"https:\/\/www.edition-tawhid.com\/staging-site\/wp-content\/uploads\/2023\/05\/brahami-zakat-guide-pratique-01-v2.jpg","contentUrl":"https:\/\/www.edition-tawhid.com\/staging-site\/wp-content\/uploads\/2023\/05\/brahami-zakat-guide-pratique-01-v2.jpg","width":791,"height":1024,"caption":"Zak\u00e2t, guide pratique"},{"@type":"BreadcrumbList","@id":"https:\/\/www.edition-tawhid.com\/staging-site\/produit\/zakat-guide-pratique\/#breadcrumb","itemListElement":[{"@type":"ListItem","position":1,"name":"Accueil","item":"https:\/\/www.edition-tawhid.com\/staging-site\/"},{"@type":"ListItem","position":2,"name":"Tous nos livres","item":"https:\/\/www.edition-tawhid.com\/staging-site\/tous-nos-livres\/"},{"@type":"ListItem","position":3,"name":"Zak\u00e2t, guide pratique (Livre 2)"}]},{"@type":"WebSite","@id":"https:\/\/www.edition-tawhid.com\/staging-site\/#website","url":"https:\/\/www.edition-tawhid.com\/staging-site\/","name":"\u00c9ditions Tawhid","description":"Le sp\u00e9cialiste du livre islamique francophone","publisher":{"@id":"https:\/\/www.edition-tawhid.com\/staging-site\/#organization"},"potentialAction":[{"@type":"SearchAction","target":{"@type":"EntryPoint","urlTemplate":"https:\/\/www.edition-tawhid.com\/staging-site\/?s={search_term_string}"},"query-input":{"@type":"PropertyValueSpecification","valueRequired":true,"valueName":"search_term_string"}}],"inLanguage":"fr-FR"},{"@type":"Organization","@id":"https:\/\/www.edition-tawhid.com\/staging-site\/#organization","name":"Editions Tawhid","url":"https:\/\/www.edition-tawhid.com\/staging-site\/","logo":{"@type":"ImageObject","inLanguage":"fr-FR","@id":"https:\/\/www.edition-tawhid.com\/staging-site\/#\/schema\/logo\/image\/","url":"https:\/\/www.edition-tawhid.com\/staging-site\/wp-content\/uploads\/2018\/12\/logo_noir_v1-01.png","contentUrl":"https:\/\/www.edition-tawhid.com\/staging-site\/wp-content\/uploads\/2018\/12\/logo_noir_v1-01.png","width":80,"height":112,"caption":"Editions Tawhid"},"image":{"@id":"https:\/\/www.edition-tawhid.com\/staging-site\/#\/schema\/logo\/image\/"},"sameAs":["https:\/\/www.facebook.com\/editiontawhid\/"]}]}},"_links":{"self":[{"href":"https:\/\/www.edition-tawhid.com\/staging-site\/wp-json\/wp\/v2\/product\/16049","targetHints":{"allow":["GET"]}}],"collection":[{"href":"https:\/\/www.edition-tawhid.com\/staging-site\/wp-json\/wp\/v2\/product"}],"about":[{"href":"https:\/\/www.edition-tawhid.com\/staging-site\/wp-json\/wp\/v2\/types\/product"}],"replies":[{"embeddable":true,"href":"https:\/\/www.edition-tawhid.com\/staging-site\/wp-json\/wp\/v2\/comments?post=16049"}],"wp:featuredmedia":[{"embeddable":true,"href":"https:\/\/www.edition-tawhid.com\/staging-site\/wp-json\/wp\/v2\/media\/16078"}],"wp:attachment":[{"href":"https:\/\/www.edition-tawhid.com\/staging-site\/wp-json\/wp\/v2\/media?parent=16049"}],"wp:term":[{"taxonomy":"product_brand","embeddable":true,"href":"https:\/\/www.edition-tawhid.com\/staging-site\/wp-json\/wp\/v2\/product_brand?post=16049"},{"taxonomy":"product_cat","embeddable":true,"href":"https:\/\/www.edition-tawhid.com\/staging-site\/wp-json\/wp\/v2\/product_cat?post=16049"},{"taxonomy":"product_tag","embeddable":true,"href":"https:\/\/www.edition-tawhid.com\/staging-site\/wp-json\/wp\/v2\/product_tag?post=16049"}],"curies":[{"name":"wp","href":"https:\/\/api.w.org\/{rel}","templated":true}]}}