{"id":16684,"date":"2023-09-25T21:51:50","date_gmt":"2023-09-25T19:51:50","guid":{"rendered":"https:\/\/www.edition-tawhid.com\/staging-site\/?post_type=product&#038;p=16684"},"modified":"2025-02-15T17:59:52","modified_gmt":"2025-02-15T16:59:52","slug":"pourquoi-donner-livre-1","status":"publish","type":"product","link":"https:\/\/www.edition-tawhid.com\/staging-site\/produit\/pourquoi-donner-livre-1\/","title":{"rendered":"Pourquoi donner?"},"content":{"rendered":"<p>En islam, donner de ses biens est consid\u00e9r\u00e9 comme le droit des pauvres, des d\u00e9munis et de la soci\u00e9t\u00e9 sur les biens que Dieu nous a donn\u00e9s: la zak\u00e2t est obligation, et les aum\u00f4nes <em>sadaq\u00e2t<\/em> sont recommandation et compl\u00e9ment indispensable \u00e0 la premi\u00e8re. Ce geste de donner proc\u00e8de d&rsquo;une spiritualit\u00e9 vivante attach\u00e9e \u00e0 toute \u0153uvre qui donne vie, profondeur \u00e0 toute \u0153uvre, sans laquelle rien ne saurait perdurer ni prendre sens!<\/p>\n<p>Donner repose aussi sur une \u00e9thique qui ajoute le beau (<em>tayyib<\/em>) au bien du geste. Donner en islam, regarde enfin aux finalit\u00e9s (<em>maq\u00e2sid<\/em>) de la r\u00e9v\u00e9lation: comment \u00eatre soucieux de (et avec) l&rsquo;autre, le pauvre et n\u00e9cessiteux, faire circuler la richesse, pr\u00e9server le vivre-ensemble gr\u00e2ce \u00e0 cette valeur centrale en islam: le partage. De l\u00e0, d\u00e9coule la question centrale: quelle relation entretiennent les biens avec la foi islamique? En d&rsquo;autres mots, quelle place ont les biens dans notre c\u0153ur et notre vision du monde et de la vie, pour son propre ego ou en vue d&rsquo;autres utilit\u00e9s et finalit\u00e9s compl\u00e9mentaires?<\/p>\n<p>Ces trois dimensions (spiritualit\u00e9, \u00e9thique, finalit\u00e9s) sont l&rsquo;autre face du <em>fiqh<\/em>, c&rsquo;est-\u00e0-dire les aspects normatifs n\u00e9cessaires, faces qui ne peuvent qu&rsquo;aller ensemble et ne jamais se s\u00e9parer!<\/p>\n<p>Ce livre est le premier d&rsquo;une s\u00e9rie qui en compte cinq:<\/p>\n<p>1. <em><strong>Zak\u00e2t, guide pratique,\u00a0<\/strong><\/em>destin\u00e9 \u00e0 toute personne d\u00e9sirant conna\u00eetre rapidement ce pilier et comment l&rsquo;accomplir (calculs, exemples).<\/p>\n<p>2. <em><strong>Le livre de la zak\u00e2t<\/strong><\/em>, destin\u00e9 aux \u00e9tudiants des sciences islamiques, aux imams et \u00e0 toute personne souhaitant aller plus loin. Un ouvrage de r\u00e9f\u00e9rence.<\/p>\n<p>3.<em><strong> Le livre des aum\u00f4nes, m\u00e9rites et fiqh<\/strong><\/em>, qui traite sp\u00e9cifiquement de l&rsquo;aum\u00f4ne, sous ses diff\u00e9rentes formes, ses m\u00e9rites, ses r\u00e8gles. C&rsquo;est le compl\u00e9ment indispensable \u00e0 la zak\u00e2t.<\/p>\n<p>4. <em><strong>Les organisations caritatives islamiques et la gestion des aum\u00f4nes et zak\u00e2t<\/strong><\/em>, destin\u00e9 \u00e0 toutes les associations islamiques, en particulier humanitaires, sur la gestion et les r\u00e8gles \u00e0 observer dans leur vocation. (\u00c0 PARA\u00ceTRE).<\/p>\n<p><em>Mostafa Brahami est un des contributeurs de la litt\u00e9rature musulmane en langue fran\u00e7aise. Ses ouvrages embrassent divers domaines notamment le droit musulman (fiqh), la spiritualit\u00e9, l&rsquo;\u00e9thique, les finalit\u00e9s (maq\u00e2sid) ainsi que l&rsquo;histoire du fiqh et des grands imams, devenus des r\u00e9f\u00e9rences. Il apporte, avec soin et technique didactique, tout un ensemble de connaissances sur les quatre piliers de l&rsquo;islam (pri\u00e8re, je\u00fbne, zak\u00e2t et hajj). Il intervient souvent dans l&rsquo;espace francophone pour apporter son expertise sur ces domaines \u00e9tudi\u00e9s.<\/em><\/p>\n","protected":false},"excerpt":{"rendered":"<p>En islam, donner de ses biens est consid\u00e9r\u00e9 comme le droit des pauvres, des d\u00e9munis et de la soci\u00e9t\u00e9 sur les biens que Dieu nous a donn\u00e9s: la zak\u00e2t est obligation, et les aum\u00f4nes <em>sadaq\u00e2t<\/em> sont recommandation et compl\u00e9ment indispensable \u00e0 la premi\u00e8re. Ce geste de donner proc\u00e8de d&rsquo;une spiritualit\u00e9 vivante attach\u00e9e \u00e0 toute \u0153uvre qui donne vie, profondeur \u00e0 toute \u0153uvre, sans laquelle rien ne saurait perdurer ni prendre sens!<\/p>\n","protected":false},"featured_media":16686,"comment_status":"open","ping_status":"closed","template":"","meta":{"_acf_changed":false},"product_brand":[],"product_cat":[2466,2524],"product_tag":[],"class_list":{"0":"post-16684","1":"product","2":"type-product","3":"status-publish","4":"has-post-thumbnail","6":"product_cat-initiation","7":"product_cat-spiritualite","8":"pa_book-author-mostafa-brahami","10":"first","11":"instock","12":"featured","13":"taxable","14":"shipping-taxable","15":"purchasable","16":"product-type-simple"},"acf":[],"yoast_head":"<!-- This site is optimized with the Yoast SEO plugin v27.1.1 - https:\/\/yoast.com\/product\/yoast-seo-wordpress\/ -->\n<title>Pourquoi donner? - \u00c9ditions Tawhid<\/title>\n<meta name=\"robots\" content=\"noindex, follow, max-snippet:-1, max-image-preview:large, max-video-preview:-1\" \/>\n<meta property=\"og:locale\" content=\"fr_FR\" \/>\n<meta property=\"og:type\" content=\"article\" \/>\n<meta property=\"og:title\" content=\"Pourquoi donner? - \u00c9ditions Tawhid\" \/>\n<meta property=\"og:description\" content=\"En islam, donner de ses biens est consid\u00e9r\u00e9 comme le droit des pauvres, des d\u00e9munis et de la soci\u00e9t\u00e9 sur les biens que Dieu nous a donn\u00e9s: la zak\u00e2t est obligation, et les aum\u00f4nes sadaq\u00e2t sont recommandation et compl\u00e9ment indispensable \u00e0 la premi\u00e8re. Ce geste de donner proc\u00e8de d&#039;une spiritualit\u00e9 vivante attach\u00e9e \u00e0 toute \u0153uvre qui donne vie, profondeur \u00e0 toute \u0153uvre, sans laquelle rien ne saurait perdurer ni prendre sens!\" \/>\n<meta property=\"og:url\" content=\"https:\/\/www.edition-tawhid.com\/staging-site\/produit\/pourquoi-donner-livre-1\/\" \/>\n<meta property=\"og:site_name\" content=\"\u00c9ditions Tawhid\" \/>\n<meta property=\"article:publisher\" content=\"https:\/\/www.facebook.com\/editiontawhid\/\" \/>\n<meta property=\"article:modified_time\" content=\"2025-02-15T16:59:52+00:00\" \/>\n<meta property=\"og:image\" content=\"https:\/\/www.edition-tawhid.com\/staging-site\/wp-content\/uploads\/2023\/09\/brahami-pourquoi-donner-01-v1.jpg\" \/>\n\t<meta property=\"og:image:width\" content=\"791\" \/>\n\t<meta property=\"og:image:height\" content=\"1024\" \/>\n\t<meta property=\"og:image:type\" content=\"image\/jpeg\" \/>\n<meta name=\"twitter:card\" content=\"summary_large_image\" \/>\n<meta name=\"twitter:label1\" content=\"Dur\u00e9e de lecture estim\u00e9e\" \/>\n\t<meta name=\"twitter:data1\" content=\"3 minutes\" \/>\n<script type=\"application\/ld+json\" class=\"yoast-schema-graph\">{\"@context\":\"https:\/\/schema.org\",\"@graph\":[{\"@type\":\"WebPage\",\"@id\":\"https:\/\/www.edition-tawhid.com\/staging-site\/produit\/pourquoi-donner-livre-1\/\",\"url\":\"https:\/\/www.edition-tawhid.com\/staging-site\/produit\/pourquoi-donner-livre-1\/\",\"name\":\"Pourquoi donner? - \u00c9ditions Tawhid\",\"isPartOf\":{\"@id\":\"https:\/\/www.edition-tawhid.com\/staging-site\/#website\"},\"primaryImageOfPage\":{\"@id\":\"https:\/\/www.edition-tawhid.com\/staging-site\/produit\/pourquoi-donner-livre-1\/#primaryimage\"},\"image\":{\"@id\":\"https:\/\/www.edition-tawhid.com\/staging-site\/produit\/pourquoi-donner-livre-1\/#primaryimage\"},\"thumbnailUrl\":\"https:\/\/www.edition-tawhid.com\/staging-site\/wp-content\/uploads\/2023\/09\/brahami-pourquoi-donner-01-v1.jpg\",\"datePublished\":\"2023-09-25T19:51:50+00:00\",\"dateModified\":\"2025-02-15T16:59:52+00:00\",\"breadcrumb\":{\"@id\":\"https:\/\/www.edition-tawhid.com\/staging-site\/produit\/pourquoi-donner-livre-1\/#breadcrumb\"},\"inLanguage\":\"fr-FR\",\"potentialAction\":[{\"@type\":\"ReadAction\",\"target\":[\"https:\/\/www.edition-tawhid.com\/staging-site\/produit\/pourquoi-donner-livre-1\/\"]}]},{\"@type\":\"ImageObject\",\"inLanguage\":\"fr-FR\",\"@id\":\"https:\/\/www.edition-tawhid.com\/staging-site\/produit\/pourquoi-donner-livre-1\/#primaryimage\",\"url\":\"https:\/\/www.edition-tawhid.com\/staging-site\/wp-content\/uploads\/2023\/09\/brahami-pourquoi-donner-01-v1.jpg\",\"contentUrl\":\"https:\/\/www.edition-tawhid.com\/staging-site\/wp-content\/uploads\/2023\/09\/brahami-pourquoi-donner-01-v1.jpg\",\"width\":791,\"height\":1024},{\"@type\":\"BreadcrumbList\",\"@id\":\"https:\/\/www.edition-tawhid.com\/staging-site\/produit\/pourquoi-donner-livre-1\/#breadcrumb\",\"itemListElement\":[{\"@type\":\"ListItem\",\"position\":1,\"name\":\"Accueil\",\"item\":\"https:\/\/www.edition-tawhid.com\/staging-site\/\"},{\"@type\":\"ListItem\",\"position\":2,\"name\":\"Tous nos livres\",\"item\":\"https:\/\/www.edition-tawhid.com\/staging-site\/tous-nos-livres\/\"},{\"@type\":\"ListItem\",\"position\":3,\"name\":\"Pourquoi donner? (Livre 1)\"}]},{\"@type\":\"WebSite\",\"@id\":\"https:\/\/www.edition-tawhid.com\/staging-site\/#website\",\"url\":\"https:\/\/www.edition-tawhid.com\/staging-site\/\",\"name\":\"\u00c9ditions Tawhid\",\"description\":\"Le sp\u00e9cialiste du livre islamique francophone\",\"publisher\":{\"@id\":\"https:\/\/www.edition-tawhid.com\/staging-site\/#organization\"},\"potentialAction\":[{\"@type\":\"SearchAction\",\"target\":{\"@type\":\"EntryPoint\",\"urlTemplate\":\"https:\/\/www.edition-tawhid.com\/staging-site\/?s={search_term_string}\"},\"query-input\":{\"@type\":\"PropertyValueSpecification\",\"valueRequired\":true,\"valueName\":\"search_term_string\"}}],\"inLanguage\":\"fr-FR\"},{\"@type\":\"Organization\",\"@id\":\"https:\/\/www.edition-tawhid.com\/staging-site\/#organization\",\"name\":\"Editions Tawhid\",\"url\":\"https:\/\/www.edition-tawhid.com\/staging-site\/\",\"logo\":{\"@type\":\"ImageObject\",\"inLanguage\":\"fr-FR\",\"@id\":\"https:\/\/www.edition-tawhid.com\/staging-site\/#\/schema\/logo\/image\/\",\"url\":\"https:\/\/www.edition-tawhid.com\/staging-site\/wp-content\/uploads\/2018\/12\/logo_noir_v1-01.png\",\"contentUrl\":\"https:\/\/www.edition-tawhid.com\/staging-site\/wp-content\/uploads\/2018\/12\/logo_noir_v1-01.png\",\"width\":80,\"height\":112,\"caption\":\"Editions Tawhid\"},\"image\":{\"@id\":\"https:\/\/www.edition-tawhid.com\/staging-site\/#\/schema\/logo\/image\/\"},\"sameAs\":[\"https:\/\/www.facebook.com\/editiontawhid\/\"]}]}<\/script>\n<!-- \/ Yoast SEO plugin. -->","yoast_head_json":{"title":"Pourquoi donner? - \u00c9ditions Tawhid","robots":{"index":"noindex","follow":"follow","max-snippet":"max-snippet:-1","max-image-preview":"max-image-preview:large","max-video-preview":"max-video-preview:-1"},"og_locale":"fr_FR","og_type":"article","og_title":"Pourquoi donner? - \u00c9ditions Tawhid","og_description":"En islam, donner de ses biens est consid\u00e9r\u00e9 comme le droit des pauvres, des d\u00e9munis et de la soci\u00e9t\u00e9 sur les biens que Dieu nous a donn\u00e9s: la zak\u00e2t est obligation, et les aum\u00f4nes sadaq\u00e2t sont recommandation et compl\u00e9ment indispensable \u00e0 la premi\u00e8re. Ce geste de donner proc\u00e8de d'une spiritualit\u00e9 vivante attach\u00e9e \u00e0 toute \u0153uvre qui donne vie, profondeur \u00e0 toute \u0153uvre, sans laquelle rien ne saurait perdurer ni prendre sens!","og_url":"https:\/\/www.edition-tawhid.com\/staging-site\/produit\/pourquoi-donner-livre-1\/","og_site_name":"\u00c9ditions Tawhid","article_publisher":"https:\/\/www.facebook.com\/editiontawhid\/","article_modified_time":"2025-02-15T16:59:52+00:00","og_image":[{"width":791,"height":1024,"url":"https:\/\/www.edition-tawhid.com\/staging-site\/wp-content\/uploads\/2023\/09\/brahami-pourquoi-donner-01-v1.jpg","type":"image\/jpeg"}],"twitter_card":"summary_large_image","twitter_misc":{"Dur\u00e9e de lecture estim\u00e9e":"3 minutes"},"schema":{"@context":"https:\/\/schema.org","@graph":[{"@type":"WebPage","@id":"https:\/\/www.edition-tawhid.com\/staging-site\/produit\/pourquoi-donner-livre-1\/","url":"https:\/\/www.edition-tawhid.com\/staging-site\/produit\/pourquoi-donner-livre-1\/","name":"Pourquoi donner? - \u00c9ditions Tawhid","isPartOf":{"@id":"https:\/\/www.edition-tawhid.com\/staging-site\/#website"},"primaryImageOfPage":{"@id":"https:\/\/www.edition-tawhid.com\/staging-site\/produit\/pourquoi-donner-livre-1\/#primaryimage"},"image":{"@id":"https:\/\/www.edition-tawhid.com\/staging-site\/produit\/pourquoi-donner-livre-1\/#primaryimage"},"thumbnailUrl":"https:\/\/www.edition-tawhid.com\/staging-site\/wp-content\/uploads\/2023\/09\/brahami-pourquoi-donner-01-v1.jpg","datePublished":"2023-09-25T19:51:50+00:00","dateModified":"2025-02-15T16:59:52+00:00","breadcrumb":{"@id":"https:\/\/www.edition-tawhid.com\/staging-site\/produit\/pourquoi-donner-livre-1\/#breadcrumb"},"inLanguage":"fr-FR","potentialAction":[{"@type":"ReadAction","target":["https:\/\/www.edition-tawhid.com\/staging-site\/produit\/pourquoi-donner-livre-1\/"]}]},{"@type":"ImageObject","inLanguage":"fr-FR","@id":"https:\/\/www.edition-tawhid.com\/staging-site\/produit\/pourquoi-donner-livre-1\/#primaryimage","url":"https:\/\/www.edition-tawhid.com\/staging-site\/wp-content\/uploads\/2023\/09\/brahami-pourquoi-donner-01-v1.jpg","contentUrl":"https:\/\/www.edition-tawhid.com\/staging-site\/wp-content\/uploads\/2023\/09\/brahami-pourquoi-donner-01-v1.jpg","width":791,"height":1024},{"@type":"BreadcrumbList","@id":"https:\/\/www.edition-tawhid.com\/staging-site\/produit\/pourquoi-donner-livre-1\/#breadcrumb","itemListElement":[{"@type":"ListItem","position":1,"name":"Accueil","item":"https:\/\/www.edition-tawhid.com\/staging-site\/"},{"@type":"ListItem","position":2,"name":"Tous nos livres","item":"https:\/\/www.edition-tawhid.com\/staging-site\/tous-nos-livres\/"},{"@type":"ListItem","position":3,"name":"Pourquoi donner? (Livre 1)"}]},{"@type":"WebSite","@id":"https:\/\/www.edition-tawhid.com\/staging-site\/#website","url":"https:\/\/www.edition-tawhid.com\/staging-site\/","name":"\u00c9ditions Tawhid","description":"Le sp\u00e9cialiste du livre islamique francophone","publisher":{"@id":"https:\/\/www.edition-tawhid.com\/staging-site\/#organization"},"potentialAction":[{"@type":"SearchAction","target":{"@type":"EntryPoint","urlTemplate":"https:\/\/www.edition-tawhid.com\/staging-site\/?s={search_term_string}"},"query-input":{"@type":"PropertyValueSpecification","valueRequired":true,"valueName":"search_term_string"}}],"inLanguage":"fr-FR"},{"@type":"Organization","@id":"https:\/\/www.edition-tawhid.com\/staging-site\/#organization","name":"Editions Tawhid","url":"https:\/\/www.edition-tawhid.com\/staging-site\/","logo":{"@type":"ImageObject","inLanguage":"fr-FR","@id":"https:\/\/www.edition-tawhid.com\/staging-site\/#\/schema\/logo\/image\/","url":"https:\/\/www.edition-tawhid.com\/staging-site\/wp-content\/uploads\/2018\/12\/logo_noir_v1-01.png","contentUrl":"https:\/\/www.edition-tawhid.com\/staging-site\/wp-content\/uploads\/2018\/12\/logo_noir_v1-01.png","width":80,"height":112,"caption":"Editions Tawhid"},"image":{"@id":"https:\/\/www.edition-tawhid.com\/staging-site\/#\/schema\/logo\/image\/"},"sameAs":["https:\/\/www.facebook.com\/editiontawhid\/"]}]}},"_links":{"self":[{"href":"https:\/\/www.edition-tawhid.com\/staging-site\/wp-json\/wp\/v2\/product\/16684","targetHints":{"allow":["GET"]}}],"collection":[{"href":"https:\/\/www.edition-tawhid.com\/staging-site\/wp-json\/wp\/v2\/product"}],"about":[{"href":"https:\/\/www.edition-tawhid.com\/staging-site\/wp-json\/wp\/v2\/types\/product"}],"replies":[{"embeddable":true,"href":"https:\/\/www.edition-tawhid.com\/staging-site\/wp-json\/wp\/v2\/comments?post=16684"}],"wp:featuredmedia":[{"embeddable":true,"href":"https:\/\/www.edition-tawhid.com\/staging-site\/wp-json\/wp\/v2\/media\/16686"}],"wp:attachment":[{"href":"https:\/\/www.edition-tawhid.com\/staging-site\/wp-json\/wp\/v2\/media?parent=16684"}],"wp:term":[{"taxonomy":"product_brand","embeddable":true,"href":"https:\/\/www.edition-tawhid.com\/staging-site\/wp-json\/wp\/v2\/product_brand?post=16684"},{"taxonomy":"product_cat","embeddable":true,"href":"https:\/\/www.edition-tawhid.com\/staging-site\/wp-json\/wp\/v2\/product_cat?post=16684"},{"taxonomy":"product_tag","embeddable":true,"href":"https:\/\/www.edition-tawhid.com\/staging-site\/wp-json\/wp\/v2\/product_tag?post=16684"}],"curies":[{"name":"wp","href":"https:\/\/api.w.org\/{rel}","templated":true}]}}