{"id":16694,"date":"2023-09-25T22:16:32","date_gmt":"2023-09-25T20:16:32","guid":{"rendered":"https:\/\/www.edition-tawhid.com\/staging-site\/?post_type=product&#038;p=16694"},"modified":"2023-10-02T17:51:14","modified_gmt":"2023-10-02T15:51:14","slug":"pourquoi-jeuner","status":"publish","type":"product","link":"https:\/\/www.edition-tawhid.com\/staging-site\/produit\/pourquoi-jeuner\/","title":{"rendered":"Pourquoi je\u00fbner?"},"content":{"rendered":"<p>Je\u00fbner n\u2019est pas seulement une abstention de nourriture, boissons et relations intimes ; ceci est le service minimum. Tout comme l\u2019accomplissement de la pri\u00e8re (<em>sal\u00e2t<\/em>) n\u2019est pas une succession de paroles et d\u2019actes. Tout acte cultuel, s\u2019adressant \u00e0 Dieu, doit \u00eatre nourri de spiritualit\u00e9 qui constitue ses racines et sa s\u00e8ve, c\u2019est-\u00e0-dire sa force et vie. Comme il est habill\u00e9 par toute une \u00e9thique qui fait sa beaut\u00e9, telles les feuilles de l\u2019arbre. Et tout acte cultuel ou autre, en islam, a cette dimension si fondamentale de finalit\u00e9s (objectifs supr\u00eames) qui font son intelligence, qui le rendent intelligible et le projettent dans l\u2019avenir. Sans ces trois dimensions, l\u2019acte cultuel tombe en d\u00e9su\u00e9tude et ne pourrait plus \u00eatre accompli. C\u2019est ce qui est arriv\u00e9 au je\u00fbne dans les autres religions qui a \u00e9t\u00e9 perdu et\/ou d\u00e9natur\u00e9.<\/p>\n<p>Ce livre est une contribution \u00e0 assoir ces trois dimensions du je\u00fbne en islam : spiritualit\u00e9, \u00e9thique et finalit\u00e9s (<em>maq\u00e2sid<\/em>) qui doivent accompagner l\u2019acte d\u2019abstinence.<\/p>\n<p><em>Mostafa Brahami est un des contributeurs de la litt\u00e9rature musulmane en langue fran\u00e7aise. Ses ouvrages embrassent divers domaines notamment le droit musulman (fiqh), la spiritualit\u00e9, l\u2019\u00e9thique, les finalit\u00e9s (maq\u00e2sid) ainsi que l\u2019histoire du fiqh et des grands imams, devenus des r\u00e9f\u00e9rences. Il apporte, avec soin et technique didactique, tout un ensemble de connaissances sur les quatre piliers de l\u2019islam (pri\u00e8re, je\u00fbne, zak\u00e2t et hajj). Il intervient souvent dans l\u2019espace francophone pour apporter son expertise sur ces domaines \u00e9tudi\u00e9s.<\/em><\/p>\n","protected":false},"excerpt":{"rendered":"<p>Je\u00fbner n\u2019est pas seulement une abstention de nourriture, boissons et relations intimes ; ceci est le service minimum. Tout comme l\u2019accomplissement de la pri\u00e8re (<em>sal\u00e2t<\/em>) n\u2019est pas une succession de paroles et d\u2019actes. Tout acte cultuel, s\u2019adressant \u00e0 Dieu, doit \u00eatre nourri de spiritualit\u00e9 qui constitue ses racines et sa s\u00e8ve, c\u2019est-\u00e0-dire sa force et vie. Comme il est habill\u00e9 par toute une \u00e9thique qui fait sa beaut\u00e9, telles les feuilles de l\u2019arbre. Et tout acte cultuel ou autre, en islam, a cette dimension si fondamentale de finalit\u00e9s (objectifs supr\u00eames) qui font son intelligence, qui le rendent intelligible et le projettent dans l\u2019avenir. Sans ces trois dimensions, l\u2019acte cultuel tombe en d\u00e9su\u00e9tude et ne pourrait plus \u00eatre accompli. C\u2019est ce qui est arriv\u00e9 au je\u00fbne dans les autres religions qui a \u00e9t\u00e9 perdu et\/ou d\u00e9natur\u00e9.<\/p>\n","protected":false},"featured_media":16695,"comment_status":"open","ping_status":"closed","template":"","meta":{"_acf_changed":false},"product_brand":[],"product_cat":[2466,2524],"product_tag":[],"class_list":{"0":"post-16694","1":"product","2":"type-product","3":"status-publish","4":"has-post-thumbnail","6":"product_cat-initiation","7":"product_cat-spiritualite","8":"pa_book-author-mostafa-brahami","10":"first","11":"instock","12":"featured","13":"taxable","14":"shipping-taxable","15":"purchasable","16":"product-type-simple"},"acf":[],"yoast_head":"<!-- This site is optimized with the Yoast SEO plugin v27.1.1 - https:\/\/yoast.com\/product\/yoast-seo-wordpress\/ -->\n<title>Pourquoi je\u00fbner? - \u00c9ditions Tawhid<\/title>\n<meta name=\"robots\" content=\"noindex, follow, max-snippet:-1, max-image-preview:large, max-video-preview:-1\" \/>\n<meta property=\"og:locale\" content=\"fr_FR\" \/>\n<meta property=\"og:type\" content=\"article\" \/>\n<meta property=\"og:title\" content=\"Pourquoi je\u00fbner? - \u00c9ditions Tawhid\" \/>\n<meta property=\"og:description\" content=\"Je\u00fbner n\u2019est pas seulement une abstention de nourriture, boissons et relations intimes ; ceci est le service minimum. Tout comme l\u2019accomplissement de la pri\u00e8re (sal\u00e2t) n\u2019est pas une succession de paroles et d\u2019actes. Tout acte cultuel, s\u2019adressant \u00e0 Dieu, doit \u00eatre nourri de spiritualit\u00e9 qui constitue ses racines et sa s\u00e8ve, c\u2019est-\u00e0-dire sa force et vie. Comme il est habill\u00e9 par toute une \u00e9thique qui fait sa beaut\u00e9, telles les feuilles de l\u2019arbre. Et tout acte cultuel ou autre, en islam, a cette dimension si fondamentale de finalit\u00e9s (objectifs supr\u00eames) qui font son intelligence, qui le rendent intelligible et le projettent dans l\u2019avenir. Sans ces trois dimensions, l\u2019acte cultuel tombe en d\u00e9su\u00e9tude et ne pourrait plus \u00eatre accompli. C\u2019est ce qui est arriv\u00e9 au je\u00fbne dans les autres religions qui a \u00e9t\u00e9 perdu et\/ou d\u00e9natur\u00e9.\" \/>\n<meta property=\"og:url\" content=\"https:\/\/www.edition-tawhid.com\/staging-site\/produit\/pourquoi-jeuner\/\" \/>\n<meta property=\"og:site_name\" content=\"\u00c9ditions Tawhid\" \/>\n<meta property=\"article:publisher\" content=\"https:\/\/www.facebook.com\/editiontawhid\/\" \/>\n<meta property=\"article:modified_time\" content=\"2023-10-02T15:51:14+00:00\" \/>\n<meta property=\"og:image\" content=\"https:\/\/www.edition-tawhid.com\/staging-site\/wp-content\/uploads\/2023\/09\/brahami-pourquoi-jeuner-01-v1.jpg\" \/>\n\t<meta property=\"og:image:width\" content=\"791\" \/>\n\t<meta property=\"og:image:height\" content=\"1024\" \/>\n\t<meta property=\"og:image:type\" content=\"image\/jpeg\" \/>\n<meta name=\"twitter:card\" content=\"summary_large_image\" \/>\n<meta name=\"twitter:label1\" content=\"Dur\u00e9e de lecture estim\u00e9e\" \/>\n\t<meta name=\"twitter:data1\" content=\"2 minutes\" \/>\n<script type=\"application\/ld+json\" class=\"yoast-schema-graph\">{\"@context\":\"https:\/\/schema.org\",\"@graph\":[{\"@type\":\"WebPage\",\"@id\":\"https:\/\/www.edition-tawhid.com\/staging-site\/produit\/pourquoi-jeuner\/\",\"url\":\"https:\/\/www.edition-tawhid.com\/staging-site\/produit\/pourquoi-jeuner\/\",\"name\":\"Pourquoi je\u00fbner? - \u00c9ditions Tawhid\",\"isPartOf\":{\"@id\":\"https:\/\/www.edition-tawhid.com\/staging-site\/#website\"},\"primaryImageOfPage\":{\"@id\":\"https:\/\/www.edition-tawhid.com\/staging-site\/produit\/pourquoi-jeuner\/#primaryimage\"},\"image\":{\"@id\":\"https:\/\/www.edition-tawhid.com\/staging-site\/produit\/pourquoi-jeuner\/#primaryimage\"},\"thumbnailUrl\":\"https:\/\/www.edition-tawhid.com\/staging-site\/wp-content\/uploads\/2023\/09\/brahami-pourquoi-jeuner-01-v1.jpg\",\"datePublished\":\"2023-09-25T20:16:32+00:00\",\"dateModified\":\"2023-10-02T15:51:14+00:00\",\"breadcrumb\":{\"@id\":\"https:\/\/www.edition-tawhid.com\/staging-site\/produit\/pourquoi-jeuner\/#breadcrumb\"},\"inLanguage\":\"fr-FR\",\"potentialAction\":[{\"@type\":\"ReadAction\",\"target\":[\"https:\/\/www.edition-tawhid.com\/staging-site\/produit\/pourquoi-jeuner\/\"]}]},{\"@type\":\"ImageObject\",\"inLanguage\":\"fr-FR\",\"@id\":\"https:\/\/www.edition-tawhid.com\/staging-site\/produit\/pourquoi-jeuner\/#primaryimage\",\"url\":\"https:\/\/www.edition-tawhid.com\/staging-site\/wp-content\/uploads\/2023\/09\/brahami-pourquoi-jeuner-01-v1.jpg\",\"contentUrl\":\"https:\/\/www.edition-tawhid.com\/staging-site\/wp-content\/uploads\/2023\/09\/brahami-pourquoi-jeuner-01-v1.jpg\",\"width\":791,\"height\":1024},{\"@type\":\"BreadcrumbList\",\"@id\":\"https:\/\/www.edition-tawhid.com\/staging-site\/produit\/pourquoi-jeuner\/#breadcrumb\",\"itemListElement\":[{\"@type\":\"ListItem\",\"position\":1,\"name\":\"Accueil\",\"item\":\"https:\/\/www.edition-tawhid.com\/staging-site\/\"},{\"@type\":\"ListItem\",\"position\":2,\"name\":\"Tous nos livres\",\"item\":\"https:\/\/www.edition-tawhid.com\/staging-site\/tous-nos-livres\/\"},{\"@type\":\"ListItem\",\"position\":3,\"name\":\"Pourquoi je\u00fbner?\"}]},{\"@type\":\"WebSite\",\"@id\":\"https:\/\/www.edition-tawhid.com\/staging-site\/#website\",\"url\":\"https:\/\/www.edition-tawhid.com\/staging-site\/\",\"name\":\"\u00c9ditions Tawhid\",\"description\":\"Le sp\u00e9cialiste du livre islamique francophone\",\"publisher\":{\"@id\":\"https:\/\/www.edition-tawhid.com\/staging-site\/#organization\"},\"potentialAction\":[{\"@type\":\"SearchAction\",\"target\":{\"@type\":\"EntryPoint\",\"urlTemplate\":\"https:\/\/www.edition-tawhid.com\/staging-site\/?s={search_term_string}\"},\"query-input\":{\"@type\":\"PropertyValueSpecification\",\"valueRequired\":true,\"valueName\":\"search_term_string\"}}],\"inLanguage\":\"fr-FR\"},{\"@type\":\"Organization\",\"@id\":\"https:\/\/www.edition-tawhid.com\/staging-site\/#organization\",\"name\":\"Editions Tawhid\",\"url\":\"https:\/\/www.edition-tawhid.com\/staging-site\/\",\"logo\":{\"@type\":\"ImageObject\",\"inLanguage\":\"fr-FR\",\"@id\":\"https:\/\/www.edition-tawhid.com\/staging-site\/#\/schema\/logo\/image\/\",\"url\":\"https:\/\/www.edition-tawhid.com\/staging-site\/wp-content\/uploads\/2018\/12\/logo_noir_v1-01.png\",\"contentUrl\":\"https:\/\/www.edition-tawhid.com\/staging-site\/wp-content\/uploads\/2018\/12\/logo_noir_v1-01.png\",\"width\":80,\"height\":112,\"caption\":\"Editions Tawhid\"},\"image\":{\"@id\":\"https:\/\/www.edition-tawhid.com\/staging-site\/#\/schema\/logo\/image\/\"},\"sameAs\":[\"https:\/\/www.facebook.com\/editiontawhid\/\"]}]}<\/script>\n<!-- \/ Yoast SEO plugin. -->","yoast_head_json":{"title":"Pourquoi je\u00fbner? - \u00c9ditions Tawhid","robots":{"index":"noindex","follow":"follow","max-snippet":"max-snippet:-1","max-image-preview":"max-image-preview:large","max-video-preview":"max-video-preview:-1"},"og_locale":"fr_FR","og_type":"article","og_title":"Pourquoi je\u00fbner? - \u00c9ditions Tawhid","og_description":"Je\u00fbner n\u2019est pas seulement une abstention de nourriture, boissons et relations intimes ; ceci est le service minimum. Tout comme l\u2019accomplissement de la pri\u00e8re (sal\u00e2t) n\u2019est pas une succession de paroles et d\u2019actes. Tout acte cultuel, s\u2019adressant \u00e0 Dieu, doit \u00eatre nourri de spiritualit\u00e9 qui constitue ses racines et sa s\u00e8ve, c\u2019est-\u00e0-dire sa force et vie. Comme il est habill\u00e9 par toute une \u00e9thique qui fait sa beaut\u00e9, telles les feuilles de l\u2019arbre. Et tout acte cultuel ou autre, en islam, a cette dimension si fondamentale de finalit\u00e9s (objectifs supr\u00eames) qui font son intelligence, qui le rendent intelligible et le projettent dans l\u2019avenir. Sans ces trois dimensions, l\u2019acte cultuel tombe en d\u00e9su\u00e9tude et ne pourrait plus \u00eatre accompli. C\u2019est ce qui est arriv\u00e9 au je\u00fbne dans les autres religions qui a \u00e9t\u00e9 perdu et\/ou d\u00e9natur\u00e9.","og_url":"https:\/\/www.edition-tawhid.com\/staging-site\/produit\/pourquoi-jeuner\/","og_site_name":"\u00c9ditions Tawhid","article_publisher":"https:\/\/www.facebook.com\/editiontawhid\/","article_modified_time":"2023-10-02T15:51:14+00:00","og_image":[{"width":791,"height":1024,"url":"https:\/\/www.edition-tawhid.com\/staging-site\/wp-content\/uploads\/2023\/09\/brahami-pourquoi-jeuner-01-v1.jpg","type":"image\/jpeg"}],"twitter_card":"summary_large_image","twitter_misc":{"Dur\u00e9e de lecture estim\u00e9e":"2 minutes"},"schema":{"@context":"https:\/\/schema.org","@graph":[{"@type":"WebPage","@id":"https:\/\/www.edition-tawhid.com\/staging-site\/produit\/pourquoi-jeuner\/","url":"https:\/\/www.edition-tawhid.com\/staging-site\/produit\/pourquoi-jeuner\/","name":"Pourquoi je\u00fbner? - \u00c9ditions Tawhid","isPartOf":{"@id":"https:\/\/www.edition-tawhid.com\/staging-site\/#website"},"primaryImageOfPage":{"@id":"https:\/\/www.edition-tawhid.com\/staging-site\/produit\/pourquoi-jeuner\/#primaryimage"},"image":{"@id":"https:\/\/www.edition-tawhid.com\/staging-site\/produit\/pourquoi-jeuner\/#primaryimage"},"thumbnailUrl":"https:\/\/www.edition-tawhid.com\/staging-site\/wp-content\/uploads\/2023\/09\/brahami-pourquoi-jeuner-01-v1.jpg","datePublished":"2023-09-25T20:16:32+00:00","dateModified":"2023-10-02T15:51:14+00:00","breadcrumb":{"@id":"https:\/\/www.edition-tawhid.com\/staging-site\/produit\/pourquoi-jeuner\/#breadcrumb"},"inLanguage":"fr-FR","potentialAction":[{"@type":"ReadAction","target":["https:\/\/www.edition-tawhid.com\/staging-site\/produit\/pourquoi-jeuner\/"]}]},{"@type":"ImageObject","inLanguage":"fr-FR","@id":"https:\/\/www.edition-tawhid.com\/staging-site\/produit\/pourquoi-jeuner\/#primaryimage","url":"https:\/\/www.edition-tawhid.com\/staging-site\/wp-content\/uploads\/2023\/09\/brahami-pourquoi-jeuner-01-v1.jpg","contentUrl":"https:\/\/www.edition-tawhid.com\/staging-site\/wp-content\/uploads\/2023\/09\/brahami-pourquoi-jeuner-01-v1.jpg","width":791,"height":1024},{"@type":"BreadcrumbList","@id":"https:\/\/www.edition-tawhid.com\/staging-site\/produit\/pourquoi-jeuner\/#breadcrumb","itemListElement":[{"@type":"ListItem","position":1,"name":"Accueil","item":"https:\/\/www.edition-tawhid.com\/staging-site\/"},{"@type":"ListItem","position":2,"name":"Tous nos livres","item":"https:\/\/www.edition-tawhid.com\/staging-site\/tous-nos-livres\/"},{"@type":"ListItem","position":3,"name":"Pourquoi je\u00fbner?"}]},{"@type":"WebSite","@id":"https:\/\/www.edition-tawhid.com\/staging-site\/#website","url":"https:\/\/www.edition-tawhid.com\/staging-site\/","name":"\u00c9ditions Tawhid","description":"Le sp\u00e9cialiste du livre islamique francophone","publisher":{"@id":"https:\/\/www.edition-tawhid.com\/staging-site\/#organization"},"potentialAction":[{"@type":"SearchAction","target":{"@type":"EntryPoint","urlTemplate":"https:\/\/www.edition-tawhid.com\/staging-site\/?s={search_term_string}"},"query-input":{"@type":"PropertyValueSpecification","valueRequired":true,"valueName":"search_term_string"}}],"inLanguage":"fr-FR"},{"@type":"Organization","@id":"https:\/\/www.edition-tawhid.com\/staging-site\/#organization","name":"Editions Tawhid","url":"https:\/\/www.edition-tawhid.com\/staging-site\/","logo":{"@type":"ImageObject","inLanguage":"fr-FR","@id":"https:\/\/www.edition-tawhid.com\/staging-site\/#\/schema\/logo\/image\/","url":"https:\/\/www.edition-tawhid.com\/staging-site\/wp-content\/uploads\/2018\/12\/logo_noir_v1-01.png","contentUrl":"https:\/\/www.edition-tawhid.com\/staging-site\/wp-content\/uploads\/2018\/12\/logo_noir_v1-01.png","width":80,"height":112,"caption":"Editions Tawhid"},"image":{"@id":"https:\/\/www.edition-tawhid.com\/staging-site\/#\/schema\/logo\/image\/"},"sameAs":["https:\/\/www.facebook.com\/editiontawhid\/"]}]}},"_links":{"self":[{"href":"https:\/\/www.edition-tawhid.com\/staging-site\/wp-json\/wp\/v2\/product\/16694","targetHints":{"allow":["GET"]}}],"collection":[{"href":"https:\/\/www.edition-tawhid.com\/staging-site\/wp-json\/wp\/v2\/product"}],"about":[{"href":"https:\/\/www.edition-tawhid.com\/staging-site\/wp-json\/wp\/v2\/types\/product"}],"replies":[{"embeddable":true,"href":"https:\/\/www.edition-tawhid.com\/staging-site\/wp-json\/wp\/v2\/comments?post=16694"}],"wp:featuredmedia":[{"embeddable":true,"href":"https:\/\/www.edition-tawhid.com\/staging-site\/wp-json\/wp\/v2\/media\/16695"}],"wp:attachment":[{"href":"https:\/\/www.edition-tawhid.com\/staging-site\/wp-json\/wp\/v2\/media?parent=16694"}],"wp:term":[{"taxonomy":"product_brand","embeddable":true,"href":"https:\/\/www.edition-tawhid.com\/staging-site\/wp-json\/wp\/v2\/product_brand?post=16694"},{"taxonomy":"product_cat","embeddable":true,"href":"https:\/\/www.edition-tawhid.com\/staging-site\/wp-json\/wp\/v2\/product_cat?post=16694"},{"taxonomy":"product_tag","embeddable":true,"href":"https:\/\/www.edition-tawhid.com\/staging-site\/wp-json\/wp\/v2\/product_tag?post=16694"}],"curies":[{"name":"wp","href":"https:\/\/api.w.org\/{rel}","templated":true}]}}