{"id":16700,"date":"2023-09-26T03:27:47","date_gmt":"2023-09-26T01:27:47","guid":{"rendered":"https:\/\/www.edition-tawhid.com\/staging-site\/?post_type=product&#038;p=16700"},"modified":"2025-02-15T17:59:40","modified_gmt":"2025-02-15T16:59:40","slug":"le-livre-des-aumones-livre-4","status":"publish","type":"product","link":"https:\/\/www.edition-tawhid.com\/staging-site\/produit\/le-livre-des-aumones-livre-4\/","title":{"rendered":"Le Livre des aum\u00f4nes"},"content":{"rendered":"<p>Ce livre traite des aum\u00f4nes, d&rsquo;un point de vue spirituel avec leurs m\u00e9rites, et d&rsquo;un point de vue pratique avec les r\u00e8gles qui les valident, les orientent. En effet, toute \u0153uvre r\u00e9alis\u00e9e par le musulman doit \u00eatre sous-tendue par une intention pure (de l&rsquo;avoir faite pour Dieu) et \u00eatre conforme aux enseignements divins et proph\u00e9tiques, d&rsquo;o\u00f9 la n\u00e9cessit\u00e9 de conna\u00eetre les aspects de <em>fiqh<\/em>. Les diverses formes des aum\u00f4nes sont \u00e9tudi\u00e9es: aum\u00f4nes recommand\u00e9es libres, celles durables (<em>sadaqa j\u00e2riya<\/em>), le <em>waqf<\/em>, celles des diverses expiations (<em>kaff\u00e2r\u00e2t<\/em>), et les legs testamentaires (<em>wasiyya<\/em>).<\/p>\n<p>Toute bonne \u0153uvre, comme les aum\u00f4nes, doit \u00eatre accompagn\u00e9e par une \u00e9thique afin de la rendre plus belle. C&rsquo;est pourquoi nous traitons de la pratique proph\u00e9tique dans le don, de l&rsquo;\u00e9thique du donateur et du b\u00e9n\u00e9ficiaire.<\/p>\n<p>Ce livre est le quatri\u00e8me d&rsquo;une s\u00e9rie qui en compte cinq:<\/p>\n<p>1. <em><strong>Pourquoi donner?<\/strong><\/em> qui s&rsquo;attache \u00e0 montrer les bases spirituelles de l&rsquo;acte de donner (zak\u00e2t, aum\u00f4nes) en islam, l&rsquo;\u00e9thique accompagnant ce geste et les finalit\u00e9s du don.<\/p>\n<p>2. <em><strong>Zak\u00e2t, guide pratique<\/strong><\/em>, destin\u00e9 \u00e0 toute personne d\u00e9sirant conna\u00eetre rapidement ce pilier et comment l&rsquo;accomplir (calculs, exemples).<\/p>\n<p>3. <em><strong>Le livre de la zak\u00e2t<\/strong><\/em>, destin\u00e9 aux \u00e9tudiants des sciences islamiques, aux imams et \u00e0 toute personne souhaitant aller plus loin. Un ouvrage de r\u00e9f\u00e9rence.<\/p>\n<p>4. <em><strong>Les organisations caritatives islamiques et la gestion des aum\u00f4nes et zak\u00e2t<\/strong><\/em>, destin\u00e9 \u00e0 toutes les associations islamiques, en particulier humanitaires, sur la gestion et les r\u00e8gles \u00e0 observer dans leur vocation. (\u00c0 PARA\u00ceTRE).<\/p>\n<p><em>Mostafa Brahami est un des contributeurs de la litt\u00e9rature musulmane en langue fran\u00e7aise. Ses ouvrages embrassent divers domaines notamment le droit musulman (fiqh), la spiritualit\u00e9, l&rsquo;\u00e9thique, les finalit\u00e9s (maq\u00e2sid) ainsi que l&rsquo;histoire du fiqh et des grands imams, devenus des r\u00e9f\u00e9rences. Il apporte, avec soin et technique didactique, tout un ensemble de connaissances sur les quatre piliers de l&rsquo;islam (pri\u00e8re, je\u00fbne, zak\u00e2t et hajj). Il intervient souvent dans l&rsquo;espace francophone pour apporter son expertise sur ces domaines \u00e9tudi\u00e9s.<\/em><\/p>\n<p>&nbsp;<\/p>\n","protected":false},"excerpt":{"rendered":"<p>Ce livre traite des aum\u00f4nes, d&rsquo;un point de vue spirituel avec leurs m\u00e9rites, et d&rsquo;un point de vue pratique avec les r\u00e8gles qui les valident, les orientent. En effet, toute \u0153uvre r\u00e9alis\u00e9e par le musulman doit \u00eatre sous-tendue par une intention pure (de l&rsquo;avoir faite pour Dieu) et \u00eatre conforme aux enseignements divins et proph\u00e9tiques, d&rsquo;o\u00f9 la n\u00e9cessit\u00e9 de conna\u00eetre les aspects de <em>fiqh<\/em>. Les diverses formes des aum\u00f4nes sont \u00e9tudi\u00e9es: aum\u00f4nes recommand\u00e9es libres, celles durables (<em>sadaqa j\u00e2riya<\/em>), le <em>waqf<\/em>, celles des diverses expiations (<em>kaff\u00e2r\u00e2t<\/em>), et les legs testamentaires (<em>wasiyya<\/em>).<\/p>\n","protected":false},"featured_media":16701,"comment_status":"open","ping_status":"closed","template":"","meta":{"_acf_changed":false},"product_brand":[],"product_cat":[2711,2524],"product_tag":[],"class_list":{"0":"post-16700","1":"product","2":"type-product","3":"status-publish","4":"has-post-thumbnail","6":"product_cat-fiqh","7":"product_cat-spiritualite","8":"pa_book-author-mostafa-brahami","10":"first","11":"instock","12":"featured","13":"taxable","14":"shipping-taxable","15":"purchasable","16":"product-type-simple"},"acf":[],"yoast_head":"<!-- This site is optimized with the Yoast SEO plugin v27.1.1 - https:\/\/yoast.com\/product\/yoast-seo-wordpress\/ -->\n<title>Le Livre des aum\u00f4nes - \u00c9ditions Tawhid<\/title>\n<meta name=\"robots\" content=\"noindex, follow, max-snippet:-1, max-image-preview:large, max-video-preview:-1\" \/>\n<meta property=\"og:locale\" content=\"fr_FR\" \/>\n<meta property=\"og:type\" content=\"article\" \/>\n<meta property=\"og:title\" content=\"Le Livre des aum\u00f4nes - \u00c9ditions Tawhid\" \/>\n<meta property=\"og:description\" content=\"Ce livre traite des aum\u00f4nes, d&#039;un point de vue spirituel avec leurs m\u00e9rites, et d&#039;un point de vue pratique avec les r\u00e8gles qui les valident, les orientent. En effet, toute \u0153uvre r\u00e9alis\u00e9e par le musulman doit \u00eatre sous-tendue par une intention pure (de l&#039;avoir faite pour Dieu) et \u00eatre conforme aux enseignements divins et proph\u00e9tiques, d&#039;o\u00f9 la n\u00e9cessit\u00e9 de conna\u00eetre les aspects de fiqh. Les diverses formes des aum\u00f4nes sont \u00e9tudi\u00e9es: aum\u00f4nes recommand\u00e9es libres, celles durables (sadaqa j\u00e2riya), le waqf, celles des diverses expiations (kaff\u00e2r\u00e2t), et les legs testamentaires (wasiyya).\" \/>\n<meta property=\"og:url\" content=\"https:\/\/www.edition-tawhid.com\/staging-site\/produit\/le-livre-des-aumones-livre-4\/\" \/>\n<meta property=\"og:site_name\" content=\"\u00c9ditions Tawhid\" \/>\n<meta property=\"article:publisher\" content=\"https:\/\/www.facebook.com\/editiontawhid\/\" \/>\n<meta property=\"article:modified_time\" content=\"2025-02-15T16:59:40+00:00\" \/>\n<meta property=\"og:image\" content=\"https:\/\/www.edition-tawhid.com\/staging-site\/wp-content\/uploads\/2023\/09\/brahami-livre-aumones-01-v1.jpg\" \/>\n\t<meta property=\"og:image:width\" content=\"791\" \/>\n\t<meta property=\"og:image:height\" content=\"1024\" \/>\n\t<meta property=\"og:image:type\" content=\"image\/jpeg\" \/>\n<meta name=\"twitter:card\" content=\"summary_large_image\" \/>\n<meta name=\"twitter:label1\" content=\"Dur\u00e9e de lecture estim\u00e9e\" \/>\n\t<meta name=\"twitter:data1\" content=\"2 minutes\" \/>\n<script type=\"application\/ld+json\" class=\"yoast-schema-graph\">{\"@context\":\"https:\/\/schema.org\",\"@graph\":[{\"@type\":\"WebPage\",\"@id\":\"https:\/\/www.edition-tawhid.com\/staging-site\/produit\/le-livre-des-aumones-livre-4\/\",\"url\":\"https:\/\/www.edition-tawhid.com\/staging-site\/produit\/le-livre-des-aumones-livre-4\/\",\"name\":\"Le Livre des aum\u00f4nes - \u00c9ditions Tawhid\",\"isPartOf\":{\"@id\":\"https:\/\/www.edition-tawhid.com\/staging-site\/#website\"},\"primaryImageOfPage\":{\"@id\":\"https:\/\/www.edition-tawhid.com\/staging-site\/produit\/le-livre-des-aumones-livre-4\/#primaryimage\"},\"image\":{\"@id\":\"https:\/\/www.edition-tawhid.com\/staging-site\/produit\/le-livre-des-aumones-livre-4\/#primaryimage\"},\"thumbnailUrl\":\"https:\/\/www.edition-tawhid.com\/staging-site\/wp-content\/uploads\/2023\/09\/brahami-livre-aumones-01-v1.jpg\",\"datePublished\":\"2023-09-26T01:27:47+00:00\",\"dateModified\":\"2025-02-15T16:59:40+00:00\",\"breadcrumb\":{\"@id\":\"https:\/\/www.edition-tawhid.com\/staging-site\/produit\/le-livre-des-aumones-livre-4\/#breadcrumb\"},\"inLanguage\":\"fr-FR\",\"potentialAction\":[{\"@type\":\"ReadAction\",\"target\":[\"https:\/\/www.edition-tawhid.com\/staging-site\/produit\/le-livre-des-aumones-livre-4\/\"]}]},{\"@type\":\"ImageObject\",\"inLanguage\":\"fr-FR\",\"@id\":\"https:\/\/www.edition-tawhid.com\/staging-site\/produit\/le-livre-des-aumones-livre-4\/#primaryimage\",\"url\":\"https:\/\/www.edition-tawhid.com\/staging-site\/wp-content\/uploads\/2023\/09\/brahami-livre-aumones-01-v1.jpg\",\"contentUrl\":\"https:\/\/www.edition-tawhid.com\/staging-site\/wp-content\/uploads\/2023\/09\/brahami-livre-aumones-01-v1.jpg\",\"width\":791,\"height\":1024},{\"@type\":\"BreadcrumbList\",\"@id\":\"https:\/\/www.edition-tawhid.com\/staging-site\/produit\/le-livre-des-aumones-livre-4\/#breadcrumb\",\"itemListElement\":[{\"@type\":\"ListItem\",\"position\":1,\"name\":\"Accueil\",\"item\":\"https:\/\/www.edition-tawhid.com\/staging-site\/\"},{\"@type\":\"ListItem\",\"position\":2,\"name\":\"Tous nos livres\",\"item\":\"https:\/\/www.edition-tawhid.com\/staging-site\/tous-nos-livres\/\"},{\"@type\":\"ListItem\",\"position\":3,\"name\":\"Le Livre des aum\u00f4nes (Livre 4)\"}]},{\"@type\":\"WebSite\",\"@id\":\"https:\/\/www.edition-tawhid.com\/staging-site\/#website\",\"url\":\"https:\/\/www.edition-tawhid.com\/staging-site\/\",\"name\":\"\u00c9ditions Tawhid\",\"description\":\"Le sp\u00e9cialiste du livre islamique francophone\",\"publisher\":{\"@id\":\"https:\/\/www.edition-tawhid.com\/staging-site\/#organization\"},\"potentialAction\":[{\"@type\":\"SearchAction\",\"target\":{\"@type\":\"EntryPoint\",\"urlTemplate\":\"https:\/\/www.edition-tawhid.com\/staging-site\/?s={search_term_string}\"},\"query-input\":{\"@type\":\"PropertyValueSpecification\",\"valueRequired\":true,\"valueName\":\"search_term_string\"}}],\"inLanguage\":\"fr-FR\"},{\"@type\":\"Organization\",\"@id\":\"https:\/\/www.edition-tawhid.com\/staging-site\/#organization\",\"name\":\"Editions Tawhid\",\"url\":\"https:\/\/www.edition-tawhid.com\/staging-site\/\",\"logo\":{\"@type\":\"ImageObject\",\"inLanguage\":\"fr-FR\",\"@id\":\"https:\/\/www.edition-tawhid.com\/staging-site\/#\/schema\/logo\/image\/\",\"url\":\"https:\/\/www.edition-tawhid.com\/staging-site\/wp-content\/uploads\/2018\/12\/logo_noir_v1-01.png\",\"contentUrl\":\"https:\/\/www.edition-tawhid.com\/staging-site\/wp-content\/uploads\/2018\/12\/logo_noir_v1-01.png\",\"width\":80,\"height\":112,\"caption\":\"Editions Tawhid\"},\"image\":{\"@id\":\"https:\/\/www.edition-tawhid.com\/staging-site\/#\/schema\/logo\/image\/\"},\"sameAs\":[\"https:\/\/www.facebook.com\/editiontawhid\/\"]}]}<\/script>\n<!-- \/ Yoast SEO plugin. -->","yoast_head_json":{"title":"Le Livre des aum\u00f4nes - \u00c9ditions Tawhid","robots":{"index":"noindex","follow":"follow","max-snippet":"max-snippet:-1","max-image-preview":"max-image-preview:large","max-video-preview":"max-video-preview:-1"},"og_locale":"fr_FR","og_type":"article","og_title":"Le Livre des aum\u00f4nes - \u00c9ditions Tawhid","og_description":"Ce livre traite des aum\u00f4nes, d'un point de vue spirituel avec leurs m\u00e9rites, et d'un point de vue pratique avec les r\u00e8gles qui les valident, les orientent. En effet, toute \u0153uvre r\u00e9alis\u00e9e par le musulman doit \u00eatre sous-tendue par une intention pure (de l'avoir faite pour Dieu) et \u00eatre conforme aux enseignements divins et proph\u00e9tiques, d'o\u00f9 la n\u00e9cessit\u00e9 de conna\u00eetre les aspects de fiqh. Les diverses formes des aum\u00f4nes sont \u00e9tudi\u00e9es: aum\u00f4nes recommand\u00e9es libres, celles durables (sadaqa j\u00e2riya), le waqf, celles des diverses expiations (kaff\u00e2r\u00e2t), et les legs testamentaires (wasiyya).","og_url":"https:\/\/www.edition-tawhid.com\/staging-site\/produit\/le-livre-des-aumones-livre-4\/","og_site_name":"\u00c9ditions Tawhid","article_publisher":"https:\/\/www.facebook.com\/editiontawhid\/","article_modified_time":"2025-02-15T16:59:40+00:00","og_image":[{"width":791,"height":1024,"url":"https:\/\/www.edition-tawhid.com\/staging-site\/wp-content\/uploads\/2023\/09\/brahami-livre-aumones-01-v1.jpg","type":"image\/jpeg"}],"twitter_card":"summary_large_image","twitter_misc":{"Dur\u00e9e de lecture estim\u00e9e":"2 minutes"},"schema":{"@context":"https:\/\/schema.org","@graph":[{"@type":"WebPage","@id":"https:\/\/www.edition-tawhid.com\/staging-site\/produit\/le-livre-des-aumones-livre-4\/","url":"https:\/\/www.edition-tawhid.com\/staging-site\/produit\/le-livre-des-aumones-livre-4\/","name":"Le Livre des aum\u00f4nes - \u00c9ditions Tawhid","isPartOf":{"@id":"https:\/\/www.edition-tawhid.com\/staging-site\/#website"},"primaryImageOfPage":{"@id":"https:\/\/www.edition-tawhid.com\/staging-site\/produit\/le-livre-des-aumones-livre-4\/#primaryimage"},"image":{"@id":"https:\/\/www.edition-tawhid.com\/staging-site\/produit\/le-livre-des-aumones-livre-4\/#primaryimage"},"thumbnailUrl":"https:\/\/www.edition-tawhid.com\/staging-site\/wp-content\/uploads\/2023\/09\/brahami-livre-aumones-01-v1.jpg","datePublished":"2023-09-26T01:27:47+00:00","dateModified":"2025-02-15T16:59:40+00:00","breadcrumb":{"@id":"https:\/\/www.edition-tawhid.com\/staging-site\/produit\/le-livre-des-aumones-livre-4\/#breadcrumb"},"inLanguage":"fr-FR","potentialAction":[{"@type":"ReadAction","target":["https:\/\/www.edition-tawhid.com\/staging-site\/produit\/le-livre-des-aumones-livre-4\/"]}]},{"@type":"ImageObject","inLanguage":"fr-FR","@id":"https:\/\/www.edition-tawhid.com\/staging-site\/produit\/le-livre-des-aumones-livre-4\/#primaryimage","url":"https:\/\/www.edition-tawhid.com\/staging-site\/wp-content\/uploads\/2023\/09\/brahami-livre-aumones-01-v1.jpg","contentUrl":"https:\/\/www.edition-tawhid.com\/staging-site\/wp-content\/uploads\/2023\/09\/brahami-livre-aumones-01-v1.jpg","width":791,"height":1024},{"@type":"BreadcrumbList","@id":"https:\/\/www.edition-tawhid.com\/staging-site\/produit\/le-livre-des-aumones-livre-4\/#breadcrumb","itemListElement":[{"@type":"ListItem","position":1,"name":"Accueil","item":"https:\/\/www.edition-tawhid.com\/staging-site\/"},{"@type":"ListItem","position":2,"name":"Tous nos livres","item":"https:\/\/www.edition-tawhid.com\/staging-site\/tous-nos-livres\/"},{"@type":"ListItem","position":3,"name":"Le Livre des aum\u00f4nes (Livre 4)"}]},{"@type":"WebSite","@id":"https:\/\/www.edition-tawhid.com\/staging-site\/#website","url":"https:\/\/www.edition-tawhid.com\/staging-site\/","name":"\u00c9ditions Tawhid","description":"Le sp\u00e9cialiste du livre islamique francophone","publisher":{"@id":"https:\/\/www.edition-tawhid.com\/staging-site\/#organization"},"potentialAction":[{"@type":"SearchAction","target":{"@type":"EntryPoint","urlTemplate":"https:\/\/www.edition-tawhid.com\/staging-site\/?s={search_term_string}"},"query-input":{"@type":"PropertyValueSpecification","valueRequired":true,"valueName":"search_term_string"}}],"inLanguage":"fr-FR"},{"@type":"Organization","@id":"https:\/\/www.edition-tawhid.com\/staging-site\/#organization","name":"Editions Tawhid","url":"https:\/\/www.edition-tawhid.com\/staging-site\/","logo":{"@type":"ImageObject","inLanguage":"fr-FR","@id":"https:\/\/www.edition-tawhid.com\/staging-site\/#\/schema\/logo\/image\/","url":"https:\/\/www.edition-tawhid.com\/staging-site\/wp-content\/uploads\/2018\/12\/logo_noir_v1-01.png","contentUrl":"https:\/\/www.edition-tawhid.com\/staging-site\/wp-content\/uploads\/2018\/12\/logo_noir_v1-01.png","width":80,"height":112,"caption":"Editions Tawhid"},"image":{"@id":"https:\/\/www.edition-tawhid.com\/staging-site\/#\/schema\/logo\/image\/"},"sameAs":["https:\/\/www.facebook.com\/editiontawhid\/"]}]}},"_links":{"self":[{"href":"https:\/\/www.edition-tawhid.com\/staging-site\/wp-json\/wp\/v2\/product\/16700","targetHints":{"allow":["GET"]}}],"collection":[{"href":"https:\/\/www.edition-tawhid.com\/staging-site\/wp-json\/wp\/v2\/product"}],"about":[{"href":"https:\/\/www.edition-tawhid.com\/staging-site\/wp-json\/wp\/v2\/types\/product"}],"replies":[{"embeddable":true,"href":"https:\/\/www.edition-tawhid.com\/staging-site\/wp-json\/wp\/v2\/comments?post=16700"}],"wp:featuredmedia":[{"embeddable":true,"href":"https:\/\/www.edition-tawhid.com\/staging-site\/wp-json\/wp\/v2\/media\/16701"}],"wp:attachment":[{"href":"https:\/\/www.edition-tawhid.com\/staging-site\/wp-json\/wp\/v2\/media?parent=16700"}],"wp:term":[{"taxonomy":"product_brand","embeddable":true,"href":"https:\/\/www.edition-tawhid.com\/staging-site\/wp-json\/wp\/v2\/product_brand?post=16700"},{"taxonomy":"product_cat","embeddable":true,"href":"https:\/\/www.edition-tawhid.com\/staging-site\/wp-json\/wp\/v2\/product_cat?post=16700"},{"taxonomy":"product_tag","embeddable":true,"href":"https:\/\/www.edition-tawhid.com\/staging-site\/wp-json\/wp\/v2\/product_tag?post=16700"}],"curies":[{"name":"wp","href":"https:\/\/api.w.org\/{rel}","templated":true}]}}