{"id":16730,"date":"2023-09-26T20:51:39","date_gmt":"2023-09-26T18:51:39","guid":{"rendered":"https:\/\/www.edition-tawhid.com\/staging-site\/?post_type=product&#038;p=16730"},"modified":"2024-03-02T17:05:25","modified_gmt":"2024-03-02T16:05:25","slug":"pack-pourquoi","status":"publish","type":"product","link":"https:\/\/www.edition-tawhid.com\/staging-site\/produit\/pack-pourquoi\/","title":{"rendered":"Pack<br\/> Pourquoi"},"content":{"rendered":"<p><img loading=\"lazy\" decoding=\"async\" class=\"alignnone wp-image-12796 size-medium\" src=\"https:\/\/www.edition-tawhid.com\/staging-site\/wp-content\/uploads\/2006\/03\/brahami_pourquoi_1_NEW-232x300.jpg\" alt=\"\" width=\"232\" height=\"300\" srcset=\"https:\/\/www.edition-tawhid.com\/staging-site\/wp-content\/uploads\/2006\/03\/brahami_pourquoi_1_NEW-232x300.jpg 232w, https:\/\/www.edition-tawhid.com\/staging-site\/wp-content\/uploads\/2006\/03\/brahami_pourquoi_1_NEW-330x427.jpg 330w, https:\/\/www.edition-tawhid.com\/staging-site\/wp-content\/uploads\/2006\/03\/brahami_pourquoi_1_NEW-154x200.jpg 154w, https:\/\/www.edition-tawhid.com\/staging-site\/wp-content\/uploads\/2006\/03\/brahami_pourquoi_1_NEW-680x880.jpg 680w, https:\/\/www.edition-tawhid.com\/staging-site\/wp-content\/uploads\/2006\/03\/brahami_pourquoi_1_NEW-64x83.jpg 64w, https:\/\/www.edition-tawhid.com\/staging-site\/wp-content\/uploads\/2006\/03\/brahami_pourquoi_1_NEW-768x994.jpg 768w, https:\/\/www.edition-tawhid.com\/staging-site\/wp-content\/uploads\/2006\/03\/brahami_pourquoi_1_NEW-70x90.jpg 70w, https:\/\/www.edition-tawhid.com\/staging-site\/wp-content\/uploads\/2006\/03\/brahami_pourquoi_1_NEW-300x388.jpg 300w, https:\/\/www.edition-tawhid.com\/staging-site\/wp-content\/uploads\/2006\/03\/brahami_pourquoi_1_NEW-600x777.jpg 600w, https:\/\/www.edition-tawhid.com\/staging-site\/wp-content\/uploads\/2006\/03\/brahami_pourquoi_1_NEW.jpg 791w\" sizes=\"auto, (max-width: 232px) 100vw, 232px\" \/><\/p>\n<h4>Pourquoi prier ?<\/h4>\n<p>La pri\u00e8re est apaisement et s\u00e9r\u00e9nit\u00e9 pour celui qui s&rsquo;y soumet, bonheur et joie pour celui qui porte la foi, lumi\u00e8re et cheminement pour celui qui recherche la proximit\u00e9 divine. L&rsquo;objectif de cet ouvrage est de combler un vide important et d&rsquo;apporter une contribution \u00e0 la connaissance et \u00e0 la compr\u00e9hension de ce pilier de l&rsquo;Islam.<\/p>\n<p><a href=\"https:\/\/www.edition-tawhid.com\/staging-site\/produit\/pourquoi-prier\/\">Voir la fiche produit \u2192<\/a><\/p>\n<hr \/>\n<p><img loading=\"lazy\" decoding=\"async\" class=\"alignnone wp-image-16720 size-medium\" src=\"https:\/\/www.edition-tawhid.com\/staging-site\/wp-content\/uploads\/2023\/09\/livre-du-mois-jeuner-v2-232x300.png\" alt=\"\" width=\"232\" height=\"300\" srcset=\"https:\/\/www.edition-tawhid.com\/staging-site\/wp-content\/uploads\/2023\/09\/livre-du-mois-jeuner-v2-232x300.png 232w, https:\/\/www.edition-tawhid.com\/staging-site\/wp-content\/uploads\/2023\/09\/livre-du-mois-jeuner-v2-330x427.png 330w, https:\/\/www.edition-tawhid.com\/staging-site\/wp-content\/uploads\/2023\/09\/livre-du-mois-jeuner-v2-154x200.png 154w, https:\/\/www.edition-tawhid.com\/staging-site\/wp-content\/uploads\/2023\/09\/livre-du-mois-jeuner-v2-64x83.png 64w, https:\/\/www.edition-tawhid.com\/staging-site\/wp-content\/uploads\/2023\/09\/livre-du-mois-jeuner-v2-70x90.png 70w, https:\/\/www.edition-tawhid.com\/staging-site\/wp-content\/uploads\/2023\/09\/livre-du-mois-jeuner-v2.png 475w\" sizes=\"auto, (max-width: 232px) 100vw, 232px\" \/><\/p>\n<h4>Pourquoi je\u00fbner?<\/h4>\n<p>Je\u00fbner n\u2019est pas seulement une abstention de nourriture, boissons et relations intimes ; ceci est le service minimum. Tout comme l\u2019accomplissement de la pri\u00e8re (<em>sal\u00e2t<\/em>) n\u2019est pas une succession de paroles et d\u2019actes. Tout acte cultuel, s\u2019adressant \u00e0 Dieu, doit \u00eatre nourri de spiritualit\u00e9 qui constitue ses racines et sa s\u00e8ve, c\u2019est-\u00e0-dire sa force et vie. Comme il est habill\u00e9 par toute une \u00e9thique qui fait sa beaut\u00e9, telles les feuilles de l\u2019arbre. Et tout acte cultuel ou autre, en islam, a cette dimension si fondamentale de finalit\u00e9s (objectifs supr\u00eames) qui font son intelligence, qui le rendent intelligible et le projettent dans l\u2019avenir. Sans ces trois dimensions, l\u2019acte cultuel tombe en d\u00e9su\u00e9tude et ne pourrait plus \u00eatre accompli. C\u2019est ce qui est arriv\u00e9 au je\u00fbne dans les autres religions qui a \u00e9t\u00e9 perdu et\/ou d\u00e9natur\u00e9.<\/p>\n<p><a href=\"https:\/\/www.edition-tawhid.com\/staging-site\/produit\/pourquoi-jeuner\/\">Voir la fiche produit \u2192<\/a><\/p>\n<hr \/>\n<p><img loading=\"lazy\" decoding=\"async\" class=\"alignnone wp-image-16686 size-medium\" src=\"https:\/\/www.edition-tawhid.com\/staging-site\/wp-content\/uploads\/2023\/09\/brahami-pourquoi-donner-01-v1-232x300.jpg\" alt=\"\" width=\"232\" height=\"300\" srcset=\"https:\/\/www.edition-tawhid.com\/staging-site\/wp-content\/uploads\/2023\/09\/brahami-pourquoi-donner-01-v1-232x300.jpg 232w, https:\/\/www.edition-tawhid.com\/staging-site\/wp-content\/uploads\/2023\/09\/brahami-pourquoi-donner-01-v1-330x427.jpg 330w, https:\/\/www.edition-tawhid.com\/staging-site\/wp-content\/uploads\/2023\/09\/brahami-pourquoi-donner-01-v1-154x200.jpg 154w, https:\/\/www.edition-tawhid.com\/staging-site\/wp-content\/uploads\/2023\/09\/brahami-pourquoi-donner-01-v1-680x880.jpg 680w, https:\/\/www.edition-tawhid.com\/staging-site\/wp-content\/uploads\/2023\/09\/brahami-pourquoi-donner-01-v1-64x83.jpg 64w, https:\/\/www.edition-tawhid.com\/staging-site\/wp-content\/uploads\/2023\/09\/brahami-pourquoi-donner-01-v1-768x994.jpg 768w, https:\/\/www.edition-tawhid.com\/staging-site\/wp-content\/uploads\/2023\/09\/brahami-pourquoi-donner-01-v1-70x90.jpg 70w, https:\/\/www.edition-tawhid.com\/staging-site\/wp-content\/uploads\/2023\/09\/brahami-pourquoi-donner-01-v1.jpg 791w\" sizes=\"auto, (max-width: 232px) 100vw, 232px\" \/><\/p>\n<h4>Pourquoi donner? (Livre 1)<\/h4>\n<p>En islam, donner de ses biens est consid\u00e9r\u00e9 comme le droit des pauvres, des d\u00e9munis et de la soci\u00e9t\u00e9 sur les biens que Dieu nous a donn\u00e9s: la zak\u00e2t est obligation, et les aum\u00f4nes <em>sadaq\u00e2t<\/em> sont recommandation et compl\u00e9ment indispensable \u00e0 la premi\u00e8re. Ce geste de donner proc\u00e8de d&rsquo;une spiritualit\u00e9 vivante attach\u00e9e \u00e0 toute \u0153uvre qui donne vie, profondeur \u00e0 toute \u0153uvre, sans laquelle rien ne saurait perdurer ni prendre sens!<\/p>\n<p><a href=\"https:\/\/www.edition-tawhid.com\/staging-site\/produit\/pourquoi-donner-livre-1\/\">Voir la fiche produit \u2192<\/a><\/p>\n<hr \/>\n","protected":false},"excerpt":{"rendered":"<p>Pourquoi prier ? La pri\u00e8re est apaisement et s\u00e9r\u00e9nit\u00e9 pour celui qui s&rsquo;y soumet, bonheur et joie pour celui qui porte la foi, lumi\u00e8re et cheminement pour celui qui recherche la proximit\u00e9 divine. L&rsquo;objectif de cet ouvrage est de combler un vide important et d&rsquo;apporter une contribution \u00e0 la connaissance et \u00e0 la compr\u00e9hension de ce pilier de l&rsquo;Islam. Voir la fiche produit \u2192 Pourquoi je\u00fbner? Je\u00fbner n\u2019est pas seulement une abstention de nourriture, boissons&hellip;<\/p>\n","protected":false},"featured_media":16732,"comment_status":"open","ping_status":"closed","template":"","meta":{"_acf_changed":false},"product_brand":[],"product_cat":[2466,2524],"product_tag":[],"class_list":{"0":"post-16730","1":"product","2":"type-product","3":"status-publish","4":"has-post-thumbnail","6":"product_cat-initiation","7":"product_cat-spiritualite","9":"first","10":"instock","11":"sale","12":"taxable","13":"shipping-taxable","14":"purchasable","15":"product-type-simple"},"acf":[],"yoast_head":"<!-- This site is optimized with the Yoast SEO plugin v27.1.1 - https:\/\/yoast.com\/product\/yoast-seo-wordpress\/ -->\n<title>Pack Pourquoi - \u00c9ditions Tawhid<\/title>\n<meta name=\"robots\" content=\"noindex, follow, max-snippet:-1, max-image-preview:large, max-video-preview:-1\" \/>\n<meta property=\"og:locale\" content=\"fr_FR\" \/>\n<meta property=\"og:type\" content=\"article\" \/>\n<meta property=\"og:title\" content=\"Pack Pourquoi - \u00c9ditions Tawhid\" \/>\n<meta property=\"og:description\" content=\"Pourquoi prier ? La pri\u00e8re est apaisement et s\u00e9r\u00e9nit\u00e9 pour celui qui s&rsquo;y soumet, bonheur et joie pour celui qui porte la foi, lumi\u00e8re et cheminement pour celui qui recherche la proximit\u00e9 divine. L&rsquo;objectif de cet ouvrage est de combler un vide important et d&rsquo;apporter une contribution \u00e0 la connaissance et \u00e0 la compr\u00e9hension de ce pilier de l&rsquo;Islam. Voir la fiche produit \u2192 Pourquoi je\u00fbner? Je\u00fbner n\u2019est pas seulement une abstention de nourriture, boissons&hellip;\" \/>\n<meta property=\"og:url\" content=\"https:\/\/www.edition-tawhid.com\/staging-site\/produit\/pack-pourquoi\/\" \/>\n<meta property=\"og:site_name\" content=\"\u00c9ditions Tawhid\" \/>\n<meta property=\"article:publisher\" content=\"https:\/\/www.facebook.com\/editiontawhid\/\" \/>\n<meta property=\"article:modified_time\" content=\"2024-03-02T16:05:25+00:00\" \/>\n<meta property=\"og:image\" content=\"https:\/\/www.edition-tawhid.com\/staging-site\/wp-content\/uploads\/2023\/09\/pack-pourquoi-v1.jpg\" \/>\n\t<meta property=\"og:image:width\" content=\"791\" \/>\n\t<meta property=\"og:image:height\" content=\"1024\" \/>\n\t<meta property=\"og:image:type\" content=\"image\/jpeg\" \/>\n<meta name=\"twitter:card\" content=\"summary_large_image\" \/>\n<script type=\"application\/ld+json\" class=\"yoast-schema-graph\">{\"@context\":\"https:\/\/schema.org\",\"@graph\":[{\"@type\":\"WebPage\",\"@id\":\"https:\/\/www.edition-tawhid.com\/staging-site\/produit\/pack-pourquoi\/\",\"url\":\"https:\/\/www.edition-tawhid.com\/staging-site\/produit\/pack-pourquoi\/\",\"name\":\"Pack Pourquoi - \u00c9ditions Tawhid\",\"isPartOf\":{\"@id\":\"https:\/\/www.edition-tawhid.com\/staging-site\/#website\"},\"primaryImageOfPage\":{\"@id\":\"https:\/\/www.edition-tawhid.com\/staging-site\/produit\/pack-pourquoi\/#primaryimage\"},\"image\":{\"@id\":\"https:\/\/www.edition-tawhid.com\/staging-site\/produit\/pack-pourquoi\/#primaryimage\"},\"thumbnailUrl\":\"https:\/\/www.edition-tawhid.com\/staging-site\/wp-content\/uploads\/2023\/09\/pack-pourquoi-v1.jpg\",\"datePublished\":\"2023-09-26T18:51:39+00:00\",\"dateModified\":\"2024-03-02T16:05:25+00:00\",\"breadcrumb\":{\"@id\":\"https:\/\/www.edition-tawhid.com\/staging-site\/produit\/pack-pourquoi\/#breadcrumb\"},\"inLanguage\":\"fr-FR\",\"potentialAction\":[{\"@type\":\"ReadAction\",\"target\":[\"https:\/\/www.edition-tawhid.com\/staging-site\/produit\/pack-pourquoi\/\"]}]},{\"@type\":\"ImageObject\",\"inLanguage\":\"fr-FR\",\"@id\":\"https:\/\/www.edition-tawhid.com\/staging-site\/produit\/pack-pourquoi\/#primaryimage\",\"url\":\"https:\/\/www.edition-tawhid.com\/staging-site\/wp-content\/uploads\/2023\/09\/pack-pourquoi-v1.jpg\",\"contentUrl\":\"https:\/\/www.edition-tawhid.com\/staging-site\/wp-content\/uploads\/2023\/09\/pack-pourquoi-v1.jpg\",\"width\":791,\"height\":1024},{\"@type\":\"BreadcrumbList\",\"@id\":\"https:\/\/www.edition-tawhid.com\/staging-site\/produit\/pack-pourquoi\/#breadcrumb\",\"itemListElement\":[{\"@type\":\"ListItem\",\"position\":1,\"name\":\"Accueil\",\"item\":\"https:\/\/www.edition-tawhid.com\/staging-site\/\"},{\"@type\":\"ListItem\",\"position\":2,\"name\":\"Tous nos livres\",\"item\":\"https:\/\/www.edition-tawhid.com\/staging-site\/tous-nos-livres\/\"},{\"@type\":\"ListItem\",\"position\":3,\"name\":\"Pack Pourquoi\"}]},{\"@type\":\"WebSite\",\"@id\":\"https:\/\/www.edition-tawhid.com\/staging-site\/#website\",\"url\":\"https:\/\/www.edition-tawhid.com\/staging-site\/\",\"name\":\"\u00c9ditions Tawhid\",\"description\":\"Le sp\u00e9cialiste du livre islamique francophone\",\"publisher\":{\"@id\":\"https:\/\/www.edition-tawhid.com\/staging-site\/#organization\"},\"potentialAction\":[{\"@type\":\"SearchAction\",\"target\":{\"@type\":\"EntryPoint\",\"urlTemplate\":\"https:\/\/www.edition-tawhid.com\/staging-site\/?s={search_term_string}\"},\"query-input\":{\"@type\":\"PropertyValueSpecification\",\"valueRequired\":true,\"valueName\":\"search_term_string\"}}],\"inLanguage\":\"fr-FR\"},{\"@type\":\"Organization\",\"@id\":\"https:\/\/www.edition-tawhid.com\/staging-site\/#organization\",\"name\":\"Editions Tawhid\",\"url\":\"https:\/\/www.edition-tawhid.com\/staging-site\/\",\"logo\":{\"@type\":\"ImageObject\",\"inLanguage\":\"fr-FR\",\"@id\":\"https:\/\/www.edition-tawhid.com\/staging-site\/#\/schema\/logo\/image\/\",\"url\":\"https:\/\/www.edition-tawhid.com\/staging-site\/wp-content\/uploads\/2018\/12\/logo_noir_v1-01.png\",\"contentUrl\":\"https:\/\/www.edition-tawhid.com\/staging-site\/wp-content\/uploads\/2018\/12\/logo_noir_v1-01.png\",\"width\":80,\"height\":112,\"caption\":\"Editions Tawhid\"},\"image\":{\"@id\":\"https:\/\/www.edition-tawhid.com\/staging-site\/#\/schema\/logo\/image\/\"},\"sameAs\":[\"https:\/\/www.facebook.com\/editiontawhid\/\"]}]}<\/script>\n<!-- \/ Yoast SEO plugin. -->","yoast_head_json":{"title":"Pack Pourquoi - \u00c9ditions Tawhid","robots":{"index":"noindex","follow":"follow","max-snippet":"max-snippet:-1","max-image-preview":"max-image-preview:large","max-video-preview":"max-video-preview:-1"},"og_locale":"fr_FR","og_type":"article","og_title":"Pack Pourquoi - \u00c9ditions Tawhid","og_description":"Pourquoi prier ? La pri\u00e8re est apaisement et s\u00e9r\u00e9nit\u00e9 pour celui qui s&rsquo;y soumet, bonheur et joie pour celui qui porte la foi, lumi\u00e8re et cheminement pour celui qui recherche la proximit\u00e9 divine. L&rsquo;objectif de cet ouvrage est de combler un vide important et d&rsquo;apporter une contribution \u00e0 la connaissance et \u00e0 la compr\u00e9hension de ce pilier de l&rsquo;Islam. Voir la fiche produit \u2192 Pourquoi je\u00fbner? Je\u00fbner n\u2019est pas seulement une abstention de nourriture, boissons&hellip;","og_url":"https:\/\/www.edition-tawhid.com\/staging-site\/produit\/pack-pourquoi\/","og_site_name":"\u00c9ditions Tawhid","article_publisher":"https:\/\/www.facebook.com\/editiontawhid\/","article_modified_time":"2024-03-02T16:05:25+00:00","og_image":[{"width":791,"height":1024,"url":"https:\/\/www.edition-tawhid.com\/staging-site\/wp-content\/uploads\/2023\/09\/pack-pourquoi-v1.jpg","type":"image\/jpeg"}],"twitter_card":"summary_large_image","schema":{"@context":"https:\/\/schema.org","@graph":[{"@type":"WebPage","@id":"https:\/\/www.edition-tawhid.com\/staging-site\/produit\/pack-pourquoi\/","url":"https:\/\/www.edition-tawhid.com\/staging-site\/produit\/pack-pourquoi\/","name":"Pack Pourquoi - \u00c9ditions Tawhid","isPartOf":{"@id":"https:\/\/www.edition-tawhid.com\/staging-site\/#website"},"primaryImageOfPage":{"@id":"https:\/\/www.edition-tawhid.com\/staging-site\/produit\/pack-pourquoi\/#primaryimage"},"image":{"@id":"https:\/\/www.edition-tawhid.com\/staging-site\/produit\/pack-pourquoi\/#primaryimage"},"thumbnailUrl":"https:\/\/www.edition-tawhid.com\/staging-site\/wp-content\/uploads\/2023\/09\/pack-pourquoi-v1.jpg","datePublished":"2023-09-26T18:51:39+00:00","dateModified":"2024-03-02T16:05:25+00:00","breadcrumb":{"@id":"https:\/\/www.edition-tawhid.com\/staging-site\/produit\/pack-pourquoi\/#breadcrumb"},"inLanguage":"fr-FR","potentialAction":[{"@type":"ReadAction","target":["https:\/\/www.edition-tawhid.com\/staging-site\/produit\/pack-pourquoi\/"]}]},{"@type":"ImageObject","inLanguage":"fr-FR","@id":"https:\/\/www.edition-tawhid.com\/staging-site\/produit\/pack-pourquoi\/#primaryimage","url":"https:\/\/www.edition-tawhid.com\/staging-site\/wp-content\/uploads\/2023\/09\/pack-pourquoi-v1.jpg","contentUrl":"https:\/\/www.edition-tawhid.com\/staging-site\/wp-content\/uploads\/2023\/09\/pack-pourquoi-v1.jpg","width":791,"height":1024},{"@type":"BreadcrumbList","@id":"https:\/\/www.edition-tawhid.com\/staging-site\/produit\/pack-pourquoi\/#breadcrumb","itemListElement":[{"@type":"ListItem","position":1,"name":"Accueil","item":"https:\/\/www.edition-tawhid.com\/staging-site\/"},{"@type":"ListItem","position":2,"name":"Tous nos livres","item":"https:\/\/www.edition-tawhid.com\/staging-site\/tous-nos-livres\/"},{"@type":"ListItem","position":3,"name":"Pack Pourquoi"}]},{"@type":"WebSite","@id":"https:\/\/www.edition-tawhid.com\/staging-site\/#website","url":"https:\/\/www.edition-tawhid.com\/staging-site\/","name":"\u00c9ditions Tawhid","description":"Le sp\u00e9cialiste du livre islamique francophone","publisher":{"@id":"https:\/\/www.edition-tawhid.com\/staging-site\/#organization"},"potentialAction":[{"@type":"SearchAction","target":{"@type":"EntryPoint","urlTemplate":"https:\/\/www.edition-tawhid.com\/staging-site\/?s={search_term_string}"},"query-input":{"@type":"PropertyValueSpecification","valueRequired":true,"valueName":"search_term_string"}}],"inLanguage":"fr-FR"},{"@type":"Organization","@id":"https:\/\/www.edition-tawhid.com\/staging-site\/#organization","name":"Editions Tawhid","url":"https:\/\/www.edition-tawhid.com\/staging-site\/","logo":{"@type":"ImageObject","inLanguage":"fr-FR","@id":"https:\/\/www.edition-tawhid.com\/staging-site\/#\/schema\/logo\/image\/","url":"https:\/\/www.edition-tawhid.com\/staging-site\/wp-content\/uploads\/2018\/12\/logo_noir_v1-01.png","contentUrl":"https:\/\/www.edition-tawhid.com\/staging-site\/wp-content\/uploads\/2018\/12\/logo_noir_v1-01.png","width":80,"height":112,"caption":"Editions Tawhid"},"image":{"@id":"https:\/\/www.edition-tawhid.com\/staging-site\/#\/schema\/logo\/image\/"},"sameAs":["https:\/\/www.facebook.com\/editiontawhid\/"]}]}},"_links":{"self":[{"href":"https:\/\/www.edition-tawhid.com\/staging-site\/wp-json\/wp\/v2\/product\/16730","targetHints":{"allow":["GET"]}}],"collection":[{"href":"https:\/\/www.edition-tawhid.com\/staging-site\/wp-json\/wp\/v2\/product"}],"about":[{"href":"https:\/\/www.edition-tawhid.com\/staging-site\/wp-json\/wp\/v2\/types\/product"}],"replies":[{"embeddable":true,"href":"https:\/\/www.edition-tawhid.com\/staging-site\/wp-json\/wp\/v2\/comments?post=16730"}],"wp:featuredmedia":[{"embeddable":true,"href":"https:\/\/www.edition-tawhid.com\/staging-site\/wp-json\/wp\/v2\/media\/16732"}],"wp:attachment":[{"href":"https:\/\/www.edition-tawhid.com\/staging-site\/wp-json\/wp\/v2\/media?parent=16730"}],"wp:term":[{"taxonomy":"product_brand","embeddable":true,"href":"https:\/\/www.edition-tawhid.com\/staging-site\/wp-json\/wp\/v2\/product_brand?post=16730"},{"taxonomy":"product_cat","embeddable":true,"href":"https:\/\/www.edition-tawhid.com\/staging-site\/wp-json\/wp\/v2\/product_cat?post=16730"},{"taxonomy":"product_tag","embeddable":true,"href":"https:\/\/www.edition-tawhid.com\/staging-site\/wp-json\/wp\/v2\/product_tag?post=16730"}],"curies":[{"name":"wp","href":"https:\/\/api.w.org\/{rel}","templated":true}]}}