{"id":1724,"date":"2014-04-14T18:59:33","date_gmt":"2014-04-14T16:59:33","guid":{"rendered":"https:\/\/www.edition-tawhid.com\/staging-site\/produit\/mes-petits-versets-du-coran\/"},"modified":"2021-09-19T15:21:01","modified_gmt":"2021-09-19T13:21:01","slug":"mes-petits-versets-du-coran","status":"publish","type":"product","link":"https:\/\/www.edition-tawhid.com\/staging-site\/produit\/mes-petits-versets-du-coran\/","title":{"rendered":"Mes petits versets du Coran"},"content":{"rendered":"<p><em>Mes petits versets du Coran<\/em> est un ouvrage dans lequel votre enfant d\u00e9couvrira de mani\u00e8re ludique des versets appelant \u00e0 l\u2019adoration de Dieu et au bon comportement.<\/p>\n<p>En suivant les aventures d\u2019Aya et Sarah, de Salim et Adil, votre enfant apprendra tout d\u2019abord comment aimer Allah.<br \/>\nPuis, dans une seconde partie, il suivra les histoires appelant au bien, afin de comprendre les nobles qualit\u00e9s que promeut le Noble Coran.<\/p>\n<p>Enfin, il d\u00e9couvrira comment les h\u00e9ros de nos histoires tentent de rem\u00e9dier aux mauvais comportements, toujours \u00e0 l\u2019aide des versets r\u00e9v\u00e9l\u00e9s.<\/p>\n<p>Pour chaque verset, une histoire ludique et \u00e9loquente, ainsi qu\u2019un enseignement clair.<\/p>\n<p>Apprendre et comprendre les versets d\u2019Allah n\u2019a jamais \u00e9t\u00e9 aussi facile et amusant.<\/p>\n","protected":false},"excerpt":{"rendered":"<p>Pour chaque verset, une histoire ludique, un enseignement clair, pour encourager votre enfant \u00e0 adopter le comportement pr\u00f4n\u00e9 par le Livre d\u2019Allah.<\/p>\n","protected":false},"featured_media":12588,"comment_status":"open","ping_status":"closed","template":"","meta":{"_acf_changed":false},"product_brand":[],"product_cat":[2465],"product_tag":[],"class_list":{"0":"post-1724","1":"product","2":"type-product","3":"status-publish","4":"has-post-thumbnail","6":"product_cat-jeunesse","7":"pa_book-author-siham-andalouci","9":"first","10":"instock","11":"taxable","12":"shipping-taxable","13":"purchasable","14":"product-type-simple"},"acf":[],"yoast_head":"<!-- This site is optimized with the Yoast SEO plugin v27.1.1 - https:\/\/yoast.com\/product\/yoast-seo-wordpress\/ -->\n<title>Mes petits versets du Coran - \u00c9ditions Tawhid<\/title>\n<meta name=\"description\" content=\"Coran islam musulman r\u00e9f\u00e9rence livre versets enfants Proph\u00e8te\" \/>\n<meta name=\"robots\" content=\"noindex, follow, max-snippet:-1, max-image-preview:large, max-video-preview:-1\" \/>\n<meta property=\"og:locale\" content=\"fr_FR\" \/>\n<meta property=\"og:type\" content=\"article\" \/>\n<meta property=\"og:title\" content=\"Mes petits versets du Coran - \u00c9ditions Tawhid\" \/>\n<meta property=\"og:description\" content=\"Coran islam musulman r\u00e9f\u00e9rence livre versets enfants Proph\u00e8te\" \/>\n<meta property=\"og:url\" content=\"https:\/\/www.edition-tawhid.com\/staging-site\/produit\/mes-petits-versets-du-coran\/\" \/>\n<meta property=\"og:site_name\" content=\"\u00c9ditions Tawhid\" \/>\n<meta property=\"article:publisher\" content=\"https:\/\/www.facebook.com\/editiontawhid\/\" \/>\n<meta property=\"article:modified_time\" content=\"2021-09-19T13:21:01+00:00\" \/>\n<meta property=\"og:image\" content=\"https:\/\/www.edition-tawhid.com\/staging-site\/wp-content\/uploads\/2014\/04\/mes_petits_versets_1_NEW.jpg\" \/>\n\t<meta property=\"og:image:width\" content=\"791\" \/>\n\t<meta property=\"og:image:height\" content=\"1024\" \/>\n\t<meta property=\"og:image:type\" content=\"image\/jpeg\" \/>\n<meta name=\"twitter:card\" content=\"summary_large_image\" \/>\n<meta name=\"twitter:label1\" content=\"Dur\u00e9e de lecture estim\u00e9e\" \/>\n\t<meta name=\"twitter:data1\" content=\"1 minute\" \/>\n<script type=\"application\/ld+json\" class=\"yoast-schema-graph\">{\"@context\":\"https:\/\/schema.org\",\"@graph\":[{\"@type\":\"WebPage\",\"@id\":\"https:\/\/www.edition-tawhid.com\/staging-site\/produit\/mes-petits-versets-du-coran\/\",\"url\":\"https:\/\/www.edition-tawhid.com\/staging-site\/produit\/mes-petits-versets-du-coran\/\",\"name\":\"Mes petits versets du Coran - \u00c9ditions Tawhid\",\"isPartOf\":{\"@id\":\"https:\/\/www.edition-tawhid.com\/staging-site\/#website\"},\"primaryImageOfPage\":{\"@id\":\"https:\/\/www.edition-tawhid.com\/staging-site\/produit\/mes-petits-versets-du-coran\/#primaryimage\"},\"image\":{\"@id\":\"https:\/\/www.edition-tawhid.com\/staging-site\/produit\/mes-petits-versets-du-coran\/#primaryimage\"},\"thumbnailUrl\":\"https:\/\/www.edition-tawhid.com\/staging-site\/wp-content\/uploads\/2014\/04\/mes_petits_versets_1_NEW.jpg\",\"datePublished\":\"2014-04-14T16:59:33+00:00\",\"dateModified\":\"2021-09-19T13:21:01+00:00\",\"description\":\"Coran islam musulman r\u00e9f\u00e9rence livre versets enfants Proph\u00e8te\",\"breadcrumb\":{\"@id\":\"https:\/\/www.edition-tawhid.com\/staging-site\/produit\/mes-petits-versets-du-coran\/#breadcrumb\"},\"inLanguage\":\"fr-FR\",\"potentialAction\":[{\"@type\":\"ReadAction\",\"target\":[\"https:\/\/www.edition-tawhid.com\/staging-site\/produit\/mes-petits-versets-du-coran\/\"]}]},{\"@type\":\"ImageObject\",\"inLanguage\":\"fr-FR\",\"@id\":\"https:\/\/www.edition-tawhid.com\/staging-site\/produit\/mes-petits-versets-du-coran\/#primaryimage\",\"url\":\"https:\/\/www.edition-tawhid.com\/staging-site\/wp-content\/uploads\/2014\/04\/mes_petits_versets_1_NEW.jpg\",\"contentUrl\":\"https:\/\/www.edition-tawhid.com\/staging-site\/wp-content\/uploads\/2014\/04\/mes_petits_versets_1_NEW.jpg\",\"width\":791,\"height\":1024},{\"@type\":\"BreadcrumbList\",\"@id\":\"https:\/\/www.edition-tawhid.com\/staging-site\/produit\/mes-petits-versets-du-coran\/#breadcrumb\",\"itemListElement\":[{\"@type\":\"ListItem\",\"position\":1,\"name\":\"Accueil\",\"item\":\"https:\/\/www.edition-tawhid.com\/staging-site\/\"},{\"@type\":\"ListItem\",\"position\":2,\"name\":\"Tous nos livres\",\"item\":\"https:\/\/www.edition-tawhid.com\/staging-site\/tous-nos-livres\/\"},{\"@type\":\"ListItem\",\"position\":3,\"name\":\"Mes petits versets du Coran\"}]},{\"@type\":\"WebSite\",\"@id\":\"https:\/\/www.edition-tawhid.com\/staging-site\/#website\",\"url\":\"https:\/\/www.edition-tawhid.com\/staging-site\/\",\"name\":\"\u00c9ditions Tawhid\",\"description\":\"Le sp\u00e9cialiste du livre islamique francophone\",\"publisher\":{\"@id\":\"https:\/\/www.edition-tawhid.com\/staging-site\/#organization\"},\"potentialAction\":[{\"@type\":\"SearchAction\",\"target\":{\"@type\":\"EntryPoint\",\"urlTemplate\":\"https:\/\/www.edition-tawhid.com\/staging-site\/?s={search_term_string}\"},\"query-input\":{\"@type\":\"PropertyValueSpecification\",\"valueRequired\":true,\"valueName\":\"search_term_string\"}}],\"inLanguage\":\"fr-FR\"},{\"@type\":\"Organization\",\"@id\":\"https:\/\/www.edition-tawhid.com\/staging-site\/#organization\",\"name\":\"Editions Tawhid\",\"url\":\"https:\/\/www.edition-tawhid.com\/staging-site\/\",\"logo\":{\"@type\":\"ImageObject\",\"inLanguage\":\"fr-FR\",\"@id\":\"https:\/\/www.edition-tawhid.com\/staging-site\/#\/schema\/logo\/image\/\",\"url\":\"https:\/\/www.edition-tawhid.com\/staging-site\/wp-content\/uploads\/2018\/12\/logo_noir_v1-01.png\",\"contentUrl\":\"https:\/\/www.edition-tawhid.com\/staging-site\/wp-content\/uploads\/2018\/12\/logo_noir_v1-01.png\",\"width\":80,\"height\":112,\"caption\":\"Editions Tawhid\"},\"image\":{\"@id\":\"https:\/\/www.edition-tawhid.com\/staging-site\/#\/schema\/logo\/image\/\"},\"sameAs\":[\"https:\/\/www.facebook.com\/editiontawhid\/\"]}]}<\/script>\n<!-- \/ Yoast SEO plugin. -->","yoast_head_json":{"title":"Mes petits versets du Coran - \u00c9ditions Tawhid","description":"Coran islam musulman r\u00e9f\u00e9rence livre versets enfants Proph\u00e8te","robots":{"index":"noindex","follow":"follow","max-snippet":"max-snippet:-1","max-image-preview":"max-image-preview:large","max-video-preview":"max-video-preview:-1"},"og_locale":"fr_FR","og_type":"article","og_title":"Mes petits versets du Coran - \u00c9ditions Tawhid","og_description":"Coran islam musulman r\u00e9f\u00e9rence livre versets enfants Proph\u00e8te","og_url":"https:\/\/www.edition-tawhid.com\/staging-site\/produit\/mes-petits-versets-du-coran\/","og_site_name":"\u00c9ditions Tawhid","article_publisher":"https:\/\/www.facebook.com\/editiontawhid\/","article_modified_time":"2021-09-19T13:21:01+00:00","og_image":[{"width":791,"height":1024,"url":"https:\/\/www.edition-tawhid.com\/staging-site\/wp-content\/uploads\/2014\/04\/mes_petits_versets_1_NEW.jpg","type":"image\/jpeg"}],"twitter_card":"summary_large_image","twitter_misc":{"Dur\u00e9e de lecture estim\u00e9e":"1 minute"},"schema":{"@context":"https:\/\/schema.org","@graph":[{"@type":"WebPage","@id":"https:\/\/www.edition-tawhid.com\/staging-site\/produit\/mes-petits-versets-du-coran\/","url":"https:\/\/www.edition-tawhid.com\/staging-site\/produit\/mes-petits-versets-du-coran\/","name":"Mes petits versets du Coran - \u00c9ditions Tawhid","isPartOf":{"@id":"https:\/\/www.edition-tawhid.com\/staging-site\/#website"},"primaryImageOfPage":{"@id":"https:\/\/www.edition-tawhid.com\/staging-site\/produit\/mes-petits-versets-du-coran\/#primaryimage"},"image":{"@id":"https:\/\/www.edition-tawhid.com\/staging-site\/produit\/mes-petits-versets-du-coran\/#primaryimage"},"thumbnailUrl":"https:\/\/www.edition-tawhid.com\/staging-site\/wp-content\/uploads\/2014\/04\/mes_petits_versets_1_NEW.jpg","datePublished":"2014-04-14T16:59:33+00:00","dateModified":"2021-09-19T13:21:01+00:00","description":"Coran islam musulman r\u00e9f\u00e9rence livre versets enfants Proph\u00e8te","breadcrumb":{"@id":"https:\/\/www.edition-tawhid.com\/staging-site\/produit\/mes-petits-versets-du-coran\/#breadcrumb"},"inLanguage":"fr-FR","potentialAction":[{"@type":"ReadAction","target":["https:\/\/www.edition-tawhid.com\/staging-site\/produit\/mes-petits-versets-du-coran\/"]}]},{"@type":"ImageObject","inLanguage":"fr-FR","@id":"https:\/\/www.edition-tawhid.com\/staging-site\/produit\/mes-petits-versets-du-coran\/#primaryimage","url":"https:\/\/www.edition-tawhid.com\/staging-site\/wp-content\/uploads\/2014\/04\/mes_petits_versets_1_NEW.jpg","contentUrl":"https:\/\/www.edition-tawhid.com\/staging-site\/wp-content\/uploads\/2014\/04\/mes_petits_versets_1_NEW.jpg","width":791,"height":1024},{"@type":"BreadcrumbList","@id":"https:\/\/www.edition-tawhid.com\/staging-site\/produit\/mes-petits-versets-du-coran\/#breadcrumb","itemListElement":[{"@type":"ListItem","position":1,"name":"Accueil","item":"https:\/\/www.edition-tawhid.com\/staging-site\/"},{"@type":"ListItem","position":2,"name":"Tous nos livres","item":"https:\/\/www.edition-tawhid.com\/staging-site\/tous-nos-livres\/"},{"@type":"ListItem","position":3,"name":"Mes petits versets du Coran"}]},{"@type":"WebSite","@id":"https:\/\/www.edition-tawhid.com\/staging-site\/#website","url":"https:\/\/www.edition-tawhid.com\/staging-site\/","name":"\u00c9ditions Tawhid","description":"Le sp\u00e9cialiste du livre islamique francophone","publisher":{"@id":"https:\/\/www.edition-tawhid.com\/staging-site\/#organization"},"potentialAction":[{"@type":"SearchAction","target":{"@type":"EntryPoint","urlTemplate":"https:\/\/www.edition-tawhid.com\/staging-site\/?s={search_term_string}"},"query-input":{"@type":"PropertyValueSpecification","valueRequired":true,"valueName":"search_term_string"}}],"inLanguage":"fr-FR"},{"@type":"Organization","@id":"https:\/\/www.edition-tawhid.com\/staging-site\/#organization","name":"Editions Tawhid","url":"https:\/\/www.edition-tawhid.com\/staging-site\/","logo":{"@type":"ImageObject","inLanguage":"fr-FR","@id":"https:\/\/www.edition-tawhid.com\/staging-site\/#\/schema\/logo\/image\/","url":"https:\/\/www.edition-tawhid.com\/staging-site\/wp-content\/uploads\/2018\/12\/logo_noir_v1-01.png","contentUrl":"https:\/\/www.edition-tawhid.com\/staging-site\/wp-content\/uploads\/2018\/12\/logo_noir_v1-01.png","width":80,"height":112,"caption":"Editions Tawhid"},"image":{"@id":"https:\/\/www.edition-tawhid.com\/staging-site\/#\/schema\/logo\/image\/"},"sameAs":["https:\/\/www.facebook.com\/editiontawhid\/"]}]}},"_links":{"self":[{"href":"https:\/\/www.edition-tawhid.com\/staging-site\/wp-json\/wp\/v2\/product\/1724","targetHints":{"allow":["GET"]}}],"collection":[{"href":"https:\/\/www.edition-tawhid.com\/staging-site\/wp-json\/wp\/v2\/product"}],"about":[{"href":"https:\/\/www.edition-tawhid.com\/staging-site\/wp-json\/wp\/v2\/types\/product"}],"replies":[{"embeddable":true,"href":"https:\/\/www.edition-tawhid.com\/staging-site\/wp-json\/wp\/v2\/comments?post=1724"}],"wp:featuredmedia":[{"embeddable":true,"href":"https:\/\/www.edition-tawhid.com\/staging-site\/wp-json\/wp\/v2\/media\/12588"}],"wp:attachment":[{"href":"https:\/\/www.edition-tawhid.com\/staging-site\/wp-json\/wp\/v2\/media?parent=1724"}],"wp:term":[{"taxonomy":"product_brand","embeddable":true,"href":"https:\/\/www.edition-tawhid.com\/staging-site\/wp-json\/wp\/v2\/product_brand?post=1724"},{"taxonomy":"product_cat","embeddable":true,"href":"https:\/\/www.edition-tawhid.com\/staging-site\/wp-json\/wp\/v2\/product_cat?post=1724"},{"taxonomy":"product_tag","embeddable":true,"href":"https:\/\/www.edition-tawhid.com\/staging-site\/wp-json\/wp\/v2\/product_tag?post=1724"}],"curies":[{"name":"wp","href":"https:\/\/api.w.org\/{rel}","templated":true}]}}