{"id":17391,"date":"2024-02-02T17:22:03","date_gmt":"2024-02-02T16:22:03","guid":{"rendered":"https:\/\/www.edition-tawhid.com\/staging-site\/?post_type=product&#038;p=17391"},"modified":"2025-02-15T17:59:45","modified_gmt":"2025-02-15T16:59:45","slug":"associations-caritatives-islamiques-livre-5","status":"publish","type":"product","link":"https:\/\/www.edition-tawhid.com\/staging-site\/produit\/associations-caritatives-islamiques-livre-5\/","title":{"rendered":"Associations caritatives islamiques"},"content":{"rendered":"<p>Aider au bien est une recommandation coranique et proph\u00e9tique. Telle est la mission des organisations caritatives qui ont pour vocation d\u2019inciter au don, de proc\u00e9der \u00e0 la collecte des diverses aum\u00f4nes (libres, expiations <em>kaff\u00e2r\u00e2t<\/em>, etc.) et de la zak\u00e2t et de les distribuer aux populations concern\u00e9es. Il s\u2019agit donc d\u2019une d\u00e9l\u00e9gation de la part des donateurs et parfois des b\u00e9n\u00e9ficiaires.<\/p>\n<p>Si le m\u00e9rite de ce geste est immense, c&rsquo;est aussi une lourde responsabilit\u00e9 car il s&rsquo;agit des biens des donateurs qu&rsquo;il s&rsquo;agit de g\u00e9rer avec une grande probit\u00e9 <em>am\u00e2na<\/em> et toute une \u00e9thique.\u00a0 La bonne intention ne suffisant pas, l&rsquo;islam va donc encadrer minutieusement cette gestion; en distinguant d&rsquo;abord les b\u00e9n\u00e9ficiaires de la zak\u00e2t de ceux des aum\u00f4nes, les obligations de la d\u00e9l\u00e9gation, comment g\u00e9rer les charges de l&rsquo;association et la r\u00e9mun\u00e9ration de ses membres&#8230;<\/p>\n<p>Ce livre est le cinqui\u00e8me d&rsquo;une s\u00e9rie qui en compte cinq:<\/p>\n<p><strong>1. Pourquoi donner?<\/strong> qui s&rsquo;attache \u00e0 montrer les bases spirituelles de l&rsquo;acte de donner (zak\u00e2t, aum\u00f4nes) en islam, l&rsquo;\u00e9thique accompagnant ce geste et les finalit\u00e9s du don.<\/p>\n<p>2. <em><strong>Zak\u00e2t, guide pratique,\u00a0<\/strong><\/em>destin\u00e9 \u00e0 toute personne d\u00e9sirant conna\u00eetre rapidement ce pilier et comment l\u2019accomplir (calculs, exemples).<\/p>\n<p>3. <em><strong>Le livre de la zak\u00e2t<\/strong><\/em>, destin\u00e9 aux \u00e9tudiants des sciences islamiques, aux imams et \u00e0 toute personne souhaitant aller plus loin. Un ouvrage de r\u00e9f\u00e9rence.<\/p>\n<p>4.<em><strong> Le livre des aum\u00f4nes, m\u00e9rites et fiqh<\/strong><\/em>, qui traite sp\u00e9cifiquement de l\u2019aum\u00f4ne, sous ses diff\u00e9rentes formes, ses m\u00e9rites, ses r\u00e8gles. C\u2019est le compl\u00e9ment indispensable \u00e0 la zak\u00e2t.<\/p>\n<p><em>Mostafa Brahami est un des contributeurs de la litt\u00e9rature musulmane en langue fran\u00e7aise. Ses ouvrages embrassent divers domaines notamment le droit musulman (fiqh), la spiritualit\u00e9, l\u2019\u00e9thique, les finalit\u00e9s (maq\u00e2sid) ainsi que l\u2019histoire du fiqh et des grands imams, devenus des r\u00e9f\u00e9rences. Il apporte, avec soin et technique didactique, tout un ensemble de connaissances sur les quatre piliers de l\u2019islam (pri\u00e8re, je\u00fbne, zak\u00e2t et hajj). Il intervient souvent dans l\u2019espace francophone pour apporter son expertise sur ces domaines \u00e9tudi\u00e9s.<\/em><\/p>\n","protected":false},"excerpt":{"rendered":"<p>Aider au bien est une recommandation coranique et proph\u00e9tique. Telle est la mission des organisations caritatives qui ont pour vocation d\u2019inciter au don, de proc\u00e9der \u00e0 la collecte des diverses aum\u00f4nes (libres, expiations <em>kaff\u00e2r\u00e2t<\/em>, etc.) et de la zak\u00e2t et de les distribuer aux populations concern\u00e9es. Il s\u2019agit donc d\u2019une d\u00e9l\u00e9gation de la part des donateurs et parfois des b\u00e9n\u00e9ficiaires.<\/p>\n<p>Si le m\u00e9rite de ce geste est immense, c&rsquo;est aussi une lourde responsabilit\u00e9 car il s&rsquo;agit des biens des donateurs qu&rsquo;il s&rsquo;agit de g\u00e9rer avec une grande probit\u00e9 <em>am\u00e2na<\/em> et toute une \u00e9thique.\u00a0 La bonne intention ne suffisant pas, l&rsquo;islam va donc encadrer minutieusement cette gestion; en distinguant d&rsquo;abord les b\u00e9n\u00e9ficiaires de la zak\u00e2t de ceux des aum\u00f4nes, les obligations de la d\u00e9l\u00e9gation, comment g\u00e9rer les charges de l&rsquo;association et la r\u00e9mun\u00e9ration de ses membres&#8230;<\/p>\n","protected":false},"featured_media":17392,"comment_status":"open","ping_status":"closed","template":"","meta":{"_acf_changed":false},"product_brand":[],"product_cat":[2711],"product_tag":[],"class_list":{"0":"post-17391","1":"product","2":"type-product","3":"status-publish","4":"has-post-thumbnail","6":"product_cat-fiqh","7":"pa_book-author-mostafa-brahami","9":"first","10":"instock","11":"featured","12":"taxable","13":"shipping-taxable","14":"purchasable","15":"product-type-simple"},"acf":[],"yoast_head":"<!-- This site is optimized with the Yoast SEO plugin v27.1.1 - https:\/\/yoast.com\/product\/yoast-seo-wordpress\/ -->\n<title>Associations caritatives islamiques - \u00c9ditions Tawhid<\/title>\n<meta name=\"robots\" content=\"noindex, follow, max-snippet:-1, max-image-preview:large, max-video-preview:-1\" \/>\n<meta property=\"og:locale\" content=\"fr_FR\" \/>\n<meta property=\"og:type\" content=\"article\" \/>\n<meta property=\"og:title\" content=\"Associations caritatives islamiques - \u00c9ditions Tawhid\" \/>\n<meta property=\"og:description\" content=\"Aider au bien est une recommandation coranique et proph\u00e9tique. Telle est la mission des organisations caritatives qui ont pour vocation d\u2019inciter au don, de proc\u00e9der \u00e0 la collecte des diverses aum\u00f4nes (libres, expiations kaff\u00e2r\u00e2t, etc.) et de la zak\u00e2t et de les distribuer aux populations concern\u00e9es. Il s\u2019agit donc d\u2019une d\u00e9l\u00e9gation de la part des donateurs et parfois des b\u00e9n\u00e9ficiaires.  Si le m\u00e9rite de ce geste est immense, c&#039;est aussi une lourde responsabilit\u00e9 car il s&#039;agit des biens des donateurs qu&#039;il s&#039;agit de g\u00e9rer avec une grande probit\u00e9 am\u00e2na et toute une \u00e9thique.\u00a0 La bonne intention ne suffisant pas, l&#039;islam va donc encadrer minutieusement cette gestion; en distinguant d&#039;abord les b\u00e9n\u00e9ficiaires de la zak\u00e2t de ceux des aum\u00f4nes, les obligations de la d\u00e9l\u00e9gation, comment g\u00e9rer les charges de l&#039;association et la r\u00e9mun\u00e9ration de ses membres...\" \/>\n<meta property=\"og:url\" content=\"https:\/\/www.edition-tawhid.com\/staging-site\/produit\/associations-caritatives-islamiques-livre-5\/\" \/>\n<meta property=\"og:site_name\" content=\"\u00c9ditions Tawhid\" \/>\n<meta property=\"article:publisher\" content=\"https:\/\/www.facebook.com\/editiontawhid\/\" \/>\n<meta property=\"article:modified_time\" content=\"2025-02-15T16:59:45+00:00\" \/>\n<meta property=\"og:image\" content=\"https:\/\/www.edition-tawhid.com\/staging-site\/wp-content\/uploads\/2024\/02\/brahami-associations-caritatives-01-v1.jpg\" \/>\n\t<meta property=\"og:image:width\" content=\"791\" \/>\n\t<meta property=\"og:image:height\" content=\"1024\" \/>\n\t<meta property=\"og:image:type\" content=\"image\/jpeg\" \/>\n<meta name=\"twitter:card\" content=\"summary_large_image\" \/>\n<meta name=\"twitter:label1\" content=\"Dur\u00e9e de lecture estim\u00e9e\" \/>\n\t<meta name=\"twitter:data1\" content=\"2 minutes\" \/>\n<script type=\"application\/ld+json\" class=\"yoast-schema-graph\">{\"@context\":\"https:\/\/schema.org\",\"@graph\":[{\"@type\":\"WebPage\",\"@id\":\"https:\/\/www.edition-tawhid.com\/staging-site\/produit\/associations-caritatives-islamiques-livre-5\/\",\"url\":\"https:\/\/www.edition-tawhid.com\/staging-site\/produit\/associations-caritatives-islamiques-livre-5\/\",\"name\":\"Associations caritatives islamiques - \u00c9ditions Tawhid\",\"isPartOf\":{\"@id\":\"https:\/\/www.edition-tawhid.com\/staging-site\/#website\"},\"primaryImageOfPage\":{\"@id\":\"https:\/\/www.edition-tawhid.com\/staging-site\/produit\/associations-caritatives-islamiques-livre-5\/#primaryimage\"},\"image\":{\"@id\":\"https:\/\/www.edition-tawhid.com\/staging-site\/produit\/associations-caritatives-islamiques-livre-5\/#primaryimage\"},\"thumbnailUrl\":\"https:\/\/www.edition-tawhid.com\/staging-site\/wp-content\/uploads\/2024\/02\/brahami-associations-caritatives-01-v1.jpg\",\"datePublished\":\"2024-02-02T16:22:03+00:00\",\"dateModified\":\"2025-02-15T16:59:45+00:00\",\"breadcrumb\":{\"@id\":\"https:\/\/www.edition-tawhid.com\/staging-site\/produit\/associations-caritatives-islamiques-livre-5\/#breadcrumb\"},\"inLanguage\":\"fr-FR\",\"potentialAction\":[{\"@type\":\"ReadAction\",\"target\":[\"https:\/\/www.edition-tawhid.com\/staging-site\/produit\/associations-caritatives-islamiques-livre-5\/\"]}]},{\"@type\":\"ImageObject\",\"inLanguage\":\"fr-FR\",\"@id\":\"https:\/\/www.edition-tawhid.com\/staging-site\/produit\/associations-caritatives-islamiques-livre-5\/#primaryimage\",\"url\":\"https:\/\/www.edition-tawhid.com\/staging-site\/wp-content\/uploads\/2024\/02\/brahami-associations-caritatives-01-v1.jpg\",\"contentUrl\":\"https:\/\/www.edition-tawhid.com\/staging-site\/wp-content\/uploads\/2024\/02\/brahami-associations-caritatives-01-v1.jpg\",\"width\":791,\"height\":1024},{\"@type\":\"BreadcrumbList\",\"@id\":\"https:\/\/www.edition-tawhid.com\/staging-site\/produit\/associations-caritatives-islamiques-livre-5\/#breadcrumb\",\"itemListElement\":[{\"@type\":\"ListItem\",\"position\":1,\"name\":\"Accueil\",\"item\":\"https:\/\/www.edition-tawhid.com\/staging-site\/\"},{\"@type\":\"ListItem\",\"position\":2,\"name\":\"Tous nos livres\",\"item\":\"https:\/\/www.edition-tawhid.com\/staging-site\/tous-nos-livres\/\"},{\"@type\":\"ListItem\",\"position\":3,\"name\":\"Associations caritatives islamiques (Livre 5)\"}]},{\"@type\":\"WebSite\",\"@id\":\"https:\/\/www.edition-tawhid.com\/staging-site\/#website\",\"url\":\"https:\/\/www.edition-tawhid.com\/staging-site\/\",\"name\":\"\u00c9ditions Tawhid\",\"description\":\"Le sp\u00e9cialiste du livre islamique francophone\",\"publisher\":{\"@id\":\"https:\/\/www.edition-tawhid.com\/staging-site\/#organization\"},\"potentialAction\":[{\"@type\":\"SearchAction\",\"target\":{\"@type\":\"EntryPoint\",\"urlTemplate\":\"https:\/\/www.edition-tawhid.com\/staging-site\/?s={search_term_string}\"},\"query-input\":{\"@type\":\"PropertyValueSpecification\",\"valueRequired\":true,\"valueName\":\"search_term_string\"}}],\"inLanguage\":\"fr-FR\"},{\"@type\":\"Organization\",\"@id\":\"https:\/\/www.edition-tawhid.com\/staging-site\/#organization\",\"name\":\"Editions Tawhid\",\"url\":\"https:\/\/www.edition-tawhid.com\/staging-site\/\",\"logo\":{\"@type\":\"ImageObject\",\"inLanguage\":\"fr-FR\",\"@id\":\"https:\/\/www.edition-tawhid.com\/staging-site\/#\/schema\/logo\/image\/\",\"url\":\"https:\/\/www.edition-tawhid.com\/staging-site\/wp-content\/uploads\/2018\/12\/logo_noir_v1-01.png\",\"contentUrl\":\"https:\/\/www.edition-tawhid.com\/staging-site\/wp-content\/uploads\/2018\/12\/logo_noir_v1-01.png\",\"width\":80,\"height\":112,\"caption\":\"Editions Tawhid\"},\"image\":{\"@id\":\"https:\/\/www.edition-tawhid.com\/staging-site\/#\/schema\/logo\/image\/\"},\"sameAs\":[\"https:\/\/www.facebook.com\/editiontawhid\/\"]}]}<\/script>\n<!-- \/ Yoast SEO plugin. -->","yoast_head_json":{"title":"Associations caritatives islamiques - \u00c9ditions Tawhid","robots":{"index":"noindex","follow":"follow","max-snippet":"max-snippet:-1","max-image-preview":"max-image-preview:large","max-video-preview":"max-video-preview:-1"},"og_locale":"fr_FR","og_type":"article","og_title":"Associations caritatives islamiques - \u00c9ditions Tawhid","og_description":"Aider au bien est une recommandation coranique et proph\u00e9tique. Telle est la mission des organisations caritatives qui ont pour vocation d\u2019inciter au don, de proc\u00e9der \u00e0 la collecte des diverses aum\u00f4nes (libres, expiations kaff\u00e2r\u00e2t, etc.) et de la zak\u00e2t et de les distribuer aux populations concern\u00e9es. Il s\u2019agit donc d\u2019une d\u00e9l\u00e9gation de la part des donateurs et parfois des b\u00e9n\u00e9ficiaires.  Si le m\u00e9rite de ce geste est immense, c'est aussi une lourde responsabilit\u00e9 car il s'agit des biens des donateurs qu'il s'agit de g\u00e9rer avec une grande probit\u00e9 am\u00e2na et toute une \u00e9thique.\u00a0 La bonne intention ne suffisant pas, l'islam va donc encadrer minutieusement cette gestion; en distinguant d'abord les b\u00e9n\u00e9ficiaires de la zak\u00e2t de ceux des aum\u00f4nes, les obligations de la d\u00e9l\u00e9gation, comment g\u00e9rer les charges de l'association et la r\u00e9mun\u00e9ration de ses membres...","og_url":"https:\/\/www.edition-tawhid.com\/staging-site\/produit\/associations-caritatives-islamiques-livre-5\/","og_site_name":"\u00c9ditions Tawhid","article_publisher":"https:\/\/www.facebook.com\/editiontawhid\/","article_modified_time":"2025-02-15T16:59:45+00:00","og_image":[{"width":791,"height":1024,"url":"https:\/\/www.edition-tawhid.com\/staging-site\/wp-content\/uploads\/2024\/02\/brahami-associations-caritatives-01-v1.jpg","type":"image\/jpeg"}],"twitter_card":"summary_large_image","twitter_misc":{"Dur\u00e9e de lecture estim\u00e9e":"2 minutes"},"schema":{"@context":"https:\/\/schema.org","@graph":[{"@type":"WebPage","@id":"https:\/\/www.edition-tawhid.com\/staging-site\/produit\/associations-caritatives-islamiques-livre-5\/","url":"https:\/\/www.edition-tawhid.com\/staging-site\/produit\/associations-caritatives-islamiques-livre-5\/","name":"Associations caritatives islamiques - \u00c9ditions Tawhid","isPartOf":{"@id":"https:\/\/www.edition-tawhid.com\/staging-site\/#website"},"primaryImageOfPage":{"@id":"https:\/\/www.edition-tawhid.com\/staging-site\/produit\/associations-caritatives-islamiques-livre-5\/#primaryimage"},"image":{"@id":"https:\/\/www.edition-tawhid.com\/staging-site\/produit\/associations-caritatives-islamiques-livre-5\/#primaryimage"},"thumbnailUrl":"https:\/\/www.edition-tawhid.com\/staging-site\/wp-content\/uploads\/2024\/02\/brahami-associations-caritatives-01-v1.jpg","datePublished":"2024-02-02T16:22:03+00:00","dateModified":"2025-02-15T16:59:45+00:00","breadcrumb":{"@id":"https:\/\/www.edition-tawhid.com\/staging-site\/produit\/associations-caritatives-islamiques-livre-5\/#breadcrumb"},"inLanguage":"fr-FR","potentialAction":[{"@type":"ReadAction","target":["https:\/\/www.edition-tawhid.com\/staging-site\/produit\/associations-caritatives-islamiques-livre-5\/"]}]},{"@type":"ImageObject","inLanguage":"fr-FR","@id":"https:\/\/www.edition-tawhid.com\/staging-site\/produit\/associations-caritatives-islamiques-livre-5\/#primaryimage","url":"https:\/\/www.edition-tawhid.com\/staging-site\/wp-content\/uploads\/2024\/02\/brahami-associations-caritatives-01-v1.jpg","contentUrl":"https:\/\/www.edition-tawhid.com\/staging-site\/wp-content\/uploads\/2024\/02\/brahami-associations-caritatives-01-v1.jpg","width":791,"height":1024},{"@type":"BreadcrumbList","@id":"https:\/\/www.edition-tawhid.com\/staging-site\/produit\/associations-caritatives-islamiques-livre-5\/#breadcrumb","itemListElement":[{"@type":"ListItem","position":1,"name":"Accueil","item":"https:\/\/www.edition-tawhid.com\/staging-site\/"},{"@type":"ListItem","position":2,"name":"Tous nos livres","item":"https:\/\/www.edition-tawhid.com\/staging-site\/tous-nos-livres\/"},{"@type":"ListItem","position":3,"name":"Associations caritatives islamiques (Livre 5)"}]},{"@type":"WebSite","@id":"https:\/\/www.edition-tawhid.com\/staging-site\/#website","url":"https:\/\/www.edition-tawhid.com\/staging-site\/","name":"\u00c9ditions Tawhid","description":"Le sp\u00e9cialiste du livre islamique francophone","publisher":{"@id":"https:\/\/www.edition-tawhid.com\/staging-site\/#organization"},"potentialAction":[{"@type":"SearchAction","target":{"@type":"EntryPoint","urlTemplate":"https:\/\/www.edition-tawhid.com\/staging-site\/?s={search_term_string}"},"query-input":{"@type":"PropertyValueSpecification","valueRequired":true,"valueName":"search_term_string"}}],"inLanguage":"fr-FR"},{"@type":"Organization","@id":"https:\/\/www.edition-tawhid.com\/staging-site\/#organization","name":"Editions Tawhid","url":"https:\/\/www.edition-tawhid.com\/staging-site\/","logo":{"@type":"ImageObject","inLanguage":"fr-FR","@id":"https:\/\/www.edition-tawhid.com\/staging-site\/#\/schema\/logo\/image\/","url":"https:\/\/www.edition-tawhid.com\/staging-site\/wp-content\/uploads\/2018\/12\/logo_noir_v1-01.png","contentUrl":"https:\/\/www.edition-tawhid.com\/staging-site\/wp-content\/uploads\/2018\/12\/logo_noir_v1-01.png","width":80,"height":112,"caption":"Editions Tawhid"},"image":{"@id":"https:\/\/www.edition-tawhid.com\/staging-site\/#\/schema\/logo\/image\/"},"sameAs":["https:\/\/www.facebook.com\/editiontawhid\/"]}]}},"_links":{"self":[{"href":"https:\/\/www.edition-tawhid.com\/staging-site\/wp-json\/wp\/v2\/product\/17391","targetHints":{"allow":["GET"]}}],"collection":[{"href":"https:\/\/www.edition-tawhid.com\/staging-site\/wp-json\/wp\/v2\/product"}],"about":[{"href":"https:\/\/www.edition-tawhid.com\/staging-site\/wp-json\/wp\/v2\/types\/product"}],"replies":[{"embeddable":true,"href":"https:\/\/www.edition-tawhid.com\/staging-site\/wp-json\/wp\/v2\/comments?post=17391"}],"wp:featuredmedia":[{"embeddable":true,"href":"https:\/\/www.edition-tawhid.com\/staging-site\/wp-json\/wp\/v2\/media\/17392"}],"wp:attachment":[{"href":"https:\/\/www.edition-tawhid.com\/staging-site\/wp-json\/wp\/v2\/media?parent=17391"}],"wp:term":[{"taxonomy":"product_brand","embeddable":true,"href":"https:\/\/www.edition-tawhid.com\/staging-site\/wp-json\/wp\/v2\/product_brand?post=17391"},{"taxonomy":"product_cat","embeddable":true,"href":"https:\/\/www.edition-tawhid.com\/staging-site\/wp-json\/wp\/v2\/product_cat?post=17391"},{"taxonomy":"product_tag","embeddable":true,"href":"https:\/\/www.edition-tawhid.com\/staging-site\/wp-json\/wp\/v2\/product_tag?post=17391"}],"curies":[{"name":"wp","href":"https:\/\/api.w.org\/{rel}","templated":true}]}}