{"id":17399,"date":"2024-02-02T18:38:00","date_gmt":"2024-02-02T17:38:00","guid":{"rendered":"https:\/\/www.edition-tawhid.com\/staging-site\/?post_type=product&#038;p=17399"},"modified":"2025-02-15T18:01:06","modified_gmt":"2025-02-15T17:01:06","slug":"pack-zakat-5-livres","status":"publish","type":"product","link":"https:\/\/www.edition-tawhid.com\/staging-site\/produit\/pack-zakat-5-livres\/","title":{"rendered":"Pack<br\/> Zak\u00e2t"},"content":{"rendered":"<p><img loading=\"lazy\" decoding=\"async\" class=\"size-medium wp-image-16686 alignnone\" src=\"https:\/\/www.edition-tawhid.com\/staging-site\/wp-content\/uploads\/2023\/09\/brahami-pourquoi-donner-01-v1-232x300.jpg\" alt=\"\" width=\"232\" height=\"300\" srcset=\"https:\/\/www.edition-tawhid.com\/staging-site\/wp-content\/uploads\/2023\/09\/brahami-pourquoi-donner-01-v1-232x300.jpg 232w, https:\/\/www.edition-tawhid.com\/staging-site\/wp-content\/uploads\/2023\/09\/brahami-pourquoi-donner-01-v1-330x427.jpg 330w, https:\/\/www.edition-tawhid.com\/staging-site\/wp-content\/uploads\/2023\/09\/brahami-pourquoi-donner-01-v1-154x200.jpg 154w, https:\/\/www.edition-tawhid.com\/staging-site\/wp-content\/uploads\/2023\/09\/brahami-pourquoi-donner-01-v1-680x880.jpg 680w, https:\/\/www.edition-tawhid.com\/staging-site\/wp-content\/uploads\/2023\/09\/brahami-pourquoi-donner-01-v1-64x83.jpg 64w, https:\/\/www.edition-tawhid.com\/staging-site\/wp-content\/uploads\/2023\/09\/brahami-pourquoi-donner-01-v1-768x994.jpg 768w, https:\/\/www.edition-tawhid.com\/staging-site\/wp-content\/uploads\/2023\/09\/brahami-pourquoi-donner-01-v1-70x90.jpg 70w, https:\/\/www.edition-tawhid.com\/staging-site\/wp-content\/uploads\/2023\/09\/brahami-pourquoi-donner-01-v1.jpg 791w\" sizes=\"auto, (max-width: 232px) 100vw, 232px\" \/><\/p>\n<h4>Pourquoi donner?<\/h4>\n<p>En islam, donner de ses biens est consid\u00e9r\u00e9 comme le droit des pauvres, des d\u00e9munis et de la soci\u00e9t\u00e9 sur les biens que Dieu nous a donn\u00e9s: la zak\u00e2t est obligation, et les aum\u00f4nes <em>sadaq\u00e2t<\/em> sont recommandation et compl\u00e9ment indispensable \u00e0 la premi\u00e8re. Ce geste de donner proc\u00e8de d&rsquo;une spiritualit\u00e9 vivante attach\u00e9e \u00e0 toute \u0153uvre qui donne vie, profondeur \u00e0 toute \u0153uvre, sans laquelle rien ne saurait perdurer ni prendre sens!<\/p>\n<p><a href=\"https:\/\/www.edition-tawhid.com\/staging-site\/produit\/pourquoi-donner-livre-1\/\">Voir la fiche produit \u2192<\/a><\/p>\n<hr \/>\n<p><img loading=\"lazy\" decoding=\"async\" class=\"size-medium wp-image-16078 alignnone\" src=\"https:\/\/www.edition-tawhid.com\/staging-site\/wp-content\/uploads\/2023\/05\/brahami-zakat-guide-pratique-01-v2-232x300.jpg\" alt=\"Zak\u00e2t, guide pratique\" width=\"232\" height=\"300\" srcset=\"https:\/\/www.edition-tawhid.com\/staging-site\/wp-content\/uploads\/2023\/05\/brahami-zakat-guide-pratique-01-v2-232x300.jpg 232w, https:\/\/www.edition-tawhid.com\/staging-site\/wp-content\/uploads\/2023\/05\/brahami-zakat-guide-pratique-01-v2-330x427.jpg 330w, https:\/\/www.edition-tawhid.com\/staging-site\/wp-content\/uploads\/2023\/05\/brahami-zakat-guide-pratique-01-v2-154x200.jpg 154w, https:\/\/www.edition-tawhid.com\/staging-site\/wp-content\/uploads\/2023\/05\/brahami-zakat-guide-pratique-01-v2-680x880.jpg 680w, https:\/\/www.edition-tawhid.com\/staging-site\/wp-content\/uploads\/2023\/05\/brahami-zakat-guide-pratique-01-v2-64x83.jpg 64w, https:\/\/www.edition-tawhid.com\/staging-site\/wp-content\/uploads\/2023\/05\/brahami-zakat-guide-pratique-01-v2-768x994.jpg 768w, https:\/\/www.edition-tawhid.com\/staging-site\/wp-content\/uploads\/2023\/05\/brahami-zakat-guide-pratique-01-v2-70x90.jpg 70w, https:\/\/www.edition-tawhid.com\/staging-site\/wp-content\/uploads\/2023\/05\/brahami-zakat-guide-pratique-01-v2.jpg 791w\" sizes=\"auto, (max-width: 232px) 100vw, 232px\" \/><\/p>\n<h4>Zak\u00e2t, guide pratique<\/h4>\n<p>Ce guide pratique vise \u00e0 faire conna\u00eetre le troisi\u00e8me pilier de l&rsquo;islam, la zak\u00e2t, et constitue un pan important du socle de connaissances obligatoires pour chaque musulman. Il s&rsquo;adresse \u00e0 tout musulman, sans aller dans beaucoup de d\u00e9tails, et \u00e0 l&rsquo;aide de nombreux exemples de calculs et de cas, afin qu&rsquo;il puisse calculer ais\u00e9ment la zak\u00e2t de ses biens.<\/p>\n<p><a href=\"https:\/\/www.edition-tawhid.com\/staging-site\/produit\/zakat-guide-pratique\/\">Voir la fiche produit \u2192<\/a><\/p>\n<hr \/>\n<p><img loading=\"lazy\" decoding=\"async\" class=\"size-medium wp-image-16032 alignnone\" src=\"https:\/\/www.edition-tawhid.com\/staging-site\/wp-content\/uploads\/2023\/05\/brahami-zakat-fiqh-pratique-01-v1-232x300.jpg\" alt=\"Le livre de la Zak\u00e2t, fiqh et pratique\" width=\"232\" height=\"300\" srcset=\"https:\/\/www.edition-tawhid.com\/staging-site\/wp-content\/uploads\/2023\/05\/brahami-zakat-fiqh-pratique-01-v1-232x300.jpg 232w, https:\/\/www.edition-tawhid.com\/staging-site\/wp-content\/uploads\/2023\/05\/brahami-zakat-fiqh-pratique-01-v1-330x427.jpg 330w, https:\/\/www.edition-tawhid.com\/staging-site\/wp-content\/uploads\/2023\/05\/brahami-zakat-fiqh-pratique-01-v1-154x200.jpg 154w, https:\/\/www.edition-tawhid.com\/staging-site\/wp-content\/uploads\/2023\/05\/brahami-zakat-fiqh-pratique-01-v1-680x880.jpg 680w, https:\/\/www.edition-tawhid.com\/staging-site\/wp-content\/uploads\/2023\/05\/brahami-zakat-fiqh-pratique-01-v1-64x83.jpg 64w, https:\/\/www.edition-tawhid.com\/staging-site\/wp-content\/uploads\/2023\/05\/brahami-zakat-fiqh-pratique-01-v1-768x994.jpg 768w, https:\/\/www.edition-tawhid.com\/staging-site\/wp-content\/uploads\/2023\/05\/brahami-zakat-fiqh-pratique-01-v1-70x90.jpg 70w, https:\/\/www.edition-tawhid.com\/staging-site\/wp-content\/uploads\/2023\/05\/brahami-zakat-fiqh-pratique-01-v1.jpg 791w\" sizes=\"auto, (max-width: 232px) 100vw, 232px\" \/><\/p>\n<h4>Le livre de la Zak\u00e2t, fiqh et pratique<\/h4>\n<p>Premier ouvrage de ce genre en langue fran\u00e7aise par son ampleur et les cas d\u00e9velopp\u00e9s, ce livre sur la zak\u00e2t, tr\u00e8s d\u00e9taill\u00e9, est destin\u00e9 \u00e0 toutes les personnes qui voudraient s&rsquo;impr\u00e9gner de ce troisi\u00e8me pilier et en comprendre l&rsquo;application, ainsi qu&rsquo;aux personnes qui \u00e9tudient pleinement la question: \u00e9tudiants en sciences islamiques, imams, comptables et fiduciaires etc. Le contexte contemporain et ses nouveaux d\u00e9fis (entreprises de services divers, titres mobiliers, nouveaux biens commerciaux, etc.) y sont trait\u00e9s aussi bien que les questions classiques (bien assujettis, activit\u00e9s \u00e9conomiques, les b\u00e9n\u00e9ficiaires, etc.). La zak\u00e2t <em>al-fitr<\/em> y est aussi abord\u00e9e avec d\u00e9tail. Les aspects pratiques (cas et calculs) sont d\u00e9velopp\u00e9s avec soin, et les outils comptables sont syst\u00e9matiquement utilis\u00e9s pour faciliter les calculs.<\/p>\n<p><a href=\"https:\/\/www.edition-tawhid.com\/staging-site\/produit\/le-livre-de-la-zakat-fiqh-et-pratique\/\">Voir la fiche produit \u2192<\/a><\/p>\n<hr \/>\n<p><img loading=\"lazy\" decoding=\"async\" class=\"size-medium wp-image-16701 alignnone\" src=\"https:\/\/www.edition-tawhid.com\/staging-site\/wp-content\/uploads\/2023\/09\/brahami-livre-aumones-01-v1-232x300.jpg\" alt=\"\" width=\"232\" height=\"300\" srcset=\"https:\/\/www.edition-tawhid.com\/staging-site\/wp-content\/uploads\/2023\/09\/brahami-livre-aumones-01-v1-232x300.jpg 232w, https:\/\/www.edition-tawhid.com\/staging-site\/wp-content\/uploads\/2023\/09\/brahami-livre-aumones-01-v1-330x427.jpg 330w, https:\/\/www.edition-tawhid.com\/staging-site\/wp-content\/uploads\/2023\/09\/brahami-livre-aumones-01-v1-154x200.jpg 154w, https:\/\/www.edition-tawhid.com\/staging-site\/wp-content\/uploads\/2023\/09\/brahami-livre-aumones-01-v1-680x880.jpg 680w, https:\/\/www.edition-tawhid.com\/staging-site\/wp-content\/uploads\/2023\/09\/brahami-livre-aumones-01-v1-64x83.jpg 64w, https:\/\/www.edition-tawhid.com\/staging-site\/wp-content\/uploads\/2023\/09\/brahami-livre-aumones-01-v1-768x994.jpg 768w, https:\/\/www.edition-tawhid.com\/staging-site\/wp-content\/uploads\/2023\/09\/brahami-livre-aumones-01-v1-70x90.jpg 70w, https:\/\/www.edition-tawhid.com\/staging-site\/wp-content\/uploads\/2023\/09\/brahami-livre-aumones-01-v1.jpg 791w\" sizes=\"auto, (max-width: 232px) 100vw, 232px\" \/><\/p>\n<h4>Le Livre des aum\u00f4nes<\/h4>\n<p>Ce livre traite des aum\u00f4nes, d&rsquo;un point de vue spirituel avec leurs m\u00e9rites, et d&rsquo;un point de vue pratique avec les r\u00e8gles qui les valident, les orientent. En effet, toute \u0153uvre r\u00e9alis\u00e9e par le musulman doit \u00eatre sous-tendue par une intention pure (de l&rsquo;avoir faite pour Dieu) et \u00eatre conforme aux enseignements divins et proph\u00e9tiques, d&rsquo;o\u00f9 la n\u00e9cessit\u00e9 de conna\u00eetre les aspects de <em>fiqh<\/em>. Les diverses formes des aum\u00f4nes sont \u00e9tudi\u00e9es: aum\u00f4nes recommand\u00e9es libres, celles durables (<em>sadaqa j\u00e2riya<\/em>), le <em>waqf<\/em>, celles des diverses expiations (<em>kaff\u00e2r\u00e2t<\/em>), et les legs testamentaires (<em>wasiyya<\/em>).<\/p>\n<p><a href=\"https:\/\/www.edition-tawhid.com\/staging-site\/produit\/le-livre-des-aumones-livre-4\/\">Voir la fiche produit \u2192<\/a><\/p>\n<hr \/>\n<p><img loading=\"lazy\" decoding=\"async\" class=\"size-medium wp-image-17392 alignnone\" src=\"https:\/\/www.edition-tawhid.com\/staging-site\/wp-content\/uploads\/2024\/02\/brahami-associations-caritatives-01-v1-232x300.jpg\" alt=\"\" width=\"232\" height=\"300\" srcset=\"https:\/\/www.edition-tawhid.com\/staging-site\/wp-content\/uploads\/2024\/02\/brahami-associations-caritatives-01-v1-232x300.jpg 232w, https:\/\/www.edition-tawhid.com\/staging-site\/wp-content\/uploads\/2024\/02\/brahami-associations-caritatives-01-v1-330x427.jpg 330w, https:\/\/www.edition-tawhid.com\/staging-site\/wp-content\/uploads\/2024\/02\/brahami-associations-caritatives-01-v1-154x200.jpg 154w, https:\/\/www.edition-tawhid.com\/staging-site\/wp-content\/uploads\/2024\/02\/brahami-associations-caritatives-01-v1-680x880.jpg 680w, https:\/\/www.edition-tawhid.com\/staging-site\/wp-content\/uploads\/2024\/02\/brahami-associations-caritatives-01-v1-64x83.jpg 64w, https:\/\/www.edition-tawhid.com\/staging-site\/wp-content\/uploads\/2024\/02\/brahami-associations-caritatives-01-v1-768x994.jpg 768w, https:\/\/www.edition-tawhid.com\/staging-site\/wp-content\/uploads\/2024\/02\/brahami-associations-caritatives-01-v1-70x90.jpg 70w, https:\/\/www.edition-tawhid.com\/staging-site\/wp-content\/uploads\/2024\/02\/brahami-associations-caritatives-01-v1.jpg 791w\" sizes=\"auto, (max-width: 232px) 100vw, 232px\" \/><\/p>\n<h4>Associations caritatives islamiques<\/h4>\n<p>Aider au bien est une recommandation coranique et proph\u00e9tique. Telle est la mission des organisations caritatives qui ont pour vocation d\u2019inciter au don, de proc\u00e9der \u00e0 la collecte des diverses aum\u00f4nes (libres, expiations <em>kaff\u00e2r\u00e2t<\/em>, etc.) et de la zak\u00e2t et de les distribuer aux populations concern\u00e9es. Il s\u2019agit donc d\u2019une d\u00e9l\u00e9gation de la part des donateurs et parfois des b\u00e9n\u00e9ficiaires.<\/p>\n<p>Si le m\u00e9rite de ce geste est immense, c&rsquo;est aussi une lourde responsabilit\u00e9 car il s&rsquo;agit des biens des donateurs qu&rsquo;il s&rsquo;agit de g\u00e9rer avec une grande probit\u00e9 <em>am\u00e2na<\/em> et toute une \u00e9thique.\u00a0 La bonne intention ne suffisant pas, l&rsquo;islam va donc encadrer minutieusement cette gestion; en distinguant d&rsquo;abord les b\u00e9n\u00e9ficiaires de la zak\u00e2t de ceux des aum\u00f4nes, les obligations de la d\u00e9l\u00e9gation, comment g\u00e9rer les charges de l&rsquo;association et la r\u00e9mun\u00e9ration de ses membres&#8230;<\/p>\n<p><a href=\"https:\/\/www.edition-tawhid.com\/staging-site\/produit\/associations-caritatives-islamiques-livre-5\/\">Voir la fiche produit \u2192<\/a><\/p>\n<hr \/>\n","protected":false},"excerpt":{"rendered":"<p>Pourquoi donner? En islam, donner de ses biens est consid\u00e9r\u00e9 comme le droit des pauvres, des d\u00e9munis et de la soci\u00e9t\u00e9 sur les biens que Dieu nous a donn\u00e9s: la zak\u00e2t est obligation, et les aum\u00f4nes sadaq\u00e2t sont recommandation et compl\u00e9ment indispensable \u00e0 la premi\u00e8re. Ce geste de donner proc\u00e8de d&rsquo;une spiritualit\u00e9 vivante attach\u00e9e \u00e0 toute \u0153uvre qui donne vie, profondeur \u00e0 toute \u0153uvre, sans laquelle rien ne saurait perdurer ni prendre sens! Voir la&hellip;<\/p>\n","protected":false},"featured_media":17400,"comment_status":"open","ping_status":"closed","template":"","meta":{"_acf_changed":false},"product_brand":[],"product_cat":[2711],"product_tag":[],"class_list":{"0":"post-17399","1":"product","2":"type-product","3":"status-publish","4":"has-post-thumbnail","6":"product_cat-fiqh","8":"first","9":"instock","10":"sale","11":"taxable","12":"shipping-taxable","13":"purchasable","14":"product-type-simple"},"acf":[],"yoast_head":"<!-- This site is optimized with the Yoast SEO plugin v27.1.1 - https:\/\/yoast.com\/product\/yoast-seo-wordpress\/ -->\n<title>Pack Zak\u00e2t - \u00c9ditions Tawhid<\/title>\n<meta name=\"robots\" content=\"noindex, follow, max-snippet:-1, max-image-preview:large, max-video-preview:-1\" \/>\n<meta property=\"og:locale\" content=\"fr_FR\" \/>\n<meta property=\"og:type\" content=\"article\" \/>\n<meta property=\"og:title\" content=\"Pack Zak\u00e2t - \u00c9ditions Tawhid\" \/>\n<meta property=\"og:description\" content=\"Pourquoi donner? En islam, donner de ses biens est consid\u00e9r\u00e9 comme le droit des pauvres, des d\u00e9munis et de la soci\u00e9t\u00e9 sur les biens que Dieu nous a donn\u00e9s: la zak\u00e2t est obligation, et les aum\u00f4nes sadaq\u00e2t sont recommandation et compl\u00e9ment indispensable \u00e0 la premi\u00e8re. Ce geste de donner proc\u00e8de d&rsquo;une spiritualit\u00e9 vivante attach\u00e9e \u00e0 toute \u0153uvre qui donne vie, profondeur \u00e0 toute \u0153uvre, sans laquelle rien ne saurait perdurer ni prendre sens! Voir la&hellip;\" \/>\n<meta property=\"og:url\" content=\"https:\/\/www.edition-tawhid.com\/staging-site\/produit\/pack-zakat-5-livres\/\" \/>\n<meta property=\"og:site_name\" content=\"\u00c9ditions Tawhid\" \/>\n<meta property=\"article:publisher\" content=\"https:\/\/www.facebook.com\/editiontawhid\/\" \/>\n<meta property=\"article:modified_time\" content=\"2025-02-15T17:01:06+00:00\" \/>\n<meta property=\"og:image\" content=\"https:\/\/www.edition-tawhid.com\/staging-site\/wp-content\/uploads\/2024\/02\/pack-zakat-v1.jpg\" \/>\n\t<meta property=\"og:image:width\" content=\"791\" \/>\n\t<meta property=\"og:image:height\" content=\"1024\" \/>\n\t<meta property=\"og:image:type\" content=\"image\/jpeg\" \/>\n<meta name=\"twitter:card\" content=\"summary_large_image\" \/>\n<meta name=\"twitter:label1\" content=\"Dur\u00e9e de lecture estim\u00e9e\" \/>\n\t<meta name=\"twitter:data1\" content=\"1 minute\" \/>\n<script type=\"application\/ld+json\" class=\"yoast-schema-graph\">{\"@context\":\"https:\/\/schema.org\",\"@graph\":[{\"@type\":\"WebPage\",\"@id\":\"https:\/\/www.edition-tawhid.com\/staging-site\/produit\/pack-zakat-5-livres\/\",\"url\":\"https:\/\/www.edition-tawhid.com\/staging-site\/produit\/pack-zakat-5-livres\/\",\"name\":\"Pack Zak\u00e2t - \u00c9ditions Tawhid\",\"isPartOf\":{\"@id\":\"https:\/\/www.edition-tawhid.com\/staging-site\/#website\"},\"primaryImageOfPage\":{\"@id\":\"https:\/\/www.edition-tawhid.com\/staging-site\/produit\/pack-zakat-5-livres\/#primaryimage\"},\"image\":{\"@id\":\"https:\/\/www.edition-tawhid.com\/staging-site\/produit\/pack-zakat-5-livres\/#primaryimage\"},\"thumbnailUrl\":\"https:\/\/www.edition-tawhid.com\/staging-site\/wp-content\/uploads\/2024\/02\/pack-zakat-v1.jpg\",\"datePublished\":\"2024-02-02T17:38:00+00:00\",\"dateModified\":\"2025-02-15T17:01:06+00:00\",\"breadcrumb\":{\"@id\":\"https:\/\/www.edition-tawhid.com\/staging-site\/produit\/pack-zakat-5-livres\/#breadcrumb\"},\"inLanguage\":\"fr-FR\",\"potentialAction\":[{\"@type\":\"ReadAction\",\"target\":[\"https:\/\/www.edition-tawhid.com\/staging-site\/produit\/pack-zakat-5-livres\/\"]}]},{\"@type\":\"ImageObject\",\"inLanguage\":\"fr-FR\",\"@id\":\"https:\/\/www.edition-tawhid.com\/staging-site\/produit\/pack-zakat-5-livres\/#primaryimage\",\"url\":\"https:\/\/www.edition-tawhid.com\/staging-site\/wp-content\/uploads\/2024\/02\/pack-zakat-v1.jpg\",\"contentUrl\":\"https:\/\/www.edition-tawhid.com\/staging-site\/wp-content\/uploads\/2024\/02\/pack-zakat-v1.jpg\",\"width\":791,\"height\":1024},{\"@type\":\"BreadcrumbList\",\"@id\":\"https:\/\/www.edition-tawhid.com\/staging-site\/produit\/pack-zakat-5-livres\/#breadcrumb\",\"itemListElement\":[{\"@type\":\"ListItem\",\"position\":1,\"name\":\"Accueil\",\"item\":\"https:\/\/www.edition-tawhid.com\/staging-site\/\"},{\"@type\":\"ListItem\",\"position\":2,\"name\":\"Tous nos livres\",\"item\":\"https:\/\/www.edition-tawhid.com\/staging-site\/tous-nos-livres\/\"},{\"@type\":\"ListItem\",\"position\":3,\"name\":\"Pack Zak\u00e2t (5 livres)\"}]},{\"@type\":\"WebSite\",\"@id\":\"https:\/\/www.edition-tawhid.com\/staging-site\/#website\",\"url\":\"https:\/\/www.edition-tawhid.com\/staging-site\/\",\"name\":\"\u00c9ditions Tawhid\",\"description\":\"Le sp\u00e9cialiste du livre islamique francophone\",\"publisher\":{\"@id\":\"https:\/\/www.edition-tawhid.com\/staging-site\/#organization\"},\"potentialAction\":[{\"@type\":\"SearchAction\",\"target\":{\"@type\":\"EntryPoint\",\"urlTemplate\":\"https:\/\/www.edition-tawhid.com\/staging-site\/?s={search_term_string}\"},\"query-input\":{\"@type\":\"PropertyValueSpecification\",\"valueRequired\":true,\"valueName\":\"search_term_string\"}}],\"inLanguage\":\"fr-FR\"},{\"@type\":\"Organization\",\"@id\":\"https:\/\/www.edition-tawhid.com\/staging-site\/#organization\",\"name\":\"Editions Tawhid\",\"url\":\"https:\/\/www.edition-tawhid.com\/staging-site\/\",\"logo\":{\"@type\":\"ImageObject\",\"inLanguage\":\"fr-FR\",\"@id\":\"https:\/\/www.edition-tawhid.com\/staging-site\/#\/schema\/logo\/image\/\",\"url\":\"https:\/\/www.edition-tawhid.com\/staging-site\/wp-content\/uploads\/2018\/12\/logo_noir_v1-01.png\",\"contentUrl\":\"https:\/\/www.edition-tawhid.com\/staging-site\/wp-content\/uploads\/2018\/12\/logo_noir_v1-01.png\",\"width\":80,\"height\":112,\"caption\":\"Editions Tawhid\"},\"image\":{\"@id\":\"https:\/\/www.edition-tawhid.com\/staging-site\/#\/schema\/logo\/image\/\"},\"sameAs\":[\"https:\/\/www.facebook.com\/editiontawhid\/\"]}]}<\/script>\n<!-- \/ Yoast SEO plugin. -->","yoast_head_json":{"title":"Pack Zak\u00e2t - \u00c9ditions Tawhid","robots":{"index":"noindex","follow":"follow","max-snippet":"max-snippet:-1","max-image-preview":"max-image-preview:large","max-video-preview":"max-video-preview:-1"},"og_locale":"fr_FR","og_type":"article","og_title":"Pack Zak\u00e2t - \u00c9ditions Tawhid","og_description":"Pourquoi donner? En islam, donner de ses biens est consid\u00e9r\u00e9 comme le droit des pauvres, des d\u00e9munis et de la soci\u00e9t\u00e9 sur les biens que Dieu nous a donn\u00e9s: la zak\u00e2t est obligation, et les aum\u00f4nes sadaq\u00e2t sont recommandation et compl\u00e9ment indispensable \u00e0 la premi\u00e8re. Ce geste de donner proc\u00e8de d&rsquo;une spiritualit\u00e9 vivante attach\u00e9e \u00e0 toute \u0153uvre qui donne vie, profondeur \u00e0 toute \u0153uvre, sans laquelle rien ne saurait perdurer ni prendre sens! Voir la&hellip;","og_url":"https:\/\/www.edition-tawhid.com\/staging-site\/produit\/pack-zakat-5-livres\/","og_site_name":"\u00c9ditions Tawhid","article_publisher":"https:\/\/www.facebook.com\/editiontawhid\/","article_modified_time":"2025-02-15T17:01:06+00:00","og_image":[{"width":791,"height":1024,"url":"https:\/\/www.edition-tawhid.com\/staging-site\/wp-content\/uploads\/2024\/02\/pack-zakat-v1.jpg","type":"image\/jpeg"}],"twitter_card":"summary_large_image","twitter_misc":{"Dur\u00e9e de lecture estim\u00e9e":"1 minute"},"schema":{"@context":"https:\/\/schema.org","@graph":[{"@type":"WebPage","@id":"https:\/\/www.edition-tawhid.com\/staging-site\/produit\/pack-zakat-5-livres\/","url":"https:\/\/www.edition-tawhid.com\/staging-site\/produit\/pack-zakat-5-livres\/","name":"Pack Zak\u00e2t - \u00c9ditions Tawhid","isPartOf":{"@id":"https:\/\/www.edition-tawhid.com\/staging-site\/#website"},"primaryImageOfPage":{"@id":"https:\/\/www.edition-tawhid.com\/staging-site\/produit\/pack-zakat-5-livres\/#primaryimage"},"image":{"@id":"https:\/\/www.edition-tawhid.com\/staging-site\/produit\/pack-zakat-5-livres\/#primaryimage"},"thumbnailUrl":"https:\/\/www.edition-tawhid.com\/staging-site\/wp-content\/uploads\/2024\/02\/pack-zakat-v1.jpg","datePublished":"2024-02-02T17:38:00+00:00","dateModified":"2025-02-15T17:01:06+00:00","breadcrumb":{"@id":"https:\/\/www.edition-tawhid.com\/staging-site\/produit\/pack-zakat-5-livres\/#breadcrumb"},"inLanguage":"fr-FR","potentialAction":[{"@type":"ReadAction","target":["https:\/\/www.edition-tawhid.com\/staging-site\/produit\/pack-zakat-5-livres\/"]}]},{"@type":"ImageObject","inLanguage":"fr-FR","@id":"https:\/\/www.edition-tawhid.com\/staging-site\/produit\/pack-zakat-5-livres\/#primaryimage","url":"https:\/\/www.edition-tawhid.com\/staging-site\/wp-content\/uploads\/2024\/02\/pack-zakat-v1.jpg","contentUrl":"https:\/\/www.edition-tawhid.com\/staging-site\/wp-content\/uploads\/2024\/02\/pack-zakat-v1.jpg","width":791,"height":1024},{"@type":"BreadcrumbList","@id":"https:\/\/www.edition-tawhid.com\/staging-site\/produit\/pack-zakat-5-livres\/#breadcrumb","itemListElement":[{"@type":"ListItem","position":1,"name":"Accueil","item":"https:\/\/www.edition-tawhid.com\/staging-site\/"},{"@type":"ListItem","position":2,"name":"Tous nos livres","item":"https:\/\/www.edition-tawhid.com\/staging-site\/tous-nos-livres\/"},{"@type":"ListItem","position":3,"name":"Pack Zak\u00e2t (5 livres)"}]},{"@type":"WebSite","@id":"https:\/\/www.edition-tawhid.com\/staging-site\/#website","url":"https:\/\/www.edition-tawhid.com\/staging-site\/","name":"\u00c9ditions Tawhid","description":"Le sp\u00e9cialiste du livre islamique francophone","publisher":{"@id":"https:\/\/www.edition-tawhid.com\/staging-site\/#organization"},"potentialAction":[{"@type":"SearchAction","target":{"@type":"EntryPoint","urlTemplate":"https:\/\/www.edition-tawhid.com\/staging-site\/?s={search_term_string}"},"query-input":{"@type":"PropertyValueSpecification","valueRequired":true,"valueName":"search_term_string"}}],"inLanguage":"fr-FR"},{"@type":"Organization","@id":"https:\/\/www.edition-tawhid.com\/staging-site\/#organization","name":"Editions Tawhid","url":"https:\/\/www.edition-tawhid.com\/staging-site\/","logo":{"@type":"ImageObject","inLanguage":"fr-FR","@id":"https:\/\/www.edition-tawhid.com\/staging-site\/#\/schema\/logo\/image\/","url":"https:\/\/www.edition-tawhid.com\/staging-site\/wp-content\/uploads\/2018\/12\/logo_noir_v1-01.png","contentUrl":"https:\/\/www.edition-tawhid.com\/staging-site\/wp-content\/uploads\/2018\/12\/logo_noir_v1-01.png","width":80,"height":112,"caption":"Editions Tawhid"},"image":{"@id":"https:\/\/www.edition-tawhid.com\/staging-site\/#\/schema\/logo\/image\/"},"sameAs":["https:\/\/www.facebook.com\/editiontawhid\/"]}]}},"_links":{"self":[{"href":"https:\/\/www.edition-tawhid.com\/staging-site\/wp-json\/wp\/v2\/product\/17399","targetHints":{"allow":["GET"]}}],"collection":[{"href":"https:\/\/www.edition-tawhid.com\/staging-site\/wp-json\/wp\/v2\/product"}],"about":[{"href":"https:\/\/www.edition-tawhid.com\/staging-site\/wp-json\/wp\/v2\/types\/product"}],"replies":[{"embeddable":true,"href":"https:\/\/www.edition-tawhid.com\/staging-site\/wp-json\/wp\/v2\/comments?post=17399"}],"wp:featuredmedia":[{"embeddable":true,"href":"https:\/\/www.edition-tawhid.com\/staging-site\/wp-json\/wp\/v2\/media\/17400"}],"wp:attachment":[{"href":"https:\/\/www.edition-tawhid.com\/staging-site\/wp-json\/wp\/v2\/media?parent=17399"}],"wp:term":[{"taxonomy":"product_brand","embeddable":true,"href":"https:\/\/www.edition-tawhid.com\/staging-site\/wp-json\/wp\/v2\/product_brand?post=17399"},{"taxonomy":"product_cat","embeddable":true,"href":"https:\/\/www.edition-tawhid.com\/staging-site\/wp-json\/wp\/v2\/product_cat?post=17399"},{"taxonomy":"product_tag","embeddable":true,"href":"https:\/\/www.edition-tawhid.com\/staging-site\/wp-json\/wp\/v2\/product_tag?post=17399"}],"curies":[{"name":"wp","href":"https:\/\/api.w.org\/{rel}","templated":true}]}}