{"id":1770,"date":"2013-01-24T21:51:46","date_gmt":"2013-01-24T20:51:46","guid":{"rendered":"https:\/\/www.edition-tawhid.com\/staging-site\/produit\/faux-hadiths-au-sujet-de-la-femme\/"},"modified":"2022-11-28T20:28:23","modified_gmt":"2022-11-28T19:28:23","slug":"faux-hadiths-au-sujet-de-la-femme","status":"publish","type":"product","link":"https:\/\/www.edition-tawhid.com\/staging-site\/produit\/faux-hadiths-au-sujet-de-la-femme\/","title":{"rendered":"Faux hadiths au sujet de la femme"},"content":{"rendered":"<p>Le proph\u00e8te Muhammad aurait dit : \u00ab On ne demande pas \u00e0 un homme pourquoi il a frapp\u00e9 sa femme. \u00bb Ou encore : \u00ab Lorsqu\u2019une femme sort de chez elle alors que son mari le d\u00e9sapprouve, un ange dans le ciel la maudit ainsi que tout ce devant quoi elle passe [\u2026] \u00bb Il aurait \u00e9galement dit : \u00ab La femme n\u2019est que mal, et le pire en elle est qu\u2019elle est indispensable. \u00bb<\/p>\n<p>Bien \u00e9videmment, ces hadiths, ainsi que de nombreux autres, sont de pures inventions forg\u00e9es dans des mentalit\u00e9s machistes, parfois volontairement malintentionn\u00e9es envers l\u2019islam et son devenir.<\/p>\n<p>Alors que les sources authentiques n\u2019ont eu cesse de construire une soci\u00e9t\u00e9 musulmane saine, \u00e9quilibr\u00e9e et \u00e9galitaire, dans laquelle hommes et femmes sont associ\u00e9s \u00e0 tous les niveaux, d\u2019autres desseins ont cherch\u00e9 \u00e0 cr\u00e9er le trouble, \u00e0 partir du second fondement de l\u2019islam qu\u2019est la Sunna du Proph\u00e8te. Malheureusement, ces faux hadiths ont \u00e9t\u00e9 repris dans certains \u00e9crits, provenant parfois m\u00eame de savants connus et reconnus.<\/p>\n<p>Ce livre vient r\u00e9tablir des v\u00e9rit\u00e9s fondamentales, \u00e0 travers un travail de recensement de ces hadiths, et en les d\u00e9cortiquant un \u00e0 un pour prouver leur falsification et pousser \u00e0 relancer le processus de r\u00e9flexion sur un projet familial et social bas\u00e9 sur la justice et l\u2019\u00e9galit\u00e9.<\/p>\n<p>Il vient surtout rappeler le Message essentiel pr\u00f4n\u00e9 par le meilleur des hommes, qui n\u2019a eu cesse de rappeler l\u2019importance, la valeur et la place de la femme, en tant que partenaire d\u2019une vie et partenaire d\u2019une communaut\u00e9.<\/p>\n","protected":false},"excerpt":{"rendered":"<p>Malheureusement, de faux hadiths au sujet de le femme ont \u00e9t\u00e9 repris dans certains \u00e9crits, provenant parfois m\u00eame de savants connus et reconnus. Ce livre vient r\u00e9tablir des v\u00e9rit\u00e9s fondamentales. Cet ouvrage pr\u00e9sente la premi\u00e8re recherche de la Commission d&rsquo;\u00e9tudes et de recherches Forum europ\u00e9en des femmes musulmanes (EFOMW).<\/p>\n","protected":false},"featured_media":12727,"comment_status":"open","ping_status":"closed","template":"","meta":{"_acf_changed":false},"product_brand":[],"product_cat":[2561,2706],"product_tag":[],"class_list":{"0":"post-1770","1":"product","2":"type-product","3":"status-publish","4":"has-post-thumbnail","6":"product_cat-femme","7":"product_cat-hadiths","9":"first","10":"outofstock","11":"taxable","12":"shipping-taxable","13":"purchasable","14":"product-type-simple"},"acf":[],"yoast_head":"<!-- This site is optimized with the Yoast SEO plugin v27.1.1 - https:\/\/yoast.com\/product\/yoast-seo-wordpress\/ -->\n<title>Faux hadiths au sujet de la femme - \u00c9ditions Tawhid<\/title>\n<meta name=\"robots\" content=\"noindex, follow, max-snippet:-1, max-image-preview:large, max-video-preview:-1\" \/>\n<meta property=\"og:locale\" content=\"fr_FR\" \/>\n<meta property=\"og:type\" content=\"article\" \/>\n<meta property=\"og:title\" content=\"Faux hadiths au sujet de la femme - \u00c9ditions Tawhid\" \/>\n<meta property=\"og:description\" content=\"Malheureusement, de faux hadiths au sujet de le femme ont \u00e9t\u00e9 repris dans certains \u00e9crits, provenant parfois m\u00eame de savants connus et reconnus. Ce livre vient r\u00e9tablir des v\u00e9rit\u00e9s fondamentales. Cet ouvrage pr\u00e9sente la premi\u00e8re recherche de la Commission d&#039;\u00e9tudes et de recherches Forum europ\u00e9en des femmes musulmanes (EFOMW).\" \/>\n<meta property=\"og:url\" content=\"https:\/\/www.edition-tawhid.com\/staging-site\/produit\/faux-hadiths-au-sujet-de-la-femme\/\" \/>\n<meta property=\"og:site_name\" content=\"\u00c9ditions Tawhid\" \/>\n<meta property=\"article:publisher\" content=\"https:\/\/www.facebook.com\/editiontawhid\/\" \/>\n<meta property=\"article:modified_time\" content=\"2022-11-28T19:28:23+00:00\" \/>\n<meta property=\"og:image\" content=\"https:\/\/www.edition-tawhid.com\/staging-site\/wp-content\/uploads\/2013\/01\/fauxhadiths_1_NEW.jpg\" \/>\n\t<meta property=\"og:image:width\" content=\"791\" \/>\n\t<meta property=\"og:image:height\" content=\"1024\" \/>\n\t<meta property=\"og:image:type\" content=\"image\/jpeg\" \/>\n<meta name=\"twitter:card\" content=\"summary_large_image\" \/>\n<meta name=\"twitter:label1\" content=\"Dur\u00e9e de lecture estim\u00e9e\" \/>\n\t<meta name=\"twitter:data1\" content=\"1 minute\" \/>\n<script type=\"application\/ld+json\" class=\"yoast-schema-graph\">{\"@context\":\"https:\/\/schema.org\",\"@graph\":[{\"@type\":\"WebPage\",\"@id\":\"https:\/\/www.edition-tawhid.com\/staging-site\/produit\/faux-hadiths-au-sujet-de-la-femme\/\",\"url\":\"https:\/\/www.edition-tawhid.com\/staging-site\/produit\/faux-hadiths-au-sujet-de-la-femme\/\",\"name\":\"Faux hadiths au sujet de la femme - \u00c9ditions Tawhid\",\"isPartOf\":{\"@id\":\"https:\/\/www.edition-tawhid.com\/staging-site\/#website\"},\"primaryImageOfPage\":{\"@id\":\"https:\/\/www.edition-tawhid.com\/staging-site\/produit\/faux-hadiths-au-sujet-de-la-femme\/#primaryimage\"},\"image\":{\"@id\":\"https:\/\/www.edition-tawhid.com\/staging-site\/produit\/faux-hadiths-au-sujet-de-la-femme\/#primaryimage\"},\"thumbnailUrl\":\"https:\/\/www.edition-tawhid.com\/staging-site\/wp-content\/uploads\/2013\/01\/fauxhadiths_1_NEW.jpg\",\"datePublished\":\"2013-01-24T20:51:46+00:00\",\"dateModified\":\"2022-11-28T19:28:23+00:00\",\"breadcrumb\":{\"@id\":\"https:\/\/www.edition-tawhid.com\/staging-site\/produit\/faux-hadiths-au-sujet-de-la-femme\/#breadcrumb\"},\"inLanguage\":\"fr-FR\",\"potentialAction\":[{\"@type\":\"ReadAction\",\"target\":[\"https:\/\/www.edition-tawhid.com\/staging-site\/produit\/faux-hadiths-au-sujet-de-la-femme\/\"]}]},{\"@type\":\"ImageObject\",\"inLanguage\":\"fr-FR\",\"@id\":\"https:\/\/www.edition-tawhid.com\/staging-site\/produit\/faux-hadiths-au-sujet-de-la-femme\/#primaryimage\",\"url\":\"https:\/\/www.edition-tawhid.com\/staging-site\/wp-content\/uploads\/2013\/01\/fauxhadiths_1_NEW.jpg\",\"contentUrl\":\"https:\/\/www.edition-tawhid.com\/staging-site\/wp-content\/uploads\/2013\/01\/fauxhadiths_1_NEW.jpg\",\"width\":791,\"height\":1024},{\"@type\":\"BreadcrumbList\",\"@id\":\"https:\/\/www.edition-tawhid.com\/staging-site\/produit\/faux-hadiths-au-sujet-de-la-femme\/#breadcrumb\",\"itemListElement\":[{\"@type\":\"ListItem\",\"position\":1,\"name\":\"Accueil\",\"item\":\"https:\/\/www.edition-tawhid.com\/staging-site\/\"},{\"@type\":\"ListItem\",\"position\":2,\"name\":\"Tous nos livres\",\"item\":\"https:\/\/www.edition-tawhid.com\/staging-site\/tous-nos-livres\/\"},{\"@type\":\"ListItem\",\"position\":3,\"name\":\"Faux hadiths au sujet de la femme\"}]},{\"@type\":\"WebSite\",\"@id\":\"https:\/\/www.edition-tawhid.com\/staging-site\/#website\",\"url\":\"https:\/\/www.edition-tawhid.com\/staging-site\/\",\"name\":\"\u00c9ditions Tawhid\",\"description\":\"Le sp\u00e9cialiste du livre islamique francophone\",\"publisher\":{\"@id\":\"https:\/\/www.edition-tawhid.com\/staging-site\/#organization\"},\"potentialAction\":[{\"@type\":\"SearchAction\",\"target\":{\"@type\":\"EntryPoint\",\"urlTemplate\":\"https:\/\/www.edition-tawhid.com\/staging-site\/?s={search_term_string}\"},\"query-input\":{\"@type\":\"PropertyValueSpecification\",\"valueRequired\":true,\"valueName\":\"search_term_string\"}}],\"inLanguage\":\"fr-FR\"},{\"@type\":\"Organization\",\"@id\":\"https:\/\/www.edition-tawhid.com\/staging-site\/#organization\",\"name\":\"Editions Tawhid\",\"url\":\"https:\/\/www.edition-tawhid.com\/staging-site\/\",\"logo\":{\"@type\":\"ImageObject\",\"inLanguage\":\"fr-FR\",\"@id\":\"https:\/\/www.edition-tawhid.com\/staging-site\/#\/schema\/logo\/image\/\",\"url\":\"https:\/\/www.edition-tawhid.com\/staging-site\/wp-content\/uploads\/2018\/12\/logo_noir_v1-01.png\",\"contentUrl\":\"https:\/\/www.edition-tawhid.com\/staging-site\/wp-content\/uploads\/2018\/12\/logo_noir_v1-01.png\",\"width\":80,\"height\":112,\"caption\":\"Editions Tawhid\"},\"image\":{\"@id\":\"https:\/\/www.edition-tawhid.com\/staging-site\/#\/schema\/logo\/image\/\"},\"sameAs\":[\"https:\/\/www.facebook.com\/editiontawhid\/\"]}]}<\/script>\n<!-- \/ Yoast SEO plugin. -->","yoast_head_json":{"title":"Faux hadiths au sujet de la femme - \u00c9ditions Tawhid","robots":{"index":"noindex","follow":"follow","max-snippet":"max-snippet:-1","max-image-preview":"max-image-preview:large","max-video-preview":"max-video-preview:-1"},"og_locale":"fr_FR","og_type":"article","og_title":"Faux hadiths au sujet de la femme - \u00c9ditions Tawhid","og_description":"Malheureusement, de faux hadiths au sujet de le femme ont \u00e9t\u00e9 repris dans certains \u00e9crits, provenant parfois m\u00eame de savants connus et reconnus. Ce livre vient r\u00e9tablir des v\u00e9rit\u00e9s fondamentales. Cet ouvrage pr\u00e9sente la premi\u00e8re recherche de la Commission d'\u00e9tudes et de recherches Forum europ\u00e9en des femmes musulmanes (EFOMW).","og_url":"https:\/\/www.edition-tawhid.com\/staging-site\/produit\/faux-hadiths-au-sujet-de-la-femme\/","og_site_name":"\u00c9ditions Tawhid","article_publisher":"https:\/\/www.facebook.com\/editiontawhid\/","article_modified_time":"2022-11-28T19:28:23+00:00","og_image":[{"width":791,"height":1024,"url":"https:\/\/www.edition-tawhid.com\/staging-site\/wp-content\/uploads\/2013\/01\/fauxhadiths_1_NEW.jpg","type":"image\/jpeg"}],"twitter_card":"summary_large_image","twitter_misc":{"Dur\u00e9e de lecture estim\u00e9e":"1 minute"},"schema":{"@context":"https:\/\/schema.org","@graph":[{"@type":"WebPage","@id":"https:\/\/www.edition-tawhid.com\/staging-site\/produit\/faux-hadiths-au-sujet-de-la-femme\/","url":"https:\/\/www.edition-tawhid.com\/staging-site\/produit\/faux-hadiths-au-sujet-de-la-femme\/","name":"Faux hadiths au sujet de la femme - \u00c9ditions Tawhid","isPartOf":{"@id":"https:\/\/www.edition-tawhid.com\/staging-site\/#website"},"primaryImageOfPage":{"@id":"https:\/\/www.edition-tawhid.com\/staging-site\/produit\/faux-hadiths-au-sujet-de-la-femme\/#primaryimage"},"image":{"@id":"https:\/\/www.edition-tawhid.com\/staging-site\/produit\/faux-hadiths-au-sujet-de-la-femme\/#primaryimage"},"thumbnailUrl":"https:\/\/www.edition-tawhid.com\/staging-site\/wp-content\/uploads\/2013\/01\/fauxhadiths_1_NEW.jpg","datePublished":"2013-01-24T20:51:46+00:00","dateModified":"2022-11-28T19:28:23+00:00","breadcrumb":{"@id":"https:\/\/www.edition-tawhid.com\/staging-site\/produit\/faux-hadiths-au-sujet-de-la-femme\/#breadcrumb"},"inLanguage":"fr-FR","potentialAction":[{"@type":"ReadAction","target":["https:\/\/www.edition-tawhid.com\/staging-site\/produit\/faux-hadiths-au-sujet-de-la-femme\/"]}]},{"@type":"ImageObject","inLanguage":"fr-FR","@id":"https:\/\/www.edition-tawhid.com\/staging-site\/produit\/faux-hadiths-au-sujet-de-la-femme\/#primaryimage","url":"https:\/\/www.edition-tawhid.com\/staging-site\/wp-content\/uploads\/2013\/01\/fauxhadiths_1_NEW.jpg","contentUrl":"https:\/\/www.edition-tawhid.com\/staging-site\/wp-content\/uploads\/2013\/01\/fauxhadiths_1_NEW.jpg","width":791,"height":1024},{"@type":"BreadcrumbList","@id":"https:\/\/www.edition-tawhid.com\/staging-site\/produit\/faux-hadiths-au-sujet-de-la-femme\/#breadcrumb","itemListElement":[{"@type":"ListItem","position":1,"name":"Accueil","item":"https:\/\/www.edition-tawhid.com\/staging-site\/"},{"@type":"ListItem","position":2,"name":"Tous nos livres","item":"https:\/\/www.edition-tawhid.com\/staging-site\/tous-nos-livres\/"},{"@type":"ListItem","position":3,"name":"Faux hadiths au sujet de la femme"}]},{"@type":"WebSite","@id":"https:\/\/www.edition-tawhid.com\/staging-site\/#website","url":"https:\/\/www.edition-tawhid.com\/staging-site\/","name":"\u00c9ditions Tawhid","description":"Le sp\u00e9cialiste du livre islamique francophone","publisher":{"@id":"https:\/\/www.edition-tawhid.com\/staging-site\/#organization"},"potentialAction":[{"@type":"SearchAction","target":{"@type":"EntryPoint","urlTemplate":"https:\/\/www.edition-tawhid.com\/staging-site\/?s={search_term_string}"},"query-input":{"@type":"PropertyValueSpecification","valueRequired":true,"valueName":"search_term_string"}}],"inLanguage":"fr-FR"},{"@type":"Organization","@id":"https:\/\/www.edition-tawhid.com\/staging-site\/#organization","name":"Editions Tawhid","url":"https:\/\/www.edition-tawhid.com\/staging-site\/","logo":{"@type":"ImageObject","inLanguage":"fr-FR","@id":"https:\/\/www.edition-tawhid.com\/staging-site\/#\/schema\/logo\/image\/","url":"https:\/\/www.edition-tawhid.com\/staging-site\/wp-content\/uploads\/2018\/12\/logo_noir_v1-01.png","contentUrl":"https:\/\/www.edition-tawhid.com\/staging-site\/wp-content\/uploads\/2018\/12\/logo_noir_v1-01.png","width":80,"height":112,"caption":"Editions Tawhid"},"image":{"@id":"https:\/\/www.edition-tawhid.com\/staging-site\/#\/schema\/logo\/image\/"},"sameAs":["https:\/\/www.facebook.com\/editiontawhid\/"]}]}},"_links":{"self":[{"href":"https:\/\/www.edition-tawhid.com\/staging-site\/wp-json\/wp\/v2\/product\/1770","targetHints":{"allow":["GET"]}}],"collection":[{"href":"https:\/\/www.edition-tawhid.com\/staging-site\/wp-json\/wp\/v2\/product"}],"about":[{"href":"https:\/\/www.edition-tawhid.com\/staging-site\/wp-json\/wp\/v2\/types\/product"}],"replies":[{"embeddable":true,"href":"https:\/\/www.edition-tawhid.com\/staging-site\/wp-json\/wp\/v2\/comments?post=1770"}],"wp:featuredmedia":[{"embeddable":true,"href":"https:\/\/www.edition-tawhid.com\/staging-site\/wp-json\/wp\/v2\/media\/12727"}],"wp:attachment":[{"href":"https:\/\/www.edition-tawhid.com\/staging-site\/wp-json\/wp\/v2\/media?parent=1770"}],"wp:term":[{"taxonomy":"product_brand","embeddable":true,"href":"https:\/\/www.edition-tawhid.com\/staging-site\/wp-json\/wp\/v2\/product_brand?post=1770"},{"taxonomy":"product_cat","embeddable":true,"href":"https:\/\/www.edition-tawhid.com\/staging-site\/wp-json\/wp\/v2\/product_cat?post=1770"},{"taxonomy":"product_tag","embeddable":true,"href":"https:\/\/www.edition-tawhid.com\/staging-site\/wp-json\/wp\/v2\/product_tag?post=1770"}],"curies":[{"name":"wp","href":"https:\/\/api.w.org\/{rel}","templated":true}]}}