{"id":1784,"date":"2015-02-26T18:48:47","date_gmt":"2015-02-26T17:48:47","guid":{"rendered":"https:\/\/www.edition-tawhid.com\/staging-site\/produit\/coran-le-noble-2\/"},"modified":"2025-06-08T16:47:13","modified_gmt":"2025-06-08T14:47:13","slug":"le-noble-coran-prestige","status":"publish","type":"product","link":"https:\/\/www.edition-tawhid.com\/staging-site\/produit\/le-noble-coran-prestige\/","title":{"rendered":"Noble Coran Bilingue<br\/> \u00c9dition limit\u00e9e"},"content":{"rendered":"<p>Cette traduction de Mohamed Chiadmi est l\u2019une des meilleures en langue fran\u00e7aise. Enrichie par 200 pages d\u2019annexes (histoire du Coran, vie du Proph\u00e8te, cartes, glossaire et index), elle s\u2019est impos\u00e9e comme une r\u00e9f\u00e9rence incontournable. Grand Format. Reli\u00e9 \u00e0 la main. Couverture travaill\u00e9e en cuir v\u00e9ritable. Comporte un rabat aimant\u00e9 pour une fermeture parfaite. Existe en 3 coloris. Coffret de m\u00eame facture (1 coloris).<\/p>\n<p><strong>Langues<\/strong>: Arabe\/Fran\u00e7ais.<br \/>\n<strong>Traduction<\/strong>: Mohamed Chiadmi.<br \/>\n<strong>Couverture<\/strong>: Rigide.<br \/>\n<strong>Codes QR<\/strong>: Non inclus.<br \/>\n<strong>Format<\/strong>: 14,5 x 21 cm.<\/p>\n","protected":false},"excerpt":{"rendered":"<p>Edition limit\u00e9e, pour les amateurs de mati\u00e8res nobles&#8230; Reli\u00e9 \u00e0 la main. Couverture travaill\u00e9e en cuir v\u00e9ritable. Comporte un rabat aimant\u00e9 pour une fermeture parfaite. Existe en 3 coloris. Coffret de m\u00eame facture (1 coloris). Le traducteur, Mohamed Chiadmi, a fourni un travail des plus s\u00e9rieux ; le style est raffin\u00e9, la langue, soutenue. C\u2019est aujourd\u2019hui l\u2019une des traductions les plus reconnus dans le monde musulman francophone.<\/p>\n<p>Enrichie par 200 pages d\u2019annexes (histoire du Coran, vie du Proph\u00e8te, cartes, glossaire et index).<\/p>\n<p><strong>Langues<\/strong>: Arabe\/Fran\u00e7ais.<br \/>\n<strong>Traduction<\/strong>: Mohamed Chiadmi.<br \/>\n<strong>Couverture<\/strong>: Rigide.<br \/>\n<strong>Codes QR<\/strong>: Non inclus.<br \/>\n<strong>Format<\/strong>: 14,5 x 21 cm.<\/p>\n","protected":false},"featured_media":12380,"comment_status":"open","ping_status":"closed","template":"","meta":{"_acf_changed":false},"product_brand":[],"product_cat":[2539],"product_tag":[],"class_list":{"0":"post-1784","1":"product","2":"type-product","3":"status-publish","4":"has-post-thumbnail","6":"product_cat-coran","8":"first","9":"outofstock","10":"taxable","11":"shipping-taxable","12":"purchasable","13":"product-type-simple"},"acf":[],"yoast_head":"<!-- This site is optimized with the Yoast SEO plugin v27.1.1 - https:\/\/yoast.com\/product\/yoast-seo-wordpress\/ -->\n<title>Noble Coran Bilingue \u00c9dition limit\u00e9e - \u00c9ditions Tawhid<\/title>\n<meta name=\"description\" content=\"Coran islam musulman r\u00e9f\u00e9rence livre versets enfants Proph\u00e8te\" \/>\n<meta name=\"robots\" content=\"noindex, follow, max-snippet:-1, max-image-preview:large, max-video-preview:-1\" \/>\n<meta property=\"og:locale\" content=\"fr_FR\" \/>\n<meta property=\"og:type\" content=\"article\" \/>\n<meta property=\"og:title\" content=\"Noble Coran Bilingue \u00c9dition limit\u00e9e - \u00c9ditions Tawhid\" \/>\n<meta property=\"og:description\" content=\"Coran islam musulman r\u00e9f\u00e9rence livre versets enfants Proph\u00e8te\" \/>\n<meta property=\"og:url\" content=\"https:\/\/www.edition-tawhid.com\/staging-site\/produit\/le-noble-coran-prestige\/\" \/>\n<meta property=\"og:site_name\" content=\"\u00c9ditions Tawhid\" \/>\n<meta property=\"article:publisher\" content=\"https:\/\/www.facebook.com\/editiontawhid\/\" \/>\n<meta property=\"article:modified_time\" content=\"2025-06-08T14:47:13+00:00\" \/>\n<meta property=\"og:image\" content=\"https:\/\/www.edition-tawhid.com\/staging-site\/wp-content\/uploads\/2015\/02\/NobleCoran_prestige_marronC_1_NEW.jpg\" \/>\n\t<meta property=\"og:image:width\" content=\"791\" \/>\n\t<meta property=\"og:image:height\" content=\"1024\" \/>\n\t<meta property=\"og:image:type\" content=\"image\/jpeg\" \/>\n<meta name=\"twitter:card\" content=\"summary_large_image\" \/>\n<script type=\"application\/ld+json\" class=\"yoast-schema-graph\">{\"@context\":\"https:\/\/schema.org\",\"@graph\":[{\"@type\":\"WebPage\",\"@id\":\"https:\/\/www.edition-tawhid.com\/staging-site\/produit\/le-noble-coran-prestige\/\",\"url\":\"https:\/\/www.edition-tawhid.com\/staging-site\/produit\/le-noble-coran-prestige\/\",\"name\":\"Noble Coran Bilingue \u00c9dition limit\u00e9e - \u00c9ditions Tawhid\",\"isPartOf\":{\"@id\":\"https:\/\/www.edition-tawhid.com\/staging-site\/#website\"},\"primaryImageOfPage\":{\"@id\":\"https:\/\/www.edition-tawhid.com\/staging-site\/produit\/le-noble-coran-prestige\/#primaryimage\"},\"image\":{\"@id\":\"https:\/\/www.edition-tawhid.com\/staging-site\/produit\/le-noble-coran-prestige\/#primaryimage\"},\"thumbnailUrl\":\"https:\/\/www.edition-tawhid.com\/staging-site\/wp-content\/uploads\/2015\/02\/NobleCoran_prestige_marronC_1_NEW.jpg\",\"datePublished\":\"2015-02-26T17:48:47+00:00\",\"dateModified\":\"2025-06-08T14:47:13+00:00\",\"description\":\"Coran islam musulman r\u00e9f\u00e9rence livre versets enfants Proph\u00e8te\",\"breadcrumb\":{\"@id\":\"https:\/\/www.edition-tawhid.com\/staging-site\/produit\/le-noble-coran-prestige\/#breadcrumb\"},\"inLanguage\":\"fr-FR\",\"potentialAction\":[{\"@type\":\"ReadAction\",\"target\":[\"https:\/\/www.edition-tawhid.com\/staging-site\/produit\/le-noble-coran-prestige\/\"]}]},{\"@type\":\"ImageObject\",\"inLanguage\":\"fr-FR\",\"@id\":\"https:\/\/www.edition-tawhid.com\/staging-site\/produit\/le-noble-coran-prestige\/#primaryimage\",\"url\":\"https:\/\/www.edition-tawhid.com\/staging-site\/wp-content\/uploads\/2015\/02\/NobleCoran_prestige_marronC_1_NEW.jpg\",\"contentUrl\":\"https:\/\/www.edition-tawhid.com\/staging-site\/wp-content\/uploads\/2015\/02\/NobleCoran_prestige_marronC_1_NEW.jpg\",\"width\":791,\"height\":1024},{\"@type\":\"BreadcrumbList\",\"@id\":\"https:\/\/www.edition-tawhid.com\/staging-site\/produit\/le-noble-coran-prestige\/#breadcrumb\",\"itemListElement\":[{\"@type\":\"ListItem\",\"position\":1,\"name\":\"Accueil\",\"item\":\"https:\/\/www.edition-tawhid.com\/staging-site\/\"},{\"@type\":\"ListItem\",\"position\":2,\"name\":\"Tous nos livres\",\"item\":\"https:\/\/www.edition-tawhid.com\/staging-site\/tous-nos-livres\/\"},{\"@type\":\"ListItem\",\"position\":3,\"name\":\"Noble Coran Bilingue \u00c9dition limit\u00e9e\"}]},{\"@type\":\"WebSite\",\"@id\":\"https:\/\/www.edition-tawhid.com\/staging-site\/#website\",\"url\":\"https:\/\/www.edition-tawhid.com\/staging-site\/\",\"name\":\"\u00c9ditions Tawhid\",\"description\":\"Le sp\u00e9cialiste du livre islamique francophone\",\"publisher\":{\"@id\":\"https:\/\/www.edition-tawhid.com\/staging-site\/#organization\"},\"potentialAction\":[{\"@type\":\"SearchAction\",\"target\":{\"@type\":\"EntryPoint\",\"urlTemplate\":\"https:\/\/www.edition-tawhid.com\/staging-site\/?s={search_term_string}\"},\"query-input\":{\"@type\":\"PropertyValueSpecification\",\"valueRequired\":true,\"valueName\":\"search_term_string\"}}],\"inLanguage\":\"fr-FR\"},{\"@type\":\"Organization\",\"@id\":\"https:\/\/www.edition-tawhid.com\/staging-site\/#organization\",\"name\":\"Editions Tawhid\",\"url\":\"https:\/\/www.edition-tawhid.com\/staging-site\/\",\"logo\":{\"@type\":\"ImageObject\",\"inLanguage\":\"fr-FR\",\"@id\":\"https:\/\/www.edition-tawhid.com\/staging-site\/#\/schema\/logo\/image\/\",\"url\":\"https:\/\/www.edition-tawhid.com\/staging-site\/wp-content\/uploads\/2018\/12\/logo_noir_v1-01.png\",\"contentUrl\":\"https:\/\/www.edition-tawhid.com\/staging-site\/wp-content\/uploads\/2018\/12\/logo_noir_v1-01.png\",\"width\":80,\"height\":112,\"caption\":\"Editions Tawhid\"},\"image\":{\"@id\":\"https:\/\/www.edition-tawhid.com\/staging-site\/#\/schema\/logo\/image\/\"},\"sameAs\":[\"https:\/\/www.facebook.com\/editiontawhid\/\"]}]}<\/script>\n<!-- \/ Yoast SEO plugin. -->","yoast_head_json":{"title":"Noble Coran Bilingue \u00c9dition limit\u00e9e - \u00c9ditions Tawhid","description":"Coran islam musulman r\u00e9f\u00e9rence livre versets enfants Proph\u00e8te","robots":{"index":"noindex","follow":"follow","max-snippet":"max-snippet:-1","max-image-preview":"max-image-preview:large","max-video-preview":"max-video-preview:-1"},"og_locale":"fr_FR","og_type":"article","og_title":"Noble Coran Bilingue \u00c9dition limit\u00e9e - \u00c9ditions Tawhid","og_description":"Coran islam musulman r\u00e9f\u00e9rence livre versets enfants Proph\u00e8te","og_url":"https:\/\/www.edition-tawhid.com\/staging-site\/produit\/le-noble-coran-prestige\/","og_site_name":"\u00c9ditions Tawhid","article_publisher":"https:\/\/www.facebook.com\/editiontawhid\/","article_modified_time":"2025-06-08T14:47:13+00:00","og_image":[{"width":791,"height":1024,"url":"https:\/\/www.edition-tawhid.com\/staging-site\/wp-content\/uploads\/2015\/02\/NobleCoran_prestige_marronC_1_NEW.jpg","type":"image\/jpeg"}],"twitter_card":"summary_large_image","schema":{"@context":"https:\/\/schema.org","@graph":[{"@type":"WebPage","@id":"https:\/\/www.edition-tawhid.com\/staging-site\/produit\/le-noble-coran-prestige\/","url":"https:\/\/www.edition-tawhid.com\/staging-site\/produit\/le-noble-coran-prestige\/","name":"Noble Coran Bilingue \u00c9dition limit\u00e9e - \u00c9ditions Tawhid","isPartOf":{"@id":"https:\/\/www.edition-tawhid.com\/staging-site\/#website"},"primaryImageOfPage":{"@id":"https:\/\/www.edition-tawhid.com\/staging-site\/produit\/le-noble-coran-prestige\/#primaryimage"},"image":{"@id":"https:\/\/www.edition-tawhid.com\/staging-site\/produit\/le-noble-coran-prestige\/#primaryimage"},"thumbnailUrl":"https:\/\/www.edition-tawhid.com\/staging-site\/wp-content\/uploads\/2015\/02\/NobleCoran_prestige_marronC_1_NEW.jpg","datePublished":"2015-02-26T17:48:47+00:00","dateModified":"2025-06-08T14:47:13+00:00","description":"Coran islam musulman r\u00e9f\u00e9rence livre versets enfants Proph\u00e8te","breadcrumb":{"@id":"https:\/\/www.edition-tawhid.com\/staging-site\/produit\/le-noble-coran-prestige\/#breadcrumb"},"inLanguage":"fr-FR","potentialAction":[{"@type":"ReadAction","target":["https:\/\/www.edition-tawhid.com\/staging-site\/produit\/le-noble-coran-prestige\/"]}]},{"@type":"ImageObject","inLanguage":"fr-FR","@id":"https:\/\/www.edition-tawhid.com\/staging-site\/produit\/le-noble-coran-prestige\/#primaryimage","url":"https:\/\/www.edition-tawhid.com\/staging-site\/wp-content\/uploads\/2015\/02\/NobleCoran_prestige_marronC_1_NEW.jpg","contentUrl":"https:\/\/www.edition-tawhid.com\/staging-site\/wp-content\/uploads\/2015\/02\/NobleCoran_prestige_marronC_1_NEW.jpg","width":791,"height":1024},{"@type":"BreadcrumbList","@id":"https:\/\/www.edition-tawhid.com\/staging-site\/produit\/le-noble-coran-prestige\/#breadcrumb","itemListElement":[{"@type":"ListItem","position":1,"name":"Accueil","item":"https:\/\/www.edition-tawhid.com\/staging-site\/"},{"@type":"ListItem","position":2,"name":"Tous nos livres","item":"https:\/\/www.edition-tawhid.com\/staging-site\/tous-nos-livres\/"},{"@type":"ListItem","position":3,"name":"Noble Coran Bilingue \u00c9dition limit\u00e9e"}]},{"@type":"WebSite","@id":"https:\/\/www.edition-tawhid.com\/staging-site\/#website","url":"https:\/\/www.edition-tawhid.com\/staging-site\/","name":"\u00c9ditions Tawhid","description":"Le sp\u00e9cialiste du livre islamique francophone","publisher":{"@id":"https:\/\/www.edition-tawhid.com\/staging-site\/#organization"},"potentialAction":[{"@type":"SearchAction","target":{"@type":"EntryPoint","urlTemplate":"https:\/\/www.edition-tawhid.com\/staging-site\/?s={search_term_string}"},"query-input":{"@type":"PropertyValueSpecification","valueRequired":true,"valueName":"search_term_string"}}],"inLanguage":"fr-FR"},{"@type":"Organization","@id":"https:\/\/www.edition-tawhid.com\/staging-site\/#organization","name":"Editions Tawhid","url":"https:\/\/www.edition-tawhid.com\/staging-site\/","logo":{"@type":"ImageObject","inLanguage":"fr-FR","@id":"https:\/\/www.edition-tawhid.com\/staging-site\/#\/schema\/logo\/image\/","url":"https:\/\/www.edition-tawhid.com\/staging-site\/wp-content\/uploads\/2018\/12\/logo_noir_v1-01.png","contentUrl":"https:\/\/www.edition-tawhid.com\/staging-site\/wp-content\/uploads\/2018\/12\/logo_noir_v1-01.png","width":80,"height":112,"caption":"Editions Tawhid"},"image":{"@id":"https:\/\/www.edition-tawhid.com\/staging-site\/#\/schema\/logo\/image\/"},"sameAs":["https:\/\/www.facebook.com\/editiontawhid\/"]}]}},"_links":{"self":[{"href":"https:\/\/www.edition-tawhid.com\/staging-site\/wp-json\/wp\/v2\/product\/1784","targetHints":{"allow":["GET"]}}],"collection":[{"href":"https:\/\/www.edition-tawhid.com\/staging-site\/wp-json\/wp\/v2\/product"}],"about":[{"href":"https:\/\/www.edition-tawhid.com\/staging-site\/wp-json\/wp\/v2\/types\/product"}],"replies":[{"embeddable":true,"href":"https:\/\/www.edition-tawhid.com\/staging-site\/wp-json\/wp\/v2\/comments?post=1784"}],"wp:featuredmedia":[{"embeddable":true,"href":"https:\/\/www.edition-tawhid.com\/staging-site\/wp-json\/wp\/v2\/media\/12380"}],"wp:attachment":[{"href":"https:\/\/www.edition-tawhid.com\/staging-site\/wp-json\/wp\/v2\/media?parent=1784"}],"wp:term":[{"taxonomy":"product_brand","embeddable":true,"href":"https:\/\/www.edition-tawhid.com\/staging-site\/wp-json\/wp\/v2\/product_brand?post=1784"},{"taxonomy":"product_cat","embeddable":true,"href":"https:\/\/www.edition-tawhid.com\/staging-site\/wp-json\/wp\/v2\/product_cat?post=1784"},{"taxonomy":"product_tag","embeddable":true,"href":"https:\/\/www.edition-tawhid.com\/staging-site\/wp-json\/wp\/v2\/product_tag?post=1784"}],"curies":[{"name":"wp","href":"https:\/\/api.w.org\/{rel}","templated":true}]}}