{"id":1789,"date":"2015-04-08T16:17:10","date_gmt":"2015-04-08T14:17:10","guid":{"rendered":"https:\/\/www.edition-tawhid.com\/staging-site\/produit\/origines-et-debuts-du-tabligh\/"},"modified":"2023-07-17T08:18:16","modified_gmt":"2023-07-17T06:18:16","slug":"origines-et-debuts-du-tabligh","status":"publish","type":"product","link":"https:\/\/www.edition-tawhid.com\/staging-site\/produit\/origines-et-debuts-du-tabligh\/","title":{"rendered":"Origines et d\u00e9buts du Tabligh"},"content":{"rendered":"<p>Le mouvement de pr\u00e9dication connu sous le nom de Tabligh a connu depuis plusieurs d\u00e9cennies un essor impressionnant en Europe. Si ce mouvement suscite une curiosit\u00e9 r\u00e9elle, il est pourtant m\u00e9connu, tant sur le plan de ses origines et de son histoire que sur sa pens\u00e9e. Pourtant, c\u2019est bien dans son histoire qu\u2019il faut puiser pour tenter de comprendre quelle est l\u2019id\u00e9ologie de la Jamaat Tabligh, afin de permettre \u00e0 chacun de se faire une id\u00e9e plus juste et plus objective de ce mouvement. Revenir aux sources nous donne l\u2019occasion de comprendre \u00e0 quelle mouvance appartient la Tablighi Jamaat, pour quelles raisons et dans quel contexte elle est n\u00e9e, quelle est sa m\u00e9thode et dans quelle vision de la religion musulmane elle s\u2019inscrit. Le but \u00e9tant d\u2019aller au-del\u00e0 des fantasmes que le mouvement Tabligh a longtemps suscit\u00e9s.<\/p>\n","protected":false},"excerpt":{"rendered":"<p>Le mouvement de pr\u00e9dication connu sous le nom de Tabligh connait depuis plusieurs d\u00e9cennies un essor impressionnant en Europe. Si ce mouvement suscite une curiosit\u00e9 r\u00e9elle, il est pourtant m\u00e9connu. Pourtant, c&rsquo;est bien dans son histoire qu&rsquo;il faut puiser pour tenter de comprendre quelle est l&rsquo;id\u00e9ologie de la Jamaat Tabligh, afin de se faire une id\u00e9e plus juste et objective de ce mouvement.<\/p>\n","protected":false},"featured_media":12894,"comment_status":"open","ping_status":"closed","template":"","meta":{"_acf_changed":false},"product_brand":[],"product_cat":[2480],"product_tag":[],"class_list":{"0":"post-1789","1":"product","2":"type-product","3":"status-publish","4":"has-post-thumbnail","6":"product_cat-pensee","7":"pa_book-author-pierre-henry-genet","9":"first","10":"instock","11":"taxable","12":"shipping-taxable","13":"purchasable","14":"product-type-simple"},"acf":[],"yoast_head":"<!-- This site is optimized with the Yoast SEO plugin v27.1.1 - https:\/\/yoast.com\/product\/yoast-seo-wordpress\/ -->\n<title>Origines et d\u00e9buts du Tabligh - \u00c9ditions Tawhid<\/title>\n<meta name=\"robots\" content=\"noindex, follow, max-snippet:-1, max-image-preview:large, max-video-preview:-1\" \/>\n<meta property=\"og:locale\" content=\"fr_FR\" \/>\n<meta property=\"og:type\" content=\"article\" \/>\n<meta property=\"og:title\" content=\"Origines et d\u00e9buts du Tabligh - \u00c9ditions Tawhid\" \/>\n<meta property=\"og:description\" content=\"Le mouvement de pr\u00e9dication connu sous le nom de Tabligh connait depuis plusieurs d\u00e9cennies un essor impressionnant en Europe. Si ce mouvement suscite une curiosit\u00e9 r\u00e9elle, il est pourtant m\u00e9connu. Pourtant, c&#039;est bien dans son histoire qu&#039;il faut puiser pour tenter de comprendre quelle est l&#039;id\u00e9ologie de la Jamaat Tabligh, afin de se faire une id\u00e9e plus juste et objective de ce mouvement.\" \/>\n<meta property=\"og:url\" content=\"https:\/\/www.edition-tawhid.com\/staging-site\/produit\/origines-et-debuts-du-tabligh\/\" \/>\n<meta property=\"og:site_name\" content=\"\u00c9ditions Tawhid\" \/>\n<meta property=\"article:publisher\" content=\"https:\/\/www.facebook.com\/editiontawhid\/\" \/>\n<meta property=\"article:modified_time\" content=\"2023-07-17T06:18:16+00:00\" \/>\n<meta property=\"og:image\" content=\"https:\/\/www.edition-tawhid.com\/staging-site\/wp-content\/uploads\/2015\/04\/tabligh_3_NEW.jpg\" \/>\n\t<meta property=\"og:image:width\" content=\"791\" \/>\n\t<meta property=\"og:image:height\" content=\"1024\" \/>\n\t<meta property=\"og:image:type\" content=\"image\/jpeg\" \/>\n<meta name=\"twitter:card\" content=\"summary_large_image\" \/>\n<meta name=\"twitter:label1\" content=\"Dur\u00e9e de lecture estim\u00e9e\" \/>\n\t<meta name=\"twitter:data1\" content=\"1 minute\" \/>\n<script type=\"application\/ld+json\" class=\"yoast-schema-graph\">{\"@context\":\"https:\/\/schema.org\",\"@graph\":[{\"@type\":\"WebPage\",\"@id\":\"https:\/\/www.edition-tawhid.com\/staging-site\/produit\/origines-et-debuts-du-tabligh\/\",\"url\":\"https:\/\/www.edition-tawhid.com\/staging-site\/produit\/origines-et-debuts-du-tabligh\/\",\"name\":\"Origines et d\u00e9buts du Tabligh - \u00c9ditions Tawhid\",\"isPartOf\":{\"@id\":\"https:\/\/www.edition-tawhid.com\/staging-site\/#website\"},\"primaryImageOfPage\":{\"@id\":\"https:\/\/www.edition-tawhid.com\/staging-site\/produit\/origines-et-debuts-du-tabligh\/#primaryimage\"},\"image\":{\"@id\":\"https:\/\/www.edition-tawhid.com\/staging-site\/produit\/origines-et-debuts-du-tabligh\/#primaryimage\"},\"thumbnailUrl\":\"https:\/\/www.edition-tawhid.com\/staging-site\/wp-content\/uploads\/2015\/04\/tabligh_3_NEW.jpg\",\"datePublished\":\"2015-04-08T14:17:10+00:00\",\"dateModified\":\"2023-07-17T06:18:16+00:00\",\"breadcrumb\":{\"@id\":\"https:\/\/www.edition-tawhid.com\/staging-site\/produit\/origines-et-debuts-du-tabligh\/#breadcrumb\"},\"inLanguage\":\"fr-FR\",\"potentialAction\":[{\"@type\":\"ReadAction\",\"target\":[\"https:\/\/www.edition-tawhid.com\/staging-site\/produit\/origines-et-debuts-du-tabligh\/\"]}]},{\"@type\":\"ImageObject\",\"inLanguage\":\"fr-FR\",\"@id\":\"https:\/\/www.edition-tawhid.com\/staging-site\/produit\/origines-et-debuts-du-tabligh\/#primaryimage\",\"url\":\"https:\/\/www.edition-tawhid.com\/staging-site\/wp-content\/uploads\/2015\/04\/tabligh_3_NEW.jpg\",\"contentUrl\":\"https:\/\/www.edition-tawhid.com\/staging-site\/wp-content\/uploads\/2015\/04\/tabligh_3_NEW.jpg\",\"width\":791,\"height\":1024},{\"@type\":\"BreadcrumbList\",\"@id\":\"https:\/\/www.edition-tawhid.com\/staging-site\/produit\/origines-et-debuts-du-tabligh\/#breadcrumb\",\"itemListElement\":[{\"@type\":\"ListItem\",\"position\":1,\"name\":\"Accueil\",\"item\":\"https:\/\/www.edition-tawhid.com\/staging-site\/\"},{\"@type\":\"ListItem\",\"position\":2,\"name\":\"Tous nos livres\",\"item\":\"https:\/\/www.edition-tawhid.com\/staging-site\/tous-nos-livres\/\"},{\"@type\":\"ListItem\",\"position\":3,\"name\":\"Origines et d\u00e9buts du Tabligh\"}]},{\"@type\":\"WebSite\",\"@id\":\"https:\/\/www.edition-tawhid.com\/staging-site\/#website\",\"url\":\"https:\/\/www.edition-tawhid.com\/staging-site\/\",\"name\":\"\u00c9ditions Tawhid\",\"description\":\"Le sp\u00e9cialiste du livre islamique francophone\",\"publisher\":{\"@id\":\"https:\/\/www.edition-tawhid.com\/staging-site\/#organization\"},\"potentialAction\":[{\"@type\":\"SearchAction\",\"target\":{\"@type\":\"EntryPoint\",\"urlTemplate\":\"https:\/\/www.edition-tawhid.com\/staging-site\/?s={search_term_string}\"},\"query-input\":{\"@type\":\"PropertyValueSpecification\",\"valueRequired\":true,\"valueName\":\"search_term_string\"}}],\"inLanguage\":\"fr-FR\"},{\"@type\":\"Organization\",\"@id\":\"https:\/\/www.edition-tawhid.com\/staging-site\/#organization\",\"name\":\"Editions Tawhid\",\"url\":\"https:\/\/www.edition-tawhid.com\/staging-site\/\",\"logo\":{\"@type\":\"ImageObject\",\"inLanguage\":\"fr-FR\",\"@id\":\"https:\/\/www.edition-tawhid.com\/staging-site\/#\/schema\/logo\/image\/\",\"url\":\"https:\/\/www.edition-tawhid.com\/staging-site\/wp-content\/uploads\/2018\/12\/logo_noir_v1-01.png\",\"contentUrl\":\"https:\/\/www.edition-tawhid.com\/staging-site\/wp-content\/uploads\/2018\/12\/logo_noir_v1-01.png\",\"width\":80,\"height\":112,\"caption\":\"Editions Tawhid\"},\"image\":{\"@id\":\"https:\/\/www.edition-tawhid.com\/staging-site\/#\/schema\/logo\/image\/\"},\"sameAs\":[\"https:\/\/www.facebook.com\/editiontawhid\/\"]}]}<\/script>\n<!-- \/ Yoast SEO plugin. -->","yoast_head_json":{"title":"Origines et d\u00e9buts du Tabligh - \u00c9ditions Tawhid","robots":{"index":"noindex","follow":"follow","max-snippet":"max-snippet:-1","max-image-preview":"max-image-preview:large","max-video-preview":"max-video-preview:-1"},"og_locale":"fr_FR","og_type":"article","og_title":"Origines et d\u00e9buts du Tabligh - \u00c9ditions Tawhid","og_description":"Le mouvement de pr\u00e9dication connu sous le nom de Tabligh connait depuis plusieurs d\u00e9cennies un essor impressionnant en Europe. Si ce mouvement suscite une curiosit\u00e9 r\u00e9elle, il est pourtant m\u00e9connu. Pourtant, c'est bien dans son histoire qu'il faut puiser pour tenter de comprendre quelle est l'id\u00e9ologie de la Jamaat Tabligh, afin de se faire une id\u00e9e plus juste et objective de ce mouvement.","og_url":"https:\/\/www.edition-tawhid.com\/staging-site\/produit\/origines-et-debuts-du-tabligh\/","og_site_name":"\u00c9ditions Tawhid","article_publisher":"https:\/\/www.facebook.com\/editiontawhid\/","article_modified_time":"2023-07-17T06:18:16+00:00","og_image":[{"width":791,"height":1024,"url":"https:\/\/www.edition-tawhid.com\/staging-site\/wp-content\/uploads\/2015\/04\/tabligh_3_NEW.jpg","type":"image\/jpeg"}],"twitter_card":"summary_large_image","twitter_misc":{"Dur\u00e9e de lecture estim\u00e9e":"1 minute"},"schema":{"@context":"https:\/\/schema.org","@graph":[{"@type":"WebPage","@id":"https:\/\/www.edition-tawhid.com\/staging-site\/produit\/origines-et-debuts-du-tabligh\/","url":"https:\/\/www.edition-tawhid.com\/staging-site\/produit\/origines-et-debuts-du-tabligh\/","name":"Origines et d\u00e9buts du Tabligh - \u00c9ditions Tawhid","isPartOf":{"@id":"https:\/\/www.edition-tawhid.com\/staging-site\/#website"},"primaryImageOfPage":{"@id":"https:\/\/www.edition-tawhid.com\/staging-site\/produit\/origines-et-debuts-du-tabligh\/#primaryimage"},"image":{"@id":"https:\/\/www.edition-tawhid.com\/staging-site\/produit\/origines-et-debuts-du-tabligh\/#primaryimage"},"thumbnailUrl":"https:\/\/www.edition-tawhid.com\/staging-site\/wp-content\/uploads\/2015\/04\/tabligh_3_NEW.jpg","datePublished":"2015-04-08T14:17:10+00:00","dateModified":"2023-07-17T06:18:16+00:00","breadcrumb":{"@id":"https:\/\/www.edition-tawhid.com\/staging-site\/produit\/origines-et-debuts-du-tabligh\/#breadcrumb"},"inLanguage":"fr-FR","potentialAction":[{"@type":"ReadAction","target":["https:\/\/www.edition-tawhid.com\/staging-site\/produit\/origines-et-debuts-du-tabligh\/"]}]},{"@type":"ImageObject","inLanguage":"fr-FR","@id":"https:\/\/www.edition-tawhid.com\/staging-site\/produit\/origines-et-debuts-du-tabligh\/#primaryimage","url":"https:\/\/www.edition-tawhid.com\/staging-site\/wp-content\/uploads\/2015\/04\/tabligh_3_NEW.jpg","contentUrl":"https:\/\/www.edition-tawhid.com\/staging-site\/wp-content\/uploads\/2015\/04\/tabligh_3_NEW.jpg","width":791,"height":1024},{"@type":"BreadcrumbList","@id":"https:\/\/www.edition-tawhid.com\/staging-site\/produit\/origines-et-debuts-du-tabligh\/#breadcrumb","itemListElement":[{"@type":"ListItem","position":1,"name":"Accueil","item":"https:\/\/www.edition-tawhid.com\/staging-site\/"},{"@type":"ListItem","position":2,"name":"Tous nos livres","item":"https:\/\/www.edition-tawhid.com\/staging-site\/tous-nos-livres\/"},{"@type":"ListItem","position":3,"name":"Origines et d\u00e9buts du Tabligh"}]},{"@type":"WebSite","@id":"https:\/\/www.edition-tawhid.com\/staging-site\/#website","url":"https:\/\/www.edition-tawhid.com\/staging-site\/","name":"\u00c9ditions Tawhid","description":"Le sp\u00e9cialiste du livre islamique francophone","publisher":{"@id":"https:\/\/www.edition-tawhid.com\/staging-site\/#organization"},"potentialAction":[{"@type":"SearchAction","target":{"@type":"EntryPoint","urlTemplate":"https:\/\/www.edition-tawhid.com\/staging-site\/?s={search_term_string}"},"query-input":{"@type":"PropertyValueSpecification","valueRequired":true,"valueName":"search_term_string"}}],"inLanguage":"fr-FR"},{"@type":"Organization","@id":"https:\/\/www.edition-tawhid.com\/staging-site\/#organization","name":"Editions Tawhid","url":"https:\/\/www.edition-tawhid.com\/staging-site\/","logo":{"@type":"ImageObject","inLanguage":"fr-FR","@id":"https:\/\/www.edition-tawhid.com\/staging-site\/#\/schema\/logo\/image\/","url":"https:\/\/www.edition-tawhid.com\/staging-site\/wp-content\/uploads\/2018\/12\/logo_noir_v1-01.png","contentUrl":"https:\/\/www.edition-tawhid.com\/staging-site\/wp-content\/uploads\/2018\/12\/logo_noir_v1-01.png","width":80,"height":112,"caption":"Editions Tawhid"},"image":{"@id":"https:\/\/www.edition-tawhid.com\/staging-site\/#\/schema\/logo\/image\/"},"sameAs":["https:\/\/www.facebook.com\/editiontawhid\/"]}]}},"_links":{"self":[{"href":"https:\/\/www.edition-tawhid.com\/staging-site\/wp-json\/wp\/v2\/product\/1789","targetHints":{"allow":["GET"]}}],"collection":[{"href":"https:\/\/www.edition-tawhid.com\/staging-site\/wp-json\/wp\/v2\/product"}],"about":[{"href":"https:\/\/www.edition-tawhid.com\/staging-site\/wp-json\/wp\/v2\/types\/product"}],"replies":[{"embeddable":true,"href":"https:\/\/www.edition-tawhid.com\/staging-site\/wp-json\/wp\/v2\/comments?post=1789"}],"wp:featuredmedia":[{"embeddable":true,"href":"https:\/\/www.edition-tawhid.com\/staging-site\/wp-json\/wp\/v2\/media\/12894"}],"wp:attachment":[{"href":"https:\/\/www.edition-tawhid.com\/staging-site\/wp-json\/wp\/v2\/media?parent=1789"}],"wp:term":[{"taxonomy":"product_brand","embeddable":true,"href":"https:\/\/www.edition-tawhid.com\/staging-site\/wp-json\/wp\/v2\/product_brand?post=1789"},{"taxonomy":"product_cat","embeddable":true,"href":"https:\/\/www.edition-tawhid.com\/staging-site\/wp-json\/wp\/v2\/product_cat?post=1789"},{"taxonomy":"product_tag","embeddable":true,"href":"https:\/\/www.edition-tawhid.com\/staging-site\/wp-json\/wp\/v2\/product_tag?post=1789"}],"curies":[{"name":"wp","href":"https:\/\/api.w.org\/{rel}","templated":true}]}}