{"id":1820,"date":"2015-09-18T17:11:09","date_gmt":"2015-09-18T15:11:09","guid":{"rendered":"https:\/\/www.edition-tawhid.com\/staging-site\/produit\/30-histoires-de-la-tradition-musulmane-avec-illustration\/"},"modified":"2023-11-07T20:51:54","modified_gmt":"2023-11-07T19:51:54","slug":"ces-heros-de-l-islam","status":"publish","type":"product","link":"https:\/\/www.edition-tawhid.com\/staging-site\/produit\/ces-heros-de-l-islam\/","title":{"rendered":"Ces h\u00e9ros de l&rsquo;islam"},"content":{"rendered":"<p>Qui n\u2019a pas senti son c\u0153ur battre plus rapidement, qui n\u2019a pas vu sa peau fr\u00e9mir en entendant certaines histoires issues du Coran et de la Sunna de notre noble Proph\u00e8te (sws)\u00a0? Pourtant il existe d\u2019autres r\u00e9cits, moins connus, suivant les premiers si\u00e8cles de l\u2019islam\u00a0; des r\u00e9cits o\u00f9 des femmes et des hommes se soit illustr\u00e9s par leur foi profonde, par les \u00e9preuves qu\u2019ils ont travers\u00e9es, par la vie exceptionnelle qu\u2019ils ont v\u00e9cue.<\/p>\n<p>Ces <em>h\u00e9ros de l\u2019islam<\/em> vient conter, \u00e0 proprement parler, certaines de ces histoires. Cet ouvrage raconte des histoires merveilleuses en insistant sur le caract\u00e8re profond\u00e9ment humain des h\u00e9ros et h\u00e9ro\u00efnes, en mettant en \u00e9vidence le d\u00e9chirement, la souffrance, la tristesse, mais aussi l\u2019espoir, la conviction et la force qui les ont anim\u00e9s.<\/p>\n<p>Au fil des pages, le lecteur se retrouvera dans ces histoires. Il verra combien l\u2019homme passe par des p\u00e9riodes de certitudes, d\u2019autres de doutes. Mais il comprendra surtout que l\u2019important est de continuer d\u2019\u0153uvrer, de voir que jamais nous ne sommes seuls, que d\u2019autres ont v\u00e9cu, vivent et vivront ce que nous vivons. Oui, l\u2019homme est ainsi fait\u00a0: il oscille entre le doute et la certitude, entre la force et la faiblesse, entre l\u2019espoir et la crainte. Mais atteindre la lumi\u00e8re est au prix de cet effort, inlassablement\u2026 Ces h\u00e9ros de l\u2019islam sont l\u00e0 pour le rappeler.<\/p>\n","protected":false},"excerpt":{"rendered":"<p><em>Ces h\u00e9ros de l\u2019islam<\/em> vient conter, \u00e0 proprement parler, certaines de ces histoires issues du Coran et de la Sunna de notre noble Proph\u00e8te (sws). Pourtant il existe d\u2019autres r\u00e9cits, moins connus, suivant les premiers si\u00e8cles de l\u2019islam ; des r\u00e9cits o\u00f9 des femmes et des hommes se soit illustr\u00e9s par leur foi profonde, par les \u00e9preuves qu\u2019ils ont travers\u00e9es, par la vie exceptionnelle qu\u2019ils ont v\u00e9cue.<\/p>\n","protected":false},"featured_media":12428,"comment_status":"open","ping_status":"closed","template":"","meta":{"_acf_changed":false},"product_brand":[],"product_cat":[2579,2524],"product_tag":[],"class_list":{"0":"post-1820","1":"product","2":"type-product","3":"status-publish","4":"has-post-thumbnail","6":"product_cat-biographies","7":"product_cat-spiritualite","8":"pa_book-author-siham-andalouci","10":"first","11":"instock","12":"taxable","13":"shipping-taxable","14":"purchasable","15":"product-type-variable","16":"has-default-attributes","17":"wvs-archive-product-wrapper"},"acf":[],"yoast_head":"<!-- This site is optimized with the Yoast SEO plugin v27.1.1 - https:\/\/yoast.com\/product\/yoast-seo-wordpress\/ -->\n<title>Ces h\u00e9ros de l&#039;islam - \u00c9ditions Tawhid<\/title>\n<meta name=\"robots\" content=\"noindex, follow, max-snippet:-1, max-image-preview:large, max-video-preview:-1\" \/>\n<meta property=\"og:locale\" content=\"fr_FR\" \/>\n<meta property=\"og:type\" content=\"article\" \/>\n<meta property=\"og:title\" content=\"Ces h\u00e9ros de l&#039;islam - \u00c9ditions Tawhid\" \/>\n<meta property=\"og:description\" content=\"Ces h\u00e9ros de l\u2019islam vient conter, \u00e0 proprement parler, certaines de ces histoires issues du Coran et de la Sunna de notre noble Proph\u00e8te (sws). Pourtant il existe d\u2019autres r\u00e9cits, moins connus, suivant les premiers si\u00e8cles de l\u2019islam ; des r\u00e9cits o\u00f9 des femmes et des hommes se soit illustr\u00e9s par leur foi profonde, par les \u00e9preuves qu\u2019ils ont travers\u00e9es, par la vie exceptionnelle qu\u2019ils ont v\u00e9cue.\" \/>\n<meta property=\"og:url\" content=\"https:\/\/www.edition-tawhid.com\/staging-site\/produit\/ces-heros-de-l-islam\/\" \/>\n<meta property=\"og:site_name\" content=\"\u00c9ditions Tawhid\" \/>\n<meta property=\"article:publisher\" content=\"https:\/\/www.facebook.com\/editiontawhid\/\" \/>\n<meta property=\"article:modified_time\" content=\"2023-11-07T19:51:54+00:00\" \/>\n<meta property=\"og:image\" content=\"https:\/\/www.edition-tawhid.com\/staging-site\/wp-content\/uploads\/2015\/09\/heros_islam_1_NEW.jpg\" \/>\n\t<meta property=\"og:image:width\" content=\"791\" \/>\n\t<meta property=\"og:image:height\" content=\"1024\" \/>\n\t<meta property=\"og:image:type\" content=\"image\/jpeg\" \/>\n<meta name=\"twitter:card\" content=\"summary_large_image\" \/>\n<meta name=\"twitter:label1\" content=\"Dur\u00e9e de lecture estim\u00e9e\" \/>\n\t<meta name=\"twitter:data1\" content=\"1 minute\" \/>\n<script type=\"application\/ld+json\" class=\"yoast-schema-graph\">{\"@context\":\"https:\/\/schema.org\",\"@graph\":[{\"@type\":\"WebPage\",\"@id\":\"https:\/\/www.edition-tawhid.com\/staging-site\/produit\/ces-heros-de-l-islam\/\",\"url\":\"https:\/\/www.edition-tawhid.com\/staging-site\/produit\/ces-heros-de-l-islam\/\",\"name\":\"Ces h\u00e9ros de l'islam - \u00c9ditions Tawhid\",\"isPartOf\":{\"@id\":\"https:\/\/www.edition-tawhid.com\/staging-site\/#website\"},\"primaryImageOfPage\":{\"@id\":\"https:\/\/www.edition-tawhid.com\/staging-site\/produit\/ces-heros-de-l-islam\/#primaryimage\"},\"image\":{\"@id\":\"https:\/\/www.edition-tawhid.com\/staging-site\/produit\/ces-heros-de-l-islam\/#primaryimage\"},\"thumbnailUrl\":\"https:\/\/www.edition-tawhid.com\/staging-site\/wp-content\/uploads\/2015\/09\/heros_islam_1_NEW.jpg\",\"datePublished\":\"2015-09-18T15:11:09+00:00\",\"dateModified\":\"2023-11-07T19:51:54+00:00\",\"breadcrumb\":{\"@id\":\"https:\/\/www.edition-tawhid.com\/staging-site\/produit\/ces-heros-de-l-islam\/#breadcrumb\"},\"inLanguage\":\"fr-FR\",\"potentialAction\":[{\"@type\":\"ReadAction\",\"target\":[\"https:\/\/www.edition-tawhid.com\/staging-site\/produit\/ces-heros-de-l-islam\/\"]}]},{\"@type\":\"ImageObject\",\"inLanguage\":\"fr-FR\",\"@id\":\"https:\/\/www.edition-tawhid.com\/staging-site\/produit\/ces-heros-de-l-islam\/#primaryimage\",\"url\":\"https:\/\/www.edition-tawhid.com\/staging-site\/wp-content\/uploads\/2015\/09\/heros_islam_1_NEW.jpg\",\"contentUrl\":\"https:\/\/www.edition-tawhid.com\/staging-site\/wp-content\/uploads\/2015\/09\/heros_islam_1_NEW.jpg\",\"width\":791,\"height\":1024},{\"@type\":\"BreadcrumbList\",\"@id\":\"https:\/\/www.edition-tawhid.com\/staging-site\/produit\/ces-heros-de-l-islam\/#breadcrumb\",\"itemListElement\":[{\"@type\":\"ListItem\",\"position\":1,\"name\":\"Accueil\",\"item\":\"https:\/\/www.edition-tawhid.com\/staging-site\/\"},{\"@type\":\"ListItem\",\"position\":2,\"name\":\"Tous nos livres\",\"item\":\"https:\/\/www.edition-tawhid.com\/staging-site\/tous-nos-livres\/\"},{\"@type\":\"ListItem\",\"position\":3,\"name\":\"Ces h\u00e9ros de l&#8217;islam\"}]},{\"@type\":\"WebSite\",\"@id\":\"https:\/\/www.edition-tawhid.com\/staging-site\/#website\",\"url\":\"https:\/\/www.edition-tawhid.com\/staging-site\/\",\"name\":\"\u00c9ditions Tawhid\",\"description\":\"Le sp\u00e9cialiste du livre islamique francophone\",\"publisher\":{\"@id\":\"https:\/\/www.edition-tawhid.com\/staging-site\/#organization\"},\"potentialAction\":[{\"@type\":\"SearchAction\",\"target\":{\"@type\":\"EntryPoint\",\"urlTemplate\":\"https:\/\/www.edition-tawhid.com\/staging-site\/?s={search_term_string}\"},\"query-input\":{\"@type\":\"PropertyValueSpecification\",\"valueRequired\":true,\"valueName\":\"search_term_string\"}}],\"inLanguage\":\"fr-FR\"},{\"@type\":\"Organization\",\"@id\":\"https:\/\/www.edition-tawhid.com\/staging-site\/#organization\",\"name\":\"Editions Tawhid\",\"url\":\"https:\/\/www.edition-tawhid.com\/staging-site\/\",\"logo\":{\"@type\":\"ImageObject\",\"inLanguage\":\"fr-FR\",\"@id\":\"https:\/\/www.edition-tawhid.com\/staging-site\/#\/schema\/logo\/image\/\",\"url\":\"https:\/\/www.edition-tawhid.com\/staging-site\/wp-content\/uploads\/2018\/12\/logo_noir_v1-01.png\",\"contentUrl\":\"https:\/\/www.edition-tawhid.com\/staging-site\/wp-content\/uploads\/2018\/12\/logo_noir_v1-01.png\",\"width\":80,\"height\":112,\"caption\":\"Editions Tawhid\"},\"image\":{\"@id\":\"https:\/\/www.edition-tawhid.com\/staging-site\/#\/schema\/logo\/image\/\"},\"sameAs\":[\"https:\/\/www.facebook.com\/editiontawhid\/\"]}]}<\/script>\n<!-- \/ Yoast SEO plugin. -->","yoast_head_json":{"title":"Ces h\u00e9ros de l'islam - \u00c9ditions Tawhid","robots":{"index":"noindex","follow":"follow","max-snippet":"max-snippet:-1","max-image-preview":"max-image-preview:large","max-video-preview":"max-video-preview:-1"},"og_locale":"fr_FR","og_type":"article","og_title":"Ces h\u00e9ros de l'islam - \u00c9ditions Tawhid","og_description":"Ces h\u00e9ros de l\u2019islam vient conter, \u00e0 proprement parler, certaines de ces histoires issues du Coran et de la Sunna de notre noble Proph\u00e8te (sws). Pourtant il existe d\u2019autres r\u00e9cits, moins connus, suivant les premiers si\u00e8cles de l\u2019islam ; des r\u00e9cits o\u00f9 des femmes et des hommes se soit illustr\u00e9s par leur foi profonde, par les \u00e9preuves qu\u2019ils ont travers\u00e9es, par la vie exceptionnelle qu\u2019ils ont v\u00e9cue.","og_url":"https:\/\/www.edition-tawhid.com\/staging-site\/produit\/ces-heros-de-l-islam\/","og_site_name":"\u00c9ditions Tawhid","article_publisher":"https:\/\/www.facebook.com\/editiontawhid\/","article_modified_time":"2023-11-07T19:51:54+00:00","og_image":[{"width":791,"height":1024,"url":"https:\/\/www.edition-tawhid.com\/staging-site\/wp-content\/uploads\/2015\/09\/heros_islam_1_NEW.jpg","type":"image\/jpeg"}],"twitter_card":"summary_large_image","twitter_misc":{"Dur\u00e9e de lecture estim\u00e9e":"1 minute"},"schema":{"@context":"https:\/\/schema.org","@graph":[{"@type":"WebPage","@id":"https:\/\/www.edition-tawhid.com\/staging-site\/produit\/ces-heros-de-l-islam\/","url":"https:\/\/www.edition-tawhid.com\/staging-site\/produit\/ces-heros-de-l-islam\/","name":"Ces h\u00e9ros de l'islam - \u00c9ditions Tawhid","isPartOf":{"@id":"https:\/\/www.edition-tawhid.com\/staging-site\/#website"},"primaryImageOfPage":{"@id":"https:\/\/www.edition-tawhid.com\/staging-site\/produit\/ces-heros-de-l-islam\/#primaryimage"},"image":{"@id":"https:\/\/www.edition-tawhid.com\/staging-site\/produit\/ces-heros-de-l-islam\/#primaryimage"},"thumbnailUrl":"https:\/\/www.edition-tawhid.com\/staging-site\/wp-content\/uploads\/2015\/09\/heros_islam_1_NEW.jpg","datePublished":"2015-09-18T15:11:09+00:00","dateModified":"2023-11-07T19:51:54+00:00","breadcrumb":{"@id":"https:\/\/www.edition-tawhid.com\/staging-site\/produit\/ces-heros-de-l-islam\/#breadcrumb"},"inLanguage":"fr-FR","potentialAction":[{"@type":"ReadAction","target":["https:\/\/www.edition-tawhid.com\/staging-site\/produit\/ces-heros-de-l-islam\/"]}]},{"@type":"ImageObject","inLanguage":"fr-FR","@id":"https:\/\/www.edition-tawhid.com\/staging-site\/produit\/ces-heros-de-l-islam\/#primaryimage","url":"https:\/\/www.edition-tawhid.com\/staging-site\/wp-content\/uploads\/2015\/09\/heros_islam_1_NEW.jpg","contentUrl":"https:\/\/www.edition-tawhid.com\/staging-site\/wp-content\/uploads\/2015\/09\/heros_islam_1_NEW.jpg","width":791,"height":1024},{"@type":"BreadcrumbList","@id":"https:\/\/www.edition-tawhid.com\/staging-site\/produit\/ces-heros-de-l-islam\/#breadcrumb","itemListElement":[{"@type":"ListItem","position":1,"name":"Accueil","item":"https:\/\/www.edition-tawhid.com\/staging-site\/"},{"@type":"ListItem","position":2,"name":"Tous nos livres","item":"https:\/\/www.edition-tawhid.com\/staging-site\/tous-nos-livres\/"},{"@type":"ListItem","position":3,"name":"Ces h\u00e9ros de l&#8217;islam"}]},{"@type":"WebSite","@id":"https:\/\/www.edition-tawhid.com\/staging-site\/#website","url":"https:\/\/www.edition-tawhid.com\/staging-site\/","name":"\u00c9ditions Tawhid","description":"Le sp\u00e9cialiste du livre islamique francophone","publisher":{"@id":"https:\/\/www.edition-tawhid.com\/staging-site\/#organization"},"potentialAction":[{"@type":"SearchAction","target":{"@type":"EntryPoint","urlTemplate":"https:\/\/www.edition-tawhid.com\/staging-site\/?s={search_term_string}"},"query-input":{"@type":"PropertyValueSpecification","valueRequired":true,"valueName":"search_term_string"}}],"inLanguage":"fr-FR"},{"@type":"Organization","@id":"https:\/\/www.edition-tawhid.com\/staging-site\/#organization","name":"Editions Tawhid","url":"https:\/\/www.edition-tawhid.com\/staging-site\/","logo":{"@type":"ImageObject","inLanguage":"fr-FR","@id":"https:\/\/www.edition-tawhid.com\/staging-site\/#\/schema\/logo\/image\/","url":"https:\/\/www.edition-tawhid.com\/staging-site\/wp-content\/uploads\/2018\/12\/logo_noir_v1-01.png","contentUrl":"https:\/\/www.edition-tawhid.com\/staging-site\/wp-content\/uploads\/2018\/12\/logo_noir_v1-01.png","width":80,"height":112,"caption":"Editions Tawhid"},"image":{"@id":"https:\/\/www.edition-tawhid.com\/staging-site\/#\/schema\/logo\/image\/"},"sameAs":["https:\/\/www.facebook.com\/editiontawhid\/"]}]}},"_links":{"self":[{"href":"https:\/\/www.edition-tawhid.com\/staging-site\/wp-json\/wp\/v2\/product\/1820","targetHints":{"allow":["GET"]}}],"collection":[{"href":"https:\/\/www.edition-tawhid.com\/staging-site\/wp-json\/wp\/v2\/product"}],"about":[{"href":"https:\/\/www.edition-tawhid.com\/staging-site\/wp-json\/wp\/v2\/types\/product"}],"replies":[{"embeddable":true,"href":"https:\/\/www.edition-tawhid.com\/staging-site\/wp-json\/wp\/v2\/comments?post=1820"}],"wp:featuredmedia":[{"embeddable":true,"href":"https:\/\/www.edition-tawhid.com\/staging-site\/wp-json\/wp\/v2\/media\/12428"}],"wp:attachment":[{"href":"https:\/\/www.edition-tawhid.com\/staging-site\/wp-json\/wp\/v2\/media?parent=1820"}],"wp:term":[{"taxonomy":"product_brand","embeddable":true,"href":"https:\/\/www.edition-tawhid.com\/staging-site\/wp-json\/wp\/v2\/product_brand?post=1820"},{"taxonomy":"product_cat","embeddable":true,"href":"https:\/\/www.edition-tawhid.com\/staging-site\/wp-json\/wp\/v2\/product_cat?post=1820"},{"taxonomy":"product_tag","embeddable":true,"href":"https:\/\/www.edition-tawhid.com\/staging-site\/wp-json\/wp\/v2\/product_tag?post=1820"}],"curies":[{"name":"wp","href":"https:\/\/api.w.org\/{rel}","templated":true}]}}