{"id":1834,"date":"2015-01-20T10:34:47","date_gmt":"2015-01-20T09:34:47","guid":{"rendered":"https:\/\/www.edition-tawhid.com\/staging-site\/produit\/al-fatiha-cle-du-coran\/"},"modified":"2026-03-03T00:21:35","modified_gmt":"2026-03-02T23:21:35","slug":"al-fatiha-cle-du-coran","status":"publish","type":"product","link":"https:\/\/www.edition-tawhid.com\/staging-site\/produit\/al-fatiha-cle-du-coran\/","title":{"rendered":"Al-F\u00e2tiha, cl\u00e9 du Coran"},"content":{"rendered":"<p>Qu&rsquo;est-ce que la sourate Al-F\u00e2tiha? Bien des gens ignorent encore qu&rsquo;il s&rsquo;agit de la premi\u00e8re sourate du Coran, la plus importante. Son nom provient de la racine fataha qui signifie \u00ab\u00a0ouvrir\u00a0\u00bb. La F\u00e2tiha a \u00e9t\u00e9 qualifi\u00e9e par le Proph\u00e8te (sws) lui-m\u00eame de \u00ab\u00a0M\u00e8re du Livre\u00a0\u00bb. Ses sept versets en effet condensent l&rsquo;expression de la foi, ils disposent les croyants \u00e0 se tenir en toute humilit\u00e9 devant le Tr\u00e8s Haut, pour le magnifier, c\u00e9l\u00e9brer Sa Mis\u00e9ricorde et pour l&rsquo;implorer de les guider pas \u00e0 pas sur la Voie droite&#8230; La F\u00e2tiha \u00ab\u00a0donne le ton\u00a0\u00bb de la pri\u00e8re rituelle quotidienne (les musulmans pratiquants la r\u00e9citant au minimum 17 fois par jour), elle \u00ab\u00a0\u00e9tablit la connexion\u00a0\u00bb entre la cr\u00e9ature et son Cr\u00e9ateur, dans un effort de dialogue sinc\u00e8re avec Celui qui nous d\u00e9passe infiniment et donne ce qu&rsquo;il veut \u00e0 qui Il veut. C&rsquo;est pourquoi il nous a sembl\u00e9 que la F\u00e2tiha devait \u00eatre le fil conducteur d\u2019une premi\u00e8re exploration du Coran. Chacun des mots constituant ses sept versets se pr\u00e9sente en effet lourdement charg\u00e9 de sens, renvoyant \u00e0 des notions primordiales pour la bonne compr\u00e9hension de la religion musulmane. Nous avons donc cherch\u00e9 dans l\u2019ensemble du Coran l\u2019emploi des termes de la m\u00eame famille linguistique que ceux de cette noble sourate, afin de permettre au lecteur francophone de mieux acc\u00e9der \u00e0 leur signification. Nous esp\u00e9rons ainsi apporter une modeste contribution \u00e0 l\u2019immense travail de r\u00e9novation de la pens\u00e9e musulmane qui est en cours aujourd\u2019hui. Des savants musulmans s\u2019y sont d\u00e9j\u00e0 investis et d\u2019autres apporteront \u00e0 leur tour des \u00e9clairages nouveaux\u2026<\/p>\n","protected":false},"excerpt":{"rendered":"<p>La F\u00e2tiha a \u00e9t\u00e9 qualifi\u00e9e par le Proph\u00e8te (sws) lui-m\u00eame de \u00ab\u00a0M\u00e8re du Livre\u00a0\u00bb. Ses sept versets en effet condensent l&rsquo;expression de la foi, ils disposent les croyants \u00e0 se tenir en toute humilit\u00e9 devant le Tr\u00e8s Haut, pour le magnifier, c\u00e9l\u00e9brer Sa Mis\u00e9ricorde et pour l&rsquo;implorer de les guider pas \u00e0 pas sur la Voie droite&#8230;<\/p>\n","protected":false},"featured_media":12794,"comment_status":"open","ping_status":"closed","template":"","meta":{"_acf_changed":false},"product_brand":[],"product_cat":[2466],"product_tag":[],"class_list":{"0":"post-1834","1":"product","2":"type-product","3":"status-publish","4":"has-post-thumbnail","6":"product_cat-initiation","7":"pa_book-author-odile-meriam-tourki","9":"first","10":"outofstock","11":"taxable","12":"shipping-taxable","13":"purchasable","14":"product-type-simple"},"acf":[],"yoast_head":"<!-- This site is optimized with the Yoast SEO plugin v27.1.1 - https:\/\/yoast.com\/product\/yoast-seo-wordpress\/ -->\n<title>Al-F\u00e2tiha, cl\u00e9 du Coran - \u00c9ditions Tawhid<\/title>\n<meta name=\"robots\" content=\"noindex, follow, max-snippet:-1, max-image-preview:large, max-video-preview:-1\" \/>\n<meta property=\"og:locale\" content=\"fr_FR\" \/>\n<meta property=\"og:type\" content=\"article\" \/>\n<meta property=\"og:title\" content=\"Al-F\u00e2tiha, cl\u00e9 du Coran - \u00c9ditions Tawhid\" \/>\n<meta property=\"og:description\" content=\"La F\u00e2tiha a \u00e9t\u00e9 qualifi\u00e9e par le Proph\u00e8te (sws) lui-m\u00eame de &quot;M\u00e8re du Livre&quot;. Ses sept versets en effet condensent l&#039;expression de la foi, ils disposent les croyants \u00e0 se tenir en toute humilit\u00e9 devant le Tr\u00e8s Haut, pour le magnifier, c\u00e9l\u00e9brer Sa Mis\u00e9ricorde et pour l&#039;implorer de les guider pas \u00e0 pas sur la Voie droite...\" \/>\n<meta property=\"og:url\" content=\"https:\/\/www.edition-tawhid.com\/staging-site\/produit\/al-fatiha-cle-du-coran\/\" \/>\n<meta property=\"og:site_name\" content=\"\u00c9ditions Tawhid\" \/>\n<meta property=\"article:publisher\" content=\"https:\/\/www.facebook.com\/editiontawhid\/\" \/>\n<meta property=\"article:modified_time\" content=\"2026-03-02T23:21:35+00:00\" \/>\n<meta property=\"og:image\" content=\"https:\/\/www.edition-tawhid.com\/staging-site\/wp-content\/uploads\/2015\/01\/al_fatiha_1_NEW.jpg\" \/>\n\t<meta property=\"og:image:width\" content=\"791\" \/>\n\t<meta property=\"og:image:height\" content=\"1024\" \/>\n\t<meta property=\"og:image:type\" content=\"image\/jpeg\" \/>\n<meta name=\"twitter:card\" content=\"summary_large_image\" \/>\n<meta name=\"twitter:label1\" content=\"Dur\u00e9e de lecture estim\u00e9e\" \/>\n\t<meta name=\"twitter:data1\" content=\"1 minute\" \/>\n<script type=\"application\/ld+json\" class=\"yoast-schema-graph\">{\"@context\":\"https:\/\/schema.org\",\"@graph\":[{\"@type\":\"WebPage\",\"@id\":\"https:\/\/www.edition-tawhid.com\/staging-site\/produit\/al-fatiha-cle-du-coran\/\",\"url\":\"https:\/\/www.edition-tawhid.com\/staging-site\/produit\/al-fatiha-cle-du-coran\/\",\"name\":\"Al-F\u00e2tiha, cl\u00e9 du Coran - \u00c9ditions Tawhid\",\"isPartOf\":{\"@id\":\"https:\/\/www.edition-tawhid.com\/staging-site\/#website\"},\"primaryImageOfPage\":{\"@id\":\"https:\/\/www.edition-tawhid.com\/staging-site\/produit\/al-fatiha-cle-du-coran\/#primaryimage\"},\"image\":{\"@id\":\"https:\/\/www.edition-tawhid.com\/staging-site\/produit\/al-fatiha-cle-du-coran\/#primaryimage\"},\"thumbnailUrl\":\"https:\/\/www.edition-tawhid.com\/staging-site\/wp-content\/uploads\/2015\/01\/al_fatiha_1_NEW.jpg\",\"datePublished\":\"2015-01-20T09:34:47+00:00\",\"dateModified\":\"2026-03-02T23:21:35+00:00\",\"breadcrumb\":{\"@id\":\"https:\/\/www.edition-tawhid.com\/staging-site\/produit\/al-fatiha-cle-du-coran\/#breadcrumb\"},\"inLanguage\":\"fr-FR\",\"potentialAction\":[{\"@type\":\"ReadAction\",\"target\":[\"https:\/\/www.edition-tawhid.com\/staging-site\/produit\/al-fatiha-cle-du-coran\/\"]}]},{\"@type\":\"ImageObject\",\"inLanguage\":\"fr-FR\",\"@id\":\"https:\/\/www.edition-tawhid.com\/staging-site\/produit\/al-fatiha-cle-du-coran\/#primaryimage\",\"url\":\"https:\/\/www.edition-tawhid.com\/staging-site\/wp-content\/uploads\/2015\/01\/al_fatiha_1_NEW.jpg\",\"contentUrl\":\"https:\/\/www.edition-tawhid.com\/staging-site\/wp-content\/uploads\/2015\/01\/al_fatiha_1_NEW.jpg\",\"width\":791,\"height\":1024},{\"@type\":\"BreadcrumbList\",\"@id\":\"https:\/\/www.edition-tawhid.com\/staging-site\/produit\/al-fatiha-cle-du-coran\/#breadcrumb\",\"itemListElement\":[{\"@type\":\"ListItem\",\"position\":1,\"name\":\"Accueil\",\"item\":\"https:\/\/www.edition-tawhid.com\/staging-site\/\"},{\"@type\":\"ListItem\",\"position\":2,\"name\":\"Tous nos livres\",\"item\":\"https:\/\/www.edition-tawhid.com\/staging-site\/tous-nos-livres\/\"},{\"@type\":\"ListItem\",\"position\":3,\"name\":\"Al-F\u00e2tiha, cl\u00e9 du Coran\"}]},{\"@type\":\"WebSite\",\"@id\":\"https:\/\/www.edition-tawhid.com\/staging-site\/#website\",\"url\":\"https:\/\/www.edition-tawhid.com\/staging-site\/\",\"name\":\"\u00c9ditions Tawhid\",\"description\":\"Le sp\u00e9cialiste du livre islamique francophone\",\"publisher\":{\"@id\":\"https:\/\/www.edition-tawhid.com\/staging-site\/#organization\"},\"potentialAction\":[{\"@type\":\"SearchAction\",\"target\":{\"@type\":\"EntryPoint\",\"urlTemplate\":\"https:\/\/www.edition-tawhid.com\/staging-site\/?s={search_term_string}\"},\"query-input\":{\"@type\":\"PropertyValueSpecification\",\"valueRequired\":true,\"valueName\":\"search_term_string\"}}],\"inLanguage\":\"fr-FR\"},{\"@type\":\"Organization\",\"@id\":\"https:\/\/www.edition-tawhid.com\/staging-site\/#organization\",\"name\":\"Editions Tawhid\",\"url\":\"https:\/\/www.edition-tawhid.com\/staging-site\/\",\"logo\":{\"@type\":\"ImageObject\",\"inLanguage\":\"fr-FR\",\"@id\":\"https:\/\/www.edition-tawhid.com\/staging-site\/#\/schema\/logo\/image\/\",\"url\":\"https:\/\/www.edition-tawhid.com\/staging-site\/wp-content\/uploads\/2018\/12\/logo_noir_v1-01.png\",\"contentUrl\":\"https:\/\/www.edition-tawhid.com\/staging-site\/wp-content\/uploads\/2018\/12\/logo_noir_v1-01.png\",\"width\":80,\"height\":112,\"caption\":\"Editions Tawhid\"},\"image\":{\"@id\":\"https:\/\/www.edition-tawhid.com\/staging-site\/#\/schema\/logo\/image\/\"},\"sameAs\":[\"https:\/\/www.facebook.com\/editiontawhid\/\"]}]}<\/script>\n<!-- \/ Yoast SEO plugin. -->","yoast_head_json":{"title":"Al-F\u00e2tiha, cl\u00e9 du Coran - \u00c9ditions Tawhid","robots":{"index":"noindex","follow":"follow","max-snippet":"max-snippet:-1","max-image-preview":"max-image-preview:large","max-video-preview":"max-video-preview:-1"},"og_locale":"fr_FR","og_type":"article","og_title":"Al-F\u00e2tiha, cl\u00e9 du Coran - \u00c9ditions Tawhid","og_description":"La F\u00e2tiha a \u00e9t\u00e9 qualifi\u00e9e par le Proph\u00e8te (sws) lui-m\u00eame de \"M\u00e8re du Livre\". Ses sept versets en effet condensent l'expression de la foi, ils disposent les croyants \u00e0 se tenir en toute humilit\u00e9 devant le Tr\u00e8s Haut, pour le magnifier, c\u00e9l\u00e9brer Sa Mis\u00e9ricorde et pour l'implorer de les guider pas \u00e0 pas sur la Voie droite...","og_url":"https:\/\/www.edition-tawhid.com\/staging-site\/produit\/al-fatiha-cle-du-coran\/","og_site_name":"\u00c9ditions Tawhid","article_publisher":"https:\/\/www.facebook.com\/editiontawhid\/","article_modified_time":"2026-03-02T23:21:35+00:00","og_image":[{"width":791,"height":1024,"url":"https:\/\/www.edition-tawhid.com\/staging-site\/wp-content\/uploads\/2015\/01\/al_fatiha_1_NEW.jpg","type":"image\/jpeg"}],"twitter_card":"summary_large_image","twitter_misc":{"Dur\u00e9e de lecture estim\u00e9e":"1 minute"},"schema":{"@context":"https:\/\/schema.org","@graph":[{"@type":"WebPage","@id":"https:\/\/www.edition-tawhid.com\/staging-site\/produit\/al-fatiha-cle-du-coran\/","url":"https:\/\/www.edition-tawhid.com\/staging-site\/produit\/al-fatiha-cle-du-coran\/","name":"Al-F\u00e2tiha, cl\u00e9 du Coran - \u00c9ditions Tawhid","isPartOf":{"@id":"https:\/\/www.edition-tawhid.com\/staging-site\/#website"},"primaryImageOfPage":{"@id":"https:\/\/www.edition-tawhid.com\/staging-site\/produit\/al-fatiha-cle-du-coran\/#primaryimage"},"image":{"@id":"https:\/\/www.edition-tawhid.com\/staging-site\/produit\/al-fatiha-cle-du-coran\/#primaryimage"},"thumbnailUrl":"https:\/\/www.edition-tawhid.com\/staging-site\/wp-content\/uploads\/2015\/01\/al_fatiha_1_NEW.jpg","datePublished":"2015-01-20T09:34:47+00:00","dateModified":"2026-03-02T23:21:35+00:00","breadcrumb":{"@id":"https:\/\/www.edition-tawhid.com\/staging-site\/produit\/al-fatiha-cle-du-coran\/#breadcrumb"},"inLanguage":"fr-FR","potentialAction":[{"@type":"ReadAction","target":["https:\/\/www.edition-tawhid.com\/staging-site\/produit\/al-fatiha-cle-du-coran\/"]}]},{"@type":"ImageObject","inLanguage":"fr-FR","@id":"https:\/\/www.edition-tawhid.com\/staging-site\/produit\/al-fatiha-cle-du-coran\/#primaryimage","url":"https:\/\/www.edition-tawhid.com\/staging-site\/wp-content\/uploads\/2015\/01\/al_fatiha_1_NEW.jpg","contentUrl":"https:\/\/www.edition-tawhid.com\/staging-site\/wp-content\/uploads\/2015\/01\/al_fatiha_1_NEW.jpg","width":791,"height":1024},{"@type":"BreadcrumbList","@id":"https:\/\/www.edition-tawhid.com\/staging-site\/produit\/al-fatiha-cle-du-coran\/#breadcrumb","itemListElement":[{"@type":"ListItem","position":1,"name":"Accueil","item":"https:\/\/www.edition-tawhid.com\/staging-site\/"},{"@type":"ListItem","position":2,"name":"Tous nos livres","item":"https:\/\/www.edition-tawhid.com\/staging-site\/tous-nos-livres\/"},{"@type":"ListItem","position":3,"name":"Al-F\u00e2tiha, cl\u00e9 du Coran"}]},{"@type":"WebSite","@id":"https:\/\/www.edition-tawhid.com\/staging-site\/#website","url":"https:\/\/www.edition-tawhid.com\/staging-site\/","name":"\u00c9ditions Tawhid","description":"Le sp\u00e9cialiste du livre islamique francophone","publisher":{"@id":"https:\/\/www.edition-tawhid.com\/staging-site\/#organization"},"potentialAction":[{"@type":"SearchAction","target":{"@type":"EntryPoint","urlTemplate":"https:\/\/www.edition-tawhid.com\/staging-site\/?s={search_term_string}"},"query-input":{"@type":"PropertyValueSpecification","valueRequired":true,"valueName":"search_term_string"}}],"inLanguage":"fr-FR"},{"@type":"Organization","@id":"https:\/\/www.edition-tawhid.com\/staging-site\/#organization","name":"Editions Tawhid","url":"https:\/\/www.edition-tawhid.com\/staging-site\/","logo":{"@type":"ImageObject","inLanguage":"fr-FR","@id":"https:\/\/www.edition-tawhid.com\/staging-site\/#\/schema\/logo\/image\/","url":"https:\/\/www.edition-tawhid.com\/staging-site\/wp-content\/uploads\/2018\/12\/logo_noir_v1-01.png","contentUrl":"https:\/\/www.edition-tawhid.com\/staging-site\/wp-content\/uploads\/2018\/12\/logo_noir_v1-01.png","width":80,"height":112,"caption":"Editions Tawhid"},"image":{"@id":"https:\/\/www.edition-tawhid.com\/staging-site\/#\/schema\/logo\/image\/"},"sameAs":["https:\/\/www.facebook.com\/editiontawhid\/"]}]}},"_links":{"self":[{"href":"https:\/\/www.edition-tawhid.com\/staging-site\/wp-json\/wp\/v2\/product\/1834","targetHints":{"allow":["GET"]}}],"collection":[{"href":"https:\/\/www.edition-tawhid.com\/staging-site\/wp-json\/wp\/v2\/product"}],"about":[{"href":"https:\/\/www.edition-tawhid.com\/staging-site\/wp-json\/wp\/v2\/types\/product"}],"replies":[{"embeddable":true,"href":"https:\/\/www.edition-tawhid.com\/staging-site\/wp-json\/wp\/v2\/comments?post=1834"}],"wp:featuredmedia":[{"embeddable":true,"href":"https:\/\/www.edition-tawhid.com\/staging-site\/wp-json\/wp\/v2\/media\/12794"}],"wp:attachment":[{"href":"https:\/\/www.edition-tawhid.com\/staging-site\/wp-json\/wp\/v2\/media?parent=1834"}],"wp:term":[{"taxonomy":"product_brand","embeddable":true,"href":"https:\/\/www.edition-tawhid.com\/staging-site\/wp-json\/wp\/v2\/product_brand?post=1834"},{"taxonomy":"product_cat","embeddable":true,"href":"https:\/\/www.edition-tawhid.com\/staging-site\/wp-json\/wp\/v2\/product_cat?post=1834"},{"taxonomy":"product_tag","embeddable":true,"href":"https:\/\/www.edition-tawhid.com\/staging-site\/wp-json\/wp\/v2\/product_tag?post=1834"}],"curies":[{"name":"wp","href":"https:\/\/api.w.org\/{rel}","templated":true}]}}