{"id":18524,"date":"2024-07-04T20:20:28","date_gmt":"2024-07-04T18:20:28","guid":{"rendered":"https:\/\/www.edition-tawhid.com\/staging-site\/?post_type=product&#038;p=18524"},"modified":"2024-07-04T20:20:41","modified_gmt":"2024-07-04T18:20:41","slug":"du-cheminement-spirituel-de-musa","status":"publish","type":"product","link":"https:\/\/www.edition-tawhid.com\/staging-site\/produit\/du-cheminement-spirituel-de-musa\/","title":{"rendered":"Du cheminement spirituel de M\u00fbs\u00e2"},"content":{"rendered":"<p>Le Proph\u00e8te M\u00fbs\u00e2 est un personnage phare pour les trois grands messages r\u00e9v\u00e9l\u00e9s. Son histoire dans le Coran est la plus longue et la plus d\u00e9taill\u00e9e des histoires proph\u00e9tiques. Elle est une v\u00e9ritable source de m\u00e9ditation et d&rsquo;inspiration pour toute r\u00e9forme personnelle.<\/p>\n<p>(&#8230;) Le lecteur trouve, dans ce r\u00e9cit, les principales \u00e9tapes du voyage spirituel : l&rsquo;instabilit\u00e9, la volont\u00e9 sinc\u00e8re de r\u00e9forme, l&rsquo;\u00e9loignement des sources de troubles, l&rsquo;orientation vers la sollicitude divine, la prise en charge bienveillante, le travail int\u00e9rieur, les fruits du labeur, et enfin la phase d&rsquo;\u00e9quilibre et de paix int\u00e9rieure. Cette voie est celle des gens \u00ab combl\u00e9s par la faveur divine \u00bb, la voie de rectitude \u00ab <em>sirat al-mustaq\u00eem<\/em> \u00bb \u00e9voqu\u00e9e dans la sourate <em>Al-F\u00e2tiha<\/em> qui introduit le Coran. Cette voie est aussi la voie \u00e0 laquelle ont appel\u00e9 de tous temps les messagers, paix sur eux, la voie de r\u00e9forme et de purification qui conduit \u00e0 la demeure de la Paix.<\/p>\n","protected":false},"excerpt":{"rendered":"<p>Le Proph\u00e8te M\u00fbs\u00e2 est un personnage phare pour les trois grands messages r\u00e9v\u00e9l\u00e9s. Son histoire dans le Coran est la plus longue et la plus d\u00e9taill\u00e9e des histoires proph\u00e9tiques. Elle est une v\u00e9ritable source de m\u00e9ditation et d&rsquo;inspiration pour toute r\u00e9forme personnelle.<\/p>\n<p>(&#8230;) Le lecteur trouve, dans ce r\u00e9cit, les principales \u00e9tapes du voyage spirituel : l&rsquo;instabilit\u00e9, la volont\u00e9 sinc\u00e8re de r\u00e9forme, l&rsquo;\u00e9loignement des sources de troubles, l&rsquo;orientation vers la sollicitude divine, la prise en charge bienveillante, le travail int\u00e9rieur, les fruits du labeur, et enfin la phase d&rsquo;\u00e9quilibre et de paix int\u00e9rieure. Cette voie est celle des gens \u00ab combl\u00e9s par la faveur divine \u00bb, la voie de rectitude \u00ab sirat al-mustaq\u00eem \u00bb \u00e9voqu\u00e9e dans la sourate Al-F\u00e2tiha qui introduit le Coran. Cette voie est aussi la voie \u00e0 laquelle ont appel\u00e9 de tous temps les messagers, paix sur eux, la voie de r\u00e9forme et de purification qui conduit \u00e0 la demeure de la Paix.<\/p>\n","protected":false},"featured_media":18528,"comment_status":"open","ping_status":"closed","template":"","meta":{"_acf_changed":false},"product_brand":[],"product_cat":[2524],"product_tag":[],"class_list":{"0":"post-18524","1":"product","2":"type-product","3":"status-publish","4":"has-post-thumbnail","6":"product_cat-spiritualite","7":"pa_book-author-aicha-b-abdelkader","9":"first","10":"instock","11":"featured","12":"taxable","13":"shipping-taxable","14":"purchasable","15":"product-type-simple"},"acf":[],"yoast_head":"<!-- This site is optimized with the Yoast SEO plugin v27.1.1 - https:\/\/yoast.com\/product\/yoast-seo-wordpress\/ -->\n<title>Du cheminement spirituel de M\u00fbs\u00e2 - \u00c9ditions Tawhid<\/title>\n<meta name=\"robots\" content=\"noindex, follow, max-snippet:-1, max-image-preview:large, max-video-preview:-1\" \/>\n<meta property=\"og:locale\" content=\"fr_FR\" \/>\n<meta property=\"og:type\" content=\"article\" \/>\n<meta property=\"og:title\" content=\"Du cheminement spirituel de M\u00fbs\u00e2 - \u00c9ditions Tawhid\" \/>\n<meta property=\"og:description\" content=\"Le Proph\u00e8te M\u00fbs\u00e2 est un personnage phare pour les trois grands messages r\u00e9v\u00e9l\u00e9s. Son histoire dans le Coran est la plus longue et la plus d\u00e9taill\u00e9e des histoires proph\u00e9tiques. Elle est une v\u00e9ritable source de m\u00e9ditation et d&#039;inspiration pour toute r\u00e9forme personnelle.  (...) Le lecteur trouve, dans ce r\u00e9cit, les principales \u00e9tapes du voyage spirituel : l&#039;instabilit\u00e9, la volont\u00e9 sinc\u00e8re de r\u00e9forme, l&#039;\u00e9loignement des sources de troubles, l&#039;orientation vers la sollicitude divine, la prise en charge bienveillante, le travail int\u00e9rieur, les fruits du labeur, et enfin la phase d&#039;\u00e9quilibre et de paix int\u00e9rieure. Cette voie est celle des gens \u00ab combl\u00e9s par la faveur divine \u00bb, la voie de rectitude \u00ab sirat al-mustaq\u00eem \u00bb \u00e9voqu\u00e9e dans la sourate Al-F\u00e2tiha qui introduit le Coran. Cette voie est aussi la voie \u00e0 laquelle ont appel\u00e9 de tous temps les messagers, paix sur eux, la voie de r\u00e9forme et de purification qui conduit \u00e0 la demeure de la Paix.\" \/>\n<meta property=\"og:url\" content=\"https:\/\/www.edition-tawhid.com\/staging-site\/produit\/du-cheminement-spirituel-de-musa\/\" \/>\n<meta property=\"og:site_name\" content=\"\u00c9ditions Tawhid\" \/>\n<meta property=\"article:publisher\" content=\"https:\/\/www.facebook.com\/editiontawhid\/\" \/>\n<meta property=\"article:modified_time\" content=\"2024-07-04T18:20:41+00:00\" \/>\n<meta property=\"og:image\" content=\"https:\/\/www.edition-tawhid.com\/staging-site\/wp-content\/uploads\/2024\/07\/cheminement-spirituel-musa-01-v1.jpg\" \/>\n\t<meta property=\"og:image:width\" content=\"791\" \/>\n\t<meta property=\"og:image:height\" content=\"1024\" \/>\n\t<meta property=\"og:image:type\" content=\"image\/jpeg\" \/>\n<meta name=\"twitter:card\" content=\"summary_large_image\" \/>\n<meta name=\"twitter:label1\" content=\"Dur\u00e9e de lecture estim\u00e9e\" \/>\n\t<meta name=\"twitter:data1\" content=\"1 minute\" \/>\n<script type=\"application\/ld+json\" class=\"yoast-schema-graph\">{\"@context\":\"https:\/\/schema.org\",\"@graph\":[{\"@type\":\"WebPage\",\"@id\":\"https:\/\/www.edition-tawhid.com\/staging-site\/produit\/du-cheminement-spirituel-de-musa\/\",\"url\":\"https:\/\/www.edition-tawhid.com\/staging-site\/produit\/du-cheminement-spirituel-de-musa\/\",\"name\":\"Du cheminement spirituel de M\u00fbs\u00e2 - \u00c9ditions Tawhid\",\"isPartOf\":{\"@id\":\"https:\/\/www.edition-tawhid.com\/staging-site\/#website\"},\"primaryImageOfPage\":{\"@id\":\"https:\/\/www.edition-tawhid.com\/staging-site\/produit\/du-cheminement-spirituel-de-musa\/#primaryimage\"},\"image\":{\"@id\":\"https:\/\/www.edition-tawhid.com\/staging-site\/produit\/du-cheminement-spirituel-de-musa\/#primaryimage\"},\"thumbnailUrl\":\"https:\/\/www.edition-tawhid.com\/staging-site\/wp-content\/uploads\/2024\/07\/cheminement-spirituel-musa-01-v1.jpg\",\"datePublished\":\"2024-07-04T18:20:28+00:00\",\"dateModified\":\"2024-07-04T18:20:41+00:00\",\"breadcrumb\":{\"@id\":\"https:\/\/www.edition-tawhid.com\/staging-site\/produit\/du-cheminement-spirituel-de-musa\/#breadcrumb\"},\"inLanguage\":\"fr-FR\",\"potentialAction\":[{\"@type\":\"ReadAction\",\"target\":[\"https:\/\/www.edition-tawhid.com\/staging-site\/produit\/du-cheminement-spirituel-de-musa\/\"]}]},{\"@type\":\"ImageObject\",\"inLanguage\":\"fr-FR\",\"@id\":\"https:\/\/www.edition-tawhid.com\/staging-site\/produit\/du-cheminement-spirituel-de-musa\/#primaryimage\",\"url\":\"https:\/\/www.edition-tawhid.com\/staging-site\/wp-content\/uploads\/2024\/07\/cheminement-spirituel-musa-01-v1.jpg\",\"contentUrl\":\"https:\/\/www.edition-tawhid.com\/staging-site\/wp-content\/uploads\/2024\/07\/cheminement-spirituel-musa-01-v1.jpg\",\"width\":791,\"height\":1024},{\"@type\":\"BreadcrumbList\",\"@id\":\"https:\/\/www.edition-tawhid.com\/staging-site\/produit\/du-cheminement-spirituel-de-musa\/#breadcrumb\",\"itemListElement\":[{\"@type\":\"ListItem\",\"position\":1,\"name\":\"Accueil\",\"item\":\"https:\/\/www.edition-tawhid.com\/staging-site\/\"},{\"@type\":\"ListItem\",\"position\":2,\"name\":\"Tous nos livres\",\"item\":\"https:\/\/www.edition-tawhid.com\/staging-site\/tous-nos-livres\/\"},{\"@type\":\"ListItem\",\"position\":3,\"name\":\"Du cheminement spirituel de M\u00fbs\u00e2\"}]},{\"@type\":\"WebSite\",\"@id\":\"https:\/\/www.edition-tawhid.com\/staging-site\/#website\",\"url\":\"https:\/\/www.edition-tawhid.com\/staging-site\/\",\"name\":\"\u00c9ditions Tawhid\",\"description\":\"Le sp\u00e9cialiste du livre islamique francophone\",\"publisher\":{\"@id\":\"https:\/\/www.edition-tawhid.com\/staging-site\/#organization\"},\"potentialAction\":[{\"@type\":\"SearchAction\",\"target\":{\"@type\":\"EntryPoint\",\"urlTemplate\":\"https:\/\/www.edition-tawhid.com\/staging-site\/?s={search_term_string}\"},\"query-input\":{\"@type\":\"PropertyValueSpecification\",\"valueRequired\":true,\"valueName\":\"search_term_string\"}}],\"inLanguage\":\"fr-FR\"},{\"@type\":\"Organization\",\"@id\":\"https:\/\/www.edition-tawhid.com\/staging-site\/#organization\",\"name\":\"Editions Tawhid\",\"url\":\"https:\/\/www.edition-tawhid.com\/staging-site\/\",\"logo\":{\"@type\":\"ImageObject\",\"inLanguage\":\"fr-FR\",\"@id\":\"https:\/\/www.edition-tawhid.com\/staging-site\/#\/schema\/logo\/image\/\",\"url\":\"https:\/\/www.edition-tawhid.com\/staging-site\/wp-content\/uploads\/2018\/12\/logo_noir_v1-01.png\",\"contentUrl\":\"https:\/\/www.edition-tawhid.com\/staging-site\/wp-content\/uploads\/2018\/12\/logo_noir_v1-01.png\",\"width\":80,\"height\":112,\"caption\":\"Editions Tawhid\"},\"image\":{\"@id\":\"https:\/\/www.edition-tawhid.com\/staging-site\/#\/schema\/logo\/image\/\"},\"sameAs\":[\"https:\/\/www.facebook.com\/editiontawhid\/\"]}]}<\/script>\n<!-- \/ Yoast SEO plugin. -->","yoast_head_json":{"title":"Du cheminement spirituel de M\u00fbs\u00e2 - \u00c9ditions Tawhid","robots":{"index":"noindex","follow":"follow","max-snippet":"max-snippet:-1","max-image-preview":"max-image-preview:large","max-video-preview":"max-video-preview:-1"},"og_locale":"fr_FR","og_type":"article","og_title":"Du cheminement spirituel de M\u00fbs\u00e2 - \u00c9ditions Tawhid","og_description":"Le Proph\u00e8te M\u00fbs\u00e2 est un personnage phare pour les trois grands messages r\u00e9v\u00e9l\u00e9s. Son histoire dans le Coran est la plus longue et la plus d\u00e9taill\u00e9e des histoires proph\u00e9tiques. Elle est une v\u00e9ritable source de m\u00e9ditation et d'inspiration pour toute r\u00e9forme personnelle.  (...) Le lecteur trouve, dans ce r\u00e9cit, les principales \u00e9tapes du voyage spirituel : l'instabilit\u00e9, la volont\u00e9 sinc\u00e8re de r\u00e9forme, l'\u00e9loignement des sources de troubles, l'orientation vers la sollicitude divine, la prise en charge bienveillante, le travail int\u00e9rieur, les fruits du labeur, et enfin la phase d'\u00e9quilibre et de paix int\u00e9rieure. Cette voie est celle des gens \u00ab combl\u00e9s par la faveur divine \u00bb, la voie de rectitude \u00ab sirat al-mustaq\u00eem \u00bb \u00e9voqu\u00e9e dans la sourate Al-F\u00e2tiha qui introduit le Coran. Cette voie est aussi la voie \u00e0 laquelle ont appel\u00e9 de tous temps les messagers, paix sur eux, la voie de r\u00e9forme et de purification qui conduit \u00e0 la demeure de la Paix.","og_url":"https:\/\/www.edition-tawhid.com\/staging-site\/produit\/du-cheminement-spirituel-de-musa\/","og_site_name":"\u00c9ditions Tawhid","article_publisher":"https:\/\/www.facebook.com\/editiontawhid\/","article_modified_time":"2024-07-04T18:20:41+00:00","og_image":[{"width":791,"height":1024,"url":"https:\/\/www.edition-tawhid.com\/staging-site\/wp-content\/uploads\/2024\/07\/cheminement-spirituel-musa-01-v1.jpg","type":"image\/jpeg"}],"twitter_card":"summary_large_image","twitter_misc":{"Dur\u00e9e de lecture estim\u00e9e":"1 minute"},"schema":{"@context":"https:\/\/schema.org","@graph":[{"@type":"WebPage","@id":"https:\/\/www.edition-tawhid.com\/staging-site\/produit\/du-cheminement-spirituel-de-musa\/","url":"https:\/\/www.edition-tawhid.com\/staging-site\/produit\/du-cheminement-spirituel-de-musa\/","name":"Du cheminement spirituel de M\u00fbs\u00e2 - \u00c9ditions Tawhid","isPartOf":{"@id":"https:\/\/www.edition-tawhid.com\/staging-site\/#website"},"primaryImageOfPage":{"@id":"https:\/\/www.edition-tawhid.com\/staging-site\/produit\/du-cheminement-spirituel-de-musa\/#primaryimage"},"image":{"@id":"https:\/\/www.edition-tawhid.com\/staging-site\/produit\/du-cheminement-spirituel-de-musa\/#primaryimage"},"thumbnailUrl":"https:\/\/www.edition-tawhid.com\/staging-site\/wp-content\/uploads\/2024\/07\/cheminement-spirituel-musa-01-v1.jpg","datePublished":"2024-07-04T18:20:28+00:00","dateModified":"2024-07-04T18:20:41+00:00","breadcrumb":{"@id":"https:\/\/www.edition-tawhid.com\/staging-site\/produit\/du-cheminement-spirituel-de-musa\/#breadcrumb"},"inLanguage":"fr-FR","potentialAction":[{"@type":"ReadAction","target":["https:\/\/www.edition-tawhid.com\/staging-site\/produit\/du-cheminement-spirituel-de-musa\/"]}]},{"@type":"ImageObject","inLanguage":"fr-FR","@id":"https:\/\/www.edition-tawhid.com\/staging-site\/produit\/du-cheminement-spirituel-de-musa\/#primaryimage","url":"https:\/\/www.edition-tawhid.com\/staging-site\/wp-content\/uploads\/2024\/07\/cheminement-spirituel-musa-01-v1.jpg","contentUrl":"https:\/\/www.edition-tawhid.com\/staging-site\/wp-content\/uploads\/2024\/07\/cheminement-spirituel-musa-01-v1.jpg","width":791,"height":1024},{"@type":"BreadcrumbList","@id":"https:\/\/www.edition-tawhid.com\/staging-site\/produit\/du-cheminement-spirituel-de-musa\/#breadcrumb","itemListElement":[{"@type":"ListItem","position":1,"name":"Accueil","item":"https:\/\/www.edition-tawhid.com\/staging-site\/"},{"@type":"ListItem","position":2,"name":"Tous nos livres","item":"https:\/\/www.edition-tawhid.com\/staging-site\/tous-nos-livres\/"},{"@type":"ListItem","position":3,"name":"Du cheminement spirituel de M\u00fbs\u00e2"}]},{"@type":"WebSite","@id":"https:\/\/www.edition-tawhid.com\/staging-site\/#website","url":"https:\/\/www.edition-tawhid.com\/staging-site\/","name":"\u00c9ditions Tawhid","description":"Le sp\u00e9cialiste du livre islamique francophone","publisher":{"@id":"https:\/\/www.edition-tawhid.com\/staging-site\/#organization"},"potentialAction":[{"@type":"SearchAction","target":{"@type":"EntryPoint","urlTemplate":"https:\/\/www.edition-tawhid.com\/staging-site\/?s={search_term_string}"},"query-input":{"@type":"PropertyValueSpecification","valueRequired":true,"valueName":"search_term_string"}}],"inLanguage":"fr-FR"},{"@type":"Organization","@id":"https:\/\/www.edition-tawhid.com\/staging-site\/#organization","name":"Editions Tawhid","url":"https:\/\/www.edition-tawhid.com\/staging-site\/","logo":{"@type":"ImageObject","inLanguage":"fr-FR","@id":"https:\/\/www.edition-tawhid.com\/staging-site\/#\/schema\/logo\/image\/","url":"https:\/\/www.edition-tawhid.com\/staging-site\/wp-content\/uploads\/2018\/12\/logo_noir_v1-01.png","contentUrl":"https:\/\/www.edition-tawhid.com\/staging-site\/wp-content\/uploads\/2018\/12\/logo_noir_v1-01.png","width":80,"height":112,"caption":"Editions Tawhid"},"image":{"@id":"https:\/\/www.edition-tawhid.com\/staging-site\/#\/schema\/logo\/image\/"},"sameAs":["https:\/\/www.facebook.com\/editiontawhid\/"]}]}},"_links":{"self":[{"href":"https:\/\/www.edition-tawhid.com\/staging-site\/wp-json\/wp\/v2\/product\/18524","targetHints":{"allow":["GET"]}}],"collection":[{"href":"https:\/\/www.edition-tawhid.com\/staging-site\/wp-json\/wp\/v2\/product"}],"about":[{"href":"https:\/\/www.edition-tawhid.com\/staging-site\/wp-json\/wp\/v2\/types\/product"}],"replies":[{"embeddable":true,"href":"https:\/\/www.edition-tawhid.com\/staging-site\/wp-json\/wp\/v2\/comments?post=18524"}],"wp:featuredmedia":[{"embeddable":true,"href":"https:\/\/www.edition-tawhid.com\/staging-site\/wp-json\/wp\/v2\/media\/18528"}],"wp:attachment":[{"href":"https:\/\/www.edition-tawhid.com\/staging-site\/wp-json\/wp\/v2\/media?parent=18524"}],"wp:term":[{"taxonomy":"product_brand","embeddable":true,"href":"https:\/\/www.edition-tawhid.com\/staging-site\/wp-json\/wp\/v2\/product_brand?post=18524"},{"taxonomy":"product_cat","embeddable":true,"href":"https:\/\/www.edition-tawhid.com\/staging-site\/wp-json\/wp\/v2\/product_cat?post=18524"},{"taxonomy":"product_tag","embeddable":true,"href":"https:\/\/www.edition-tawhid.com\/staging-site\/wp-json\/wp\/v2\/product_tag?post=18524"}],"curies":[{"name":"wp","href":"https:\/\/api.w.org\/{rel}","templated":true}]}}