{"id":18540,"date":"2024-07-05T21:17:32","date_gmt":"2024-07-05T19:17:32","guid":{"rendered":"https:\/\/www.edition-tawhid.com\/staging-site\/?post_type=product&#038;p=18540"},"modified":"2024-07-07T11:24:40","modified_gmt":"2024-07-07T09:24:40","slug":"le-saint-coran-juz-amma-translitere-avec-codes-qr","status":"publish","type":"product","link":"https:\/\/www.edition-tawhid.com\/staging-site\/produit\/le-saint-coran-juz-amma-translitere-avec-codes-qr\/","title":{"rendered":"Le Saint Coran \u2013 Juz \u2018Amma (translitt\u00e9r\u00e9) avec codes QR"},"content":{"rendered":"<p>Con\u00e7u pour l\u2019apprentissage des derni\u00e8res sourates du Coran, les versets sont traduits en fran\u00e7ais et sont translitt\u00e9r\u00e9s (phon\u00e9tique). Pour plus de clart\u00e9, l\u2019ouvrage est en deux couleurs. Ce livret commence par une petite initiation aux r\u00e8gles de lecture coranique afin que ces versets les plus utilis\u00e9s durant la pri\u00e8re soient lus le plus correctement possible. Couverture souple.<\/p>\n","protected":false},"excerpt":{"rendered":"<p><em><strong><span style=\"color: #954153;\">Nouveaut\u00e9:<\/span> La pr\u00e9sence d\u2019un code QR permettant de suivre la lecture en audio en langue arabe.<\/strong><\/em><\/p>\n<p>Con\u00e7u pour l\u2019apprentissage des derni\u00e8res sourates du Coran, les versets sont traduits en fran\u00e7ais et sont translitt\u00e9r\u00e9s (phon\u00e9tique). Pour plus de clart\u00e9, l\u2019ouvrage est en deux couleurs. Ce livret commence par une petite initiation aux r\u00e8gles de lecture coranique afin que ces versets les plus utilis\u00e9s durant la pri\u00e8re soient lus le plus correctement possible. Couverture souple.<\/p>\n","protected":false},"featured_media":18545,"comment_status":"open","ping_status":"closed","template":"","meta":{"_acf_changed":false},"product_brand":[],"product_cat":[2539,2466],"product_tag":[],"class_list":{"0":"post-18540","1":"product","2":"type-product","3":"status-publish","4":"has-post-thumbnail","6":"product_cat-coran","7":"product_cat-initiation","9":"first","10":"instock","11":"featured","12":"taxable","13":"shipping-taxable","14":"purchasable","15":"product-type-variable","16":"has-default-attributes","17":"wvs-archive-product-wrapper"},"acf":[],"yoast_head":"<!-- This site is optimized with the Yoast SEO plugin v27.1.1 - https:\/\/yoast.com\/product\/yoast-seo-wordpress\/ -->\n<title>Le Saint Coran \u2013 Juz \u2018Amma (translitt\u00e9r\u00e9) avec codes QR - \u00c9ditions Tawhid<\/title>\n<meta name=\"robots\" content=\"noindex, follow, max-snippet:-1, max-image-preview:large, max-video-preview:-1\" \/>\n<meta property=\"og:locale\" content=\"fr_FR\" \/>\n<meta property=\"og:type\" content=\"article\" \/>\n<meta property=\"og:title\" content=\"Le Saint Coran \u2013 Juz \u2018Amma (translitt\u00e9r\u00e9) avec codes QR - \u00c9ditions Tawhid\" \/>\n<meta property=\"og:description\" content=\"Nouveaut\u00e9: La pr\u00e9sence d\u2019un code QR permettant de suivre la lecture en audio en langue arabe.  Con\u00e7u pour l\u2019apprentissage des derni\u00e8res sourates du Coran, les versets sont traduits en fran\u00e7ais et sont translitt\u00e9r\u00e9s (phon\u00e9tique). Pour plus de clart\u00e9, l\u2019ouvrage est en deux couleurs. Ce livret commence par une petite initiation aux r\u00e8gles de lecture coranique afin que ces versets les plus utilis\u00e9s durant la pri\u00e8re soient lus le plus correctement possible. Couverture souple.\" \/>\n<meta property=\"og:url\" content=\"https:\/\/www.edition-tawhid.com\/staging-site\/produit\/le-saint-coran-juz-amma-translitere-avec-codes-qr\/\" \/>\n<meta property=\"og:site_name\" content=\"\u00c9ditions Tawhid\" \/>\n<meta property=\"article:publisher\" content=\"https:\/\/www.facebook.com\/editiontawhid\/\" \/>\n<meta property=\"article:modified_time\" content=\"2024-07-07T09:24:40+00:00\" \/>\n<meta property=\"og:image\" content=\"https:\/\/www.edition-tawhid.com\/staging-site\/wp-content\/uploads\/2024\/07\/amma-emeraude-qr-2024-1-v1.jpg\" \/>\n\t<meta property=\"og:image:width\" content=\"791\" \/>\n\t<meta property=\"og:image:height\" content=\"1024\" \/>\n\t<meta property=\"og:image:type\" content=\"image\/jpeg\" \/>\n<meta name=\"twitter:card\" content=\"summary_large_image\" \/>\n<script type=\"application\/ld+json\" class=\"yoast-schema-graph\">{\"@context\":\"https:\/\/schema.org\",\"@graph\":[{\"@type\":\"WebPage\",\"@id\":\"https:\/\/www.edition-tawhid.com\/staging-site\/produit\/le-saint-coran-juz-amma-translitere-avec-codes-qr\/\",\"url\":\"https:\/\/www.edition-tawhid.com\/staging-site\/produit\/le-saint-coran-juz-amma-translitere-avec-codes-qr\/\",\"name\":\"Le Saint Coran \u2013 Juz \u2018Amma (translitt\u00e9r\u00e9) avec codes QR - \u00c9ditions Tawhid\",\"isPartOf\":{\"@id\":\"https:\/\/www.edition-tawhid.com\/staging-site\/#website\"},\"primaryImageOfPage\":{\"@id\":\"https:\/\/www.edition-tawhid.com\/staging-site\/produit\/le-saint-coran-juz-amma-translitere-avec-codes-qr\/#primaryimage\"},\"image\":{\"@id\":\"https:\/\/www.edition-tawhid.com\/staging-site\/produit\/le-saint-coran-juz-amma-translitere-avec-codes-qr\/#primaryimage\"},\"thumbnailUrl\":\"https:\/\/www.edition-tawhid.com\/staging-site\/wp-content\/uploads\/2024\/07\/amma-emeraude-qr-2024-1-v1.jpg\",\"datePublished\":\"2024-07-05T19:17:32+00:00\",\"dateModified\":\"2024-07-07T09:24:40+00:00\",\"breadcrumb\":{\"@id\":\"https:\/\/www.edition-tawhid.com\/staging-site\/produit\/le-saint-coran-juz-amma-translitere-avec-codes-qr\/#breadcrumb\"},\"inLanguage\":\"fr-FR\",\"potentialAction\":[{\"@type\":\"ReadAction\",\"target\":[\"https:\/\/www.edition-tawhid.com\/staging-site\/produit\/le-saint-coran-juz-amma-translitere-avec-codes-qr\/\"]}]},{\"@type\":\"ImageObject\",\"inLanguage\":\"fr-FR\",\"@id\":\"https:\/\/www.edition-tawhid.com\/staging-site\/produit\/le-saint-coran-juz-amma-translitere-avec-codes-qr\/#primaryimage\",\"url\":\"https:\/\/www.edition-tawhid.com\/staging-site\/wp-content\/uploads\/2024\/07\/amma-emeraude-qr-2024-1-v1.jpg\",\"contentUrl\":\"https:\/\/www.edition-tawhid.com\/staging-site\/wp-content\/uploads\/2024\/07\/amma-emeraude-qr-2024-1-v1.jpg\",\"width\":791,\"height\":1024},{\"@type\":\"BreadcrumbList\",\"@id\":\"https:\/\/www.edition-tawhid.com\/staging-site\/produit\/le-saint-coran-juz-amma-translitere-avec-codes-qr\/#breadcrumb\",\"itemListElement\":[{\"@type\":\"ListItem\",\"position\":1,\"name\":\"Accueil\",\"item\":\"https:\/\/www.edition-tawhid.com\/staging-site\/\"},{\"@type\":\"ListItem\",\"position\":2,\"name\":\"Tous nos livres\",\"item\":\"https:\/\/www.edition-tawhid.com\/staging-site\/tous-nos-livres\/\"},{\"@type\":\"ListItem\",\"position\":3,\"name\":\"Le Saint Coran \u2013 Juz \u2018Amma (translitt\u00e9r\u00e9) avec codes QR\"}]},{\"@type\":\"WebSite\",\"@id\":\"https:\/\/www.edition-tawhid.com\/staging-site\/#website\",\"url\":\"https:\/\/www.edition-tawhid.com\/staging-site\/\",\"name\":\"\u00c9ditions Tawhid\",\"description\":\"Le sp\u00e9cialiste du livre islamique francophone\",\"publisher\":{\"@id\":\"https:\/\/www.edition-tawhid.com\/staging-site\/#organization\"},\"potentialAction\":[{\"@type\":\"SearchAction\",\"target\":{\"@type\":\"EntryPoint\",\"urlTemplate\":\"https:\/\/www.edition-tawhid.com\/staging-site\/?s={search_term_string}\"},\"query-input\":{\"@type\":\"PropertyValueSpecification\",\"valueRequired\":true,\"valueName\":\"search_term_string\"}}],\"inLanguage\":\"fr-FR\"},{\"@type\":\"Organization\",\"@id\":\"https:\/\/www.edition-tawhid.com\/staging-site\/#organization\",\"name\":\"Editions Tawhid\",\"url\":\"https:\/\/www.edition-tawhid.com\/staging-site\/\",\"logo\":{\"@type\":\"ImageObject\",\"inLanguage\":\"fr-FR\",\"@id\":\"https:\/\/www.edition-tawhid.com\/staging-site\/#\/schema\/logo\/image\/\",\"url\":\"https:\/\/www.edition-tawhid.com\/staging-site\/wp-content\/uploads\/2018\/12\/logo_noir_v1-01.png\",\"contentUrl\":\"https:\/\/www.edition-tawhid.com\/staging-site\/wp-content\/uploads\/2018\/12\/logo_noir_v1-01.png\",\"width\":80,\"height\":112,\"caption\":\"Editions Tawhid\"},\"image\":{\"@id\":\"https:\/\/www.edition-tawhid.com\/staging-site\/#\/schema\/logo\/image\/\"},\"sameAs\":[\"https:\/\/www.facebook.com\/editiontawhid\/\"]}]}<\/script>\n<!-- \/ Yoast SEO plugin. -->","yoast_head_json":{"title":"Le Saint Coran \u2013 Juz \u2018Amma (translitt\u00e9r\u00e9) avec codes QR - \u00c9ditions Tawhid","robots":{"index":"noindex","follow":"follow","max-snippet":"max-snippet:-1","max-image-preview":"max-image-preview:large","max-video-preview":"max-video-preview:-1"},"og_locale":"fr_FR","og_type":"article","og_title":"Le Saint Coran \u2013 Juz \u2018Amma (translitt\u00e9r\u00e9) avec codes QR - \u00c9ditions Tawhid","og_description":"Nouveaut\u00e9: La pr\u00e9sence d\u2019un code QR permettant de suivre la lecture en audio en langue arabe.  Con\u00e7u pour l\u2019apprentissage des derni\u00e8res sourates du Coran, les versets sont traduits en fran\u00e7ais et sont translitt\u00e9r\u00e9s (phon\u00e9tique). Pour plus de clart\u00e9, l\u2019ouvrage est en deux couleurs. Ce livret commence par une petite initiation aux r\u00e8gles de lecture coranique afin que ces versets les plus utilis\u00e9s durant la pri\u00e8re soient lus le plus correctement possible. Couverture souple.","og_url":"https:\/\/www.edition-tawhid.com\/staging-site\/produit\/le-saint-coran-juz-amma-translitere-avec-codes-qr\/","og_site_name":"\u00c9ditions Tawhid","article_publisher":"https:\/\/www.facebook.com\/editiontawhid\/","article_modified_time":"2024-07-07T09:24:40+00:00","og_image":[{"width":791,"height":1024,"url":"https:\/\/www.edition-tawhid.com\/staging-site\/wp-content\/uploads\/2024\/07\/amma-emeraude-qr-2024-1-v1.jpg","type":"image\/jpeg"}],"twitter_card":"summary_large_image","schema":{"@context":"https:\/\/schema.org","@graph":[{"@type":"WebPage","@id":"https:\/\/www.edition-tawhid.com\/staging-site\/produit\/le-saint-coran-juz-amma-translitere-avec-codes-qr\/","url":"https:\/\/www.edition-tawhid.com\/staging-site\/produit\/le-saint-coran-juz-amma-translitere-avec-codes-qr\/","name":"Le Saint Coran \u2013 Juz \u2018Amma (translitt\u00e9r\u00e9) avec codes QR - \u00c9ditions Tawhid","isPartOf":{"@id":"https:\/\/www.edition-tawhid.com\/staging-site\/#website"},"primaryImageOfPage":{"@id":"https:\/\/www.edition-tawhid.com\/staging-site\/produit\/le-saint-coran-juz-amma-translitere-avec-codes-qr\/#primaryimage"},"image":{"@id":"https:\/\/www.edition-tawhid.com\/staging-site\/produit\/le-saint-coran-juz-amma-translitere-avec-codes-qr\/#primaryimage"},"thumbnailUrl":"https:\/\/www.edition-tawhid.com\/staging-site\/wp-content\/uploads\/2024\/07\/amma-emeraude-qr-2024-1-v1.jpg","datePublished":"2024-07-05T19:17:32+00:00","dateModified":"2024-07-07T09:24:40+00:00","breadcrumb":{"@id":"https:\/\/www.edition-tawhid.com\/staging-site\/produit\/le-saint-coran-juz-amma-translitere-avec-codes-qr\/#breadcrumb"},"inLanguage":"fr-FR","potentialAction":[{"@type":"ReadAction","target":["https:\/\/www.edition-tawhid.com\/staging-site\/produit\/le-saint-coran-juz-amma-translitere-avec-codes-qr\/"]}]},{"@type":"ImageObject","inLanguage":"fr-FR","@id":"https:\/\/www.edition-tawhid.com\/staging-site\/produit\/le-saint-coran-juz-amma-translitere-avec-codes-qr\/#primaryimage","url":"https:\/\/www.edition-tawhid.com\/staging-site\/wp-content\/uploads\/2024\/07\/amma-emeraude-qr-2024-1-v1.jpg","contentUrl":"https:\/\/www.edition-tawhid.com\/staging-site\/wp-content\/uploads\/2024\/07\/amma-emeraude-qr-2024-1-v1.jpg","width":791,"height":1024},{"@type":"BreadcrumbList","@id":"https:\/\/www.edition-tawhid.com\/staging-site\/produit\/le-saint-coran-juz-amma-translitere-avec-codes-qr\/#breadcrumb","itemListElement":[{"@type":"ListItem","position":1,"name":"Accueil","item":"https:\/\/www.edition-tawhid.com\/staging-site\/"},{"@type":"ListItem","position":2,"name":"Tous nos livres","item":"https:\/\/www.edition-tawhid.com\/staging-site\/tous-nos-livres\/"},{"@type":"ListItem","position":3,"name":"Le Saint Coran \u2013 Juz \u2018Amma (translitt\u00e9r\u00e9) avec codes QR"}]},{"@type":"WebSite","@id":"https:\/\/www.edition-tawhid.com\/staging-site\/#website","url":"https:\/\/www.edition-tawhid.com\/staging-site\/","name":"\u00c9ditions Tawhid","description":"Le sp\u00e9cialiste du livre islamique francophone","publisher":{"@id":"https:\/\/www.edition-tawhid.com\/staging-site\/#organization"},"potentialAction":[{"@type":"SearchAction","target":{"@type":"EntryPoint","urlTemplate":"https:\/\/www.edition-tawhid.com\/staging-site\/?s={search_term_string}"},"query-input":{"@type":"PropertyValueSpecification","valueRequired":true,"valueName":"search_term_string"}}],"inLanguage":"fr-FR"},{"@type":"Organization","@id":"https:\/\/www.edition-tawhid.com\/staging-site\/#organization","name":"Editions Tawhid","url":"https:\/\/www.edition-tawhid.com\/staging-site\/","logo":{"@type":"ImageObject","inLanguage":"fr-FR","@id":"https:\/\/www.edition-tawhid.com\/staging-site\/#\/schema\/logo\/image\/","url":"https:\/\/www.edition-tawhid.com\/staging-site\/wp-content\/uploads\/2018\/12\/logo_noir_v1-01.png","contentUrl":"https:\/\/www.edition-tawhid.com\/staging-site\/wp-content\/uploads\/2018\/12\/logo_noir_v1-01.png","width":80,"height":112,"caption":"Editions Tawhid"},"image":{"@id":"https:\/\/www.edition-tawhid.com\/staging-site\/#\/schema\/logo\/image\/"},"sameAs":["https:\/\/www.facebook.com\/editiontawhid\/"]}]}},"_links":{"self":[{"href":"https:\/\/www.edition-tawhid.com\/staging-site\/wp-json\/wp\/v2\/product\/18540","targetHints":{"allow":["GET"]}}],"collection":[{"href":"https:\/\/www.edition-tawhid.com\/staging-site\/wp-json\/wp\/v2\/product"}],"about":[{"href":"https:\/\/www.edition-tawhid.com\/staging-site\/wp-json\/wp\/v2\/types\/product"}],"replies":[{"embeddable":true,"href":"https:\/\/www.edition-tawhid.com\/staging-site\/wp-json\/wp\/v2\/comments?post=18540"}],"wp:featuredmedia":[{"embeddable":true,"href":"https:\/\/www.edition-tawhid.com\/staging-site\/wp-json\/wp\/v2\/media\/18545"}],"wp:attachment":[{"href":"https:\/\/www.edition-tawhid.com\/staging-site\/wp-json\/wp\/v2\/media?parent=18540"}],"wp:term":[{"taxonomy":"product_brand","embeddable":true,"href":"https:\/\/www.edition-tawhid.com\/staging-site\/wp-json\/wp\/v2\/product_brand?post=18540"},{"taxonomy":"product_cat","embeddable":true,"href":"https:\/\/www.edition-tawhid.com\/staging-site\/wp-json\/wp\/v2\/product_cat?post=18540"},{"taxonomy":"product_tag","embeddable":true,"href":"https:\/\/www.edition-tawhid.com\/staging-site\/wp-json\/wp\/v2\/product_tag?post=18540"}],"curies":[{"name":"wp","href":"https:\/\/api.w.org\/{rel}","templated":true}]}}