{"id":1887,"date":"2016-04-25T16:28:07","date_gmt":"2016-04-25T14:28:07","guid":{"rendered":"https:\/\/www.edition-tawhid.com\/staging-site\/produit\/le-probleme-des-idees-dans-le-monde-musulman\/"},"modified":"2023-07-17T05:44:36","modified_gmt":"2023-07-17T03:44:36","slug":"le-probleme-des-idees-dans-le-monde-musulman","status":"publish","type":"product","link":"https:\/\/www.edition-tawhid.com\/staging-site\/produit\/le-probleme-des-idees-dans-le-monde-musulman\/","title":{"rendered":"Le probl\u00e8me des id\u00e9es dans le monde musulman"},"content":{"rendered":"<p>Dans Le probl\u00e8me des id\u00e9es dans le monde musulman, Malek Bennabi montre la primordialit\u00e9 de l\u2019id\u00e9e, en tant que force, en tant que dynamique. Elle est la base de toute action, de tout changement possible. Sans l\u2019id\u00e9e, il n\u2019y a que d\u00e9ch\u00e9ance, et c\u2019est ce qui a fait le d\u00e9faut de l\u2019homme musulman qui a pr\u00e9f\u00e9r\u00e9 s\u2019attacher au monde des choses plut\u00f4t qu\u2019au monde des id\u00e9es.<\/p>\n<p>Dans cet ouvrage, Malek Bennabi inscrit le besoin n\u00e9cessaire du retour \u00e0 la pens\u00e9e, \u00e0 l\u2019enrichissement intellectuel dynamique, vivant, et non scl\u00e9rosant et pompeux. Il rappelle que le souffle de la r\u00e9v\u00e9lation coranique a \u00e9t\u00e9 intimement li\u00e9 \u00e0 la notion d\u2019id\u00e9e, de rappel \u00e0 l\u2019esprit, \u00e0 l\u2019intellect, \u00e0 travers les premiers versets r\u00e9v\u00e9l\u00e9s : \u00ab Lis ! \u00bb. Ainsi l\u2019homme est-il fait pour se construire un monde bas\u00e9 sur des id\u00e9es, avant de se construire un monde fix\u00e9 sur l\u2019obsession de la chose.<\/p>\n<p>Cet ouvrage captivant compl\u00e8te Le probl\u00e8me de la culture, \u00e0 travers une r\u00e9flexion peu rencontr\u00e9e jusqu\u2019alors dans la sph\u00e8re intellectuelle musulmane.<\/p>\n","protected":false},"excerpt":{"rendered":"<p>Dans \u00ab\u00a0Le probl\u00e8me des id\u00e9es dans le monde musulman\u00a0\u00bb, Malek Bennabi montre la primordialit\u00e9 de l&rsquo;id\u00e9e, en tant que force, en tant que dynamique. Sans l&rsquo;id\u00e9e, il n&rsquo;y a que d\u00e9ch\u00e9ance, et c&rsquo;est ce qui a fait d\u00e9faut \u00e0 l&rsquo;homme musulman qui a pr\u00e9f\u00e9r\u00e9 s&rsquo;attacher au monde des choses plut\u00f4t qu&rsquo;au monde des id\u00e9es.<\/p>\n","protected":false},"featured_media":12612,"comment_status":"open","ping_status":"closed","template":"","meta":{"_acf_changed":false},"product_brand":[],"product_cat":[2480],"product_tag":[],"class_list":{"0":"post-1887","1":"product","2":"type-product","3":"status-publish","4":"has-post-thumbnail","6":"product_cat-pensee","7":"pa_book-author-malek-bennabi","9":"first","10":"instock","11":"taxable","12":"shipping-taxable","13":"purchasable","14":"product-type-simple"},"acf":[],"yoast_head":"<!-- This site is optimized with the Yoast SEO plugin v27.1.1 - https:\/\/yoast.com\/product\/yoast-seo-wordpress\/ -->\n<title>Le probl\u00e8me des id\u00e9es dans le monde musulman - \u00c9ditions Tawhid<\/title>\n<meta name=\"robots\" content=\"noindex, follow, max-snippet:-1, max-image-preview:large, max-video-preview:-1\" \/>\n<meta property=\"og:locale\" content=\"fr_FR\" \/>\n<meta property=\"og:type\" content=\"article\" \/>\n<meta property=\"og:title\" content=\"Le probl\u00e8me des id\u00e9es dans le monde musulman - \u00c9ditions Tawhid\" \/>\n<meta property=\"og:description\" content=\"Dans &quot;Le probl\u00e8me des id\u00e9es dans le monde musulman&quot;, Malek Bennabi montre la primordialit\u00e9 de l&#039;id\u00e9e, en tant que force, en tant que dynamique. Sans l&#039;id\u00e9e, il n&#039;y a que d\u00e9ch\u00e9ance, et c&#039;est ce qui a fait d\u00e9faut \u00e0 l&#039;homme musulman qui a pr\u00e9f\u00e9r\u00e9 s&#039;attacher au monde des choses plut\u00f4t qu&#039;au monde des id\u00e9es.\" \/>\n<meta property=\"og:url\" content=\"https:\/\/www.edition-tawhid.com\/staging-site\/produit\/le-probleme-des-idees-dans-le-monde-musulman\/\" \/>\n<meta property=\"og:site_name\" content=\"\u00c9ditions Tawhid\" \/>\n<meta property=\"article:publisher\" content=\"https:\/\/www.facebook.com\/editiontawhid\/\" \/>\n<meta property=\"article:modified_time\" content=\"2023-07-17T03:44:36+00:00\" \/>\n<meta property=\"og:image\" content=\"https:\/\/www.edition-tawhid.com\/staging-site\/wp-content\/uploads\/2016\/04\/bennabi_idees_1_NEW.jpg\" \/>\n\t<meta property=\"og:image:width\" content=\"791\" \/>\n\t<meta property=\"og:image:height\" content=\"1024\" \/>\n\t<meta property=\"og:image:type\" content=\"image\/jpeg\" \/>\n<meta name=\"twitter:card\" content=\"summary_large_image\" \/>\n<meta name=\"twitter:label1\" content=\"Dur\u00e9e de lecture estim\u00e9e\" \/>\n\t<meta name=\"twitter:data1\" content=\"1 minute\" \/>\n<script type=\"application\/ld+json\" class=\"yoast-schema-graph\">{\"@context\":\"https:\/\/schema.org\",\"@graph\":[{\"@type\":\"WebPage\",\"@id\":\"https:\/\/www.edition-tawhid.com\/staging-site\/produit\/le-probleme-des-idees-dans-le-monde-musulman\/\",\"url\":\"https:\/\/www.edition-tawhid.com\/staging-site\/produit\/le-probleme-des-idees-dans-le-monde-musulman\/\",\"name\":\"Le probl\u00e8me des id\u00e9es dans le monde musulman - \u00c9ditions Tawhid\",\"isPartOf\":{\"@id\":\"https:\/\/www.edition-tawhid.com\/staging-site\/#website\"},\"primaryImageOfPage\":{\"@id\":\"https:\/\/www.edition-tawhid.com\/staging-site\/produit\/le-probleme-des-idees-dans-le-monde-musulman\/#primaryimage\"},\"image\":{\"@id\":\"https:\/\/www.edition-tawhid.com\/staging-site\/produit\/le-probleme-des-idees-dans-le-monde-musulman\/#primaryimage\"},\"thumbnailUrl\":\"https:\/\/www.edition-tawhid.com\/staging-site\/wp-content\/uploads\/2016\/04\/bennabi_idees_1_NEW.jpg\",\"datePublished\":\"2016-04-25T14:28:07+00:00\",\"dateModified\":\"2023-07-17T03:44:36+00:00\",\"breadcrumb\":{\"@id\":\"https:\/\/www.edition-tawhid.com\/staging-site\/produit\/le-probleme-des-idees-dans-le-monde-musulman\/#breadcrumb\"},\"inLanguage\":\"fr-FR\",\"potentialAction\":[{\"@type\":\"ReadAction\",\"target\":[\"https:\/\/www.edition-tawhid.com\/staging-site\/produit\/le-probleme-des-idees-dans-le-monde-musulman\/\"]}]},{\"@type\":\"ImageObject\",\"inLanguage\":\"fr-FR\",\"@id\":\"https:\/\/www.edition-tawhid.com\/staging-site\/produit\/le-probleme-des-idees-dans-le-monde-musulman\/#primaryimage\",\"url\":\"https:\/\/www.edition-tawhid.com\/staging-site\/wp-content\/uploads\/2016\/04\/bennabi_idees_1_NEW.jpg\",\"contentUrl\":\"https:\/\/www.edition-tawhid.com\/staging-site\/wp-content\/uploads\/2016\/04\/bennabi_idees_1_NEW.jpg\",\"width\":791,\"height\":1024},{\"@type\":\"BreadcrumbList\",\"@id\":\"https:\/\/www.edition-tawhid.com\/staging-site\/produit\/le-probleme-des-idees-dans-le-monde-musulman\/#breadcrumb\",\"itemListElement\":[{\"@type\":\"ListItem\",\"position\":1,\"name\":\"Accueil\",\"item\":\"https:\/\/www.edition-tawhid.com\/staging-site\/\"},{\"@type\":\"ListItem\",\"position\":2,\"name\":\"Tous nos livres\",\"item\":\"https:\/\/www.edition-tawhid.com\/staging-site\/tous-nos-livres\/\"},{\"@type\":\"ListItem\",\"position\":3,\"name\":\"Le probl\u00e8me des id\u00e9es dans le monde musulman\"}]},{\"@type\":\"WebSite\",\"@id\":\"https:\/\/www.edition-tawhid.com\/staging-site\/#website\",\"url\":\"https:\/\/www.edition-tawhid.com\/staging-site\/\",\"name\":\"\u00c9ditions Tawhid\",\"description\":\"Le sp\u00e9cialiste du livre islamique francophone\",\"publisher\":{\"@id\":\"https:\/\/www.edition-tawhid.com\/staging-site\/#organization\"},\"potentialAction\":[{\"@type\":\"SearchAction\",\"target\":{\"@type\":\"EntryPoint\",\"urlTemplate\":\"https:\/\/www.edition-tawhid.com\/staging-site\/?s={search_term_string}\"},\"query-input\":{\"@type\":\"PropertyValueSpecification\",\"valueRequired\":true,\"valueName\":\"search_term_string\"}}],\"inLanguage\":\"fr-FR\"},{\"@type\":\"Organization\",\"@id\":\"https:\/\/www.edition-tawhid.com\/staging-site\/#organization\",\"name\":\"Editions Tawhid\",\"url\":\"https:\/\/www.edition-tawhid.com\/staging-site\/\",\"logo\":{\"@type\":\"ImageObject\",\"inLanguage\":\"fr-FR\",\"@id\":\"https:\/\/www.edition-tawhid.com\/staging-site\/#\/schema\/logo\/image\/\",\"url\":\"https:\/\/www.edition-tawhid.com\/staging-site\/wp-content\/uploads\/2018\/12\/logo_noir_v1-01.png\",\"contentUrl\":\"https:\/\/www.edition-tawhid.com\/staging-site\/wp-content\/uploads\/2018\/12\/logo_noir_v1-01.png\",\"width\":80,\"height\":112,\"caption\":\"Editions Tawhid\"},\"image\":{\"@id\":\"https:\/\/www.edition-tawhid.com\/staging-site\/#\/schema\/logo\/image\/\"},\"sameAs\":[\"https:\/\/www.facebook.com\/editiontawhid\/\"]}]}<\/script>\n<!-- \/ Yoast SEO plugin. -->","yoast_head_json":{"title":"Le probl\u00e8me des id\u00e9es dans le monde musulman - \u00c9ditions Tawhid","robots":{"index":"noindex","follow":"follow","max-snippet":"max-snippet:-1","max-image-preview":"max-image-preview:large","max-video-preview":"max-video-preview:-1"},"og_locale":"fr_FR","og_type":"article","og_title":"Le probl\u00e8me des id\u00e9es dans le monde musulman - \u00c9ditions Tawhid","og_description":"Dans \"Le probl\u00e8me des id\u00e9es dans le monde musulman\", Malek Bennabi montre la primordialit\u00e9 de l'id\u00e9e, en tant que force, en tant que dynamique. Sans l'id\u00e9e, il n'y a que d\u00e9ch\u00e9ance, et c'est ce qui a fait d\u00e9faut \u00e0 l'homme musulman qui a pr\u00e9f\u00e9r\u00e9 s'attacher au monde des choses plut\u00f4t qu'au monde des id\u00e9es.","og_url":"https:\/\/www.edition-tawhid.com\/staging-site\/produit\/le-probleme-des-idees-dans-le-monde-musulman\/","og_site_name":"\u00c9ditions Tawhid","article_publisher":"https:\/\/www.facebook.com\/editiontawhid\/","article_modified_time":"2023-07-17T03:44:36+00:00","og_image":[{"width":791,"height":1024,"url":"https:\/\/www.edition-tawhid.com\/staging-site\/wp-content\/uploads\/2016\/04\/bennabi_idees_1_NEW.jpg","type":"image\/jpeg"}],"twitter_card":"summary_large_image","twitter_misc":{"Dur\u00e9e de lecture estim\u00e9e":"1 minute"},"schema":{"@context":"https:\/\/schema.org","@graph":[{"@type":"WebPage","@id":"https:\/\/www.edition-tawhid.com\/staging-site\/produit\/le-probleme-des-idees-dans-le-monde-musulman\/","url":"https:\/\/www.edition-tawhid.com\/staging-site\/produit\/le-probleme-des-idees-dans-le-monde-musulman\/","name":"Le probl\u00e8me des id\u00e9es dans le monde musulman - \u00c9ditions Tawhid","isPartOf":{"@id":"https:\/\/www.edition-tawhid.com\/staging-site\/#website"},"primaryImageOfPage":{"@id":"https:\/\/www.edition-tawhid.com\/staging-site\/produit\/le-probleme-des-idees-dans-le-monde-musulman\/#primaryimage"},"image":{"@id":"https:\/\/www.edition-tawhid.com\/staging-site\/produit\/le-probleme-des-idees-dans-le-monde-musulman\/#primaryimage"},"thumbnailUrl":"https:\/\/www.edition-tawhid.com\/staging-site\/wp-content\/uploads\/2016\/04\/bennabi_idees_1_NEW.jpg","datePublished":"2016-04-25T14:28:07+00:00","dateModified":"2023-07-17T03:44:36+00:00","breadcrumb":{"@id":"https:\/\/www.edition-tawhid.com\/staging-site\/produit\/le-probleme-des-idees-dans-le-monde-musulman\/#breadcrumb"},"inLanguage":"fr-FR","potentialAction":[{"@type":"ReadAction","target":["https:\/\/www.edition-tawhid.com\/staging-site\/produit\/le-probleme-des-idees-dans-le-monde-musulman\/"]}]},{"@type":"ImageObject","inLanguage":"fr-FR","@id":"https:\/\/www.edition-tawhid.com\/staging-site\/produit\/le-probleme-des-idees-dans-le-monde-musulman\/#primaryimage","url":"https:\/\/www.edition-tawhid.com\/staging-site\/wp-content\/uploads\/2016\/04\/bennabi_idees_1_NEW.jpg","contentUrl":"https:\/\/www.edition-tawhid.com\/staging-site\/wp-content\/uploads\/2016\/04\/bennabi_idees_1_NEW.jpg","width":791,"height":1024},{"@type":"BreadcrumbList","@id":"https:\/\/www.edition-tawhid.com\/staging-site\/produit\/le-probleme-des-idees-dans-le-monde-musulman\/#breadcrumb","itemListElement":[{"@type":"ListItem","position":1,"name":"Accueil","item":"https:\/\/www.edition-tawhid.com\/staging-site\/"},{"@type":"ListItem","position":2,"name":"Tous nos livres","item":"https:\/\/www.edition-tawhid.com\/staging-site\/tous-nos-livres\/"},{"@type":"ListItem","position":3,"name":"Le probl\u00e8me des id\u00e9es dans le monde musulman"}]},{"@type":"WebSite","@id":"https:\/\/www.edition-tawhid.com\/staging-site\/#website","url":"https:\/\/www.edition-tawhid.com\/staging-site\/","name":"\u00c9ditions Tawhid","description":"Le sp\u00e9cialiste du livre islamique francophone","publisher":{"@id":"https:\/\/www.edition-tawhid.com\/staging-site\/#organization"},"potentialAction":[{"@type":"SearchAction","target":{"@type":"EntryPoint","urlTemplate":"https:\/\/www.edition-tawhid.com\/staging-site\/?s={search_term_string}"},"query-input":{"@type":"PropertyValueSpecification","valueRequired":true,"valueName":"search_term_string"}}],"inLanguage":"fr-FR"},{"@type":"Organization","@id":"https:\/\/www.edition-tawhid.com\/staging-site\/#organization","name":"Editions Tawhid","url":"https:\/\/www.edition-tawhid.com\/staging-site\/","logo":{"@type":"ImageObject","inLanguage":"fr-FR","@id":"https:\/\/www.edition-tawhid.com\/staging-site\/#\/schema\/logo\/image\/","url":"https:\/\/www.edition-tawhid.com\/staging-site\/wp-content\/uploads\/2018\/12\/logo_noir_v1-01.png","contentUrl":"https:\/\/www.edition-tawhid.com\/staging-site\/wp-content\/uploads\/2018\/12\/logo_noir_v1-01.png","width":80,"height":112,"caption":"Editions Tawhid"},"image":{"@id":"https:\/\/www.edition-tawhid.com\/staging-site\/#\/schema\/logo\/image\/"},"sameAs":["https:\/\/www.facebook.com\/editiontawhid\/"]}]}},"_links":{"self":[{"href":"https:\/\/www.edition-tawhid.com\/staging-site\/wp-json\/wp\/v2\/product\/1887","targetHints":{"allow":["GET"]}}],"collection":[{"href":"https:\/\/www.edition-tawhid.com\/staging-site\/wp-json\/wp\/v2\/product"}],"about":[{"href":"https:\/\/www.edition-tawhid.com\/staging-site\/wp-json\/wp\/v2\/types\/product"}],"replies":[{"embeddable":true,"href":"https:\/\/www.edition-tawhid.com\/staging-site\/wp-json\/wp\/v2\/comments?post=1887"}],"wp:featuredmedia":[{"embeddable":true,"href":"https:\/\/www.edition-tawhid.com\/staging-site\/wp-json\/wp\/v2\/media\/12612"}],"wp:attachment":[{"href":"https:\/\/www.edition-tawhid.com\/staging-site\/wp-json\/wp\/v2\/media?parent=1887"}],"wp:term":[{"taxonomy":"product_brand","embeddable":true,"href":"https:\/\/www.edition-tawhid.com\/staging-site\/wp-json\/wp\/v2\/product_brand?post=1887"},{"taxonomy":"product_cat","embeddable":true,"href":"https:\/\/www.edition-tawhid.com\/staging-site\/wp-json\/wp\/v2\/product_cat?post=1887"},{"taxonomy":"product_tag","embeddable":true,"href":"https:\/\/www.edition-tawhid.com\/staging-site\/wp-json\/wp\/v2\/product_tag?post=1887"}],"curies":[{"name":"wp","href":"https:\/\/api.w.org\/{rel}","templated":true}]}}