{"id":1902,"date":"2016-04-27T17:38:06","date_gmt":"2016-04-27T15:38:06","guid":{"rendered":"https:\/\/www.edition-tawhid.com\/staging-site\/produit\/le-probleme-des-idees-dans-le-monde-musulman-4\/"},"modified":"2023-07-20T03:15:07","modified_gmt":"2023-07-20T01:15:07","slug":"le-probleme-de-la-culture","status":"publish","type":"product","link":"https:\/\/www.edition-tawhid.com\/staging-site\/produit\/le-probleme-de-la-culture\/","title":{"rendered":"Le probl\u00e8me de la culture"},"content":{"rendered":"<p>Jamais un auteur musulman ne s\u2019est attach\u00e9 \u00e0 \u00e9voquer la question pourtant fondamentale de la culture. Ce th\u00e8me, totalement \u00e9tranger \u00e0 la pens\u00e9e arabo-musulmane contemporaine n\u2019est \u00e9voqu\u00e9 que sous les traits de la distraction ou du divertissement, une parure de l\u2019esprit, ce qui montre sa pauvret\u00e9. Pourtant l\u00e0 o\u00f9 la culture est absente, la civilisation meurt. Et, \u00e0 travers Le probl\u00e8me de la culture, Malek Bennabi le rappelle avec force : le monde musulman est en situation de crise profonde.<\/p>\n<p>Si l\u2019on se pla\u00eet \u00e0 ignorer que la culture va du simple geste quotidien jusqu\u2019au dessein le plus grandiose, si l\u2019on oublie que cela concerne aussi bien le peintre que le paysan, l\u2019instituteur que l\u2019homme politique, alors la civilisation n\u2019a pas de chance d\u2019\u00e9merger et de se r\u00e9g\u00e9n\u00e9rer.<\/p>\n<p>Ainsi Bennabi appelle, \u00e0 travers cette analyse forte et pertinente, l\u2019urgence pour le monde musulman de recr\u00e9er, et de d\u00e9velopper sa propre culture qui fit l\u2019admiration du monde lors de son apog\u00e9e, en d\u00e9cortiquant les \u00e9l\u00e9ments constitutifs de la culture que sont l\u2019\u00e9thique, l\u2019esth\u00e9tique, la logique pragmatique et la technique, afin que l\u2019homme musulman puisse enfin tenter de retrouver une culture qui lui permette de se remettre en qu\u00eate de sa propre civilisation.<\/p>\n","protected":false},"excerpt":{"rendered":"<p>Malek Bennabi rappelle, \u00e0 travers une analyse forte et pertinente, l&rsquo;urgence pour le monde musulman de recr\u00e9er et de d\u00e9velopper sa propre culture qui fit l&rsquo;admiration du monde lors de son apog\u00e9e, en d\u00e9cortiquant les \u00e9l\u00e9ments constitutifs de la culture, afin que l&rsquo;homme musulman puisse enfin tenter de retrouver une culture qui lui permette de se remette en qu\u00eate de sa propre civilisation.<\/p>\n","protected":false},"featured_media":12610,"comment_status":"open","ping_status":"closed","template":"","meta":{"_acf_changed":false},"product_brand":[],"product_cat":[2480],"product_tag":[],"class_list":{"0":"post-1902","1":"product","2":"type-product","3":"status-publish","4":"has-post-thumbnail","6":"product_cat-pensee","7":"pa_book-author-malek-bennabi","9":"first","10":"instock","11":"taxable","12":"shipping-taxable","13":"purchasable","14":"product-type-simple"},"acf":[],"yoast_head":"<!-- This site is optimized with the Yoast SEO plugin v27.1.1 - https:\/\/yoast.com\/product\/yoast-seo-wordpress\/ -->\n<title>Le probl\u00e8me de la culture - \u00c9ditions Tawhid<\/title>\n<meta name=\"robots\" content=\"noindex, follow, max-snippet:-1, max-image-preview:large, max-video-preview:-1\" \/>\n<meta property=\"og:locale\" content=\"fr_FR\" \/>\n<meta property=\"og:type\" content=\"article\" \/>\n<meta property=\"og:title\" content=\"Le probl\u00e8me de la culture - \u00c9ditions Tawhid\" \/>\n<meta property=\"og:description\" content=\"Malek Bennabi rappelle, \u00e0 travers une analyse forte et pertinente, l&#039;urgence pour le monde musulman de recr\u00e9er et de d\u00e9velopper sa propre culture qui fit l&#039;admiration du monde lors de son apog\u00e9e, en d\u00e9cortiquant les \u00e9l\u00e9ments constitutifs de la culture, afin que l&#039;homme musulman puisse enfin tenter de retrouver une culture qui lui permette de se remette en qu\u00eate de sa propre civilisation.\" \/>\n<meta property=\"og:url\" content=\"https:\/\/www.edition-tawhid.com\/staging-site\/produit\/le-probleme-de-la-culture\/\" \/>\n<meta property=\"og:site_name\" content=\"\u00c9ditions Tawhid\" \/>\n<meta property=\"article:publisher\" content=\"https:\/\/www.facebook.com\/editiontawhid\/\" \/>\n<meta property=\"article:modified_time\" content=\"2023-07-20T01:15:07+00:00\" \/>\n<meta property=\"og:image\" content=\"https:\/\/www.edition-tawhid.com\/staging-site\/wp-content\/uploads\/2016\/04\/bennabi_culture_1_NEW.jpg\" \/>\n\t<meta property=\"og:image:width\" content=\"791\" \/>\n\t<meta property=\"og:image:height\" content=\"1024\" \/>\n\t<meta property=\"og:image:type\" content=\"image\/jpeg\" \/>\n<meta name=\"twitter:card\" content=\"summary_large_image\" \/>\n<meta name=\"twitter:label1\" content=\"Dur\u00e9e de lecture estim\u00e9e\" \/>\n\t<meta name=\"twitter:data1\" content=\"1 minute\" \/>\n<script type=\"application\/ld+json\" class=\"yoast-schema-graph\">{\"@context\":\"https:\/\/schema.org\",\"@graph\":[{\"@type\":\"WebPage\",\"@id\":\"https:\/\/www.edition-tawhid.com\/staging-site\/produit\/le-probleme-de-la-culture\/\",\"url\":\"https:\/\/www.edition-tawhid.com\/staging-site\/produit\/le-probleme-de-la-culture\/\",\"name\":\"Le probl\u00e8me de la culture - \u00c9ditions Tawhid\",\"isPartOf\":{\"@id\":\"https:\/\/www.edition-tawhid.com\/staging-site\/#website\"},\"primaryImageOfPage\":{\"@id\":\"https:\/\/www.edition-tawhid.com\/staging-site\/produit\/le-probleme-de-la-culture\/#primaryimage\"},\"image\":{\"@id\":\"https:\/\/www.edition-tawhid.com\/staging-site\/produit\/le-probleme-de-la-culture\/#primaryimage\"},\"thumbnailUrl\":\"https:\/\/www.edition-tawhid.com\/staging-site\/wp-content\/uploads\/2016\/04\/bennabi_culture_1_NEW.jpg\",\"datePublished\":\"2016-04-27T15:38:06+00:00\",\"dateModified\":\"2023-07-20T01:15:07+00:00\",\"breadcrumb\":{\"@id\":\"https:\/\/www.edition-tawhid.com\/staging-site\/produit\/le-probleme-de-la-culture\/#breadcrumb\"},\"inLanguage\":\"fr-FR\",\"potentialAction\":[{\"@type\":\"ReadAction\",\"target\":[\"https:\/\/www.edition-tawhid.com\/staging-site\/produit\/le-probleme-de-la-culture\/\"]}]},{\"@type\":\"ImageObject\",\"inLanguage\":\"fr-FR\",\"@id\":\"https:\/\/www.edition-tawhid.com\/staging-site\/produit\/le-probleme-de-la-culture\/#primaryimage\",\"url\":\"https:\/\/www.edition-tawhid.com\/staging-site\/wp-content\/uploads\/2016\/04\/bennabi_culture_1_NEW.jpg\",\"contentUrl\":\"https:\/\/www.edition-tawhid.com\/staging-site\/wp-content\/uploads\/2016\/04\/bennabi_culture_1_NEW.jpg\",\"width\":791,\"height\":1024},{\"@type\":\"BreadcrumbList\",\"@id\":\"https:\/\/www.edition-tawhid.com\/staging-site\/produit\/le-probleme-de-la-culture\/#breadcrumb\",\"itemListElement\":[{\"@type\":\"ListItem\",\"position\":1,\"name\":\"Accueil\",\"item\":\"https:\/\/www.edition-tawhid.com\/staging-site\/\"},{\"@type\":\"ListItem\",\"position\":2,\"name\":\"Tous nos livres\",\"item\":\"https:\/\/www.edition-tawhid.com\/staging-site\/tous-nos-livres\/\"},{\"@type\":\"ListItem\",\"position\":3,\"name\":\"Le probl\u00e8me de la culture\"}]},{\"@type\":\"WebSite\",\"@id\":\"https:\/\/www.edition-tawhid.com\/staging-site\/#website\",\"url\":\"https:\/\/www.edition-tawhid.com\/staging-site\/\",\"name\":\"\u00c9ditions Tawhid\",\"description\":\"Le sp\u00e9cialiste du livre islamique francophone\",\"publisher\":{\"@id\":\"https:\/\/www.edition-tawhid.com\/staging-site\/#organization\"},\"potentialAction\":[{\"@type\":\"SearchAction\",\"target\":{\"@type\":\"EntryPoint\",\"urlTemplate\":\"https:\/\/www.edition-tawhid.com\/staging-site\/?s={search_term_string}\"},\"query-input\":{\"@type\":\"PropertyValueSpecification\",\"valueRequired\":true,\"valueName\":\"search_term_string\"}}],\"inLanguage\":\"fr-FR\"},{\"@type\":\"Organization\",\"@id\":\"https:\/\/www.edition-tawhid.com\/staging-site\/#organization\",\"name\":\"Editions Tawhid\",\"url\":\"https:\/\/www.edition-tawhid.com\/staging-site\/\",\"logo\":{\"@type\":\"ImageObject\",\"inLanguage\":\"fr-FR\",\"@id\":\"https:\/\/www.edition-tawhid.com\/staging-site\/#\/schema\/logo\/image\/\",\"url\":\"https:\/\/www.edition-tawhid.com\/staging-site\/wp-content\/uploads\/2018\/12\/logo_noir_v1-01.png\",\"contentUrl\":\"https:\/\/www.edition-tawhid.com\/staging-site\/wp-content\/uploads\/2018\/12\/logo_noir_v1-01.png\",\"width\":80,\"height\":112,\"caption\":\"Editions Tawhid\"},\"image\":{\"@id\":\"https:\/\/www.edition-tawhid.com\/staging-site\/#\/schema\/logo\/image\/\"},\"sameAs\":[\"https:\/\/www.facebook.com\/editiontawhid\/\"]}]}<\/script>\n<!-- \/ Yoast SEO plugin. -->","yoast_head_json":{"title":"Le probl\u00e8me de la culture - \u00c9ditions Tawhid","robots":{"index":"noindex","follow":"follow","max-snippet":"max-snippet:-1","max-image-preview":"max-image-preview:large","max-video-preview":"max-video-preview:-1"},"og_locale":"fr_FR","og_type":"article","og_title":"Le probl\u00e8me de la culture - \u00c9ditions Tawhid","og_description":"Malek Bennabi rappelle, \u00e0 travers une analyse forte et pertinente, l'urgence pour le monde musulman de recr\u00e9er et de d\u00e9velopper sa propre culture qui fit l'admiration du monde lors de son apog\u00e9e, en d\u00e9cortiquant les \u00e9l\u00e9ments constitutifs de la culture, afin que l'homme musulman puisse enfin tenter de retrouver une culture qui lui permette de se remette en qu\u00eate de sa propre civilisation.","og_url":"https:\/\/www.edition-tawhid.com\/staging-site\/produit\/le-probleme-de-la-culture\/","og_site_name":"\u00c9ditions Tawhid","article_publisher":"https:\/\/www.facebook.com\/editiontawhid\/","article_modified_time":"2023-07-20T01:15:07+00:00","og_image":[{"width":791,"height":1024,"url":"https:\/\/www.edition-tawhid.com\/staging-site\/wp-content\/uploads\/2016\/04\/bennabi_culture_1_NEW.jpg","type":"image\/jpeg"}],"twitter_card":"summary_large_image","twitter_misc":{"Dur\u00e9e de lecture estim\u00e9e":"1 minute"},"schema":{"@context":"https:\/\/schema.org","@graph":[{"@type":"WebPage","@id":"https:\/\/www.edition-tawhid.com\/staging-site\/produit\/le-probleme-de-la-culture\/","url":"https:\/\/www.edition-tawhid.com\/staging-site\/produit\/le-probleme-de-la-culture\/","name":"Le probl\u00e8me de la culture - \u00c9ditions Tawhid","isPartOf":{"@id":"https:\/\/www.edition-tawhid.com\/staging-site\/#website"},"primaryImageOfPage":{"@id":"https:\/\/www.edition-tawhid.com\/staging-site\/produit\/le-probleme-de-la-culture\/#primaryimage"},"image":{"@id":"https:\/\/www.edition-tawhid.com\/staging-site\/produit\/le-probleme-de-la-culture\/#primaryimage"},"thumbnailUrl":"https:\/\/www.edition-tawhid.com\/staging-site\/wp-content\/uploads\/2016\/04\/bennabi_culture_1_NEW.jpg","datePublished":"2016-04-27T15:38:06+00:00","dateModified":"2023-07-20T01:15:07+00:00","breadcrumb":{"@id":"https:\/\/www.edition-tawhid.com\/staging-site\/produit\/le-probleme-de-la-culture\/#breadcrumb"},"inLanguage":"fr-FR","potentialAction":[{"@type":"ReadAction","target":["https:\/\/www.edition-tawhid.com\/staging-site\/produit\/le-probleme-de-la-culture\/"]}]},{"@type":"ImageObject","inLanguage":"fr-FR","@id":"https:\/\/www.edition-tawhid.com\/staging-site\/produit\/le-probleme-de-la-culture\/#primaryimage","url":"https:\/\/www.edition-tawhid.com\/staging-site\/wp-content\/uploads\/2016\/04\/bennabi_culture_1_NEW.jpg","contentUrl":"https:\/\/www.edition-tawhid.com\/staging-site\/wp-content\/uploads\/2016\/04\/bennabi_culture_1_NEW.jpg","width":791,"height":1024},{"@type":"BreadcrumbList","@id":"https:\/\/www.edition-tawhid.com\/staging-site\/produit\/le-probleme-de-la-culture\/#breadcrumb","itemListElement":[{"@type":"ListItem","position":1,"name":"Accueil","item":"https:\/\/www.edition-tawhid.com\/staging-site\/"},{"@type":"ListItem","position":2,"name":"Tous nos livres","item":"https:\/\/www.edition-tawhid.com\/staging-site\/tous-nos-livres\/"},{"@type":"ListItem","position":3,"name":"Le probl\u00e8me de la culture"}]},{"@type":"WebSite","@id":"https:\/\/www.edition-tawhid.com\/staging-site\/#website","url":"https:\/\/www.edition-tawhid.com\/staging-site\/","name":"\u00c9ditions Tawhid","description":"Le sp\u00e9cialiste du livre islamique francophone","publisher":{"@id":"https:\/\/www.edition-tawhid.com\/staging-site\/#organization"},"potentialAction":[{"@type":"SearchAction","target":{"@type":"EntryPoint","urlTemplate":"https:\/\/www.edition-tawhid.com\/staging-site\/?s={search_term_string}"},"query-input":{"@type":"PropertyValueSpecification","valueRequired":true,"valueName":"search_term_string"}}],"inLanguage":"fr-FR"},{"@type":"Organization","@id":"https:\/\/www.edition-tawhid.com\/staging-site\/#organization","name":"Editions Tawhid","url":"https:\/\/www.edition-tawhid.com\/staging-site\/","logo":{"@type":"ImageObject","inLanguage":"fr-FR","@id":"https:\/\/www.edition-tawhid.com\/staging-site\/#\/schema\/logo\/image\/","url":"https:\/\/www.edition-tawhid.com\/staging-site\/wp-content\/uploads\/2018\/12\/logo_noir_v1-01.png","contentUrl":"https:\/\/www.edition-tawhid.com\/staging-site\/wp-content\/uploads\/2018\/12\/logo_noir_v1-01.png","width":80,"height":112,"caption":"Editions Tawhid"},"image":{"@id":"https:\/\/www.edition-tawhid.com\/staging-site\/#\/schema\/logo\/image\/"},"sameAs":["https:\/\/www.facebook.com\/editiontawhid\/"]}]}},"_links":{"self":[{"href":"https:\/\/www.edition-tawhid.com\/staging-site\/wp-json\/wp\/v2\/product\/1902","targetHints":{"allow":["GET"]}}],"collection":[{"href":"https:\/\/www.edition-tawhid.com\/staging-site\/wp-json\/wp\/v2\/product"}],"about":[{"href":"https:\/\/www.edition-tawhid.com\/staging-site\/wp-json\/wp\/v2\/types\/product"}],"replies":[{"embeddable":true,"href":"https:\/\/www.edition-tawhid.com\/staging-site\/wp-json\/wp\/v2\/comments?post=1902"}],"wp:featuredmedia":[{"embeddable":true,"href":"https:\/\/www.edition-tawhid.com\/staging-site\/wp-json\/wp\/v2\/media\/12610"}],"wp:attachment":[{"href":"https:\/\/www.edition-tawhid.com\/staging-site\/wp-json\/wp\/v2\/media?parent=1902"}],"wp:term":[{"taxonomy":"product_brand","embeddable":true,"href":"https:\/\/www.edition-tawhid.com\/staging-site\/wp-json\/wp\/v2\/product_brand?post=1902"},{"taxonomy":"product_cat","embeddable":true,"href":"https:\/\/www.edition-tawhid.com\/staging-site\/wp-json\/wp\/v2\/product_cat?post=1902"},{"taxonomy":"product_tag","embeddable":true,"href":"https:\/\/www.edition-tawhid.com\/staging-site\/wp-json\/wp\/v2\/product_tag?post=1902"}],"curies":[{"name":"wp","href":"https:\/\/api.w.org\/{rel}","templated":true}]}}