{"id":19039,"date":"2024-11-18T15:11:24","date_gmt":"2024-11-18T14:11:24","guid":{"rendered":"https:\/\/www.edition-tawhid.com\/staging-site\/?post_type=product&#038;p=19039"},"modified":"2024-11-18T15:42:16","modified_gmt":"2024-11-18T14:42:16","slug":"kalam-a-la-decouverte-de-lislam","status":"publish","type":"product","link":"https:\/\/www.edition-tawhid.com\/staging-site\/produit\/kalam-a-la-decouverte-de-lislam\/","title":{"rendered":"Kalam, \u00e0 la d\u00e9couverte de l&rsquo;Islam"},"content":{"rendered":"<p>\u201c<em><span class=\"BxUVEf ILfuVd\" lang=\"fr\"><span class=\"hgKElc\">\u00c0<\/span><\/span> la d\u00e9couverte de l\u2019Islam<\/em>\u201d te fait entrer dans une aventure extraordinaire dans laquelle tu apprendras plein de choses sur l\u2019islam. Gr\u00e2ce \u00e0 ton nouvel ami Kalam, le ma\u00eetre des tr\u00e9sors, tu vivras une chasse aux tr\u00e9sors passionnante! Tu traverseras diff\u00e9rentes \u00e9tapes dans lesquelles tu devras r\u00e9pondre \u00e0 des \u00e9nigmes, des devinettes et des charades qui te feront avancer dans la d\u00e9couverte de ta religion.<\/p>\n<p><strong>Alors lance-toi dans l\u2019aventure avec Kalam! Tu verras, tu ne le regretteras pas!<\/strong><\/p>\n<p>Ce livre propose \u00e0 votre enfant un apprentissage des bases de l\u2019islam en alliant la p\u00e9dagogie \u00e0 l\u2019amusement. Avec un style entra\u00eenant habill\u00e9 d\u2019une illustration attrayante, \u201c<em><span class=\"BxUVEf ILfuVd\" lang=\"fr\"><span class=\"hgKElc\">\u00c0<\/span><\/span> la d\u00e9couverte de l\u2019Islam<\/em>\u201d est un outil \u00e0 la fois instructif et ludique qui fera la joie des plus jeunes.<\/p>\n","protected":false},"excerpt":{"rendered":"<p>\u201c<em><span class=\"BxUVEf ILfuVd\" lang=\"fr\"><span class=\"hgKElc\">\u00c0<\/span><\/span> la d\u00e9couverte de l\u2019Islam<\/em>\u201d te fait entrer dans une aventure extraordinaire dans laquelle tu apprendras plein de choses sur l\u2019islam. Gr\u00e2ce \u00e0 ton nouvel ami Kalam, le ma\u00eetre des tr\u00e9sors, tu vivras une chasse aux tr\u00e9sors passionnante! Tu traverseras diff\u00e9rentes \u00e9tapes dans lesquelles tu devras r\u00e9pondre \u00e0 des \u00e9nigmes, des devinettes et des charades qui te feront avancer dans la d\u00e9couverte de ta religion.<\/p>\n","protected":false},"featured_media":19045,"comment_status":"open","ping_status":"closed","template":"","meta":{"_acf_changed":false},"product_brand":[],"product_cat":[2465],"product_tag":[],"class_list":{"0":"post-19039","1":"product","2":"type-product","3":"status-publish","4":"has-post-thumbnail","6":"product_cat-jeunesse","7":"pa_book-author-laila-hassairy","9":"first","10":"instock","11":"taxable","12":"shipping-taxable","13":"purchasable","14":"product-type-simple"},"acf":[],"yoast_head":"<!-- This site is optimized with the Yoast SEO plugin v27.1.1 - https:\/\/yoast.com\/product\/yoast-seo-wordpress\/ -->\n<title>Kalam, \u00e0 la d\u00e9couverte de l&#039;Islam - \u00c9ditions Tawhid<\/title>\n<meta name=\"robots\" content=\"noindex, follow, max-snippet:-1, max-image-preview:large, max-video-preview:-1\" \/>\n<meta property=\"og:locale\" content=\"fr_FR\" \/>\n<meta property=\"og:type\" content=\"article\" \/>\n<meta property=\"og:title\" content=\"Kalam, \u00e0 la d\u00e9couverte de l&#039;Islam - \u00c9ditions Tawhid\" \/>\n<meta property=\"og:description\" content=\"\u201c\u00c0 la d\u00e9couverte de l\u2019Islam\u201d te fait entrer dans une aventure extraordinaire dans laquelle tu apprendras plein de choses sur l\u2019islam. Gr\u00e2ce \u00e0 ton nouvel ami Kalam, le ma\u00eetre des tr\u00e9sors, tu vivras une chasse aux tr\u00e9sors passionnante! Tu traverseras diff\u00e9rentes \u00e9tapes dans lesquelles tu devras r\u00e9pondre \u00e0 des \u00e9nigmes, des devinettes et des charades qui te feront avancer dans la d\u00e9couverte de ta religion.\" \/>\n<meta property=\"og:url\" content=\"https:\/\/www.edition-tawhid.com\/staging-site\/produit\/kalam-a-la-decouverte-de-lislam\/\" \/>\n<meta property=\"og:site_name\" content=\"\u00c9ditions Tawhid\" \/>\n<meta property=\"article:publisher\" content=\"https:\/\/www.facebook.com\/editiontawhid\/\" \/>\n<meta property=\"article:modified_time\" content=\"2024-11-18T14:42:16+00:00\" \/>\n<meta property=\"og:image\" content=\"https:\/\/www.edition-tawhid.com\/staging-site\/wp-content\/uploads\/2024\/11\/kalam-1-v3.jpg\" \/>\n\t<meta property=\"og:image:width\" content=\"791\" \/>\n\t<meta property=\"og:image:height\" content=\"1024\" \/>\n\t<meta property=\"og:image:type\" content=\"image\/jpeg\" \/>\n<meta name=\"twitter:card\" content=\"summary_large_image\" \/>\n<meta name=\"twitter:label1\" content=\"Dur\u00e9e de lecture estim\u00e9e\" \/>\n\t<meta name=\"twitter:data1\" content=\"1 minute\" \/>\n<script type=\"application\/ld+json\" class=\"yoast-schema-graph\">{\"@context\":\"https:\/\/schema.org\",\"@graph\":[{\"@type\":\"WebPage\",\"@id\":\"https:\/\/www.edition-tawhid.com\/staging-site\/produit\/kalam-a-la-decouverte-de-lislam\/\",\"url\":\"https:\/\/www.edition-tawhid.com\/staging-site\/produit\/kalam-a-la-decouverte-de-lislam\/\",\"name\":\"Kalam, \u00e0 la d\u00e9couverte de l'Islam - \u00c9ditions Tawhid\",\"isPartOf\":{\"@id\":\"https:\/\/www.edition-tawhid.com\/staging-site\/#website\"},\"primaryImageOfPage\":{\"@id\":\"https:\/\/www.edition-tawhid.com\/staging-site\/produit\/kalam-a-la-decouverte-de-lislam\/#primaryimage\"},\"image\":{\"@id\":\"https:\/\/www.edition-tawhid.com\/staging-site\/produit\/kalam-a-la-decouverte-de-lislam\/#primaryimage\"},\"thumbnailUrl\":\"https:\/\/www.edition-tawhid.com\/staging-site\/wp-content\/uploads\/2024\/11\/kalam-1-v3.jpg\",\"datePublished\":\"2024-11-18T14:11:24+00:00\",\"dateModified\":\"2024-11-18T14:42:16+00:00\",\"breadcrumb\":{\"@id\":\"https:\/\/www.edition-tawhid.com\/staging-site\/produit\/kalam-a-la-decouverte-de-lislam\/#breadcrumb\"},\"inLanguage\":\"fr-FR\",\"potentialAction\":[{\"@type\":\"ReadAction\",\"target\":[\"https:\/\/www.edition-tawhid.com\/staging-site\/produit\/kalam-a-la-decouverte-de-lislam\/\"]}]},{\"@type\":\"ImageObject\",\"inLanguage\":\"fr-FR\",\"@id\":\"https:\/\/www.edition-tawhid.com\/staging-site\/produit\/kalam-a-la-decouverte-de-lislam\/#primaryimage\",\"url\":\"https:\/\/www.edition-tawhid.com\/staging-site\/wp-content\/uploads\/2024\/11\/kalam-1-v3.jpg\",\"contentUrl\":\"https:\/\/www.edition-tawhid.com\/staging-site\/wp-content\/uploads\/2024\/11\/kalam-1-v3.jpg\",\"width\":791,\"height\":1024},{\"@type\":\"BreadcrumbList\",\"@id\":\"https:\/\/www.edition-tawhid.com\/staging-site\/produit\/kalam-a-la-decouverte-de-lislam\/#breadcrumb\",\"itemListElement\":[{\"@type\":\"ListItem\",\"position\":1,\"name\":\"Accueil\",\"item\":\"https:\/\/www.edition-tawhid.com\/staging-site\/\"},{\"@type\":\"ListItem\",\"position\":2,\"name\":\"Tous nos livres\",\"item\":\"https:\/\/www.edition-tawhid.com\/staging-site\/tous-nos-livres\/\"},{\"@type\":\"ListItem\",\"position\":3,\"name\":\"Kalam, \u00e0 la d\u00e9couverte de l&rsquo;Islam\"}]},{\"@type\":\"WebSite\",\"@id\":\"https:\/\/www.edition-tawhid.com\/staging-site\/#website\",\"url\":\"https:\/\/www.edition-tawhid.com\/staging-site\/\",\"name\":\"\u00c9ditions Tawhid\",\"description\":\"Le sp\u00e9cialiste du livre islamique francophone\",\"publisher\":{\"@id\":\"https:\/\/www.edition-tawhid.com\/staging-site\/#organization\"},\"potentialAction\":[{\"@type\":\"SearchAction\",\"target\":{\"@type\":\"EntryPoint\",\"urlTemplate\":\"https:\/\/www.edition-tawhid.com\/staging-site\/?s={search_term_string}\"},\"query-input\":{\"@type\":\"PropertyValueSpecification\",\"valueRequired\":true,\"valueName\":\"search_term_string\"}}],\"inLanguage\":\"fr-FR\"},{\"@type\":\"Organization\",\"@id\":\"https:\/\/www.edition-tawhid.com\/staging-site\/#organization\",\"name\":\"Editions Tawhid\",\"url\":\"https:\/\/www.edition-tawhid.com\/staging-site\/\",\"logo\":{\"@type\":\"ImageObject\",\"inLanguage\":\"fr-FR\",\"@id\":\"https:\/\/www.edition-tawhid.com\/staging-site\/#\/schema\/logo\/image\/\",\"url\":\"https:\/\/www.edition-tawhid.com\/staging-site\/wp-content\/uploads\/2018\/12\/logo_noir_v1-01.png\",\"contentUrl\":\"https:\/\/www.edition-tawhid.com\/staging-site\/wp-content\/uploads\/2018\/12\/logo_noir_v1-01.png\",\"width\":80,\"height\":112,\"caption\":\"Editions Tawhid\"},\"image\":{\"@id\":\"https:\/\/www.edition-tawhid.com\/staging-site\/#\/schema\/logo\/image\/\"},\"sameAs\":[\"https:\/\/www.facebook.com\/editiontawhid\/\"]}]}<\/script>\n<!-- \/ Yoast SEO plugin. -->","yoast_head_json":{"title":"Kalam, \u00e0 la d\u00e9couverte de l'Islam - \u00c9ditions Tawhid","robots":{"index":"noindex","follow":"follow","max-snippet":"max-snippet:-1","max-image-preview":"max-image-preview:large","max-video-preview":"max-video-preview:-1"},"og_locale":"fr_FR","og_type":"article","og_title":"Kalam, \u00e0 la d\u00e9couverte de l'Islam - \u00c9ditions Tawhid","og_description":"\u201c\u00c0 la d\u00e9couverte de l\u2019Islam\u201d te fait entrer dans une aventure extraordinaire dans laquelle tu apprendras plein de choses sur l\u2019islam. Gr\u00e2ce \u00e0 ton nouvel ami Kalam, le ma\u00eetre des tr\u00e9sors, tu vivras une chasse aux tr\u00e9sors passionnante! Tu traverseras diff\u00e9rentes \u00e9tapes dans lesquelles tu devras r\u00e9pondre \u00e0 des \u00e9nigmes, des devinettes et des charades qui te feront avancer dans la d\u00e9couverte de ta religion.","og_url":"https:\/\/www.edition-tawhid.com\/staging-site\/produit\/kalam-a-la-decouverte-de-lislam\/","og_site_name":"\u00c9ditions Tawhid","article_publisher":"https:\/\/www.facebook.com\/editiontawhid\/","article_modified_time":"2024-11-18T14:42:16+00:00","og_image":[{"width":791,"height":1024,"url":"https:\/\/www.edition-tawhid.com\/staging-site\/wp-content\/uploads\/2024\/11\/kalam-1-v3.jpg","type":"image\/jpeg"}],"twitter_card":"summary_large_image","twitter_misc":{"Dur\u00e9e de lecture estim\u00e9e":"1 minute"},"schema":{"@context":"https:\/\/schema.org","@graph":[{"@type":"WebPage","@id":"https:\/\/www.edition-tawhid.com\/staging-site\/produit\/kalam-a-la-decouverte-de-lislam\/","url":"https:\/\/www.edition-tawhid.com\/staging-site\/produit\/kalam-a-la-decouverte-de-lislam\/","name":"Kalam, \u00e0 la d\u00e9couverte de l'Islam - \u00c9ditions Tawhid","isPartOf":{"@id":"https:\/\/www.edition-tawhid.com\/staging-site\/#website"},"primaryImageOfPage":{"@id":"https:\/\/www.edition-tawhid.com\/staging-site\/produit\/kalam-a-la-decouverte-de-lislam\/#primaryimage"},"image":{"@id":"https:\/\/www.edition-tawhid.com\/staging-site\/produit\/kalam-a-la-decouverte-de-lislam\/#primaryimage"},"thumbnailUrl":"https:\/\/www.edition-tawhid.com\/staging-site\/wp-content\/uploads\/2024\/11\/kalam-1-v3.jpg","datePublished":"2024-11-18T14:11:24+00:00","dateModified":"2024-11-18T14:42:16+00:00","breadcrumb":{"@id":"https:\/\/www.edition-tawhid.com\/staging-site\/produit\/kalam-a-la-decouverte-de-lislam\/#breadcrumb"},"inLanguage":"fr-FR","potentialAction":[{"@type":"ReadAction","target":["https:\/\/www.edition-tawhid.com\/staging-site\/produit\/kalam-a-la-decouverte-de-lislam\/"]}]},{"@type":"ImageObject","inLanguage":"fr-FR","@id":"https:\/\/www.edition-tawhid.com\/staging-site\/produit\/kalam-a-la-decouverte-de-lislam\/#primaryimage","url":"https:\/\/www.edition-tawhid.com\/staging-site\/wp-content\/uploads\/2024\/11\/kalam-1-v3.jpg","contentUrl":"https:\/\/www.edition-tawhid.com\/staging-site\/wp-content\/uploads\/2024\/11\/kalam-1-v3.jpg","width":791,"height":1024},{"@type":"BreadcrumbList","@id":"https:\/\/www.edition-tawhid.com\/staging-site\/produit\/kalam-a-la-decouverte-de-lislam\/#breadcrumb","itemListElement":[{"@type":"ListItem","position":1,"name":"Accueil","item":"https:\/\/www.edition-tawhid.com\/staging-site\/"},{"@type":"ListItem","position":2,"name":"Tous nos livres","item":"https:\/\/www.edition-tawhid.com\/staging-site\/tous-nos-livres\/"},{"@type":"ListItem","position":3,"name":"Kalam, \u00e0 la d\u00e9couverte de l&rsquo;Islam"}]},{"@type":"WebSite","@id":"https:\/\/www.edition-tawhid.com\/staging-site\/#website","url":"https:\/\/www.edition-tawhid.com\/staging-site\/","name":"\u00c9ditions Tawhid","description":"Le sp\u00e9cialiste du livre islamique francophone","publisher":{"@id":"https:\/\/www.edition-tawhid.com\/staging-site\/#organization"},"potentialAction":[{"@type":"SearchAction","target":{"@type":"EntryPoint","urlTemplate":"https:\/\/www.edition-tawhid.com\/staging-site\/?s={search_term_string}"},"query-input":{"@type":"PropertyValueSpecification","valueRequired":true,"valueName":"search_term_string"}}],"inLanguage":"fr-FR"},{"@type":"Organization","@id":"https:\/\/www.edition-tawhid.com\/staging-site\/#organization","name":"Editions Tawhid","url":"https:\/\/www.edition-tawhid.com\/staging-site\/","logo":{"@type":"ImageObject","inLanguage":"fr-FR","@id":"https:\/\/www.edition-tawhid.com\/staging-site\/#\/schema\/logo\/image\/","url":"https:\/\/www.edition-tawhid.com\/staging-site\/wp-content\/uploads\/2018\/12\/logo_noir_v1-01.png","contentUrl":"https:\/\/www.edition-tawhid.com\/staging-site\/wp-content\/uploads\/2018\/12\/logo_noir_v1-01.png","width":80,"height":112,"caption":"Editions Tawhid"},"image":{"@id":"https:\/\/www.edition-tawhid.com\/staging-site\/#\/schema\/logo\/image\/"},"sameAs":["https:\/\/www.facebook.com\/editiontawhid\/"]}]}},"_links":{"self":[{"href":"https:\/\/www.edition-tawhid.com\/staging-site\/wp-json\/wp\/v2\/product\/19039","targetHints":{"allow":["GET"]}}],"collection":[{"href":"https:\/\/www.edition-tawhid.com\/staging-site\/wp-json\/wp\/v2\/product"}],"about":[{"href":"https:\/\/www.edition-tawhid.com\/staging-site\/wp-json\/wp\/v2\/types\/product"}],"replies":[{"embeddable":true,"href":"https:\/\/www.edition-tawhid.com\/staging-site\/wp-json\/wp\/v2\/comments?post=19039"}],"wp:featuredmedia":[{"embeddable":true,"href":"https:\/\/www.edition-tawhid.com\/staging-site\/wp-json\/wp\/v2\/media\/19045"}],"wp:attachment":[{"href":"https:\/\/www.edition-tawhid.com\/staging-site\/wp-json\/wp\/v2\/media?parent=19039"}],"wp:term":[{"taxonomy":"product_brand","embeddable":true,"href":"https:\/\/www.edition-tawhid.com\/staging-site\/wp-json\/wp\/v2\/product_brand?post=19039"},{"taxonomy":"product_cat","embeddable":true,"href":"https:\/\/www.edition-tawhid.com\/staging-site\/wp-json\/wp\/v2\/product_cat?post=19039"},{"taxonomy":"product_tag","embeddable":true,"href":"https:\/\/www.edition-tawhid.com\/staging-site\/wp-json\/wp\/v2\/product_tag?post=19039"}],"curies":[{"name":"wp","href":"https:\/\/api.w.org\/{rel}","templated":true}]}}