{"id":1916,"date":"2016-11-14T22:44:05","date_gmt":"2016-11-14T21:44:05","guid":{"rendered":"https:\/\/www.edition-tawhid.com\/staging-site\/produit\/le-prophete-raconte-aux-enfants\/"},"modified":"2024-02-10T17:09:51","modified_gmt":"2024-02-10T16:09:51","slug":"le-prophete-raconte-aux-enfants","status":"publish","type":"product","link":"https:\/\/www.edition-tawhid.com\/staging-site\/produit\/le-prophete-raconte-aux-enfants\/","title":{"rendered":"Le Proph\u00e8te Mohammad racont\u00e9 aux enfants"},"content":{"rendered":"<p>Le Proph\u00e8te Mohammad est le mod\u00e8le \u00e0 suivre pour tout musulman. Lui qui fut le meilleur des hommes symbolise l\u2019amour que tout croyant doit porter envers son Cr\u00e9ateur, il r\u00e9unit \u00e0 lui seul toutes les qualit\u00e9s de l\u2019\u00e2me humaine et incarne le mode de vie qu\u2019Allah agr\u00e9e pour nous.<\/p>\n<p><em>Le Proph\u00e8te racont\u00e9 aux enfants<\/em> relate les \u00e9v\u00e9nements importants qui composent la vie exceptionnelle de notre Proph\u00e8te bien-aim\u00e9. L\u2019ouvrage insiste \u00e9galement sur les valeurs et les nobles comportements que le Messager a port\u00e9s et qu\u2019il nous a enseign\u00e9s.<\/p>\n<p>Au fil d\u2019histoires passionnantes et d\u2019illustrations attrayantes, votre enfant d\u00e9couvrira cet homme unique, porteur du dernier message d\u2019Allah \u00e0 l\u2019humanit\u00e9.<\/p>\n<p>Chaque histoire contient une morale \u00e0 la fois simple et profonde qui suscite amour et affection pour le Messager de Dieu. La somme de ces enseignements concrets et adapt\u00e9s permettront \u00e9galement \u00e0 votre enfant de s\u2019inspirer et se construire autour des si belles valeurs que le Proph\u00e8te nous a transmises jusqu\u2019\u00e0 son dernier souffle, que la paix et les pri\u00e8res d\u2019Allah soient sur lui.<\/p>\n<h6 class=\"p1\"><em>Couverture avec paillettes et vernis<\/em><em>.<\/em><\/h6>\n","protected":false},"excerpt":{"rendered":"<p>\u00ab\u00a0<em>Le Proph\u00e8te racont\u00e9 aux enfants<\/em>\u00a0\u00bb relate les \u00e9v\u00e9nements importants qui composent la vie exceptionnelle de notre Proph\u00e8te bien-aim\u00e9. L&rsquo;ouvrage insiste \u00e9galement sur les valeurs et les nobles comportements que le Messager a port\u00e9s et qu&rsquo;il nous a enseign\u00e9s.<\/p>\n<h6 class=\"p1\"><em>Couverture avec paillettes et vernis<\/em><em>.<\/em><\/h6>\n<h6 class=\"p1\"><em>\u00a0<\/em><\/h6>\n","protected":false},"featured_media":16800,"comment_status":"open","ping_status":"closed","template":"","meta":{"_acf_changed":false},"product_brand":[],"product_cat":[2465],"product_tag":[],"class_list":{"0":"post-1916","1":"product","2":"type-product","3":"status-publish","4":"has-post-thumbnail","6":"product_cat-jeunesse","7":"pa_book-author-siham-andalouci","9":"first","10":"instock","11":"taxable","12":"shipping-taxable","13":"purchasable","14":"product-type-simple"},"acf":[],"yoast_head":"<!-- This site is optimized with the Yoast SEO plugin v27.1.1 - https:\/\/yoast.com\/product\/yoast-seo-wordpress\/ -->\n<title>Le Proph\u00e8te Mohammad racont\u00e9 aux enfants - \u00c9ditions Tawhid<\/title>\n<meta name=\"robots\" content=\"noindex, follow, max-snippet:-1, max-image-preview:large, max-video-preview:-1\" \/>\n<meta property=\"og:locale\" content=\"fr_FR\" \/>\n<meta property=\"og:type\" content=\"article\" \/>\n<meta property=\"og:title\" content=\"Le Proph\u00e8te Mohammad racont\u00e9 aux enfants - \u00c9ditions Tawhid\" \/>\n<meta property=\"og:description\" content=\"&quot;Le Proph\u00e8te racont\u00e9 aux enfants&quot; relate les \u00e9v\u00e9nements importants qui composent la vie exceptionnelle de notre Proph\u00e8te bien-aim\u00e9. L&#039;ouvrage insiste \u00e9galement sur les valeurs et les nobles comportements que le Messager a port\u00e9s et qu&#039;il nous a enseign\u00e9s. Couverture avec paillettes et vernis. \u00a0\" \/>\n<meta property=\"og:url\" content=\"https:\/\/www.edition-tawhid.com\/staging-site\/produit\/le-prophete-raconte-aux-enfants\/\" \/>\n<meta property=\"og:site_name\" content=\"\u00c9ditions Tawhid\" \/>\n<meta property=\"article:publisher\" content=\"https:\/\/www.facebook.com\/editiontawhid\/\" \/>\n<meta property=\"article:modified_time\" content=\"2024-02-10T16:09:51+00:00\" \/>\n<meta property=\"og:image\" content=\"https:\/\/www.edition-tawhid.com\/staging-site\/wp-content\/uploads\/2015\/09\/prophete-enfants-1-v1.jpg\" \/>\n\t<meta property=\"og:image:width\" content=\"791\" \/>\n\t<meta property=\"og:image:height\" content=\"1024\" \/>\n\t<meta property=\"og:image:type\" content=\"image\/jpeg\" \/>\n<meta name=\"twitter:card\" content=\"summary_large_image\" \/>\n<meta name=\"twitter:label1\" content=\"Dur\u00e9e de lecture estim\u00e9e\" \/>\n\t<meta name=\"twitter:data1\" content=\"1 minute\" \/>\n<script type=\"application\/ld+json\" class=\"yoast-schema-graph\">{\"@context\":\"https:\/\/schema.org\",\"@graph\":[{\"@type\":\"WebPage\",\"@id\":\"https:\/\/www.edition-tawhid.com\/staging-site\/produit\/le-prophete-raconte-aux-enfants\/\",\"url\":\"https:\/\/www.edition-tawhid.com\/staging-site\/produit\/le-prophete-raconte-aux-enfants\/\",\"name\":\"Le Proph\u00e8te Mohammad racont\u00e9 aux enfants - \u00c9ditions Tawhid\",\"isPartOf\":{\"@id\":\"https:\/\/www.edition-tawhid.com\/staging-site\/#website\"},\"primaryImageOfPage\":{\"@id\":\"https:\/\/www.edition-tawhid.com\/staging-site\/produit\/le-prophete-raconte-aux-enfants\/#primaryimage\"},\"image\":{\"@id\":\"https:\/\/www.edition-tawhid.com\/staging-site\/produit\/le-prophete-raconte-aux-enfants\/#primaryimage\"},\"thumbnailUrl\":\"https:\/\/www.edition-tawhid.com\/staging-site\/wp-content\/uploads\/2015\/09\/prophete-enfants-1-v1.jpg\",\"datePublished\":\"2016-11-14T21:44:05+00:00\",\"dateModified\":\"2024-02-10T16:09:51+00:00\",\"breadcrumb\":{\"@id\":\"https:\/\/www.edition-tawhid.com\/staging-site\/produit\/le-prophete-raconte-aux-enfants\/#breadcrumb\"},\"inLanguage\":\"fr-FR\",\"potentialAction\":[{\"@type\":\"ReadAction\",\"target\":[\"https:\/\/www.edition-tawhid.com\/staging-site\/produit\/le-prophete-raconte-aux-enfants\/\"]}]},{\"@type\":\"ImageObject\",\"inLanguage\":\"fr-FR\",\"@id\":\"https:\/\/www.edition-tawhid.com\/staging-site\/produit\/le-prophete-raconte-aux-enfants\/#primaryimage\",\"url\":\"https:\/\/www.edition-tawhid.com\/staging-site\/wp-content\/uploads\/2015\/09\/prophete-enfants-1-v1.jpg\",\"contentUrl\":\"https:\/\/www.edition-tawhid.com\/staging-site\/wp-content\/uploads\/2015\/09\/prophete-enfants-1-v1.jpg\",\"width\":791,\"height\":1024,\"caption\":\"Le Proph\u00e8te racont\u00e9 aux enfants\"},{\"@type\":\"BreadcrumbList\",\"@id\":\"https:\/\/www.edition-tawhid.com\/staging-site\/produit\/le-prophete-raconte-aux-enfants\/#breadcrumb\",\"itemListElement\":[{\"@type\":\"ListItem\",\"position\":1,\"name\":\"Accueil\",\"item\":\"https:\/\/www.edition-tawhid.com\/staging-site\/\"},{\"@type\":\"ListItem\",\"position\":2,\"name\":\"Tous nos livres\",\"item\":\"https:\/\/www.edition-tawhid.com\/staging-site\/tous-nos-livres\/\"},{\"@type\":\"ListItem\",\"position\":3,\"name\":\"Le Proph\u00e8te Mohammad racont\u00e9 aux enfants\"}]},{\"@type\":\"WebSite\",\"@id\":\"https:\/\/www.edition-tawhid.com\/staging-site\/#website\",\"url\":\"https:\/\/www.edition-tawhid.com\/staging-site\/\",\"name\":\"\u00c9ditions Tawhid\",\"description\":\"Le sp\u00e9cialiste du livre islamique francophone\",\"publisher\":{\"@id\":\"https:\/\/www.edition-tawhid.com\/staging-site\/#organization\"},\"potentialAction\":[{\"@type\":\"SearchAction\",\"target\":{\"@type\":\"EntryPoint\",\"urlTemplate\":\"https:\/\/www.edition-tawhid.com\/staging-site\/?s={search_term_string}\"},\"query-input\":{\"@type\":\"PropertyValueSpecification\",\"valueRequired\":true,\"valueName\":\"search_term_string\"}}],\"inLanguage\":\"fr-FR\"},{\"@type\":\"Organization\",\"@id\":\"https:\/\/www.edition-tawhid.com\/staging-site\/#organization\",\"name\":\"Editions Tawhid\",\"url\":\"https:\/\/www.edition-tawhid.com\/staging-site\/\",\"logo\":{\"@type\":\"ImageObject\",\"inLanguage\":\"fr-FR\",\"@id\":\"https:\/\/www.edition-tawhid.com\/staging-site\/#\/schema\/logo\/image\/\",\"url\":\"https:\/\/www.edition-tawhid.com\/staging-site\/wp-content\/uploads\/2018\/12\/logo_noir_v1-01.png\",\"contentUrl\":\"https:\/\/www.edition-tawhid.com\/staging-site\/wp-content\/uploads\/2018\/12\/logo_noir_v1-01.png\",\"width\":80,\"height\":112,\"caption\":\"Editions Tawhid\"},\"image\":{\"@id\":\"https:\/\/www.edition-tawhid.com\/staging-site\/#\/schema\/logo\/image\/\"},\"sameAs\":[\"https:\/\/www.facebook.com\/editiontawhid\/\"]}]}<\/script>\n<!-- \/ Yoast SEO plugin. -->","yoast_head_json":{"title":"Le Proph\u00e8te Mohammad racont\u00e9 aux enfants - \u00c9ditions Tawhid","robots":{"index":"noindex","follow":"follow","max-snippet":"max-snippet:-1","max-image-preview":"max-image-preview:large","max-video-preview":"max-video-preview:-1"},"og_locale":"fr_FR","og_type":"article","og_title":"Le Proph\u00e8te Mohammad racont\u00e9 aux enfants - \u00c9ditions Tawhid","og_description":"\"Le Proph\u00e8te racont\u00e9 aux enfants\" relate les \u00e9v\u00e9nements importants qui composent la vie exceptionnelle de notre Proph\u00e8te bien-aim\u00e9. L'ouvrage insiste \u00e9galement sur les valeurs et les nobles comportements que le Messager a port\u00e9s et qu'il nous a enseign\u00e9s. Couverture avec paillettes et vernis. \u00a0","og_url":"https:\/\/www.edition-tawhid.com\/staging-site\/produit\/le-prophete-raconte-aux-enfants\/","og_site_name":"\u00c9ditions Tawhid","article_publisher":"https:\/\/www.facebook.com\/editiontawhid\/","article_modified_time":"2024-02-10T16:09:51+00:00","og_image":[{"width":791,"height":1024,"url":"https:\/\/www.edition-tawhid.com\/staging-site\/wp-content\/uploads\/2015\/09\/prophete-enfants-1-v1.jpg","type":"image\/jpeg"}],"twitter_card":"summary_large_image","twitter_misc":{"Dur\u00e9e de lecture estim\u00e9e":"1 minute"},"schema":{"@context":"https:\/\/schema.org","@graph":[{"@type":"WebPage","@id":"https:\/\/www.edition-tawhid.com\/staging-site\/produit\/le-prophete-raconte-aux-enfants\/","url":"https:\/\/www.edition-tawhid.com\/staging-site\/produit\/le-prophete-raconte-aux-enfants\/","name":"Le Proph\u00e8te Mohammad racont\u00e9 aux enfants - \u00c9ditions Tawhid","isPartOf":{"@id":"https:\/\/www.edition-tawhid.com\/staging-site\/#website"},"primaryImageOfPage":{"@id":"https:\/\/www.edition-tawhid.com\/staging-site\/produit\/le-prophete-raconte-aux-enfants\/#primaryimage"},"image":{"@id":"https:\/\/www.edition-tawhid.com\/staging-site\/produit\/le-prophete-raconte-aux-enfants\/#primaryimage"},"thumbnailUrl":"https:\/\/www.edition-tawhid.com\/staging-site\/wp-content\/uploads\/2015\/09\/prophete-enfants-1-v1.jpg","datePublished":"2016-11-14T21:44:05+00:00","dateModified":"2024-02-10T16:09:51+00:00","breadcrumb":{"@id":"https:\/\/www.edition-tawhid.com\/staging-site\/produit\/le-prophete-raconte-aux-enfants\/#breadcrumb"},"inLanguage":"fr-FR","potentialAction":[{"@type":"ReadAction","target":["https:\/\/www.edition-tawhid.com\/staging-site\/produit\/le-prophete-raconte-aux-enfants\/"]}]},{"@type":"ImageObject","inLanguage":"fr-FR","@id":"https:\/\/www.edition-tawhid.com\/staging-site\/produit\/le-prophete-raconte-aux-enfants\/#primaryimage","url":"https:\/\/www.edition-tawhid.com\/staging-site\/wp-content\/uploads\/2015\/09\/prophete-enfants-1-v1.jpg","contentUrl":"https:\/\/www.edition-tawhid.com\/staging-site\/wp-content\/uploads\/2015\/09\/prophete-enfants-1-v1.jpg","width":791,"height":1024,"caption":"Le Proph\u00e8te racont\u00e9 aux enfants"},{"@type":"BreadcrumbList","@id":"https:\/\/www.edition-tawhid.com\/staging-site\/produit\/le-prophete-raconte-aux-enfants\/#breadcrumb","itemListElement":[{"@type":"ListItem","position":1,"name":"Accueil","item":"https:\/\/www.edition-tawhid.com\/staging-site\/"},{"@type":"ListItem","position":2,"name":"Tous nos livres","item":"https:\/\/www.edition-tawhid.com\/staging-site\/tous-nos-livres\/"},{"@type":"ListItem","position":3,"name":"Le Proph\u00e8te Mohammad racont\u00e9 aux enfants"}]},{"@type":"WebSite","@id":"https:\/\/www.edition-tawhid.com\/staging-site\/#website","url":"https:\/\/www.edition-tawhid.com\/staging-site\/","name":"\u00c9ditions Tawhid","description":"Le sp\u00e9cialiste du livre islamique francophone","publisher":{"@id":"https:\/\/www.edition-tawhid.com\/staging-site\/#organization"},"potentialAction":[{"@type":"SearchAction","target":{"@type":"EntryPoint","urlTemplate":"https:\/\/www.edition-tawhid.com\/staging-site\/?s={search_term_string}"},"query-input":{"@type":"PropertyValueSpecification","valueRequired":true,"valueName":"search_term_string"}}],"inLanguage":"fr-FR"},{"@type":"Organization","@id":"https:\/\/www.edition-tawhid.com\/staging-site\/#organization","name":"Editions Tawhid","url":"https:\/\/www.edition-tawhid.com\/staging-site\/","logo":{"@type":"ImageObject","inLanguage":"fr-FR","@id":"https:\/\/www.edition-tawhid.com\/staging-site\/#\/schema\/logo\/image\/","url":"https:\/\/www.edition-tawhid.com\/staging-site\/wp-content\/uploads\/2018\/12\/logo_noir_v1-01.png","contentUrl":"https:\/\/www.edition-tawhid.com\/staging-site\/wp-content\/uploads\/2018\/12\/logo_noir_v1-01.png","width":80,"height":112,"caption":"Editions Tawhid"},"image":{"@id":"https:\/\/www.edition-tawhid.com\/staging-site\/#\/schema\/logo\/image\/"},"sameAs":["https:\/\/www.facebook.com\/editiontawhid\/"]}]}},"_links":{"self":[{"href":"https:\/\/www.edition-tawhid.com\/staging-site\/wp-json\/wp\/v2\/product\/1916","targetHints":{"allow":["GET"]}}],"collection":[{"href":"https:\/\/www.edition-tawhid.com\/staging-site\/wp-json\/wp\/v2\/product"}],"about":[{"href":"https:\/\/www.edition-tawhid.com\/staging-site\/wp-json\/wp\/v2\/types\/product"}],"replies":[{"embeddable":true,"href":"https:\/\/www.edition-tawhid.com\/staging-site\/wp-json\/wp\/v2\/comments?post=1916"}],"wp:featuredmedia":[{"embeddable":true,"href":"https:\/\/www.edition-tawhid.com\/staging-site\/wp-json\/wp\/v2\/media\/16800"}],"wp:attachment":[{"href":"https:\/\/www.edition-tawhid.com\/staging-site\/wp-json\/wp\/v2\/media?parent=1916"}],"wp:term":[{"taxonomy":"product_brand","embeddable":true,"href":"https:\/\/www.edition-tawhid.com\/staging-site\/wp-json\/wp\/v2\/product_brand?post=1916"},{"taxonomy":"product_cat","embeddable":true,"href":"https:\/\/www.edition-tawhid.com\/staging-site\/wp-json\/wp\/v2\/product_cat?post=1916"},{"taxonomy":"product_tag","embeddable":true,"href":"https:\/\/www.edition-tawhid.com\/staging-site\/wp-json\/wp\/v2\/product_tag?post=1916"}],"curies":[{"name":"wp","href":"https:\/\/api.w.org\/{rel}","templated":true}]}}