{"id":1920,"date":"2016-11-16T14:06:46","date_gmt":"2016-11-16T13:06:46","guid":{"rendered":"https:\/\/www.edition-tawhid.com\/staging-site\/produit\/les-compagnons-racontes-aux-enfants\/"},"modified":"2023-10-08T02:51:33","modified_gmt":"2023-10-08T00:51:33","slug":"les-compagnons-racontes-aux-enfants","status":"publish","type":"product","link":"https:\/\/www.edition-tawhid.com\/staging-site\/produit\/les-compagnons-racontes-aux-enfants\/","title":{"rendered":"Les Compagnons racont\u00e9s aux enfants"},"content":{"rendered":"<p>Les Compagnons sont ces personnages illustres, femmes et hommes, qui ont accompagn\u00e9 le Proph\u00e8te Muhammad. Ils sont une source d\u2019inspiration et, comme le Proph\u00e8te l\u2019a dit, ils sont telles des \u00e9toiles dans le ciel ; quelle que soit celle que l\u2019on suit, nous serons guid\u00e9s.<\/p>\n<p><em>Les Compagnons du Proph\u00e8te racont\u00e9s aux enfants<\/em> est un ouvrage compos\u00e9 d\u2019histoires \u00e0 la fois simples et profondes. Elles relatent des moments importants de la vie de ces belles \u00e2mes qui ont fa\u00e7onn\u00e9 l\u2019histoire de l\u2019islam \u00e0 ses d\u00e9buts.<\/p>\n<p>Chaque histoire de cet ouvrage contient un enseignement pr\u00e9cieux et transmet des valeurs et des principes que les Compagnons ont port\u00e9s, valeurs qui aideront votre enfant \u00e0 percevoir les qualit\u00e9s essentielles du musulman et les d\u00e9fauts qu\u2019il faut \u00e9viter.<\/p>\n<h6 class=\"p1\"><em>Couverture avec paillettes et vernis<\/em><em>.<\/em><\/h6>\n","protected":false},"excerpt":{"rendered":"<p>\u00ab\u00a0<em>Les Compagnons du Proph\u00e8te racont\u00e9s aux enfants<\/em>\u00a0\u00bb est un ouvrage compos\u00e9 d&rsquo;histoires \u00e0 la fois simples et profondes. Elles relatent des moments importants de la vie de ces belles \u00e2mes qui on fa\u00e7onn\u00e9 l&rsquo;histoire de l&rsquo;islam \u00e0 ses d\u00e9buts.<\/p>\n<h6 class=\"p1\"><em>Couverture avec paillettes et vernis<\/em><em>.<\/em><\/h6>\n<h6 class=\"p1\"><em>\u00a0<\/em><\/h6>\n","protected":false},"featured_media":16796,"comment_status":"open","ping_status":"closed","template":"","meta":{"_acf_changed":false},"product_brand":[],"product_cat":[2465],"product_tag":[],"class_list":{"0":"post-1920","1":"product","2":"type-product","3":"status-publish","4":"has-post-thumbnail","6":"product_cat-jeunesse","7":"pa_book-author-siham-andalouci","8":"pa_book-author-taha-kilinc","10":"first","11":"instock","12":"taxable","13":"shipping-taxable","14":"purchasable","15":"product-type-simple"},"acf":[],"yoast_head":"<!-- This site is optimized with the Yoast SEO plugin v27.1.1 - https:\/\/yoast.com\/product\/yoast-seo-wordpress\/ -->\n<title>Les Compagnons racont\u00e9s aux enfants - \u00c9ditions Tawhid<\/title>\n<meta name=\"description\" content=\"Les Compagnons du Proph\u00e8te racont\u00e9s aux enfants est un ouvrage compos\u00e9 d\u2019histoires \u00e0 la fois simples et profondes. Elles relatent des moments importants de la vie de ces belles \u00e2mes qui ont fa\u00e7onn\u00e9 l\u2019histoire de l\u2019islam \u00e0 ses d\u00e9buts.\" \/>\n<meta name=\"robots\" content=\"noindex, follow, max-snippet:-1, max-image-preview:large, max-video-preview:-1\" \/>\n<meta property=\"og:locale\" content=\"fr_FR\" \/>\n<meta property=\"og:type\" content=\"article\" \/>\n<meta property=\"og:title\" content=\"Les Compagnons racont\u00e9s aux enfants - \u00c9ditions Tawhid\" \/>\n<meta property=\"og:description\" content=\"Les Compagnons du Proph\u00e8te racont\u00e9s aux enfants est un ouvrage compos\u00e9 d\u2019histoires \u00e0 la fois simples et profondes. Elles relatent des moments importants de la vie de ces belles \u00e2mes qui ont fa\u00e7onn\u00e9 l\u2019histoire de l\u2019islam \u00e0 ses d\u00e9buts.\" \/>\n<meta property=\"og:url\" content=\"https:\/\/www.edition-tawhid.com\/staging-site\/produit\/les-compagnons-racontes-aux-enfants\/\" \/>\n<meta property=\"og:site_name\" content=\"\u00c9ditions Tawhid\" \/>\n<meta property=\"article:publisher\" content=\"https:\/\/www.facebook.com\/editiontawhid\/\" \/>\n<meta property=\"article:modified_time\" content=\"2023-10-08T00:51:33+00:00\" \/>\n<meta property=\"og:image\" content=\"https:\/\/www.edition-tawhid.com\/staging-site\/wp-content\/uploads\/2015\/09\/compagnons-enfants-1-v1.jpg\" \/>\n\t<meta property=\"og:image:width\" content=\"791\" \/>\n\t<meta property=\"og:image:height\" content=\"1024\" \/>\n\t<meta property=\"og:image:type\" content=\"image\/jpeg\" \/>\n<meta name=\"twitter:card\" content=\"summary_large_image\" \/>\n<meta name=\"twitter:label1\" content=\"Dur\u00e9e de lecture estim\u00e9e\" \/>\n\t<meta name=\"twitter:data1\" content=\"1 minute\" \/>\n<script type=\"application\/ld+json\" class=\"yoast-schema-graph\">{\"@context\":\"https:\/\/schema.org\",\"@graph\":[{\"@type\":\"WebPage\",\"@id\":\"https:\/\/www.edition-tawhid.com\/staging-site\/produit\/les-compagnons-racontes-aux-enfants\/\",\"url\":\"https:\/\/www.edition-tawhid.com\/staging-site\/produit\/les-compagnons-racontes-aux-enfants\/\",\"name\":\"Les Compagnons racont\u00e9s aux enfants - \u00c9ditions Tawhid\",\"isPartOf\":{\"@id\":\"https:\/\/www.edition-tawhid.com\/staging-site\/#website\"},\"primaryImageOfPage\":{\"@id\":\"https:\/\/www.edition-tawhid.com\/staging-site\/produit\/les-compagnons-racontes-aux-enfants\/#primaryimage\"},\"image\":{\"@id\":\"https:\/\/www.edition-tawhid.com\/staging-site\/produit\/les-compagnons-racontes-aux-enfants\/#primaryimage\"},\"thumbnailUrl\":\"https:\/\/www.edition-tawhid.com\/staging-site\/wp-content\/uploads\/2015\/09\/compagnons-enfants-1-v1.jpg\",\"datePublished\":\"2016-11-16T13:06:46+00:00\",\"dateModified\":\"2023-10-08T00:51:33+00:00\",\"description\":\"Les Compagnons du Proph\u00e8te racont\u00e9s aux enfants est un ouvrage compos\u00e9 d\u2019histoires \u00e0 la fois simples et profondes. Elles relatent des moments importants de la vie de ces belles \u00e2mes qui ont fa\u00e7onn\u00e9 l\u2019histoire de l\u2019islam \u00e0 ses d\u00e9buts.\",\"breadcrumb\":{\"@id\":\"https:\/\/www.edition-tawhid.com\/staging-site\/produit\/les-compagnons-racontes-aux-enfants\/#breadcrumb\"},\"inLanguage\":\"fr-FR\",\"potentialAction\":[{\"@type\":\"ReadAction\",\"target\":[\"https:\/\/www.edition-tawhid.com\/staging-site\/produit\/les-compagnons-racontes-aux-enfants\/\"]}]},{\"@type\":\"ImageObject\",\"inLanguage\":\"fr-FR\",\"@id\":\"https:\/\/www.edition-tawhid.com\/staging-site\/produit\/les-compagnons-racontes-aux-enfants\/#primaryimage\",\"url\":\"https:\/\/www.edition-tawhid.com\/staging-site\/wp-content\/uploads\/2015\/09\/compagnons-enfants-1-v1.jpg\",\"contentUrl\":\"https:\/\/www.edition-tawhid.com\/staging-site\/wp-content\/uploads\/2015\/09\/compagnons-enfants-1-v1.jpg\",\"width\":791,\"height\":1024,\"caption\":\"Les Compagnons racont\u00e9s aux enfants\"},{\"@type\":\"BreadcrumbList\",\"@id\":\"https:\/\/www.edition-tawhid.com\/staging-site\/produit\/les-compagnons-racontes-aux-enfants\/#breadcrumb\",\"itemListElement\":[{\"@type\":\"ListItem\",\"position\":1,\"name\":\"Accueil\",\"item\":\"https:\/\/www.edition-tawhid.com\/staging-site\/\"},{\"@type\":\"ListItem\",\"position\":2,\"name\":\"Tous nos livres\",\"item\":\"https:\/\/www.edition-tawhid.com\/staging-site\/tous-nos-livres\/\"},{\"@type\":\"ListItem\",\"position\":3,\"name\":\"Les Compagnons racont\u00e9s aux enfants\"}]},{\"@type\":\"WebSite\",\"@id\":\"https:\/\/www.edition-tawhid.com\/staging-site\/#website\",\"url\":\"https:\/\/www.edition-tawhid.com\/staging-site\/\",\"name\":\"\u00c9ditions Tawhid\",\"description\":\"Le sp\u00e9cialiste du livre islamique francophone\",\"publisher\":{\"@id\":\"https:\/\/www.edition-tawhid.com\/staging-site\/#organization\"},\"potentialAction\":[{\"@type\":\"SearchAction\",\"target\":{\"@type\":\"EntryPoint\",\"urlTemplate\":\"https:\/\/www.edition-tawhid.com\/staging-site\/?s={search_term_string}\"},\"query-input\":{\"@type\":\"PropertyValueSpecification\",\"valueRequired\":true,\"valueName\":\"search_term_string\"}}],\"inLanguage\":\"fr-FR\"},{\"@type\":\"Organization\",\"@id\":\"https:\/\/www.edition-tawhid.com\/staging-site\/#organization\",\"name\":\"Editions Tawhid\",\"url\":\"https:\/\/www.edition-tawhid.com\/staging-site\/\",\"logo\":{\"@type\":\"ImageObject\",\"inLanguage\":\"fr-FR\",\"@id\":\"https:\/\/www.edition-tawhid.com\/staging-site\/#\/schema\/logo\/image\/\",\"url\":\"https:\/\/www.edition-tawhid.com\/staging-site\/wp-content\/uploads\/2018\/12\/logo_noir_v1-01.png\",\"contentUrl\":\"https:\/\/www.edition-tawhid.com\/staging-site\/wp-content\/uploads\/2018\/12\/logo_noir_v1-01.png\",\"width\":80,\"height\":112,\"caption\":\"Editions Tawhid\"},\"image\":{\"@id\":\"https:\/\/www.edition-tawhid.com\/staging-site\/#\/schema\/logo\/image\/\"},\"sameAs\":[\"https:\/\/www.facebook.com\/editiontawhid\/\"]}]}<\/script>\n<!-- \/ Yoast SEO plugin. -->","yoast_head_json":{"title":"Les Compagnons racont\u00e9s aux enfants - \u00c9ditions Tawhid","description":"Les Compagnons du Proph\u00e8te racont\u00e9s aux enfants est un ouvrage compos\u00e9 d\u2019histoires \u00e0 la fois simples et profondes. Elles relatent des moments importants de la vie de ces belles \u00e2mes qui ont fa\u00e7onn\u00e9 l\u2019histoire de l\u2019islam \u00e0 ses d\u00e9buts.","robots":{"index":"noindex","follow":"follow","max-snippet":"max-snippet:-1","max-image-preview":"max-image-preview:large","max-video-preview":"max-video-preview:-1"},"og_locale":"fr_FR","og_type":"article","og_title":"Les Compagnons racont\u00e9s aux enfants - \u00c9ditions Tawhid","og_description":"Les Compagnons du Proph\u00e8te racont\u00e9s aux enfants est un ouvrage compos\u00e9 d\u2019histoires \u00e0 la fois simples et profondes. Elles relatent des moments importants de la vie de ces belles \u00e2mes qui ont fa\u00e7onn\u00e9 l\u2019histoire de l\u2019islam \u00e0 ses d\u00e9buts.","og_url":"https:\/\/www.edition-tawhid.com\/staging-site\/produit\/les-compagnons-racontes-aux-enfants\/","og_site_name":"\u00c9ditions Tawhid","article_publisher":"https:\/\/www.facebook.com\/editiontawhid\/","article_modified_time":"2023-10-08T00:51:33+00:00","og_image":[{"width":791,"height":1024,"url":"https:\/\/www.edition-tawhid.com\/staging-site\/wp-content\/uploads\/2015\/09\/compagnons-enfants-1-v1.jpg","type":"image\/jpeg"}],"twitter_card":"summary_large_image","twitter_misc":{"Dur\u00e9e de lecture estim\u00e9e":"1 minute"},"schema":{"@context":"https:\/\/schema.org","@graph":[{"@type":"WebPage","@id":"https:\/\/www.edition-tawhid.com\/staging-site\/produit\/les-compagnons-racontes-aux-enfants\/","url":"https:\/\/www.edition-tawhid.com\/staging-site\/produit\/les-compagnons-racontes-aux-enfants\/","name":"Les Compagnons racont\u00e9s aux enfants - \u00c9ditions Tawhid","isPartOf":{"@id":"https:\/\/www.edition-tawhid.com\/staging-site\/#website"},"primaryImageOfPage":{"@id":"https:\/\/www.edition-tawhid.com\/staging-site\/produit\/les-compagnons-racontes-aux-enfants\/#primaryimage"},"image":{"@id":"https:\/\/www.edition-tawhid.com\/staging-site\/produit\/les-compagnons-racontes-aux-enfants\/#primaryimage"},"thumbnailUrl":"https:\/\/www.edition-tawhid.com\/staging-site\/wp-content\/uploads\/2015\/09\/compagnons-enfants-1-v1.jpg","datePublished":"2016-11-16T13:06:46+00:00","dateModified":"2023-10-08T00:51:33+00:00","description":"Les Compagnons du Proph\u00e8te racont\u00e9s aux enfants est un ouvrage compos\u00e9 d\u2019histoires \u00e0 la fois simples et profondes. Elles relatent des moments importants de la vie de ces belles \u00e2mes qui ont fa\u00e7onn\u00e9 l\u2019histoire de l\u2019islam \u00e0 ses d\u00e9buts.","breadcrumb":{"@id":"https:\/\/www.edition-tawhid.com\/staging-site\/produit\/les-compagnons-racontes-aux-enfants\/#breadcrumb"},"inLanguage":"fr-FR","potentialAction":[{"@type":"ReadAction","target":["https:\/\/www.edition-tawhid.com\/staging-site\/produit\/les-compagnons-racontes-aux-enfants\/"]}]},{"@type":"ImageObject","inLanguage":"fr-FR","@id":"https:\/\/www.edition-tawhid.com\/staging-site\/produit\/les-compagnons-racontes-aux-enfants\/#primaryimage","url":"https:\/\/www.edition-tawhid.com\/staging-site\/wp-content\/uploads\/2015\/09\/compagnons-enfants-1-v1.jpg","contentUrl":"https:\/\/www.edition-tawhid.com\/staging-site\/wp-content\/uploads\/2015\/09\/compagnons-enfants-1-v1.jpg","width":791,"height":1024,"caption":"Les Compagnons racont\u00e9s aux enfants"},{"@type":"BreadcrumbList","@id":"https:\/\/www.edition-tawhid.com\/staging-site\/produit\/les-compagnons-racontes-aux-enfants\/#breadcrumb","itemListElement":[{"@type":"ListItem","position":1,"name":"Accueil","item":"https:\/\/www.edition-tawhid.com\/staging-site\/"},{"@type":"ListItem","position":2,"name":"Tous nos livres","item":"https:\/\/www.edition-tawhid.com\/staging-site\/tous-nos-livres\/"},{"@type":"ListItem","position":3,"name":"Les Compagnons racont\u00e9s aux enfants"}]},{"@type":"WebSite","@id":"https:\/\/www.edition-tawhid.com\/staging-site\/#website","url":"https:\/\/www.edition-tawhid.com\/staging-site\/","name":"\u00c9ditions Tawhid","description":"Le sp\u00e9cialiste du livre islamique francophone","publisher":{"@id":"https:\/\/www.edition-tawhid.com\/staging-site\/#organization"},"potentialAction":[{"@type":"SearchAction","target":{"@type":"EntryPoint","urlTemplate":"https:\/\/www.edition-tawhid.com\/staging-site\/?s={search_term_string}"},"query-input":{"@type":"PropertyValueSpecification","valueRequired":true,"valueName":"search_term_string"}}],"inLanguage":"fr-FR"},{"@type":"Organization","@id":"https:\/\/www.edition-tawhid.com\/staging-site\/#organization","name":"Editions Tawhid","url":"https:\/\/www.edition-tawhid.com\/staging-site\/","logo":{"@type":"ImageObject","inLanguage":"fr-FR","@id":"https:\/\/www.edition-tawhid.com\/staging-site\/#\/schema\/logo\/image\/","url":"https:\/\/www.edition-tawhid.com\/staging-site\/wp-content\/uploads\/2018\/12\/logo_noir_v1-01.png","contentUrl":"https:\/\/www.edition-tawhid.com\/staging-site\/wp-content\/uploads\/2018\/12\/logo_noir_v1-01.png","width":80,"height":112,"caption":"Editions Tawhid"},"image":{"@id":"https:\/\/www.edition-tawhid.com\/staging-site\/#\/schema\/logo\/image\/"},"sameAs":["https:\/\/www.facebook.com\/editiontawhid\/"]}]}},"_links":{"self":[{"href":"https:\/\/www.edition-tawhid.com\/staging-site\/wp-json\/wp\/v2\/product\/1920","targetHints":{"allow":["GET"]}}],"collection":[{"href":"https:\/\/www.edition-tawhid.com\/staging-site\/wp-json\/wp\/v2\/product"}],"about":[{"href":"https:\/\/www.edition-tawhid.com\/staging-site\/wp-json\/wp\/v2\/types\/product"}],"replies":[{"embeddable":true,"href":"https:\/\/www.edition-tawhid.com\/staging-site\/wp-json\/wp\/v2\/comments?post=1920"}],"wp:featuredmedia":[{"embeddable":true,"href":"https:\/\/www.edition-tawhid.com\/staging-site\/wp-json\/wp\/v2\/media\/16796"}],"wp:attachment":[{"href":"https:\/\/www.edition-tawhid.com\/staging-site\/wp-json\/wp\/v2\/media?parent=1920"}],"wp:term":[{"taxonomy":"product_brand","embeddable":true,"href":"https:\/\/www.edition-tawhid.com\/staging-site\/wp-json\/wp\/v2\/product_brand?post=1920"},{"taxonomy":"product_cat","embeddable":true,"href":"https:\/\/www.edition-tawhid.com\/staging-site\/wp-json\/wp\/v2\/product_cat?post=1920"},{"taxonomy":"product_tag","embeddable":true,"href":"https:\/\/www.edition-tawhid.com\/staging-site\/wp-json\/wp\/v2\/product_tag?post=1920"}],"curies":[{"name":"wp","href":"https:\/\/api.w.org\/{rel}","templated":true}]}}