{"id":1951,"date":"2018-09-12T01:41:46","date_gmt":"2018-09-11T23:41:46","guid":{"rendered":"https:\/\/www.edition-tawhid.com\/staging-site\/?post_type=product&#038;p=1951"},"modified":"2023-07-17T14:59:01","modified_gmt":"2023-07-17T12:59:01","slug":"l-ethique-en-islam","status":"publish","type":"product","link":"https:\/\/www.edition-tawhid.com\/staging-site\/produit\/l-ethique-en-islam\/","title":{"rendered":"L&rsquo;\u00c9thique en Islam"},"content":{"rendered":"<p>L\u2019Islam est avant tout un message porteur de valeurs et d\u2019\u00e9thique (<em>khuluq<\/em>). \u00c0 cet \u00e9gard, le Proph\u00e8te Muhammad a dit : \u00ab J\u2019ai \u00e9t\u00e9 envoy\u00e9 pour parfaire les nobles caract\u00e8res. \u00bb Ainsi, tout le message de l\u2019Islam est rattach\u00e9 \u00e0 l\u2019accomplissement de cette mission morale.<\/p>\n<p>L\u2019Islam a \u00e9galement rattach\u00e9 l\u2019\u00e9thique aux actes de culte (<em>\u2018ib\u00e2dat<\/em>). Comme l\u2019\u00e9nonce le Coran, la <em>sal\u00e2t<\/em> (pri\u00e8re) pr\u00e9serve de la turpitude ; la <em>zak\u00e2t<\/em> (imp\u00f4t social purificateur) purifie les biens ; le <em>sawm<\/em> (je\u00fbne) \u00e9duque \u00e0 la mod\u00e9ration et rapproche de l\u2019essentiel ; le <em>hajj<\/em> (p\u00e8lerinage) favorise une conscience intime de Dieu. Ces piliers de l\u2019Islam sont donc tous li\u00e9s \u00e0 des valeurs morales. Si ces actes cultuels ne se refl\u00e8tent pas dans le comportement, ils perdent alors toute valeur.<\/p>\n<p>L\u2019Islam a \u00e9galement \u00e9tabli un code moral pour les interactions sociales qui doivent \u00eatre fond\u00e9es sur les valeurs de v\u00e9rit\u00e9, de confiance, de justice, de bienfaisance et de mis\u00e9ricorde. Il n\u2019y a donc pas de dissociation entre l\u2019\u00e9thique, d\u2019une part, et la science, la politique, l\u2019\u00e9conomie ou m\u00eame l\u2019art, d\u2019autre part.<\/p>\n<p>Les savants musulmans ont int\u00e9gr\u00e9 l\u2019\u00e9thique dans toutes leurs \u00e9tudes. Certains savants soufis sont all\u00e9s jusqu\u2019\u00e0 pr\u00e9tendre que la spiritualit\u00e9 islamique se r\u00e9duit tout enti\u00e8re \u00e0 l\u2019\u00e9thique. Ibn al-Qayy\u00eem n\u2019a-t-il d\u2019ailleurs pas dit dans ce sens : \u00ab La religion est l\u2019\u00e9thique m\u00eame et celui qui a plus de sens moral que toi est bien plus religieux que toi. \u00bb<\/p>\n","protected":false},"excerpt":{"rendered":"<p>Les savants musulmans ont int\u00e9gr\u00e9 l\u2019\u00e9thique dans toutes leurs \u00e9tudes. Certains savants soufis sont all\u00e9s jusqu\u2019\u00e0 pr\u00e9tendre que la spiritualit\u00e9 islamique se r\u00e9duit tout enti\u00e8re \u00e0 l\u2019\u00e9thique. Ibn al-Qayy\u00eem n\u2019a-t-il d\u2019ailleurs pas dit dans ce sens : \u00ab La religion est l\u2019\u00e9thique m\u00eame et celui qui a plus de sens moral que toi est bien plus religieux que toi. \u00bb<\/p>\n","protected":false},"featured_media":12713,"comment_status":"open","ping_status":"closed","template":"","meta":{"_acf_changed":false},"product_brand":[],"product_cat":[2480,2524],"product_tag":[],"class_list":{"0":"post-1951","1":"product","2":"type-product","3":"status-publish","4":"has-post-thumbnail","6":"product_cat-pensee","7":"product_cat-spiritualite","8":"pa_book-author-yusuf-al-qaradawi","10":"first","11":"instock","12":"taxable","13":"shipping-taxable","14":"purchasable","15":"product-type-simple"},"acf":[],"yoast_head":"<!-- This site is optimized with the Yoast SEO plugin v27.1.1 - https:\/\/yoast.com\/product\/yoast-seo-wordpress\/ -->\n<title>L&#039;\u00c9thique en Islam - \u00c9ditions Tawhid<\/title>\n<meta name=\"robots\" content=\"noindex, follow, max-snippet:-1, max-image-preview:large, max-video-preview:-1\" \/>\n<meta property=\"og:locale\" content=\"fr_FR\" \/>\n<meta property=\"og:type\" content=\"article\" \/>\n<meta property=\"og:title\" content=\"L&#039;\u00c9thique en Islam - \u00c9ditions Tawhid\" \/>\n<meta property=\"og:description\" content=\"Les savants musulmans ont int\u00e9gr\u00e9 l\u2019\u00e9thique dans toutes leurs \u00e9tudes. Certains savants soufis sont all\u00e9s jusqu\u2019\u00e0 pr\u00e9tendre que la spiritualit\u00e9 islamique se r\u00e9duit tout enti\u00e8re \u00e0 l\u2019\u00e9thique. Ibn al-Qayy\u00eem n\u2019a-t-il d\u2019ailleurs pas dit dans ce sens : \u00ab La religion est l\u2019\u00e9thique m\u00eame et celui qui a plus de sens moral que toi est bien plus religieux que toi. \u00bb\" \/>\n<meta property=\"og:url\" content=\"https:\/\/www.edition-tawhid.com\/staging-site\/produit\/l-ethique-en-islam\/\" \/>\n<meta property=\"og:site_name\" content=\"\u00c9ditions Tawhid\" \/>\n<meta property=\"article:publisher\" content=\"https:\/\/www.facebook.com\/editiontawhid\/\" \/>\n<meta property=\"article:modified_time\" content=\"2023-07-17T12:59:01+00:00\" \/>\n<meta property=\"og:image\" content=\"https:\/\/www.edition-tawhid.com\/staging-site\/wp-content\/uploads\/2018\/09\/qaradawi_ethique_3_NEW.jpg\" \/>\n\t<meta property=\"og:image:width\" content=\"791\" \/>\n\t<meta property=\"og:image:height\" content=\"1024\" \/>\n\t<meta property=\"og:image:type\" content=\"image\/jpeg\" \/>\n<meta name=\"twitter:card\" content=\"summary_large_image\" \/>\n<meta name=\"twitter:label1\" content=\"Dur\u00e9e de lecture estim\u00e9e\" \/>\n\t<meta name=\"twitter:data1\" content=\"1 minute\" \/>\n<script type=\"application\/ld+json\" class=\"yoast-schema-graph\">{\"@context\":\"https:\/\/schema.org\",\"@graph\":[{\"@type\":\"WebPage\",\"@id\":\"https:\/\/www.edition-tawhid.com\/staging-site\/produit\/l-ethique-en-islam\/\",\"url\":\"https:\/\/www.edition-tawhid.com\/staging-site\/produit\/l-ethique-en-islam\/\",\"name\":\"L'\u00c9thique en Islam - \u00c9ditions Tawhid\",\"isPartOf\":{\"@id\":\"https:\/\/www.edition-tawhid.com\/staging-site\/#website\"},\"primaryImageOfPage\":{\"@id\":\"https:\/\/www.edition-tawhid.com\/staging-site\/produit\/l-ethique-en-islam\/#primaryimage\"},\"image\":{\"@id\":\"https:\/\/www.edition-tawhid.com\/staging-site\/produit\/l-ethique-en-islam\/#primaryimage\"},\"thumbnailUrl\":\"https:\/\/www.edition-tawhid.com\/staging-site\/wp-content\/uploads\/2018\/09\/qaradawi_ethique_3_NEW.jpg\",\"datePublished\":\"2018-09-11T23:41:46+00:00\",\"dateModified\":\"2023-07-17T12:59:01+00:00\",\"breadcrumb\":{\"@id\":\"https:\/\/www.edition-tawhid.com\/staging-site\/produit\/l-ethique-en-islam\/#breadcrumb\"},\"inLanguage\":\"fr-FR\",\"potentialAction\":[{\"@type\":\"ReadAction\",\"target\":[\"https:\/\/www.edition-tawhid.com\/staging-site\/produit\/l-ethique-en-islam\/\"]}]},{\"@type\":\"ImageObject\",\"inLanguage\":\"fr-FR\",\"@id\":\"https:\/\/www.edition-tawhid.com\/staging-site\/produit\/l-ethique-en-islam\/#primaryimage\",\"url\":\"https:\/\/www.edition-tawhid.com\/staging-site\/wp-content\/uploads\/2018\/09\/qaradawi_ethique_3_NEW.jpg\",\"contentUrl\":\"https:\/\/www.edition-tawhid.com\/staging-site\/wp-content\/uploads\/2018\/09\/qaradawi_ethique_3_NEW.jpg\",\"width\":791,\"height\":1024},{\"@type\":\"BreadcrumbList\",\"@id\":\"https:\/\/www.edition-tawhid.com\/staging-site\/produit\/l-ethique-en-islam\/#breadcrumb\",\"itemListElement\":[{\"@type\":\"ListItem\",\"position\":1,\"name\":\"Accueil\",\"item\":\"https:\/\/www.edition-tawhid.com\/staging-site\/\"},{\"@type\":\"ListItem\",\"position\":2,\"name\":\"Tous nos livres\",\"item\":\"https:\/\/www.edition-tawhid.com\/staging-site\/tous-nos-livres\/\"},{\"@type\":\"ListItem\",\"position\":3,\"name\":\"L&#8217;\u00c9thique en Islam\"}]},{\"@type\":\"WebSite\",\"@id\":\"https:\/\/www.edition-tawhid.com\/staging-site\/#website\",\"url\":\"https:\/\/www.edition-tawhid.com\/staging-site\/\",\"name\":\"\u00c9ditions Tawhid\",\"description\":\"Le sp\u00e9cialiste du livre islamique francophone\",\"publisher\":{\"@id\":\"https:\/\/www.edition-tawhid.com\/staging-site\/#organization\"},\"potentialAction\":[{\"@type\":\"SearchAction\",\"target\":{\"@type\":\"EntryPoint\",\"urlTemplate\":\"https:\/\/www.edition-tawhid.com\/staging-site\/?s={search_term_string}\"},\"query-input\":{\"@type\":\"PropertyValueSpecification\",\"valueRequired\":true,\"valueName\":\"search_term_string\"}}],\"inLanguage\":\"fr-FR\"},{\"@type\":\"Organization\",\"@id\":\"https:\/\/www.edition-tawhid.com\/staging-site\/#organization\",\"name\":\"Editions Tawhid\",\"url\":\"https:\/\/www.edition-tawhid.com\/staging-site\/\",\"logo\":{\"@type\":\"ImageObject\",\"inLanguage\":\"fr-FR\",\"@id\":\"https:\/\/www.edition-tawhid.com\/staging-site\/#\/schema\/logo\/image\/\",\"url\":\"https:\/\/www.edition-tawhid.com\/staging-site\/wp-content\/uploads\/2018\/12\/logo_noir_v1-01.png\",\"contentUrl\":\"https:\/\/www.edition-tawhid.com\/staging-site\/wp-content\/uploads\/2018\/12\/logo_noir_v1-01.png\",\"width\":80,\"height\":112,\"caption\":\"Editions Tawhid\"},\"image\":{\"@id\":\"https:\/\/www.edition-tawhid.com\/staging-site\/#\/schema\/logo\/image\/\"},\"sameAs\":[\"https:\/\/www.facebook.com\/editiontawhid\/\"]}]}<\/script>\n<!-- \/ Yoast SEO plugin. -->","yoast_head_json":{"title":"L'\u00c9thique en Islam - \u00c9ditions Tawhid","robots":{"index":"noindex","follow":"follow","max-snippet":"max-snippet:-1","max-image-preview":"max-image-preview:large","max-video-preview":"max-video-preview:-1"},"og_locale":"fr_FR","og_type":"article","og_title":"L'\u00c9thique en Islam - \u00c9ditions Tawhid","og_description":"Les savants musulmans ont int\u00e9gr\u00e9 l\u2019\u00e9thique dans toutes leurs \u00e9tudes. Certains savants soufis sont all\u00e9s jusqu\u2019\u00e0 pr\u00e9tendre que la spiritualit\u00e9 islamique se r\u00e9duit tout enti\u00e8re \u00e0 l\u2019\u00e9thique. Ibn al-Qayy\u00eem n\u2019a-t-il d\u2019ailleurs pas dit dans ce sens : \u00ab La religion est l\u2019\u00e9thique m\u00eame et celui qui a plus de sens moral que toi est bien plus religieux que toi. \u00bb","og_url":"https:\/\/www.edition-tawhid.com\/staging-site\/produit\/l-ethique-en-islam\/","og_site_name":"\u00c9ditions Tawhid","article_publisher":"https:\/\/www.facebook.com\/editiontawhid\/","article_modified_time":"2023-07-17T12:59:01+00:00","og_image":[{"width":791,"height":1024,"url":"https:\/\/www.edition-tawhid.com\/staging-site\/wp-content\/uploads\/2018\/09\/qaradawi_ethique_3_NEW.jpg","type":"image\/jpeg"}],"twitter_card":"summary_large_image","twitter_misc":{"Dur\u00e9e de lecture estim\u00e9e":"1 minute"},"schema":{"@context":"https:\/\/schema.org","@graph":[{"@type":"WebPage","@id":"https:\/\/www.edition-tawhid.com\/staging-site\/produit\/l-ethique-en-islam\/","url":"https:\/\/www.edition-tawhid.com\/staging-site\/produit\/l-ethique-en-islam\/","name":"L'\u00c9thique en Islam - \u00c9ditions Tawhid","isPartOf":{"@id":"https:\/\/www.edition-tawhid.com\/staging-site\/#website"},"primaryImageOfPage":{"@id":"https:\/\/www.edition-tawhid.com\/staging-site\/produit\/l-ethique-en-islam\/#primaryimage"},"image":{"@id":"https:\/\/www.edition-tawhid.com\/staging-site\/produit\/l-ethique-en-islam\/#primaryimage"},"thumbnailUrl":"https:\/\/www.edition-tawhid.com\/staging-site\/wp-content\/uploads\/2018\/09\/qaradawi_ethique_3_NEW.jpg","datePublished":"2018-09-11T23:41:46+00:00","dateModified":"2023-07-17T12:59:01+00:00","breadcrumb":{"@id":"https:\/\/www.edition-tawhid.com\/staging-site\/produit\/l-ethique-en-islam\/#breadcrumb"},"inLanguage":"fr-FR","potentialAction":[{"@type":"ReadAction","target":["https:\/\/www.edition-tawhid.com\/staging-site\/produit\/l-ethique-en-islam\/"]}]},{"@type":"ImageObject","inLanguage":"fr-FR","@id":"https:\/\/www.edition-tawhid.com\/staging-site\/produit\/l-ethique-en-islam\/#primaryimage","url":"https:\/\/www.edition-tawhid.com\/staging-site\/wp-content\/uploads\/2018\/09\/qaradawi_ethique_3_NEW.jpg","contentUrl":"https:\/\/www.edition-tawhid.com\/staging-site\/wp-content\/uploads\/2018\/09\/qaradawi_ethique_3_NEW.jpg","width":791,"height":1024},{"@type":"BreadcrumbList","@id":"https:\/\/www.edition-tawhid.com\/staging-site\/produit\/l-ethique-en-islam\/#breadcrumb","itemListElement":[{"@type":"ListItem","position":1,"name":"Accueil","item":"https:\/\/www.edition-tawhid.com\/staging-site\/"},{"@type":"ListItem","position":2,"name":"Tous nos livres","item":"https:\/\/www.edition-tawhid.com\/staging-site\/tous-nos-livres\/"},{"@type":"ListItem","position":3,"name":"L&#8217;\u00c9thique en Islam"}]},{"@type":"WebSite","@id":"https:\/\/www.edition-tawhid.com\/staging-site\/#website","url":"https:\/\/www.edition-tawhid.com\/staging-site\/","name":"\u00c9ditions Tawhid","description":"Le sp\u00e9cialiste du livre islamique francophone","publisher":{"@id":"https:\/\/www.edition-tawhid.com\/staging-site\/#organization"},"potentialAction":[{"@type":"SearchAction","target":{"@type":"EntryPoint","urlTemplate":"https:\/\/www.edition-tawhid.com\/staging-site\/?s={search_term_string}"},"query-input":{"@type":"PropertyValueSpecification","valueRequired":true,"valueName":"search_term_string"}}],"inLanguage":"fr-FR"},{"@type":"Organization","@id":"https:\/\/www.edition-tawhid.com\/staging-site\/#organization","name":"Editions Tawhid","url":"https:\/\/www.edition-tawhid.com\/staging-site\/","logo":{"@type":"ImageObject","inLanguage":"fr-FR","@id":"https:\/\/www.edition-tawhid.com\/staging-site\/#\/schema\/logo\/image\/","url":"https:\/\/www.edition-tawhid.com\/staging-site\/wp-content\/uploads\/2018\/12\/logo_noir_v1-01.png","contentUrl":"https:\/\/www.edition-tawhid.com\/staging-site\/wp-content\/uploads\/2018\/12\/logo_noir_v1-01.png","width":80,"height":112,"caption":"Editions Tawhid"},"image":{"@id":"https:\/\/www.edition-tawhid.com\/staging-site\/#\/schema\/logo\/image\/"},"sameAs":["https:\/\/www.facebook.com\/editiontawhid\/"]}]}},"_links":{"self":[{"href":"https:\/\/www.edition-tawhid.com\/staging-site\/wp-json\/wp\/v2\/product\/1951","targetHints":{"allow":["GET"]}}],"collection":[{"href":"https:\/\/www.edition-tawhid.com\/staging-site\/wp-json\/wp\/v2\/product"}],"about":[{"href":"https:\/\/www.edition-tawhid.com\/staging-site\/wp-json\/wp\/v2\/types\/product"}],"replies":[{"embeddable":true,"href":"https:\/\/www.edition-tawhid.com\/staging-site\/wp-json\/wp\/v2\/comments?post=1951"}],"wp:featuredmedia":[{"embeddable":true,"href":"https:\/\/www.edition-tawhid.com\/staging-site\/wp-json\/wp\/v2\/media\/12713"}],"wp:attachment":[{"href":"https:\/\/www.edition-tawhid.com\/staging-site\/wp-json\/wp\/v2\/media?parent=1951"}],"wp:term":[{"taxonomy":"product_brand","embeddable":true,"href":"https:\/\/www.edition-tawhid.com\/staging-site\/wp-json\/wp\/v2\/product_brand?post=1951"},{"taxonomy":"product_cat","embeddable":true,"href":"https:\/\/www.edition-tawhid.com\/staging-site\/wp-json\/wp\/v2\/product_cat?post=1951"},{"taxonomy":"product_tag","embeddable":true,"href":"https:\/\/www.edition-tawhid.com\/staging-site\/wp-json\/wp\/v2\/product_tag?post=1951"}],"curies":[{"name":"wp","href":"https:\/\/api.w.org\/{rel}","templated":true}]}}