{"id":1956,"date":"2015-09-12T14:17:17","date_gmt":"2015-09-12T12:17:17","guid":{"rendered":"https:\/\/www.edition-tawhid.com\/staging-site\/produit\/le-coran-explique-aux-enfants-juz-amma-2\/"},"modified":"2024-11-15T20:21:32","modified_gmt":"2024-11-15T19:21:32","slug":"le-coran-explique-aux-enfants","status":"publish","type":"product","link":"https:\/\/www.edition-tawhid.com\/staging-site\/produit\/le-coran-explique-aux-enfants\/","title":{"rendered":"Le Coran expliqu\u00e9 aux enfants (nouvelles illustrations)"},"content":{"rendered":"<p>Nous avons le plaisir de vous pr\u00e9senter notre nouvelle \u00e9dition de notre best-seller \u00ab\u00a0<em>Le Coran expliqu\u00e9 aux enfants<\/em>\u00ab\u00a0.<\/p>\n<p>Pour cette \u00e9dition, des <strong>nouvelles illustrations<\/strong> sont propos\u00e9es, ainsi que des <strong>QR codes<\/strong> pour que votre enfant puisse suivre la sourate et la r\u00e9citer correctement.<\/p>\n<p>V\u00e9ritable petit tafsir pour les enfants, cet ouvrage est id\u00e9al pour apprendre et comprendre les derni\u00e8res sourates du Coran qui composent le <em>juz &lsquo;amma<\/em>.<\/p>\n<p>Chaque sourate est pr\u00e9sent\u00e9e afin de faciliter son apprentissage et sa compr\u00e9hension. Elle est expliqu\u00e9e de mani\u00e8re accessible, les mots les plus importants sont expliqu\u00e9s, et des th\u00e8mes relatifs \u00e0 la sourate sont expliqu\u00e9s sp\u00e9cifiquement. Enfin, des conseils et enseignements sont pr\u00e9sent\u00e9s afin que votre enfant puisse tirer profit de la R\u00e9v\u00e9lation et l&rsquo;appliquer dans sa vie au quotidien.<\/p>\n<h6 class=\"p1\"><em>Couverture avec paillettes et vernis<\/em><em>.<\/em><\/h6>\n","protected":false},"excerpt":{"rendered":"<p>Nous avons le plaisir de vous pr\u00e9senter notre nouvelle \u00e9dition de notre best-seller \u00ab\u00a0<em>Le Coran expliqu\u00e9 aux enfants\u00a0\u00bb<\/em>.<\/p>\n<p>Pour cette \u00e9dition, des <strong>nouvelles illustrations<\/strong> sont propos\u00e9es, ainsi que des <strong>QR codes<\/strong> pour que votre enfant puisse suivre la sourate et la r\u00e9citer correctement.<\/p>\n<p>V\u00e9ritable petit tafsir pour les enfants, cet ouvrage est id\u00e9al pour apprendre et comprendre les derni\u00e8res sourates du Coran qui composent le <em>juz \u2018amma<\/em>.<\/p>\n<h6 class=\"p1\"><em>Couverture avec paillettes et vernis<\/em><em>.<\/em><\/h6>\n","protected":false},"featured_media":16802,"comment_status":"open","ping_status":"closed","template":"","meta":{"_acf_changed":false},"product_brand":[],"product_cat":[2465],"product_tag":[],"class_list":{"0":"post-1956","1":"product","2":"type-product","3":"status-publish","4":"has-post-thumbnail","6":"product_cat-jeunesse","7":"pa_book-author-siham-andalouci","9":"first","10":"instock","11":"featured","12":"taxable","13":"shipping-taxable","14":"purchasable","15":"product-type-simple"},"acf":[],"yoast_head":"<!-- This site is optimized with the Yoast SEO plugin v27.1.1 - https:\/\/yoast.com\/product\/yoast-seo-wordpress\/ -->\n<title>Le Coran expliqu\u00e9 aux enfants (nouvelles illustrations) - \u00c9ditions Tawhid<\/title>\n<meta name=\"robots\" content=\"noindex, follow, max-snippet:-1, max-image-preview:large, max-video-preview:-1\" \/>\n<meta property=\"og:locale\" content=\"fr_FR\" \/>\n<meta property=\"og:type\" content=\"article\" \/>\n<meta property=\"og:title\" content=\"Le Coran expliqu\u00e9 aux enfants (nouvelles illustrations) - \u00c9ditions Tawhid\" \/>\n<meta property=\"og:description\" content=\"Nous avons le plaisir de vous pr\u00e9senter notre nouvelle \u00e9dition de notre best-seller &quot;Le Coran expliqu\u00e9 aux enfants&quot;.  Pour cette \u00e9dition, des nouvelles illustrations sont propos\u00e9es, ainsi que des QR codes pour que votre enfant puisse suivre la sourate et la r\u00e9citer correctement.  V\u00e9ritable petit tafsir pour les enfants, cet ouvrage est id\u00e9al pour apprendre et comprendre les derni\u00e8res sourates du Coran qui composent le juz \u2018amma. Couverture avec paillettes et vernis.\" \/>\n<meta property=\"og:url\" content=\"https:\/\/www.edition-tawhid.com\/staging-site\/produit\/le-coran-explique-aux-enfants\/\" \/>\n<meta property=\"og:site_name\" content=\"\u00c9ditions Tawhid\" \/>\n<meta property=\"article:publisher\" content=\"https:\/\/www.facebook.com\/editiontawhid\/\" \/>\n<meta property=\"article:modified_time\" content=\"2024-11-15T19:21:32+00:00\" \/>\n<meta property=\"og:image\" content=\"https:\/\/www.edition-tawhid.com\/staging-site\/wp-content\/uploads\/2015\/09\/coran-enfants-1-v1.jpg\" \/>\n\t<meta property=\"og:image:width\" content=\"791\" \/>\n\t<meta property=\"og:image:height\" content=\"1024\" \/>\n\t<meta property=\"og:image:type\" content=\"image\/jpeg\" \/>\n<meta name=\"twitter:card\" content=\"summary_large_image\" \/>\n<meta name=\"twitter:label1\" content=\"Dur\u00e9e de lecture estim\u00e9e\" \/>\n\t<meta name=\"twitter:data1\" content=\"1 minute\" \/>\n<script type=\"application\/ld+json\" class=\"yoast-schema-graph\">{\"@context\":\"https:\/\/schema.org\",\"@graph\":[{\"@type\":\"WebPage\",\"@id\":\"https:\/\/www.edition-tawhid.com\/staging-site\/produit\/le-coran-explique-aux-enfants\/\",\"url\":\"https:\/\/www.edition-tawhid.com\/staging-site\/produit\/le-coran-explique-aux-enfants\/\",\"name\":\"Le Coran expliqu\u00e9 aux enfants (nouvelles illustrations) - \u00c9ditions Tawhid\",\"isPartOf\":{\"@id\":\"https:\/\/www.edition-tawhid.com\/staging-site\/#website\"},\"primaryImageOfPage\":{\"@id\":\"https:\/\/www.edition-tawhid.com\/staging-site\/produit\/le-coran-explique-aux-enfants\/#primaryimage\"},\"image\":{\"@id\":\"https:\/\/www.edition-tawhid.com\/staging-site\/produit\/le-coran-explique-aux-enfants\/#primaryimage\"},\"thumbnailUrl\":\"https:\/\/www.edition-tawhid.com\/staging-site\/wp-content\/uploads\/2015\/09\/coran-enfants-1-v1.jpg\",\"datePublished\":\"2015-09-12T12:17:17+00:00\",\"dateModified\":\"2024-11-15T19:21:32+00:00\",\"breadcrumb\":{\"@id\":\"https:\/\/www.edition-tawhid.com\/staging-site\/produit\/le-coran-explique-aux-enfants\/#breadcrumb\"},\"inLanguage\":\"fr-FR\",\"potentialAction\":[{\"@type\":\"ReadAction\",\"target\":[\"https:\/\/www.edition-tawhid.com\/staging-site\/produit\/le-coran-explique-aux-enfants\/\"]}]},{\"@type\":\"ImageObject\",\"inLanguage\":\"fr-FR\",\"@id\":\"https:\/\/www.edition-tawhid.com\/staging-site\/produit\/le-coran-explique-aux-enfants\/#primaryimage\",\"url\":\"https:\/\/www.edition-tawhid.com\/staging-site\/wp-content\/uploads\/2015\/09\/coran-enfants-1-v1.jpg\",\"contentUrl\":\"https:\/\/www.edition-tawhid.com\/staging-site\/wp-content\/uploads\/2015\/09\/coran-enfants-1-v1.jpg\",\"width\":791,\"height\":1024,\"caption\":\"Le Coran expliqu\u00e9 aux enfants\"},{\"@type\":\"BreadcrumbList\",\"@id\":\"https:\/\/www.edition-tawhid.com\/staging-site\/produit\/le-coran-explique-aux-enfants\/#breadcrumb\",\"itemListElement\":[{\"@type\":\"ListItem\",\"position\":1,\"name\":\"Accueil\",\"item\":\"https:\/\/www.edition-tawhid.com\/staging-site\/\"},{\"@type\":\"ListItem\",\"position\":2,\"name\":\"Tous nos livres\",\"item\":\"https:\/\/www.edition-tawhid.com\/staging-site\/tous-nos-livres\/\"},{\"@type\":\"ListItem\",\"position\":3,\"name\":\"Le Coran expliqu\u00e9 aux enfants (nouvelles illustrations)\"}]},{\"@type\":\"WebSite\",\"@id\":\"https:\/\/www.edition-tawhid.com\/staging-site\/#website\",\"url\":\"https:\/\/www.edition-tawhid.com\/staging-site\/\",\"name\":\"\u00c9ditions Tawhid\",\"description\":\"Le sp\u00e9cialiste du livre islamique francophone\",\"publisher\":{\"@id\":\"https:\/\/www.edition-tawhid.com\/staging-site\/#organization\"},\"potentialAction\":[{\"@type\":\"SearchAction\",\"target\":{\"@type\":\"EntryPoint\",\"urlTemplate\":\"https:\/\/www.edition-tawhid.com\/staging-site\/?s={search_term_string}\"},\"query-input\":{\"@type\":\"PropertyValueSpecification\",\"valueRequired\":true,\"valueName\":\"search_term_string\"}}],\"inLanguage\":\"fr-FR\"},{\"@type\":\"Organization\",\"@id\":\"https:\/\/www.edition-tawhid.com\/staging-site\/#organization\",\"name\":\"Editions Tawhid\",\"url\":\"https:\/\/www.edition-tawhid.com\/staging-site\/\",\"logo\":{\"@type\":\"ImageObject\",\"inLanguage\":\"fr-FR\",\"@id\":\"https:\/\/www.edition-tawhid.com\/staging-site\/#\/schema\/logo\/image\/\",\"url\":\"https:\/\/www.edition-tawhid.com\/staging-site\/wp-content\/uploads\/2018\/12\/logo_noir_v1-01.png\",\"contentUrl\":\"https:\/\/www.edition-tawhid.com\/staging-site\/wp-content\/uploads\/2018\/12\/logo_noir_v1-01.png\",\"width\":80,\"height\":112,\"caption\":\"Editions Tawhid\"},\"image\":{\"@id\":\"https:\/\/www.edition-tawhid.com\/staging-site\/#\/schema\/logo\/image\/\"},\"sameAs\":[\"https:\/\/www.facebook.com\/editiontawhid\/\"]}]}<\/script>\n<!-- \/ Yoast SEO plugin. -->","yoast_head_json":{"title":"Le Coran expliqu\u00e9 aux enfants (nouvelles illustrations) - \u00c9ditions Tawhid","robots":{"index":"noindex","follow":"follow","max-snippet":"max-snippet:-1","max-image-preview":"max-image-preview:large","max-video-preview":"max-video-preview:-1"},"og_locale":"fr_FR","og_type":"article","og_title":"Le Coran expliqu\u00e9 aux enfants (nouvelles illustrations) - \u00c9ditions Tawhid","og_description":"Nous avons le plaisir de vous pr\u00e9senter notre nouvelle \u00e9dition de notre best-seller \"Le Coran expliqu\u00e9 aux enfants\".  Pour cette \u00e9dition, des nouvelles illustrations sont propos\u00e9es, ainsi que des QR codes pour que votre enfant puisse suivre la sourate et la r\u00e9citer correctement.  V\u00e9ritable petit tafsir pour les enfants, cet ouvrage est id\u00e9al pour apprendre et comprendre les derni\u00e8res sourates du Coran qui composent le juz \u2018amma. Couverture avec paillettes et vernis.","og_url":"https:\/\/www.edition-tawhid.com\/staging-site\/produit\/le-coran-explique-aux-enfants\/","og_site_name":"\u00c9ditions Tawhid","article_publisher":"https:\/\/www.facebook.com\/editiontawhid\/","article_modified_time":"2024-11-15T19:21:32+00:00","og_image":[{"width":791,"height":1024,"url":"https:\/\/www.edition-tawhid.com\/staging-site\/wp-content\/uploads\/2015\/09\/coran-enfants-1-v1.jpg","type":"image\/jpeg"}],"twitter_card":"summary_large_image","twitter_misc":{"Dur\u00e9e de lecture estim\u00e9e":"1 minute"},"schema":{"@context":"https:\/\/schema.org","@graph":[{"@type":"WebPage","@id":"https:\/\/www.edition-tawhid.com\/staging-site\/produit\/le-coran-explique-aux-enfants\/","url":"https:\/\/www.edition-tawhid.com\/staging-site\/produit\/le-coran-explique-aux-enfants\/","name":"Le Coran expliqu\u00e9 aux enfants (nouvelles illustrations) - \u00c9ditions Tawhid","isPartOf":{"@id":"https:\/\/www.edition-tawhid.com\/staging-site\/#website"},"primaryImageOfPage":{"@id":"https:\/\/www.edition-tawhid.com\/staging-site\/produit\/le-coran-explique-aux-enfants\/#primaryimage"},"image":{"@id":"https:\/\/www.edition-tawhid.com\/staging-site\/produit\/le-coran-explique-aux-enfants\/#primaryimage"},"thumbnailUrl":"https:\/\/www.edition-tawhid.com\/staging-site\/wp-content\/uploads\/2015\/09\/coran-enfants-1-v1.jpg","datePublished":"2015-09-12T12:17:17+00:00","dateModified":"2024-11-15T19:21:32+00:00","breadcrumb":{"@id":"https:\/\/www.edition-tawhid.com\/staging-site\/produit\/le-coran-explique-aux-enfants\/#breadcrumb"},"inLanguage":"fr-FR","potentialAction":[{"@type":"ReadAction","target":["https:\/\/www.edition-tawhid.com\/staging-site\/produit\/le-coran-explique-aux-enfants\/"]}]},{"@type":"ImageObject","inLanguage":"fr-FR","@id":"https:\/\/www.edition-tawhid.com\/staging-site\/produit\/le-coran-explique-aux-enfants\/#primaryimage","url":"https:\/\/www.edition-tawhid.com\/staging-site\/wp-content\/uploads\/2015\/09\/coran-enfants-1-v1.jpg","contentUrl":"https:\/\/www.edition-tawhid.com\/staging-site\/wp-content\/uploads\/2015\/09\/coran-enfants-1-v1.jpg","width":791,"height":1024,"caption":"Le Coran expliqu\u00e9 aux enfants"},{"@type":"BreadcrumbList","@id":"https:\/\/www.edition-tawhid.com\/staging-site\/produit\/le-coran-explique-aux-enfants\/#breadcrumb","itemListElement":[{"@type":"ListItem","position":1,"name":"Accueil","item":"https:\/\/www.edition-tawhid.com\/staging-site\/"},{"@type":"ListItem","position":2,"name":"Tous nos livres","item":"https:\/\/www.edition-tawhid.com\/staging-site\/tous-nos-livres\/"},{"@type":"ListItem","position":3,"name":"Le Coran expliqu\u00e9 aux enfants (nouvelles illustrations)"}]},{"@type":"WebSite","@id":"https:\/\/www.edition-tawhid.com\/staging-site\/#website","url":"https:\/\/www.edition-tawhid.com\/staging-site\/","name":"\u00c9ditions Tawhid","description":"Le sp\u00e9cialiste du livre islamique francophone","publisher":{"@id":"https:\/\/www.edition-tawhid.com\/staging-site\/#organization"},"potentialAction":[{"@type":"SearchAction","target":{"@type":"EntryPoint","urlTemplate":"https:\/\/www.edition-tawhid.com\/staging-site\/?s={search_term_string}"},"query-input":{"@type":"PropertyValueSpecification","valueRequired":true,"valueName":"search_term_string"}}],"inLanguage":"fr-FR"},{"@type":"Organization","@id":"https:\/\/www.edition-tawhid.com\/staging-site\/#organization","name":"Editions Tawhid","url":"https:\/\/www.edition-tawhid.com\/staging-site\/","logo":{"@type":"ImageObject","inLanguage":"fr-FR","@id":"https:\/\/www.edition-tawhid.com\/staging-site\/#\/schema\/logo\/image\/","url":"https:\/\/www.edition-tawhid.com\/staging-site\/wp-content\/uploads\/2018\/12\/logo_noir_v1-01.png","contentUrl":"https:\/\/www.edition-tawhid.com\/staging-site\/wp-content\/uploads\/2018\/12\/logo_noir_v1-01.png","width":80,"height":112,"caption":"Editions Tawhid"},"image":{"@id":"https:\/\/www.edition-tawhid.com\/staging-site\/#\/schema\/logo\/image\/"},"sameAs":["https:\/\/www.facebook.com\/editiontawhid\/"]}]}},"_links":{"self":[{"href":"https:\/\/www.edition-tawhid.com\/staging-site\/wp-json\/wp\/v2\/product\/1956","targetHints":{"allow":["GET"]}}],"collection":[{"href":"https:\/\/www.edition-tawhid.com\/staging-site\/wp-json\/wp\/v2\/product"}],"about":[{"href":"https:\/\/www.edition-tawhid.com\/staging-site\/wp-json\/wp\/v2\/types\/product"}],"replies":[{"embeddable":true,"href":"https:\/\/www.edition-tawhid.com\/staging-site\/wp-json\/wp\/v2\/comments?post=1956"}],"wp:featuredmedia":[{"embeddable":true,"href":"https:\/\/www.edition-tawhid.com\/staging-site\/wp-json\/wp\/v2\/media\/16802"}],"wp:attachment":[{"href":"https:\/\/www.edition-tawhid.com\/staging-site\/wp-json\/wp\/v2\/media?parent=1956"}],"wp:term":[{"taxonomy":"product_brand","embeddable":true,"href":"https:\/\/www.edition-tawhid.com\/staging-site\/wp-json\/wp\/v2\/product_brand?post=1956"},{"taxonomy":"product_cat","embeddable":true,"href":"https:\/\/www.edition-tawhid.com\/staging-site\/wp-json\/wp\/v2\/product_cat?post=1956"},{"taxonomy":"product_tag","embeddable":true,"href":"https:\/\/www.edition-tawhid.com\/staging-site\/wp-json\/wp\/v2\/product_tag?post=1956"}],"curies":[{"name":"wp","href":"https:\/\/api.w.org\/{rel}","templated":true}]}}