{"id":20167,"date":"2025-08-27T15:52:03","date_gmt":"2025-08-27T13:52:03","guid":{"rendered":"https:\/\/www.edition-tawhid.com\/staging-site\/?post_type=product&#038;p=20167"},"modified":"2025-08-27T15:59:32","modified_gmt":"2025-08-27T13:59:32","slug":"omar-reapparait-a-jerusalem","status":"publish","type":"product","link":"https:\/\/www.edition-tawhid.com\/staging-site\/produit\/omar-reapparait-a-jerusalem\/","title":{"rendered":"Omar r\u00e9appara\u00eet \u00e0 J\u00e9rusalem"},"content":{"rendered":"<p>M\u00e8re, je vous le r\u00e9p\u00e8te; vous n&rsquo;avez aucune raison de vous inqui\u00e9ter. Il est vrai que je sens souvent en moi une tristesse et une amertume profondes qui accablent mon c\u0153ur. Une sorte de d\u00e9sespoir t\u00eatu que je sens parfois se retourner en moi. Mais il n&rsquo;y a pas l\u00e0 de quoi vous inqui\u00e9ter, m\u00e8re; Car depuis le temps, ces choses sont devenues naturelles dans notre vie \u00e0 tous. Nous sommes une g\u00e9n\u00e9ration perdue, m\u00e8re. Une g\u00e9n\u00e9ration d\u00e9finitivement endeuill\u00e9e. Les longues ann\u00e9es d&rsquo;humiliation que nous avons v\u00e9cues sont un terrain fertile pour la douleur et la tristesse. Elles ne peuvent pas se r\u00e9sorber subitement en une aube rayonnante qui dissiperait les t\u00e9n\u00e8bres de notre accablement. Jour apr\u00e8s jour, l&rsquo;ennemi qui persiste dans son orgueil et son arrogance sans que nous puissions laver notre honte, nous fait vivre dans un sentiment d&rsquo;impuissance qui finit par tuer nos r\u00eaves et nos esp\u00e9rances. Si nous ne r\u00e9agissions pas devant les \u00e9v\u00e9nements que nous vivons, nous serions plus semblables aux morts qu&rsquo;aux vivants.(&#8230;)<\/p>\n<p>C&rsquo;est notre destin, et c&rsquo;est aussi notre ch\u00e2timent. Nous avons tiss\u00e9 nous-m\u00eames notre d\u00e9faite par nos disputes, nos badinages et notre futilit\u00e9&#8230; et la punition est tomb\u00e9e. Se pourrait-il que notre malheur actuel soit pour nous une purification n\u00e9cessaire par laquelle nous pourrions nous laver de nos impudences pass\u00e9es? M\u00e8re, ne soyez pas triste. Nos interminables peines vont bient\u00f4t s&rsquo;\u00e9vanouir, j&rsquo;en suis s\u00fbr. Et il sortira des nuages de poussi\u00e8re amoncel\u00e9s, un g\u00e9ant portant notre lib\u00e9ration dans ses mains.<\/p>\n","protected":false},"excerpt":{"rendered":"<p>D\u00e9couvrez, dans ce roman, les aventures de \u2018Omar ibn al-Khatt\u00e2b, compagnon du Proph\u00e8te, qui r\u00e9appara\u00eet \u00e0 notre \u00e9poque dans un J\u00e9rusalem sous domination.<\/p>\n","protected":false},"featured_media":20168,"comment_status":"open","ping_status":"closed","template":"","meta":{"_acf_changed":false},"product_brand":[],"product_cat":[2524],"product_tag":[],"class_list":{"0":"post-20167","1":"product","2":"type-product","3":"status-publish","4":"has-post-thumbnail","6":"product_cat-spiritualite","7":"pa_book-author-najib-al-kilani","9":"first","10":"instock","11":"taxable","12":"shipping-taxable","13":"purchasable","14":"product-type-simple"},"acf":[],"yoast_head":"<!-- This site is optimized with the Yoast SEO plugin v27.1.1 - https:\/\/yoast.com\/product\/yoast-seo-wordpress\/ -->\n<title>Omar r\u00e9appara\u00eet \u00e0 J\u00e9rusalem - \u00c9ditions Tawhid<\/title>\n<meta name=\"robots\" content=\"noindex, follow, max-snippet:-1, max-image-preview:large, max-video-preview:-1\" \/>\n<meta property=\"og:locale\" content=\"fr_FR\" \/>\n<meta property=\"og:type\" content=\"article\" \/>\n<meta property=\"og:title\" content=\"Omar r\u00e9appara\u00eet \u00e0 J\u00e9rusalem - \u00c9ditions Tawhid\" \/>\n<meta property=\"og:description\" content=\"D\u00e9couvrez, dans ce roman, les aventures de \u2018Omar ibn al-Khatt\u00e2b, compagnon du Proph\u00e8te, qui r\u00e9appara\u00eet \u00e0 notre \u00e9poque dans un J\u00e9rusalem sous domination.\" \/>\n<meta property=\"og:url\" content=\"https:\/\/www.edition-tawhid.com\/staging-site\/produit\/omar-reapparait-a-jerusalem\/\" \/>\n<meta property=\"og:site_name\" content=\"\u00c9ditions Tawhid\" \/>\n<meta property=\"article:publisher\" content=\"https:\/\/www.facebook.com\/editiontawhid\/\" \/>\n<meta property=\"article:modified_time\" content=\"2025-08-27T13:59:32+00:00\" \/>\n<meta property=\"og:image\" content=\"https:\/\/www.edition-tawhid.com\/staging-site\/wp-content\/uploads\/2025\/08\/omar-reapaarait-1-v1.jpg\" \/>\n\t<meta property=\"og:image:width\" content=\"791\" \/>\n\t<meta property=\"og:image:height\" content=\"1024\" \/>\n\t<meta property=\"og:image:type\" content=\"image\/jpeg\" \/>\n<meta name=\"twitter:card\" content=\"summary_large_image\" \/>\n<meta name=\"twitter:label1\" content=\"Dur\u00e9e de lecture estim\u00e9e\" \/>\n\t<meta name=\"twitter:data1\" content=\"1 minute\" \/>\n<script type=\"application\/ld+json\" class=\"yoast-schema-graph\">{\"@context\":\"https:\/\/schema.org\",\"@graph\":[{\"@type\":\"WebPage\",\"@id\":\"https:\/\/www.edition-tawhid.com\/staging-site\/produit\/omar-reapparait-a-jerusalem\/\",\"url\":\"https:\/\/www.edition-tawhid.com\/staging-site\/produit\/omar-reapparait-a-jerusalem\/\",\"name\":\"Omar r\u00e9appara\u00eet \u00e0 J\u00e9rusalem - \u00c9ditions Tawhid\",\"isPartOf\":{\"@id\":\"https:\/\/www.edition-tawhid.com\/staging-site\/#website\"},\"primaryImageOfPage\":{\"@id\":\"https:\/\/www.edition-tawhid.com\/staging-site\/produit\/omar-reapparait-a-jerusalem\/#primaryimage\"},\"image\":{\"@id\":\"https:\/\/www.edition-tawhid.com\/staging-site\/produit\/omar-reapparait-a-jerusalem\/#primaryimage\"},\"thumbnailUrl\":\"https:\/\/www.edition-tawhid.com\/staging-site\/wp-content\/uploads\/2025\/08\/omar-reapaarait-1-v1.jpg\",\"datePublished\":\"2025-08-27T13:52:03+00:00\",\"dateModified\":\"2025-08-27T13:59:32+00:00\",\"breadcrumb\":{\"@id\":\"https:\/\/www.edition-tawhid.com\/staging-site\/produit\/omar-reapparait-a-jerusalem\/#breadcrumb\"},\"inLanguage\":\"fr-FR\",\"potentialAction\":[{\"@type\":\"ReadAction\",\"target\":[\"https:\/\/www.edition-tawhid.com\/staging-site\/produit\/omar-reapparait-a-jerusalem\/\"]}]},{\"@type\":\"ImageObject\",\"inLanguage\":\"fr-FR\",\"@id\":\"https:\/\/www.edition-tawhid.com\/staging-site\/produit\/omar-reapparait-a-jerusalem\/#primaryimage\",\"url\":\"https:\/\/www.edition-tawhid.com\/staging-site\/wp-content\/uploads\/2025\/08\/omar-reapaarait-1-v1.jpg\",\"contentUrl\":\"https:\/\/www.edition-tawhid.com\/staging-site\/wp-content\/uploads\/2025\/08\/omar-reapaarait-1-v1.jpg\",\"width\":791,\"height\":1024},{\"@type\":\"BreadcrumbList\",\"@id\":\"https:\/\/www.edition-tawhid.com\/staging-site\/produit\/omar-reapparait-a-jerusalem\/#breadcrumb\",\"itemListElement\":[{\"@type\":\"ListItem\",\"position\":1,\"name\":\"Accueil\",\"item\":\"https:\/\/www.edition-tawhid.com\/staging-site\/\"},{\"@type\":\"ListItem\",\"position\":2,\"name\":\"Tous nos livres\",\"item\":\"https:\/\/www.edition-tawhid.com\/staging-site\/tous-nos-livres\/\"},{\"@type\":\"ListItem\",\"position\":3,\"name\":\"Omar r\u00e9appara\u00eet \u00e0 J\u00e9rusalem\"}]},{\"@type\":\"WebSite\",\"@id\":\"https:\/\/www.edition-tawhid.com\/staging-site\/#website\",\"url\":\"https:\/\/www.edition-tawhid.com\/staging-site\/\",\"name\":\"\u00c9ditions Tawhid\",\"description\":\"Le sp\u00e9cialiste du livre islamique francophone\",\"publisher\":{\"@id\":\"https:\/\/www.edition-tawhid.com\/staging-site\/#organization\"},\"potentialAction\":[{\"@type\":\"SearchAction\",\"target\":{\"@type\":\"EntryPoint\",\"urlTemplate\":\"https:\/\/www.edition-tawhid.com\/staging-site\/?s={search_term_string}\"},\"query-input\":{\"@type\":\"PropertyValueSpecification\",\"valueRequired\":true,\"valueName\":\"search_term_string\"}}],\"inLanguage\":\"fr-FR\"},{\"@type\":\"Organization\",\"@id\":\"https:\/\/www.edition-tawhid.com\/staging-site\/#organization\",\"name\":\"Editions Tawhid\",\"url\":\"https:\/\/www.edition-tawhid.com\/staging-site\/\",\"logo\":{\"@type\":\"ImageObject\",\"inLanguage\":\"fr-FR\",\"@id\":\"https:\/\/www.edition-tawhid.com\/staging-site\/#\/schema\/logo\/image\/\",\"url\":\"https:\/\/www.edition-tawhid.com\/staging-site\/wp-content\/uploads\/2018\/12\/logo_noir_v1-01.png\",\"contentUrl\":\"https:\/\/www.edition-tawhid.com\/staging-site\/wp-content\/uploads\/2018\/12\/logo_noir_v1-01.png\",\"width\":80,\"height\":112,\"caption\":\"Editions Tawhid\"},\"image\":{\"@id\":\"https:\/\/www.edition-tawhid.com\/staging-site\/#\/schema\/logo\/image\/\"},\"sameAs\":[\"https:\/\/www.facebook.com\/editiontawhid\/\"]}]}<\/script>\n<!-- \/ Yoast SEO plugin. -->","yoast_head_json":{"title":"Omar r\u00e9appara\u00eet \u00e0 J\u00e9rusalem - \u00c9ditions Tawhid","robots":{"index":"noindex","follow":"follow","max-snippet":"max-snippet:-1","max-image-preview":"max-image-preview:large","max-video-preview":"max-video-preview:-1"},"og_locale":"fr_FR","og_type":"article","og_title":"Omar r\u00e9appara\u00eet \u00e0 J\u00e9rusalem - \u00c9ditions Tawhid","og_description":"D\u00e9couvrez, dans ce roman, les aventures de \u2018Omar ibn al-Khatt\u00e2b, compagnon du Proph\u00e8te, qui r\u00e9appara\u00eet \u00e0 notre \u00e9poque dans un J\u00e9rusalem sous domination.","og_url":"https:\/\/www.edition-tawhid.com\/staging-site\/produit\/omar-reapparait-a-jerusalem\/","og_site_name":"\u00c9ditions Tawhid","article_publisher":"https:\/\/www.facebook.com\/editiontawhid\/","article_modified_time":"2025-08-27T13:59:32+00:00","og_image":[{"width":791,"height":1024,"url":"https:\/\/www.edition-tawhid.com\/staging-site\/wp-content\/uploads\/2025\/08\/omar-reapaarait-1-v1.jpg","type":"image\/jpeg"}],"twitter_card":"summary_large_image","twitter_misc":{"Dur\u00e9e de lecture estim\u00e9e":"1 minute"},"schema":{"@context":"https:\/\/schema.org","@graph":[{"@type":"WebPage","@id":"https:\/\/www.edition-tawhid.com\/staging-site\/produit\/omar-reapparait-a-jerusalem\/","url":"https:\/\/www.edition-tawhid.com\/staging-site\/produit\/omar-reapparait-a-jerusalem\/","name":"Omar r\u00e9appara\u00eet \u00e0 J\u00e9rusalem - \u00c9ditions Tawhid","isPartOf":{"@id":"https:\/\/www.edition-tawhid.com\/staging-site\/#website"},"primaryImageOfPage":{"@id":"https:\/\/www.edition-tawhid.com\/staging-site\/produit\/omar-reapparait-a-jerusalem\/#primaryimage"},"image":{"@id":"https:\/\/www.edition-tawhid.com\/staging-site\/produit\/omar-reapparait-a-jerusalem\/#primaryimage"},"thumbnailUrl":"https:\/\/www.edition-tawhid.com\/staging-site\/wp-content\/uploads\/2025\/08\/omar-reapaarait-1-v1.jpg","datePublished":"2025-08-27T13:52:03+00:00","dateModified":"2025-08-27T13:59:32+00:00","breadcrumb":{"@id":"https:\/\/www.edition-tawhid.com\/staging-site\/produit\/omar-reapparait-a-jerusalem\/#breadcrumb"},"inLanguage":"fr-FR","potentialAction":[{"@type":"ReadAction","target":["https:\/\/www.edition-tawhid.com\/staging-site\/produit\/omar-reapparait-a-jerusalem\/"]}]},{"@type":"ImageObject","inLanguage":"fr-FR","@id":"https:\/\/www.edition-tawhid.com\/staging-site\/produit\/omar-reapparait-a-jerusalem\/#primaryimage","url":"https:\/\/www.edition-tawhid.com\/staging-site\/wp-content\/uploads\/2025\/08\/omar-reapaarait-1-v1.jpg","contentUrl":"https:\/\/www.edition-tawhid.com\/staging-site\/wp-content\/uploads\/2025\/08\/omar-reapaarait-1-v1.jpg","width":791,"height":1024},{"@type":"BreadcrumbList","@id":"https:\/\/www.edition-tawhid.com\/staging-site\/produit\/omar-reapparait-a-jerusalem\/#breadcrumb","itemListElement":[{"@type":"ListItem","position":1,"name":"Accueil","item":"https:\/\/www.edition-tawhid.com\/staging-site\/"},{"@type":"ListItem","position":2,"name":"Tous nos livres","item":"https:\/\/www.edition-tawhid.com\/staging-site\/tous-nos-livres\/"},{"@type":"ListItem","position":3,"name":"Omar r\u00e9appara\u00eet \u00e0 J\u00e9rusalem"}]},{"@type":"WebSite","@id":"https:\/\/www.edition-tawhid.com\/staging-site\/#website","url":"https:\/\/www.edition-tawhid.com\/staging-site\/","name":"\u00c9ditions Tawhid","description":"Le sp\u00e9cialiste du livre islamique francophone","publisher":{"@id":"https:\/\/www.edition-tawhid.com\/staging-site\/#organization"},"potentialAction":[{"@type":"SearchAction","target":{"@type":"EntryPoint","urlTemplate":"https:\/\/www.edition-tawhid.com\/staging-site\/?s={search_term_string}"},"query-input":{"@type":"PropertyValueSpecification","valueRequired":true,"valueName":"search_term_string"}}],"inLanguage":"fr-FR"},{"@type":"Organization","@id":"https:\/\/www.edition-tawhid.com\/staging-site\/#organization","name":"Editions Tawhid","url":"https:\/\/www.edition-tawhid.com\/staging-site\/","logo":{"@type":"ImageObject","inLanguage":"fr-FR","@id":"https:\/\/www.edition-tawhid.com\/staging-site\/#\/schema\/logo\/image\/","url":"https:\/\/www.edition-tawhid.com\/staging-site\/wp-content\/uploads\/2018\/12\/logo_noir_v1-01.png","contentUrl":"https:\/\/www.edition-tawhid.com\/staging-site\/wp-content\/uploads\/2018\/12\/logo_noir_v1-01.png","width":80,"height":112,"caption":"Editions Tawhid"},"image":{"@id":"https:\/\/www.edition-tawhid.com\/staging-site\/#\/schema\/logo\/image\/"},"sameAs":["https:\/\/www.facebook.com\/editiontawhid\/"]}]}},"_links":{"self":[{"href":"https:\/\/www.edition-tawhid.com\/staging-site\/wp-json\/wp\/v2\/product\/20167","targetHints":{"allow":["GET"]}}],"collection":[{"href":"https:\/\/www.edition-tawhid.com\/staging-site\/wp-json\/wp\/v2\/product"}],"about":[{"href":"https:\/\/www.edition-tawhid.com\/staging-site\/wp-json\/wp\/v2\/types\/product"}],"replies":[{"embeddable":true,"href":"https:\/\/www.edition-tawhid.com\/staging-site\/wp-json\/wp\/v2\/comments?post=20167"}],"wp:featuredmedia":[{"embeddable":true,"href":"https:\/\/www.edition-tawhid.com\/staging-site\/wp-json\/wp\/v2\/media\/20168"}],"wp:attachment":[{"href":"https:\/\/www.edition-tawhid.com\/staging-site\/wp-json\/wp\/v2\/media?parent=20167"}],"wp:term":[{"taxonomy":"product_brand","embeddable":true,"href":"https:\/\/www.edition-tawhid.com\/staging-site\/wp-json\/wp\/v2\/product_brand?post=20167"},{"taxonomy":"product_cat","embeddable":true,"href":"https:\/\/www.edition-tawhid.com\/staging-site\/wp-json\/wp\/v2\/product_cat?post=20167"},{"taxonomy":"product_tag","embeddable":true,"href":"https:\/\/www.edition-tawhid.com\/staging-site\/wp-json\/wp\/v2\/product_tag?post=20167"}],"curies":[{"name":"wp","href":"https:\/\/api.w.org\/{rel}","templated":true}]}}