{"id":4301,"date":"2018-09-12T02:45:10","date_gmt":"2018-09-12T00:45:10","guid":{"rendered":"https:\/\/www.edition-tawhid.com\/staging-site\/?post_type=product&#038;p=4301"},"modified":"2023-03-10T03:49:34","modified_gmt":"2023-03-10T02:49:34","slug":"maternite-et-islam","status":"publish","type":"product","link":"https:\/\/www.edition-tawhid.com\/staging-site\/produit\/maternite-et-islam\/","title":{"rendered":"Maternit\u00e9 et Islam"},"content":{"rendered":"<p class=\"p1\">La Tradition musulmane a tr\u00e8s naturellement \u00e9t\u00e9 influenc\u00e9e par les pens\u00e9es et les pratiques inh\u00e9rentes aux soci\u00e9t\u00e9s qu\u2019elle a travers\u00e9es. Et force est de constater que, souvent, le traitement religieux des questions relatives aux rapports hommes-femmes, au masculin et au f\u00e9minin, partait d\u2019un point de vue fond\u00e9 sur des pr\u00e9suppos\u00e9s \u00e9manant du contexte bien plus que sur les principes et les enseignements islamiques. Les Textes religieux ont m\u00eame parfois \u00e9t\u00e9 utilis\u00e9s pour justifier ce contexte et lus \u00e0 la lumi\u00e8re des traditions culturelles dominantes.<\/p>\n<p class=\"p1\">\u00c0 partir de la question centrale de la maternit\u00e9, cet ouvrage tentera d\u2019explorer la logique qui sous-tend la distinction genr\u00e9e dans certaines prescriptions islamiques, dans le but d\u2019introduire une approche m\u00e9thodologique pour aborder cette th\u00e9matique. Cette \u00e9tude estime que la diff\u00e9rence genr\u00e9e, qu\u2019elle soit li\u00e9e \u00e0 la volont\u00e9 divine universelle (diff\u00e9rences naturelles) ou la volont\u00e9 divine r\u00e9v\u00e9l\u00e9e (diff\u00e9rences dans les prescriptions religieuses), permette de circonscrire les concepts de f\u00e9minit\u00e9 et masculinit\u00e9 dans la perception islamique. Pour cela, il est n\u00e9cessaire que cette question soit \u00e9tudi\u00e9e sur la base d\u2019une approche rigoureuse qui \u00e9vite autant que possible toutes projections d\u2019hypoth\u00e8ses culturelles, historiques ou m\u00eame modernes sur les Textes fondateurs de l\u2019Islam.<\/p>\n<p class=\"p2\"><span class=\"s1\"><b><i>Chauki Lazhar<\/i><\/b><i>\u00a0est Directeur-adjoint du Centre de Recherche sur la L\u00e9gislation Islamique et l\u2019Ethique (CILE) \u00e0 l\u2019Universit\u00e9 Hamad Bin Khalifa, Qatar. Il est \u00e9galement membre de l\u2019Union Internationale des Savants Musulmans (uism) et professeur de Sciences Islamiques Appliqu\u00e9es \u00e0 l\u2019Institut CIET de Gand, Belgique. Il est actuellement doctorant en Droit Islamique \u00e0 l\u2019Universit\u00e9 d\u2019Aberdeen au Royaume-Uni. <\/i><\/span><\/p>\n<p class=\"p1\"><b><i>Khadija Tamaazousti<\/i><\/b><i>\u00a0est actuellement chercheuse ind\u00e9pendante. Elle est professeure de sciences islamiques appliqu\u00e9es \u00e0 l\u2019Institut ciet en Belgique. Elle a obtenu un master en\u00a0Fiqh\u00a0et Us\u00fbl al-Fiqh. Elle a travaill\u00e9 comme professeure\u00a0dans plusieurs instituts en France depuis 2008.<\/i><\/p>\n","protected":false},"excerpt":{"rendered":"<p class=\"p1\">\u00c0 partir de la question centrale de la maternit\u00e9, cet ouvrage tentera d\u2019explorer la logique qui sous-tend la distinction genr\u00e9e dans certaines prescriptions islamiques, dans le but d\u2019introduire une approche m\u00e9thodologique pour aborder cette th\u00e9matique. <i><\/i><\/p>\n","protected":false},"featured_media":12710,"comment_status":"open","ping_status":"closed","template":"","meta":{"_acf_changed":false},"product_brand":[],"product_cat":[15,2561,2480],"product_tag":[],"class_list":{"0":"post-4301","1":"product","2":"type-product","3":"status-publish","4":"has-post-thumbnail","6":"product_cat-famille","7":"product_cat-femme","8":"product_cat-pensee","9":"pa_book-author-chauki-lazhar","10":"pa_book-author-khadija-tamaazousti","12":"first","13":"instock","14":"taxable","15":"shipping-taxable","16":"purchasable","17":"product-type-simple"},"acf":[],"yoast_head":"<!-- This site is optimized with the Yoast SEO plugin v27.1.1 - https:\/\/yoast.com\/product\/yoast-seo-wordpress\/ -->\n<title>Maternit\u00e9 et Islam - \u00c9ditions Tawhid<\/title>\n<meta name=\"robots\" content=\"noindex, follow, max-snippet:-1, max-image-preview:large, max-video-preview:-1\" \/>\n<meta property=\"og:locale\" content=\"fr_FR\" \/>\n<meta property=\"og:type\" content=\"article\" \/>\n<meta property=\"og:title\" content=\"Maternit\u00e9 et Islam - \u00c9ditions Tawhid\" \/>\n<meta property=\"og:description\" content=\"\u00c0 partir de la question centrale de la maternit\u00e9, cet ouvrage tentera d\u2019explorer la logique qui sous-tend la distinction genr\u00e9e dans certaines prescriptions islamiques, dans le but d\u2019introduire une approche m\u00e9thodologique pour aborder cette th\u00e9matique.\" \/>\n<meta property=\"og:url\" content=\"https:\/\/www.edition-tawhid.com\/staging-site\/produit\/maternite-et-islam\/\" \/>\n<meta property=\"og:site_name\" content=\"\u00c9ditions Tawhid\" \/>\n<meta property=\"article:publisher\" content=\"https:\/\/www.facebook.com\/editiontawhid\/\" \/>\n<meta property=\"article:modified_time\" content=\"2023-03-10T02:49:34+00:00\" \/>\n<meta property=\"og:image\" content=\"https:\/\/www.edition-tawhid.com\/staging-site\/wp-content\/uploads\/2018\/09\/cile_maternite_5_NEW.jpg\" \/>\n\t<meta property=\"og:image:width\" content=\"791\" \/>\n\t<meta property=\"og:image:height\" content=\"1024\" \/>\n\t<meta property=\"og:image:type\" content=\"image\/jpeg\" \/>\n<meta name=\"twitter:card\" content=\"summary_large_image\" \/>\n<meta name=\"twitter:label1\" content=\"Dur\u00e9e de lecture estim\u00e9e\" \/>\n\t<meta name=\"twitter:data1\" content=\"2 minutes\" \/>\n<script type=\"application\/ld+json\" class=\"yoast-schema-graph\">{\"@context\":\"https:\/\/schema.org\",\"@graph\":[{\"@type\":\"WebPage\",\"@id\":\"https:\/\/www.edition-tawhid.com\/staging-site\/produit\/maternite-et-islam\/\",\"url\":\"https:\/\/www.edition-tawhid.com\/staging-site\/produit\/maternite-et-islam\/\",\"name\":\"Maternit\u00e9 et Islam - \u00c9ditions Tawhid\",\"isPartOf\":{\"@id\":\"https:\/\/www.edition-tawhid.com\/staging-site\/#website\"},\"primaryImageOfPage\":{\"@id\":\"https:\/\/www.edition-tawhid.com\/staging-site\/produit\/maternite-et-islam\/#primaryimage\"},\"image\":{\"@id\":\"https:\/\/www.edition-tawhid.com\/staging-site\/produit\/maternite-et-islam\/#primaryimage\"},\"thumbnailUrl\":\"https:\/\/www.edition-tawhid.com\/staging-site\/wp-content\/uploads\/2018\/09\/cile_maternite_5_NEW.jpg\",\"datePublished\":\"2018-09-12T00:45:10+00:00\",\"dateModified\":\"2023-03-10T02:49:34+00:00\",\"breadcrumb\":{\"@id\":\"https:\/\/www.edition-tawhid.com\/staging-site\/produit\/maternite-et-islam\/#breadcrumb\"},\"inLanguage\":\"fr-FR\",\"potentialAction\":[{\"@type\":\"ReadAction\",\"target\":[\"https:\/\/www.edition-tawhid.com\/staging-site\/produit\/maternite-et-islam\/\"]}]},{\"@type\":\"ImageObject\",\"inLanguage\":\"fr-FR\",\"@id\":\"https:\/\/www.edition-tawhid.com\/staging-site\/produit\/maternite-et-islam\/#primaryimage\",\"url\":\"https:\/\/www.edition-tawhid.com\/staging-site\/wp-content\/uploads\/2018\/09\/cile_maternite_5_NEW.jpg\",\"contentUrl\":\"https:\/\/www.edition-tawhid.com\/staging-site\/wp-content\/uploads\/2018\/09\/cile_maternite_5_NEW.jpg\",\"width\":791,\"height\":1024},{\"@type\":\"BreadcrumbList\",\"@id\":\"https:\/\/www.edition-tawhid.com\/staging-site\/produit\/maternite-et-islam\/#breadcrumb\",\"itemListElement\":[{\"@type\":\"ListItem\",\"position\":1,\"name\":\"Accueil\",\"item\":\"https:\/\/www.edition-tawhid.com\/staging-site\/\"},{\"@type\":\"ListItem\",\"position\":2,\"name\":\"Tous nos livres\",\"item\":\"https:\/\/www.edition-tawhid.com\/staging-site\/tous-nos-livres\/\"},{\"@type\":\"ListItem\",\"position\":3,\"name\":\"Maternit\u00e9 et Islam\"}]},{\"@type\":\"WebSite\",\"@id\":\"https:\/\/www.edition-tawhid.com\/staging-site\/#website\",\"url\":\"https:\/\/www.edition-tawhid.com\/staging-site\/\",\"name\":\"\u00c9ditions Tawhid\",\"description\":\"Le sp\u00e9cialiste du livre islamique francophone\",\"publisher\":{\"@id\":\"https:\/\/www.edition-tawhid.com\/staging-site\/#organization\"},\"potentialAction\":[{\"@type\":\"SearchAction\",\"target\":{\"@type\":\"EntryPoint\",\"urlTemplate\":\"https:\/\/www.edition-tawhid.com\/staging-site\/?s={search_term_string}\"},\"query-input\":{\"@type\":\"PropertyValueSpecification\",\"valueRequired\":true,\"valueName\":\"search_term_string\"}}],\"inLanguage\":\"fr-FR\"},{\"@type\":\"Organization\",\"@id\":\"https:\/\/www.edition-tawhid.com\/staging-site\/#organization\",\"name\":\"Editions Tawhid\",\"url\":\"https:\/\/www.edition-tawhid.com\/staging-site\/\",\"logo\":{\"@type\":\"ImageObject\",\"inLanguage\":\"fr-FR\",\"@id\":\"https:\/\/www.edition-tawhid.com\/staging-site\/#\/schema\/logo\/image\/\",\"url\":\"https:\/\/www.edition-tawhid.com\/staging-site\/wp-content\/uploads\/2018\/12\/logo_noir_v1-01.png\",\"contentUrl\":\"https:\/\/www.edition-tawhid.com\/staging-site\/wp-content\/uploads\/2018\/12\/logo_noir_v1-01.png\",\"width\":80,\"height\":112,\"caption\":\"Editions Tawhid\"},\"image\":{\"@id\":\"https:\/\/www.edition-tawhid.com\/staging-site\/#\/schema\/logo\/image\/\"},\"sameAs\":[\"https:\/\/www.facebook.com\/editiontawhid\/\"]}]}<\/script>\n<!-- \/ Yoast SEO plugin. -->","yoast_head_json":{"title":"Maternit\u00e9 et Islam - \u00c9ditions Tawhid","robots":{"index":"noindex","follow":"follow","max-snippet":"max-snippet:-1","max-image-preview":"max-image-preview:large","max-video-preview":"max-video-preview:-1"},"og_locale":"fr_FR","og_type":"article","og_title":"Maternit\u00e9 et Islam - \u00c9ditions Tawhid","og_description":"\u00c0 partir de la question centrale de la maternit\u00e9, cet ouvrage tentera d\u2019explorer la logique qui sous-tend la distinction genr\u00e9e dans certaines prescriptions islamiques, dans le but d\u2019introduire une approche m\u00e9thodologique pour aborder cette th\u00e9matique.","og_url":"https:\/\/www.edition-tawhid.com\/staging-site\/produit\/maternite-et-islam\/","og_site_name":"\u00c9ditions Tawhid","article_publisher":"https:\/\/www.facebook.com\/editiontawhid\/","article_modified_time":"2023-03-10T02:49:34+00:00","og_image":[{"width":791,"height":1024,"url":"https:\/\/www.edition-tawhid.com\/staging-site\/wp-content\/uploads\/2018\/09\/cile_maternite_5_NEW.jpg","type":"image\/jpeg"}],"twitter_card":"summary_large_image","twitter_misc":{"Dur\u00e9e de lecture estim\u00e9e":"2 minutes"},"schema":{"@context":"https:\/\/schema.org","@graph":[{"@type":"WebPage","@id":"https:\/\/www.edition-tawhid.com\/staging-site\/produit\/maternite-et-islam\/","url":"https:\/\/www.edition-tawhid.com\/staging-site\/produit\/maternite-et-islam\/","name":"Maternit\u00e9 et Islam - \u00c9ditions Tawhid","isPartOf":{"@id":"https:\/\/www.edition-tawhid.com\/staging-site\/#website"},"primaryImageOfPage":{"@id":"https:\/\/www.edition-tawhid.com\/staging-site\/produit\/maternite-et-islam\/#primaryimage"},"image":{"@id":"https:\/\/www.edition-tawhid.com\/staging-site\/produit\/maternite-et-islam\/#primaryimage"},"thumbnailUrl":"https:\/\/www.edition-tawhid.com\/staging-site\/wp-content\/uploads\/2018\/09\/cile_maternite_5_NEW.jpg","datePublished":"2018-09-12T00:45:10+00:00","dateModified":"2023-03-10T02:49:34+00:00","breadcrumb":{"@id":"https:\/\/www.edition-tawhid.com\/staging-site\/produit\/maternite-et-islam\/#breadcrumb"},"inLanguage":"fr-FR","potentialAction":[{"@type":"ReadAction","target":["https:\/\/www.edition-tawhid.com\/staging-site\/produit\/maternite-et-islam\/"]}]},{"@type":"ImageObject","inLanguage":"fr-FR","@id":"https:\/\/www.edition-tawhid.com\/staging-site\/produit\/maternite-et-islam\/#primaryimage","url":"https:\/\/www.edition-tawhid.com\/staging-site\/wp-content\/uploads\/2018\/09\/cile_maternite_5_NEW.jpg","contentUrl":"https:\/\/www.edition-tawhid.com\/staging-site\/wp-content\/uploads\/2018\/09\/cile_maternite_5_NEW.jpg","width":791,"height":1024},{"@type":"BreadcrumbList","@id":"https:\/\/www.edition-tawhid.com\/staging-site\/produit\/maternite-et-islam\/#breadcrumb","itemListElement":[{"@type":"ListItem","position":1,"name":"Accueil","item":"https:\/\/www.edition-tawhid.com\/staging-site\/"},{"@type":"ListItem","position":2,"name":"Tous nos livres","item":"https:\/\/www.edition-tawhid.com\/staging-site\/tous-nos-livres\/"},{"@type":"ListItem","position":3,"name":"Maternit\u00e9 et Islam"}]},{"@type":"WebSite","@id":"https:\/\/www.edition-tawhid.com\/staging-site\/#website","url":"https:\/\/www.edition-tawhid.com\/staging-site\/","name":"\u00c9ditions Tawhid","description":"Le sp\u00e9cialiste du livre islamique francophone","publisher":{"@id":"https:\/\/www.edition-tawhid.com\/staging-site\/#organization"},"potentialAction":[{"@type":"SearchAction","target":{"@type":"EntryPoint","urlTemplate":"https:\/\/www.edition-tawhid.com\/staging-site\/?s={search_term_string}"},"query-input":{"@type":"PropertyValueSpecification","valueRequired":true,"valueName":"search_term_string"}}],"inLanguage":"fr-FR"},{"@type":"Organization","@id":"https:\/\/www.edition-tawhid.com\/staging-site\/#organization","name":"Editions Tawhid","url":"https:\/\/www.edition-tawhid.com\/staging-site\/","logo":{"@type":"ImageObject","inLanguage":"fr-FR","@id":"https:\/\/www.edition-tawhid.com\/staging-site\/#\/schema\/logo\/image\/","url":"https:\/\/www.edition-tawhid.com\/staging-site\/wp-content\/uploads\/2018\/12\/logo_noir_v1-01.png","contentUrl":"https:\/\/www.edition-tawhid.com\/staging-site\/wp-content\/uploads\/2018\/12\/logo_noir_v1-01.png","width":80,"height":112,"caption":"Editions Tawhid"},"image":{"@id":"https:\/\/www.edition-tawhid.com\/staging-site\/#\/schema\/logo\/image\/"},"sameAs":["https:\/\/www.facebook.com\/editiontawhid\/"]}]}},"_links":{"self":[{"href":"https:\/\/www.edition-tawhid.com\/staging-site\/wp-json\/wp\/v2\/product\/4301","targetHints":{"allow":["GET"]}}],"collection":[{"href":"https:\/\/www.edition-tawhid.com\/staging-site\/wp-json\/wp\/v2\/product"}],"about":[{"href":"https:\/\/www.edition-tawhid.com\/staging-site\/wp-json\/wp\/v2\/types\/product"}],"replies":[{"embeddable":true,"href":"https:\/\/www.edition-tawhid.com\/staging-site\/wp-json\/wp\/v2\/comments?post=4301"}],"wp:featuredmedia":[{"embeddable":true,"href":"https:\/\/www.edition-tawhid.com\/staging-site\/wp-json\/wp\/v2\/media\/12710"}],"wp:attachment":[{"href":"https:\/\/www.edition-tawhid.com\/staging-site\/wp-json\/wp\/v2\/media?parent=4301"}],"wp:term":[{"taxonomy":"product_brand","embeddable":true,"href":"https:\/\/www.edition-tawhid.com\/staging-site\/wp-json\/wp\/v2\/product_brand?post=4301"},{"taxonomy":"product_cat","embeddable":true,"href":"https:\/\/www.edition-tawhid.com\/staging-site\/wp-json\/wp\/v2\/product_cat?post=4301"},{"taxonomy":"product_tag","embeddable":true,"href":"https:\/\/www.edition-tawhid.com\/staging-site\/wp-json\/wp\/v2\/product_tag?post=4301"}],"curies":[{"name":"wp","href":"https:\/\/api.w.org\/{rel}","templated":true}]}}