{"id":4642,"date":"2012-10-30T15:28:14","date_gmt":"2012-10-30T14:28:14","guid":{"rendered":"https:\/\/www.edition-tawhid.com\/staging-site\/?post_type=product&#038;p=4642"},"modified":"2022-10-31T08:34:57","modified_gmt":"2022-10-31T07:34:57","slug":"temoignages-de-sincerite","status":"publish","type":"product","link":"https:\/\/www.edition-tawhid.com\/staging-site\/produit\/temoignages-de-sincerite\/","title":{"rendered":"T\u00e9moignages de sinc\u00e9rit\u00e9"},"content":{"rendered":"<p>Ce livre est un voyage sur les traces de comportements rares provenant de femmes et d&rsquo;hommes qui ont vou\u00e9 leur vie \u00e0 l&rsquo;adoration de Dieu. Des actions de g\u00e9n\u00e9rosit\u00e9, d&rsquo;abn\u00e9gation, d&rsquo;humilit\u00e9 et de vertu, qui refl\u00e8tent la spiritualit\u00e9 profonde et sans faille dont ont fait preuve les Compagnons du Proph\u00e8te (psl) ainsi que les pieux anciens, que Dieu soif Satisfait d&rsquo;eux tous.<\/p>\n<p>Ces histoires fabuleuses sont des t\u00e9moignages de sinc\u00e9rit\u00e9 qui montrent combien le comportement et la g\u00e9n\u00e9rosit\u00e9 sont au centre de notre spiritualit\u00e9. L&rsquo;exemple de ces hommes, connus ou non, rappelle combien la promesse de Dieu est grande si l&rsquo;on sait se tourner totalement vers Lui.<\/p>\n<p>Tir\u00e9es du livre Les Enseignements de l&rsquo;islam, ces histoires sonnent comme un rappel qui transporte le lecteur dans un univers spirituel riche, et r\u00e9v\u00e8lent des enseignements qui l&rsquo;encouragent \u00e0 suivre les traces de ces femmes et de ces hommes qui ont donn\u00e9 leur vie et leurs biens \u00e0 Dieu.<\/p>\n","protected":false},"excerpt":{"rendered":"<p>Ce livre est un voyage sur les traces de comportements rares provenant de femmes et d&rsquo;hommes qui ont vou\u00e9 leur vie \u00e0 l&rsquo;adoration de Dieu. Des actions de g\u00e9n\u00e9rosit\u00e9, d&rsquo;abn\u00e9gation, d&rsquo;humilit\u00e9 et de vertu, qui refl\u00e8tent la spiritualit\u00e9 profonde et sans faille dont ont fait preuve les Compagnons du Proph\u00e8te (psl) ainsi que les pieux anciens, que Dieu soif Satisfait d&rsquo;eux tous.<\/p>\n","protected":false},"featured_media":12874,"comment_status":"open","ping_status":"closed","template":"","meta":{"_acf_changed":false},"product_brand":[],"product_cat":[2524],"product_tag":[],"class_list":{"0":"post-4642","1":"product","2":"type-product","3":"status-publish","4":"has-post-thumbnail","6":"product_cat-spiritualite","7":"pa_book-author-muhammad-zakariyya-kandahlawi","9":"first","10":"instock","11":"taxable","12":"shipping-taxable","13":"purchasable","14":"product-type-simple"},"acf":[],"yoast_head":"<!-- This site is optimized with the Yoast SEO plugin v27.1.1 - https:\/\/yoast.com\/product\/yoast-seo-wordpress\/ -->\n<title>T\u00e9moignages de sinc\u00e9rit\u00e9 - \u00c9ditions Tawhid<\/title>\n<meta name=\"robots\" content=\"noindex, follow, max-snippet:-1, max-image-preview:large, max-video-preview:-1\" \/>\n<meta property=\"og:locale\" content=\"fr_FR\" \/>\n<meta property=\"og:type\" content=\"article\" \/>\n<meta property=\"og:title\" content=\"T\u00e9moignages de sinc\u00e9rit\u00e9 - \u00c9ditions Tawhid\" \/>\n<meta property=\"og:description\" content=\"Ce livre est un voyage sur les traces de comportements rares provenant de femmes et d&#039;hommes qui ont vou\u00e9 leur vie \u00e0 l&#039;adoration de Dieu. Des actions de g\u00e9n\u00e9rosit\u00e9, d&#039;abn\u00e9gation, d&#039;humilit\u00e9 et de vertu, qui refl\u00e8tent la spiritualit\u00e9 profonde et sans faille dont ont fait preuve les Compagnons du Proph\u00e8te (psl) ainsi que les pieux anciens, que Dieu soif Satisfait d&#039;eux tous.\" \/>\n<meta property=\"og:url\" content=\"https:\/\/www.edition-tawhid.com\/staging-site\/produit\/temoignages-de-sincerite\/\" \/>\n<meta property=\"og:site_name\" content=\"\u00c9ditions Tawhid\" \/>\n<meta property=\"article:publisher\" content=\"https:\/\/www.facebook.com\/editiontawhid\/\" \/>\n<meta property=\"article:modified_time\" content=\"2022-10-31T07:34:57+00:00\" \/>\n<meta property=\"og:image\" content=\"https:\/\/www.edition-tawhid.com\/staging-site\/wp-content\/uploads\/2012\/10\/kandahlawi_sincerite_1_NEW.jpg\" \/>\n\t<meta property=\"og:image:width\" content=\"791\" \/>\n\t<meta property=\"og:image:height\" content=\"1024\" \/>\n\t<meta property=\"og:image:type\" content=\"image\/jpeg\" \/>\n<meta name=\"twitter:card\" content=\"summary_large_image\" \/>\n<meta name=\"twitter:label1\" content=\"Dur\u00e9e de lecture estim\u00e9e\" \/>\n\t<meta name=\"twitter:data1\" content=\"1 minute\" \/>\n<script type=\"application\/ld+json\" class=\"yoast-schema-graph\">{\"@context\":\"https:\/\/schema.org\",\"@graph\":[{\"@type\":\"WebPage\",\"@id\":\"https:\/\/www.edition-tawhid.com\/staging-site\/produit\/temoignages-de-sincerite\/\",\"url\":\"https:\/\/www.edition-tawhid.com\/staging-site\/produit\/temoignages-de-sincerite\/\",\"name\":\"T\u00e9moignages de sinc\u00e9rit\u00e9 - \u00c9ditions Tawhid\",\"isPartOf\":{\"@id\":\"https:\/\/www.edition-tawhid.com\/staging-site\/#website\"},\"primaryImageOfPage\":{\"@id\":\"https:\/\/www.edition-tawhid.com\/staging-site\/produit\/temoignages-de-sincerite\/#primaryimage\"},\"image\":{\"@id\":\"https:\/\/www.edition-tawhid.com\/staging-site\/produit\/temoignages-de-sincerite\/#primaryimage\"},\"thumbnailUrl\":\"https:\/\/www.edition-tawhid.com\/staging-site\/wp-content\/uploads\/2012\/10\/kandahlawi_sincerite_1_NEW.jpg\",\"datePublished\":\"2012-10-30T14:28:14+00:00\",\"dateModified\":\"2022-10-31T07:34:57+00:00\",\"breadcrumb\":{\"@id\":\"https:\/\/www.edition-tawhid.com\/staging-site\/produit\/temoignages-de-sincerite\/#breadcrumb\"},\"inLanguage\":\"fr-FR\",\"potentialAction\":[{\"@type\":\"ReadAction\",\"target\":[\"https:\/\/www.edition-tawhid.com\/staging-site\/produit\/temoignages-de-sincerite\/\"]}]},{\"@type\":\"ImageObject\",\"inLanguage\":\"fr-FR\",\"@id\":\"https:\/\/www.edition-tawhid.com\/staging-site\/produit\/temoignages-de-sincerite\/#primaryimage\",\"url\":\"https:\/\/www.edition-tawhid.com\/staging-site\/wp-content\/uploads\/2012\/10\/kandahlawi_sincerite_1_NEW.jpg\",\"contentUrl\":\"https:\/\/www.edition-tawhid.com\/staging-site\/wp-content\/uploads\/2012\/10\/kandahlawi_sincerite_1_NEW.jpg\",\"width\":791,\"height\":1024},{\"@type\":\"BreadcrumbList\",\"@id\":\"https:\/\/www.edition-tawhid.com\/staging-site\/produit\/temoignages-de-sincerite\/#breadcrumb\",\"itemListElement\":[{\"@type\":\"ListItem\",\"position\":1,\"name\":\"Accueil\",\"item\":\"https:\/\/www.edition-tawhid.com\/staging-site\/\"},{\"@type\":\"ListItem\",\"position\":2,\"name\":\"Tous nos livres\",\"item\":\"https:\/\/www.edition-tawhid.com\/staging-site\/tous-nos-livres\/\"},{\"@type\":\"ListItem\",\"position\":3,\"name\":\"T\u00e9moignages de sinc\u00e9rit\u00e9\"}]},{\"@type\":\"WebSite\",\"@id\":\"https:\/\/www.edition-tawhid.com\/staging-site\/#website\",\"url\":\"https:\/\/www.edition-tawhid.com\/staging-site\/\",\"name\":\"\u00c9ditions Tawhid\",\"description\":\"Le sp\u00e9cialiste du livre islamique francophone\",\"publisher\":{\"@id\":\"https:\/\/www.edition-tawhid.com\/staging-site\/#organization\"},\"potentialAction\":[{\"@type\":\"SearchAction\",\"target\":{\"@type\":\"EntryPoint\",\"urlTemplate\":\"https:\/\/www.edition-tawhid.com\/staging-site\/?s={search_term_string}\"},\"query-input\":{\"@type\":\"PropertyValueSpecification\",\"valueRequired\":true,\"valueName\":\"search_term_string\"}}],\"inLanguage\":\"fr-FR\"},{\"@type\":\"Organization\",\"@id\":\"https:\/\/www.edition-tawhid.com\/staging-site\/#organization\",\"name\":\"Editions Tawhid\",\"url\":\"https:\/\/www.edition-tawhid.com\/staging-site\/\",\"logo\":{\"@type\":\"ImageObject\",\"inLanguage\":\"fr-FR\",\"@id\":\"https:\/\/www.edition-tawhid.com\/staging-site\/#\/schema\/logo\/image\/\",\"url\":\"https:\/\/www.edition-tawhid.com\/staging-site\/wp-content\/uploads\/2018\/12\/logo_noir_v1-01.png\",\"contentUrl\":\"https:\/\/www.edition-tawhid.com\/staging-site\/wp-content\/uploads\/2018\/12\/logo_noir_v1-01.png\",\"width\":80,\"height\":112,\"caption\":\"Editions Tawhid\"},\"image\":{\"@id\":\"https:\/\/www.edition-tawhid.com\/staging-site\/#\/schema\/logo\/image\/\"},\"sameAs\":[\"https:\/\/www.facebook.com\/editiontawhid\/\"]}]}<\/script>\n<!-- \/ Yoast SEO plugin. -->","yoast_head_json":{"title":"T\u00e9moignages de sinc\u00e9rit\u00e9 - \u00c9ditions Tawhid","robots":{"index":"noindex","follow":"follow","max-snippet":"max-snippet:-1","max-image-preview":"max-image-preview:large","max-video-preview":"max-video-preview:-1"},"og_locale":"fr_FR","og_type":"article","og_title":"T\u00e9moignages de sinc\u00e9rit\u00e9 - \u00c9ditions Tawhid","og_description":"Ce livre est un voyage sur les traces de comportements rares provenant de femmes et d'hommes qui ont vou\u00e9 leur vie \u00e0 l'adoration de Dieu. Des actions de g\u00e9n\u00e9rosit\u00e9, d'abn\u00e9gation, d'humilit\u00e9 et de vertu, qui refl\u00e8tent la spiritualit\u00e9 profonde et sans faille dont ont fait preuve les Compagnons du Proph\u00e8te (psl) ainsi que les pieux anciens, que Dieu soif Satisfait d'eux tous.","og_url":"https:\/\/www.edition-tawhid.com\/staging-site\/produit\/temoignages-de-sincerite\/","og_site_name":"\u00c9ditions Tawhid","article_publisher":"https:\/\/www.facebook.com\/editiontawhid\/","article_modified_time":"2022-10-31T07:34:57+00:00","og_image":[{"width":791,"height":1024,"url":"https:\/\/www.edition-tawhid.com\/staging-site\/wp-content\/uploads\/2012\/10\/kandahlawi_sincerite_1_NEW.jpg","type":"image\/jpeg"}],"twitter_card":"summary_large_image","twitter_misc":{"Dur\u00e9e de lecture estim\u00e9e":"1 minute"},"schema":{"@context":"https:\/\/schema.org","@graph":[{"@type":"WebPage","@id":"https:\/\/www.edition-tawhid.com\/staging-site\/produit\/temoignages-de-sincerite\/","url":"https:\/\/www.edition-tawhid.com\/staging-site\/produit\/temoignages-de-sincerite\/","name":"T\u00e9moignages de sinc\u00e9rit\u00e9 - \u00c9ditions Tawhid","isPartOf":{"@id":"https:\/\/www.edition-tawhid.com\/staging-site\/#website"},"primaryImageOfPage":{"@id":"https:\/\/www.edition-tawhid.com\/staging-site\/produit\/temoignages-de-sincerite\/#primaryimage"},"image":{"@id":"https:\/\/www.edition-tawhid.com\/staging-site\/produit\/temoignages-de-sincerite\/#primaryimage"},"thumbnailUrl":"https:\/\/www.edition-tawhid.com\/staging-site\/wp-content\/uploads\/2012\/10\/kandahlawi_sincerite_1_NEW.jpg","datePublished":"2012-10-30T14:28:14+00:00","dateModified":"2022-10-31T07:34:57+00:00","breadcrumb":{"@id":"https:\/\/www.edition-tawhid.com\/staging-site\/produit\/temoignages-de-sincerite\/#breadcrumb"},"inLanguage":"fr-FR","potentialAction":[{"@type":"ReadAction","target":["https:\/\/www.edition-tawhid.com\/staging-site\/produit\/temoignages-de-sincerite\/"]}]},{"@type":"ImageObject","inLanguage":"fr-FR","@id":"https:\/\/www.edition-tawhid.com\/staging-site\/produit\/temoignages-de-sincerite\/#primaryimage","url":"https:\/\/www.edition-tawhid.com\/staging-site\/wp-content\/uploads\/2012\/10\/kandahlawi_sincerite_1_NEW.jpg","contentUrl":"https:\/\/www.edition-tawhid.com\/staging-site\/wp-content\/uploads\/2012\/10\/kandahlawi_sincerite_1_NEW.jpg","width":791,"height":1024},{"@type":"BreadcrumbList","@id":"https:\/\/www.edition-tawhid.com\/staging-site\/produit\/temoignages-de-sincerite\/#breadcrumb","itemListElement":[{"@type":"ListItem","position":1,"name":"Accueil","item":"https:\/\/www.edition-tawhid.com\/staging-site\/"},{"@type":"ListItem","position":2,"name":"Tous nos livres","item":"https:\/\/www.edition-tawhid.com\/staging-site\/tous-nos-livres\/"},{"@type":"ListItem","position":3,"name":"T\u00e9moignages de sinc\u00e9rit\u00e9"}]},{"@type":"WebSite","@id":"https:\/\/www.edition-tawhid.com\/staging-site\/#website","url":"https:\/\/www.edition-tawhid.com\/staging-site\/","name":"\u00c9ditions Tawhid","description":"Le sp\u00e9cialiste du livre islamique francophone","publisher":{"@id":"https:\/\/www.edition-tawhid.com\/staging-site\/#organization"},"potentialAction":[{"@type":"SearchAction","target":{"@type":"EntryPoint","urlTemplate":"https:\/\/www.edition-tawhid.com\/staging-site\/?s={search_term_string}"},"query-input":{"@type":"PropertyValueSpecification","valueRequired":true,"valueName":"search_term_string"}}],"inLanguage":"fr-FR"},{"@type":"Organization","@id":"https:\/\/www.edition-tawhid.com\/staging-site\/#organization","name":"Editions Tawhid","url":"https:\/\/www.edition-tawhid.com\/staging-site\/","logo":{"@type":"ImageObject","inLanguage":"fr-FR","@id":"https:\/\/www.edition-tawhid.com\/staging-site\/#\/schema\/logo\/image\/","url":"https:\/\/www.edition-tawhid.com\/staging-site\/wp-content\/uploads\/2018\/12\/logo_noir_v1-01.png","contentUrl":"https:\/\/www.edition-tawhid.com\/staging-site\/wp-content\/uploads\/2018\/12\/logo_noir_v1-01.png","width":80,"height":112,"caption":"Editions Tawhid"},"image":{"@id":"https:\/\/www.edition-tawhid.com\/staging-site\/#\/schema\/logo\/image\/"},"sameAs":["https:\/\/www.facebook.com\/editiontawhid\/"]}]}},"_links":{"self":[{"href":"https:\/\/www.edition-tawhid.com\/staging-site\/wp-json\/wp\/v2\/product\/4642","targetHints":{"allow":["GET"]}}],"collection":[{"href":"https:\/\/www.edition-tawhid.com\/staging-site\/wp-json\/wp\/v2\/product"}],"about":[{"href":"https:\/\/www.edition-tawhid.com\/staging-site\/wp-json\/wp\/v2\/types\/product"}],"replies":[{"embeddable":true,"href":"https:\/\/www.edition-tawhid.com\/staging-site\/wp-json\/wp\/v2\/comments?post=4642"}],"wp:featuredmedia":[{"embeddable":true,"href":"https:\/\/www.edition-tawhid.com\/staging-site\/wp-json\/wp\/v2\/media\/12874"}],"wp:attachment":[{"href":"https:\/\/www.edition-tawhid.com\/staging-site\/wp-json\/wp\/v2\/media?parent=4642"}],"wp:term":[{"taxonomy":"product_brand","embeddable":true,"href":"https:\/\/www.edition-tawhid.com\/staging-site\/wp-json\/wp\/v2\/product_brand?post=4642"},{"taxonomy":"product_cat","embeddable":true,"href":"https:\/\/www.edition-tawhid.com\/staging-site\/wp-json\/wp\/v2\/product_cat?post=4642"},{"taxonomy":"product_tag","embeddable":true,"href":"https:\/\/www.edition-tawhid.com\/staging-site\/wp-json\/wp\/v2\/product_tag?post=4642"}],"curies":[{"name":"wp","href":"https:\/\/api.w.org\/{rel}","templated":true}]}}