{"id":526,"date":"2002-03-20T00:52:50","date_gmt":"2002-03-19T23:52:50","guid":{"rendered":"https:\/\/www.edition-tawhid.com\/staging-site\/produit\/amour-de-dieu-et-du-prophete-l\/"},"modified":"2023-07-20T22:57:39","modified_gmt":"2023-07-20T20:57:39","slug":"amour-de-dieu-et-du-prophete","status":"publish","type":"product","link":"https:\/\/www.edition-tawhid.com\/staging-site\/produit\/amour-de-dieu-et-du-prophete\/","title":{"rendered":"L&rsquo;Amour de Dieu et du Proph\u00e8te"},"content":{"rendered":"<p>Ibn al-Qayyim, que Dieu l\u2019accueille en Sa mis\u00e9ricorde, a dit : \u00ab L\u2019amour (mahabba) ne peut \u00eatre plus clairement d\u00e9fini que par lui-m\u00eame. Le d\u00e9finir le rendrait plus obscur, plus inaccessible. Sa d\u00e9finition est son existence m\u00eame. Rien n\u2019est plus explicite pour le d\u00e9crire que le terme \u201camour\u201d (mahabba). Ceux qui tentent de le d\u00e9finir ne font en r\u00e9alit\u00e9 qu\u2019en \u00e9voquer les causes et les effets, les propri\u00e9t\u00e9s, les manifestations ou les principes. \u00bb<\/p>\n<p>L\u2019amour de Dieu est une des exigences de la foi ; celle-ci ne peut parvenir \u00e0 sa pl\u00e9nitude sans l\u2019amour de Dieu et de Son Messager.<\/p>\n<p>Bien plus, il faut que notre amour pour Dieu et Son Proph\u00e8te soit plus grand que toute autre forme d\u2019amour. En outre, c\u2019est une des conditions pour prononcer la profession de foi (ash-shah\u00e2da) qui consiste \u00e0 t\u00e9moigner du fait qu\u2019\u00ab il n\u2019est pas d\u2019autre divinit\u00e9 en dehors de Dieu \u00bb (l\u00e2-il\u00e2ha-illa-l-l\u00e2h).<\/p>\n<p>L\u2019amour de Dieu est le dessein ultime et le degr\u00e9 supr\u00eame de toutes les hi\u00e9rarchies. Lorsque l\u2019on a atteint le degr\u00e9 supr\u00eame de l\u2019amour, tout sentiment qui peut en d\u00e9couler n\u2019en est que le fruit et le corollaire, tels que le d\u00e9sir ardent (shawq), l\u2019attachement (uns), la complaisance (rid\u00e2). Aussi, tout stade qui pr\u00e9c\u00e8de celui de l\u2019amour en est le pr\u00e9lude, tels que le repentir (tawba), la constance (sabr), l\u2019asc\u00e8se (zuhd) et autres sentiments similaires. Bien que l\u2019effort d\u2019y parvenir soit ardu, les coeurs sensibles croient fermement \u00e0 la possibilit\u00e9 d\u2019y acc\u00e9der.<\/p>\n","protected":false},"excerpt":{"rendered":"<section class=\"page-product-box\">\n<div class=\"rte\">L&rsquo;auteur nous rappelle que \u00ab ceux qui tentent de d\u00e9finir l&rsquo;amour de Dieu et de Son proph\u00e8te ne font qu&rsquo;en \u00e9voquer les causes et les effets, les propri\u00e9t\u00e9s, les manifestations et les principes. \u00bb L&rsquo;amour de Dieu est une des exigences de la foi ; celle-ci ne peut parvenir \u00e0 sa pl\u00e9nitude sans l&rsquo;amour de Dieu et de Son Messager.<\/div>\n<\/section>\n","protected":false},"featured_media":12723,"comment_status":"open","ping_status":"closed","template":"","meta":{"_acf_changed":false},"product_brand":[],"product_cat":[2466,2524],"product_tag":[],"class_list":{"0":"post-526","1":"product","2":"type-product","3":"status-publish","4":"has-post-thumbnail","6":"product_cat-initiation","7":"product_cat-spiritualite","8":"pa_book-author-mohammed-minta","10":"first","11":"instock","12":"taxable","13":"shipping-taxable","14":"purchasable","15":"product-type-simple"},"acf":[],"yoast_head":"<!-- This site is optimized with the Yoast SEO plugin v27.1.1 - https:\/\/yoast.com\/product\/yoast-seo-wordpress\/ -->\n<title>L&#039;Amour de Dieu et du Proph\u00e8te - \u00c9ditions Tawhid<\/title>\n<meta name=\"robots\" content=\"noindex, follow, max-snippet:-1, max-image-preview:large, max-video-preview:-1\" \/>\n<meta property=\"og:locale\" content=\"fr_FR\" \/>\n<meta property=\"og:type\" content=\"article\" \/>\n<meta property=\"og:title\" content=\"L&#039;Amour de Dieu et du Proph\u00e8te - \u00c9ditions Tawhid\" \/>\n<meta property=\"og:description\" content=\"L&#039;auteur nous rappelle que \u00ab ceux qui tentent de d\u00e9finir l&#039;amour de Dieu et de Son proph\u00e8te ne font qu&#039;en \u00e9voquer les causes et les effets, les propri\u00e9t\u00e9s, les manifestations et les principes. \u00bb L&#039;amour de Dieu est une des exigences de la foi ; celle-ci ne peut parvenir \u00e0 sa pl\u00e9nitude sans l&#039;amour de Dieu et de Son Messager.\" \/>\n<meta property=\"og:url\" content=\"https:\/\/www.edition-tawhid.com\/staging-site\/produit\/amour-de-dieu-et-du-prophete\/\" \/>\n<meta property=\"og:site_name\" content=\"\u00c9ditions Tawhid\" \/>\n<meta property=\"article:publisher\" content=\"https:\/\/www.facebook.com\/editiontawhid\/\" \/>\n<meta property=\"article:modified_time\" content=\"2023-07-20T20:57:39+00:00\" \/>\n<meta property=\"og:image\" content=\"https:\/\/www.edition-tawhid.com\/staging-site\/wp-content\/uploads\/2002\/03\/minta_amour_1_NEW.jpg\" \/>\n\t<meta property=\"og:image:width\" content=\"791\" \/>\n\t<meta property=\"og:image:height\" content=\"1024\" \/>\n\t<meta property=\"og:image:type\" content=\"image\/jpeg\" \/>\n<meta name=\"twitter:card\" content=\"summary_large_image\" \/>\n<meta name=\"twitter:label1\" content=\"Dur\u00e9e de lecture estim\u00e9e\" \/>\n\t<meta name=\"twitter:data1\" content=\"1 minute\" \/>\n<script type=\"application\/ld+json\" class=\"yoast-schema-graph\">{\"@context\":\"https:\/\/schema.org\",\"@graph\":[{\"@type\":\"WebPage\",\"@id\":\"https:\/\/www.edition-tawhid.com\/staging-site\/produit\/amour-de-dieu-et-du-prophete\/\",\"url\":\"https:\/\/www.edition-tawhid.com\/staging-site\/produit\/amour-de-dieu-et-du-prophete\/\",\"name\":\"L'Amour de Dieu et du Proph\u00e8te - \u00c9ditions Tawhid\",\"isPartOf\":{\"@id\":\"https:\/\/www.edition-tawhid.com\/staging-site\/#website\"},\"primaryImageOfPage\":{\"@id\":\"https:\/\/www.edition-tawhid.com\/staging-site\/produit\/amour-de-dieu-et-du-prophete\/#primaryimage\"},\"image\":{\"@id\":\"https:\/\/www.edition-tawhid.com\/staging-site\/produit\/amour-de-dieu-et-du-prophete\/#primaryimage\"},\"thumbnailUrl\":\"https:\/\/www.edition-tawhid.com\/staging-site\/wp-content\/uploads\/2002\/03\/minta_amour_1_NEW.jpg\",\"datePublished\":\"2002-03-19T23:52:50+00:00\",\"dateModified\":\"2023-07-20T20:57:39+00:00\",\"breadcrumb\":{\"@id\":\"https:\/\/www.edition-tawhid.com\/staging-site\/produit\/amour-de-dieu-et-du-prophete\/#breadcrumb\"},\"inLanguage\":\"fr-FR\",\"potentialAction\":[{\"@type\":\"ReadAction\",\"target\":[\"https:\/\/www.edition-tawhid.com\/staging-site\/produit\/amour-de-dieu-et-du-prophete\/\"]}]},{\"@type\":\"ImageObject\",\"inLanguage\":\"fr-FR\",\"@id\":\"https:\/\/www.edition-tawhid.com\/staging-site\/produit\/amour-de-dieu-et-du-prophete\/#primaryimage\",\"url\":\"https:\/\/www.edition-tawhid.com\/staging-site\/wp-content\/uploads\/2002\/03\/minta_amour_1_NEW.jpg\",\"contentUrl\":\"https:\/\/www.edition-tawhid.com\/staging-site\/wp-content\/uploads\/2002\/03\/minta_amour_1_NEW.jpg\",\"width\":791,\"height\":1024},{\"@type\":\"BreadcrumbList\",\"@id\":\"https:\/\/www.edition-tawhid.com\/staging-site\/produit\/amour-de-dieu-et-du-prophete\/#breadcrumb\",\"itemListElement\":[{\"@type\":\"ListItem\",\"position\":1,\"name\":\"Accueil\",\"item\":\"https:\/\/www.edition-tawhid.com\/staging-site\/\"},{\"@type\":\"ListItem\",\"position\":2,\"name\":\"Tous nos livres\",\"item\":\"https:\/\/www.edition-tawhid.com\/staging-site\/tous-nos-livres\/\"},{\"@type\":\"ListItem\",\"position\":3,\"name\":\"L&#8217;Amour de Dieu et du Proph\u00e8te\"}]},{\"@type\":\"WebSite\",\"@id\":\"https:\/\/www.edition-tawhid.com\/staging-site\/#website\",\"url\":\"https:\/\/www.edition-tawhid.com\/staging-site\/\",\"name\":\"\u00c9ditions Tawhid\",\"description\":\"Le sp\u00e9cialiste du livre islamique francophone\",\"publisher\":{\"@id\":\"https:\/\/www.edition-tawhid.com\/staging-site\/#organization\"},\"potentialAction\":[{\"@type\":\"SearchAction\",\"target\":{\"@type\":\"EntryPoint\",\"urlTemplate\":\"https:\/\/www.edition-tawhid.com\/staging-site\/?s={search_term_string}\"},\"query-input\":{\"@type\":\"PropertyValueSpecification\",\"valueRequired\":true,\"valueName\":\"search_term_string\"}}],\"inLanguage\":\"fr-FR\"},{\"@type\":\"Organization\",\"@id\":\"https:\/\/www.edition-tawhid.com\/staging-site\/#organization\",\"name\":\"Editions Tawhid\",\"url\":\"https:\/\/www.edition-tawhid.com\/staging-site\/\",\"logo\":{\"@type\":\"ImageObject\",\"inLanguage\":\"fr-FR\",\"@id\":\"https:\/\/www.edition-tawhid.com\/staging-site\/#\/schema\/logo\/image\/\",\"url\":\"https:\/\/www.edition-tawhid.com\/staging-site\/wp-content\/uploads\/2018\/12\/logo_noir_v1-01.png\",\"contentUrl\":\"https:\/\/www.edition-tawhid.com\/staging-site\/wp-content\/uploads\/2018\/12\/logo_noir_v1-01.png\",\"width\":80,\"height\":112,\"caption\":\"Editions Tawhid\"},\"image\":{\"@id\":\"https:\/\/www.edition-tawhid.com\/staging-site\/#\/schema\/logo\/image\/\"},\"sameAs\":[\"https:\/\/www.facebook.com\/editiontawhid\/\"]}]}<\/script>\n<!-- \/ Yoast SEO plugin. -->","yoast_head_json":{"title":"L'Amour de Dieu et du Proph\u00e8te - \u00c9ditions Tawhid","robots":{"index":"noindex","follow":"follow","max-snippet":"max-snippet:-1","max-image-preview":"max-image-preview:large","max-video-preview":"max-video-preview:-1"},"og_locale":"fr_FR","og_type":"article","og_title":"L'Amour de Dieu et du Proph\u00e8te - \u00c9ditions Tawhid","og_description":"L'auteur nous rappelle que \u00ab ceux qui tentent de d\u00e9finir l'amour de Dieu et de Son proph\u00e8te ne font qu'en \u00e9voquer les causes et les effets, les propri\u00e9t\u00e9s, les manifestations et les principes. \u00bb L'amour de Dieu est une des exigences de la foi ; celle-ci ne peut parvenir \u00e0 sa pl\u00e9nitude sans l'amour de Dieu et de Son Messager.","og_url":"https:\/\/www.edition-tawhid.com\/staging-site\/produit\/amour-de-dieu-et-du-prophete\/","og_site_name":"\u00c9ditions Tawhid","article_publisher":"https:\/\/www.facebook.com\/editiontawhid\/","article_modified_time":"2023-07-20T20:57:39+00:00","og_image":[{"width":791,"height":1024,"url":"https:\/\/www.edition-tawhid.com\/staging-site\/wp-content\/uploads\/2002\/03\/minta_amour_1_NEW.jpg","type":"image\/jpeg"}],"twitter_card":"summary_large_image","twitter_misc":{"Dur\u00e9e de lecture estim\u00e9e":"1 minute"},"schema":{"@context":"https:\/\/schema.org","@graph":[{"@type":"WebPage","@id":"https:\/\/www.edition-tawhid.com\/staging-site\/produit\/amour-de-dieu-et-du-prophete\/","url":"https:\/\/www.edition-tawhid.com\/staging-site\/produit\/amour-de-dieu-et-du-prophete\/","name":"L'Amour de Dieu et du Proph\u00e8te - \u00c9ditions Tawhid","isPartOf":{"@id":"https:\/\/www.edition-tawhid.com\/staging-site\/#website"},"primaryImageOfPage":{"@id":"https:\/\/www.edition-tawhid.com\/staging-site\/produit\/amour-de-dieu-et-du-prophete\/#primaryimage"},"image":{"@id":"https:\/\/www.edition-tawhid.com\/staging-site\/produit\/amour-de-dieu-et-du-prophete\/#primaryimage"},"thumbnailUrl":"https:\/\/www.edition-tawhid.com\/staging-site\/wp-content\/uploads\/2002\/03\/minta_amour_1_NEW.jpg","datePublished":"2002-03-19T23:52:50+00:00","dateModified":"2023-07-20T20:57:39+00:00","breadcrumb":{"@id":"https:\/\/www.edition-tawhid.com\/staging-site\/produit\/amour-de-dieu-et-du-prophete\/#breadcrumb"},"inLanguage":"fr-FR","potentialAction":[{"@type":"ReadAction","target":["https:\/\/www.edition-tawhid.com\/staging-site\/produit\/amour-de-dieu-et-du-prophete\/"]}]},{"@type":"ImageObject","inLanguage":"fr-FR","@id":"https:\/\/www.edition-tawhid.com\/staging-site\/produit\/amour-de-dieu-et-du-prophete\/#primaryimage","url":"https:\/\/www.edition-tawhid.com\/staging-site\/wp-content\/uploads\/2002\/03\/minta_amour_1_NEW.jpg","contentUrl":"https:\/\/www.edition-tawhid.com\/staging-site\/wp-content\/uploads\/2002\/03\/minta_amour_1_NEW.jpg","width":791,"height":1024},{"@type":"BreadcrumbList","@id":"https:\/\/www.edition-tawhid.com\/staging-site\/produit\/amour-de-dieu-et-du-prophete\/#breadcrumb","itemListElement":[{"@type":"ListItem","position":1,"name":"Accueil","item":"https:\/\/www.edition-tawhid.com\/staging-site\/"},{"@type":"ListItem","position":2,"name":"Tous nos livres","item":"https:\/\/www.edition-tawhid.com\/staging-site\/tous-nos-livres\/"},{"@type":"ListItem","position":3,"name":"L&#8217;Amour de Dieu et du Proph\u00e8te"}]},{"@type":"WebSite","@id":"https:\/\/www.edition-tawhid.com\/staging-site\/#website","url":"https:\/\/www.edition-tawhid.com\/staging-site\/","name":"\u00c9ditions Tawhid","description":"Le sp\u00e9cialiste du livre islamique francophone","publisher":{"@id":"https:\/\/www.edition-tawhid.com\/staging-site\/#organization"},"potentialAction":[{"@type":"SearchAction","target":{"@type":"EntryPoint","urlTemplate":"https:\/\/www.edition-tawhid.com\/staging-site\/?s={search_term_string}"},"query-input":{"@type":"PropertyValueSpecification","valueRequired":true,"valueName":"search_term_string"}}],"inLanguage":"fr-FR"},{"@type":"Organization","@id":"https:\/\/www.edition-tawhid.com\/staging-site\/#organization","name":"Editions Tawhid","url":"https:\/\/www.edition-tawhid.com\/staging-site\/","logo":{"@type":"ImageObject","inLanguage":"fr-FR","@id":"https:\/\/www.edition-tawhid.com\/staging-site\/#\/schema\/logo\/image\/","url":"https:\/\/www.edition-tawhid.com\/staging-site\/wp-content\/uploads\/2018\/12\/logo_noir_v1-01.png","contentUrl":"https:\/\/www.edition-tawhid.com\/staging-site\/wp-content\/uploads\/2018\/12\/logo_noir_v1-01.png","width":80,"height":112,"caption":"Editions Tawhid"},"image":{"@id":"https:\/\/www.edition-tawhid.com\/staging-site\/#\/schema\/logo\/image\/"},"sameAs":["https:\/\/www.facebook.com\/editiontawhid\/"]}]}},"_links":{"self":[{"href":"https:\/\/www.edition-tawhid.com\/staging-site\/wp-json\/wp\/v2\/product\/526","targetHints":{"allow":["GET"]}}],"collection":[{"href":"https:\/\/www.edition-tawhid.com\/staging-site\/wp-json\/wp\/v2\/product"}],"about":[{"href":"https:\/\/www.edition-tawhid.com\/staging-site\/wp-json\/wp\/v2\/types\/product"}],"replies":[{"embeddable":true,"href":"https:\/\/www.edition-tawhid.com\/staging-site\/wp-json\/wp\/v2\/comments?post=526"}],"wp:featuredmedia":[{"embeddable":true,"href":"https:\/\/www.edition-tawhid.com\/staging-site\/wp-json\/wp\/v2\/media\/12723"}],"wp:attachment":[{"href":"https:\/\/www.edition-tawhid.com\/staging-site\/wp-json\/wp\/v2\/media?parent=526"}],"wp:term":[{"taxonomy":"product_brand","embeddable":true,"href":"https:\/\/www.edition-tawhid.com\/staging-site\/wp-json\/wp\/v2\/product_brand?post=526"},{"taxonomy":"product_cat","embeddable":true,"href":"https:\/\/www.edition-tawhid.com\/staging-site\/wp-json\/wp\/v2\/product_cat?post=526"},{"taxonomy":"product_tag","embeddable":true,"href":"https:\/\/www.edition-tawhid.com\/staging-site\/wp-json\/wp\/v2\/product_tag?post=526"}],"curies":[{"name":"wp","href":"https:\/\/api.w.org\/{rel}","templated":true}]}}