{"id":5443,"date":"2018-12-12T13:46:23","date_gmt":"2018-12-12T12:46:23","guid":{"rendered":"https:\/\/www.edition-tawhid.com\/staging-site\/?post_type=product&#038;p=5443"},"modified":"2024-02-08T02:51:37","modified_gmt":"2024-02-08T01:51:37","slug":"pack-best-seller-4-livres","status":"publish","type":"product","link":"https:\/\/www.edition-tawhid.com\/staging-site\/produit\/pack-best-seller-4-livres\/","title":{"rendered":"Pack<br \/> Best-seller"},"content":{"rendered":"<p><img loading=\"lazy\" decoding=\"async\" class=\"alignnone size-medium wp-image-16802\" src=\"https:\/\/www.edition-tawhid.com\/staging-site\/wp-content\/uploads\/2015\/09\/les-prophetes-enfants-1-v1-232x300.jpg\" alt=\"Le Coran expliqu\u00e9 aux enfants\" width=\"232\" height=\"300\" \/><\/p>\n<h4>Les Proph\u00e8tes racont\u00e9s aux enfants<\/h4>\n<p>\u00ab\u00a0<em>Les Proph\u00e8tes racont\u00e9s aux enfants<\/em>\u00a0\u00bb met en lumi\u00e8re les plus grands \u00e9pisodes de la vie de ces \u00e9lus de Dieu. Cet ouvrage r\u00e9unit des aventures passionnantes, et pleines de le\u00e7ons, qui sauront emporter le jeune lecteur. Page apr\u00e8s page, et au fil d\u2019illustrations tr\u00e8s attrayantes, votre enfant se familiarisera avec ces hommes illustres dont l\u2019histoire est pleine de sens et de grandeur.<\/p>\n<p><a href=\"https:\/\/www.edition-tawhid.com\/staging-site\/produit\/les-prophetes-racontes-aux-enfants\/\">Voir la fiche produit \u2192<\/a><\/p>\n<hr \/>\n<p><img loading=\"lazy\" decoding=\"async\" class=\"alignnone size-medium wp-image-16794\" src=\"https:\/\/www.edition-tawhid.com\/staging-site\/wp-content\/uploads\/2015\/09\/animaux-enfants-1-v1-232x300.jpg\" alt=\"Les animaux du Coran racont\u00e9s aux enfants\" width=\"232\" height=\"300\" srcset=\"https:\/\/www.edition-tawhid.com\/staging-site\/wp-content\/uploads\/2015\/09\/animaux-enfants-1-v1-232x300.jpg 232w, https:\/\/www.edition-tawhid.com\/staging-site\/wp-content\/uploads\/2015\/09\/animaux-enfants-1-v1-330x427.jpg 330w, https:\/\/www.edition-tawhid.com\/staging-site\/wp-content\/uploads\/2015\/09\/animaux-enfants-1-v1-154x200.jpg 154w, https:\/\/www.edition-tawhid.com\/staging-site\/wp-content\/uploads\/2015\/09\/animaux-enfants-1-v1-680x880.jpg 680w, https:\/\/www.edition-tawhid.com\/staging-site\/wp-content\/uploads\/2015\/09\/animaux-enfants-1-v1-64x83.jpg 64w, https:\/\/www.edition-tawhid.com\/staging-site\/wp-content\/uploads\/2015\/09\/animaux-enfants-1-v1-768x994.jpg 768w, https:\/\/www.edition-tawhid.com\/staging-site\/wp-content\/uploads\/2015\/09\/animaux-enfants-1-v1-70x90.jpg 70w, https:\/\/www.edition-tawhid.com\/staging-site\/wp-content\/uploads\/2015\/09\/animaux-enfants-1-v1.jpg 791w\" sizes=\"auto, (max-width: 232px) 100vw, 232px\" \/><\/p>\n<h4>Les animaux du Coran racont\u00e9s aux enfants<\/h4>\n<p>\u00ab\u00a0<em>Les animaux du Coran racont\u00e9 aux enfants<\/em>\u00a0\u00bb relate des histoires pleines d\u2019enseignements, de belles rencontres et de valeurs. Ce bel ouvrage met en avant l\u2019importance du respect de chaque \u00eatre vivant.<\/p>\n<p><a href=\"https:\/\/www.edition-tawhid.com\/staging-site\/produit\/les-animaux-du-coran-racontes-aux-enfants\/\">Voir la fiche produit \u2192<\/a><\/p>\n<hr \/>\n<p><img loading=\"lazy\" decoding=\"async\" class=\"alignnone size-medium wp-image-16796\" src=\"https:\/\/www.edition-tawhid.com\/staging-site\/wp-content\/uploads\/2015\/09\/compagnons-enfants-1-v1-232x300.jpg\" alt=\"Les Compagnons racont\u00e9s aux enfants\" width=\"232\" height=\"300\" srcset=\"https:\/\/www.edition-tawhid.com\/staging-site\/wp-content\/uploads\/2015\/09\/compagnons-enfants-1-v1-232x300.jpg 232w, https:\/\/www.edition-tawhid.com\/staging-site\/wp-content\/uploads\/2015\/09\/compagnons-enfants-1-v1-330x427.jpg 330w, https:\/\/www.edition-tawhid.com\/staging-site\/wp-content\/uploads\/2015\/09\/compagnons-enfants-1-v1-154x200.jpg 154w, https:\/\/www.edition-tawhid.com\/staging-site\/wp-content\/uploads\/2015\/09\/compagnons-enfants-1-v1-680x880.jpg 680w, https:\/\/www.edition-tawhid.com\/staging-site\/wp-content\/uploads\/2015\/09\/compagnons-enfants-1-v1-64x83.jpg 64w, https:\/\/www.edition-tawhid.com\/staging-site\/wp-content\/uploads\/2015\/09\/compagnons-enfants-1-v1-768x994.jpg 768w, https:\/\/www.edition-tawhid.com\/staging-site\/wp-content\/uploads\/2015\/09\/compagnons-enfants-1-v1-70x90.jpg 70w, https:\/\/www.edition-tawhid.com\/staging-site\/wp-content\/uploads\/2015\/09\/compagnons-enfants-1-v1.jpg 791w\" sizes=\"auto, (max-width: 232px) 100vw, 232px\" \/><\/p>\n<h4>Les Compagnons racont\u00e9s aux enfants<\/h4>\n<p>\u00ab\u00a0<em>Les Compagnons du Proph\u00e8te racont\u00e9s aux enfants<\/em>\u00a0\u00bb est un ouvrage compos\u00e9 d&rsquo;histoires \u00e0 la fois simples et profondes. Elles relatent des moments importants de la vie de ces belles \u00e2mes qui on fa\u00e7onn\u00e9 l&rsquo;histoire de l&rsquo;islam \u00e0 ses d\u00e9buts.<\/p>\n<p><a href=\"https:\/\/www.edition-tawhid.com\/staging-site\/produit\/les-compagnons-racontes-aux-enfants\/\">Voir la fiche produit \u2192<\/a><\/p>\n<hr \/>\n<p><img loading=\"lazy\" decoding=\"async\" class=\"alignnone size-medium wp-image-16800\" src=\"https:\/\/www.edition-tawhid.com\/staging-site\/wp-content\/uploads\/2015\/09\/prophete-enfants-1-v1-232x300.jpg\" alt=\"Le Proph\u00e8te racont\u00e9 aux enfants\" width=\"232\" height=\"300\" srcset=\"https:\/\/www.edition-tawhid.com\/staging-site\/wp-content\/uploads\/2015\/09\/prophete-enfants-1-v1-232x300.jpg 232w, https:\/\/www.edition-tawhid.com\/staging-site\/wp-content\/uploads\/2015\/09\/prophete-enfants-1-v1-330x427.jpg 330w, https:\/\/www.edition-tawhid.com\/staging-site\/wp-content\/uploads\/2015\/09\/prophete-enfants-1-v1-154x200.jpg 154w, https:\/\/www.edition-tawhid.com\/staging-site\/wp-content\/uploads\/2015\/09\/prophete-enfants-1-v1-680x880.jpg 680w, https:\/\/www.edition-tawhid.com\/staging-site\/wp-content\/uploads\/2015\/09\/prophete-enfants-1-v1-64x83.jpg 64w, https:\/\/www.edition-tawhid.com\/staging-site\/wp-content\/uploads\/2015\/09\/prophete-enfants-1-v1-768x994.jpg 768w, https:\/\/www.edition-tawhid.com\/staging-site\/wp-content\/uploads\/2015\/09\/prophete-enfants-1-v1-70x90.jpg 70w, https:\/\/www.edition-tawhid.com\/staging-site\/wp-content\/uploads\/2015\/09\/prophete-enfants-1-v1.jpg 791w\" sizes=\"auto, (max-width: 232px) 100vw, 232px\" \/><\/p>\n<h4>Le Proph\u00e8te Mohammad racont\u00e9 aux enfants<\/h4>\n<p>\u00ab\u00a0<em>Le Proph\u00e8te racont\u00e9 aux enfants<\/em>\u00a0\u00bb relate les \u00e9v\u00e9nements importants qui composent la vie exceptionnelle de notre Proph\u00e8te bien-aim\u00e9. L&rsquo;ouvrage insiste \u00e9galement sur les valeurs et les nobles comportements que le Messager a port\u00e9s et qu&rsquo;il nous a enseign\u00e9s.<\/p>\n<p><a href=\"https:\/\/www.edition-tawhid.com\/staging-site\/produit\/le-prophete-raconte-aux-enfants\/\">Voir la fiche produit \u2192<\/a><\/p>\n<hr \/>\n<p><img loading=\"lazy\" decoding=\"async\" class=\"alignnone size-medium wp-image-16802\" src=\"https:\/\/www.edition-tawhid.com\/staging-site\/wp-content\/uploads\/2015\/09\/coran-enfants-1-v1-232x300.jpg\" alt=\"Le Coran expliqu\u00e9 aux enfants\" width=\"232\" height=\"300\" srcset=\"https:\/\/www.edition-tawhid.com\/staging-site\/wp-content\/uploads\/2015\/09\/coran-enfants-1-v1-232x300.jpg 232w, https:\/\/www.edition-tawhid.com\/staging-site\/wp-content\/uploads\/2015\/09\/coran-enfants-1-v1-330x427.jpg 330w, https:\/\/www.edition-tawhid.com\/staging-site\/wp-content\/uploads\/2015\/09\/coran-enfants-1-v1-154x200.jpg 154w, https:\/\/www.edition-tawhid.com\/staging-site\/wp-content\/uploads\/2015\/09\/coran-enfants-1-v1-680x880.jpg 680w, https:\/\/www.edition-tawhid.com\/staging-site\/wp-content\/uploads\/2015\/09\/coran-enfants-1-v1-64x83.jpg 64w, https:\/\/www.edition-tawhid.com\/staging-site\/wp-content\/uploads\/2015\/09\/coran-enfants-1-v1-768x994.jpg 768w, https:\/\/www.edition-tawhid.com\/staging-site\/wp-content\/uploads\/2015\/09\/coran-enfants-1-v1-70x90.jpg 70w, https:\/\/www.edition-tawhid.com\/staging-site\/wp-content\/uploads\/2015\/09\/coran-enfants-1-v1.jpg 791w\" sizes=\"auto, (max-width: 232px) 100vw, 232px\" \/><\/p>\n<h4>Le Coran expliqu\u00e9 aux enfants (nouvelles illustrations)<\/h4>\n<p>Nous avons le plaisir de vous pr\u00e9senter notre nouvelle \u00e9dition de notre best-seller \u00ab\u00a0<em>Le Coran expliqu\u00e9 aux enfants\u00a0\u00bb<\/em>.<\/p>\n<p>Pour cette \u00e9dition, des <strong>nouvelles illustrations<\/strong> sont propos\u00e9es, ainsi que des <strong>QR codes<\/strong> pour que votre enfant puisse suivre la sourate et la r\u00e9citer correctement.<\/p>\n<p>V\u00e9ritable petit tafsir pour les enfants, cet ouvrage est id\u00e9al pour apprendre et comprendre les derni\u00e8res sourates du Coran qui composent le <em>juz \u2018amma<\/em>.<\/p>\n<p><a href=\"https:\/\/www.edition-tawhid.com\/staging-site\/produit\/le-coran-explique-aux-enfants\/\">Voir la fiche produit \u2192<\/a><\/p>\n<hr \/>\n","protected":false},"excerpt":{"rendered":"<p>Les Proph\u00e8tes racont\u00e9s aux enfants \u00ab\u00a0Les Proph\u00e8tes racont\u00e9s aux enfants\u00a0\u00bb met en lumi\u00e8re les plus grands \u00e9pisodes de la vie de ces \u00e9lus de Dieu. Cet ouvrage r\u00e9unit des aventures passionnantes, et pleines de le\u00e7ons, qui sauront emporter le jeune lecteur. Page apr\u00e8s page, et au fil d\u2019illustrations tr\u00e8s attrayantes, votre enfant se familiarisera avec ces hommes illustres dont l\u2019histoire est pleine de sens et de grandeur. Voir la fiche produit \u2192 Les animaux du&hellip;<\/p>\n","protected":false},"featured_media":14919,"comment_status":"open","ping_status":"closed","template":"","meta":{"_acf_changed":false},"product_brand":[],"product_cat":[2465],"product_tag":[],"class_list":{"0":"post-5443","1":"product","2":"type-product","3":"status-publish","4":"has-post-thumbnail","6":"product_cat-jeunesse","8":"first","9":"instock","10":"sale","11":"taxable","12":"shipping-taxable","13":"purchasable","14":"product-type-simple"},"acf":[],"yoast_head":"<!-- This site is optimized with the Yoast SEO plugin v27.1.1 - https:\/\/yoast.com\/product\/yoast-seo-wordpress\/ -->\n<title>Pack Best-seller - \u00c9ditions Tawhid<\/title>\n<meta name=\"robots\" content=\"noindex, follow, max-snippet:-1, max-image-preview:large, max-video-preview:-1\" \/>\n<meta property=\"og:locale\" content=\"fr_FR\" \/>\n<meta property=\"og:type\" content=\"article\" \/>\n<meta property=\"og:title\" content=\"Pack Best-seller - \u00c9ditions Tawhid\" \/>\n<meta property=\"og:description\" content=\"Les Proph\u00e8tes racont\u00e9s aux enfants \u00ab\u00a0Les Proph\u00e8tes racont\u00e9s aux enfants\u00a0\u00bb met en lumi\u00e8re les plus grands \u00e9pisodes de la vie de ces \u00e9lus de Dieu. Cet ouvrage r\u00e9unit des aventures passionnantes, et pleines de le\u00e7ons, qui sauront emporter le jeune lecteur. Page apr\u00e8s page, et au fil d\u2019illustrations tr\u00e8s attrayantes, votre enfant se familiarisera avec ces hommes illustres dont l\u2019histoire est pleine de sens et de grandeur. Voir la fiche produit \u2192 Les animaux du&hellip;\" \/>\n<meta property=\"og:url\" content=\"https:\/\/www.edition-tawhid.com\/staging-site\/produit\/pack-best-seller-4-livres\/\" \/>\n<meta property=\"og:site_name\" content=\"\u00c9ditions Tawhid\" \/>\n<meta property=\"article:publisher\" content=\"https:\/\/www.facebook.com\/editiontawhid\/\" \/>\n<meta property=\"article:modified_time\" content=\"2024-02-08T01:51:37+00:00\" \/>\n<meta property=\"og:image\" content=\"https:\/\/www.edition-tawhid.com\/staging-site\/wp-content\/uploads\/2018\/12\/pack_enfants_v12.jpg\" \/>\n\t<meta property=\"og:image:width\" content=\"791\" \/>\n\t<meta property=\"og:image:height\" content=\"1024\" \/>\n\t<meta property=\"og:image:type\" content=\"image\/jpeg\" \/>\n<meta name=\"twitter:card\" content=\"summary_large_image\" \/>\n<script type=\"application\/ld+json\" class=\"yoast-schema-graph\">{\"@context\":\"https:\/\/schema.org\",\"@graph\":[{\"@type\":\"WebPage\",\"@id\":\"https:\/\/www.edition-tawhid.com\/staging-site\/produit\/pack-best-seller-4-livres\/\",\"url\":\"https:\/\/www.edition-tawhid.com\/staging-site\/produit\/pack-best-seller-4-livres\/\",\"name\":\"Pack Best-seller - \u00c9ditions Tawhid\",\"isPartOf\":{\"@id\":\"https:\/\/www.edition-tawhid.com\/staging-site\/#website\"},\"primaryImageOfPage\":{\"@id\":\"https:\/\/www.edition-tawhid.com\/staging-site\/produit\/pack-best-seller-4-livres\/#primaryimage\"},\"image\":{\"@id\":\"https:\/\/www.edition-tawhid.com\/staging-site\/produit\/pack-best-seller-4-livres\/#primaryimage\"},\"thumbnailUrl\":\"https:\/\/www.edition-tawhid.com\/staging-site\/wp-content\/uploads\/2018\/12\/pack_enfants_v12.jpg\",\"datePublished\":\"2018-12-12T12:46:23+00:00\",\"dateModified\":\"2024-02-08T01:51:37+00:00\",\"breadcrumb\":{\"@id\":\"https:\/\/www.edition-tawhid.com\/staging-site\/produit\/pack-best-seller-4-livres\/#breadcrumb\"},\"inLanguage\":\"fr-FR\",\"potentialAction\":[{\"@type\":\"ReadAction\",\"target\":[\"https:\/\/www.edition-tawhid.com\/staging-site\/produit\/pack-best-seller-4-livres\/\"]}]},{\"@type\":\"ImageObject\",\"inLanguage\":\"fr-FR\",\"@id\":\"https:\/\/www.edition-tawhid.com\/staging-site\/produit\/pack-best-seller-4-livres\/#primaryimage\",\"url\":\"https:\/\/www.edition-tawhid.com\/staging-site\/wp-content\/uploads\/2018\/12\/pack_enfants_v12.jpg\",\"contentUrl\":\"https:\/\/www.edition-tawhid.com\/staging-site\/wp-content\/uploads\/2018\/12\/pack_enfants_v12.jpg\",\"width\":791,\"height\":1024,\"caption\":\"Pack Best-seller\"},{\"@type\":\"BreadcrumbList\",\"@id\":\"https:\/\/www.edition-tawhid.com\/staging-site\/produit\/pack-best-seller-4-livres\/#breadcrumb\",\"itemListElement\":[{\"@type\":\"ListItem\",\"position\":1,\"name\":\"Accueil\",\"item\":\"https:\/\/www.edition-tawhid.com\/staging-site\/\"},{\"@type\":\"ListItem\",\"position\":2,\"name\":\"Tous nos livres\",\"item\":\"https:\/\/www.edition-tawhid.com\/staging-site\/tous-nos-livres\/\"},{\"@type\":\"ListItem\",\"position\":3,\"name\":\"Pack Best-seller\"}]},{\"@type\":\"WebSite\",\"@id\":\"https:\/\/www.edition-tawhid.com\/staging-site\/#website\",\"url\":\"https:\/\/www.edition-tawhid.com\/staging-site\/\",\"name\":\"\u00c9ditions Tawhid\",\"description\":\"Le sp\u00e9cialiste du livre islamique francophone\",\"publisher\":{\"@id\":\"https:\/\/www.edition-tawhid.com\/staging-site\/#organization\"},\"potentialAction\":[{\"@type\":\"SearchAction\",\"target\":{\"@type\":\"EntryPoint\",\"urlTemplate\":\"https:\/\/www.edition-tawhid.com\/staging-site\/?s={search_term_string}\"},\"query-input\":{\"@type\":\"PropertyValueSpecification\",\"valueRequired\":true,\"valueName\":\"search_term_string\"}}],\"inLanguage\":\"fr-FR\"},{\"@type\":\"Organization\",\"@id\":\"https:\/\/www.edition-tawhid.com\/staging-site\/#organization\",\"name\":\"Editions Tawhid\",\"url\":\"https:\/\/www.edition-tawhid.com\/staging-site\/\",\"logo\":{\"@type\":\"ImageObject\",\"inLanguage\":\"fr-FR\",\"@id\":\"https:\/\/www.edition-tawhid.com\/staging-site\/#\/schema\/logo\/image\/\",\"url\":\"https:\/\/www.edition-tawhid.com\/staging-site\/wp-content\/uploads\/2018\/12\/logo_noir_v1-01.png\",\"contentUrl\":\"https:\/\/www.edition-tawhid.com\/staging-site\/wp-content\/uploads\/2018\/12\/logo_noir_v1-01.png\",\"width\":80,\"height\":112,\"caption\":\"Editions Tawhid\"},\"image\":{\"@id\":\"https:\/\/www.edition-tawhid.com\/staging-site\/#\/schema\/logo\/image\/\"},\"sameAs\":[\"https:\/\/www.facebook.com\/editiontawhid\/\"]}]}<\/script>\n<!-- \/ Yoast SEO plugin. -->","yoast_head_json":{"title":"Pack Best-seller - \u00c9ditions Tawhid","robots":{"index":"noindex","follow":"follow","max-snippet":"max-snippet:-1","max-image-preview":"max-image-preview:large","max-video-preview":"max-video-preview:-1"},"og_locale":"fr_FR","og_type":"article","og_title":"Pack Best-seller - \u00c9ditions Tawhid","og_description":"Les Proph\u00e8tes racont\u00e9s aux enfants \u00ab\u00a0Les Proph\u00e8tes racont\u00e9s aux enfants\u00a0\u00bb met en lumi\u00e8re les plus grands \u00e9pisodes de la vie de ces \u00e9lus de Dieu. Cet ouvrage r\u00e9unit des aventures passionnantes, et pleines de le\u00e7ons, qui sauront emporter le jeune lecteur. Page apr\u00e8s page, et au fil d\u2019illustrations tr\u00e8s attrayantes, votre enfant se familiarisera avec ces hommes illustres dont l\u2019histoire est pleine de sens et de grandeur. Voir la fiche produit \u2192 Les animaux du&hellip;","og_url":"https:\/\/www.edition-tawhid.com\/staging-site\/produit\/pack-best-seller-4-livres\/","og_site_name":"\u00c9ditions Tawhid","article_publisher":"https:\/\/www.facebook.com\/editiontawhid\/","article_modified_time":"2024-02-08T01:51:37+00:00","og_image":[{"width":791,"height":1024,"url":"https:\/\/www.edition-tawhid.com\/staging-site\/wp-content\/uploads\/2018\/12\/pack_enfants_v12.jpg","type":"image\/jpeg"}],"twitter_card":"summary_large_image","schema":{"@context":"https:\/\/schema.org","@graph":[{"@type":"WebPage","@id":"https:\/\/www.edition-tawhid.com\/staging-site\/produit\/pack-best-seller-4-livres\/","url":"https:\/\/www.edition-tawhid.com\/staging-site\/produit\/pack-best-seller-4-livres\/","name":"Pack Best-seller - \u00c9ditions Tawhid","isPartOf":{"@id":"https:\/\/www.edition-tawhid.com\/staging-site\/#website"},"primaryImageOfPage":{"@id":"https:\/\/www.edition-tawhid.com\/staging-site\/produit\/pack-best-seller-4-livres\/#primaryimage"},"image":{"@id":"https:\/\/www.edition-tawhid.com\/staging-site\/produit\/pack-best-seller-4-livres\/#primaryimage"},"thumbnailUrl":"https:\/\/www.edition-tawhid.com\/staging-site\/wp-content\/uploads\/2018\/12\/pack_enfants_v12.jpg","datePublished":"2018-12-12T12:46:23+00:00","dateModified":"2024-02-08T01:51:37+00:00","breadcrumb":{"@id":"https:\/\/www.edition-tawhid.com\/staging-site\/produit\/pack-best-seller-4-livres\/#breadcrumb"},"inLanguage":"fr-FR","potentialAction":[{"@type":"ReadAction","target":["https:\/\/www.edition-tawhid.com\/staging-site\/produit\/pack-best-seller-4-livres\/"]}]},{"@type":"ImageObject","inLanguage":"fr-FR","@id":"https:\/\/www.edition-tawhid.com\/staging-site\/produit\/pack-best-seller-4-livres\/#primaryimage","url":"https:\/\/www.edition-tawhid.com\/staging-site\/wp-content\/uploads\/2018\/12\/pack_enfants_v12.jpg","contentUrl":"https:\/\/www.edition-tawhid.com\/staging-site\/wp-content\/uploads\/2018\/12\/pack_enfants_v12.jpg","width":791,"height":1024,"caption":"Pack Best-seller"},{"@type":"BreadcrumbList","@id":"https:\/\/www.edition-tawhid.com\/staging-site\/produit\/pack-best-seller-4-livres\/#breadcrumb","itemListElement":[{"@type":"ListItem","position":1,"name":"Accueil","item":"https:\/\/www.edition-tawhid.com\/staging-site\/"},{"@type":"ListItem","position":2,"name":"Tous nos livres","item":"https:\/\/www.edition-tawhid.com\/staging-site\/tous-nos-livres\/"},{"@type":"ListItem","position":3,"name":"Pack Best-seller"}]},{"@type":"WebSite","@id":"https:\/\/www.edition-tawhid.com\/staging-site\/#website","url":"https:\/\/www.edition-tawhid.com\/staging-site\/","name":"\u00c9ditions Tawhid","description":"Le sp\u00e9cialiste du livre islamique francophone","publisher":{"@id":"https:\/\/www.edition-tawhid.com\/staging-site\/#organization"},"potentialAction":[{"@type":"SearchAction","target":{"@type":"EntryPoint","urlTemplate":"https:\/\/www.edition-tawhid.com\/staging-site\/?s={search_term_string}"},"query-input":{"@type":"PropertyValueSpecification","valueRequired":true,"valueName":"search_term_string"}}],"inLanguage":"fr-FR"},{"@type":"Organization","@id":"https:\/\/www.edition-tawhid.com\/staging-site\/#organization","name":"Editions Tawhid","url":"https:\/\/www.edition-tawhid.com\/staging-site\/","logo":{"@type":"ImageObject","inLanguage":"fr-FR","@id":"https:\/\/www.edition-tawhid.com\/staging-site\/#\/schema\/logo\/image\/","url":"https:\/\/www.edition-tawhid.com\/staging-site\/wp-content\/uploads\/2018\/12\/logo_noir_v1-01.png","contentUrl":"https:\/\/www.edition-tawhid.com\/staging-site\/wp-content\/uploads\/2018\/12\/logo_noir_v1-01.png","width":80,"height":112,"caption":"Editions Tawhid"},"image":{"@id":"https:\/\/www.edition-tawhid.com\/staging-site\/#\/schema\/logo\/image\/"},"sameAs":["https:\/\/www.facebook.com\/editiontawhid\/"]}]}},"_links":{"self":[{"href":"https:\/\/www.edition-tawhid.com\/staging-site\/wp-json\/wp\/v2\/product\/5443","targetHints":{"allow":["GET"]}}],"collection":[{"href":"https:\/\/www.edition-tawhid.com\/staging-site\/wp-json\/wp\/v2\/product"}],"about":[{"href":"https:\/\/www.edition-tawhid.com\/staging-site\/wp-json\/wp\/v2\/types\/product"}],"replies":[{"embeddable":true,"href":"https:\/\/www.edition-tawhid.com\/staging-site\/wp-json\/wp\/v2\/comments?post=5443"}],"wp:featuredmedia":[{"embeddable":true,"href":"https:\/\/www.edition-tawhid.com\/staging-site\/wp-json\/wp\/v2\/media\/14919"}],"wp:attachment":[{"href":"https:\/\/www.edition-tawhid.com\/staging-site\/wp-json\/wp\/v2\/media?parent=5443"}],"wp:term":[{"taxonomy":"product_brand","embeddable":true,"href":"https:\/\/www.edition-tawhid.com\/staging-site\/wp-json\/wp\/v2\/product_brand?post=5443"},{"taxonomy":"product_cat","embeddable":true,"href":"https:\/\/www.edition-tawhid.com\/staging-site\/wp-json\/wp\/v2\/product_cat?post=5443"},{"taxonomy":"product_tag","embeddable":true,"href":"https:\/\/www.edition-tawhid.com\/staging-site\/wp-json\/wp\/v2\/product_tag?post=5443"}],"curies":[{"name":"wp","href":"https:\/\/api.w.org\/{rel}","templated":true}]}}