{"id":5506,"date":"2018-12-15T04:01:09","date_gmt":"2018-12-15T03:01:09","guid":{"rendered":"https:\/\/www.edition-tawhid.com\/staging-site\/?post_type=product&#038;p=5506"},"modified":"2024-02-09T03:01:03","modified_gmt":"2024-02-09T02:01:03","slug":"pack-allah-sait-quand-4-livres","status":"publish","type":"product","link":"https:\/\/www.edition-tawhid.com\/staging-site\/produit\/pack-allah-sait-quand-4-livres\/","title":{"rendered":"Pack<br \/> Allah sait quand&#8230;"},"content":{"rendered":"<p><img loading=\"lazy\" decoding=\"async\" class=\"alignnone size-medium wp-image-12664\" src=\"https:\/\/www.edition-tawhid.com\/staging-site\/wp-content\/uploads\/2014\/04\/allah_colere_1_NEW-232x300.jpg\" alt=\"\" width=\"232\" height=\"300\" srcset=\"https:\/\/www.edition-tawhid.com\/staging-site\/wp-content\/uploads\/2014\/04\/allah_colere_1_NEW-232x300.jpg 232w, https:\/\/www.edition-tawhid.com\/staging-site\/wp-content\/uploads\/2014\/04\/allah_colere_1_NEW-330x427.jpg 330w, https:\/\/www.edition-tawhid.com\/staging-site\/wp-content\/uploads\/2014\/04\/allah_colere_1_NEW-154x200.jpg 154w, https:\/\/www.edition-tawhid.com\/staging-site\/wp-content\/uploads\/2014\/04\/allah_colere_1_NEW-680x880.jpg 680w, https:\/\/www.edition-tawhid.com\/staging-site\/wp-content\/uploads\/2014\/04\/allah_colere_1_NEW-64x83.jpg 64w, https:\/\/www.edition-tawhid.com\/staging-site\/wp-content\/uploads\/2014\/04\/allah_colere_1_NEW-768x994.jpg 768w, https:\/\/www.edition-tawhid.com\/staging-site\/wp-content\/uploads\/2014\/04\/allah_colere_1_NEW-70x90.jpg 70w, https:\/\/www.edition-tawhid.com\/staging-site\/wp-content\/uploads\/2014\/04\/allah_colere_1_NEW-300x388.jpg 300w, https:\/\/www.edition-tawhid.com\/staging-site\/wp-content\/uploads\/2014\/04\/allah_colere_1_NEW-600x777.jpg 600w, https:\/\/www.edition-tawhid.com\/staging-site\/wp-content\/uploads\/2014\/04\/allah_colere_1_NEW.jpg 791w\" sizes=\"auto, (max-width: 232px) 100vw, 232px\" \/><\/p>\n<h4>Allah sait quand je suis en col\u00e8re<\/h4>\n<p><a href=\"https:\/\/www.edition-tawhid.com\/staging-site\/produit\/allah-sait-quand-je-suis-en-colere\/\">Voir la fiche produit \u2192<\/a><\/p>\n<hr \/>\n<p><img loading=\"lazy\" decoding=\"async\" class=\"alignnone size-medium wp-image-12666\" src=\"https:\/\/www.edition-tawhid.com\/staging-site\/wp-content\/uploads\/2014\/04\/allah_jaloux_1_NEW-232x300.jpg\" alt=\"\" width=\"232\" height=\"300\" srcset=\"https:\/\/www.edition-tawhid.com\/staging-site\/wp-content\/uploads\/2014\/04\/allah_jaloux_1_NEW-232x300.jpg 232w, https:\/\/www.edition-tawhid.com\/staging-site\/wp-content\/uploads\/2014\/04\/allah_jaloux_1_NEW-330x427.jpg 330w, https:\/\/www.edition-tawhid.com\/staging-site\/wp-content\/uploads\/2014\/04\/allah_jaloux_1_NEW-154x200.jpg 154w, https:\/\/www.edition-tawhid.com\/staging-site\/wp-content\/uploads\/2014\/04\/allah_jaloux_1_NEW-680x880.jpg 680w, https:\/\/www.edition-tawhid.com\/staging-site\/wp-content\/uploads\/2014\/04\/allah_jaloux_1_NEW-64x83.jpg 64w, https:\/\/www.edition-tawhid.com\/staging-site\/wp-content\/uploads\/2014\/04\/allah_jaloux_1_NEW-768x994.jpg 768w, https:\/\/www.edition-tawhid.com\/staging-site\/wp-content\/uploads\/2014\/04\/allah_jaloux_1_NEW-70x90.jpg 70w, https:\/\/www.edition-tawhid.com\/staging-site\/wp-content\/uploads\/2014\/04\/allah_jaloux_1_NEW-300x388.jpg 300w, https:\/\/www.edition-tawhid.com\/staging-site\/wp-content\/uploads\/2014\/04\/allah_jaloux_1_NEW-600x777.jpg 600w, https:\/\/www.edition-tawhid.com\/staging-site\/wp-content\/uploads\/2014\/04\/allah_jaloux_1_NEW.jpg 791w\" sizes=\"auto, (max-width: 232px) 100vw, 232px\" \/><\/p>\n<h4>Allah sait quand je suis jaloux<\/h4>\n<p><a href=\"https:\/\/www.edition-tawhid.com\/staging-site\/produit\/allah-sait-quand-je-suis-jaloux\/\">Voir la fiche produit \u2192<\/a><\/p>\n<hr \/>\n<p><img loading=\"lazy\" decoding=\"async\" class=\"alignnone size-medium wp-image-12668\" src=\"https:\/\/www.edition-tawhid.com\/staging-site\/wp-content\/uploads\/2014\/04\/allah_peur_1_NEW-232x300.jpg\" alt=\"\" width=\"232\" height=\"300\" srcset=\"https:\/\/www.edition-tawhid.com\/staging-site\/wp-content\/uploads\/2014\/04\/allah_peur_1_NEW-232x300.jpg 232w, https:\/\/www.edition-tawhid.com\/staging-site\/wp-content\/uploads\/2014\/04\/allah_peur_1_NEW-330x427.jpg 330w, https:\/\/www.edition-tawhid.com\/staging-site\/wp-content\/uploads\/2014\/04\/allah_peur_1_NEW-154x200.jpg 154w, https:\/\/www.edition-tawhid.com\/staging-site\/wp-content\/uploads\/2014\/04\/allah_peur_1_NEW-680x880.jpg 680w, https:\/\/www.edition-tawhid.com\/staging-site\/wp-content\/uploads\/2014\/04\/allah_peur_1_NEW-64x83.jpg 64w, https:\/\/www.edition-tawhid.com\/staging-site\/wp-content\/uploads\/2014\/04\/allah_peur_1_NEW-768x994.jpg 768w, https:\/\/www.edition-tawhid.com\/staging-site\/wp-content\/uploads\/2014\/04\/allah_peur_1_NEW-70x90.jpg 70w, https:\/\/www.edition-tawhid.com\/staging-site\/wp-content\/uploads\/2014\/04\/allah_peur_1_NEW-300x388.jpg 300w, https:\/\/www.edition-tawhid.com\/staging-site\/wp-content\/uploads\/2014\/04\/allah_peur_1_NEW-600x777.jpg 600w, https:\/\/www.edition-tawhid.com\/staging-site\/wp-content\/uploads\/2014\/04\/allah_peur_1_NEW.jpg 791w\" sizes=\"auto, (max-width: 232px) 100vw, 232px\" \/><\/p>\n<h4>Allah sait quand j&rsquo;ai peur<\/h4>\n<p><a href=\"https:\/\/www.edition-tawhid.com\/staging-site\/produit\/allah-sait-quand-j-ai-peur\/\">Voir la fiche produit \u2192<\/a><\/p>\n<hr \/>\n<p><img loading=\"lazy\" decoding=\"async\" class=\"alignnone size-medium wp-image-12670\" src=\"https:\/\/www.edition-tawhid.com\/staging-site\/wp-content\/uploads\/2014\/04\/allah_triste_1_NEW-232x300.jpg\" alt=\"\" width=\"232\" height=\"300\" srcset=\"https:\/\/www.edition-tawhid.com\/staging-site\/wp-content\/uploads\/2014\/04\/allah_triste_1_NEW-232x300.jpg 232w, https:\/\/www.edition-tawhid.com\/staging-site\/wp-content\/uploads\/2014\/04\/allah_triste_1_NEW-330x427.jpg 330w, https:\/\/www.edition-tawhid.com\/staging-site\/wp-content\/uploads\/2014\/04\/allah_triste_1_NEW-154x200.jpg 154w, https:\/\/www.edition-tawhid.com\/staging-site\/wp-content\/uploads\/2014\/04\/allah_triste_1_NEW-680x880.jpg 680w, https:\/\/www.edition-tawhid.com\/staging-site\/wp-content\/uploads\/2014\/04\/allah_triste_1_NEW-64x83.jpg 64w, https:\/\/www.edition-tawhid.com\/staging-site\/wp-content\/uploads\/2014\/04\/allah_triste_1_NEW-768x994.jpg 768w, https:\/\/www.edition-tawhid.com\/staging-site\/wp-content\/uploads\/2014\/04\/allah_triste_1_NEW-70x90.jpg 70w, https:\/\/www.edition-tawhid.com\/staging-site\/wp-content\/uploads\/2014\/04\/allah_triste_1_NEW-300x388.jpg 300w, https:\/\/www.edition-tawhid.com\/staging-site\/wp-content\/uploads\/2014\/04\/allah_triste_1_NEW-600x777.jpg 600w, https:\/\/www.edition-tawhid.com\/staging-site\/wp-content\/uploads\/2014\/04\/allah_triste_1_NEW.jpg 791w\" sizes=\"auto, (max-width: 232px) 100vw, 232px\" \/><\/p>\n<h4>Allah sait quand je suis triste<\/h4>\n<p><a href=\"https:\/\/www.edition-tawhid.com\/staging-site\/produit\/allah-sait-quand-je-suis-triste\/\">Voir la fiche produit \u2192<\/a><\/p>\n<hr \/>\n","protected":false},"excerpt":{"rendered":"<div id=\"tab-description\" class=\"woocommerce-Tabs-panel woocommerce-Tabs-panel--description panel entry-content wc-tab\" role=\"tabpanel\" aria-labelledby=\"tab-title-description\">\n<p>\u00ab\u00a0<em>Allah sait quand\u2026<\/em> \u00bb est une collection qui a pour but d\u2019apprendre \u00e0 votre enfant comment g\u00e9rer et ma\u00eetriser des \u00e9motions per\u00e7ues comme n\u00e9gatives.<\/p>\n<\/div>\n","protected":false},"featured_media":15003,"comment_status":"open","ping_status":"closed","template":"","meta":{"_acf_changed":false},"product_brand":[],"product_cat":[2465],"product_tag":[],"class_list":{"0":"post-5506","1":"product","2":"type-product","3":"status-publish","4":"has-post-thumbnail","6":"product_cat-jeunesse","8":"first","9":"instock","10":"sale","11":"taxable","12":"shipping-taxable","13":"purchasable","14":"product-type-simple"},"acf":[],"yoast_head":"<!-- This site is optimized with the Yoast SEO plugin v27.1.1 - https:\/\/yoast.com\/product\/yoast-seo-wordpress\/ -->\n<title>Pack Allah sait quand... - \u00c9ditions Tawhid<\/title>\n<meta name=\"robots\" content=\"noindex, follow, max-snippet:-1, max-image-preview:large, max-video-preview:-1\" \/>\n<meta property=\"og:locale\" content=\"fr_FR\" \/>\n<meta property=\"og:type\" content=\"article\" \/>\n<meta property=\"og:title\" content=\"Pack Allah sait quand... - \u00c9ditions Tawhid\" \/>\n<meta property=\"og:description\" content=\"\u00ab\u00a0Allah sait quand\u2026 \u00bb est une collection qui a pour but d\u2019apprendre \u00e0 votre enfant comment g\u00e9rer et ma\u00eetriser des \u00e9motions per\u00e7ues comme n\u00e9gatives.\" \/>\n<meta property=\"og:url\" content=\"https:\/\/www.edition-tawhid.com\/staging-site\/produit\/pack-allah-sait-quand-4-livres\/\" \/>\n<meta property=\"og:site_name\" content=\"\u00c9ditions Tawhid\" \/>\n<meta property=\"article:publisher\" content=\"https:\/\/www.facebook.com\/editiontawhid\/\" \/>\n<meta property=\"article:modified_time\" content=\"2024-02-09T02:01:03+00:00\" \/>\n<meta property=\"og:image\" content=\"https:\/\/www.edition-tawhid.com\/staging-site\/wp-content\/uploads\/2018\/12\/pack_allahsait_v4.jpg\" \/>\n\t<meta property=\"og:image:width\" content=\"791\" \/>\n\t<meta property=\"og:image:height\" content=\"1024\" \/>\n\t<meta property=\"og:image:type\" content=\"image\/jpeg\" \/>\n<meta name=\"twitter:card\" content=\"summary_large_image\" \/>\n<script type=\"application\/ld+json\" class=\"yoast-schema-graph\">{\"@context\":\"https:\/\/schema.org\",\"@graph\":[{\"@type\":\"WebPage\",\"@id\":\"https:\/\/www.edition-tawhid.com\/staging-site\/produit\/pack-allah-sait-quand-4-livres\/\",\"url\":\"https:\/\/www.edition-tawhid.com\/staging-site\/produit\/pack-allah-sait-quand-4-livres\/\",\"name\":\"Pack Allah sait quand... - \u00c9ditions Tawhid\",\"isPartOf\":{\"@id\":\"https:\/\/www.edition-tawhid.com\/staging-site\/#website\"},\"primaryImageOfPage\":{\"@id\":\"https:\/\/www.edition-tawhid.com\/staging-site\/produit\/pack-allah-sait-quand-4-livres\/#primaryimage\"},\"image\":{\"@id\":\"https:\/\/www.edition-tawhid.com\/staging-site\/produit\/pack-allah-sait-quand-4-livres\/#primaryimage\"},\"thumbnailUrl\":\"https:\/\/www.edition-tawhid.com\/staging-site\/wp-content\/uploads\/2018\/12\/pack_allahsait_v4.jpg\",\"datePublished\":\"2018-12-15T03:01:09+00:00\",\"dateModified\":\"2024-02-09T02:01:03+00:00\",\"breadcrumb\":{\"@id\":\"https:\/\/www.edition-tawhid.com\/staging-site\/produit\/pack-allah-sait-quand-4-livres\/#breadcrumb\"},\"inLanguage\":\"fr-FR\",\"potentialAction\":[{\"@type\":\"ReadAction\",\"target\":[\"https:\/\/www.edition-tawhid.com\/staging-site\/produit\/pack-allah-sait-quand-4-livres\/\"]}]},{\"@type\":\"ImageObject\",\"inLanguage\":\"fr-FR\",\"@id\":\"https:\/\/www.edition-tawhid.com\/staging-site\/produit\/pack-allah-sait-quand-4-livres\/#primaryimage\",\"url\":\"https:\/\/www.edition-tawhid.com\/staging-site\/wp-content\/uploads\/2018\/12\/pack_allahsait_v4.jpg\",\"contentUrl\":\"https:\/\/www.edition-tawhid.com\/staging-site\/wp-content\/uploads\/2018\/12\/pack_allahsait_v4.jpg\",\"width\":791,\"height\":1024,\"caption\":\"Pack Allah sait quand\u2026\"},{\"@type\":\"BreadcrumbList\",\"@id\":\"https:\/\/www.edition-tawhid.com\/staging-site\/produit\/pack-allah-sait-quand-4-livres\/#breadcrumb\",\"itemListElement\":[{\"@type\":\"ListItem\",\"position\":1,\"name\":\"Accueil\",\"item\":\"https:\/\/www.edition-tawhid.com\/staging-site\/\"},{\"@type\":\"ListItem\",\"position\":2,\"name\":\"Tous nos livres\",\"item\":\"https:\/\/www.edition-tawhid.com\/staging-site\/tous-nos-livres\/\"},{\"@type\":\"ListItem\",\"position\":3,\"name\":\"Pack Allah sait quand&#8230;\"}]},{\"@type\":\"WebSite\",\"@id\":\"https:\/\/www.edition-tawhid.com\/staging-site\/#website\",\"url\":\"https:\/\/www.edition-tawhid.com\/staging-site\/\",\"name\":\"\u00c9ditions Tawhid\",\"description\":\"Le sp\u00e9cialiste du livre islamique francophone\",\"publisher\":{\"@id\":\"https:\/\/www.edition-tawhid.com\/staging-site\/#organization\"},\"potentialAction\":[{\"@type\":\"SearchAction\",\"target\":{\"@type\":\"EntryPoint\",\"urlTemplate\":\"https:\/\/www.edition-tawhid.com\/staging-site\/?s={search_term_string}\"},\"query-input\":{\"@type\":\"PropertyValueSpecification\",\"valueRequired\":true,\"valueName\":\"search_term_string\"}}],\"inLanguage\":\"fr-FR\"},{\"@type\":\"Organization\",\"@id\":\"https:\/\/www.edition-tawhid.com\/staging-site\/#organization\",\"name\":\"Editions Tawhid\",\"url\":\"https:\/\/www.edition-tawhid.com\/staging-site\/\",\"logo\":{\"@type\":\"ImageObject\",\"inLanguage\":\"fr-FR\",\"@id\":\"https:\/\/www.edition-tawhid.com\/staging-site\/#\/schema\/logo\/image\/\",\"url\":\"https:\/\/www.edition-tawhid.com\/staging-site\/wp-content\/uploads\/2018\/12\/logo_noir_v1-01.png\",\"contentUrl\":\"https:\/\/www.edition-tawhid.com\/staging-site\/wp-content\/uploads\/2018\/12\/logo_noir_v1-01.png\",\"width\":80,\"height\":112,\"caption\":\"Editions Tawhid\"},\"image\":{\"@id\":\"https:\/\/www.edition-tawhid.com\/staging-site\/#\/schema\/logo\/image\/\"},\"sameAs\":[\"https:\/\/www.facebook.com\/editiontawhid\/\"]}]}<\/script>\n<!-- \/ Yoast SEO plugin. -->","yoast_head_json":{"title":"Pack Allah sait quand... - \u00c9ditions Tawhid","robots":{"index":"noindex","follow":"follow","max-snippet":"max-snippet:-1","max-image-preview":"max-image-preview:large","max-video-preview":"max-video-preview:-1"},"og_locale":"fr_FR","og_type":"article","og_title":"Pack Allah sait quand... - \u00c9ditions Tawhid","og_description":"\u00ab\u00a0Allah sait quand\u2026 \u00bb est une collection qui a pour but d\u2019apprendre \u00e0 votre enfant comment g\u00e9rer et ma\u00eetriser des \u00e9motions per\u00e7ues comme n\u00e9gatives.","og_url":"https:\/\/www.edition-tawhid.com\/staging-site\/produit\/pack-allah-sait-quand-4-livres\/","og_site_name":"\u00c9ditions Tawhid","article_publisher":"https:\/\/www.facebook.com\/editiontawhid\/","article_modified_time":"2024-02-09T02:01:03+00:00","og_image":[{"width":791,"height":1024,"url":"https:\/\/www.edition-tawhid.com\/staging-site\/wp-content\/uploads\/2018\/12\/pack_allahsait_v4.jpg","type":"image\/jpeg"}],"twitter_card":"summary_large_image","schema":{"@context":"https:\/\/schema.org","@graph":[{"@type":"WebPage","@id":"https:\/\/www.edition-tawhid.com\/staging-site\/produit\/pack-allah-sait-quand-4-livres\/","url":"https:\/\/www.edition-tawhid.com\/staging-site\/produit\/pack-allah-sait-quand-4-livres\/","name":"Pack Allah sait quand... - \u00c9ditions Tawhid","isPartOf":{"@id":"https:\/\/www.edition-tawhid.com\/staging-site\/#website"},"primaryImageOfPage":{"@id":"https:\/\/www.edition-tawhid.com\/staging-site\/produit\/pack-allah-sait-quand-4-livres\/#primaryimage"},"image":{"@id":"https:\/\/www.edition-tawhid.com\/staging-site\/produit\/pack-allah-sait-quand-4-livres\/#primaryimage"},"thumbnailUrl":"https:\/\/www.edition-tawhid.com\/staging-site\/wp-content\/uploads\/2018\/12\/pack_allahsait_v4.jpg","datePublished":"2018-12-15T03:01:09+00:00","dateModified":"2024-02-09T02:01:03+00:00","breadcrumb":{"@id":"https:\/\/www.edition-tawhid.com\/staging-site\/produit\/pack-allah-sait-quand-4-livres\/#breadcrumb"},"inLanguage":"fr-FR","potentialAction":[{"@type":"ReadAction","target":["https:\/\/www.edition-tawhid.com\/staging-site\/produit\/pack-allah-sait-quand-4-livres\/"]}]},{"@type":"ImageObject","inLanguage":"fr-FR","@id":"https:\/\/www.edition-tawhid.com\/staging-site\/produit\/pack-allah-sait-quand-4-livres\/#primaryimage","url":"https:\/\/www.edition-tawhid.com\/staging-site\/wp-content\/uploads\/2018\/12\/pack_allahsait_v4.jpg","contentUrl":"https:\/\/www.edition-tawhid.com\/staging-site\/wp-content\/uploads\/2018\/12\/pack_allahsait_v4.jpg","width":791,"height":1024,"caption":"Pack Allah sait quand\u2026"},{"@type":"BreadcrumbList","@id":"https:\/\/www.edition-tawhid.com\/staging-site\/produit\/pack-allah-sait-quand-4-livres\/#breadcrumb","itemListElement":[{"@type":"ListItem","position":1,"name":"Accueil","item":"https:\/\/www.edition-tawhid.com\/staging-site\/"},{"@type":"ListItem","position":2,"name":"Tous nos livres","item":"https:\/\/www.edition-tawhid.com\/staging-site\/tous-nos-livres\/"},{"@type":"ListItem","position":3,"name":"Pack Allah sait quand&#8230;"}]},{"@type":"WebSite","@id":"https:\/\/www.edition-tawhid.com\/staging-site\/#website","url":"https:\/\/www.edition-tawhid.com\/staging-site\/","name":"\u00c9ditions Tawhid","description":"Le sp\u00e9cialiste du livre islamique francophone","publisher":{"@id":"https:\/\/www.edition-tawhid.com\/staging-site\/#organization"},"potentialAction":[{"@type":"SearchAction","target":{"@type":"EntryPoint","urlTemplate":"https:\/\/www.edition-tawhid.com\/staging-site\/?s={search_term_string}"},"query-input":{"@type":"PropertyValueSpecification","valueRequired":true,"valueName":"search_term_string"}}],"inLanguage":"fr-FR"},{"@type":"Organization","@id":"https:\/\/www.edition-tawhid.com\/staging-site\/#organization","name":"Editions Tawhid","url":"https:\/\/www.edition-tawhid.com\/staging-site\/","logo":{"@type":"ImageObject","inLanguage":"fr-FR","@id":"https:\/\/www.edition-tawhid.com\/staging-site\/#\/schema\/logo\/image\/","url":"https:\/\/www.edition-tawhid.com\/staging-site\/wp-content\/uploads\/2018\/12\/logo_noir_v1-01.png","contentUrl":"https:\/\/www.edition-tawhid.com\/staging-site\/wp-content\/uploads\/2018\/12\/logo_noir_v1-01.png","width":80,"height":112,"caption":"Editions Tawhid"},"image":{"@id":"https:\/\/www.edition-tawhid.com\/staging-site\/#\/schema\/logo\/image\/"},"sameAs":["https:\/\/www.facebook.com\/editiontawhid\/"]}]}},"_links":{"self":[{"href":"https:\/\/www.edition-tawhid.com\/staging-site\/wp-json\/wp\/v2\/product\/5506","targetHints":{"allow":["GET"]}}],"collection":[{"href":"https:\/\/www.edition-tawhid.com\/staging-site\/wp-json\/wp\/v2\/product"}],"about":[{"href":"https:\/\/www.edition-tawhid.com\/staging-site\/wp-json\/wp\/v2\/types\/product"}],"replies":[{"embeddable":true,"href":"https:\/\/www.edition-tawhid.com\/staging-site\/wp-json\/wp\/v2\/comments?post=5506"}],"wp:featuredmedia":[{"embeddable":true,"href":"https:\/\/www.edition-tawhid.com\/staging-site\/wp-json\/wp\/v2\/media\/15003"}],"wp:attachment":[{"href":"https:\/\/www.edition-tawhid.com\/staging-site\/wp-json\/wp\/v2\/media?parent=5506"}],"wp:term":[{"taxonomy":"product_brand","embeddable":true,"href":"https:\/\/www.edition-tawhid.com\/staging-site\/wp-json\/wp\/v2\/product_brand?post=5506"},{"taxonomy":"product_cat","embeddable":true,"href":"https:\/\/www.edition-tawhid.com\/staging-site\/wp-json\/wp\/v2\/product_cat?post=5506"},{"taxonomy":"product_tag","embeddable":true,"href":"https:\/\/www.edition-tawhid.com\/staging-site\/wp-json\/wp\/v2\/product_tag?post=5506"}],"curies":[{"name":"wp","href":"https:\/\/api.w.org\/{rel}","templated":true}]}}