{"id":5547,"date":"2018-12-17T05:13:17","date_gmt":"2018-12-17T04:13:17","guid":{"rendered":"https:\/\/www.edition-tawhid.com\/staging-site\/?post_type=product&#038;p=5547"},"modified":"2024-11-18T14:22:00","modified_gmt":"2024-11-18T13:22:00","slug":"pack-raconte-moi-4-livres","status":"publish","type":"product","link":"https:\/\/www.edition-tawhid.com\/staging-site\/produit\/pack-raconte-moi-4-livres\/","title":{"rendered":"Pack<br \/> Raconte-moi&#8230;"},"content":{"rendered":"<p><img loading=\"lazy\" decoding=\"async\" class=\"alignnone size-medium wp-image-12768\" src=\"https:\/\/www.edition-tawhid.com\/staging-site\/wp-content\/uploads\/2004\/03\/racontemoi_mohammad_1_NEW-232x300.jpg\" alt=\"\" width=\"232\" height=\"300\" srcset=\"https:\/\/www.edition-tawhid.com\/staging-site\/wp-content\/uploads\/2004\/03\/racontemoi_mohammad_1_NEW-232x300.jpg 232w, https:\/\/www.edition-tawhid.com\/staging-site\/wp-content\/uploads\/2004\/03\/racontemoi_mohammad_1_NEW-330x427.jpg 330w, https:\/\/www.edition-tawhid.com\/staging-site\/wp-content\/uploads\/2004\/03\/racontemoi_mohammad_1_NEW-154x200.jpg 154w, https:\/\/www.edition-tawhid.com\/staging-site\/wp-content\/uploads\/2004\/03\/racontemoi_mohammad_1_NEW-680x880.jpg 680w, https:\/\/www.edition-tawhid.com\/staging-site\/wp-content\/uploads\/2004\/03\/racontemoi_mohammad_1_NEW-64x83.jpg 64w, https:\/\/www.edition-tawhid.com\/staging-site\/wp-content\/uploads\/2004\/03\/racontemoi_mohammad_1_NEW-768x994.jpg 768w, https:\/\/www.edition-tawhid.com\/staging-site\/wp-content\/uploads\/2004\/03\/racontemoi_mohammad_1_NEW-70x90.jpg 70w, https:\/\/www.edition-tawhid.com\/staging-site\/wp-content\/uploads\/2004\/03\/racontemoi_mohammad_1_NEW-300x388.jpg 300w, https:\/\/www.edition-tawhid.com\/staging-site\/wp-content\/uploads\/2004\/03\/racontemoi_mohammad_1_NEW-600x777.jpg 600w, https:\/\/www.edition-tawhid.com\/staging-site\/wp-content\/uploads\/2004\/03\/racontemoi_mohammad_1_NEW.jpg 791w\" sizes=\"auto, (max-width: 232px) 100vw, 232px\" \/><\/p>\n<h4>Raconte-moi le Proph\u00e8te Mohammad<\/h4>\n<p>La vie du Proph\u00e8te Mohammad (paix et salut sur lui) comme elle n\u2019a jamais \u00e9t\u00e9 racont\u00e9e, avec les \u00e9pisodes les plus importants de sa vie, mais aussi son message et ses enseignements.<\/p>\n<p><a href=\"https:\/\/www.edition-tawhid.com\/staging-site\/produit\/raconte-moi-le-prophete-mohammad\/\">Voir la fiche produit \u2192<\/a><\/p>\n<hr \/>\n<p><img loading=\"lazy\" decoding=\"async\" class=\"alignnone size-medium wp-image-12770\" src=\"https:\/\/www.edition-tawhid.com\/staging-site\/wp-content\/uploads\/2004\/03\/racontemoi_moussa_1_NEW-232x300.jpg\" alt=\"\" width=\"232\" height=\"300\" srcset=\"https:\/\/www.edition-tawhid.com\/staging-site\/wp-content\/uploads\/2004\/03\/racontemoi_moussa_1_NEW-232x300.jpg 232w, https:\/\/www.edition-tawhid.com\/staging-site\/wp-content\/uploads\/2004\/03\/racontemoi_moussa_1_NEW-330x427.jpg 330w, https:\/\/www.edition-tawhid.com\/staging-site\/wp-content\/uploads\/2004\/03\/racontemoi_moussa_1_NEW-154x200.jpg 154w, https:\/\/www.edition-tawhid.com\/staging-site\/wp-content\/uploads\/2004\/03\/racontemoi_moussa_1_NEW-680x880.jpg 680w, https:\/\/www.edition-tawhid.com\/staging-site\/wp-content\/uploads\/2004\/03\/racontemoi_moussa_1_NEW-64x83.jpg 64w, https:\/\/www.edition-tawhid.com\/staging-site\/wp-content\/uploads\/2004\/03\/racontemoi_moussa_1_NEW-768x994.jpg 768w, https:\/\/www.edition-tawhid.com\/staging-site\/wp-content\/uploads\/2004\/03\/racontemoi_moussa_1_NEW-70x90.jpg 70w, https:\/\/www.edition-tawhid.com\/staging-site\/wp-content\/uploads\/2004\/03\/racontemoi_moussa_1_NEW-300x388.jpg 300w, https:\/\/www.edition-tawhid.com\/staging-site\/wp-content\/uploads\/2004\/03\/racontemoi_moussa_1_NEW-600x777.jpg 600w, https:\/\/www.edition-tawhid.com\/staging-site\/wp-content\/uploads\/2004\/03\/racontemoi_moussa_1_NEW.jpg 791w\" sizes=\"auto, (max-width: 232px) 100vw, 232px\" \/><\/p>\n<h4>Raconte-moi le proph\u00e8te Moussa<\/h4>\n<p>Tout au long de cet album, l&rsquo;accent est mis sur l&rsquo;esprit des enseignements du proph\u00e8te Moussa et sur les le\u00e7ons que l&rsquo;on peut en tirer dans notre vie quotidienne.<\/p>\n<p><a href=\"https:\/\/www.edition-tawhid.com\/staging-site\/produit\/raconte-moi-le-prophete-moussa\/\">Voir la fiche produit \u2192<\/a><\/p>\n<hr \/>\n<p><img loading=\"lazy\" decoding=\"async\" class=\"alignnone size-medium wp-image-12766\" src=\"https:\/\/www.edition-tawhid.com\/staging-site\/wp-content\/uploads\/2004\/03\/racontemoi_ibrahim_1_NEW-232x300.jpg\" alt=\"\" width=\"232\" height=\"300\" srcset=\"https:\/\/www.edition-tawhid.com\/staging-site\/wp-content\/uploads\/2004\/03\/racontemoi_ibrahim_1_NEW-232x300.jpg 232w, https:\/\/www.edition-tawhid.com\/staging-site\/wp-content\/uploads\/2004\/03\/racontemoi_ibrahim_1_NEW-330x427.jpg 330w, https:\/\/www.edition-tawhid.com\/staging-site\/wp-content\/uploads\/2004\/03\/racontemoi_ibrahim_1_NEW-154x200.jpg 154w, https:\/\/www.edition-tawhid.com\/staging-site\/wp-content\/uploads\/2004\/03\/racontemoi_ibrahim_1_NEW-680x880.jpg 680w, https:\/\/www.edition-tawhid.com\/staging-site\/wp-content\/uploads\/2004\/03\/racontemoi_ibrahim_1_NEW-64x83.jpg 64w, https:\/\/www.edition-tawhid.com\/staging-site\/wp-content\/uploads\/2004\/03\/racontemoi_ibrahim_1_NEW-768x994.jpg 768w, https:\/\/www.edition-tawhid.com\/staging-site\/wp-content\/uploads\/2004\/03\/racontemoi_ibrahim_1_NEW-70x90.jpg 70w, https:\/\/www.edition-tawhid.com\/staging-site\/wp-content\/uploads\/2004\/03\/racontemoi_ibrahim_1_NEW-300x388.jpg 300w, https:\/\/www.edition-tawhid.com\/staging-site\/wp-content\/uploads\/2004\/03\/racontemoi_ibrahim_1_NEW-600x777.jpg 600w, https:\/\/www.edition-tawhid.com\/staging-site\/wp-content\/uploads\/2004\/03\/racontemoi_ibrahim_1_NEW.jpg 791w\" sizes=\"auto, (max-width: 232px) 100vw, 232px\" \/><\/p>\n<h4>Raconte-moi le proph\u00e8te Ibrahim<\/h4>\n<p>Ce livre raconte la vie passionnante du proph\u00e8te Ibrahim (Abraham). Il relate les plus grands moments de sa vie.<\/p>\n<p><a href=\"https:\/\/www.edition-tawhid.com\/staging-site\/produit\/raconte-moi-le-prophete-ibrahim\/\">Voir la fiche produit \u2192<\/a><\/p>\n<hr \/>\n<p><img loading=\"lazy\" decoding=\"async\" class=\"alignnone size-medium wp-image-12772\" src=\"https:\/\/www.edition-tawhid.com\/staging-site\/wp-content\/uploads\/2004\/03\/racontemoi_youssouf_1_NEW-232x300.jpg\" alt=\"\" width=\"232\" height=\"300\" srcset=\"https:\/\/www.edition-tawhid.com\/staging-site\/wp-content\/uploads\/2004\/03\/racontemoi_youssouf_1_NEW-232x300.jpg 232w, https:\/\/www.edition-tawhid.com\/staging-site\/wp-content\/uploads\/2004\/03\/racontemoi_youssouf_1_NEW-330x427.jpg 330w, https:\/\/www.edition-tawhid.com\/staging-site\/wp-content\/uploads\/2004\/03\/racontemoi_youssouf_1_NEW-154x200.jpg 154w, https:\/\/www.edition-tawhid.com\/staging-site\/wp-content\/uploads\/2004\/03\/racontemoi_youssouf_1_NEW-680x880.jpg 680w, https:\/\/www.edition-tawhid.com\/staging-site\/wp-content\/uploads\/2004\/03\/racontemoi_youssouf_1_NEW-64x83.jpg 64w, https:\/\/www.edition-tawhid.com\/staging-site\/wp-content\/uploads\/2004\/03\/racontemoi_youssouf_1_NEW-768x994.jpg 768w, https:\/\/www.edition-tawhid.com\/staging-site\/wp-content\/uploads\/2004\/03\/racontemoi_youssouf_1_NEW-70x90.jpg 70w, https:\/\/www.edition-tawhid.com\/staging-site\/wp-content\/uploads\/2004\/03\/racontemoi_youssouf_1_NEW-300x388.jpg 300w, https:\/\/www.edition-tawhid.com\/staging-site\/wp-content\/uploads\/2004\/03\/racontemoi_youssouf_1_NEW-600x777.jpg 600w, https:\/\/www.edition-tawhid.com\/staging-site\/wp-content\/uploads\/2004\/03\/racontemoi_youssouf_1_NEW.jpg 791w\" sizes=\"auto, (max-width: 232px) 100vw, 232px\" \/><\/p>\n<h4>Raconte-moi le proph\u00e8te Youssouf<\/h4>\n<p>Ce livre te raconte la plus merveilleuse histoire du Coran : celle du grand proph\u00e8te Youssouf (Joseph).<\/p>\n<p><a href=\"https:\/\/www.edition-tawhid.com\/staging-site\/produit\/raconte-moi-le-prophete-youssouf\/\">Voir la fiche produit \u2192<\/a><\/p>\n<hr \/>\n","protected":false},"excerpt":{"rendered":"<p>Raconte-moi le Proph\u00e8te Mohammad La vie du Proph\u00e8te Mohammad (paix et salut sur lui) comme elle n\u2019a jamais \u00e9t\u00e9 racont\u00e9e, avec les \u00e9pisodes les plus importants de sa vie, mais aussi son message et ses enseignements. Voir la fiche produit \u2192 Raconte-moi le proph\u00e8te Moussa Tout au long de cet album, l&rsquo;accent est mis sur l&rsquo;esprit des enseignements du proph\u00e8te Moussa et sur les le\u00e7ons que l&rsquo;on peut en tirer dans notre vie quotidienne. Voir&hellip;<\/p>\n","protected":false},"featured_media":13007,"comment_status":"open","ping_status":"closed","template":"","meta":{"_acf_changed":false},"product_brand":[],"product_cat":[2465],"product_tag":[],"class_list":{"0":"post-5547","1":"product","2":"type-product","3":"status-publish","4":"has-post-thumbnail","6":"product_cat-jeunesse","8":"first","9":"instock","10":"sale","11":"taxable","12":"shipping-taxable","13":"purchasable","14":"product-type-simple"},"acf":[],"yoast_head":"<!-- This site is optimized with the Yoast SEO plugin v27.1.1 - https:\/\/yoast.com\/product\/yoast-seo-wordpress\/ -->\n<title>Pack Raconte-moi... - \u00c9ditions Tawhid<\/title>\n<meta name=\"robots\" content=\"noindex, follow, max-snippet:-1, max-image-preview:large, max-video-preview:-1\" \/>\n<meta property=\"og:locale\" content=\"fr_FR\" \/>\n<meta property=\"og:type\" content=\"article\" \/>\n<meta property=\"og:title\" content=\"Pack Raconte-moi... - \u00c9ditions Tawhid\" \/>\n<meta property=\"og:description\" content=\"Raconte-moi le Proph\u00e8te Mohammad La vie du Proph\u00e8te Mohammad (paix et salut sur lui) comme elle n\u2019a jamais \u00e9t\u00e9 racont\u00e9e, avec les \u00e9pisodes les plus importants de sa vie, mais aussi son message et ses enseignements. Voir la fiche produit \u2192 Raconte-moi le proph\u00e8te Moussa Tout au long de cet album, l&rsquo;accent est mis sur l&rsquo;esprit des enseignements du proph\u00e8te Moussa et sur les le\u00e7ons que l&rsquo;on peut en tirer dans notre vie quotidienne. Voir&hellip;\" \/>\n<meta property=\"og:url\" content=\"https:\/\/www.edition-tawhid.com\/staging-site\/produit\/pack-raconte-moi-4-livres\/\" \/>\n<meta property=\"og:site_name\" content=\"\u00c9ditions Tawhid\" \/>\n<meta property=\"article:publisher\" content=\"https:\/\/www.facebook.com\/editiontawhid\/\" \/>\n<meta property=\"article:modified_time\" content=\"2024-11-18T13:22:00+00:00\" \/>\n<meta property=\"og:image\" content=\"https:\/\/www.edition-tawhid.com\/staging-site\/wp-content\/uploads\/2018\/12\/pack_racontemoi_v1_NEW.jpg\" \/>\n\t<meta property=\"og:image:width\" content=\"791\" \/>\n\t<meta property=\"og:image:height\" content=\"1024\" \/>\n\t<meta property=\"og:image:type\" content=\"image\/jpeg\" \/>\n<meta name=\"twitter:card\" content=\"summary_large_image\" \/>\n<meta name=\"twitter:label1\" content=\"Dur\u00e9e de lecture estim\u00e9e\" \/>\n\t<meta name=\"twitter:data1\" content=\"1 minute\" \/>\n<script type=\"application\/ld+json\" class=\"yoast-schema-graph\">{\"@context\":\"https:\/\/schema.org\",\"@graph\":[{\"@type\":\"WebPage\",\"@id\":\"https:\/\/www.edition-tawhid.com\/staging-site\/produit\/pack-raconte-moi-4-livres\/\",\"url\":\"https:\/\/www.edition-tawhid.com\/staging-site\/produit\/pack-raconte-moi-4-livres\/\",\"name\":\"Pack Raconte-moi... - \u00c9ditions Tawhid\",\"isPartOf\":{\"@id\":\"https:\/\/www.edition-tawhid.com\/staging-site\/#website\"},\"primaryImageOfPage\":{\"@id\":\"https:\/\/www.edition-tawhid.com\/staging-site\/produit\/pack-raconte-moi-4-livres\/#primaryimage\"},\"image\":{\"@id\":\"https:\/\/www.edition-tawhid.com\/staging-site\/produit\/pack-raconte-moi-4-livres\/#primaryimage\"},\"thumbnailUrl\":\"https:\/\/www.edition-tawhid.com\/staging-site\/wp-content\/uploads\/2018\/12\/pack_racontemoi_v1_NEW.jpg\",\"datePublished\":\"2018-12-17T04:13:17+00:00\",\"dateModified\":\"2024-11-18T13:22:00+00:00\",\"breadcrumb\":{\"@id\":\"https:\/\/www.edition-tawhid.com\/staging-site\/produit\/pack-raconte-moi-4-livres\/#breadcrumb\"},\"inLanguage\":\"fr-FR\",\"potentialAction\":[{\"@type\":\"ReadAction\",\"target\":[\"https:\/\/www.edition-tawhid.com\/staging-site\/produit\/pack-raconte-moi-4-livres\/\"]}]},{\"@type\":\"ImageObject\",\"inLanguage\":\"fr-FR\",\"@id\":\"https:\/\/www.edition-tawhid.com\/staging-site\/produit\/pack-raconte-moi-4-livres\/#primaryimage\",\"url\":\"https:\/\/www.edition-tawhid.com\/staging-site\/wp-content\/uploads\/2018\/12\/pack_racontemoi_v1_NEW.jpg\",\"contentUrl\":\"https:\/\/www.edition-tawhid.com\/staging-site\/wp-content\/uploads\/2018\/12\/pack_racontemoi_v1_NEW.jpg\",\"width\":791,\"height\":1024},{\"@type\":\"BreadcrumbList\",\"@id\":\"https:\/\/www.edition-tawhid.com\/staging-site\/produit\/pack-raconte-moi-4-livres\/#breadcrumb\",\"itemListElement\":[{\"@type\":\"ListItem\",\"position\":1,\"name\":\"Accueil\",\"item\":\"https:\/\/www.edition-tawhid.com\/staging-site\/\"},{\"@type\":\"ListItem\",\"position\":2,\"name\":\"Tous nos livres\",\"item\":\"https:\/\/www.edition-tawhid.com\/staging-site\/tous-nos-livres\/\"},{\"@type\":\"ListItem\",\"position\":3,\"name\":\"Pack Raconte-moi&#8230;\"}]},{\"@type\":\"WebSite\",\"@id\":\"https:\/\/www.edition-tawhid.com\/staging-site\/#website\",\"url\":\"https:\/\/www.edition-tawhid.com\/staging-site\/\",\"name\":\"\u00c9ditions Tawhid\",\"description\":\"Le sp\u00e9cialiste du livre islamique francophone\",\"publisher\":{\"@id\":\"https:\/\/www.edition-tawhid.com\/staging-site\/#organization\"},\"potentialAction\":[{\"@type\":\"SearchAction\",\"target\":{\"@type\":\"EntryPoint\",\"urlTemplate\":\"https:\/\/www.edition-tawhid.com\/staging-site\/?s={search_term_string}\"},\"query-input\":{\"@type\":\"PropertyValueSpecification\",\"valueRequired\":true,\"valueName\":\"search_term_string\"}}],\"inLanguage\":\"fr-FR\"},{\"@type\":\"Organization\",\"@id\":\"https:\/\/www.edition-tawhid.com\/staging-site\/#organization\",\"name\":\"Editions Tawhid\",\"url\":\"https:\/\/www.edition-tawhid.com\/staging-site\/\",\"logo\":{\"@type\":\"ImageObject\",\"inLanguage\":\"fr-FR\",\"@id\":\"https:\/\/www.edition-tawhid.com\/staging-site\/#\/schema\/logo\/image\/\",\"url\":\"https:\/\/www.edition-tawhid.com\/staging-site\/wp-content\/uploads\/2018\/12\/logo_noir_v1-01.png\",\"contentUrl\":\"https:\/\/www.edition-tawhid.com\/staging-site\/wp-content\/uploads\/2018\/12\/logo_noir_v1-01.png\",\"width\":80,\"height\":112,\"caption\":\"Editions Tawhid\"},\"image\":{\"@id\":\"https:\/\/www.edition-tawhid.com\/staging-site\/#\/schema\/logo\/image\/\"},\"sameAs\":[\"https:\/\/www.facebook.com\/editiontawhid\/\"]}]}<\/script>\n<!-- \/ Yoast SEO plugin. -->","yoast_head_json":{"title":"Pack Raconte-moi... - \u00c9ditions Tawhid","robots":{"index":"noindex","follow":"follow","max-snippet":"max-snippet:-1","max-image-preview":"max-image-preview:large","max-video-preview":"max-video-preview:-1"},"og_locale":"fr_FR","og_type":"article","og_title":"Pack Raconte-moi... - \u00c9ditions Tawhid","og_description":"Raconte-moi le Proph\u00e8te Mohammad La vie du Proph\u00e8te Mohammad (paix et salut sur lui) comme elle n\u2019a jamais \u00e9t\u00e9 racont\u00e9e, avec les \u00e9pisodes les plus importants de sa vie, mais aussi son message et ses enseignements. Voir la fiche produit \u2192 Raconte-moi le proph\u00e8te Moussa Tout au long de cet album, l&rsquo;accent est mis sur l&rsquo;esprit des enseignements du proph\u00e8te Moussa et sur les le\u00e7ons que l&rsquo;on peut en tirer dans notre vie quotidienne. Voir&hellip;","og_url":"https:\/\/www.edition-tawhid.com\/staging-site\/produit\/pack-raconte-moi-4-livres\/","og_site_name":"\u00c9ditions Tawhid","article_publisher":"https:\/\/www.facebook.com\/editiontawhid\/","article_modified_time":"2024-11-18T13:22:00+00:00","og_image":[{"width":791,"height":1024,"url":"https:\/\/www.edition-tawhid.com\/staging-site\/wp-content\/uploads\/2018\/12\/pack_racontemoi_v1_NEW.jpg","type":"image\/jpeg"}],"twitter_card":"summary_large_image","twitter_misc":{"Dur\u00e9e de lecture estim\u00e9e":"1 minute"},"schema":{"@context":"https:\/\/schema.org","@graph":[{"@type":"WebPage","@id":"https:\/\/www.edition-tawhid.com\/staging-site\/produit\/pack-raconte-moi-4-livres\/","url":"https:\/\/www.edition-tawhid.com\/staging-site\/produit\/pack-raconte-moi-4-livres\/","name":"Pack Raconte-moi... - \u00c9ditions Tawhid","isPartOf":{"@id":"https:\/\/www.edition-tawhid.com\/staging-site\/#website"},"primaryImageOfPage":{"@id":"https:\/\/www.edition-tawhid.com\/staging-site\/produit\/pack-raconte-moi-4-livres\/#primaryimage"},"image":{"@id":"https:\/\/www.edition-tawhid.com\/staging-site\/produit\/pack-raconte-moi-4-livres\/#primaryimage"},"thumbnailUrl":"https:\/\/www.edition-tawhid.com\/staging-site\/wp-content\/uploads\/2018\/12\/pack_racontemoi_v1_NEW.jpg","datePublished":"2018-12-17T04:13:17+00:00","dateModified":"2024-11-18T13:22:00+00:00","breadcrumb":{"@id":"https:\/\/www.edition-tawhid.com\/staging-site\/produit\/pack-raconte-moi-4-livres\/#breadcrumb"},"inLanguage":"fr-FR","potentialAction":[{"@type":"ReadAction","target":["https:\/\/www.edition-tawhid.com\/staging-site\/produit\/pack-raconte-moi-4-livres\/"]}]},{"@type":"ImageObject","inLanguage":"fr-FR","@id":"https:\/\/www.edition-tawhid.com\/staging-site\/produit\/pack-raconte-moi-4-livres\/#primaryimage","url":"https:\/\/www.edition-tawhid.com\/staging-site\/wp-content\/uploads\/2018\/12\/pack_racontemoi_v1_NEW.jpg","contentUrl":"https:\/\/www.edition-tawhid.com\/staging-site\/wp-content\/uploads\/2018\/12\/pack_racontemoi_v1_NEW.jpg","width":791,"height":1024},{"@type":"BreadcrumbList","@id":"https:\/\/www.edition-tawhid.com\/staging-site\/produit\/pack-raconte-moi-4-livres\/#breadcrumb","itemListElement":[{"@type":"ListItem","position":1,"name":"Accueil","item":"https:\/\/www.edition-tawhid.com\/staging-site\/"},{"@type":"ListItem","position":2,"name":"Tous nos livres","item":"https:\/\/www.edition-tawhid.com\/staging-site\/tous-nos-livres\/"},{"@type":"ListItem","position":3,"name":"Pack Raconte-moi&#8230;"}]},{"@type":"WebSite","@id":"https:\/\/www.edition-tawhid.com\/staging-site\/#website","url":"https:\/\/www.edition-tawhid.com\/staging-site\/","name":"\u00c9ditions Tawhid","description":"Le sp\u00e9cialiste du livre islamique francophone","publisher":{"@id":"https:\/\/www.edition-tawhid.com\/staging-site\/#organization"},"potentialAction":[{"@type":"SearchAction","target":{"@type":"EntryPoint","urlTemplate":"https:\/\/www.edition-tawhid.com\/staging-site\/?s={search_term_string}"},"query-input":{"@type":"PropertyValueSpecification","valueRequired":true,"valueName":"search_term_string"}}],"inLanguage":"fr-FR"},{"@type":"Organization","@id":"https:\/\/www.edition-tawhid.com\/staging-site\/#organization","name":"Editions Tawhid","url":"https:\/\/www.edition-tawhid.com\/staging-site\/","logo":{"@type":"ImageObject","inLanguage":"fr-FR","@id":"https:\/\/www.edition-tawhid.com\/staging-site\/#\/schema\/logo\/image\/","url":"https:\/\/www.edition-tawhid.com\/staging-site\/wp-content\/uploads\/2018\/12\/logo_noir_v1-01.png","contentUrl":"https:\/\/www.edition-tawhid.com\/staging-site\/wp-content\/uploads\/2018\/12\/logo_noir_v1-01.png","width":80,"height":112,"caption":"Editions Tawhid"},"image":{"@id":"https:\/\/www.edition-tawhid.com\/staging-site\/#\/schema\/logo\/image\/"},"sameAs":["https:\/\/www.facebook.com\/editiontawhid\/"]}]}},"_links":{"self":[{"href":"https:\/\/www.edition-tawhid.com\/staging-site\/wp-json\/wp\/v2\/product\/5547","targetHints":{"allow":["GET"]}}],"collection":[{"href":"https:\/\/www.edition-tawhid.com\/staging-site\/wp-json\/wp\/v2\/product"}],"about":[{"href":"https:\/\/www.edition-tawhid.com\/staging-site\/wp-json\/wp\/v2\/types\/product"}],"replies":[{"embeddable":true,"href":"https:\/\/www.edition-tawhid.com\/staging-site\/wp-json\/wp\/v2\/comments?post=5547"}],"wp:featuredmedia":[{"embeddable":true,"href":"https:\/\/www.edition-tawhid.com\/staging-site\/wp-json\/wp\/v2\/media\/13007"}],"wp:attachment":[{"href":"https:\/\/www.edition-tawhid.com\/staging-site\/wp-json\/wp\/v2\/media?parent=5547"}],"wp:term":[{"taxonomy":"product_brand","embeddable":true,"href":"https:\/\/www.edition-tawhid.com\/staging-site\/wp-json\/wp\/v2\/product_brand?post=5547"},{"taxonomy":"product_cat","embeddable":true,"href":"https:\/\/www.edition-tawhid.com\/staging-site\/wp-json\/wp\/v2\/product_cat?post=5547"},{"taxonomy":"product_tag","embeddable":true,"href":"https:\/\/www.edition-tawhid.com\/staging-site\/wp-json\/wp\/v2\/product_tag?post=5547"}],"curies":[{"name":"wp","href":"https:\/\/api.w.org\/{rel}","templated":true}]}}