{"id":5550,"date":"2018-12-17T22:41:55","date_gmt":"2018-12-17T21:41:55","guid":{"rendered":"https:\/\/www.edition-tawhid.com\/staging-site\/?post_type=product&#038;p=5550"},"modified":"2024-11-14T13:20:17","modified_gmt":"2024-11-14T12:20:17","slug":"les-jardins-des-vertueux","status":"publish","type":"product","link":"https:\/\/www.edition-tawhid.com\/staging-site\/produit\/les-jardins-des-vertueux\/","title":{"rendered":"Les jardins des vertueux"},"content":{"rendered":"<p><em>Riy\u00e2d as-s\u00e2lih\u00een<\/em> se passerait bien de pr\u00e9sentation tant sa r\u00e9putation demeure incontest\u00e9e. La composition de l\u2019ouvrage rel\u00e8ve de l\u2019expertise ; l\u2019ordonnancement de ses chapitres est remarquable, la s\u00e9lection des hadiths, savante ; enfin, la classification des th\u00e8mes nous fait voyager des oeuvres du coeur en passant par celles du corps. \u00c0 la simple lecture de la table des mati\u00e8res, c\u2019est comme si l\u2019imam Nawaw\u00ee nous donnait une feuille de route et un mode d\u2019emploi \u00e0 respecter ici-bas afin de parvenir en toute qui\u00e9tude \u00e0 la r\u00e9ussite dans l\u2019au-del\u00e0.<\/p>\n<p>Le traducteur a fourni un effort non n\u00e9gligeable en revenant constamment \u00e0 l\u2019\u00e9tymologie des termes, aux explications et commentaires de nos savants, en particulier ceux des recueils de Bukh\u00e2r\u00ee et Muslim. Le traducteur a puis\u00e9 dans les nombreux commentaires de Riy\u00e2d as-s\u00e2lih\u00een existant en langue arabe. Enfin, quant \u00e0 l\u2019authentification des hadiths (tahq\u00eeq), elle est bas\u00e9e sur celle d\u2019un des grands savants de notre temps en la mati\u00e8re, Shaykh al-Alb\u00e2n\u00ee.<\/p>\n<p><em>Riy\u00e2d as-s\u00e2lih\u00een<\/em> est plus qu\u2019un livre. C\u2019est comme le dit son titre des jardins dans lesquels on vient, au fil des heures, partager des moments uniques avec le Proph\u00e8te. Le premier hadith commence par : \u00ab Les actes ne valent que par leurs intentions [&#8230;]. \u00bb Le dernier hadith de l\u2019ouvrage a pour conclusion : \u00ab [&#8230;] Dieu \u00f4tera alors le voile et rien de ce qui leur a \u00e9t\u00e9 accord\u00e9 ne sera alors plus pr\u00e9cieux que la vision de leur Seigneur. \u00bb L\u2019imam Nawaw\u00ee semble nous dire ainsi par cet ordonnancement particulier que tout commence dans le coeur et que tout finit aupr\u00e8s de Dieu, le Tr\u00e8s-Haut. Entre les deux, il y a une voie \u00e0 suivre. <em>Riy\u00e2d as-s\u00e2lih\u00een<\/em> nous aidera certainement \u00e0 y parvenir.<\/p>\n","protected":false},"excerpt":{"rendered":"<p><em>Riy\u00e2d as-s\u00e2lih\u00een<\/em> est un recueil de Hadiths et c&rsquo;est l&rsquo;ouvrage religieux le plus lu dans le monde musulman apr\u00e8s le Noble Coran. Quant \u00e0 l&rsquo;authentification des hadiths (<em>tahq\u00eeq<\/em>), le traducteur s&rsquo;est bas\u00e9 sur celle d&rsquo;un des grands savants de notre temps en la mati\u00e8re, shaykh N\u00e2sir ad-D\u00een al-Alb\u00e2n\u00ee.<\/p>\n","protected":false},"featured_media":12439,"comment_status":"open","ping_status":"closed","template":"","meta":{"_acf_changed":false},"product_brand":[],"product_cat":[2706],"product_tag":[],"class_list":{"0":"post-5550","1":"product","2":"type-product","3":"status-publish","4":"has-post-thumbnail","6":"product_cat-hadiths","7":"pa_book-author-an-nawawi","9":"first","10":"instock","11":"taxable","12":"shipping-taxable","13":"purchasable","14":"product-type-variable","15":"has-default-attributes","16":"wvs-archive-product-wrapper"},"acf":[],"yoast_head":"<!-- This site is optimized with the Yoast SEO plugin v27.1.1 - https:\/\/yoast.com\/product\/yoast-seo-wordpress\/ -->\n<title>Les jardins des vertueux - \u00c9ditions Tawhid<\/title>\n<meta name=\"robots\" content=\"noindex, follow, max-snippet:-1, max-image-preview:large, max-video-preview:-1\" \/>\n<meta property=\"og:locale\" content=\"fr_FR\" \/>\n<meta property=\"og:type\" content=\"article\" \/>\n<meta property=\"og:title\" content=\"Les jardins des vertueux - \u00c9ditions Tawhid\" \/>\n<meta property=\"og:description\" content=\"Riy\u00e2d as-s\u00e2lih\u00een est un recueil de Hadiths et c&#039;est l&#039;ouvrage religieux le plus lu dans le monde musulman apr\u00e8s le Noble Coran. Quant \u00e0 l&#039;authentification des hadiths (tahq\u00eeq), le traducteur s&#039;est bas\u00e9 sur celle d&#039;un des grands savants de notre temps en la mati\u00e8re, shaykh N\u00e2sir ad-D\u00een al-Alb\u00e2n\u00ee.\" \/>\n<meta property=\"og:url\" content=\"https:\/\/www.edition-tawhid.com\/staging-site\/produit\/les-jardins-des-vertueux\/\" \/>\n<meta property=\"og:site_name\" content=\"\u00c9ditions Tawhid\" \/>\n<meta property=\"article:publisher\" content=\"https:\/\/www.facebook.com\/editiontawhid\/\" \/>\n<meta property=\"article:modified_time\" content=\"2024-11-14T12:20:17+00:00\" \/>\n<meta property=\"og:image\" content=\"https:\/\/www.edition-tawhid.com\/staging-site\/wp-content\/uploads\/2018\/12\/nawawi_vertueux_relie_1_NEW.jpg\" \/>\n\t<meta property=\"og:image:width\" content=\"791\" \/>\n\t<meta property=\"og:image:height\" content=\"1024\" \/>\n\t<meta property=\"og:image:type\" content=\"image\/jpeg\" \/>\n<meta name=\"twitter:card\" content=\"summary_large_image\" \/>\n<meta name=\"twitter:label1\" content=\"Dur\u00e9e de lecture estim\u00e9e\" \/>\n\t<meta name=\"twitter:data1\" content=\"2 minutes\" \/>\n<script type=\"application\/ld+json\" class=\"yoast-schema-graph\">{\"@context\":\"https:\/\/schema.org\",\"@graph\":[{\"@type\":\"WebPage\",\"@id\":\"https:\/\/www.edition-tawhid.com\/staging-site\/produit\/les-jardins-des-vertueux\/\",\"url\":\"https:\/\/www.edition-tawhid.com\/staging-site\/produit\/les-jardins-des-vertueux\/\",\"name\":\"Les jardins des vertueux - \u00c9ditions Tawhid\",\"isPartOf\":{\"@id\":\"https:\/\/www.edition-tawhid.com\/staging-site\/#website\"},\"primaryImageOfPage\":{\"@id\":\"https:\/\/www.edition-tawhid.com\/staging-site\/produit\/les-jardins-des-vertueux\/#primaryimage\"},\"image\":{\"@id\":\"https:\/\/www.edition-tawhid.com\/staging-site\/produit\/les-jardins-des-vertueux\/#primaryimage\"},\"thumbnailUrl\":\"https:\/\/www.edition-tawhid.com\/staging-site\/wp-content\/uploads\/2018\/12\/nawawi_vertueux_relie_1_NEW.jpg\",\"datePublished\":\"2018-12-17T21:41:55+00:00\",\"dateModified\":\"2024-11-14T12:20:17+00:00\",\"breadcrumb\":{\"@id\":\"https:\/\/www.edition-tawhid.com\/staging-site\/produit\/les-jardins-des-vertueux\/#breadcrumb\"},\"inLanguage\":\"fr-FR\",\"potentialAction\":[{\"@type\":\"ReadAction\",\"target\":[\"https:\/\/www.edition-tawhid.com\/staging-site\/produit\/les-jardins-des-vertueux\/\"]}]},{\"@type\":\"ImageObject\",\"inLanguage\":\"fr-FR\",\"@id\":\"https:\/\/www.edition-tawhid.com\/staging-site\/produit\/les-jardins-des-vertueux\/#primaryimage\",\"url\":\"https:\/\/www.edition-tawhid.com\/staging-site\/wp-content\/uploads\/2018\/12\/nawawi_vertueux_relie_1_NEW.jpg\",\"contentUrl\":\"https:\/\/www.edition-tawhid.com\/staging-site\/wp-content\/uploads\/2018\/12\/nawawi_vertueux_relie_1_NEW.jpg\",\"width\":791,\"height\":1024},{\"@type\":\"BreadcrumbList\",\"@id\":\"https:\/\/www.edition-tawhid.com\/staging-site\/produit\/les-jardins-des-vertueux\/#breadcrumb\",\"itemListElement\":[{\"@type\":\"ListItem\",\"position\":1,\"name\":\"Accueil\",\"item\":\"https:\/\/www.edition-tawhid.com\/staging-site\/\"},{\"@type\":\"ListItem\",\"position\":2,\"name\":\"Tous nos livres\",\"item\":\"https:\/\/www.edition-tawhid.com\/staging-site\/tous-nos-livres\/\"},{\"@type\":\"ListItem\",\"position\":3,\"name\":\"Les jardins des vertueux\"}]},{\"@type\":\"WebSite\",\"@id\":\"https:\/\/www.edition-tawhid.com\/staging-site\/#website\",\"url\":\"https:\/\/www.edition-tawhid.com\/staging-site\/\",\"name\":\"\u00c9ditions Tawhid\",\"description\":\"Le sp\u00e9cialiste du livre islamique francophone\",\"publisher\":{\"@id\":\"https:\/\/www.edition-tawhid.com\/staging-site\/#organization\"},\"potentialAction\":[{\"@type\":\"SearchAction\",\"target\":{\"@type\":\"EntryPoint\",\"urlTemplate\":\"https:\/\/www.edition-tawhid.com\/staging-site\/?s={search_term_string}\"},\"query-input\":{\"@type\":\"PropertyValueSpecification\",\"valueRequired\":true,\"valueName\":\"search_term_string\"}}],\"inLanguage\":\"fr-FR\"},{\"@type\":\"Organization\",\"@id\":\"https:\/\/www.edition-tawhid.com\/staging-site\/#organization\",\"name\":\"Editions Tawhid\",\"url\":\"https:\/\/www.edition-tawhid.com\/staging-site\/\",\"logo\":{\"@type\":\"ImageObject\",\"inLanguage\":\"fr-FR\",\"@id\":\"https:\/\/www.edition-tawhid.com\/staging-site\/#\/schema\/logo\/image\/\",\"url\":\"https:\/\/www.edition-tawhid.com\/staging-site\/wp-content\/uploads\/2018\/12\/logo_noir_v1-01.png\",\"contentUrl\":\"https:\/\/www.edition-tawhid.com\/staging-site\/wp-content\/uploads\/2018\/12\/logo_noir_v1-01.png\",\"width\":80,\"height\":112,\"caption\":\"Editions Tawhid\"},\"image\":{\"@id\":\"https:\/\/www.edition-tawhid.com\/staging-site\/#\/schema\/logo\/image\/\"},\"sameAs\":[\"https:\/\/www.facebook.com\/editiontawhid\/\"]}]}<\/script>\n<!-- \/ Yoast SEO plugin. -->","yoast_head_json":{"title":"Les jardins des vertueux - \u00c9ditions Tawhid","robots":{"index":"noindex","follow":"follow","max-snippet":"max-snippet:-1","max-image-preview":"max-image-preview:large","max-video-preview":"max-video-preview:-1"},"og_locale":"fr_FR","og_type":"article","og_title":"Les jardins des vertueux - \u00c9ditions Tawhid","og_description":"Riy\u00e2d as-s\u00e2lih\u00een est un recueil de Hadiths et c'est l'ouvrage religieux le plus lu dans le monde musulman apr\u00e8s le Noble Coran. Quant \u00e0 l'authentification des hadiths (tahq\u00eeq), le traducteur s'est bas\u00e9 sur celle d'un des grands savants de notre temps en la mati\u00e8re, shaykh N\u00e2sir ad-D\u00een al-Alb\u00e2n\u00ee.","og_url":"https:\/\/www.edition-tawhid.com\/staging-site\/produit\/les-jardins-des-vertueux\/","og_site_name":"\u00c9ditions Tawhid","article_publisher":"https:\/\/www.facebook.com\/editiontawhid\/","article_modified_time":"2024-11-14T12:20:17+00:00","og_image":[{"width":791,"height":1024,"url":"https:\/\/www.edition-tawhid.com\/staging-site\/wp-content\/uploads\/2018\/12\/nawawi_vertueux_relie_1_NEW.jpg","type":"image\/jpeg"}],"twitter_card":"summary_large_image","twitter_misc":{"Dur\u00e9e de lecture estim\u00e9e":"2 minutes"},"schema":{"@context":"https:\/\/schema.org","@graph":[{"@type":"WebPage","@id":"https:\/\/www.edition-tawhid.com\/staging-site\/produit\/les-jardins-des-vertueux\/","url":"https:\/\/www.edition-tawhid.com\/staging-site\/produit\/les-jardins-des-vertueux\/","name":"Les jardins des vertueux - \u00c9ditions Tawhid","isPartOf":{"@id":"https:\/\/www.edition-tawhid.com\/staging-site\/#website"},"primaryImageOfPage":{"@id":"https:\/\/www.edition-tawhid.com\/staging-site\/produit\/les-jardins-des-vertueux\/#primaryimage"},"image":{"@id":"https:\/\/www.edition-tawhid.com\/staging-site\/produit\/les-jardins-des-vertueux\/#primaryimage"},"thumbnailUrl":"https:\/\/www.edition-tawhid.com\/staging-site\/wp-content\/uploads\/2018\/12\/nawawi_vertueux_relie_1_NEW.jpg","datePublished":"2018-12-17T21:41:55+00:00","dateModified":"2024-11-14T12:20:17+00:00","breadcrumb":{"@id":"https:\/\/www.edition-tawhid.com\/staging-site\/produit\/les-jardins-des-vertueux\/#breadcrumb"},"inLanguage":"fr-FR","potentialAction":[{"@type":"ReadAction","target":["https:\/\/www.edition-tawhid.com\/staging-site\/produit\/les-jardins-des-vertueux\/"]}]},{"@type":"ImageObject","inLanguage":"fr-FR","@id":"https:\/\/www.edition-tawhid.com\/staging-site\/produit\/les-jardins-des-vertueux\/#primaryimage","url":"https:\/\/www.edition-tawhid.com\/staging-site\/wp-content\/uploads\/2018\/12\/nawawi_vertueux_relie_1_NEW.jpg","contentUrl":"https:\/\/www.edition-tawhid.com\/staging-site\/wp-content\/uploads\/2018\/12\/nawawi_vertueux_relie_1_NEW.jpg","width":791,"height":1024},{"@type":"BreadcrumbList","@id":"https:\/\/www.edition-tawhid.com\/staging-site\/produit\/les-jardins-des-vertueux\/#breadcrumb","itemListElement":[{"@type":"ListItem","position":1,"name":"Accueil","item":"https:\/\/www.edition-tawhid.com\/staging-site\/"},{"@type":"ListItem","position":2,"name":"Tous nos livres","item":"https:\/\/www.edition-tawhid.com\/staging-site\/tous-nos-livres\/"},{"@type":"ListItem","position":3,"name":"Les jardins des vertueux"}]},{"@type":"WebSite","@id":"https:\/\/www.edition-tawhid.com\/staging-site\/#website","url":"https:\/\/www.edition-tawhid.com\/staging-site\/","name":"\u00c9ditions Tawhid","description":"Le sp\u00e9cialiste du livre islamique francophone","publisher":{"@id":"https:\/\/www.edition-tawhid.com\/staging-site\/#organization"},"potentialAction":[{"@type":"SearchAction","target":{"@type":"EntryPoint","urlTemplate":"https:\/\/www.edition-tawhid.com\/staging-site\/?s={search_term_string}"},"query-input":{"@type":"PropertyValueSpecification","valueRequired":true,"valueName":"search_term_string"}}],"inLanguage":"fr-FR"},{"@type":"Organization","@id":"https:\/\/www.edition-tawhid.com\/staging-site\/#organization","name":"Editions Tawhid","url":"https:\/\/www.edition-tawhid.com\/staging-site\/","logo":{"@type":"ImageObject","inLanguage":"fr-FR","@id":"https:\/\/www.edition-tawhid.com\/staging-site\/#\/schema\/logo\/image\/","url":"https:\/\/www.edition-tawhid.com\/staging-site\/wp-content\/uploads\/2018\/12\/logo_noir_v1-01.png","contentUrl":"https:\/\/www.edition-tawhid.com\/staging-site\/wp-content\/uploads\/2018\/12\/logo_noir_v1-01.png","width":80,"height":112,"caption":"Editions Tawhid"},"image":{"@id":"https:\/\/www.edition-tawhid.com\/staging-site\/#\/schema\/logo\/image\/"},"sameAs":["https:\/\/www.facebook.com\/editiontawhid\/"]}]}},"_links":{"self":[{"href":"https:\/\/www.edition-tawhid.com\/staging-site\/wp-json\/wp\/v2\/product\/5550","targetHints":{"allow":["GET"]}}],"collection":[{"href":"https:\/\/www.edition-tawhid.com\/staging-site\/wp-json\/wp\/v2\/product"}],"about":[{"href":"https:\/\/www.edition-tawhid.com\/staging-site\/wp-json\/wp\/v2\/types\/product"}],"replies":[{"embeddable":true,"href":"https:\/\/www.edition-tawhid.com\/staging-site\/wp-json\/wp\/v2\/comments?post=5550"}],"wp:featuredmedia":[{"embeddable":true,"href":"https:\/\/www.edition-tawhid.com\/staging-site\/wp-json\/wp\/v2\/media\/12439"}],"wp:attachment":[{"href":"https:\/\/www.edition-tawhid.com\/staging-site\/wp-json\/wp\/v2\/media?parent=5550"}],"wp:term":[{"taxonomy":"product_brand","embeddable":true,"href":"https:\/\/www.edition-tawhid.com\/staging-site\/wp-json\/wp\/v2\/product_brand?post=5550"},{"taxonomy":"product_cat","embeddable":true,"href":"https:\/\/www.edition-tawhid.com\/staging-site\/wp-json\/wp\/v2\/product_cat?post=5550"},{"taxonomy":"product_tag","embeddable":true,"href":"https:\/\/www.edition-tawhid.com\/staging-site\/wp-json\/wp\/v2\/product_tag?post=5550"}],"curies":[{"name":"wp","href":"https:\/\/api.w.org\/{rel}","templated":true}]}}