{"id":560,"date":"2004-03-20T00:52:50","date_gmt":"2004-03-19T23:52:50","guid":{"rendered":"https:\/\/www.edition-tawhid.com\/staging-site\/produit\/compagnons-du-prophete-les\/"},"modified":"2022-02-16T17:59:51","modified_gmt":"2022-02-16T16:59:51","slug":"les-compagnons-du-prophete-tome-1","status":"publish","type":"product","link":"https:\/\/www.edition-tawhid.com\/staging-site\/produit\/les-compagnons-du-prophete-tome-1\/","title":{"rendered":"Les Compagnons du Proph\u00e8te (Tome 1)"},"content":{"rendered":"<p>Chaque Envoy\u00e9 de Dieu a eu son cercle de disciples qui l\u2019a soutenu et affermi dans sa mission en ce bas-monde. Ces croyants de la premi\u00e8re heure sont ceux aussi qui ont eu le m\u00e9rite de garder et de pr\u00e9server les enseignements transmis par les proph\u00e8tes de Dieu aux g\u00e9n\u00e9rations futures. Si le juda\u00efsme a eu ses \u00ab juges \u00bb et si le christianisme a eu ses \u00ab ap\u00f4tres \u00bb, l\u2019islam a eu aussi ses \u00ab compagnons \u00bb (as-s\u00e2h\u00e2ba), les proches disciples du Proph\u00e8te qui l\u2019ont soutenu dans son apostolat et qui ont propag\u00e9, apr\u00e8s sa mort, son message.<\/p>\n<p>C\u2019est gr\u00e2ce \u00e0 eux que les enseignements de l\u2019islam nous sont parvenus intacts. Par leur d\u00e9vouement et leur fid\u00e9lit\u00e9 \u00e0 la voie du Proph\u00e8te, ils ont pu nous transmettre les dires et les actes de ce qui constitue aujourd\u2019hui, la Sunna de l\u2019Envoy\u00e9 de Dieu, deuxi\u00e8me fondement de l\u2019islam apr\u00e8s le Coran qui les a d\u00e9crits ainsi : \u00ab Parmi les croyants se trouvent des hommes qui ont tenu loyalement leurs engagements vis-\u00e0-vis de Dieu. Il en est parmi eux qui ont atteint leur fin in\u00e9luctable et d\u2019autres qui attendent encore. Ils n\u2019ont apport\u00e9 aucun changement (\u00e0 leurs premiers engagements). \u00bb Coran 33\/23<\/p>\n","protected":false},"excerpt":{"rendered":"<p>Cet ouvrage relate la vie de 77 des plus c\u00e9l\u00e8bres compagnons du Proph\u00e8te de l&rsquo;Islam. Ouvrage remarquable qui nous fait d\u00e9couvrir tous les moments heureux et difficiles qu&rsquo;ils v\u00e9curent en compagnie du Proph\u00e8te (conversion, spiritualit\u00e9, batailles). Toutes ces histoires de ces hommes admirables sont encore riches d&rsquo;enseignements pour nous tous. Ouvrage reli\u00e9, couverture cartonn\u00e9e.<\/p>\n","protected":false},"featured_media":12846,"comment_status":"open","ping_status":"closed","template":"","meta":{"_acf_changed":false},"product_brand":[],"product_cat":[2579],"product_tag":[],"class_list":{"0":"post-560","1":"product","2":"type-product","3":"status-publish","4":"has-post-thumbnail","6":"product_cat-biographies","7":"pa_book-author-abou-oussama","9":"first","10":"instock","11":"taxable","12":"shipping-taxable","13":"purchasable","14":"product-type-simple"},"acf":[],"yoast_head":"<!-- This site is optimized with the Yoast SEO plugin v27.1.1 - https:\/\/yoast.com\/product\/yoast-seo-wordpress\/ -->\n<title>Les Compagnons du Proph\u00e8te (Tome 1) - \u00c9ditions Tawhid<\/title>\n<meta name=\"robots\" content=\"noindex, follow, max-snippet:-1, max-image-preview:large, max-video-preview:-1\" \/>\n<meta property=\"og:locale\" content=\"fr_FR\" \/>\n<meta property=\"og:type\" content=\"article\" \/>\n<meta property=\"og:title\" content=\"Les Compagnons du Proph\u00e8te (Tome 1) - \u00c9ditions Tawhid\" \/>\n<meta property=\"og:description\" content=\"Cet ouvrage relate la vie de 77 des plus c\u00e9l\u00e8bres compagnons du Proph\u00e8te de l&#039;Islam. Ouvrage remarquable qui nous fait d\u00e9couvrir tous les moments heureux et difficiles qu&#039;ils v\u00e9curent en compagnie du Proph\u00e8te (conversion, spiritualit\u00e9, batailles). Toutes ces histoires de ces hommes admirables sont encore riches d&#039;enseignements pour nous tous. Ouvrage reli\u00e9, couverture cartonn\u00e9e.\" \/>\n<meta property=\"og:url\" content=\"https:\/\/www.edition-tawhid.com\/staging-site\/produit\/les-compagnons-du-prophete-tome-1\/\" \/>\n<meta property=\"og:site_name\" content=\"\u00c9ditions Tawhid\" \/>\n<meta property=\"article:publisher\" content=\"https:\/\/www.facebook.com\/editiontawhid\/\" \/>\n<meta property=\"article:modified_time\" content=\"2022-02-16T16:59:51+00:00\" \/>\n<meta property=\"og:image\" content=\"https:\/\/www.edition-tawhid.com\/staging-site\/wp-content\/uploads\/2004\/03\/messaoud_compagnons_1_NEW.jpg\" \/>\n\t<meta property=\"og:image:width\" content=\"791\" \/>\n\t<meta property=\"og:image:height\" content=\"1024\" \/>\n\t<meta property=\"og:image:type\" content=\"image\/jpeg\" \/>\n<meta name=\"twitter:card\" content=\"summary_large_image\" \/>\n<meta name=\"twitter:label1\" content=\"Dur\u00e9e de lecture estim\u00e9e\" \/>\n\t<meta name=\"twitter:data1\" content=\"1 minute\" \/>\n<script type=\"application\/ld+json\" class=\"yoast-schema-graph\">{\"@context\":\"https:\/\/schema.org\",\"@graph\":[{\"@type\":\"WebPage\",\"@id\":\"https:\/\/www.edition-tawhid.com\/staging-site\/produit\/les-compagnons-du-prophete-tome-1\/\",\"url\":\"https:\/\/www.edition-tawhid.com\/staging-site\/produit\/les-compagnons-du-prophete-tome-1\/\",\"name\":\"Les Compagnons du Proph\u00e8te (Tome 1) - \u00c9ditions Tawhid\",\"isPartOf\":{\"@id\":\"https:\/\/www.edition-tawhid.com\/staging-site\/#website\"},\"primaryImageOfPage\":{\"@id\":\"https:\/\/www.edition-tawhid.com\/staging-site\/produit\/les-compagnons-du-prophete-tome-1\/#primaryimage\"},\"image\":{\"@id\":\"https:\/\/www.edition-tawhid.com\/staging-site\/produit\/les-compagnons-du-prophete-tome-1\/#primaryimage\"},\"thumbnailUrl\":\"https:\/\/www.edition-tawhid.com\/staging-site\/wp-content\/uploads\/2004\/03\/messaoud_compagnons_1_NEW.jpg\",\"datePublished\":\"2004-03-19T23:52:50+00:00\",\"dateModified\":\"2022-02-16T16:59:51+00:00\",\"breadcrumb\":{\"@id\":\"https:\/\/www.edition-tawhid.com\/staging-site\/produit\/les-compagnons-du-prophete-tome-1\/#breadcrumb\"},\"inLanguage\":\"fr-FR\",\"potentialAction\":[{\"@type\":\"ReadAction\",\"target\":[\"https:\/\/www.edition-tawhid.com\/staging-site\/produit\/les-compagnons-du-prophete-tome-1\/\"]}]},{\"@type\":\"ImageObject\",\"inLanguage\":\"fr-FR\",\"@id\":\"https:\/\/www.edition-tawhid.com\/staging-site\/produit\/les-compagnons-du-prophete-tome-1\/#primaryimage\",\"url\":\"https:\/\/www.edition-tawhid.com\/staging-site\/wp-content\/uploads\/2004\/03\/messaoud_compagnons_1_NEW.jpg\",\"contentUrl\":\"https:\/\/www.edition-tawhid.com\/staging-site\/wp-content\/uploads\/2004\/03\/messaoud_compagnons_1_NEW.jpg\",\"width\":791,\"height\":1024},{\"@type\":\"BreadcrumbList\",\"@id\":\"https:\/\/www.edition-tawhid.com\/staging-site\/produit\/les-compagnons-du-prophete-tome-1\/#breadcrumb\",\"itemListElement\":[{\"@type\":\"ListItem\",\"position\":1,\"name\":\"Accueil\",\"item\":\"https:\/\/www.edition-tawhid.com\/staging-site\/\"},{\"@type\":\"ListItem\",\"position\":2,\"name\":\"Tous nos livres\",\"item\":\"https:\/\/www.edition-tawhid.com\/staging-site\/tous-nos-livres\/\"},{\"@type\":\"ListItem\",\"position\":3,\"name\":\"Les Compagnons du Proph\u00e8te (Tome 1)\"}]},{\"@type\":\"WebSite\",\"@id\":\"https:\/\/www.edition-tawhid.com\/staging-site\/#website\",\"url\":\"https:\/\/www.edition-tawhid.com\/staging-site\/\",\"name\":\"\u00c9ditions Tawhid\",\"description\":\"Le sp\u00e9cialiste du livre islamique francophone\",\"publisher\":{\"@id\":\"https:\/\/www.edition-tawhid.com\/staging-site\/#organization\"},\"potentialAction\":[{\"@type\":\"SearchAction\",\"target\":{\"@type\":\"EntryPoint\",\"urlTemplate\":\"https:\/\/www.edition-tawhid.com\/staging-site\/?s={search_term_string}\"},\"query-input\":{\"@type\":\"PropertyValueSpecification\",\"valueRequired\":true,\"valueName\":\"search_term_string\"}}],\"inLanguage\":\"fr-FR\"},{\"@type\":\"Organization\",\"@id\":\"https:\/\/www.edition-tawhid.com\/staging-site\/#organization\",\"name\":\"Editions Tawhid\",\"url\":\"https:\/\/www.edition-tawhid.com\/staging-site\/\",\"logo\":{\"@type\":\"ImageObject\",\"inLanguage\":\"fr-FR\",\"@id\":\"https:\/\/www.edition-tawhid.com\/staging-site\/#\/schema\/logo\/image\/\",\"url\":\"https:\/\/www.edition-tawhid.com\/staging-site\/wp-content\/uploads\/2018\/12\/logo_noir_v1-01.png\",\"contentUrl\":\"https:\/\/www.edition-tawhid.com\/staging-site\/wp-content\/uploads\/2018\/12\/logo_noir_v1-01.png\",\"width\":80,\"height\":112,\"caption\":\"Editions Tawhid\"},\"image\":{\"@id\":\"https:\/\/www.edition-tawhid.com\/staging-site\/#\/schema\/logo\/image\/\"},\"sameAs\":[\"https:\/\/www.facebook.com\/editiontawhid\/\"]}]}<\/script>\n<!-- \/ Yoast SEO plugin. -->","yoast_head_json":{"title":"Les Compagnons du Proph\u00e8te (Tome 1) - \u00c9ditions Tawhid","robots":{"index":"noindex","follow":"follow","max-snippet":"max-snippet:-1","max-image-preview":"max-image-preview:large","max-video-preview":"max-video-preview:-1"},"og_locale":"fr_FR","og_type":"article","og_title":"Les Compagnons du Proph\u00e8te (Tome 1) - \u00c9ditions Tawhid","og_description":"Cet ouvrage relate la vie de 77 des plus c\u00e9l\u00e8bres compagnons du Proph\u00e8te de l'Islam. Ouvrage remarquable qui nous fait d\u00e9couvrir tous les moments heureux et difficiles qu'ils v\u00e9curent en compagnie du Proph\u00e8te (conversion, spiritualit\u00e9, batailles). Toutes ces histoires de ces hommes admirables sont encore riches d'enseignements pour nous tous. Ouvrage reli\u00e9, couverture cartonn\u00e9e.","og_url":"https:\/\/www.edition-tawhid.com\/staging-site\/produit\/les-compagnons-du-prophete-tome-1\/","og_site_name":"\u00c9ditions Tawhid","article_publisher":"https:\/\/www.facebook.com\/editiontawhid\/","article_modified_time":"2022-02-16T16:59:51+00:00","og_image":[{"width":791,"height":1024,"url":"https:\/\/www.edition-tawhid.com\/staging-site\/wp-content\/uploads\/2004\/03\/messaoud_compagnons_1_NEW.jpg","type":"image\/jpeg"}],"twitter_card":"summary_large_image","twitter_misc":{"Dur\u00e9e de lecture estim\u00e9e":"1 minute"},"schema":{"@context":"https:\/\/schema.org","@graph":[{"@type":"WebPage","@id":"https:\/\/www.edition-tawhid.com\/staging-site\/produit\/les-compagnons-du-prophete-tome-1\/","url":"https:\/\/www.edition-tawhid.com\/staging-site\/produit\/les-compagnons-du-prophete-tome-1\/","name":"Les Compagnons du Proph\u00e8te (Tome 1) - \u00c9ditions Tawhid","isPartOf":{"@id":"https:\/\/www.edition-tawhid.com\/staging-site\/#website"},"primaryImageOfPage":{"@id":"https:\/\/www.edition-tawhid.com\/staging-site\/produit\/les-compagnons-du-prophete-tome-1\/#primaryimage"},"image":{"@id":"https:\/\/www.edition-tawhid.com\/staging-site\/produit\/les-compagnons-du-prophete-tome-1\/#primaryimage"},"thumbnailUrl":"https:\/\/www.edition-tawhid.com\/staging-site\/wp-content\/uploads\/2004\/03\/messaoud_compagnons_1_NEW.jpg","datePublished":"2004-03-19T23:52:50+00:00","dateModified":"2022-02-16T16:59:51+00:00","breadcrumb":{"@id":"https:\/\/www.edition-tawhid.com\/staging-site\/produit\/les-compagnons-du-prophete-tome-1\/#breadcrumb"},"inLanguage":"fr-FR","potentialAction":[{"@type":"ReadAction","target":["https:\/\/www.edition-tawhid.com\/staging-site\/produit\/les-compagnons-du-prophete-tome-1\/"]}]},{"@type":"ImageObject","inLanguage":"fr-FR","@id":"https:\/\/www.edition-tawhid.com\/staging-site\/produit\/les-compagnons-du-prophete-tome-1\/#primaryimage","url":"https:\/\/www.edition-tawhid.com\/staging-site\/wp-content\/uploads\/2004\/03\/messaoud_compagnons_1_NEW.jpg","contentUrl":"https:\/\/www.edition-tawhid.com\/staging-site\/wp-content\/uploads\/2004\/03\/messaoud_compagnons_1_NEW.jpg","width":791,"height":1024},{"@type":"BreadcrumbList","@id":"https:\/\/www.edition-tawhid.com\/staging-site\/produit\/les-compagnons-du-prophete-tome-1\/#breadcrumb","itemListElement":[{"@type":"ListItem","position":1,"name":"Accueil","item":"https:\/\/www.edition-tawhid.com\/staging-site\/"},{"@type":"ListItem","position":2,"name":"Tous nos livres","item":"https:\/\/www.edition-tawhid.com\/staging-site\/tous-nos-livres\/"},{"@type":"ListItem","position":3,"name":"Les Compagnons du Proph\u00e8te (Tome 1)"}]},{"@type":"WebSite","@id":"https:\/\/www.edition-tawhid.com\/staging-site\/#website","url":"https:\/\/www.edition-tawhid.com\/staging-site\/","name":"\u00c9ditions Tawhid","description":"Le sp\u00e9cialiste du livre islamique francophone","publisher":{"@id":"https:\/\/www.edition-tawhid.com\/staging-site\/#organization"},"potentialAction":[{"@type":"SearchAction","target":{"@type":"EntryPoint","urlTemplate":"https:\/\/www.edition-tawhid.com\/staging-site\/?s={search_term_string}"},"query-input":{"@type":"PropertyValueSpecification","valueRequired":true,"valueName":"search_term_string"}}],"inLanguage":"fr-FR"},{"@type":"Organization","@id":"https:\/\/www.edition-tawhid.com\/staging-site\/#organization","name":"Editions Tawhid","url":"https:\/\/www.edition-tawhid.com\/staging-site\/","logo":{"@type":"ImageObject","inLanguage":"fr-FR","@id":"https:\/\/www.edition-tawhid.com\/staging-site\/#\/schema\/logo\/image\/","url":"https:\/\/www.edition-tawhid.com\/staging-site\/wp-content\/uploads\/2018\/12\/logo_noir_v1-01.png","contentUrl":"https:\/\/www.edition-tawhid.com\/staging-site\/wp-content\/uploads\/2018\/12\/logo_noir_v1-01.png","width":80,"height":112,"caption":"Editions Tawhid"},"image":{"@id":"https:\/\/www.edition-tawhid.com\/staging-site\/#\/schema\/logo\/image\/"},"sameAs":["https:\/\/www.facebook.com\/editiontawhid\/"]}]}},"_links":{"self":[{"href":"https:\/\/www.edition-tawhid.com\/staging-site\/wp-json\/wp\/v2\/product\/560","targetHints":{"allow":["GET"]}}],"collection":[{"href":"https:\/\/www.edition-tawhid.com\/staging-site\/wp-json\/wp\/v2\/product"}],"about":[{"href":"https:\/\/www.edition-tawhid.com\/staging-site\/wp-json\/wp\/v2\/types\/product"}],"replies":[{"embeddable":true,"href":"https:\/\/www.edition-tawhid.com\/staging-site\/wp-json\/wp\/v2\/comments?post=560"}],"wp:featuredmedia":[{"embeddable":true,"href":"https:\/\/www.edition-tawhid.com\/staging-site\/wp-json\/wp\/v2\/media\/12846"}],"wp:attachment":[{"href":"https:\/\/www.edition-tawhid.com\/staging-site\/wp-json\/wp\/v2\/media?parent=560"}],"wp:term":[{"taxonomy":"product_brand","embeddable":true,"href":"https:\/\/www.edition-tawhid.com\/staging-site\/wp-json\/wp\/v2\/product_brand?post=560"},{"taxonomy":"product_cat","embeddable":true,"href":"https:\/\/www.edition-tawhid.com\/staging-site\/wp-json\/wp\/v2\/product_cat?post=560"},{"taxonomy":"product_tag","embeddable":true,"href":"https:\/\/www.edition-tawhid.com\/staging-site\/wp-json\/wp\/v2\/product_tag?post=560"}],"curies":[{"name":"wp","href":"https:\/\/api.w.org\/{rel}","templated":true}]}}