{"id":601,"date":"2011-03-20T00:52:50","date_gmt":"2011-03-19T23:52:50","guid":{"rendered":"https:\/\/www.edition-tawhid.com\/staging-site\/produit\/aspects-du-monotheisme-musulman\/"},"modified":"2024-05-28T22:57:25","modified_gmt":"2024-05-28T20:57:25","slug":"le-tawhid-le-monotheisme-musulman","status":"publish","type":"product","link":"https:\/\/www.edition-tawhid.com\/staging-site\/produit\/le-tawhid-le-monotheisme-musulman\/","title":{"rendered":"Le Tawhid (Le monoth\u00e9isme musulman)"},"content":{"rendered":"<p>Le monoth\u00e9isme compris dans la profession de foi musulmane est un principe lib\u00e9rateur de la raison. D\u2019abord parce qu\u2019il situe le divin au-del\u00e0 des repr\u00e9sentations et des conceptions humaines, et donc porte atteinte \u00e0 toutes les formes de f\u00e9tichismes et de superstitions. Il interdit d\u2019accorder un pouvoir r\u00e9el aux \u00eatres et aux choses, d\u00e9cr\u00e9tant que rien n\u2019arrive sans la volont\u00e9 du Cr\u00e9ateur. Il rend enfin l\u2019homme ma\u00eetre des biens que Dieu a mis entre ses mains.<\/p>\n<p>Ensuite, par la vigueur de son dynamisme : en affirmant qu\u2019il n\u2019y a pas de dieu&#8230;, il appelle l\u2019homme \u00e0 se soulever contre l\u2019oppression et l\u2019injustice, \u00e0 briser les cha\u00eenes de l\u2019ignorance et de l\u2019exploitation. Il lui dit de refuser de se prosterner devant son semblable. Il lui rend sa dignit\u00e9. Et cela pr\u00e9cis\u00e9ment parce qu\u2019il ajoute : &#8230;sinon Dieu. L\u2019homme est ainsi libre dans l\u2019exacte mesure o\u00f9 il se soumet \u00e0 Dieu Seul. Et sa libert\u00e9 est proportionnelle au degr\u00e9 de sa soumission.<\/p>\n<p>La premi\u00e8re partie de la <em>shah\u00e2da<\/em>, c\u2019est-\u00e0-dire du t\u00e9moignage de foi musulman, est \u00ab <em>l\u00e2 il\u00e2ha<\/em> \u00bb, point de dieu. N\u00e9gation que la raison comprend. Chaque fois que notre imagination ou nos sens fixent une image qui voudrait signifier le divin, la raison inlassablement dit \u00ab non \u00bb, et renverse l\u2019idole. Ce \u00ab non \u00bb cat\u00e9gorique est un refus de tous les dieux. Il s\u2019inscrit dans tous les domaines de la vie : il renverse les fausses id\u00e9ologies et le culte des personnes. Il d\u00e9nonce la pr\u00e9tention des rois et des dictateurs, il transgresse les lois fallacieuses par lesquelles l\u2019homme asservit l\u2019homme. Il accuse les pratiques usuraires et l\u2019exploitation des pays pauvres, il s\u2019attaque sans merci au culte de l\u2019or.<\/p>\n<p>Bref, \u00e0 tout \u00eatre qui pr\u00e9tend s\u2019affubler du manteau de la divinit\u00e9, \u00e0 toute manifestation qui prend l\u2019allure d\u2019un rituel, il oppose une condamnation qui est sans appel.<\/p>\n","protected":false},"excerpt":{"rendered":"<p>Le monoth\u00e9isme compris dans la profession de foi musulmane est un principe lib\u00e9rateur de la raison.<\/p>\n","protected":false},"featured_media":12841,"comment_status":"open","ping_status":"closed","template":"","meta":{"_acf_changed":false},"product_brand":[],"product_cat":[2466],"product_tag":[],"class_list":{"0":"post-601","1":"product","2":"type-product","3":"status-publish","4":"has-post-thumbnail","6":"product_cat-initiation","7":"pa_book-author-hani-ramadan","9":"first","10":"instock","11":"taxable","12":"shipping-taxable","13":"purchasable","14":"product-type-simple"},"acf":[],"yoast_head":"<!-- This site is optimized with the Yoast SEO plugin v27.1.1 - https:\/\/yoast.com\/product\/yoast-seo-wordpress\/ -->\n<title>Le Tawhid (Le monoth\u00e9isme musulman) - \u00c9ditions Tawhid<\/title>\n<meta name=\"robots\" content=\"noindex, follow, max-snippet:-1, max-image-preview:large, max-video-preview:-1\" \/>\n<meta property=\"og:locale\" content=\"fr_FR\" \/>\n<meta property=\"og:type\" content=\"article\" \/>\n<meta property=\"og:title\" content=\"Le Tawhid (Le monoth\u00e9isme musulman) - \u00c9ditions Tawhid\" \/>\n<meta property=\"og:description\" content=\"Le monoth\u00e9isme compris dans la profession de foi musulmane est un principe lib\u00e9rateur de la raison.\" \/>\n<meta property=\"og:url\" content=\"https:\/\/www.edition-tawhid.com\/staging-site\/produit\/le-tawhid-le-monotheisme-musulman\/\" \/>\n<meta property=\"og:site_name\" content=\"\u00c9ditions Tawhid\" \/>\n<meta property=\"article:publisher\" content=\"https:\/\/www.facebook.com\/editiontawhid\/\" \/>\n<meta property=\"article:modified_time\" content=\"2024-05-28T20:57:25+00:00\" \/>\n<meta property=\"og:image\" content=\"https:\/\/www.edition-tawhid.com\/staging-site\/wp-content\/uploads\/2011\/03\/hani_tawhid_1_NEW.jpg\" \/>\n\t<meta property=\"og:image:width\" content=\"791\" \/>\n\t<meta property=\"og:image:height\" content=\"1024\" \/>\n\t<meta property=\"og:image:type\" content=\"image\/jpeg\" \/>\n<meta name=\"twitter:card\" content=\"summary_large_image\" \/>\n<meta name=\"twitter:label1\" content=\"Dur\u00e9e de lecture estim\u00e9e\" \/>\n\t<meta name=\"twitter:data1\" content=\"2 minutes\" \/>\n<script type=\"application\/ld+json\" class=\"yoast-schema-graph\">{\"@context\":\"https:\/\/schema.org\",\"@graph\":[{\"@type\":\"WebPage\",\"@id\":\"https:\/\/www.edition-tawhid.com\/staging-site\/produit\/le-tawhid-le-monotheisme-musulman\/\",\"url\":\"https:\/\/www.edition-tawhid.com\/staging-site\/produit\/le-tawhid-le-monotheisme-musulman\/\",\"name\":\"Le Tawhid (Le monoth\u00e9isme musulman) - \u00c9ditions Tawhid\",\"isPartOf\":{\"@id\":\"https:\/\/www.edition-tawhid.com\/staging-site\/#website\"},\"primaryImageOfPage\":{\"@id\":\"https:\/\/www.edition-tawhid.com\/staging-site\/produit\/le-tawhid-le-monotheisme-musulman\/#primaryimage\"},\"image\":{\"@id\":\"https:\/\/www.edition-tawhid.com\/staging-site\/produit\/le-tawhid-le-monotheisme-musulman\/#primaryimage\"},\"thumbnailUrl\":\"https:\/\/www.edition-tawhid.com\/staging-site\/wp-content\/uploads\/2011\/03\/hani_tawhid_1_NEW.jpg\",\"datePublished\":\"2011-03-19T23:52:50+00:00\",\"dateModified\":\"2024-05-28T20:57:25+00:00\",\"breadcrumb\":{\"@id\":\"https:\/\/www.edition-tawhid.com\/staging-site\/produit\/le-tawhid-le-monotheisme-musulman\/#breadcrumb\"},\"inLanguage\":\"fr-FR\",\"potentialAction\":[{\"@type\":\"ReadAction\",\"target\":[\"https:\/\/www.edition-tawhid.com\/staging-site\/produit\/le-tawhid-le-monotheisme-musulman\/\"]}]},{\"@type\":\"ImageObject\",\"inLanguage\":\"fr-FR\",\"@id\":\"https:\/\/www.edition-tawhid.com\/staging-site\/produit\/le-tawhid-le-monotheisme-musulman\/#primaryimage\",\"url\":\"https:\/\/www.edition-tawhid.com\/staging-site\/wp-content\/uploads\/2011\/03\/hani_tawhid_1_NEW.jpg\",\"contentUrl\":\"https:\/\/www.edition-tawhid.com\/staging-site\/wp-content\/uploads\/2011\/03\/hani_tawhid_1_NEW.jpg\",\"width\":791,\"height\":1024},{\"@type\":\"BreadcrumbList\",\"@id\":\"https:\/\/www.edition-tawhid.com\/staging-site\/produit\/le-tawhid-le-monotheisme-musulman\/#breadcrumb\",\"itemListElement\":[{\"@type\":\"ListItem\",\"position\":1,\"name\":\"Accueil\",\"item\":\"https:\/\/www.edition-tawhid.com\/staging-site\/\"},{\"@type\":\"ListItem\",\"position\":2,\"name\":\"Tous nos livres\",\"item\":\"https:\/\/www.edition-tawhid.com\/staging-site\/tous-nos-livres\/\"},{\"@type\":\"ListItem\",\"position\":3,\"name\":\"Le Tawhid (Le monoth\u00e9isme musulman)\"}]},{\"@type\":\"WebSite\",\"@id\":\"https:\/\/www.edition-tawhid.com\/staging-site\/#website\",\"url\":\"https:\/\/www.edition-tawhid.com\/staging-site\/\",\"name\":\"\u00c9ditions Tawhid\",\"description\":\"Le sp\u00e9cialiste du livre islamique francophone\",\"publisher\":{\"@id\":\"https:\/\/www.edition-tawhid.com\/staging-site\/#organization\"},\"potentialAction\":[{\"@type\":\"SearchAction\",\"target\":{\"@type\":\"EntryPoint\",\"urlTemplate\":\"https:\/\/www.edition-tawhid.com\/staging-site\/?s={search_term_string}\"},\"query-input\":{\"@type\":\"PropertyValueSpecification\",\"valueRequired\":true,\"valueName\":\"search_term_string\"}}],\"inLanguage\":\"fr-FR\"},{\"@type\":\"Organization\",\"@id\":\"https:\/\/www.edition-tawhid.com\/staging-site\/#organization\",\"name\":\"Editions Tawhid\",\"url\":\"https:\/\/www.edition-tawhid.com\/staging-site\/\",\"logo\":{\"@type\":\"ImageObject\",\"inLanguage\":\"fr-FR\",\"@id\":\"https:\/\/www.edition-tawhid.com\/staging-site\/#\/schema\/logo\/image\/\",\"url\":\"https:\/\/www.edition-tawhid.com\/staging-site\/wp-content\/uploads\/2018\/12\/logo_noir_v1-01.png\",\"contentUrl\":\"https:\/\/www.edition-tawhid.com\/staging-site\/wp-content\/uploads\/2018\/12\/logo_noir_v1-01.png\",\"width\":80,\"height\":112,\"caption\":\"Editions Tawhid\"},\"image\":{\"@id\":\"https:\/\/www.edition-tawhid.com\/staging-site\/#\/schema\/logo\/image\/\"},\"sameAs\":[\"https:\/\/www.facebook.com\/editiontawhid\/\"]}]}<\/script>\n<!-- \/ Yoast SEO plugin. -->","yoast_head_json":{"title":"Le Tawhid (Le monoth\u00e9isme musulman) - \u00c9ditions Tawhid","robots":{"index":"noindex","follow":"follow","max-snippet":"max-snippet:-1","max-image-preview":"max-image-preview:large","max-video-preview":"max-video-preview:-1"},"og_locale":"fr_FR","og_type":"article","og_title":"Le Tawhid (Le monoth\u00e9isme musulman) - \u00c9ditions Tawhid","og_description":"Le monoth\u00e9isme compris dans la profession de foi musulmane est un principe lib\u00e9rateur de la raison.","og_url":"https:\/\/www.edition-tawhid.com\/staging-site\/produit\/le-tawhid-le-monotheisme-musulman\/","og_site_name":"\u00c9ditions Tawhid","article_publisher":"https:\/\/www.facebook.com\/editiontawhid\/","article_modified_time":"2024-05-28T20:57:25+00:00","og_image":[{"width":791,"height":1024,"url":"https:\/\/www.edition-tawhid.com\/staging-site\/wp-content\/uploads\/2011\/03\/hani_tawhid_1_NEW.jpg","type":"image\/jpeg"}],"twitter_card":"summary_large_image","twitter_misc":{"Dur\u00e9e de lecture estim\u00e9e":"2 minutes"},"schema":{"@context":"https:\/\/schema.org","@graph":[{"@type":"WebPage","@id":"https:\/\/www.edition-tawhid.com\/staging-site\/produit\/le-tawhid-le-monotheisme-musulman\/","url":"https:\/\/www.edition-tawhid.com\/staging-site\/produit\/le-tawhid-le-monotheisme-musulman\/","name":"Le Tawhid (Le monoth\u00e9isme musulman) - \u00c9ditions Tawhid","isPartOf":{"@id":"https:\/\/www.edition-tawhid.com\/staging-site\/#website"},"primaryImageOfPage":{"@id":"https:\/\/www.edition-tawhid.com\/staging-site\/produit\/le-tawhid-le-monotheisme-musulman\/#primaryimage"},"image":{"@id":"https:\/\/www.edition-tawhid.com\/staging-site\/produit\/le-tawhid-le-monotheisme-musulman\/#primaryimage"},"thumbnailUrl":"https:\/\/www.edition-tawhid.com\/staging-site\/wp-content\/uploads\/2011\/03\/hani_tawhid_1_NEW.jpg","datePublished":"2011-03-19T23:52:50+00:00","dateModified":"2024-05-28T20:57:25+00:00","breadcrumb":{"@id":"https:\/\/www.edition-tawhid.com\/staging-site\/produit\/le-tawhid-le-monotheisme-musulman\/#breadcrumb"},"inLanguage":"fr-FR","potentialAction":[{"@type":"ReadAction","target":["https:\/\/www.edition-tawhid.com\/staging-site\/produit\/le-tawhid-le-monotheisme-musulman\/"]}]},{"@type":"ImageObject","inLanguage":"fr-FR","@id":"https:\/\/www.edition-tawhid.com\/staging-site\/produit\/le-tawhid-le-monotheisme-musulman\/#primaryimage","url":"https:\/\/www.edition-tawhid.com\/staging-site\/wp-content\/uploads\/2011\/03\/hani_tawhid_1_NEW.jpg","contentUrl":"https:\/\/www.edition-tawhid.com\/staging-site\/wp-content\/uploads\/2011\/03\/hani_tawhid_1_NEW.jpg","width":791,"height":1024},{"@type":"BreadcrumbList","@id":"https:\/\/www.edition-tawhid.com\/staging-site\/produit\/le-tawhid-le-monotheisme-musulman\/#breadcrumb","itemListElement":[{"@type":"ListItem","position":1,"name":"Accueil","item":"https:\/\/www.edition-tawhid.com\/staging-site\/"},{"@type":"ListItem","position":2,"name":"Tous nos livres","item":"https:\/\/www.edition-tawhid.com\/staging-site\/tous-nos-livres\/"},{"@type":"ListItem","position":3,"name":"Le Tawhid (Le monoth\u00e9isme musulman)"}]},{"@type":"WebSite","@id":"https:\/\/www.edition-tawhid.com\/staging-site\/#website","url":"https:\/\/www.edition-tawhid.com\/staging-site\/","name":"\u00c9ditions Tawhid","description":"Le sp\u00e9cialiste du livre islamique francophone","publisher":{"@id":"https:\/\/www.edition-tawhid.com\/staging-site\/#organization"},"potentialAction":[{"@type":"SearchAction","target":{"@type":"EntryPoint","urlTemplate":"https:\/\/www.edition-tawhid.com\/staging-site\/?s={search_term_string}"},"query-input":{"@type":"PropertyValueSpecification","valueRequired":true,"valueName":"search_term_string"}}],"inLanguage":"fr-FR"},{"@type":"Organization","@id":"https:\/\/www.edition-tawhid.com\/staging-site\/#organization","name":"Editions Tawhid","url":"https:\/\/www.edition-tawhid.com\/staging-site\/","logo":{"@type":"ImageObject","inLanguage":"fr-FR","@id":"https:\/\/www.edition-tawhid.com\/staging-site\/#\/schema\/logo\/image\/","url":"https:\/\/www.edition-tawhid.com\/staging-site\/wp-content\/uploads\/2018\/12\/logo_noir_v1-01.png","contentUrl":"https:\/\/www.edition-tawhid.com\/staging-site\/wp-content\/uploads\/2018\/12\/logo_noir_v1-01.png","width":80,"height":112,"caption":"Editions Tawhid"},"image":{"@id":"https:\/\/www.edition-tawhid.com\/staging-site\/#\/schema\/logo\/image\/"},"sameAs":["https:\/\/www.facebook.com\/editiontawhid\/"]}]}},"_links":{"self":[{"href":"https:\/\/www.edition-tawhid.com\/staging-site\/wp-json\/wp\/v2\/product\/601","targetHints":{"allow":["GET"]}}],"collection":[{"href":"https:\/\/www.edition-tawhid.com\/staging-site\/wp-json\/wp\/v2\/product"}],"about":[{"href":"https:\/\/www.edition-tawhid.com\/staging-site\/wp-json\/wp\/v2\/types\/product"}],"replies":[{"embeddable":true,"href":"https:\/\/www.edition-tawhid.com\/staging-site\/wp-json\/wp\/v2\/comments?post=601"}],"wp:featuredmedia":[{"embeddable":true,"href":"https:\/\/www.edition-tawhid.com\/staging-site\/wp-json\/wp\/v2\/media\/12841"}],"wp:attachment":[{"href":"https:\/\/www.edition-tawhid.com\/staging-site\/wp-json\/wp\/v2\/media?parent=601"}],"wp:term":[{"taxonomy":"product_brand","embeddable":true,"href":"https:\/\/www.edition-tawhid.com\/staging-site\/wp-json\/wp\/v2\/product_brand?post=601"},{"taxonomy":"product_cat","embeddable":true,"href":"https:\/\/www.edition-tawhid.com\/staging-site\/wp-json\/wp\/v2\/product_cat?post=601"},{"taxonomy":"product_tag","embeddable":true,"href":"https:\/\/www.edition-tawhid.com\/staging-site\/wp-json\/wp\/v2\/product_tag?post=601"}],"curies":[{"name":"wp","href":"https:\/\/api.w.org\/{rel}","templated":true}]}}