{"id":630,"date":"2004-03-20T00:52:50","date_gmt":"2004-03-19T23:52:50","guid":{"rendered":"https:\/\/www.edition-tawhid.com\/staging-site\/produit\/hadj-et-omra-guide-pratique\/"},"modified":"2024-02-26T19:37:34","modified_gmt":"2024-02-26T18:37:34","slug":"hadj-et-omra-guide-pratique","status":"publish","type":"product","link":"https:\/\/www.edition-tawhid.com\/staging-site\/produit\/hadj-et-omra-guide-pratique\/","title":{"rendered":"Hadj et &lsquo;Umra, guide pratique"},"content":{"rendered":"<p>Accomplir le hajj, c&rsquo;est vivre des jours de foi intense, effectuer plusieurs rites imbriqu\u00e9s. C&rsquo;est aussi remonter dans le temps et refaire les gestes du P\u00e8re des Proph\u00e8tes, Ibrahim Al-Khalil. C&rsquo;est aussi communier avec des millions d&rsquo;autres croyants et croyantes, tous de blanc v\u00eatus, perp\u00e9tuant les gestes et les paroles de notre Proph\u00e8te Mohamed, que le salut et la paix de Dieu soient sur lui, marchant sur ses pas, comme l&rsquo;ont fait les cent quarante milles compagnons avec lui.Ce sont les plus beaux jours de la vie d&rsquo;un croyant lorsqu&rsquo;il va \u00e0 la rencontre du pacte avec Dieu, scellant un engagement multis\u00e9culaire : voir la Kaaba, participer \u00e0 ce mouvement cosmique ininterrompu du taw\u00e2f, boire de cet eau b\u00e9ni de Zamzam, dormir \u00e0 Mina, passer la journ\u00e9e \u00e0 Arafat, refaire la course \u00e9perdue de Hager. Ah! les mots ne sauraient remplacer l&rsquo;intensit\u00e9 de ces jours, de ces rites, de cet amour de Dieu.<\/p>\n<p>Pour contribuer, autant que faire se peut, \u00e0 aider le p\u00e8lerin \u00e0 accomplir cet obligation de la vie, nous avons \u00e9crit ce livre, en privil\u00e9giant trois aspects : le c\u00f4t\u00e9 pratique, le fait de coller aux gestes et paroles de notre Proph\u00e8te Mohamed (paix et salut sur lui) et enfin la profondeur historique de ce voyage de la vie. S&rsquo;il aura aid\u00e9 certains \u00e0 comprendre le hajj et \u00e0 l&rsquo;accomplir dans les meilleurs conditions, alors ce livre aura atteint ses objectifs.<\/p>\n","protected":false},"excerpt":{"rendered":"<p>Consid\u00e9r\u00e9 comme un des piliers de l&rsquo;Islam dans la vie du musulman cet ouvrage vous d\u00e9crit tous les pratiques cultuelles du grand et petit p\u00e8lerinage. Trois aspects sont privil\u00e9gi\u00e9s : le cot\u00e9 pratique, la fid\u00e9lit\u00e9 \u00e0 la Sunna du Proph\u00e8te (PSL), et la profondeur historique de ce voyage de la vie. C&rsquo;est le principal ouvrage de r\u00e9f\u00e9rence sur le sujet. Deux couleurs, illustr\u00e9 par des photos, sch\u00e9mas et illustrations pratiques.<\/p>\n","protected":false},"featured_media":12784,"comment_status":"open","ping_status":"closed","template":"","meta":{"_acf_changed":false},"product_brand":[],"product_cat":[2711],"product_tag":[],"class_list":{"0":"post-630","1":"product","2":"type-product","3":"status-publish","4":"has-post-thumbnail","6":"product_cat-fiqh","7":"pa_book-author-mostafa-brahami","9":"first","10":"instock","11":"taxable","12":"shipping-taxable","13":"purchasable","14":"product-type-variable","15":"has-default-attributes","16":"wvs-archive-product-wrapper"},"acf":[],"yoast_head":"<!-- This site is optimized with the Yoast SEO plugin v27.1.1 - https:\/\/yoast.com\/product\/yoast-seo-wordpress\/ -->\n<title>Hadj et &#039;Umra, guide pratique - \u00c9ditions Tawhid<\/title>\n<meta name=\"robots\" content=\"noindex, follow, max-snippet:-1, max-image-preview:large, max-video-preview:-1\" \/>\n<meta property=\"og:locale\" content=\"fr_FR\" \/>\n<meta property=\"og:type\" content=\"article\" \/>\n<meta property=\"og:title\" content=\"Hadj et &#039;Umra, guide pratique - \u00c9ditions Tawhid\" \/>\n<meta property=\"og:description\" content=\"Consid\u00e9r\u00e9 comme un des piliers de l&#039;Islam dans la vie du musulman cet ouvrage vous d\u00e9crit tous les pratiques cultuelles du grand et petit p\u00e8lerinage. Trois aspects sont privil\u00e9gi\u00e9s : le cot\u00e9 pratique, la fid\u00e9lit\u00e9 \u00e0 la Sunna du Proph\u00e8te (PSL), et la profondeur historique de ce voyage de la vie. C&#039;est le principal ouvrage de r\u00e9f\u00e9rence sur le sujet. Deux couleurs, illustr\u00e9 par des photos, sch\u00e9mas et illustrations pratiques.\" \/>\n<meta property=\"og:url\" content=\"https:\/\/www.edition-tawhid.com\/staging-site\/produit\/hadj-et-omra-guide-pratique\/\" \/>\n<meta property=\"og:site_name\" content=\"\u00c9ditions Tawhid\" \/>\n<meta property=\"article:publisher\" content=\"https:\/\/www.facebook.com\/editiontawhid\/\" \/>\n<meta property=\"article:modified_time\" content=\"2024-02-26T18:37:34+00:00\" \/>\n<meta property=\"og:image\" content=\"https:\/\/www.edition-tawhid.com\/staging-site\/wp-content\/uploads\/2004\/03\/brahami_hajjumraFR_1_NEW.jpg\" \/>\n\t<meta property=\"og:image:width\" content=\"791\" \/>\n\t<meta property=\"og:image:height\" content=\"1024\" \/>\n\t<meta property=\"og:image:type\" content=\"image\/jpeg\" \/>\n<meta name=\"twitter:card\" content=\"summary_large_image\" \/>\n<meta name=\"twitter:label1\" content=\"Dur\u00e9e de lecture estim\u00e9e\" \/>\n\t<meta name=\"twitter:data1\" content=\"2 minutes\" \/>\n<script type=\"application\/ld+json\" class=\"yoast-schema-graph\">{\"@context\":\"https:\/\/schema.org\",\"@graph\":[{\"@type\":\"WebPage\",\"@id\":\"https:\/\/www.edition-tawhid.com\/staging-site\/produit\/hadj-et-omra-guide-pratique\/\",\"url\":\"https:\/\/www.edition-tawhid.com\/staging-site\/produit\/hadj-et-omra-guide-pratique\/\",\"name\":\"Hadj et 'Umra, guide pratique - \u00c9ditions Tawhid\",\"isPartOf\":{\"@id\":\"https:\/\/www.edition-tawhid.com\/staging-site\/#website\"},\"primaryImageOfPage\":{\"@id\":\"https:\/\/www.edition-tawhid.com\/staging-site\/produit\/hadj-et-omra-guide-pratique\/#primaryimage\"},\"image\":{\"@id\":\"https:\/\/www.edition-tawhid.com\/staging-site\/produit\/hadj-et-omra-guide-pratique\/#primaryimage\"},\"thumbnailUrl\":\"https:\/\/www.edition-tawhid.com\/staging-site\/wp-content\/uploads\/2004\/03\/brahami_hajjumraFR_1_NEW.jpg\",\"datePublished\":\"2004-03-19T23:52:50+00:00\",\"dateModified\":\"2024-02-26T18:37:34+00:00\",\"breadcrumb\":{\"@id\":\"https:\/\/www.edition-tawhid.com\/staging-site\/produit\/hadj-et-omra-guide-pratique\/#breadcrumb\"},\"inLanguage\":\"fr-FR\",\"potentialAction\":[{\"@type\":\"ReadAction\",\"target\":[\"https:\/\/www.edition-tawhid.com\/staging-site\/produit\/hadj-et-omra-guide-pratique\/\"]}]},{\"@type\":\"ImageObject\",\"inLanguage\":\"fr-FR\",\"@id\":\"https:\/\/www.edition-tawhid.com\/staging-site\/produit\/hadj-et-omra-guide-pratique\/#primaryimage\",\"url\":\"https:\/\/www.edition-tawhid.com\/staging-site\/wp-content\/uploads\/2004\/03\/brahami_hajjumraFR_1_NEW.jpg\",\"contentUrl\":\"https:\/\/www.edition-tawhid.com\/staging-site\/wp-content\/uploads\/2004\/03\/brahami_hajjumraFR_1_NEW.jpg\",\"width\":791,\"height\":1024},{\"@type\":\"BreadcrumbList\",\"@id\":\"https:\/\/www.edition-tawhid.com\/staging-site\/produit\/hadj-et-omra-guide-pratique\/#breadcrumb\",\"itemListElement\":[{\"@type\":\"ListItem\",\"position\":1,\"name\":\"Accueil\",\"item\":\"https:\/\/www.edition-tawhid.com\/staging-site\/\"},{\"@type\":\"ListItem\",\"position\":2,\"name\":\"Tous nos livres\",\"item\":\"https:\/\/www.edition-tawhid.com\/staging-site\/tous-nos-livres\/\"},{\"@type\":\"ListItem\",\"position\":3,\"name\":\"Hadj et &#8216;Umra, guide pratique\"}]},{\"@type\":\"WebSite\",\"@id\":\"https:\/\/www.edition-tawhid.com\/staging-site\/#website\",\"url\":\"https:\/\/www.edition-tawhid.com\/staging-site\/\",\"name\":\"\u00c9ditions Tawhid\",\"description\":\"Le sp\u00e9cialiste du livre islamique francophone\",\"publisher\":{\"@id\":\"https:\/\/www.edition-tawhid.com\/staging-site\/#organization\"},\"potentialAction\":[{\"@type\":\"SearchAction\",\"target\":{\"@type\":\"EntryPoint\",\"urlTemplate\":\"https:\/\/www.edition-tawhid.com\/staging-site\/?s={search_term_string}\"},\"query-input\":{\"@type\":\"PropertyValueSpecification\",\"valueRequired\":true,\"valueName\":\"search_term_string\"}}],\"inLanguage\":\"fr-FR\"},{\"@type\":\"Organization\",\"@id\":\"https:\/\/www.edition-tawhid.com\/staging-site\/#organization\",\"name\":\"Editions Tawhid\",\"url\":\"https:\/\/www.edition-tawhid.com\/staging-site\/\",\"logo\":{\"@type\":\"ImageObject\",\"inLanguage\":\"fr-FR\",\"@id\":\"https:\/\/www.edition-tawhid.com\/staging-site\/#\/schema\/logo\/image\/\",\"url\":\"https:\/\/www.edition-tawhid.com\/staging-site\/wp-content\/uploads\/2018\/12\/logo_noir_v1-01.png\",\"contentUrl\":\"https:\/\/www.edition-tawhid.com\/staging-site\/wp-content\/uploads\/2018\/12\/logo_noir_v1-01.png\",\"width\":80,\"height\":112,\"caption\":\"Editions Tawhid\"},\"image\":{\"@id\":\"https:\/\/www.edition-tawhid.com\/staging-site\/#\/schema\/logo\/image\/\"},\"sameAs\":[\"https:\/\/www.facebook.com\/editiontawhid\/\"]}]}<\/script>\n<!-- \/ Yoast SEO plugin. -->","yoast_head_json":{"title":"Hadj et 'Umra, guide pratique - \u00c9ditions Tawhid","robots":{"index":"noindex","follow":"follow","max-snippet":"max-snippet:-1","max-image-preview":"max-image-preview:large","max-video-preview":"max-video-preview:-1"},"og_locale":"fr_FR","og_type":"article","og_title":"Hadj et 'Umra, guide pratique - \u00c9ditions Tawhid","og_description":"Consid\u00e9r\u00e9 comme un des piliers de l'Islam dans la vie du musulman cet ouvrage vous d\u00e9crit tous les pratiques cultuelles du grand et petit p\u00e8lerinage. Trois aspects sont privil\u00e9gi\u00e9s : le cot\u00e9 pratique, la fid\u00e9lit\u00e9 \u00e0 la Sunna du Proph\u00e8te (PSL), et la profondeur historique de ce voyage de la vie. C'est le principal ouvrage de r\u00e9f\u00e9rence sur le sujet. Deux couleurs, illustr\u00e9 par des photos, sch\u00e9mas et illustrations pratiques.","og_url":"https:\/\/www.edition-tawhid.com\/staging-site\/produit\/hadj-et-omra-guide-pratique\/","og_site_name":"\u00c9ditions Tawhid","article_publisher":"https:\/\/www.facebook.com\/editiontawhid\/","article_modified_time":"2024-02-26T18:37:34+00:00","og_image":[{"width":791,"height":1024,"url":"https:\/\/www.edition-tawhid.com\/staging-site\/wp-content\/uploads\/2004\/03\/brahami_hajjumraFR_1_NEW.jpg","type":"image\/jpeg"}],"twitter_card":"summary_large_image","twitter_misc":{"Dur\u00e9e de lecture estim\u00e9e":"2 minutes"},"schema":{"@context":"https:\/\/schema.org","@graph":[{"@type":"WebPage","@id":"https:\/\/www.edition-tawhid.com\/staging-site\/produit\/hadj-et-omra-guide-pratique\/","url":"https:\/\/www.edition-tawhid.com\/staging-site\/produit\/hadj-et-omra-guide-pratique\/","name":"Hadj et 'Umra, guide pratique - \u00c9ditions Tawhid","isPartOf":{"@id":"https:\/\/www.edition-tawhid.com\/staging-site\/#website"},"primaryImageOfPage":{"@id":"https:\/\/www.edition-tawhid.com\/staging-site\/produit\/hadj-et-omra-guide-pratique\/#primaryimage"},"image":{"@id":"https:\/\/www.edition-tawhid.com\/staging-site\/produit\/hadj-et-omra-guide-pratique\/#primaryimage"},"thumbnailUrl":"https:\/\/www.edition-tawhid.com\/staging-site\/wp-content\/uploads\/2004\/03\/brahami_hajjumraFR_1_NEW.jpg","datePublished":"2004-03-19T23:52:50+00:00","dateModified":"2024-02-26T18:37:34+00:00","breadcrumb":{"@id":"https:\/\/www.edition-tawhid.com\/staging-site\/produit\/hadj-et-omra-guide-pratique\/#breadcrumb"},"inLanguage":"fr-FR","potentialAction":[{"@type":"ReadAction","target":["https:\/\/www.edition-tawhid.com\/staging-site\/produit\/hadj-et-omra-guide-pratique\/"]}]},{"@type":"ImageObject","inLanguage":"fr-FR","@id":"https:\/\/www.edition-tawhid.com\/staging-site\/produit\/hadj-et-omra-guide-pratique\/#primaryimage","url":"https:\/\/www.edition-tawhid.com\/staging-site\/wp-content\/uploads\/2004\/03\/brahami_hajjumraFR_1_NEW.jpg","contentUrl":"https:\/\/www.edition-tawhid.com\/staging-site\/wp-content\/uploads\/2004\/03\/brahami_hajjumraFR_1_NEW.jpg","width":791,"height":1024},{"@type":"BreadcrumbList","@id":"https:\/\/www.edition-tawhid.com\/staging-site\/produit\/hadj-et-omra-guide-pratique\/#breadcrumb","itemListElement":[{"@type":"ListItem","position":1,"name":"Accueil","item":"https:\/\/www.edition-tawhid.com\/staging-site\/"},{"@type":"ListItem","position":2,"name":"Tous nos livres","item":"https:\/\/www.edition-tawhid.com\/staging-site\/tous-nos-livres\/"},{"@type":"ListItem","position":3,"name":"Hadj et &#8216;Umra, guide pratique"}]},{"@type":"WebSite","@id":"https:\/\/www.edition-tawhid.com\/staging-site\/#website","url":"https:\/\/www.edition-tawhid.com\/staging-site\/","name":"\u00c9ditions Tawhid","description":"Le sp\u00e9cialiste du livre islamique francophone","publisher":{"@id":"https:\/\/www.edition-tawhid.com\/staging-site\/#organization"},"potentialAction":[{"@type":"SearchAction","target":{"@type":"EntryPoint","urlTemplate":"https:\/\/www.edition-tawhid.com\/staging-site\/?s={search_term_string}"},"query-input":{"@type":"PropertyValueSpecification","valueRequired":true,"valueName":"search_term_string"}}],"inLanguage":"fr-FR"},{"@type":"Organization","@id":"https:\/\/www.edition-tawhid.com\/staging-site\/#organization","name":"Editions Tawhid","url":"https:\/\/www.edition-tawhid.com\/staging-site\/","logo":{"@type":"ImageObject","inLanguage":"fr-FR","@id":"https:\/\/www.edition-tawhid.com\/staging-site\/#\/schema\/logo\/image\/","url":"https:\/\/www.edition-tawhid.com\/staging-site\/wp-content\/uploads\/2018\/12\/logo_noir_v1-01.png","contentUrl":"https:\/\/www.edition-tawhid.com\/staging-site\/wp-content\/uploads\/2018\/12\/logo_noir_v1-01.png","width":80,"height":112,"caption":"Editions Tawhid"},"image":{"@id":"https:\/\/www.edition-tawhid.com\/staging-site\/#\/schema\/logo\/image\/"},"sameAs":["https:\/\/www.facebook.com\/editiontawhid\/"]}]}},"_links":{"self":[{"href":"https:\/\/www.edition-tawhid.com\/staging-site\/wp-json\/wp\/v2\/product\/630","targetHints":{"allow":["GET"]}}],"collection":[{"href":"https:\/\/www.edition-tawhid.com\/staging-site\/wp-json\/wp\/v2\/product"}],"about":[{"href":"https:\/\/www.edition-tawhid.com\/staging-site\/wp-json\/wp\/v2\/types\/product"}],"replies":[{"embeddable":true,"href":"https:\/\/www.edition-tawhid.com\/staging-site\/wp-json\/wp\/v2\/comments?post=630"}],"wp:featuredmedia":[{"embeddable":true,"href":"https:\/\/www.edition-tawhid.com\/staging-site\/wp-json\/wp\/v2\/media\/12784"}],"wp:attachment":[{"href":"https:\/\/www.edition-tawhid.com\/staging-site\/wp-json\/wp\/v2\/media?parent=630"}],"wp:term":[{"taxonomy":"product_brand","embeddable":true,"href":"https:\/\/www.edition-tawhid.com\/staging-site\/wp-json\/wp\/v2\/product_brand?post=630"},{"taxonomy":"product_cat","embeddable":true,"href":"https:\/\/www.edition-tawhid.com\/staging-site\/wp-json\/wp\/v2\/product_cat?post=630"},{"taxonomy":"product_tag","embeddable":true,"href":"https:\/\/www.edition-tawhid.com\/staging-site\/wp-json\/wp\/v2\/product_tag?post=630"}],"curies":[{"name":"wp","href":"https:\/\/api.w.org\/{rel}","templated":true}]}}