{"id":642,"date":"2004-03-20T00:52:50","date_gmt":"2004-03-19T23:52:50","guid":{"rendered":"https:\/\/www.edition-tawhid.com\/staging-site\/produit\/misericorde-en-islam-la\/"},"modified":"2022-10-25T22:43:14","modified_gmt":"2022-10-25T20:43:14","slug":"la-misericorde-en-islam","status":"publish","type":"product","link":"https:\/\/www.edition-tawhid.com\/staging-site\/produit\/la-misericorde-en-islam\/","title":{"rendered":"La Mis\u00e9ricorde en Islam"},"content":{"rendered":"<p>Violence et terrorisme, guerre et extr\u00e9misme, barbarie et ch\u00e2timents\u2026 \u00e0 travers l&rsquo;actualit\u00e9, ces noms semblent li\u00e9s aujourd&rsquo;hui de fa\u00e7on in\u00e9luctable au monde musulman. Le but de cet ouvrage est simplement de pr\u00e9senter l&rsquo;islam tel qu&rsquo;il est en r\u00e9alit\u00e9 \u2013 un Message de fraternit\u00e9 humaine, d&rsquo;amour et de mis\u00e9ricorde \u2013 en revenant \u00e0 ses sources authentiques, c&rsquo;est-\u00e0-dire au Coran et \u00e0 la vie du Proph\u00e8te Muhammad.<\/p>\n","protected":false},"excerpt":{"rendered":"<p>Violence et terrorisme, guerre et extr\u00e9misme, barbarie et ch\u00e2timents\u2026 \u00e0 travers l&rsquo;actualit\u00e9, ces noms semblent li\u00e9s aujourd&rsquo;hui de fa\u00e7on in\u00e9luctable au monde musulman. Le but de cet ouvrage est simplement de pr\u00e9senter l&rsquo;islam tel qu&rsquo;il est en r\u00e9alit\u00e9 \u2013 un Message de fraternit\u00e9 humaine, d&rsquo;amour et de mis\u00e9ricorde \u2013 en revenant \u00e0 ses sources authentiques, c&rsquo;est-\u00e0-dire au Coran et \u00e0 la vie du Proph\u00e8te Muhammad.<\/p>\n","protected":false},"featured_media":12900,"comment_status":"open","ping_status":"closed","template":"","meta":{"_acf_changed":false},"product_brand":[],"product_cat":[2524],"product_tag":[],"class_list":{"0":"post-642","1":"product","2":"type-product","3":"status-publish","4":"has-post-thumbnail","6":"product_cat-spiritualite","7":"pa_book-author-hani-ramadan","9":"first","10":"instock","11":"taxable","12":"shipping-taxable","13":"purchasable","14":"product-type-simple"},"acf":[],"yoast_head":"<!-- This site is optimized with the Yoast SEO plugin v27.1.1 - https:\/\/yoast.com\/product\/yoast-seo-wordpress\/ -->\n<title>La Mis\u00e9ricorde en Islam - \u00c9ditions Tawhid<\/title>\n<meta name=\"robots\" content=\"noindex, follow, max-snippet:-1, max-image-preview:large, max-video-preview:-1\" \/>\n<meta property=\"og:locale\" content=\"fr_FR\" \/>\n<meta property=\"og:type\" content=\"article\" \/>\n<meta property=\"og:title\" content=\"La Mis\u00e9ricorde en Islam - \u00c9ditions Tawhid\" \/>\n<meta property=\"og:description\" content=\"Violence et terrorisme, guerre et extr\u00e9misme, barbarie et ch\u00e2timents\u2026 \u00e0 travers l&#039;actualit\u00e9, ces noms semblent li\u00e9s aujourd&#039;hui de fa\u00e7on in\u00e9luctable au monde musulman. Le but de cet ouvrage est simplement de pr\u00e9senter l&#039;islam tel qu&#039;il est en r\u00e9alit\u00e9 \u2013 un Message de fraternit\u00e9 humaine, d&#039;amour et de mis\u00e9ricorde \u2013 en revenant \u00e0 ses sources authentiques, c&#039;est-\u00e0-dire au Coran et \u00e0 la vie du Proph\u00e8te Muhammad.\" \/>\n<meta property=\"og:url\" content=\"https:\/\/www.edition-tawhid.com\/staging-site\/produit\/la-misericorde-en-islam\/\" \/>\n<meta property=\"og:site_name\" content=\"\u00c9ditions Tawhid\" \/>\n<meta property=\"article:publisher\" content=\"https:\/\/www.facebook.com\/editiontawhid\/\" \/>\n<meta property=\"article:modified_time\" content=\"2022-10-25T20:43:14+00:00\" \/>\n<meta property=\"og:image\" content=\"https:\/\/www.edition-tawhid.com\/staging-site\/wp-content\/uploads\/2004\/03\/hani_misericorde_1_NEW.jpg\" \/>\n\t<meta property=\"og:image:width\" content=\"791\" \/>\n\t<meta property=\"og:image:height\" content=\"1024\" \/>\n\t<meta property=\"og:image:type\" content=\"image\/jpeg\" \/>\n<meta name=\"twitter:card\" content=\"summary_large_image\" \/>\n<script type=\"application\/ld+json\" class=\"yoast-schema-graph\">{\"@context\":\"https:\/\/schema.org\",\"@graph\":[{\"@type\":\"WebPage\",\"@id\":\"https:\/\/www.edition-tawhid.com\/staging-site\/produit\/la-misericorde-en-islam\/\",\"url\":\"https:\/\/www.edition-tawhid.com\/staging-site\/produit\/la-misericorde-en-islam\/\",\"name\":\"La Mis\u00e9ricorde en Islam - \u00c9ditions Tawhid\",\"isPartOf\":{\"@id\":\"https:\/\/www.edition-tawhid.com\/staging-site\/#website\"},\"primaryImageOfPage\":{\"@id\":\"https:\/\/www.edition-tawhid.com\/staging-site\/produit\/la-misericorde-en-islam\/#primaryimage\"},\"image\":{\"@id\":\"https:\/\/www.edition-tawhid.com\/staging-site\/produit\/la-misericorde-en-islam\/#primaryimage\"},\"thumbnailUrl\":\"https:\/\/www.edition-tawhid.com\/staging-site\/wp-content\/uploads\/2004\/03\/hani_misericorde_1_NEW.jpg\",\"datePublished\":\"2004-03-19T23:52:50+00:00\",\"dateModified\":\"2022-10-25T20:43:14+00:00\",\"breadcrumb\":{\"@id\":\"https:\/\/www.edition-tawhid.com\/staging-site\/produit\/la-misericorde-en-islam\/#breadcrumb\"},\"inLanguage\":\"fr-FR\",\"potentialAction\":[{\"@type\":\"ReadAction\",\"target\":[\"https:\/\/www.edition-tawhid.com\/staging-site\/produit\/la-misericorde-en-islam\/\"]}]},{\"@type\":\"ImageObject\",\"inLanguage\":\"fr-FR\",\"@id\":\"https:\/\/www.edition-tawhid.com\/staging-site\/produit\/la-misericorde-en-islam\/#primaryimage\",\"url\":\"https:\/\/www.edition-tawhid.com\/staging-site\/wp-content\/uploads\/2004\/03\/hani_misericorde_1_NEW.jpg\",\"contentUrl\":\"https:\/\/www.edition-tawhid.com\/staging-site\/wp-content\/uploads\/2004\/03\/hani_misericorde_1_NEW.jpg\",\"width\":791,\"height\":1024},{\"@type\":\"BreadcrumbList\",\"@id\":\"https:\/\/www.edition-tawhid.com\/staging-site\/produit\/la-misericorde-en-islam\/#breadcrumb\",\"itemListElement\":[{\"@type\":\"ListItem\",\"position\":1,\"name\":\"Accueil\",\"item\":\"https:\/\/www.edition-tawhid.com\/staging-site\/\"},{\"@type\":\"ListItem\",\"position\":2,\"name\":\"Tous nos livres\",\"item\":\"https:\/\/www.edition-tawhid.com\/staging-site\/tous-nos-livres\/\"},{\"@type\":\"ListItem\",\"position\":3,\"name\":\"La Mis\u00e9ricorde en Islam\"}]},{\"@type\":\"WebSite\",\"@id\":\"https:\/\/www.edition-tawhid.com\/staging-site\/#website\",\"url\":\"https:\/\/www.edition-tawhid.com\/staging-site\/\",\"name\":\"\u00c9ditions Tawhid\",\"description\":\"Le sp\u00e9cialiste du livre islamique francophone\",\"publisher\":{\"@id\":\"https:\/\/www.edition-tawhid.com\/staging-site\/#organization\"},\"potentialAction\":[{\"@type\":\"SearchAction\",\"target\":{\"@type\":\"EntryPoint\",\"urlTemplate\":\"https:\/\/www.edition-tawhid.com\/staging-site\/?s={search_term_string}\"},\"query-input\":{\"@type\":\"PropertyValueSpecification\",\"valueRequired\":true,\"valueName\":\"search_term_string\"}}],\"inLanguage\":\"fr-FR\"},{\"@type\":\"Organization\",\"@id\":\"https:\/\/www.edition-tawhid.com\/staging-site\/#organization\",\"name\":\"Editions Tawhid\",\"url\":\"https:\/\/www.edition-tawhid.com\/staging-site\/\",\"logo\":{\"@type\":\"ImageObject\",\"inLanguage\":\"fr-FR\",\"@id\":\"https:\/\/www.edition-tawhid.com\/staging-site\/#\/schema\/logo\/image\/\",\"url\":\"https:\/\/www.edition-tawhid.com\/staging-site\/wp-content\/uploads\/2018\/12\/logo_noir_v1-01.png\",\"contentUrl\":\"https:\/\/www.edition-tawhid.com\/staging-site\/wp-content\/uploads\/2018\/12\/logo_noir_v1-01.png\",\"width\":80,\"height\":112,\"caption\":\"Editions Tawhid\"},\"image\":{\"@id\":\"https:\/\/www.edition-tawhid.com\/staging-site\/#\/schema\/logo\/image\/\"},\"sameAs\":[\"https:\/\/www.facebook.com\/editiontawhid\/\"]}]}<\/script>\n<!-- \/ Yoast SEO plugin. -->","yoast_head_json":{"title":"La Mis\u00e9ricorde en Islam - \u00c9ditions Tawhid","robots":{"index":"noindex","follow":"follow","max-snippet":"max-snippet:-1","max-image-preview":"max-image-preview:large","max-video-preview":"max-video-preview:-1"},"og_locale":"fr_FR","og_type":"article","og_title":"La Mis\u00e9ricorde en Islam - \u00c9ditions Tawhid","og_description":"Violence et terrorisme, guerre et extr\u00e9misme, barbarie et ch\u00e2timents\u2026 \u00e0 travers l'actualit\u00e9, ces noms semblent li\u00e9s aujourd'hui de fa\u00e7on in\u00e9luctable au monde musulman. Le but de cet ouvrage est simplement de pr\u00e9senter l'islam tel qu'il est en r\u00e9alit\u00e9 \u2013 un Message de fraternit\u00e9 humaine, d'amour et de mis\u00e9ricorde \u2013 en revenant \u00e0 ses sources authentiques, c'est-\u00e0-dire au Coran et \u00e0 la vie du Proph\u00e8te Muhammad.","og_url":"https:\/\/www.edition-tawhid.com\/staging-site\/produit\/la-misericorde-en-islam\/","og_site_name":"\u00c9ditions Tawhid","article_publisher":"https:\/\/www.facebook.com\/editiontawhid\/","article_modified_time":"2022-10-25T20:43:14+00:00","og_image":[{"width":791,"height":1024,"url":"https:\/\/www.edition-tawhid.com\/staging-site\/wp-content\/uploads\/2004\/03\/hani_misericorde_1_NEW.jpg","type":"image\/jpeg"}],"twitter_card":"summary_large_image","schema":{"@context":"https:\/\/schema.org","@graph":[{"@type":"WebPage","@id":"https:\/\/www.edition-tawhid.com\/staging-site\/produit\/la-misericorde-en-islam\/","url":"https:\/\/www.edition-tawhid.com\/staging-site\/produit\/la-misericorde-en-islam\/","name":"La Mis\u00e9ricorde en Islam - \u00c9ditions Tawhid","isPartOf":{"@id":"https:\/\/www.edition-tawhid.com\/staging-site\/#website"},"primaryImageOfPage":{"@id":"https:\/\/www.edition-tawhid.com\/staging-site\/produit\/la-misericorde-en-islam\/#primaryimage"},"image":{"@id":"https:\/\/www.edition-tawhid.com\/staging-site\/produit\/la-misericorde-en-islam\/#primaryimage"},"thumbnailUrl":"https:\/\/www.edition-tawhid.com\/staging-site\/wp-content\/uploads\/2004\/03\/hani_misericorde_1_NEW.jpg","datePublished":"2004-03-19T23:52:50+00:00","dateModified":"2022-10-25T20:43:14+00:00","breadcrumb":{"@id":"https:\/\/www.edition-tawhid.com\/staging-site\/produit\/la-misericorde-en-islam\/#breadcrumb"},"inLanguage":"fr-FR","potentialAction":[{"@type":"ReadAction","target":["https:\/\/www.edition-tawhid.com\/staging-site\/produit\/la-misericorde-en-islam\/"]}]},{"@type":"ImageObject","inLanguage":"fr-FR","@id":"https:\/\/www.edition-tawhid.com\/staging-site\/produit\/la-misericorde-en-islam\/#primaryimage","url":"https:\/\/www.edition-tawhid.com\/staging-site\/wp-content\/uploads\/2004\/03\/hani_misericorde_1_NEW.jpg","contentUrl":"https:\/\/www.edition-tawhid.com\/staging-site\/wp-content\/uploads\/2004\/03\/hani_misericorde_1_NEW.jpg","width":791,"height":1024},{"@type":"BreadcrumbList","@id":"https:\/\/www.edition-tawhid.com\/staging-site\/produit\/la-misericorde-en-islam\/#breadcrumb","itemListElement":[{"@type":"ListItem","position":1,"name":"Accueil","item":"https:\/\/www.edition-tawhid.com\/staging-site\/"},{"@type":"ListItem","position":2,"name":"Tous nos livres","item":"https:\/\/www.edition-tawhid.com\/staging-site\/tous-nos-livres\/"},{"@type":"ListItem","position":3,"name":"La Mis\u00e9ricorde en Islam"}]},{"@type":"WebSite","@id":"https:\/\/www.edition-tawhid.com\/staging-site\/#website","url":"https:\/\/www.edition-tawhid.com\/staging-site\/","name":"\u00c9ditions Tawhid","description":"Le sp\u00e9cialiste du livre islamique francophone","publisher":{"@id":"https:\/\/www.edition-tawhid.com\/staging-site\/#organization"},"potentialAction":[{"@type":"SearchAction","target":{"@type":"EntryPoint","urlTemplate":"https:\/\/www.edition-tawhid.com\/staging-site\/?s={search_term_string}"},"query-input":{"@type":"PropertyValueSpecification","valueRequired":true,"valueName":"search_term_string"}}],"inLanguage":"fr-FR"},{"@type":"Organization","@id":"https:\/\/www.edition-tawhid.com\/staging-site\/#organization","name":"Editions Tawhid","url":"https:\/\/www.edition-tawhid.com\/staging-site\/","logo":{"@type":"ImageObject","inLanguage":"fr-FR","@id":"https:\/\/www.edition-tawhid.com\/staging-site\/#\/schema\/logo\/image\/","url":"https:\/\/www.edition-tawhid.com\/staging-site\/wp-content\/uploads\/2018\/12\/logo_noir_v1-01.png","contentUrl":"https:\/\/www.edition-tawhid.com\/staging-site\/wp-content\/uploads\/2018\/12\/logo_noir_v1-01.png","width":80,"height":112,"caption":"Editions Tawhid"},"image":{"@id":"https:\/\/www.edition-tawhid.com\/staging-site\/#\/schema\/logo\/image\/"},"sameAs":["https:\/\/www.facebook.com\/editiontawhid\/"]}]}},"_links":{"self":[{"href":"https:\/\/www.edition-tawhid.com\/staging-site\/wp-json\/wp\/v2\/product\/642","targetHints":{"allow":["GET"]}}],"collection":[{"href":"https:\/\/www.edition-tawhid.com\/staging-site\/wp-json\/wp\/v2\/product"}],"about":[{"href":"https:\/\/www.edition-tawhid.com\/staging-site\/wp-json\/wp\/v2\/types\/product"}],"replies":[{"embeddable":true,"href":"https:\/\/www.edition-tawhid.com\/staging-site\/wp-json\/wp\/v2\/comments?post=642"}],"wp:featuredmedia":[{"embeddable":true,"href":"https:\/\/www.edition-tawhid.com\/staging-site\/wp-json\/wp\/v2\/media\/12900"}],"wp:attachment":[{"href":"https:\/\/www.edition-tawhid.com\/staging-site\/wp-json\/wp\/v2\/media?parent=642"}],"wp:term":[{"taxonomy":"product_brand","embeddable":true,"href":"https:\/\/www.edition-tawhid.com\/staging-site\/wp-json\/wp\/v2\/product_brand?post=642"},{"taxonomy":"product_cat","embeddable":true,"href":"https:\/\/www.edition-tawhid.com\/staging-site\/wp-json\/wp\/v2\/product_cat?post=642"},{"taxonomy":"product_tag","embeddable":true,"href":"https:\/\/www.edition-tawhid.com\/staging-site\/wp-json\/wp\/v2\/product_tag?post=642"}],"curies":[{"name":"wp","href":"https:\/\/api.w.org\/{rel}","templated":true}]}}