{"id":648,"date":"2004-03-20T00:52:50","date_gmt":"2004-03-19T23:52:50","guid":{"rendered":"https:\/\/www.edition-tawhid.com\/staging-site\/produit\/parents-du-prophete-les\/"},"modified":"2023-07-09T22:02:37","modified_gmt":"2023-07-09T20:02:37","slug":"les-parents-du-prophete","status":"publish","type":"product","link":"https:\/\/www.edition-tawhid.com\/staging-site\/produit\/les-parents-du-prophete\/","title":{"rendered":"Les parents du Proph\u00e8te"},"content":{"rendered":"<p>Six si\u00e8cles s\u00e9parent la R\u00e9v\u00e9lation des \u00c9vangiles de celle du Coran. Cependant, jusqu&rsquo;\u00e0 l&rsquo;av\u00e8nement de l&rsquo;Islam, il subsista, en Arabie, une communaut\u00e9 d&rsquo;hommes et de femmes, certes peu instruits, mais dont les convictions religieuses \u00e9taient rest\u00e9es saines, les han\u00eef (sinc\u00e8res purs), \u00e9ponyme de la communaut\u00e9 religieuse d&rsquo;Abraham. S&rsquo;il est commun\u00e9ment admis qu&rsquo;Ab\u00fb Bakr fut de ces gens l\u00e0, l&rsquo;appartenance des parents du Proph\u00e8te \u00e0 cette communaut\u00e9 est moins \u00e9vidente. Pour autant, est-il permis de les en exclure ? Ou bien encore de dire d&rsquo;eux qu&rsquo;ils furent des polyth\u00e9istes ? Certains sont pourtant assur\u00e9s qu&rsquo;ils sont condamn\u00e9s \u00e0 entrer en Enfer !<\/p>\n<p>As-Suy\u00fbt\u00ee et de nombreux autres savants se sont \u00e9lev\u00e9s contre cette ing\u00e9rence dans les d\u00e9cisions du Ma\u00eetre du Jugement dernier et cette conception r\u00e9formiste de la cl\u00e9mence divine. Faisant d&rsquo;Allah un Ma\u00eetre impitoyable, et de Son Envoy\u00e9 un homme au c\u0153ur de pierre ! Mais par-del\u00e0 les arguments, c&rsquo;est \u00e0 la ^pudeur et au respect dus \u00e0 la personne du Proph\u00e8te de l&rsquo;Islam qu&rsquo;il est fait appel.<\/p>\n<p>A la question : Les parents du Proph\u00e8te iront-ils en Enfer ou au Paradis ? Que doit-on r\u00e9pondre ? Quels sont les arguments ?<\/p>\n<p>Toute la grandeur d&rsquo;\u00e2me d&rsquo;as-Suy\u00fbti, sa t\u00e9nacit\u00e9 et l&rsquo;\u00e9tendue de ses connaissances suffiront-elles \u00e0 convaincre les ind\u00e9cis et \u00e0 faire taire les pol\u00e9mistes ? M\u00eame si l&rsquo;entreprise peut para\u00eetre ardue et les arguments parfois t\u00e9m\u00e9raires, l&rsquo;imam as-Suy\u00fbti n&rsquo;a pas m\u00e9nag\u00e9 ses efforts pour y parvenir. Il a consacr\u00e9 six th\u00e8ses (ris\u00e2la) \u00e0 ce seul sujet. Nous pr\u00e9sentons, dans cet ouvrage, la traduction de la plus compl\u00e8te et celle qui nous para\u00eet \u00eatre une synth\u00e8se de toutes les autres.<\/p>\n","protected":false},"excerpt":{"rendered":"<p>Cet ouvrage rassemble les hadiths et les paroles des Savants de l&rsquo;Islam traitant de la famille du Proph\u00e8te.<\/p>\n","protected":false},"featured_media":12912,"comment_status":"open","ping_status":"closed","template":"","meta":{"_acf_changed":false},"product_brand":[],"product_cat":[2579],"product_tag":[],"class_list":{"0":"post-648","1":"product","2":"type-product","3":"status-publish","4":"has-post-thumbnail","6":"product_cat-biographies","7":"pa_book-author-as-suyuti","9":"first","10":"outofstock","11":"taxable","12":"shipping-taxable","13":"purchasable","14":"product-type-simple"},"acf":[],"yoast_head":"<!-- This site is optimized with the Yoast SEO plugin v27.1.1 - https:\/\/yoast.com\/product\/yoast-seo-wordpress\/ -->\n<title>Les parents du Proph\u00e8te - \u00c9ditions Tawhid<\/title>\n<meta name=\"robots\" content=\"noindex, follow, max-snippet:-1, max-image-preview:large, max-video-preview:-1\" \/>\n<meta property=\"og:locale\" content=\"fr_FR\" \/>\n<meta property=\"og:type\" content=\"article\" \/>\n<meta property=\"og:title\" content=\"Les parents du Proph\u00e8te - \u00c9ditions Tawhid\" \/>\n<meta property=\"og:description\" content=\"Cet ouvrage rassemble les hadiths et les paroles des Savants de l&#039;Islam traitant de la famille du Proph\u00e8te.\" \/>\n<meta property=\"og:url\" content=\"https:\/\/www.edition-tawhid.com\/staging-site\/produit\/les-parents-du-prophete\/\" \/>\n<meta property=\"og:site_name\" content=\"\u00c9ditions Tawhid\" \/>\n<meta property=\"article:publisher\" content=\"https:\/\/www.facebook.com\/editiontawhid\/\" \/>\n<meta property=\"article:modified_time\" content=\"2023-07-09T20:02:37+00:00\" \/>\n<meta property=\"og:image\" content=\"https:\/\/www.edition-tawhid.com\/staging-site\/wp-content\/uploads\/2004\/03\/suyuti_parents_1_NEW.jpg\" \/>\n\t<meta property=\"og:image:width\" content=\"791\" \/>\n\t<meta property=\"og:image:height\" content=\"1024\" \/>\n\t<meta property=\"og:image:type\" content=\"image\/jpeg\" \/>\n<meta name=\"twitter:card\" content=\"summary_large_image\" \/>\n<meta name=\"twitter:label1\" content=\"Dur\u00e9e de lecture estim\u00e9e\" \/>\n\t<meta name=\"twitter:data1\" content=\"1 minute\" \/>\n<script type=\"application\/ld+json\" class=\"yoast-schema-graph\">{\"@context\":\"https:\/\/schema.org\",\"@graph\":[{\"@type\":\"WebPage\",\"@id\":\"https:\/\/www.edition-tawhid.com\/staging-site\/produit\/les-parents-du-prophete\/\",\"url\":\"https:\/\/www.edition-tawhid.com\/staging-site\/produit\/les-parents-du-prophete\/\",\"name\":\"Les parents du Proph\u00e8te - \u00c9ditions Tawhid\",\"isPartOf\":{\"@id\":\"https:\/\/www.edition-tawhid.com\/staging-site\/#website\"},\"primaryImageOfPage\":{\"@id\":\"https:\/\/www.edition-tawhid.com\/staging-site\/produit\/les-parents-du-prophete\/#primaryimage\"},\"image\":{\"@id\":\"https:\/\/www.edition-tawhid.com\/staging-site\/produit\/les-parents-du-prophete\/#primaryimage\"},\"thumbnailUrl\":\"https:\/\/www.edition-tawhid.com\/staging-site\/wp-content\/uploads\/2004\/03\/suyuti_parents_1_NEW.jpg\",\"datePublished\":\"2004-03-19T23:52:50+00:00\",\"dateModified\":\"2023-07-09T20:02:37+00:00\",\"breadcrumb\":{\"@id\":\"https:\/\/www.edition-tawhid.com\/staging-site\/produit\/les-parents-du-prophete\/#breadcrumb\"},\"inLanguage\":\"fr-FR\",\"potentialAction\":[{\"@type\":\"ReadAction\",\"target\":[\"https:\/\/www.edition-tawhid.com\/staging-site\/produit\/les-parents-du-prophete\/\"]}]},{\"@type\":\"ImageObject\",\"inLanguage\":\"fr-FR\",\"@id\":\"https:\/\/www.edition-tawhid.com\/staging-site\/produit\/les-parents-du-prophete\/#primaryimage\",\"url\":\"https:\/\/www.edition-tawhid.com\/staging-site\/wp-content\/uploads\/2004\/03\/suyuti_parents_1_NEW.jpg\",\"contentUrl\":\"https:\/\/www.edition-tawhid.com\/staging-site\/wp-content\/uploads\/2004\/03\/suyuti_parents_1_NEW.jpg\",\"width\":791,\"height\":1024},{\"@type\":\"BreadcrumbList\",\"@id\":\"https:\/\/www.edition-tawhid.com\/staging-site\/produit\/les-parents-du-prophete\/#breadcrumb\",\"itemListElement\":[{\"@type\":\"ListItem\",\"position\":1,\"name\":\"Accueil\",\"item\":\"https:\/\/www.edition-tawhid.com\/staging-site\/\"},{\"@type\":\"ListItem\",\"position\":2,\"name\":\"Tous nos livres\",\"item\":\"https:\/\/www.edition-tawhid.com\/staging-site\/tous-nos-livres\/\"},{\"@type\":\"ListItem\",\"position\":3,\"name\":\"Les parents du Proph\u00e8te\"}]},{\"@type\":\"WebSite\",\"@id\":\"https:\/\/www.edition-tawhid.com\/staging-site\/#website\",\"url\":\"https:\/\/www.edition-tawhid.com\/staging-site\/\",\"name\":\"\u00c9ditions Tawhid\",\"description\":\"Le sp\u00e9cialiste du livre islamique francophone\",\"publisher\":{\"@id\":\"https:\/\/www.edition-tawhid.com\/staging-site\/#organization\"},\"potentialAction\":[{\"@type\":\"SearchAction\",\"target\":{\"@type\":\"EntryPoint\",\"urlTemplate\":\"https:\/\/www.edition-tawhid.com\/staging-site\/?s={search_term_string}\"},\"query-input\":{\"@type\":\"PropertyValueSpecification\",\"valueRequired\":true,\"valueName\":\"search_term_string\"}}],\"inLanguage\":\"fr-FR\"},{\"@type\":\"Organization\",\"@id\":\"https:\/\/www.edition-tawhid.com\/staging-site\/#organization\",\"name\":\"Editions Tawhid\",\"url\":\"https:\/\/www.edition-tawhid.com\/staging-site\/\",\"logo\":{\"@type\":\"ImageObject\",\"inLanguage\":\"fr-FR\",\"@id\":\"https:\/\/www.edition-tawhid.com\/staging-site\/#\/schema\/logo\/image\/\",\"url\":\"https:\/\/www.edition-tawhid.com\/staging-site\/wp-content\/uploads\/2018\/12\/logo_noir_v1-01.png\",\"contentUrl\":\"https:\/\/www.edition-tawhid.com\/staging-site\/wp-content\/uploads\/2018\/12\/logo_noir_v1-01.png\",\"width\":80,\"height\":112,\"caption\":\"Editions Tawhid\"},\"image\":{\"@id\":\"https:\/\/www.edition-tawhid.com\/staging-site\/#\/schema\/logo\/image\/\"},\"sameAs\":[\"https:\/\/www.facebook.com\/editiontawhid\/\"]}]}<\/script>\n<!-- \/ Yoast SEO plugin. -->","yoast_head_json":{"title":"Les parents du Proph\u00e8te - \u00c9ditions Tawhid","robots":{"index":"noindex","follow":"follow","max-snippet":"max-snippet:-1","max-image-preview":"max-image-preview:large","max-video-preview":"max-video-preview:-1"},"og_locale":"fr_FR","og_type":"article","og_title":"Les parents du Proph\u00e8te - \u00c9ditions Tawhid","og_description":"Cet ouvrage rassemble les hadiths et les paroles des Savants de l'Islam traitant de la famille du Proph\u00e8te.","og_url":"https:\/\/www.edition-tawhid.com\/staging-site\/produit\/les-parents-du-prophete\/","og_site_name":"\u00c9ditions Tawhid","article_publisher":"https:\/\/www.facebook.com\/editiontawhid\/","article_modified_time":"2023-07-09T20:02:37+00:00","og_image":[{"width":791,"height":1024,"url":"https:\/\/www.edition-tawhid.com\/staging-site\/wp-content\/uploads\/2004\/03\/suyuti_parents_1_NEW.jpg","type":"image\/jpeg"}],"twitter_card":"summary_large_image","twitter_misc":{"Dur\u00e9e de lecture estim\u00e9e":"1 minute"},"schema":{"@context":"https:\/\/schema.org","@graph":[{"@type":"WebPage","@id":"https:\/\/www.edition-tawhid.com\/staging-site\/produit\/les-parents-du-prophete\/","url":"https:\/\/www.edition-tawhid.com\/staging-site\/produit\/les-parents-du-prophete\/","name":"Les parents du Proph\u00e8te - \u00c9ditions Tawhid","isPartOf":{"@id":"https:\/\/www.edition-tawhid.com\/staging-site\/#website"},"primaryImageOfPage":{"@id":"https:\/\/www.edition-tawhid.com\/staging-site\/produit\/les-parents-du-prophete\/#primaryimage"},"image":{"@id":"https:\/\/www.edition-tawhid.com\/staging-site\/produit\/les-parents-du-prophete\/#primaryimage"},"thumbnailUrl":"https:\/\/www.edition-tawhid.com\/staging-site\/wp-content\/uploads\/2004\/03\/suyuti_parents_1_NEW.jpg","datePublished":"2004-03-19T23:52:50+00:00","dateModified":"2023-07-09T20:02:37+00:00","breadcrumb":{"@id":"https:\/\/www.edition-tawhid.com\/staging-site\/produit\/les-parents-du-prophete\/#breadcrumb"},"inLanguage":"fr-FR","potentialAction":[{"@type":"ReadAction","target":["https:\/\/www.edition-tawhid.com\/staging-site\/produit\/les-parents-du-prophete\/"]}]},{"@type":"ImageObject","inLanguage":"fr-FR","@id":"https:\/\/www.edition-tawhid.com\/staging-site\/produit\/les-parents-du-prophete\/#primaryimage","url":"https:\/\/www.edition-tawhid.com\/staging-site\/wp-content\/uploads\/2004\/03\/suyuti_parents_1_NEW.jpg","contentUrl":"https:\/\/www.edition-tawhid.com\/staging-site\/wp-content\/uploads\/2004\/03\/suyuti_parents_1_NEW.jpg","width":791,"height":1024},{"@type":"BreadcrumbList","@id":"https:\/\/www.edition-tawhid.com\/staging-site\/produit\/les-parents-du-prophete\/#breadcrumb","itemListElement":[{"@type":"ListItem","position":1,"name":"Accueil","item":"https:\/\/www.edition-tawhid.com\/staging-site\/"},{"@type":"ListItem","position":2,"name":"Tous nos livres","item":"https:\/\/www.edition-tawhid.com\/staging-site\/tous-nos-livres\/"},{"@type":"ListItem","position":3,"name":"Les parents du Proph\u00e8te"}]},{"@type":"WebSite","@id":"https:\/\/www.edition-tawhid.com\/staging-site\/#website","url":"https:\/\/www.edition-tawhid.com\/staging-site\/","name":"\u00c9ditions Tawhid","description":"Le sp\u00e9cialiste du livre islamique francophone","publisher":{"@id":"https:\/\/www.edition-tawhid.com\/staging-site\/#organization"},"potentialAction":[{"@type":"SearchAction","target":{"@type":"EntryPoint","urlTemplate":"https:\/\/www.edition-tawhid.com\/staging-site\/?s={search_term_string}"},"query-input":{"@type":"PropertyValueSpecification","valueRequired":true,"valueName":"search_term_string"}}],"inLanguage":"fr-FR"},{"@type":"Organization","@id":"https:\/\/www.edition-tawhid.com\/staging-site\/#organization","name":"Editions Tawhid","url":"https:\/\/www.edition-tawhid.com\/staging-site\/","logo":{"@type":"ImageObject","inLanguage":"fr-FR","@id":"https:\/\/www.edition-tawhid.com\/staging-site\/#\/schema\/logo\/image\/","url":"https:\/\/www.edition-tawhid.com\/staging-site\/wp-content\/uploads\/2018\/12\/logo_noir_v1-01.png","contentUrl":"https:\/\/www.edition-tawhid.com\/staging-site\/wp-content\/uploads\/2018\/12\/logo_noir_v1-01.png","width":80,"height":112,"caption":"Editions Tawhid"},"image":{"@id":"https:\/\/www.edition-tawhid.com\/staging-site\/#\/schema\/logo\/image\/"},"sameAs":["https:\/\/www.facebook.com\/editiontawhid\/"]}]}},"_links":{"self":[{"href":"https:\/\/www.edition-tawhid.com\/staging-site\/wp-json\/wp\/v2\/product\/648","targetHints":{"allow":["GET"]}}],"collection":[{"href":"https:\/\/www.edition-tawhid.com\/staging-site\/wp-json\/wp\/v2\/product"}],"about":[{"href":"https:\/\/www.edition-tawhid.com\/staging-site\/wp-json\/wp\/v2\/types\/product"}],"replies":[{"embeddable":true,"href":"https:\/\/www.edition-tawhid.com\/staging-site\/wp-json\/wp\/v2\/comments?post=648"}],"wp:featuredmedia":[{"embeddable":true,"href":"https:\/\/www.edition-tawhid.com\/staging-site\/wp-json\/wp\/v2\/media\/12912"}],"wp:attachment":[{"href":"https:\/\/www.edition-tawhid.com\/staging-site\/wp-json\/wp\/v2\/media?parent=648"}],"wp:term":[{"taxonomy":"product_brand","embeddable":true,"href":"https:\/\/www.edition-tawhid.com\/staging-site\/wp-json\/wp\/v2\/product_brand?post=648"},{"taxonomy":"product_cat","embeddable":true,"href":"https:\/\/www.edition-tawhid.com\/staging-site\/wp-json\/wp\/v2\/product_cat?post=648"},{"taxonomy":"product_tag","embeddable":true,"href":"https:\/\/www.edition-tawhid.com\/staging-site\/wp-json\/wp\/v2\/product_tag?post=648"}],"curies":[{"name":"wp","href":"https:\/\/api.w.org\/{rel}","templated":true}]}}