{"id":652,"date":"2004-03-20T00:52:50","date_gmt":"2004-03-19T23:52:50","guid":{"rendered":"https:\/\/www.edition-tawhid.com\/staging-site\/produit\/raconte-moi-le-prophete-youssouf\/"},"modified":"2021-09-20T01:58:37","modified_gmt":"2021-09-19T23:58:37","slug":"raconte-moi-le-prophete-youssouf","status":"publish","type":"product","link":"https:\/\/www.edition-tawhid.com\/staging-site\/produit\/raconte-moi-le-prophete-youssouf\/","title":{"rendered":"Raconte-moi le proph\u00e8te Youssouf"},"content":{"rendered":"<p>Ce livre te raconte la plus merveilleuse histoire du Coran : celle du grand proph\u00e8te Youssouf (Joseph). Tu apprendras dans ce livre toutes les aventures de son destin exceptionnel : tu sauras comment il a d\u00fb faire face \u00e0 l\u2019injustice des hommes quand ses fr\u00e8res d\u00e9cid\u00e8rent de le jeter dans un puits pour se d\u00e9barrasser de lui, comment les gens qui l\u2019ont ensuite recueilli l\u2019ont vendu comme esclave, et enfin comment la femme qu\u2019il a servie pendant des ann\u00e9es l\u2019a jet\u00e9 en prison !<\/p>\n<p>Mais tu apprendras aussi comment Dieu l\u2019a accompagn\u00e9 et comment Il a soutenu le jeune Youssouf dans ses \u00e9preuves. Tu verras comment Dieu d\u00e9cida d\u2019en faire un proph\u00e8te et de l\u2019\u00e9lever en lui donnant la place la plus importante du royaume d\u2019\u00c9gypte. Enfin, tu sauras comment le proph\u00e8te Youssouf donna une le\u00e7on \u00e0 ses fr\u00e8res et retrouva enfin ses parents apr\u00e8s des ann\u00e9es de s\u00e9paration.<\/p>\n<p>Ce livre montre aussi les grandes vertus de ce noble proph\u00e8te qui avait le don d\u2019interpr\u00e9ter les r\u00eaves. Il te dit combien Youssouf a fait preuve de courage et de patience, et comment il a su placer sa confiance en Dieu m\u00eame dans les moments les plus difficiles de sa vie. Enfin, tu apprendras que, malgr\u00e9 les faveurs de Dieu, Youssouf n\u2019a jamais cess\u00e9 de travailler et d\u2019apprendre pour devenir un \u00eatre aim\u00e9 de Dieu et des hommes.<\/p>\n<p>Ce livre insiste sur les enseignements tir\u00e9s de la vie du proph\u00e8te Youssouf. Il expose les le\u00e7ons que les jeunes gens peuvent tirer dans leur vie quotidienne. Cette histoire captivante est pr\u00e9sent\u00e9e dans un style clair et simple, sous une forme \u00e9ducative, afin que les jeunes gens puissent facilement les comprendre et les appr\u00e9cier.<\/p>\n","protected":false},"excerpt":{"rendered":"<p>Ce livre te raconte la plus merveilleuse histoire du Coran : celle du grand proph\u00e8te Youssouf (Joseph).<\/p>\n","protected":false},"featured_media":12772,"comment_status":"open","ping_status":"closed","template":"","meta":{"_acf_changed":false},"product_brand":[],"product_cat":[2465],"product_tag":[],"class_list":{"0":"post-652","1":"product","2":"type-product","3":"status-publish","4":"has-post-thumbnail","6":"product_cat-jeunesse","7":"pa_book-author-saniyasnain-khan","9":"first","10":"instock","11":"taxable","12":"shipping-taxable","13":"purchasable","14":"product-type-simple"},"acf":[],"yoast_head":"<!-- This site is optimized with the Yoast SEO plugin v27.1.1 - https:\/\/yoast.com\/product\/yoast-seo-wordpress\/ -->\n<title>Raconte-moi le proph\u00e8te Youssouf - \u00c9ditions Tawhid<\/title>\n<meta name=\"robots\" content=\"noindex, follow, max-snippet:-1, max-image-preview:large, max-video-preview:-1\" \/>\n<meta property=\"og:locale\" content=\"fr_FR\" \/>\n<meta property=\"og:type\" content=\"article\" \/>\n<meta property=\"og:title\" content=\"Raconte-moi le proph\u00e8te Youssouf - \u00c9ditions Tawhid\" \/>\n<meta property=\"og:description\" content=\"Ce livre te raconte la plus merveilleuse histoire du Coran : celle du grand proph\u00e8te Youssouf (Joseph).\" \/>\n<meta property=\"og:url\" content=\"https:\/\/www.edition-tawhid.com\/staging-site\/produit\/raconte-moi-le-prophete-youssouf\/\" \/>\n<meta property=\"og:site_name\" content=\"\u00c9ditions Tawhid\" \/>\n<meta property=\"article:publisher\" content=\"https:\/\/www.facebook.com\/editiontawhid\/\" \/>\n<meta property=\"article:modified_time\" content=\"2021-09-19T23:58:37+00:00\" \/>\n<meta property=\"og:image\" content=\"https:\/\/www.edition-tawhid.com\/staging-site\/wp-content\/uploads\/2004\/03\/racontemoi_youssouf_1_NEW.jpg\" \/>\n\t<meta property=\"og:image:width\" content=\"791\" \/>\n\t<meta property=\"og:image:height\" content=\"1024\" \/>\n\t<meta property=\"og:image:type\" content=\"image\/jpeg\" \/>\n<meta name=\"twitter:card\" content=\"summary_large_image\" \/>\n<meta name=\"twitter:label1\" content=\"Dur\u00e9e de lecture estim\u00e9e\" \/>\n\t<meta name=\"twitter:data1\" content=\"2 minutes\" \/>\n<script type=\"application\/ld+json\" class=\"yoast-schema-graph\">{\"@context\":\"https:\/\/schema.org\",\"@graph\":[{\"@type\":\"WebPage\",\"@id\":\"https:\/\/www.edition-tawhid.com\/staging-site\/produit\/raconte-moi-le-prophete-youssouf\/\",\"url\":\"https:\/\/www.edition-tawhid.com\/staging-site\/produit\/raconte-moi-le-prophete-youssouf\/\",\"name\":\"Raconte-moi le proph\u00e8te Youssouf - \u00c9ditions Tawhid\",\"isPartOf\":{\"@id\":\"https:\/\/www.edition-tawhid.com\/staging-site\/#website\"},\"primaryImageOfPage\":{\"@id\":\"https:\/\/www.edition-tawhid.com\/staging-site\/produit\/raconte-moi-le-prophete-youssouf\/#primaryimage\"},\"image\":{\"@id\":\"https:\/\/www.edition-tawhid.com\/staging-site\/produit\/raconte-moi-le-prophete-youssouf\/#primaryimage\"},\"thumbnailUrl\":\"https:\/\/www.edition-tawhid.com\/staging-site\/wp-content\/uploads\/2004\/03\/racontemoi_youssouf_1_NEW.jpg\",\"datePublished\":\"2004-03-19T23:52:50+00:00\",\"dateModified\":\"2021-09-19T23:58:37+00:00\",\"breadcrumb\":{\"@id\":\"https:\/\/www.edition-tawhid.com\/staging-site\/produit\/raconte-moi-le-prophete-youssouf\/#breadcrumb\"},\"inLanguage\":\"fr-FR\",\"potentialAction\":[{\"@type\":\"ReadAction\",\"target\":[\"https:\/\/www.edition-tawhid.com\/staging-site\/produit\/raconte-moi-le-prophete-youssouf\/\"]}]},{\"@type\":\"ImageObject\",\"inLanguage\":\"fr-FR\",\"@id\":\"https:\/\/www.edition-tawhid.com\/staging-site\/produit\/raconte-moi-le-prophete-youssouf\/#primaryimage\",\"url\":\"https:\/\/www.edition-tawhid.com\/staging-site\/wp-content\/uploads\/2004\/03\/racontemoi_youssouf_1_NEW.jpg\",\"contentUrl\":\"https:\/\/www.edition-tawhid.com\/staging-site\/wp-content\/uploads\/2004\/03\/racontemoi_youssouf_1_NEW.jpg\",\"width\":791,\"height\":1024},{\"@type\":\"BreadcrumbList\",\"@id\":\"https:\/\/www.edition-tawhid.com\/staging-site\/produit\/raconte-moi-le-prophete-youssouf\/#breadcrumb\",\"itemListElement\":[{\"@type\":\"ListItem\",\"position\":1,\"name\":\"Accueil\",\"item\":\"https:\/\/www.edition-tawhid.com\/staging-site\/\"},{\"@type\":\"ListItem\",\"position\":2,\"name\":\"Tous nos livres\",\"item\":\"https:\/\/www.edition-tawhid.com\/staging-site\/tous-nos-livres\/\"},{\"@type\":\"ListItem\",\"position\":3,\"name\":\"Raconte-moi le proph\u00e8te Youssouf\"}]},{\"@type\":\"WebSite\",\"@id\":\"https:\/\/www.edition-tawhid.com\/staging-site\/#website\",\"url\":\"https:\/\/www.edition-tawhid.com\/staging-site\/\",\"name\":\"\u00c9ditions Tawhid\",\"description\":\"Le sp\u00e9cialiste du livre islamique francophone\",\"publisher\":{\"@id\":\"https:\/\/www.edition-tawhid.com\/staging-site\/#organization\"},\"potentialAction\":[{\"@type\":\"SearchAction\",\"target\":{\"@type\":\"EntryPoint\",\"urlTemplate\":\"https:\/\/www.edition-tawhid.com\/staging-site\/?s={search_term_string}\"},\"query-input\":{\"@type\":\"PropertyValueSpecification\",\"valueRequired\":true,\"valueName\":\"search_term_string\"}}],\"inLanguage\":\"fr-FR\"},{\"@type\":\"Organization\",\"@id\":\"https:\/\/www.edition-tawhid.com\/staging-site\/#organization\",\"name\":\"Editions Tawhid\",\"url\":\"https:\/\/www.edition-tawhid.com\/staging-site\/\",\"logo\":{\"@type\":\"ImageObject\",\"inLanguage\":\"fr-FR\",\"@id\":\"https:\/\/www.edition-tawhid.com\/staging-site\/#\/schema\/logo\/image\/\",\"url\":\"https:\/\/www.edition-tawhid.com\/staging-site\/wp-content\/uploads\/2018\/12\/logo_noir_v1-01.png\",\"contentUrl\":\"https:\/\/www.edition-tawhid.com\/staging-site\/wp-content\/uploads\/2018\/12\/logo_noir_v1-01.png\",\"width\":80,\"height\":112,\"caption\":\"Editions Tawhid\"},\"image\":{\"@id\":\"https:\/\/www.edition-tawhid.com\/staging-site\/#\/schema\/logo\/image\/\"},\"sameAs\":[\"https:\/\/www.facebook.com\/editiontawhid\/\"]}]}<\/script>\n<!-- \/ Yoast SEO plugin. -->","yoast_head_json":{"title":"Raconte-moi le proph\u00e8te Youssouf - \u00c9ditions Tawhid","robots":{"index":"noindex","follow":"follow","max-snippet":"max-snippet:-1","max-image-preview":"max-image-preview:large","max-video-preview":"max-video-preview:-1"},"og_locale":"fr_FR","og_type":"article","og_title":"Raconte-moi le proph\u00e8te Youssouf - \u00c9ditions Tawhid","og_description":"Ce livre te raconte la plus merveilleuse histoire du Coran : celle du grand proph\u00e8te Youssouf (Joseph).","og_url":"https:\/\/www.edition-tawhid.com\/staging-site\/produit\/raconte-moi-le-prophete-youssouf\/","og_site_name":"\u00c9ditions Tawhid","article_publisher":"https:\/\/www.facebook.com\/editiontawhid\/","article_modified_time":"2021-09-19T23:58:37+00:00","og_image":[{"width":791,"height":1024,"url":"https:\/\/www.edition-tawhid.com\/staging-site\/wp-content\/uploads\/2004\/03\/racontemoi_youssouf_1_NEW.jpg","type":"image\/jpeg"}],"twitter_card":"summary_large_image","twitter_misc":{"Dur\u00e9e de lecture estim\u00e9e":"2 minutes"},"schema":{"@context":"https:\/\/schema.org","@graph":[{"@type":"WebPage","@id":"https:\/\/www.edition-tawhid.com\/staging-site\/produit\/raconte-moi-le-prophete-youssouf\/","url":"https:\/\/www.edition-tawhid.com\/staging-site\/produit\/raconte-moi-le-prophete-youssouf\/","name":"Raconte-moi le proph\u00e8te Youssouf - \u00c9ditions Tawhid","isPartOf":{"@id":"https:\/\/www.edition-tawhid.com\/staging-site\/#website"},"primaryImageOfPage":{"@id":"https:\/\/www.edition-tawhid.com\/staging-site\/produit\/raconte-moi-le-prophete-youssouf\/#primaryimage"},"image":{"@id":"https:\/\/www.edition-tawhid.com\/staging-site\/produit\/raconte-moi-le-prophete-youssouf\/#primaryimage"},"thumbnailUrl":"https:\/\/www.edition-tawhid.com\/staging-site\/wp-content\/uploads\/2004\/03\/racontemoi_youssouf_1_NEW.jpg","datePublished":"2004-03-19T23:52:50+00:00","dateModified":"2021-09-19T23:58:37+00:00","breadcrumb":{"@id":"https:\/\/www.edition-tawhid.com\/staging-site\/produit\/raconte-moi-le-prophete-youssouf\/#breadcrumb"},"inLanguage":"fr-FR","potentialAction":[{"@type":"ReadAction","target":["https:\/\/www.edition-tawhid.com\/staging-site\/produit\/raconte-moi-le-prophete-youssouf\/"]}]},{"@type":"ImageObject","inLanguage":"fr-FR","@id":"https:\/\/www.edition-tawhid.com\/staging-site\/produit\/raconte-moi-le-prophete-youssouf\/#primaryimage","url":"https:\/\/www.edition-tawhid.com\/staging-site\/wp-content\/uploads\/2004\/03\/racontemoi_youssouf_1_NEW.jpg","contentUrl":"https:\/\/www.edition-tawhid.com\/staging-site\/wp-content\/uploads\/2004\/03\/racontemoi_youssouf_1_NEW.jpg","width":791,"height":1024},{"@type":"BreadcrumbList","@id":"https:\/\/www.edition-tawhid.com\/staging-site\/produit\/raconte-moi-le-prophete-youssouf\/#breadcrumb","itemListElement":[{"@type":"ListItem","position":1,"name":"Accueil","item":"https:\/\/www.edition-tawhid.com\/staging-site\/"},{"@type":"ListItem","position":2,"name":"Tous nos livres","item":"https:\/\/www.edition-tawhid.com\/staging-site\/tous-nos-livres\/"},{"@type":"ListItem","position":3,"name":"Raconte-moi le proph\u00e8te Youssouf"}]},{"@type":"WebSite","@id":"https:\/\/www.edition-tawhid.com\/staging-site\/#website","url":"https:\/\/www.edition-tawhid.com\/staging-site\/","name":"\u00c9ditions Tawhid","description":"Le sp\u00e9cialiste du livre islamique francophone","publisher":{"@id":"https:\/\/www.edition-tawhid.com\/staging-site\/#organization"},"potentialAction":[{"@type":"SearchAction","target":{"@type":"EntryPoint","urlTemplate":"https:\/\/www.edition-tawhid.com\/staging-site\/?s={search_term_string}"},"query-input":{"@type":"PropertyValueSpecification","valueRequired":true,"valueName":"search_term_string"}}],"inLanguage":"fr-FR"},{"@type":"Organization","@id":"https:\/\/www.edition-tawhid.com\/staging-site\/#organization","name":"Editions Tawhid","url":"https:\/\/www.edition-tawhid.com\/staging-site\/","logo":{"@type":"ImageObject","inLanguage":"fr-FR","@id":"https:\/\/www.edition-tawhid.com\/staging-site\/#\/schema\/logo\/image\/","url":"https:\/\/www.edition-tawhid.com\/staging-site\/wp-content\/uploads\/2018\/12\/logo_noir_v1-01.png","contentUrl":"https:\/\/www.edition-tawhid.com\/staging-site\/wp-content\/uploads\/2018\/12\/logo_noir_v1-01.png","width":80,"height":112,"caption":"Editions Tawhid"},"image":{"@id":"https:\/\/www.edition-tawhid.com\/staging-site\/#\/schema\/logo\/image\/"},"sameAs":["https:\/\/www.facebook.com\/editiontawhid\/"]}]}},"_links":{"self":[{"href":"https:\/\/www.edition-tawhid.com\/staging-site\/wp-json\/wp\/v2\/product\/652","targetHints":{"allow":["GET"]}}],"collection":[{"href":"https:\/\/www.edition-tawhid.com\/staging-site\/wp-json\/wp\/v2\/product"}],"about":[{"href":"https:\/\/www.edition-tawhid.com\/staging-site\/wp-json\/wp\/v2\/types\/product"}],"replies":[{"embeddable":true,"href":"https:\/\/www.edition-tawhid.com\/staging-site\/wp-json\/wp\/v2\/comments?post=652"}],"wp:featuredmedia":[{"embeddable":true,"href":"https:\/\/www.edition-tawhid.com\/staging-site\/wp-json\/wp\/v2\/media\/12772"}],"wp:attachment":[{"href":"https:\/\/www.edition-tawhid.com\/staging-site\/wp-json\/wp\/v2\/media?parent=652"}],"wp:term":[{"taxonomy":"product_brand","embeddable":true,"href":"https:\/\/www.edition-tawhid.com\/staging-site\/wp-json\/wp\/v2\/product_brand?post=652"},{"taxonomy":"product_cat","embeddable":true,"href":"https:\/\/www.edition-tawhid.com\/staging-site\/wp-json\/wp\/v2\/product_cat?post=652"},{"taxonomy":"product_tag","embeddable":true,"href":"https:\/\/www.edition-tawhid.com\/staging-site\/wp-json\/wp\/v2\/product_tag?post=652"}],"curies":[{"name":"wp","href":"https:\/\/api.w.org\/{rel}","templated":true}]}}