{"id":675,"date":"2005-03-20T00:52:50","date_gmt":"2005-03-19T23:52:50","guid":{"rendered":"https:\/\/www.edition-tawhid.com\/staging-site\/produit\/tajwid-regles-de-la-lecture-coranique-le\/"},"modified":"2023-11-08T22:50:43","modified_gmt":"2023-11-08T21:50:43","slug":"le-tajwid-regles-de-la-lecture-coranique","status":"publish","type":"product","link":"https:\/\/www.edition-tawhid.com\/staging-site\/produit\/le-tajwid-regles-de-la-lecture-coranique\/","title":{"rendered":"Le Tajw\u00eed, r\u00e8gles de la lecture coranique"},"content":{"rendered":"<p>\u00ab C\u2019est Lui qui a envoy\u00e9 \u00e0 des gens sans Livre un Messager issu d\u2019eux-m\u00eames qui leur r\u00e9cite Ses versets, les purifie et leur enseigne le Livre et la Sagesse, bien qu\u2019ils \u00e9taient auparavant dans un \u00e9garement \u00e9vident. \u00bb (Coran 62\/2)<\/p>\n<p>Le Coran renferme tout ce qui est profitable \u00e0 l\u2019humanit\u00e9 et \u00e0 son bonheur et l\u2019\u00e9loigne de tout \u00e9garement. Celui donc, qui se cramponne \u00e0 ce Livre, s\u2019adonne \u00e0 sa r\u00e9citation, \u00e0 sa m\u00e9ditation, et s\u2019efforce de le mettre en pratique, acc\u00e8dera alors au bonheur ici-bas et dans l\u2019au-del\u00e0.<\/p>\n<p>Ab\u00fb Um\u00e2ma \u2013 que Dieu soit satisfait de lui \u2013 rapporte : \u00ab J\u2019ai entendu le Messager de Dieu dire : \u00a0\u00bb R\u00e9citez le Coran ! Car au jour du Jugement il viendra interc\u00e9der en faveur de ceux qui ont l&rsquo;habitude de le r\u00e9citer \u00a0\u00bb \u00bb (Muslim)<\/p>\n<p>Til\u00e2wa est le terme que le Coran utilise pour d\u00e9crire l\u2019acte par lequel se fait la lecture. Dieu dit : \u00ab Ceux \u00e0 qui Nous avons donn\u00e9 le Livre et qui le r\u00e9citent correctement (haqqa til\u00e2watihi), ceux-l\u00e0 y croient r\u00e9ellement\u2026 \u00bb (Coran 2\/121)<\/p>\n<p>Cette r\u00e9citation, les Compagnons l\u2019ont re\u00e7ue du Proph\u00e8te. Elle se distingue de la lecture de tout autre texte. Les savants sp\u00e9cialistes lui ont consacr\u00e9 de nombreux ouvrages, elle est devenue une science \u00e0 part enti\u00e8re. Le but de l\u2019apprentissage de cette science est de pr\u00e9server le lecteur de commettre des erreurs dans sa r\u00e9citation du Coran afin de plaire \u00e0 Dieu le Tr\u00e8s-Haut.<\/p>\n<p>Cet ouvrage se pr\u00e9sente comme \u00e9tant un aper\u00e7u des r\u00e8gles de la til\u00e2wa selon l\u2019imam \u00c2sim ibn Ab\u00ee an-Naj\u00fbd, d\u2019apr\u00e8s la transmission de son \u00e9l\u00e8ve Hafs ibn Sulaym\u00e2n al-K\u00fbf\u00ee. Il servira de support th\u00e9orique \u00e0 l\u2019apprentissage de la r\u00e9citation coranique, que l\u2019apprenant accompagnera de travaux pratiques aupr\u00e8s de professeurs comp\u00e9tents.<\/p>\n","protected":false},"excerpt":{"rendered":"<p>Le Tajw\u00eed est une v\u00e9ritable science en Islam. Cet ouvrage a pour ambition d&rsquo;expliciter aux lecteurs francophones les r\u00e8gles de la lecture coranique avec le plus de clart\u00e9 possible.<\/p>\n","protected":false},"featured_media":12764,"comment_status":"open","ping_status":"closed","template":"","meta":{"_acf_changed":false},"product_brand":[],"product_cat":[2539,2466],"product_tag":[],"class_list":{"0":"post-675","1":"product","2":"type-product","3":"status-publish","4":"has-post-thumbnail","6":"product_cat-coran","7":"product_cat-initiation","8":"pa_book-author-zakaria-makri","10":"first","11":"instock","12":"taxable","13":"shipping-taxable","14":"purchasable","15":"product-type-simple"},"acf":[],"yoast_head":"<!-- This site is optimized with the Yoast SEO plugin v27.1.1 - https:\/\/yoast.com\/product\/yoast-seo-wordpress\/ -->\n<title>Le Tajw\u00eed, r\u00e8gles de la lecture coranique - \u00c9ditions Tawhid<\/title>\n<meta name=\"robots\" content=\"noindex, follow, max-snippet:-1, max-image-preview:large, max-video-preview:-1\" \/>\n<meta property=\"og:locale\" content=\"fr_FR\" \/>\n<meta property=\"og:type\" content=\"article\" \/>\n<meta property=\"og:title\" content=\"Le Tajw\u00eed, r\u00e8gles de la lecture coranique - \u00c9ditions Tawhid\" \/>\n<meta property=\"og:description\" content=\"Le Tajw\u00eed est une v\u00e9ritable science en Islam. Cet ouvrage a pour ambition d&#039;expliciter aux lecteurs francophones les r\u00e8gles de la lecture coranique avec le plus de clart\u00e9 possible.\" \/>\n<meta property=\"og:url\" content=\"https:\/\/www.edition-tawhid.com\/staging-site\/produit\/le-tajwid-regles-de-la-lecture-coranique\/\" \/>\n<meta property=\"og:site_name\" content=\"\u00c9ditions Tawhid\" \/>\n<meta property=\"article:publisher\" content=\"https:\/\/www.facebook.com\/editiontawhid\/\" \/>\n<meta property=\"article:modified_time\" content=\"2023-11-08T21:50:43+00:00\" \/>\n<meta property=\"og:image\" content=\"https:\/\/www.edition-tawhid.com\/staging-site\/wp-content\/uploads\/2005\/03\/makri_tajwid_1_NEW.jpg\" \/>\n\t<meta property=\"og:image:width\" content=\"791\" \/>\n\t<meta property=\"og:image:height\" content=\"1024\" \/>\n\t<meta property=\"og:image:type\" content=\"image\/jpeg\" \/>\n<meta name=\"twitter:card\" content=\"summary_large_image\" \/>\n<meta name=\"twitter:label1\" content=\"Dur\u00e9e de lecture estim\u00e9e\" \/>\n\t<meta name=\"twitter:data1\" content=\"2 minutes\" \/>\n<script type=\"application\/ld+json\" class=\"yoast-schema-graph\">{\"@context\":\"https:\/\/schema.org\",\"@graph\":[{\"@type\":\"WebPage\",\"@id\":\"https:\/\/www.edition-tawhid.com\/staging-site\/produit\/le-tajwid-regles-de-la-lecture-coranique\/\",\"url\":\"https:\/\/www.edition-tawhid.com\/staging-site\/produit\/le-tajwid-regles-de-la-lecture-coranique\/\",\"name\":\"Le Tajw\u00eed, r\u00e8gles de la lecture coranique - \u00c9ditions Tawhid\",\"isPartOf\":{\"@id\":\"https:\/\/www.edition-tawhid.com\/staging-site\/#website\"},\"primaryImageOfPage\":{\"@id\":\"https:\/\/www.edition-tawhid.com\/staging-site\/produit\/le-tajwid-regles-de-la-lecture-coranique\/#primaryimage\"},\"image\":{\"@id\":\"https:\/\/www.edition-tawhid.com\/staging-site\/produit\/le-tajwid-regles-de-la-lecture-coranique\/#primaryimage\"},\"thumbnailUrl\":\"https:\/\/www.edition-tawhid.com\/staging-site\/wp-content\/uploads\/2005\/03\/makri_tajwid_1_NEW.jpg\",\"datePublished\":\"2005-03-19T23:52:50+00:00\",\"dateModified\":\"2023-11-08T21:50:43+00:00\",\"breadcrumb\":{\"@id\":\"https:\/\/www.edition-tawhid.com\/staging-site\/produit\/le-tajwid-regles-de-la-lecture-coranique\/#breadcrumb\"},\"inLanguage\":\"fr-FR\",\"potentialAction\":[{\"@type\":\"ReadAction\",\"target\":[\"https:\/\/www.edition-tawhid.com\/staging-site\/produit\/le-tajwid-regles-de-la-lecture-coranique\/\"]}]},{\"@type\":\"ImageObject\",\"inLanguage\":\"fr-FR\",\"@id\":\"https:\/\/www.edition-tawhid.com\/staging-site\/produit\/le-tajwid-regles-de-la-lecture-coranique\/#primaryimage\",\"url\":\"https:\/\/www.edition-tawhid.com\/staging-site\/wp-content\/uploads\/2005\/03\/makri_tajwid_1_NEW.jpg\",\"contentUrl\":\"https:\/\/www.edition-tawhid.com\/staging-site\/wp-content\/uploads\/2005\/03\/makri_tajwid_1_NEW.jpg\",\"width\":791,\"height\":1024},{\"@type\":\"BreadcrumbList\",\"@id\":\"https:\/\/www.edition-tawhid.com\/staging-site\/produit\/le-tajwid-regles-de-la-lecture-coranique\/#breadcrumb\",\"itemListElement\":[{\"@type\":\"ListItem\",\"position\":1,\"name\":\"Accueil\",\"item\":\"https:\/\/www.edition-tawhid.com\/staging-site\/\"},{\"@type\":\"ListItem\",\"position\":2,\"name\":\"Tous nos livres\",\"item\":\"https:\/\/www.edition-tawhid.com\/staging-site\/tous-nos-livres\/\"},{\"@type\":\"ListItem\",\"position\":3,\"name\":\"Le Tajw\u00eed, r\u00e8gles de la lecture coranique\"}]},{\"@type\":\"WebSite\",\"@id\":\"https:\/\/www.edition-tawhid.com\/staging-site\/#website\",\"url\":\"https:\/\/www.edition-tawhid.com\/staging-site\/\",\"name\":\"\u00c9ditions Tawhid\",\"description\":\"Le sp\u00e9cialiste du livre islamique francophone\",\"publisher\":{\"@id\":\"https:\/\/www.edition-tawhid.com\/staging-site\/#organization\"},\"potentialAction\":[{\"@type\":\"SearchAction\",\"target\":{\"@type\":\"EntryPoint\",\"urlTemplate\":\"https:\/\/www.edition-tawhid.com\/staging-site\/?s={search_term_string}\"},\"query-input\":{\"@type\":\"PropertyValueSpecification\",\"valueRequired\":true,\"valueName\":\"search_term_string\"}}],\"inLanguage\":\"fr-FR\"},{\"@type\":\"Organization\",\"@id\":\"https:\/\/www.edition-tawhid.com\/staging-site\/#organization\",\"name\":\"Editions Tawhid\",\"url\":\"https:\/\/www.edition-tawhid.com\/staging-site\/\",\"logo\":{\"@type\":\"ImageObject\",\"inLanguage\":\"fr-FR\",\"@id\":\"https:\/\/www.edition-tawhid.com\/staging-site\/#\/schema\/logo\/image\/\",\"url\":\"https:\/\/www.edition-tawhid.com\/staging-site\/wp-content\/uploads\/2018\/12\/logo_noir_v1-01.png\",\"contentUrl\":\"https:\/\/www.edition-tawhid.com\/staging-site\/wp-content\/uploads\/2018\/12\/logo_noir_v1-01.png\",\"width\":80,\"height\":112,\"caption\":\"Editions Tawhid\"},\"image\":{\"@id\":\"https:\/\/www.edition-tawhid.com\/staging-site\/#\/schema\/logo\/image\/\"},\"sameAs\":[\"https:\/\/www.facebook.com\/editiontawhid\/\"]}]}<\/script>\n<!-- \/ Yoast SEO plugin. -->","yoast_head_json":{"title":"Le Tajw\u00eed, r\u00e8gles de la lecture coranique - \u00c9ditions Tawhid","robots":{"index":"noindex","follow":"follow","max-snippet":"max-snippet:-1","max-image-preview":"max-image-preview:large","max-video-preview":"max-video-preview:-1"},"og_locale":"fr_FR","og_type":"article","og_title":"Le Tajw\u00eed, r\u00e8gles de la lecture coranique - \u00c9ditions Tawhid","og_description":"Le Tajw\u00eed est une v\u00e9ritable science en Islam. Cet ouvrage a pour ambition d'expliciter aux lecteurs francophones les r\u00e8gles de la lecture coranique avec le plus de clart\u00e9 possible.","og_url":"https:\/\/www.edition-tawhid.com\/staging-site\/produit\/le-tajwid-regles-de-la-lecture-coranique\/","og_site_name":"\u00c9ditions Tawhid","article_publisher":"https:\/\/www.facebook.com\/editiontawhid\/","article_modified_time":"2023-11-08T21:50:43+00:00","og_image":[{"width":791,"height":1024,"url":"https:\/\/www.edition-tawhid.com\/staging-site\/wp-content\/uploads\/2005\/03\/makri_tajwid_1_NEW.jpg","type":"image\/jpeg"}],"twitter_card":"summary_large_image","twitter_misc":{"Dur\u00e9e de lecture estim\u00e9e":"2 minutes"},"schema":{"@context":"https:\/\/schema.org","@graph":[{"@type":"WebPage","@id":"https:\/\/www.edition-tawhid.com\/staging-site\/produit\/le-tajwid-regles-de-la-lecture-coranique\/","url":"https:\/\/www.edition-tawhid.com\/staging-site\/produit\/le-tajwid-regles-de-la-lecture-coranique\/","name":"Le Tajw\u00eed, r\u00e8gles de la lecture coranique - \u00c9ditions Tawhid","isPartOf":{"@id":"https:\/\/www.edition-tawhid.com\/staging-site\/#website"},"primaryImageOfPage":{"@id":"https:\/\/www.edition-tawhid.com\/staging-site\/produit\/le-tajwid-regles-de-la-lecture-coranique\/#primaryimage"},"image":{"@id":"https:\/\/www.edition-tawhid.com\/staging-site\/produit\/le-tajwid-regles-de-la-lecture-coranique\/#primaryimage"},"thumbnailUrl":"https:\/\/www.edition-tawhid.com\/staging-site\/wp-content\/uploads\/2005\/03\/makri_tajwid_1_NEW.jpg","datePublished":"2005-03-19T23:52:50+00:00","dateModified":"2023-11-08T21:50:43+00:00","breadcrumb":{"@id":"https:\/\/www.edition-tawhid.com\/staging-site\/produit\/le-tajwid-regles-de-la-lecture-coranique\/#breadcrumb"},"inLanguage":"fr-FR","potentialAction":[{"@type":"ReadAction","target":["https:\/\/www.edition-tawhid.com\/staging-site\/produit\/le-tajwid-regles-de-la-lecture-coranique\/"]}]},{"@type":"ImageObject","inLanguage":"fr-FR","@id":"https:\/\/www.edition-tawhid.com\/staging-site\/produit\/le-tajwid-regles-de-la-lecture-coranique\/#primaryimage","url":"https:\/\/www.edition-tawhid.com\/staging-site\/wp-content\/uploads\/2005\/03\/makri_tajwid_1_NEW.jpg","contentUrl":"https:\/\/www.edition-tawhid.com\/staging-site\/wp-content\/uploads\/2005\/03\/makri_tajwid_1_NEW.jpg","width":791,"height":1024},{"@type":"BreadcrumbList","@id":"https:\/\/www.edition-tawhid.com\/staging-site\/produit\/le-tajwid-regles-de-la-lecture-coranique\/#breadcrumb","itemListElement":[{"@type":"ListItem","position":1,"name":"Accueil","item":"https:\/\/www.edition-tawhid.com\/staging-site\/"},{"@type":"ListItem","position":2,"name":"Tous nos livres","item":"https:\/\/www.edition-tawhid.com\/staging-site\/tous-nos-livres\/"},{"@type":"ListItem","position":3,"name":"Le Tajw\u00eed, r\u00e8gles de la lecture coranique"}]},{"@type":"WebSite","@id":"https:\/\/www.edition-tawhid.com\/staging-site\/#website","url":"https:\/\/www.edition-tawhid.com\/staging-site\/","name":"\u00c9ditions Tawhid","description":"Le sp\u00e9cialiste du livre islamique francophone","publisher":{"@id":"https:\/\/www.edition-tawhid.com\/staging-site\/#organization"},"potentialAction":[{"@type":"SearchAction","target":{"@type":"EntryPoint","urlTemplate":"https:\/\/www.edition-tawhid.com\/staging-site\/?s={search_term_string}"},"query-input":{"@type":"PropertyValueSpecification","valueRequired":true,"valueName":"search_term_string"}}],"inLanguage":"fr-FR"},{"@type":"Organization","@id":"https:\/\/www.edition-tawhid.com\/staging-site\/#organization","name":"Editions Tawhid","url":"https:\/\/www.edition-tawhid.com\/staging-site\/","logo":{"@type":"ImageObject","inLanguage":"fr-FR","@id":"https:\/\/www.edition-tawhid.com\/staging-site\/#\/schema\/logo\/image\/","url":"https:\/\/www.edition-tawhid.com\/staging-site\/wp-content\/uploads\/2018\/12\/logo_noir_v1-01.png","contentUrl":"https:\/\/www.edition-tawhid.com\/staging-site\/wp-content\/uploads\/2018\/12\/logo_noir_v1-01.png","width":80,"height":112,"caption":"Editions Tawhid"},"image":{"@id":"https:\/\/www.edition-tawhid.com\/staging-site\/#\/schema\/logo\/image\/"},"sameAs":["https:\/\/www.facebook.com\/editiontawhid\/"]}]}},"_links":{"self":[{"href":"https:\/\/www.edition-tawhid.com\/staging-site\/wp-json\/wp\/v2\/product\/675","targetHints":{"allow":["GET"]}}],"collection":[{"href":"https:\/\/www.edition-tawhid.com\/staging-site\/wp-json\/wp\/v2\/product"}],"about":[{"href":"https:\/\/www.edition-tawhid.com\/staging-site\/wp-json\/wp\/v2\/types\/product"}],"replies":[{"embeddable":true,"href":"https:\/\/www.edition-tawhid.com\/staging-site\/wp-json\/wp\/v2\/comments?post=675"}],"wp:featuredmedia":[{"embeddable":true,"href":"https:\/\/www.edition-tawhid.com\/staging-site\/wp-json\/wp\/v2\/media\/12764"}],"wp:attachment":[{"href":"https:\/\/www.edition-tawhid.com\/staging-site\/wp-json\/wp\/v2\/media?parent=675"}],"wp:term":[{"taxonomy":"product_brand","embeddable":true,"href":"https:\/\/www.edition-tawhid.com\/staging-site\/wp-json\/wp\/v2\/product_brand?post=675"},{"taxonomy":"product_cat","embeddable":true,"href":"https:\/\/www.edition-tawhid.com\/staging-site\/wp-json\/wp\/v2\/product_cat?post=675"},{"taxonomy":"product_tag","embeddable":true,"href":"https:\/\/www.edition-tawhid.com\/staging-site\/wp-json\/wp\/v2\/product_tag?post=675"}],"curies":[{"name":"wp","href":"https:\/\/api.w.org\/{rel}","templated":true}]}}