{"id":689,"date":"2006-03-20T00:52:50","date_gmt":"2006-03-19T23:52:50","guid":{"rendered":"https:\/\/www.edition-tawhid.com\/staging-site\/produit\/dictionnaire-des-prenoms-arabes-poche\/"},"modified":"2023-01-14T04:42:30","modified_gmt":"2023-01-14T03:42:30","slug":"dictionnaire-des-prenoms-arabes-poche","status":"publish","type":"product","link":"https:\/\/www.edition-tawhid.com\/staging-site\/produit\/dictionnaire-des-prenoms-arabes-poche\/","title":{"rendered":"Dictionnaire des pr\u00e9noms arabes"},"content":{"rendered":"<p>L&rsquo;annonce de la venue d&rsquo;un enfant est un \u00e9v\u00e9nement qui suscite beaucoup d&rsquo;\u00e9motions et donne lieu, souvent bien avant la naissance, \u00e0 des d\u00e9lib\u00e9rations enthousiastes, mais \u00e9galement anxieuses, sur le choix du pr\u00e9nom qui lui sera attribu\u00e9. Donner un pr\u00e9nom \u00e0 son enfant est en effet le premier acte officiel que l&rsquo;on accomplit pour lui.<\/p>\n<p>Le pr\u00e9nom, qui nous accompagne du premier au dernier jour de notre vie, est un signe de reconnaissance faisant partie int\u00e9grante de notre personnalit\u00e9. Il est charg\u00e9 de sens, de symboles et d&rsquo;histoire, \u00e9l\u00e9ments souvent m\u00e9connus et rarement consid\u00e9r\u00e9s lors du choix du pr\u00e9nom par les futurs parents.<\/p>\n<p>Choisir un pr\u00e9nom pour leur enfant est donc l&rsquo;une des toutes premi\u00e8res responsabilit\u00e9s des parents.<\/p>\n<p>Le Dictionnaire des pr\u00e9noms arabes est un guide pratique qui aidera les parents \u00e0 faire le bon choix. Il pr\u00e9sente et d\u00e9finit plus de 4700 pr\u00e9noms arabes dont les plus anciens tomb\u00e9s en d\u00e9su\u00e9tude.<\/p>\n<p>Pour chaque pr\u00e9nom: l&rsquo;\u00e9criture arabe, la translitt\u00e9ration, le genre, l&rsquo;origine, la signification, l&rsquo;\u00e9tymologie, une biographie du (ou des) personnage(s) qui ont illustr\u00e9 ce pr\u00e9nom. Une mine d&rsquo;informations. d&rsquo;id\u00e9es&#8230; et des conseils pour faire le bon choix.<\/p>\n","protected":false},"excerpt":{"rendered":"<p>L&rsquo;annonce de la venue d&rsquo;un enfant est un \u00e9v\u00e9nement qui suscite beaucoup d&rsquo;\u00e9motions, notamment sur le choix du pr\u00e9nom qui lui sera attribu\u00e9. Ce dictionnaire est un ouvrage exceptionnel et le plus complet sur ce th\u00e8me.<\/p>\n","protected":false},"featured_media":12864,"comment_status":"open","ping_status":"closed","template":"","meta":{"_acf_changed":false},"product_brand":[],"product_cat":[15],"product_tag":[],"class_list":{"0":"post-689","1":"product","2":"type-product","3":"status-publish","4":"has-post-thumbnail","6":"product_cat-famille","7":"pa_book-author-dina-tidjani","9":"first","10":"instock","11":"taxable","12":"shipping-taxable","13":"purchasable","14":"product-type-variable","15":"has-default-attributes","16":"wvs-archive-product-wrapper"},"acf":[],"yoast_head":"<!-- This site is optimized with the Yoast SEO plugin v27.1.1 - https:\/\/yoast.com\/product\/yoast-seo-wordpress\/ -->\n<title>Dictionnaire des pr\u00e9noms arabes - \u00c9ditions Tawhid<\/title>\n<meta name=\"robots\" content=\"noindex, follow, max-snippet:-1, max-image-preview:large, max-video-preview:-1\" \/>\n<meta property=\"og:locale\" content=\"fr_FR\" \/>\n<meta property=\"og:type\" content=\"article\" \/>\n<meta property=\"og:title\" content=\"Dictionnaire des pr\u00e9noms arabes - \u00c9ditions Tawhid\" \/>\n<meta property=\"og:description\" content=\"L&#039;annonce de la venue d&#039;un enfant est un \u00e9v\u00e9nement qui suscite beaucoup d&#039;\u00e9motions, notamment sur le choix du pr\u00e9nom qui lui sera attribu\u00e9. Ce dictionnaire est un ouvrage exceptionnel et le plus complet sur ce th\u00e8me.\" \/>\n<meta property=\"og:url\" content=\"https:\/\/www.edition-tawhid.com\/staging-site\/produit\/dictionnaire-des-prenoms-arabes-poche\/\" \/>\n<meta property=\"og:site_name\" content=\"\u00c9ditions Tawhid\" \/>\n<meta property=\"article:publisher\" content=\"https:\/\/www.facebook.com\/editiontawhid\/\" \/>\n<meta property=\"article:modified_time\" content=\"2023-01-14T03:42:30+00:00\" \/>\n<meta property=\"og:image\" content=\"https:\/\/www.edition-tawhid.com\/staging-site\/wp-content\/uploads\/2006\/03\/dico_poche_1_NEW.jpg\" \/>\n\t<meta property=\"og:image:width\" content=\"791\" \/>\n\t<meta property=\"og:image:height\" content=\"1024\" \/>\n\t<meta property=\"og:image:type\" content=\"image\/jpeg\" \/>\n<meta name=\"twitter:card\" content=\"summary_large_image\" \/>\n<meta name=\"twitter:label1\" content=\"Dur\u00e9e de lecture estim\u00e9e\" \/>\n\t<meta name=\"twitter:data1\" content=\"1 minute\" \/>\n<script type=\"application\/ld+json\" class=\"yoast-schema-graph\">{\"@context\":\"https:\/\/schema.org\",\"@graph\":[{\"@type\":\"WebPage\",\"@id\":\"https:\/\/www.edition-tawhid.com\/staging-site\/produit\/dictionnaire-des-prenoms-arabes-poche\/\",\"url\":\"https:\/\/www.edition-tawhid.com\/staging-site\/produit\/dictionnaire-des-prenoms-arabes-poche\/\",\"name\":\"Dictionnaire des pr\u00e9noms arabes - \u00c9ditions Tawhid\",\"isPartOf\":{\"@id\":\"https:\/\/www.edition-tawhid.com\/staging-site\/#website\"},\"primaryImageOfPage\":{\"@id\":\"https:\/\/www.edition-tawhid.com\/staging-site\/produit\/dictionnaire-des-prenoms-arabes-poche\/#primaryimage\"},\"image\":{\"@id\":\"https:\/\/www.edition-tawhid.com\/staging-site\/produit\/dictionnaire-des-prenoms-arabes-poche\/#primaryimage\"},\"thumbnailUrl\":\"https:\/\/www.edition-tawhid.com\/staging-site\/wp-content\/uploads\/2006\/03\/dico_poche_1_NEW.jpg\",\"datePublished\":\"2006-03-19T23:52:50+00:00\",\"dateModified\":\"2023-01-14T03:42:30+00:00\",\"breadcrumb\":{\"@id\":\"https:\/\/www.edition-tawhid.com\/staging-site\/produit\/dictionnaire-des-prenoms-arabes-poche\/#breadcrumb\"},\"inLanguage\":\"fr-FR\",\"potentialAction\":[{\"@type\":\"ReadAction\",\"target\":[\"https:\/\/www.edition-tawhid.com\/staging-site\/produit\/dictionnaire-des-prenoms-arabes-poche\/\"]}]},{\"@type\":\"ImageObject\",\"inLanguage\":\"fr-FR\",\"@id\":\"https:\/\/www.edition-tawhid.com\/staging-site\/produit\/dictionnaire-des-prenoms-arabes-poche\/#primaryimage\",\"url\":\"https:\/\/www.edition-tawhid.com\/staging-site\/wp-content\/uploads\/2006\/03\/dico_poche_1_NEW.jpg\",\"contentUrl\":\"https:\/\/www.edition-tawhid.com\/staging-site\/wp-content\/uploads\/2006\/03\/dico_poche_1_NEW.jpg\",\"width\":791,\"height\":1024},{\"@type\":\"BreadcrumbList\",\"@id\":\"https:\/\/www.edition-tawhid.com\/staging-site\/produit\/dictionnaire-des-prenoms-arabes-poche\/#breadcrumb\",\"itemListElement\":[{\"@type\":\"ListItem\",\"position\":1,\"name\":\"Accueil\",\"item\":\"https:\/\/www.edition-tawhid.com\/staging-site\/\"},{\"@type\":\"ListItem\",\"position\":2,\"name\":\"Tous nos livres\",\"item\":\"https:\/\/www.edition-tawhid.com\/staging-site\/tous-nos-livres\/\"},{\"@type\":\"ListItem\",\"position\":3,\"name\":\"Dictionnaire des pr\u00e9noms arabes\"}]},{\"@type\":\"WebSite\",\"@id\":\"https:\/\/www.edition-tawhid.com\/staging-site\/#website\",\"url\":\"https:\/\/www.edition-tawhid.com\/staging-site\/\",\"name\":\"\u00c9ditions Tawhid\",\"description\":\"Le sp\u00e9cialiste du livre islamique francophone\",\"publisher\":{\"@id\":\"https:\/\/www.edition-tawhid.com\/staging-site\/#organization\"},\"potentialAction\":[{\"@type\":\"SearchAction\",\"target\":{\"@type\":\"EntryPoint\",\"urlTemplate\":\"https:\/\/www.edition-tawhid.com\/staging-site\/?s={search_term_string}\"},\"query-input\":{\"@type\":\"PropertyValueSpecification\",\"valueRequired\":true,\"valueName\":\"search_term_string\"}}],\"inLanguage\":\"fr-FR\"},{\"@type\":\"Organization\",\"@id\":\"https:\/\/www.edition-tawhid.com\/staging-site\/#organization\",\"name\":\"Editions Tawhid\",\"url\":\"https:\/\/www.edition-tawhid.com\/staging-site\/\",\"logo\":{\"@type\":\"ImageObject\",\"inLanguage\":\"fr-FR\",\"@id\":\"https:\/\/www.edition-tawhid.com\/staging-site\/#\/schema\/logo\/image\/\",\"url\":\"https:\/\/www.edition-tawhid.com\/staging-site\/wp-content\/uploads\/2018\/12\/logo_noir_v1-01.png\",\"contentUrl\":\"https:\/\/www.edition-tawhid.com\/staging-site\/wp-content\/uploads\/2018\/12\/logo_noir_v1-01.png\",\"width\":80,\"height\":112,\"caption\":\"Editions Tawhid\"},\"image\":{\"@id\":\"https:\/\/www.edition-tawhid.com\/staging-site\/#\/schema\/logo\/image\/\"},\"sameAs\":[\"https:\/\/www.facebook.com\/editiontawhid\/\"]}]}<\/script>\n<!-- \/ Yoast SEO plugin. -->","yoast_head_json":{"title":"Dictionnaire des pr\u00e9noms arabes - \u00c9ditions Tawhid","robots":{"index":"noindex","follow":"follow","max-snippet":"max-snippet:-1","max-image-preview":"max-image-preview:large","max-video-preview":"max-video-preview:-1"},"og_locale":"fr_FR","og_type":"article","og_title":"Dictionnaire des pr\u00e9noms arabes - \u00c9ditions Tawhid","og_description":"L'annonce de la venue d'un enfant est un \u00e9v\u00e9nement qui suscite beaucoup d'\u00e9motions, notamment sur le choix du pr\u00e9nom qui lui sera attribu\u00e9. Ce dictionnaire est un ouvrage exceptionnel et le plus complet sur ce th\u00e8me.","og_url":"https:\/\/www.edition-tawhid.com\/staging-site\/produit\/dictionnaire-des-prenoms-arabes-poche\/","og_site_name":"\u00c9ditions Tawhid","article_publisher":"https:\/\/www.facebook.com\/editiontawhid\/","article_modified_time":"2023-01-14T03:42:30+00:00","og_image":[{"width":791,"height":1024,"url":"https:\/\/www.edition-tawhid.com\/staging-site\/wp-content\/uploads\/2006\/03\/dico_poche_1_NEW.jpg","type":"image\/jpeg"}],"twitter_card":"summary_large_image","twitter_misc":{"Dur\u00e9e de lecture estim\u00e9e":"1 minute"},"schema":{"@context":"https:\/\/schema.org","@graph":[{"@type":"WebPage","@id":"https:\/\/www.edition-tawhid.com\/staging-site\/produit\/dictionnaire-des-prenoms-arabes-poche\/","url":"https:\/\/www.edition-tawhid.com\/staging-site\/produit\/dictionnaire-des-prenoms-arabes-poche\/","name":"Dictionnaire des pr\u00e9noms arabes - \u00c9ditions Tawhid","isPartOf":{"@id":"https:\/\/www.edition-tawhid.com\/staging-site\/#website"},"primaryImageOfPage":{"@id":"https:\/\/www.edition-tawhid.com\/staging-site\/produit\/dictionnaire-des-prenoms-arabes-poche\/#primaryimage"},"image":{"@id":"https:\/\/www.edition-tawhid.com\/staging-site\/produit\/dictionnaire-des-prenoms-arabes-poche\/#primaryimage"},"thumbnailUrl":"https:\/\/www.edition-tawhid.com\/staging-site\/wp-content\/uploads\/2006\/03\/dico_poche_1_NEW.jpg","datePublished":"2006-03-19T23:52:50+00:00","dateModified":"2023-01-14T03:42:30+00:00","breadcrumb":{"@id":"https:\/\/www.edition-tawhid.com\/staging-site\/produit\/dictionnaire-des-prenoms-arabes-poche\/#breadcrumb"},"inLanguage":"fr-FR","potentialAction":[{"@type":"ReadAction","target":["https:\/\/www.edition-tawhid.com\/staging-site\/produit\/dictionnaire-des-prenoms-arabes-poche\/"]}]},{"@type":"ImageObject","inLanguage":"fr-FR","@id":"https:\/\/www.edition-tawhid.com\/staging-site\/produit\/dictionnaire-des-prenoms-arabes-poche\/#primaryimage","url":"https:\/\/www.edition-tawhid.com\/staging-site\/wp-content\/uploads\/2006\/03\/dico_poche_1_NEW.jpg","contentUrl":"https:\/\/www.edition-tawhid.com\/staging-site\/wp-content\/uploads\/2006\/03\/dico_poche_1_NEW.jpg","width":791,"height":1024},{"@type":"BreadcrumbList","@id":"https:\/\/www.edition-tawhid.com\/staging-site\/produit\/dictionnaire-des-prenoms-arabes-poche\/#breadcrumb","itemListElement":[{"@type":"ListItem","position":1,"name":"Accueil","item":"https:\/\/www.edition-tawhid.com\/staging-site\/"},{"@type":"ListItem","position":2,"name":"Tous nos livres","item":"https:\/\/www.edition-tawhid.com\/staging-site\/tous-nos-livres\/"},{"@type":"ListItem","position":3,"name":"Dictionnaire des pr\u00e9noms arabes"}]},{"@type":"WebSite","@id":"https:\/\/www.edition-tawhid.com\/staging-site\/#website","url":"https:\/\/www.edition-tawhid.com\/staging-site\/","name":"\u00c9ditions Tawhid","description":"Le sp\u00e9cialiste du livre islamique francophone","publisher":{"@id":"https:\/\/www.edition-tawhid.com\/staging-site\/#organization"},"potentialAction":[{"@type":"SearchAction","target":{"@type":"EntryPoint","urlTemplate":"https:\/\/www.edition-tawhid.com\/staging-site\/?s={search_term_string}"},"query-input":{"@type":"PropertyValueSpecification","valueRequired":true,"valueName":"search_term_string"}}],"inLanguage":"fr-FR"},{"@type":"Organization","@id":"https:\/\/www.edition-tawhid.com\/staging-site\/#organization","name":"Editions Tawhid","url":"https:\/\/www.edition-tawhid.com\/staging-site\/","logo":{"@type":"ImageObject","inLanguage":"fr-FR","@id":"https:\/\/www.edition-tawhid.com\/staging-site\/#\/schema\/logo\/image\/","url":"https:\/\/www.edition-tawhid.com\/staging-site\/wp-content\/uploads\/2018\/12\/logo_noir_v1-01.png","contentUrl":"https:\/\/www.edition-tawhid.com\/staging-site\/wp-content\/uploads\/2018\/12\/logo_noir_v1-01.png","width":80,"height":112,"caption":"Editions Tawhid"},"image":{"@id":"https:\/\/www.edition-tawhid.com\/staging-site\/#\/schema\/logo\/image\/"},"sameAs":["https:\/\/www.facebook.com\/editiontawhid\/"]}]}},"_links":{"self":[{"href":"https:\/\/www.edition-tawhid.com\/staging-site\/wp-json\/wp\/v2\/product\/689","targetHints":{"allow":["GET"]}}],"collection":[{"href":"https:\/\/www.edition-tawhid.com\/staging-site\/wp-json\/wp\/v2\/product"}],"about":[{"href":"https:\/\/www.edition-tawhid.com\/staging-site\/wp-json\/wp\/v2\/types\/product"}],"replies":[{"embeddable":true,"href":"https:\/\/www.edition-tawhid.com\/staging-site\/wp-json\/wp\/v2\/comments?post=689"}],"wp:featuredmedia":[{"embeddable":true,"href":"https:\/\/www.edition-tawhid.com\/staging-site\/wp-json\/wp\/v2\/media\/12864"}],"wp:attachment":[{"href":"https:\/\/www.edition-tawhid.com\/staging-site\/wp-json\/wp\/v2\/media?parent=689"}],"wp:term":[{"taxonomy":"product_brand","embeddable":true,"href":"https:\/\/www.edition-tawhid.com\/staging-site\/wp-json\/wp\/v2\/product_brand?post=689"},{"taxonomy":"product_cat","embeddable":true,"href":"https:\/\/www.edition-tawhid.com\/staging-site\/wp-json\/wp\/v2\/product_cat?post=689"},{"taxonomy":"product_tag","embeddable":true,"href":"https:\/\/www.edition-tawhid.com\/staging-site\/wp-json\/wp\/v2\/product_tag?post=689"}],"curies":[{"name":"wp","href":"https:\/\/api.w.org\/{rel}","templated":true}]}}