{"id":7234,"date":"2019-10-24T14:14:12","date_gmt":"2019-10-24T12:14:12","guid":{"rendered":"https:\/\/www.edition-tawhid.com\/staging-site\/?post_type=product&#038;p=7234"},"modified":"2023-07-15T10:08:25","modified_gmt":"2023-07-15T08:08:25","slug":"lethique-biomedicale","status":"publish","type":"product","link":"https:\/\/www.edition-tawhid.com\/staging-site\/produit\/lethique-biomedicale\/","title":{"rendered":"L&rsquo;\u00e9thique biom\u00e9dicale"},"content":{"rendered":"<p>Les savants musulmans et les professionnels de la m\u00e9decine sont confront\u00e9s \u00e0 d\u2019urgentes questions \u00e9thiques (l\u2019avortement, la f\u00e9condation in vitro, la fin de vie, le don ou la transplantation d\u2019organes) pos\u00e9es par les avanc\u00e9es de la biom\u00e9decine. Leur r\u00e9ponse \u00e9thico-juridique \u00e0 ces questions et leurs efforts pour interagir avec la th\u00e9orie occidentale dominante en bio\u00e9thique ont contribu\u00e9 \u00e0 un discours sur \u00ab l\u2019islam et l\u2019\u00e9thique m\u00e9dicale \u00bb, bien que le cadre th\u00e9orique d\u2019une \u00ab bio\u00e9thique islamique \u00bb reste \u00e0 \u00e9laborer.<\/p>\n<p>Cet ouvrage est issu des actes d\u2019un s\u00e9minaire de trois jours organis\u00e9 par le Centre de Recherche sur la L\u00e9gislation islamique et l\u2019\u00e9thique (CILE) \u00e0 Doha. L\u2019un des objectifs du CILE est de faciliter les rencontres entre les <em>\u2018ulam\u00e2\u2019<\/em> et les scientifiques d\u2019une sp\u00e9cialit\u00e9 donn\u00e9e pour mieux d\u00e9velopper les \u00e9changes d\u2019opinions et promouvoir des r\u00e9flexions de l\u2019int\u00e9rieur m\u00eame des domaines scientifiques \u00e9tudi\u00e9s.<\/p>\n<p>Dans la liste des participants figuraient quatre savants religieux musulmans, deux m\u00e9decins musulmans et deux bio\u00e9thiciens. Les savants religieux musulmans invit\u00e9s \u00e9taient Cheikh Ahmed Raissouni (Maroc), Cheikh Abdul Sattar Abu Ghuddah (Syrie), Cheikh Ali Al-Qaradagahi (Qatar) et Cheikh Abdullah Bin Bayyah (Mauritanie). Les deux m\u00e9decins musulmans \u00e9taient Hassan Chamsi-Pasha (Syrie) et Mohammed Ali Al-Bar (Arabie Saoudite). Les deux bio\u00e9thiciens \u00e9taient Tom Beauchamp (Etats-Unis) et Annelien Bredenoord (Pays-Bas).<\/p>\n<p>Cet ouvrage vient rappeler l\u2019imp\u00e9ratif d\u2019engager un d\u00e9bat de soci\u00e9t\u00e9 honn\u00eate faisant appel aux \u00e9clairages des praticiens biom\u00e9dicaux, des sp\u00e9cialistes des sciences sociales, des philosophes, des savants religieux et des gens ordinaires sur la recherche et la pratique biom\u00e9dicales et sur les aspects psycho-socio-spirituels et politico-\u00e9conomiques de la sant\u00e9 et du bien-\u00eatre. \u00e0 travers tout cela, nous devons prendre en consid\u00e9ration le contexte historique qui a donn\u00e9 naissance \u00e0 la biom\u00e9decine et la bio\u00e9thique ; nous devons proc\u00e9der \u00e0 l\u2019examen critique de leurs \u00e9volutions actuelles et \u00e9valuer le risque et les possibilit\u00e9s qu\u2019ils repr\u00e9sentent pour les g\u00e9n\u00e9rations pr\u00e9sentes et futures.<\/p>\n","protected":false},"excerpt":{"rendered":"<p class=\"p1\">Des savants religieux et des sp\u00e9cialistes de la biom\u00e9decine musulmans d\u00e9battent avec des sp\u00e9cialistes occidentaux de l\u2019\u00e9thique biom\u00e9dicale<\/p>\n","protected":false},"featured_media":12737,"comment_status":"open","ping_status":"closed","template":"","meta":{"_acf_changed":false},"product_brand":[],"product_cat":[2480],"product_tag":[],"class_list":{"0":"post-7234","1":"product","2":"type-product","3":"status-publish","4":"has-post-thumbnail","6":"product_cat-pensee","7":"pa_book-author-mohammed-ghaly","9":"first","10":"instock","11":"taxable","12":"shipping-taxable","13":"purchasable","14":"product-type-simple"},"acf":[],"yoast_head":"<!-- This site is optimized with the Yoast SEO plugin v27.1.1 - https:\/\/yoast.com\/product\/yoast-seo-wordpress\/ -->\n<title>L&#039;\u00e9thique biom\u00e9dicale - \u00c9ditions Tawhid<\/title>\n<meta name=\"robots\" content=\"noindex, follow, max-snippet:-1, max-image-preview:large, max-video-preview:-1\" \/>\n<meta property=\"og:locale\" content=\"fr_FR\" \/>\n<meta property=\"og:type\" content=\"article\" \/>\n<meta property=\"og:title\" content=\"L&#039;\u00e9thique biom\u00e9dicale - \u00c9ditions Tawhid\" \/>\n<meta property=\"og:description\" content=\"Des savants religieux et des sp\u00e9cialistes de la biom\u00e9decine musulmans d\u00e9battent avec des sp\u00e9cialistes occidentaux de l\u2019\u00e9thique biom\u00e9dicale\" \/>\n<meta property=\"og:url\" content=\"https:\/\/www.edition-tawhid.com\/staging-site\/produit\/lethique-biomedicale\/\" \/>\n<meta property=\"og:site_name\" content=\"\u00c9ditions Tawhid\" \/>\n<meta property=\"article:publisher\" content=\"https:\/\/www.facebook.com\/editiontawhid\/\" \/>\n<meta property=\"article:modified_time\" content=\"2023-07-15T08:08:25+00:00\" \/>\n<meta property=\"og:image\" content=\"https:\/\/www.edition-tawhid.com\/staging-site\/wp-content\/uploads\/2019\/10\/ghaly_biomedicale_1_NEW.jpg\" \/>\n\t<meta property=\"og:image:width\" content=\"791\" \/>\n\t<meta property=\"og:image:height\" content=\"1024\" \/>\n\t<meta property=\"og:image:type\" content=\"image\/jpeg\" \/>\n<meta name=\"twitter:card\" content=\"summary_large_image\" \/>\n<meta name=\"twitter:label1\" content=\"Dur\u00e9e de lecture estim\u00e9e\" \/>\n\t<meta name=\"twitter:data1\" content=\"2 minutes\" \/>\n<script type=\"application\/ld+json\" class=\"yoast-schema-graph\">{\"@context\":\"https:\/\/schema.org\",\"@graph\":[{\"@type\":\"WebPage\",\"@id\":\"https:\/\/www.edition-tawhid.com\/staging-site\/produit\/lethique-biomedicale\/\",\"url\":\"https:\/\/www.edition-tawhid.com\/staging-site\/produit\/lethique-biomedicale\/\",\"name\":\"L'\u00e9thique biom\u00e9dicale - \u00c9ditions Tawhid\",\"isPartOf\":{\"@id\":\"https:\/\/www.edition-tawhid.com\/staging-site\/#website\"},\"primaryImageOfPage\":{\"@id\":\"https:\/\/www.edition-tawhid.com\/staging-site\/produit\/lethique-biomedicale\/#primaryimage\"},\"image\":{\"@id\":\"https:\/\/www.edition-tawhid.com\/staging-site\/produit\/lethique-biomedicale\/#primaryimage\"},\"thumbnailUrl\":\"https:\/\/www.edition-tawhid.com\/staging-site\/wp-content\/uploads\/2019\/10\/ghaly_biomedicale_1_NEW.jpg\",\"datePublished\":\"2019-10-24T12:14:12+00:00\",\"dateModified\":\"2023-07-15T08:08:25+00:00\",\"breadcrumb\":{\"@id\":\"https:\/\/www.edition-tawhid.com\/staging-site\/produit\/lethique-biomedicale\/#breadcrumb\"},\"inLanguage\":\"fr-FR\",\"potentialAction\":[{\"@type\":\"ReadAction\",\"target\":[\"https:\/\/www.edition-tawhid.com\/staging-site\/produit\/lethique-biomedicale\/\"]}]},{\"@type\":\"ImageObject\",\"inLanguage\":\"fr-FR\",\"@id\":\"https:\/\/www.edition-tawhid.com\/staging-site\/produit\/lethique-biomedicale\/#primaryimage\",\"url\":\"https:\/\/www.edition-tawhid.com\/staging-site\/wp-content\/uploads\/2019\/10\/ghaly_biomedicale_1_NEW.jpg\",\"contentUrl\":\"https:\/\/www.edition-tawhid.com\/staging-site\/wp-content\/uploads\/2019\/10\/ghaly_biomedicale_1_NEW.jpg\",\"width\":791,\"height\":1024},{\"@type\":\"BreadcrumbList\",\"@id\":\"https:\/\/www.edition-tawhid.com\/staging-site\/produit\/lethique-biomedicale\/#breadcrumb\",\"itemListElement\":[{\"@type\":\"ListItem\",\"position\":1,\"name\":\"Accueil\",\"item\":\"https:\/\/www.edition-tawhid.com\/staging-site\/\"},{\"@type\":\"ListItem\",\"position\":2,\"name\":\"Tous nos livres\",\"item\":\"https:\/\/www.edition-tawhid.com\/staging-site\/tous-nos-livres\/\"},{\"@type\":\"ListItem\",\"position\":3,\"name\":\"L&#8217;\u00e9thique biom\u00e9dicale\"}]},{\"@type\":\"WebSite\",\"@id\":\"https:\/\/www.edition-tawhid.com\/staging-site\/#website\",\"url\":\"https:\/\/www.edition-tawhid.com\/staging-site\/\",\"name\":\"\u00c9ditions Tawhid\",\"description\":\"Le sp\u00e9cialiste du livre islamique francophone\",\"publisher\":{\"@id\":\"https:\/\/www.edition-tawhid.com\/staging-site\/#organization\"},\"potentialAction\":[{\"@type\":\"SearchAction\",\"target\":{\"@type\":\"EntryPoint\",\"urlTemplate\":\"https:\/\/www.edition-tawhid.com\/staging-site\/?s={search_term_string}\"},\"query-input\":{\"@type\":\"PropertyValueSpecification\",\"valueRequired\":true,\"valueName\":\"search_term_string\"}}],\"inLanguage\":\"fr-FR\"},{\"@type\":\"Organization\",\"@id\":\"https:\/\/www.edition-tawhid.com\/staging-site\/#organization\",\"name\":\"Editions Tawhid\",\"url\":\"https:\/\/www.edition-tawhid.com\/staging-site\/\",\"logo\":{\"@type\":\"ImageObject\",\"inLanguage\":\"fr-FR\",\"@id\":\"https:\/\/www.edition-tawhid.com\/staging-site\/#\/schema\/logo\/image\/\",\"url\":\"https:\/\/www.edition-tawhid.com\/staging-site\/wp-content\/uploads\/2018\/12\/logo_noir_v1-01.png\",\"contentUrl\":\"https:\/\/www.edition-tawhid.com\/staging-site\/wp-content\/uploads\/2018\/12\/logo_noir_v1-01.png\",\"width\":80,\"height\":112,\"caption\":\"Editions Tawhid\"},\"image\":{\"@id\":\"https:\/\/www.edition-tawhid.com\/staging-site\/#\/schema\/logo\/image\/\"},\"sameAs\":[\"https:\/\/www.facebook.com\/editiontawhid\/\"]}]}<\/script>\n<!-- \/ Yoast SEO plugin. -->","yoast_head_json":{"title":"L'\u00e9thique biom\u00e9dicale - \u00c9ditions Tawhid","robots":{"index":"noindex","follow":"follow","max-snippet":"max-snippet:-1","max-image-preview":"max-image-preview:large","max-video-preview":"max-video-preview:-1"},"og_locale":"fr_FR","og_type":"article","og_title":"L'\u00e9thique biom\u00e9dicale - \u00c9ditions Tawhid","og_description":"Des savants religieux et des sp\u00e9cialistes de la biom\u00e9decine musulmans d\u00e9battent avec des sp\u00e9cialistes occidentaux de l\u2019\u00e9thique biom\u00e9dicale","og_url":"https:\/\/www.edition-tawhid.com\/staging-site\/produit\/lethique-biomedicale\/","og_site_name":"\u00c9ditions Tawhid","article_publisher":"https:\/\/www.facebook.com\/editiontawhid\/","article_modified_time":"2023-07-15T08:08:25+00:00","og_image":[{"width":791,"height":1024,"url":"https:\/\/www.edition-tawhid.com\/staging-site\/wp-content\/uploads\/2019\/10\/ghaly_biomedicale_1_NEW.jpg","type":"image\/jpeg"}],"twitter_card":"summary_large_image","twitter_misc":{"Dur\u00e9e de lecture estim\u00e9e":"2 minutes"},"schema":{"@context":"https:\/\/schema.org","@graph":[{"@type":"WebPage","@id":"https:\/\/www.edition-tawhid.com\/staging-site\/produit\/lethique-biomedicale\/","url":"https:\/\/www.edition-tawhid.com\/staging-site\/produit\/lethique-biomedicale\/","name":"L'\u00e9thique biom\u00e9dicale - \u00c9ditions Tawhid","isPartOf":{"@id":"https:\/\/www.edition-tawhid.com\/staging-site\/#website"},"primaryImageOfPage":{"@id":"https:\/\/www.edition-tawhid.com\/staging-site\/produit\/lethique-biomedicale\/#primaryimage"},"image":{"@id":"https:\/\/www.edition-tawhid.com\/staging-site\/produit\/lethique-biomedicale\/#primaryimage"},"thumbnailUrl":"https:\/\/www.edition-tawhid.com\/staging-site\/wp-content\/uploads\/2019\/10\/ghaly_biomedicale_1_NEW.jpg","datePublished":"2019-10-24T12:14:12+00:00","dateModified":"2023-07-15T08:08:25+00:00","breadcrumb":{"@id":"https:\/\/www.edition-tawhid.com\/staging-site\/produit\/lethique-biomedicale\/#breadcrumb"},"inLanguage":"fr-FR","potentialAction":[{"@type":"ReadAction","target":["https:\/\/www.edition-tawhid.com\/staging-site\/produit\/lethique-biomedicale\/"]}]},{"@type":"ImageObject","inLanguage":"fr-FR","@id":"https:\/\/www.edition-tawhid.com\/staging-site\/produit\/lethique-biomedicale\/#primaryimage","url":"https:\/\/www.edition-tawhid.com\/staging-site\/wp-content\/uploads\/2019\/10\/ghaly_biomedicale_1_NEW.jpg","contentUrl":"https:\/\/www.edition-tawhid.com\/staging-site\/wp-content\/uploads\/2019\/10\/ghaly_biomedicale_1_NEW.jpg","width":791,"height":1024},{"@type":"BreadcrumbList","@id":"https:\/\/www.edition-tawhid.com\/staging-site\/produit\/lethique-biomedicale\/#breadcrumb","itemListElement":[{"@type":"ListItem","position":1,"name":"Accueil","item":"https:\/\/www.edition-tawhid.com\/staging-site\/"},{"@type":"ListItem","position":2,"name":"Tous nos livres","item":"https:\/\/www.edition-tawhid.com\/staging-site\/tous-nos-livres\/"},{"@type":"ListItem","position":3,"name":"L&#8217;\u00e9thique biom\u00e9dicale"}]},{"@type":"WebSite","@id":"https:\/\/www.edition-tawhid.com\/staging-site\/#website","url":"https:\/\/www.edition-tawhid.com\/staging-site\/","name":"\u00c9ditions Tawhid","description":"Le sp\u00e9cialiste du livre islamique francophone","publisher":{"@id":"https:\/\/www.edition-tawhid.com\/staging-site\/#organization"},"potentialAction":[{"@type":"SearchAction","target":{"@type":"EntryPoint","urlTemplate":"https:\/\/www.edition-tawhid.com\/staging-site\/?s={search_term_string}"},"query-input":{"@type":"PropertyValueSpecification","valueRequired":true,"valueName":"search_term_string"}}],"inLanguage":"fr-FR"},{"@type":"Organization","@id":"https:\/\/www.edition-tawhid.com\/staging-site\/#organization","name":"Editions Tawhid","url":"https:\/\/www.edition-tawhid.com\/staging-site\/","logo":{"@type":"ImageObject","inLanguage":"fr-FR","@id":"https:\/\/www.edition-tawhid.com\/staging-site\/#\/schema\/logo\/image\/","url":"https:\/\/www.edition-tawhid.com\/staging-site\/wp-content\/uploads\/2018\/12\/logo_noir_v1-01.png","contentUrl":"https:\/\/www.edition-tawhid.com\/staging-site\/wp-content\/uploads\/2018\/12\/logo_noir_v1-01.png","width":80,"height":112,"caption":"Editions Tawhid"},"image":{"@id":"https:\/\/www.edition-tawhid.com\/staging-site\/#\/schema\/logo\/image\/"},"sameAs":["https:\/\/www.facebook.com\/editiontawhid\/"]}]}},"_links":{"self":[{"href":"https:\/\/www.edition-tawhid.com\/staging-site\/wp-json\/wp\/v2\/product\/7234","targetHints":{"allow":["GET"]}}],"collection":[{"href":"https:\/\/www.edition-tawhid.com\/staging-site\/wp-json\/wp\/v2\/product"}],"about":[{"href":"https:\/\/www.edition-tawhid.com\/staging-site\/wp-json\/wp\/v2\/types\/product"}],"replies":[{"embeddable":true,"href":"https:\/\/www.edition-tawhid.com\/staging-site\/wp-json\/wp\/v2\/comments?post=7234"}],"wp:featuredmedia":[{"embeddable":true,"href":"https:\/\/www.edition-tawhid.com\/staging-site\/wp-json\/wp\/v2\/media\/12737"}],"wp:attachment":[{"href":"https:\/\/www.edition-tawhid.com\/staging-site\/wp-json\/wp\/v2\/media?parent=7234"}],"wp:term":[{"taxonomy":"product_brand","embeddable":true,"href":"https:\/\/www.edition-tawhid.com\/staging-site\/wp-json\/wp\/v2\/product_brand?post=7234"},{"taxonomy":"product_cat","embeddable":true,"href":"https:\/\/www.edition-tawhid.com\/staging-site\/wp-json\/wp\/v2\/product_cat?post=7234"},{"taxonomy":"product_tag","embeddable":true,"href":"https:\/\/www.edition-tawhid.com\/staging-site\/wp-json\/wp\/v2\/product_tag?post=7234"}],"curies":[{"name":"wp","href":"https:\/\/api.w.org\/{rel}","templated":true}]}}